{"id":4566,"date":"2025-04-15T09:14:46","date_gmt":"2025-04-15T09:14:46","guid":{"rendered":"https:\/\/xenonkungen.com\/product\/meguiars-hot-rims-black-wheel-cleaner\/"},"modified":"2026-03-26T11:07:25","modified_gmt":"2026-03-26T10:07:25","slug":"limpiador-de-ruedas-negro-hot-rims-de-meguiar","status":"publish","type":"product","link":"https:\/\/xenonkungen.com\/es\/producto\/limpiador-de-ruedas-negro-hot-rims-de-meguiar\/","title":{"rendered":"Limpiador de llantas Meguiar's Hot Rims Black"},"content":{"rendered":"<h1 class=\"product_title entry-title\"><span class=\"product_title--title\">Limpiallantas Hot Rims Negro<\/span><\/h1>\n<p><span class=\"product_title--title\"><span>Este gel espumoso de limpieza profunda se adhiere alrededor de las llantas para trabajar la suciedad realmente bien. <\/p>\n<p>El producto est\u00e1 especialmente dise\u00f1ado para llantas negras y es a la vez eficaz y delicado con el material. <br \/>Seguro de usar en todo tipo de llantas negras, tanto brillantes como mates.<\/span><\/span><\/p>\n<p><span class=\"product_title--title\"><span><strong>Contenido (ml):<\/strong> 709<\/span><\/span><\/p>","protected":false},"excerpt":{"rendered":"<p>Nuestro nuevo limpiador de llantas est\u00e1 especialmente formulado para llantas negras y es a la vez eficaz y suave con el material. Es seguro de usar en todo tipo de llantas negras, incluidas las brillantes, mates, satinadas y cromadas.<\/p>","protected":false},"featured_media":4567,"comment_status":"closed","ping_status":"open","template":"","meta":{"_acf_changed":false,"_smort_price_nok":"298","_smort_price_dkk":"189","_smort_price_eur":"25.36","_smort_sale_price_nok":"","_smort_sale_price_dkk":"","_smort_sale_price_eur":"","smort_restorder":"","shipmondo_restorder":"","_kad_blocks_custom_css":"","_kad_blocks_head_custom_js":"","_kad_blocks_body_custom_js":"","_kad_blocks_footer_custom_js":"","smort_custom_pricelist_1":"178.56","smort_custom_pricelist_2":"178.56","smort_custom_pricelist_3":"169.63","smort_custom_pricelist_4":"223.2","smort_custom_pricelist_5":"178.56"},"anvandningsomrade":[2817],"bilmarken":[],"product_brand":[1383],"product_cat":[2990,378],"product_tag":[],"class_list":{"0":"post-4566","1":"product","2":"type-product","3":"status-publish","4":"has-post-thumbnail","6":"anvandningsomrade-dack-falg","7":"product_brand-meguiars","8":"product_cat-dack-och-falg","9":"product_cat-bilvard","11":"first","12":"onbackorder","13":"taxable","14":"shipping-taxable","15":"purchasable","16":"product-type-simple"},"bundled_by":[],"bundle_stock_status":"onbackorder","bundle_stock_quantity":0,"bundle_virtual":false,"bundle_layout":"","bundle_add_to_cart_form_location":"","bundle_editable_in_cart":false,"bundle_sold_individually_context":"","bundle_item_grouping":"","bundle_min_size":"","bundle_max_size":"","bundle_price":[],"bundled_items":[],"bundle_sell_ids":[],"acf":[],"yoast_head":"<!-- This site is optimized with the Yoast SEO plugin v27.0 - https:\/\/yoast.com\/product\/yoast-seo-wordpress\/ -->\n<title>Meguiar&#039;s Hot Rims Black Wheel Cleaner - Xenonkungen<\/title>\n<meta name=\"robots\" content=\"index, follow, max-snippet:-1, max-image-preview:large, max-video-preview:-1\" \/>\n<link rel=\"canonical\" href=\"https:\/\/xenonkungen.com\/es\/producto\/limpiador-de-ruedas-negro-hot-rims-de-meguiar\/\" \/>\n<meta property=\"og:locale\" content=\"es_ES\" \/>\n<meta property=\"og:type\" content=\"article\" \/>\n<meta property=\"og:title\" content=\"Meguiar&#039;s Hot Rims Black Wheel Cleaner - Xenonkungen\" \/>\n<meta property=\"og:description\" content=\"V\u00e5r nya f\u00e4lgreng\u00f6ring \u00e4r speciellt framtagen f\u00f6r svarta f\u00e4lgar och \u00e4r b\u00e5de effektiv och skonsam mot materialet. S\u00e4ker att anv\u00e4nda p\u00e5 alla typer av svarta f\u00e4lgar, b\u00e5de blanka, matta, satin och svartkromade.\" \/>\n<meta property=\"og:url\" content=\"https:\/\/xenonkungen.com\/es\/producto\/limpiador-de-ruedas-negro-hot-rims-de-meguiar\/\" \/>\n<meta property=\"og:site_name\" content=\"Xenonkungen\" \/>\n<meta property=\"article:modified_time\" content=\"2026-03-26T10:07:25+00:00\" \/>\n<meta property=\"og:image\" content=\"https:\/\/xenonkungen.com\/wp-content\/uploads\/2025\/04\/215212723-origpic-f770f9.png\" \/>\n\t<meta property=\"og:image:width\" content=\"500\" \/>\n\t<meta property=\"og:image:height\" content=\"1270\" \/>\n\t<meta property=\"og:image:type\" content=\"image\/png\" \/>\n<meta name=\"twitter:card\" content=\"summary_large_image\" \/>\n<script type=\"application\/ld+json\" class=\"yoast-schema-graph\">{\"@context\":\"https:\/\/schema.org\",\"@graph\":[{\"@type\":\"WebPage\",\"@id\":\"https:\/\/xenonkungen.com\/produkt\/meguiars-hot-rims-black-wheel-cleaner\/\",\"url\":\"https:\/\/xenonkungen.com\/produkt\/meguiars-hot-rims-black-wheel-cleaner\/\",\"name\":\"Meguiar's Hot Rims Black Wheel Cleaner - Xenonkungen\",\"isPartOf\":{\"@id\":\"https:\/\/xenonkungen.com\/#website\"},\"primaryImageOfPage\":{\"@id\":\"https:\/\/xenonkungen.com\/produkt\/meguiars-hot-rims-black-wheel-cleaner\/#primaryimage\"},\"image\":{\"@id\":\"https:\/\/xenonkungen.com\/produkt\/meguiars-hot-rims-black-wheel-cleaner\/#primaryimage\"},\"thumbnailUrl\":\"https:\/\/xenonkungen.com\/wp-content\/uploads\/2025\/04\/215212723-origpic-f770f9.png\",\"datePublished\":\"2025-04-15T09:14:46+00:00\",\"dateModified\":\"2026-03-26T10:07:25+00:00\",\"breadcrumb\":{\"@id\":\"https:\/\/xenonkungen.com\/produkt\/meguiars-hot-rims-black-wheel-cleaner\/#breadcrumb\"},\"inLanguage\":\"es\",\"potentialAction\":[{\"@type\":\"ReadAction\",\"target\":[\"https:\/\/xenonkungen.com\/produkt\/meguiars-hot-rims-black-wheel-cleaner\/\"]}]},{\"@type\":\"ImageObject\",\"inLanguage\":\"es\",\"@id\":\"https:\/\/xenonkungen.com\/produkt\/meguiars-hot-rims-black-wheel-cleaner\/#primaryimage\",\"url\":\"https:\/\/xenonkungen.com\/wp-content\/uploads\/2025\/04\/215212723-origpic-f770f9.png\",\"contentUrl\":\"https:\/\/xenonkungen.com\/wp-content\/uploads\/2025\/04\/215212723-origpic-f770f9.png\",\"width\":500,\"height\":1270},{\"@type\":\"BreadcrumbList\",\"@id\":\"https:\/\/xenonkungen.com\/produkt\/meguiars-hot-rims-black-wheel-cleaner\/#breadcrumb\",\"itemListElement\":[{\"@type\":\"ListItem\",\"position\":1,\"name\":\"Hem\",\"item\":\"https:\/\/xenonkungen.com\/\"},{\"@type\":\"ListItem\",\"position\":2,\"name\":\"Shop\",\"item\":\"https:\/\/xenonkungen.com\/shop\/\"},{\"@type\":\"ListItem\",\"position\":3,\"name\":\"Meguiar&#8217;s Hot Rims Black Wheel Cleaner\"}]},{\"@type\":\"WebSite\",\"@id\":\"https:\/\/xenonkungen.com\/#website\",\"url\":\"https:\/\/xenonkungen.com\/\",\"name\":\"Xenonkungen\",\"description\":\"\",\"potentialAction\":[{\"@type\":\"SearchAction\",\"target\":{\"@type\":\"EntryPoint\",\"urlTemplate\":\"https:\/\/xenonkungen.com\/?s={search_term_string}\"},\"query-input\":{\"@type\":\"PropertyValueSpecification\",\"valueRequired\":true,\"valueName\":\"search_term_string\"}}],\"inLanguage\":\"es\"}]}<\/script>\n<!-- \/ Yoast SEO plugin. -->","yoast_head_json":{"title":"Limpiador de llantas Meguiar&#039;s Hot Rims Black - El Rey del Xen\u00f3n","robots":{"index":"index","follow":"follow","max-snippet":"max-snippet:-1","max-image-preview":"max-image-preview:large","max-video-preview":"max-video-preview:-1"},"canonical":"https:\/\/xenonkungen.com\/es\/producto\/limpiador-de-ruedas-negro-hot-rims-de-meguiar\/","og_locale":"es_ES","og_type":"article","og_title":"Meguiar's Hot Rims Black Wheel Cleaner - Xenonkungen","og_description":"V\u00e5r nya f\u00e4lgreng\u00f6ring \u00e4r speciellt framtagen f\u00f6r svarta f\u00e4lgar och \u00e4r b\u00e5de effektiv och skonsam mot materialet. S\u00e4ker att anv\u00e4nda p\u00e5 alla typer av svarta f\u00e4lgar, b\u00e5de blanka, matta, satin och svartkromade.","og_url":"https:\/\/xenonkungen.com\/es\/producto\/limpiador-de-ruedas-negro-hot-rims-de-meguiar\/","og_site_name":"Xenonkungen","article_modified_time":"2026-03-26T10:07:25+00:00","og_image":[{"width":500,"height":1270,"url":"https:\/\/xenonkungen.com\/wp-content\/uploads\/2025\/04\/215212723-origpic-f770f9.png","type":"image\/png"}],"twitter_card":"summary_large_image","schema":{"@context":"https:\/\/schema.org","@graph":[{"@type":"WebPage","@id":"https:\/\/xenonkungen.com\/produkt\/meguiars-hot-rims-black-wheel-cleaner\/","url":"https:\/\/xenonkungen.com\/produkt\/meguiars-hot-rims-black-wheel-cleaner\/","name":"Limpiador de llantas Meguiar&#039;s Hot Rims Black - El Rey del Xen\u00f3n","isPartOf":{"@id":"https:\/\/xenonkungen.com\/#website"},"primaryImageOfPage":{"@id":"https:\/\/xenonkungen.com\/produkt\/meguiars-hot-rims-black-wheel-cleaner\/#primaryimage"},"image":{"@id":"https:\/\/xenonkungen.com\/produkt\/meguiars-hot-rims-black-wheel-cleaner\/#primaryimage"},"thumbnailUrl":"https:\/\/xenonkungen.com\/wp-content\/uploads\/2025\/04\/215212723-origpic-f770f9.png","datePublished":"2025-04-15T09:14:46+00:00","dateModified":"2026-03-26T10:07:25+00:00","breadcrumb":{"@id":"https:\/\/xenonkungen.com\/produkt\/meguiars-hot-rims-black-wheel-cleaner\/#breadcrumb"},"inLanguage":"es","potentialAction":[{"@type":"ReadAction","target":["https:\/\/xenonkungen.com\/produkt\/meguiars-hot-rims-black-wheel-cleaner\/"]}]},{"@type":"ImageObject","inLanguage":"es","@id":"https:\/\/xenonkungen.com\/produkt\/meguiars-hot-rims-black-wheel-cleaner\/#primaryimage","url":"https:\/\/xenonkungen.com\/wp-content\/uploads\/2025\/04\/215212723-origpic-f770f9.png","contentUrl":"https:\/\/xenonkungen.com\/wp-content\/uploads\/2025\/04\/215212723-origpic-f770f9.png","width":500,"height":1270},{"@type":"BreadcrumbList","@id":"https:\/\/xenonkungen.com\/produkt\/meguiars-hot-rims-black-wheel-cleaner\/#breadcrumb","itemListElement":[{"@type":"ListItem","position":1,"name":"Hem","item":"https:\/\/xenonkungen.com\/"},{"@type":"ListItem","position":2,"name":"Shop","item":"https:\/\/xenonkungen.com\/shop\/"},{"@type":"ListItem","position":3,"name":"Meguiar&#8217;s Hot Rims Black Wheel Cleaner"}]},{"@type":"WebSite","@id":"https:\/\/xenonkungen.com\/#website","url":"https:\/\/xenonkungen.com\/","name":"Xenonkungen","description":"","potentialAction":[{"@type":"SearchAction","target":{"@type":"EntryPoint","urlTemplate":"https:\/\/xenonkungen.com\/?s={search_term_string}"},"query-input":{"@type":"PropertyValueSpecification","valueRequired":true,"valueName":"search_term_string"}}],"inLanguage":"es"}]}},"taxonomy_info":{"anvandningsomrade":[{"value":2817,"label":"D\u00c4CK &amp; F\u00c4LG"}],"product_brand":[{"value":1383,"label":"Meguiar's"}],"product_cat":[{"value":2990,"label":"D\u00e4ck &amp; F\u00e4lg"},{"value":378,"label":"Bilv\u00e5rd"}]},"featured_image_src_large":["https:\/\/xenonkungen.com\/wp-content\/uploads\/2025\/04\/215212723-origpic-f770f9-403x1024.png",403,1024,true],"author_info":[],"comment_info":0,"_links":{"self":[{"href":"https:\/\/xenonkungen.com\/es\/wp-json\/wp\/v2\/product\/4566","targetHints":{"allow":["GET"]}}],"collection":[{"href":"https:\/\/xenonkungen.com\/es\/wp-json\/wp\/v2\/product"}],"about":[{"href":"https:\/\/xenonkungen.com\/es\/wp-json\/wp\/v2\/types\/product"}],"replies":[{"embeddable":true,"href":"https:\/\/xenonkungen.com\/es\/wp-json\/wp\/v2\/comments?post=4566"}],"wp:featuredmedia":[{"embeddable":true,"href":"https:\/\/xenonkungen.com\/es\/wp-json\/wp\/v2\/media\/4567"}],"wp:attachment":[{"href":"https:\/\/xenonkungen.com\/es\/wp-json\/wp\/v2\/media?parent=4566"}],"wp:term":[{"taxonomy":"anvandningsomrade","embeddable":true,"href":"https:\/\/xenonkungen.com\/es\/wp-json\/wp\/v2\/anvandningsomrade?post=4566"},{"taxonomy":"bilmarken","embeddable":true,"href":"https:\/\/xenonkungen.com\/es\/wp-json\/wp\/v2\/bilmarken?post=4566"},{"taxonomy":"product_brand","embeddable":true,"href":"https:\/\/xenonkungen.com\/es\/wp-json\/wp\/v2\/product_brand?post=4566"},{"taxonomy":"product_cat","embeddable":true,"href":"https:\/\/xenonkungen.com\/es\/wp-json\/wp\/v2\/product_cat?post=4566"},{"taxonomy":"product_tag","embeddable":true,"href":"https:\/\/xenonkungen.com\/es\/wp-json\/wp\/v2\/product_tag?post=4566"}],"curies":[{"name":"wp","href":"https:\/\/api.w.org\/{rel}","templated":true}]}}