{"id":4579,"date":"2025-04-15T09:14:54","date_gmt":"2025-04-15T09:14:54","guid":{"rendered":"https:\/\/xenonkungen.com\/product\/meguiars-endurance-tire-gel\/"},"modified":"2026-05-13T16:12:19","modified_gmt":"2026-05-13T15:12:19","slug":"gel-para-neumaticos-meguiars-endurance","status":"publish","type":"product","link":"https:\/\/xenonkungen.com\/es\/producto\/gel-para-neumaticos-meguiars-endurance\/","title":{"rendered":"Gel para neum\u00e1ticos Meguiar's Endurance"},"content":{"rendered":"<h1>Gel para neum\u00e1ticos de resistencia<\/h1>\n<p><span>\u00a1Uno de nuestros productos favoritos a\u00f1o tras a\u00f1o entre nuestros clientes m\u00e1s fieles! Nuestra exclusiva f\u00f3rmula en gel proporciona una protecci\u00f3n duradera y un acabado negro brillante e impecable. Para evitar manchas y derrames, recomendamos nuestro\u00a0<\/span><a href=\"https:\/\/www.xenonkungen.com\/se\/produkter\/bilvard\/dack-falg\/tyre-dressing-applicator-pad.html\">Almohadilla aplicadora de abrillantador de neum\u00e1ticos<\/a><span>\u00a0para un resultado perfecto.<\/span><\/p>\n<p><strong>Contenido (ml):<\/strong> 473<\/p>\n<h2><strong>\u00a1Atenci\u00f3n!<\/strong><\/h2>\n<p><strong>C\u00f3digo de colores:<\/strong><\/p>\n<ul>\n<li>Puede producir somnolencia o mareos<\/li>\n<\/ul>\n<p><strong>Denominaciones de protecci\u00f3n:<\/strong><\/p>\n<ul>\n<li>Tenga a mano el envase o la etiqueta por si necesita atenci\u00f3n m\u00e9dica<\/li>\n<li>Mantener fuera del alcance de los ni\u00f1os<\/li>\n<li>Evite inhalar los vapores.<\/li>\n<li>Utilizar s\u00f3lo al aire libre o en zonas bien ventiladas<\/li>\n<li>En caso de malestar, p\u00f3ngase en contacto con el CENTRO DE INFORMACI\u00d3N TOXICOL\u00d3GICA<\/li>\n<li>Guardado bajo llave<\/li>\n<li>Deseche el contenido y el recipiente de acuerdo con las normativas locales.<\/li>\n<\/ul>","protected":false},"excerpt":{"rendered":"<p>Uno de nuestros abrillantadores de neum\u00e1ticos m\u00e1s populares, resistente a la lluvia y al lavado. \u00a1Deja tus neum\u00e1ticos con un aspecto impecable, como nuevos!<\/p>","protected":false},"featured_media":4580,"comment_status":"closed","ping_status":"closed","template":"","meta":{"_acf_changed":false,"_smort_price_nok":"213","_smort_price_dkk":"169","_smort_price_eur":"22.64","_smort_sale_price_nok":"213","_smort_sale_price_dkk":"","_smort_sale_price_eur":"18.11","smort_restorder":"","shipmondo_restorder":"","_kad_blocks_custom_css":"","_kad_blocks_head_custom_js":"","_kad_blocks_body_custom_js":"","_kad_blocks_footer_custom_js":"","smort_custom_pricelist_1":"159.36","smort_custom_pricelist_2":"159.36","smort_custom_pricelist_3":"151.39","smort_custom_pricelist_4":"199.2","smort_custom_pricelist_5":"159.36"},"anvandningsomrade":[2817],"bilmarken":[],"product_brand":[1383],"product_cat":[2990,378],"product_tag":[],"class_list":{"0":"post-4579","1":"product","2":"type-product","3":"status-publish","4":"has-post-thumbnail","6":"anvandningsomrade-dack-falg","7":"product_brand-meguiars","8":"product_cat-dack-och-falg","9":"product_cat-bilvard","11":"first","12":"instock","13":"taxable","14":"shipping-taxable","15":"purchasable","16":"product-type-simple"},"bundled_by":[],"bundle_stock_status":"instock","bundle_stock_quantity":1,"bundle_virtual":false,"bundle_layout":"","bundle_add_to_cart_form_location":"","bundle_editable_in_cart":false,"bundle_sold_individually_context":"","bundle_item_grouping":"","bundle_min_size":"","bundle_max_size":"","bundle_price":[],"bundled_items":[],"bundle_sell_ids":[],"acf":[],"yoast_head":"<!-- This site is optimized with the Yoast SEO plugin v27.0 - https:\/\/yoast.com\/product\/yoast-seo-wordpress\/ -->\n<title>Meguiar&#039;s Endurance Tire Gel - Xenonkungen<\/title>\n<meta name=\"robots\" content=\"index, follow, max-snippet:-1, max-image-preview:large, max-video-preview:-1\" \/>\n<link rel=\"canonical\" href=\"https:\/\/xenonkungen.com\/es\/producto\/gel-para-neumaticos-meguiars-endurance\/\" \/>\n<meta property=\"og:locale\" content=\"es_ES\" \/>\n<meta property=\"og:type\" content=\"article\" \/>\n<meta property=\"og:title\" content=\"Meguiar&#039;s Endurance Tire Gel - Xenonkungen\" \/>\n<meta property=\"og:description\" content=\"En av v\u00e5ra mest omtycka d\u00e4ckglanser som h\u00e5ller b\u00e5de f\u00f6r regn och tv\u00e4tt. Ger dina d\u00e4ck en h\u00e4rlig nybilsk\u00e4nsla!\" \/>\n<meta property=\"og:url\" content=\"https:\/\/xenonkungen.com\/es\/producto\/gel-para-neumaticos-meguiars-endurance\/\" \/>\n<meta property=\"og:site_name\" content=\"Xenonkungen\" \/>\n<meta property=\"article:modified_time\" content=\"2026-05-13T15:12:19+00:00\" \/>\n<meta property=\"og:image\" content=\"https:\/\/xenonkungen.com\/wp-content\/uploads\/2025\/04\/190088057-origpic-1d7202.png\" \/>\n\t<meta property=\"og:image:width\" content=\"268\" \/>\n\t<meta property=\"og:image:height\" content=\"600\" \/>\n\t<meta property=\"og:image:type\" content=\"image\/png\" \/>\n<meta name=\"twitter:card\" content=\"summary_large_image\" \/>\n<meta name=\"twitter:label1\" content=\"Tiempo de lectura\" \/>\n\t<meta name=\"twitter:data1\" content=\"1 minuto\" \/>\n<script type=\"application\/ld+json\" class=\"yoast-schema-graph\">{\"@context\":\"https:\/\/schema.org\",\"@graph\":[{\"@type\":\"WebPage\",\"@id\":\"https:\/\/xenonkungen.com\/produkt\/meguiars-endurance-tire-gel\/\",\"url\":\"https:\/\/xenonkungen.com\/produkt\/meguiars-endurance-tire-gel\/\",\"name\":\"Meguiar's Endurance Tire Gel - Xenonkungen\",\"isPartOf\":{\"@id\":\"https:\/\/xenonkungen.com\/#website\"},\"primaryImageOfPage\":{\"@id\":\"https:\/\/xenonkungen.com\/produkt\/meguiars-endurance-tire-gel\/#primaryimage\"},\"image\":{\"@id\":\"https:\/\/xenonkungen.com\/produkt\/meguiars-endurance-tire-gel\/#primaryimage\"},\"thumbnailUrl\":\"https:\/\/xenonkungen.com\/wp-content\/uploads\/2025\/04\/190088057-origpic-1d7202.png\",\"datePublished\":\"2025-04-15T09:14:54+00:00\",\"dateModified\":\"2026-05-13T15:12:19+00:00\",\"breadcrumb\":{\"@id\":\"https:\/\/xenonkungen.com\/produkt\/meguiars-endurance-tire-gel\/#breadcrumb\"},\"inLanguage\":\"es\",\"potentialAction\":[{\"@type\":\"ReadAction\",\"target\":[\"https:\/\/xenonkungen.com\/produkt\/meguiars-endurance-tire-gel\/\"]}]},{\"@type\":\"ImageObject\",\"inLanguage\":\"es\",\"@id\":\"https:\/\/xenonkungen.com\/produkt\/meguiars-endurance-tire-gel\/#primaryimage\",\"url\":\"https:\/\/xenonkungen.com\/wp-content\/uploads\/2025\/04\/190088057-origpic-1d7202.png\",\"contentUrl\":\"https:\/\/xenonkungen.com\/wp-content\/uploads\/2025\/04\/190088057-origpic-1d7202.png\",\"width\":268,\"height\":600},{\"@type\":\"BreadcrumbList\",\"@id\":\"https:\/\/xenonkungen.com\/produkt\/meguiars-endurance-tire-gel\/#breadcrumb\",\"itemListElement\":[{\"@type\":\"ListItem\",\"position\":1,\"name\":\"Hem\",\"item\":\"https:\/\/xenonkungen.com\/\"},{\"@type\":\"ListItem\",\"position\":2,\"name\":\"Shop\",\"item\":\"https:\/\/xenonkungen.com\/shop\/\"},{\"@type\":\"ListItem\",\"position\":3,\"name\":\"Meguiar&#8217;s Endurance Tire Gel\"}]},{\"@type\":\"WebSite\",\"@id\":\"https:\/\/xenonkungen.com\/#website\",\"url\":\"https:\/\/xenonkungen.com\/\",\"name\":\"Xenonkungen\",\"description\":\"\",\"potentialAction\":[{\"@type\":\"SearchAction\",\"target\":{\"@type\":\"EntryPoint\",\"urlTemplate\":\"https:\/\/xenonkungen.com\/?s={search_term_string}\"},\"query-input\":{\"@type\":\"PropertyValueSpecification\",\"valueRequired\":true,\"valueName\":\"search_term_string\"}}],\"inLanguage\":\"es\"}]}<\/script>\n<!-- \/ Yoast SEO plugin. -->","yoast_head_json":{"title":"Gel para neum\u00e1ticos Meguiar&#039;s Endurance: el rey del xen\u00f3n","robots":{"index":"index","follow":"follow","max-snippet":"max-snippet:-1","max-image-preview":"max-image-preview:large","max-video-preview":"max-video-preview:-1"},"canonical":"https:\/\/xenonkungen.com\/es\/producto\/gel-para-neumaticos-meguiars-endurance\/","og_locale":"es_ES","og_type":"article","og_title":"Meguiar's Endurance Tire Gel - Xenonkungen","og_description":"En av v\u00e5ra mest omtycka d\u00e4ckglanser som h\u00e5ller b\u00e5de f\u00f6r regn och tv\u00e4tt. Ger dina d\u00e4ck en h\u00e4rlig nybilsk\u00e4nsla!","og_url":"https:\/\/xenonkungen.com\/es\/producto\/gel-para-neumaticos-meguiars-endurance\/","og_site_name":"Xenonkungen","article_modified_time":"2026-05-13T15:12:19+00:00","og_image":[{"width":268,"height":600,"url":"https:\/\/xenonkungen.com\/wp-content\/uploads\/2025\/04\/190088057-origpic-1d7202.png","type":"image\/png"}],"twitter_card":"summary_large_image","twitter_misc":{"Tiempo de lectura":"1 minuto"},"schema":{"@context":"https:\/\/schema.org","@graph":[{"@type":"WebPage","@id":"https:\/\/xenonkungen.com\/produkt\/meguiars-endurance-tire-gel\/","url":"https:\/\/xenonkungen.com\/produkt\/meguiars-endurance-tire-gel\/","name":"Gel para neum\u00e1ticos Meguiar&#039;s Endurance: el rey del xen\u00f3n","isPartOf":{"@id":"https:\/\/xenonkungen.com\/#website"},"primaryImageOfPage":{"@id":"https:\/\/xenonkungen.com\/produkt\/meguiars-endurance-tire-gel\/#primaryimage"},"image":{"@id":"https:\/\/xenonkungen.com\/produkt\/meguiars-endurance-tire-gel\/#primaryimage"},"thumbnailUrl":"https:\/\/xenonkungen.com\/wp-content\/uploads\/2025\/04\/190088057-origpic-1d7202.png","datePublished":"2025-04-15T09:14:54+00:00","dateModified":"2026-05-13T15:12:19+00:00","breadcrumb":{"@id":"https:\/\/xenonkungen.com\/produkt\/meguiars-endurance-tire-gel\/#breadcrumb"},"inLanguage":"es","potentialAction":[{"@type":"ReadAction","target":["https:\/\/xenonkungen.com\/produkt\/meguiars-endurance-tire-gel\/"]}]},{"@type":"ImageObject","inLanguage":"es","@id":"https:\/\/xenonkungen.com\/produkt\/meguiars-endurance-tire-gel\/#primaryimage","url":"https:\/\/xenonkungen.com\/wp-content\/uploads\/2025\/04\/190088057-origpic-1d7202.png","contentUrl":"https:\/\/xenonkungen.com\/wp-content\/uploads\/2025\/04\/190088057-origpic-1d7202.png","width":268,"height":600},{"@type":"BreadcrumbList","@id":"https:\/\/xenonkungen.com\/produkt\/meguiars-endurance-tire-gel\/#breadcrumb","itemListElement":[{"@type":"ListItem","position":1,"name":"Hem","item":"https:\/\/xenonkungen.com\/"},{"@type":"ListItem","position":2,"name":"Shop","item":"https:\/\/xenonkungen.com\/shop\/"},{"@type":"ListItem","position":3,"name":"Meguiar&#8217;s Endurance Tire Gel"}]},{"@type":"WebSite","@id":"https:\/\/xenonkungen.com\/#website","url":"https:\/\/xenonkungen.com\/","name":"Xenonkungen","description":"","potentialAction":[{"@type":"SearchAction","target":{"@type":"EntryPoint","urlTemplate":"https:\/\/xenonkungen.com\/?s={search_term_string}"},"query-input":{"@type":"PropertyValueSpecification","valueRequired":true,"valueName":"search_term_string"}}],"inLanguage":"es"}]}},"taxonomy_info":{"anvandningsomrade":[{"value":2817,"label":"D\u00c4CK &amp; F\u00c4LG"}],"product_brand":[{"value":1383,"label":"Meguiar's"}],"product_cat":[{"value":2990,"label":"D\u00e4ck &amp; F\u00e4lg"},{"value":378,"label":"Bilv\u00e5rd"}]},"featured_image_src_large":["https:\/\/xenonkungen.com\/wp-content\/uploads\/2025\/04\/190088057-origpic-1d7202.png",268,600,false],"author_info":[],"comment_info":2,"_links":{"self":[{"href":"https:\/\/xenonkungen.com\/es\/wp-json\/wp\/v2\/product\/4579","targetHints":{"allow":["GET"]}}],"collection":[{"href":"https:\/\/xenonkungen.com\/es\/wp-json\/wp\/v2\/product"}],"about":[{"href":"https:\/\/xenonkungen.com\/es\/wp-json\/wp\/v2\/types\/product"}],"replies":[{"embeddable":true,"href":"https:\/\/xenonkungen.com\/es\/wp-json\/wp\/v2\/comments?post=4579"}],"wp:featuredmedia":[{"embeddable":true,"href":"https:\/\/xenonkungen.com\/es\/wp-json\/wp\/v2\/media\/4580"}],"wp:attachment":[{"href":"https:\/\/xenonkungen.com\/es\/wp-json\/wp\/v2\/media?parent=4579"}],"wp:term":[{"taxonomy":"anvandningsomrade","embeddable":true,"href":"https:\/\/xenonkungen.com\/es\/wp-json\/wp\/v2\/anvandningsomrade?post=4579"},{"taxonomy":"bilmarken","embeddable":true,"href":"https:\/\/xenonkungen.com\/es\/wp-json\/wp\/v2\/bilmarken?post=4579"},{"taxonomy":"product_brand","embeddable":true,"href":"https:\/\/xenonkungen.com\/es\/wp-json\/wp\/v2\/product_brand?post=4579"},{"taxonomy":"product_cat","embeddable":true,"href":"https:\/\/xenonkungen.com\/es\/wp-json\/wp\/v2\/product_cat?post=4579"},{"taxonomy":"product_tag","embeddable":true,"href":"https:\/\/xenonkungen.com\/es\/wp-json\/wp\/v2\/product_tag?post=4579"}],"curies":[{"name":"wp","href":"https:\/\/api.w.org\/{rel}","templated":true}]}}