{"id":4583,"date":"2025-04-15T09:14:54","date_gmt":"2025-04-15T09:14:54","guid":{"rendered":"https:\/\/xenonkungen.com\/product\/meguiars-perfect-clarity-glass-polishing-compound\/"},"modified":"2025-12-10T14:45:36","modified_gmt":"2025-12-10T13:45:36","slug":"compuesto-para-pulir-vidrios-perfect-clarity-de-meguiar","status":"publish","type":"product","link":"https:\/\/xenonkungen.com\/es\/producto\/compuesto-para-pulir-vidrios-perfect-clarity-de-meguiar\/","title":{"rendered":"Meguiar's Pulimento para Cristales Perfect Clarity"},"content":{"rendered":"<h1>Compuesto para pulir vidrio Perfect Clarity<\/h1>\n<p>El revolucionario compuesto pulidor de cristales Perfect Clarity de Meguiar's elimina, por ejemplo, las manchas de agua, los dep\u00f3sitos de cal y las moscas quemadas de los cristales de los coches. <br \/>Deja una superficie \u00f3ptima para el sellado del vidrio. Funciona tanto a mano como a m\u00e1quina.<\/p>\n<p><strong>\u00dasalo:<\/strong> Agitar bien antes de aplicar sobre una superficie fresca a la sombra.<\/p>\n<ol>\n<li>Aplique el producto a una esponja de aplicaci\u00f3n de espuma o a un pa\u00f1o de microfibra con una presi\u00f3n de ligera a media y pula siguiendo un patr\u00f3n de superposici\u00f3n. Pulir una superficie cada vez.<\/li>\n<li>Elimine el exceso de producto y los residuos con un pa\u00f1o de microfibra limpio. El producto no necesita secarse ni endurecerse.<\/li>\n<li>Una vez que todo el cristal est\u00e9 pulido y listo, limpie la superficie con Meguiar's Glass Cleaner y un pa\u00f1o de microfibra limpio.<\/li>\n<\/ol>\n<p>Puede utilizarse con una pulidora.<\/p>\n<p><strong>Contenido (ml):<\/strong> 236<\/p>\n<h2><strong>\u00a1Atenci\u00f3n!<\/strong><\/h2>\n<p><strong>C\u00f3digo de colores:<\/strong><\/p>\n<ul>\n<li>Irrita la piel<\/li>\n<li>Puede producir somnolencia o mareos<\/li>\n<li>Puede provocar da\u00f1os en los \u00f3rganos (sistema nervioso central) tras exposiciones prolongadas o repetidas.<\/li>\n<li>Efectos adversos a largo plazo sobre los organismos acu\u00e1ticos<\/li>\n<\/ul>\n<p><strong>Denominaciones de protecci\u00f3n:<\/strong><\/p>\n<ul>\n<li>Tenga a mano el envase o la etiqueta por si necesita atenci\u00f3n m\u00e9dica<\/li>\n<li>Mantener fuera del alcance de los ni\u00f1os<\/li>\n<li>No inhalar vapores ni polvo<\/li>\n<li>Utilizar s\u00f3lo al aire libre o en zonas bien ventiladas<\/li>\n<li>En caso de malestar, p\u00f3ngase en contacto con el CENTRO DE INFORMACI\u00d3N TOXICOL\u00d3GICA<\/li>\n<li>Guardado bajo llave<\/li>\n<li>El contenido\/recipiente se elimina de acuerdo con la normativa nacional<\/li>\n<\/ul>","protected":false},"excerpt":{"rendered":"<p>El revolucionario pulidor de cristales de Meguiar's<br \/>\nElimina la suciedad adherida que los limpiacristales normales no pueden eliminar.<br \/>\n*Elimina la suciedad acumulada en la superficie y restaura la resbaladicidad del cristal.<br \/>\n*Elimina manchas de agua, dep\u00f3sitos de limpiaparabrisas, etc. para restaurar la claridad del cristal.<br \/>\n*Deja una superficie \u00f3ptima para sellar el cristal.<\/p>","protected":false},"featured_media":4584,"comment_status":"closed","ping_status":"open","template":"","meta":{"_acf_changed":false,"_smort_price_nok":"245","_smort_price_dkk":"155","_smort_price_eur":"20.82","_smort_sale_price_nok":"","_smort_sale_price_dkk":"","_smort_sale_price_eur":"","smort_restorder":"","shipmondo_restorder":"","_kad_blocks_custom_css":"","_kad_blocks_head_custom_js":"","_kad_blocks_body_custom_js":"","_kad_blocks_footer_custom_js":"","smort_custom_pricelist_1":"146.56","smort_custom_pricelist_2":"146.56","smort_custom_pricelist_3":"139.23","smort_custom_pricelist_4":"183.2","smort_custom_pricelist_5":"146.56"},"anvandningsomrade":[],"bilmarken":[],"product_brand":[1383],"product_cat":[2618,378],"product_tag":[],"class_list":{"0":"post-4583","1":"product","2":"type-product","3":"status-publish","4":"has-post-thumbnail","6":"product_brand-meguiars","7":"product_cat-interior","8":"product_cat-bilvard","10":"first","11":"instock","12":"taxable","13":"shipping-taxable","14":"purchasable","15":"product-type-simple"},"bundled_by":[],"bundle_stock_status":"instock","bundle_stock_quantity":1,"bundle_virtual":false,"bundle_layout":"","bundle_add_to_cart_form_location":"","bundle_editable_in_cart":false,"bundle_sold_individually_context":"","bundle_item_grouping":"","bundle_min_size":"","bundle_max_size":"","bundle_price":[],"bundled_items":[],"bundle_sell_ids":[],"acf":[],"yoast_head":"<!-- This site is optimized with the Yoast SEO plugin v27.0 - https:\/\/yoast.com\/product\/yoast-seo-wordpress\/ -->\n<title>Meguiar&#039;s Perfect Clarity Glass Polishing Compound - Xenonkungen<\/title>\n<meta name=\"robots\" content=\"index, follow, max-snippet:-1, max-image-preview:large, max-video-preview:-1\" \/>\n<link rel=\"canonical\" href=\"https:\/\/xenonkungen.com\/es\/producto\/compuesto-para-pulir-vidrios-perfect-clarity-de-meguiar\/\" \/>\n<meta property=\"og:locale\" content=\"es_ES\" \/>\n<meta property=\"og:type\" content=\"article\" \/>\n<meta property=\"og:title\" content=\"Meguiar&#039;s Perfect Clarity Glass Polishing Compound - Xenonkungen\" \/>\n<meta property=\"og:description\" content=\"Meguiar\u2019s revolutionerande Glaspolish Tar bort bunden smuts som vanliga f\u00f6nsterreng\u00f6ringar inte klarar av. *Tar bort ackumulerad smuts fr\u00e5n ytan och \u00e5terst\u00e4ller halheten p\u00e5 glaset. *Eliminerar vattenfl\u00e4ckar, avlagringar ifr\u00e5n torkare mm f\u00f6r att \u00e5terst\u00e4lla klarhet i glaset. *L\u00e4mnar en optimal yta f\u00f6r att f\u00f6rsegla glaset p\u00e5.\" \/>\n<meta property=\"og:url\" content=\"https:\/\/xenonkungen.com\/es\/producto\/compuesto-para-pulir-vidrios-perfect-clarity-de-meguiar\/\" \/>\n<meta property=\"og:site_name\" content=\"Xenonkungen\" \/>\n<meta property=\"article:modified_time\" content=\"2025-12-10T13:45:36+00:00\" \/>\n<meta property=\"og:image\" content=\"https:\/\/xenonkungen.com\/wp-content\/uploads\/2025\/04\/190088081-origpic-7a84f7.png\" \/>\n\t<meta property=\"og:image:width\" content=\"164\" \/>\n\t<meta property=\"og:image:height\" content=\"505\" \/>\n\t<meta property=\"og:image:type\" content=\"image\/png\" \/>\n<meta name=\"twitter:card\" content=\"summary_large_image\" \/>\n<meta name=\"twitter:label1\" content=\"Tiempo de lectura\" \/>\n\t<meta name=\"twitter:data1\" content=\"1 minuto\" \/>\n<script type=\"application\/ld+json\" class=\"yoast-schema-graph\">{\"@context\":\"https:\/\/schema.org\",\"@graph\":[{\"@type\":\"WebPage\",\"@id\":\"https:\/\/xenonkungen.com\/produkt\/meguiars-perfect-clarity-glass-polishing-compound\/\",\"url\":\"https:\/\/xenonkungen.com\/produkt\/meguiars-perfect-clarity-glass-polishing-compound\/\",\"name\":\"Meguiar's Perfect Clarity Glass Polishing Compound - Xenonkungen\",\"isPartOf\":{\"@id\":\"https:\/\/xenonkungen.com\/#website\"},\"primaryImageOfPage\":{\"@id\":\"https:\/\/xenonkungen.com\/produkt\/meguiars-perfect-clarity-glass-polishing-compound\/#primaryimage\"},\"image\":{\"@id\":\"https:\/\/xenonkungen.com\/produkt\/meguiars-perfect-clarity-glass-polishing-compound\/#primaryimage\"},\"thumbnailUrl\":\"https:\/\/xenonkungen.com\/wp-content\/uploads\/2025\/04\/190088081-origpic-7a84f7.png\",\"datePublished\":\"2025-04-15T09:14:54+00:00\",\"dateModified\":\"2025-12-10T13:45:36+00:00\",\"breadcrumb\":{\"@id\":\"https:\/\/xenonkungen.com\/produkt\/meguiars-perfect-clarity-glass-polishing-compound\/#breadcrumb\"},\"inLanguage\":\"es\",\"potentialAction\":[{\"@type\":\"ReadAction\",\"target\":[\"https:\/\/xenonkungen.com\/produkt\/meguiars-perfect-clarity-glass-polishing-compound\/\"]}]},{\"@type\":\"ImageObject\",\"inLanguage\":\"es\",\"@id\":\"https:\/\/xenonkungen.com\/produkt\/meguiars-perfect-clarity-glass-polishing-compound\/#primaryimage\",\"url\":\"https:\/\/xenonkungen.com\/wp-content\/uploads\/2025\/04\/190088081-origpic-7a84f7.png\",\"contentUrl\":\"https:\/\/xenonkungen.com\/wp-content\/uploads\/2025\/04\/190088081-origpic-7a84f7.png\",\"width\":164,\"height\":505},{\"@type\":\"BreadcrumbList\",\"@id\":\"https:\/\/xenonkungen.com\/produkt\/meguiars-perfect-clarity-glass-polishing-compound\/#breadcrumb\",\"itemListElement\":[{\"@type\":\"ListItem\",\"position\":1,\"name\":\"Hem\",\"item\":\"https:\/\/xenonkungen.com\/\"},{\"@type\":\"ListItem\",\"position\":2,\"name\":\"Shop\",\"item\":\"https:\/\/xenonkungen.com\/shop\/\"},{\"@type\":\"ListItem\",\"position\":3,\"name\":\"Meguiar&#8217;s Perfect Clarity Glass Polishing Compound\"}]},{\"@type\":\"WebSite\",\"@id\":\"https:\/\/xenonkungen.com\/#website\",\"url\":\"https:\/\/xenonkungen.com\/\",\"name\":\"Xenonkungen\",\"description\":\"\",\"potentialAction\":[{\"@type\":\"SearchAction\",\"target\":{\"@type\":\"EntryPoint\",\"urlTemplate\":\"https:\/\/xenonkungen.com\/?s={search_term_string}\"},\"query-input\":{\"@type\":\"PropertyValueSpecification\",\"valueRequired\":true,\"valueName\":\"search_term_string\"}}],\"inLanguage\":\"es\"}]}<\/script>\n<!-- \/ Yoast SEO plugin. -->","yoast_head_json":{"title":"Compuesto para pulir vidrios Perfect Clarity de Meguiar&#039;s - El rey del xen\u00f3n","robots":{"index":"index","follow":"follow","max-snippet":"max-snippet:-1","max-image-preview":"max-image-preview:large","max-video-preview":"max-video-preview:-1"},"canonical":"https:\/\/xenonkungen.com\/es\/producto\/compuesto-para-pulir-vidrios-perfect-clarity-de-meguiar\/","og_locale":"es_ES","og_type":"article","og_title":"Meguiar's Perfect Clarity Glass Polishing Compound - Xenonkungen","og_description":"Meguiar\u2019s revolutionerande Glaspolish Tar bort bunden smuts som vanliga f\u00f6nsterreng\u00f6ringar inte klarar av. *Tar bort ackumulerad smuts fr\u00e5n ytan och \u00e5terst\u00e4ller halheten p\u00e5 glaset. *Eliminerar vattenfl\u00e4ckar, avlagringar ifr\u00e5n torkare mm f\u00f6r att \u00e5terst\u00e4lla klarhet i glaset. *L\u00e4mnar en optimal yta f\u00f6r att f\u00f6rsegla glaset p\u00e5.","og_url":"https:\/\/xenonkungen.com\/es\/producto\/compuesto-para-pulir-vidrios-perfect-clarity-de-meguiar\/","og_site_name":"Xenonkungen","article_modified_time":"2025-12-10T13:45:36+00:00","og_image":[{"width":164,"height":505,"url":"https:\/\/xenonkungen.com\/wp-content\/uploads\/2025\/04\/190088081-origpic-7a84f7.png","type":"image\/png"}],"twitter_card":"summary_large_image","twitter_misc":{"Tiempo de lectura":"1 minuto"},"schema":{"@context":"https:\/\/schema.org","@graph":[{"@type":"WebPage","@id":"https:\/\/xenonkungen.com\/produkt\/meguiars-perfect-clarity-glass-polishing-compound\/","url":"https:\/\/xenonkungen.com\/produkt\/meguiars-perfect-clarity-glass-polishing-compound\/","name":"Compuesto para pulir vidrios Perfect Clarity de Meguiar&#039;s - El rey del xen\u00f3n","isPartOf":{"@id":"https:\/\/xenonkungen.com\/#website"},"primaryImageOfPage":{"@id":"https:\/\/xenonkungen.com\/produkt\/meguiars-perfect-clarity-glass-polishing-compound\/#primaryimage"},"image":{"@id":"https:\/\/xenonkungen.com\/produkt\/meguiars-perfect-clarity-glass-polishing-compound\/#primaryimage"},"thumbnailUrl":"https:\/\/xenonkungen.com\/wp-content\/uploads\/2025\/04\/190088081-origpic-7a84f7.png","datePublished":"2025-04-15T09:14:54+00:00","dateModified":"2025-12-10T13:45:36+00:00","breadcrumb":{"@id":"https:\/\/xenonkungen.com\/produkt\/meguiars-perfect-clarity-glass-polishing-compound\/#breadcrumb"},"inLanguage":"es","potentialAction":[{"@type":"ReadAction","target":["https:\/\/xenonkungen.com\/produkt\/meguiars-perfect-clarity-glass-polishing-compound\/"]}]},{"@type":"ImageObject","inLanguage":"es","@id":"https:\/\/xenonkungen.com\/produkt\/meguiars-perfect-clarity-glass-polishing-compound\/#primaryimage","url":"https:\/\/xenonkungen.com\/wp-content\/uploads\/2025\/04\/190088081-origpic-7a84f7.png","contentUrl":"https:\/\/xenonkungen.com\/wp-content\/uploads\/2025\/04\/190088081-origpic-7a84f7.png","width":164,"height":505},{"@type":"BreadcrumbList","@id":"https:\/\/xenonkungen.com\/produkt\/meguiars-perfect-clarity-glass-polishing-compound\/#breadcrumb","itemListElement":[{"@type":"ListItem","position":1,"name":"Hem","item":"https:\/\/xenonkungen.com\/"},{"@type":"ListItem","position":2,"name":"Shop","item":"https:\/\/xenonkungen.com\/shop\/"},{"@type":"ListItem","position":3,"name":"Meguiar&#8217;s Perfect Clarity Glass Polishing Compound"}]},{"@type":"WebSite","@id":"https:\/\/xenonkungen.com\/#website","url":"https:\/\/xenonkungen.com\/","name":"Xenonkungen","description":"","potentialAction":[{"@type":"SearchAction","target":{"@type":"EntryPoint","urlTemplate":"https:\/\/xenonkungen.com\/?s={search_term_string}"},"query-input":{"@type":"PropertyValueSpecification","valueRequired":true,"valueName":"search_term_string"}}],"inLanguage":"es"}]}},"taxonomy_info":{"product_brand":[{"value":1383,"label":"Meguiar's"}],"product_cat":[{"value":2618,"label":"Interi\u00f6r"},{"value":378,"label":"Bilv\u00e5rd"}]},"featured_image_src_large":["https:\/\/xenonkungen.com\/wp-content\/uploads\/2025\/04\/190088081-origpic-7a84f7.png",164,505,false],"author_info":[],"comment_info":0,"_links":{"self":[{"href":"https:\/\/xenonkungen.com\/es\/wp-json\/wp\/v2\/product\/4583","targetHints":{"allow":["GET"]}}],"collection":[{"href":"https:\/\/xenonkungen.com\/es\/wp-json\/wp\/v2\/product"}],"about":[{"href":"https:\/\/xenonkungen.com\/es\/wp-json\/wp\/v2\/types\/product"}],"replies":[{"embeddable":true,"href":"https:\/\/xenonkungen.com\/es\/wp-json\/wp\/v2\/comments?post=4583"}],"wp:featuredmedia":[{"embeddable":true,"href":"https:\/\/xenonkungen.com\/es\/wp-json\/wp\/v2\/media\/4584"}],"wp:attachment":[{"href":"https:\/\/xenonkungen.com\/es\/wp-json\/wp\/v2\/media?parent=4583"}],"wp:term":[{"taxonomy":"anvandningsomrade","embeddable":true,"href":"https:\/\/xenonkungen.com\/es\/wp-json\/wp\/v2\/anvandningsomrade?post=4583"},{"taxonomy":"bilmarken","embeddable":true,"href":"https:\/\/xenonkungen.com\/es\/wp-json\/wp\/v2\/bilmarken?post=4583"},{"taxonomy":"product_brand","embeddable":true,"href":"https:\/\/xenonkungen.com\/es\/wp-json\/wp\/v2\/product_brand?post=4583"},{"taxonomy":"product_cat","embeddable":true,"href":"https:\/\/xenonkungen.com\/es\/wp-json\/wp\/v2\/product_cat?post=4583"},{"taxonomy":"product_tag","embeddable":true,"href":"https:\/\/xenonkungen.com\/es\/wp-json\/wp\/v2\/product_tag?post=4583"}],"curies":[{"name":"wp","href":"https:\/\/api.w.org\/{rel}","templated":true}]}}