{"id":4600,"date":"2025-04-15T09:15:17","date_gmt":"2025-04-15T09:15:17","guid":{"rendered":"https:\/\/xenonkungen.com\/product\/meguiars-marine-cleaner-wax-1-l\/"},"modified":"2026-04-20T08:14:01","modified_gmt":"2026-04-20T07:14:01","slug":"cera-limpiadora-marina-meguiars-1-l","status":"publish","type":"product","link":"https:\/\/xenonkungen.com\/es\/producto\/cera-limpiadora-marina-meguiars-1-l\/","title":{"rendered":"Meguiar's Cera Limpiadora Marina 1 L"},"content":{"rendered":"<h1>Cera limpiadora marina<\/h1>\n<p>Producto no abrasivo que limpia, abrillanta y protege todo tipo de superficies de fibra de vidrio y gelcoat en embarcaciones y caravanas\/autocaravanas en un solo paso.\u00a0<br \/>Elimina la ligera oxidaci\u00f3n y opacidad, los peque\u00f1os ara\u00f1azos y el \u00f3xido de pulido, al tiempo que proporciona una protecci\u00f3n brillante y duradera contra la sal, la corrosi\u00f3n y los rayos UV. <br \/>Restaura el color, el brillo y el lustre de todo tipo de fibra de vidrio y gelcoat.<\/p>\n<p>Puede utilizarse tanto a mano como con pulidora<\/p>\n<p><strong>Contenido:<\/strong> 1 L<\/p>\n<h2><strong>\u00a1Atenci\u00f3n!<\/strong><\/h2>\n<p><strong>C\u00f3digo de colores:<\/strong><\/p>\n<ul>\n<li>Irrita la piel<\/li>\n<li>Puede producir somnolencia o mareos<\/li>\n<li>Provoca da\u00f1os en los \u00f3rganos (sistema nervioso central) por exposici\u00f3n prolongada o repetida<\/li>\n<li>Efectos adversos a largo plazo sobre los organismos acu\u00e1ticos<\/li>\n<\/ul>\n<p><strong>Denominaciones de protecci\u00f3n:<\/strong><\/p>\n<ul>\n<li>Tenga a mano el envase o la etiqueta por si necesita atenci\u00f3n m\u00e9dica<\/li>\n<li>Mantener fuera del alcance de los ni\u00f1os<\/li>\n<li>No inhalar los vapores<\/li>\n<li>Utilizar s\u00f3lo al aire libre o en zonas bien ventiladas<\/li>\n<li>En caso de malestar, p\u00f3ngase en contacto con el CENTRO DE INFORMACI\u00d3N TOXICOL\u00d3GICA<\/li>\n<li>Guardado bajo llave<\/li>\n<li>El contenido y el contenedor se entregan en una instalaci\u00f3n de gesti\u00f3n de residuos autorizada<\/li>\n<\/ul>","protected":false},"excerpt":{"rendered":"<p>Producto no abrasivo que limpia, abrillanta y protege todo tipo de superficies de fibra de vidrio y gelcoat en embarcaciones y caravanas\/autocaravanas en un solo paso.<\/p>","protected":false},"featured_media":4601,"comment_status":"closed","ping_status":"closed","template":"","meta":{"_acf_changed":false,"_smort_price_nok":"426","_smort_price_dkk":"339","_smort_price_eur":"45.36","_smort_sale_price_nok":"426","_smort_sale_price_dkk":"","_smort_sale_price_eur":"36.27","smort_restorder":"","shipmondo_restorder":"","_kad_blocks_custom_css":"","_kad_blocks_head_custom_js":"","_kad_blocks_body_custom_js":"","_kad_blocks_footer_custom_js":"","smort_custom_pricelist_1":"319.36","smort_custom_pricelist_2":"319.36","smort_custom_pricelist_3":"303.39","smort_custom_pricelist_4":"399.2","smort_custom_pricelist_5":"319.36"},"anvandningsomrade":[1388],"bilmarken":[],"product_brand":[1383],"product_cat":[378],"product_tag":[],"class_list":{"0":"post-4600","1":"product","2":"type-product","3":"status-publish","4":"has-post-thumbnail","6":"anvandningsomrade-bat","7":"product_brand-meguiars","8":"product_cat-bilvard","10":"first","11":"instock","12":"sale","13":"taxable","14":"shipping-taxable","15":"purchasable","16":"product-type-simple"},"bundled_by":[],"bundle_stock_status":"instock","bundle_stock_quantity":3,"bundle_virtual":false,"bundle_layout":"","bundle_add_to_cart_form_location":"","bundle_editable_in_cart":false,"bundle_sold_individually_context":"","bundle_item_grouping":"","bundle_min_size":"","bundle_max_size":"","bundle_price":[],"bundled_items":[],"bundle_sell_ids":[],"acf":[],"yoast_head":"<!-- This site is optimized with the Yoast SEO plugin v27.0 - https:\/\/yoast.com\/product\/yoast-seo-wordpress\/ -->\n<title>Meguiar&#039;s Marine Cleaner Wax 1 L - Xenonkungen<\/title>\n<meta name=\"robots\" content=\"index, follow, max-snippet:-1, max-image-preview:large, max-video-preview:-1\" \/>\n<link rel=\"canonical\" href=\"https:\/\/xenonkungen.com\/es\/producto\/cera-limpiadora-marina-meguiars-1-l\/\" \/>\n<meta property=\"og:locale\" content=\"es_ES\" \/>\n<meta property=\"og:type\" content=\"article\" \/>\n<meta property=\"og:title\" content=\"Meguiar&#039;s Marine Cleaner Wax 1 L - Xenonkungen\" \/>\n<meta property=\"og:description\" content=\"En icke-slipande produkt som reng\u00f6r, polerar och skyddar alla slags glasfiber- och gelcoatytor p\u00e5 b\u00e5t och husvagn\/husbil i ett enda enkelt steg.\" \/>\n<meta property=\"og:url\" content=\"https:\/\/xenonkungen.com\/es\/producto\/cera-limpiadora-marina-meguiars-1-l\/\" \/>\n<meta property=\"og:site_name\" content=\"Xenonkungen\" \/>\n<meta property=\"article:modified_time\" content=\"2026-04-20T07:14:01+00:00\" \/>\n<meta property=\"og:image\" content=\"https:\/\/xenonkungen.com\/wp-content\/uploads\/2025\/04\/190087919-origpic-9ee2f7.png\" \/>\n\t<meta property=\"og:image:width\" content=\"714\" \/>\n\t<meta property=\"og:image:height\" content=\"1343\" \/>\n\t<meta property=\"og:image:type\" content=\"image\/png\" \/>\n<meta name=\"twitter:card\" content=\"summary_large_image\" \/>\n<meta name=\"twitter:label1\" content=\"Tiempo de lectura\" \/>\n\t<meta name=\"twitter:data1\" content=\"1 minuto\" \/>\n<script type=\"application\/ld+json\" class=\"yoast-schema-graph\">{\"@context\":\"https:\/\/schema.org\",\"@graph\":[{\"@type\":\"WebPage\",\"@id\":\"https:\/\/xenonkungen.com\/produkt\/meguiars-marine-cleaner-wax-1-l\/\",\"url\":\"https:\/\/xenonkungen.com\/produkt\/meguiars-marine-cleaner-wax-1-l\/\",\"name\":\"Meguiar's Marine Cleaner Wax 1 L - Xenonkungen\",\"isPartOf\":{\"@id\":\"https:\/\/xenonkungen.com\/#website\"},\"primaryImageOfPage\":{\"@id\":\"https:\/\/xenonkungen.com\/produkt\/meguiars-marine-cleaner-wax-1-l\/#primaryimage\"},\"image\":{\"@id\":\"https:\/\/xenonkungen.com\/produkt\/meguiars-marine-cleaner-wax-1-l\/#primaryimage\"},\"thumbnailUrl\":\"https:\/\/xenonkungen.com\/wp-content\/uploads\/2025\/04\/190087919-origpic-9ee2f7.png\",\"datePublished\":\"2025-04-15T09:15:17+00:00\",\"dateModified\":\"2026-04-20T07:14:01+00:00\",\"breadcrumb\":{\"@id\":\"https:\/\/xenonkungen.com\/produkt\/meguiars-marine-cleaner-wax-1-l\/#breadcrumb\"},\"inLanguage\":\"es\",\"potentialAction\":[{\"@type\":\"ReadAction\",\"target\":[\"https:\/\/xenonkungen.com\/produkt\/meguiars-marine-cleaner-wax-1-l\/\"]}]},{\"@type\":\"ImageObject\",\"inLanguage\":\"es\",\"@id\":\"https:\/\/xenonkungen.com\/produkt\/meguiars-marine-cleaner-wax-1-l\/#primaryimage\",\"url\":\"https:\/\/xenonkungen.com\/wp-content\/uploads\/2025\/04\/190087919-origpic-9ee2f7.png\",\"contentUrl\":\"https:\/\/xenonkungen.com\/wp-content\/uploads\/2025\/04\/190087919-origpic-9ee2f7.png\",\"width\":714,\"height\":1343},{\"@type\":\"BreadcrumbList\",\"@id\":\"https:\/\/xenonkungen.com\/produkt\/meguiars-marine-cleaner-wax-1-l\/#breadcrumb\",\"itemListElement\":[{\"@type\":\"ListItem\",\"position\":1,\"name\":\"Hem\",\"item\":\"https:\/\/xenonkungen.com\/\"},{\"@type\":\"ListItem\",\"position\":2,\"name\":\"Shop\",\"item\":\"https:\/\/xenonkungen.com\/shop\/\"},{\"@type\":\"ListItem\",\"position\":3,\"name\":\"Meguiar&#8217;s Marine Cleaner Wax 1 L\"}]},{\"@type\":\"WebSite\",\"@id\":\"https:\/\/xenonkungen.com\/#website\",\"url\":\"https:\/\/xenonkungen.com\/\",\"name\":\"Xenonkungen\",\"description\":\"\",\"potentialAction\":[{\"@type\":\"SearchAction\",\"target\":{\"@type\":\"EntryPoint\",\"urlTemplate\":\"https:\/\/xenonkungen.com\/?s={search_term_string}\"},\"query-input\":{\"@type\":\"PropertyValueSpecification\",\"valueRequired\":true,\"valueName\":\"search_term_string\"}}],\"inLanguage\":\"es\"}]}<\/script>\n<!-- \/ Yoast SEO plugin. -->","yoast_head_json":{"title":"Cera limpiadora marina Meguiar&#039;s 1 L - El Rey Xen\u00f3n","robots":{"index":"index","follow":"follow","max-snippet":"max-snippet:-1","max-image-preview":"max-image-preview:large","max-video-preview":"max-video-preview:-1"},"canonical":"https:\/\/xenonkungen.com\/es\/producto\/cera-limpiadora-marina-meguiars-1-l\/","og_locale":"es_ES","og_type":"article","og_title":"Meguiar's Marine Cleaner Wax 1 L - Xenonkungen","og_description":"En icke-slipande produkt som reng\u00f6r, polerar och skyddar alla slags glasfiber- och gelcoatytor p\u00e5 b\u00e5t och husvagn\/husbil i ett enda enkelt steg.","og_url":"https:\/\/xenonkungen.com\/es\/producto\/cera-limpiadora-marina-meguiars-1-l\/","og_site_name":"Xenonkungen","article_modified_time":"2026-04-20T07:14:01+00:00","og_image":[{"width":714,"height":1343,"url":"https:\/\/xenonkungen.com\/wp-content\/uploads\/2025\/04\/190087919-origpic-9ee2f7.png","type":"image\/png"}],"twitter_card":"summary_large_image","twitter_misc":{"Tiempo de lectura":"1 minuto"},"schema":{"@context":"https:\/\/schema.org","@graph":[{"@type":"WebPage","@id":"https:\/\/xenonkungen.com\/produkt\/meguiars-marine-cleaner-wax-1-l\/","url":"https:\/\/xenonkungen.com\/produkt\/meguiars-marine-cleaner-wax-1-l\/","name":"Cera limpiadora marina Meguiar&#039;s 1 L - El Rey Xen\u00f3n","isPartOf":{"@id":"https:\/\/xenonkungen.com\/#website"},"primaryImageOfPage":{"@id":"https:\/\/xenonkungen.com\/produkt\/meguiars-marine-cleaner-wax-1-l\/#primaryimage"},"image":{"@id":"https:\/\/xenonkungen.com\/produkt\/meguiars-marine-cleaner-wax-1-l\/#primaryimage"},"thumbnailUrl":"https:\/\/xenonkungen.com\/wp-content\/uploads\/2025\/04\/190087919-origpic-9ee2f7.png","datePublished":"2025-04-15T09:15:17+00:00","dateModified":"2026-04-20T07:14:01+00:00","breadcrumb":{"@id":"https:\/\/xenonkungen.com\/produkt\/meguiars-marine-cleaner-wax-1-l\/#breadcrumb"},"inLanguage":"es","potentialAction":[{"@type":"ReadAction","target":["https:\/\/xenonkungen.com\/produkt\/meguiars-marine-cleaner-wax-1-l\/"]}]},{"@type":"ImageObject","inLanguage":"es","@id":"https:\/\/xenonkungen.com\/produkt\/meguiars-marine-cleaner-wax-1-l\/#primaryimage","url":"https:\/\/xenonkungen.com\/wp-content\/uploads\/2025\/04\/190087919-origpic-9ee2f7.png","contentUrl":"https:\/\/xenonkungen.com\/wp-content\/uploads\/2025\/04\/190087919-origpic-9ee2f7.png","width":714,"height":1343},{"@type":"BreadcrumbList","@id":"https:\/\/xenonkungen.com\/produkt\/meguiars-marine-cleaner-wax-1-l\/#breadcrumb","itemListElement":[{"@type":"ListItem","position":1,"name":"Hem","item":"https:\/\/xenonkungen.com\/"},{"@type":"ListItem","position":2,"name":"Shop","item":"https:\/\/xenonkungen.com\/shop\/"},{"@type":"ListItem","position":3,"name":"Meguiar&#8217;s Marine Cleaner Wax 1 L"}]},{"@type":"WebSite","@id":"https:\/\/xenonkungen.com\/#website","url":"https:\/\/xenonkungen.com\/","name":"Xenonkungen","description":"","potentialAction":[{"@type":"SearchAction","target":{"@type":"EntryPoint","urlTemplate":"https:\/\/xenonkungen.com\/?s={search_term_string}"},"query-input":{"@type":"PropertyValueSpecification","valueRequired":true,"valueName":"search_term_string"}}],"inLanguage":"es"}]}},"taxonomy_info":{"anvandningsomrade":[{"value":1388,"label":"B\u00e5t"}],"product_brand":[{"value":1383,"label":"Meguiar's"}],"product_cat":[{"value":378,"label":"Bilv\u00e5rd"}]},"featured_image_src_large":["https:\/\/xenonkungen.com\/wp-content\/uploads\/2025\/04\/190087919-origpic-9ee2f7-544x1024.png",544,1024,true],"author_info":[],"comment_info":1,"_links":{"self":[{"href":"https:\/\/xenonkungen.com\/es\/wp-json\/wp\/v2\/product\/4600","targetHints":{"allow":["GET"]}}],"collection":[{"href":"https:\/\/xenonkungen.com\/es\/wp-json\/wp\/v2\/product"}],"about":[{"href":"https:\/\/xenonkungen.com\/es\/wp-json\/wp\/v2\/types\/product"}],"replies":[{"embeddable":true,"href":"https:\/\/xenonkungen.com\/es\/wp-json\/wp\/v2\/comments?post=4600"}],"wp:featuredmedia":[{"embeddable":true,"href":"https:\/\/xenonkungen.com\/es\/wp-json\/wp\/v2\/media\/4601"}],"wp:attachment":[{"href":"https:\/\/xenonkungen.com\/es\/wp-json\/wp\/v2\/media?parent=4600"}],"wp:term":[{"taxonomy":"anvandningsomrade","embeddable":true,"href":"https:\/\/xenonkungen.com\/es\/wp-json\/wp\/v2\/anvandningsomrade?post=4600"},{"taxonomy":"bilmarken","embeddable":true,"href":"https:\/\/xenonkungen.com\/es\/wp-json\/wp\/v2\/bilmarken?post=4600"},{"taxonomy":"product_brand","embeddable":true,"href":"https:\/\/xenonkungen.com\/es\/wp-json\/wp\/v2\/product_brand?post=4600"},{"taxonomy":"product_cat","embeddable":true,"href":"https:\/\/xenonkungen.com\/es\/wp-json\/wp\/v2\/product_cat?post=4600"},{"taxonomy":"product_tag","embeddable":true,"href":"https:\/\/xenonkungen.com\/es\/wp-json\/wp\/v2\/product_tag?post=4600"}],"curies":[{"name":"wp","href":"https:\/\/api.w.org\/{rel}","templated":true}]}}