{"id":4610,"date":"2025-04-15T09:15:27","date_gmt":"2025-04-15T09:15:27","guid":{"rendered":"https:\/\/xenonkungen.com\/product\/meguiars-power-cut-compound-1l\/"},"modified":"2026-04-21T18:21:51","modified_gmt":"2026-04-21T17:21:51","slug":"compuesto-para-corte-de-energia-meguiars-1-l","status":"publish","type":"product","link":"https:\/\/xenonkungen.com\/es\/producto\/compuesto-para-corte-de-energia-meguiars-1-l\/","title":{"rendered":"Compuesto de corte Meguiar&#039;s Power Cut 1L"},"content":{"rendered":"<h1>Compuesto para cortes de energ\u00eda<\/h1>\n<p>\u00a1M\u00e1ximo efecto! El compuesto Power Cut Compound est\u00e1 dise\u00f1ado para una m\u00e1xima eficacia y eliminaci\u00f3n de residuos en gelcoat y fibra de vidrio. Gracias a su alt\u00edsimo poder de eliminaci\u00f3n, el producto es extremadamente eficaz para eliminar la oxidaci\u00f3n severa y los defectos m\u00e1s profundos. Power Cut Compound deja una superficie brillante y fina; para un brillo y lustre m\u00e1ximos, recomendamos aplicar posteriormente un pulimento y una cera.<span>\u00a0<\/span><a href=\"https:\/\/www.xenonkungen.com\/se\/produkter\/bilvard\/marinvard\/polera\/boat-polish.html\">Pulido de alto brillo<\/a><span>\u00a0<\/span>y<span>\u00a0<\/span><a href=\"https:\/\/www.xenonkungen.com\/se\/produkter\/bilvard\/marinvard\/flagship-marine-wax.html\">Cera marina insignia<\/a>.<\/p>\n<p>\u00a1El producto perfecto para barcos gravemente da\u00f1ados!<\/p>\n<p>Se recomienda utilizar el producto con una m\u00e1quina pulidora, pero tambi\u00e9n funciona a mano.<\/p>\n<p><strong>Contenido (ml):<\/strong> 946<\/p>\n<h2><strong>\u00a1Atenci\u00f3n!<\/strong><\/h2>\n<p><strong>C\u00f3digo de colores:<\/strong><\/p>\n<ul>\n<li>Puede provocar da\u00f1os en los \u00f3rganos (sistema nervioso central) tras exposiciones prolongadas o repetidas.<\/li>\n<li>Efectos adversos a largo plazo sobre los organismos acu\u00e1ticos<\/li>\n<\/ul>\n<p><strong>Denominaciones de protecci\u00f3n:<\/strong><\/p>\n<ul>\n<li>Tenga a mano el envase o la etiqueta por si necesita atenci\u00f3n m\u00e9dica<\/li>\n<li>Mantener fuera del alcance de los ni\u00f1os<\/li>\n<li>No inhalar los vapores<\/li>\n<li>Evitar las emisiones al medio ambiente<\/li>\n<li>Busque ayuda m\u00e9dica si se encuentra mal<\/li>\n<li>El contenido y el recipiente deben desecharse en un punto de recogida de residuos peligrosos.<\/li>\n<\/ul>","protected":false},"excerpt":{"rendered":"<p>\u00bfBarco en muy mal estado? \u00a1Ning\u00fan trabajo es demasiado dif\u00edcil para Power Cut Compound!<br \/>\nEl compuesto Power Cut es, con diferencia, nuestra opci\u00f3n m\u00e1s eficaz para eliminar defectos y oxidaci\u00f3n. \u00a1Su alt\u00edsima eficacia reduce significativamente el tiempo de pulido!<\/p>","protected":false},"featured_media":4611,"comment_status":"closed","ping_status":"closed","template":"","meta":{"_acf_changed":false,"_smort_price_nok":"640","_smort_price_dkk":"508","_smort_price_eur":"68.09","_smort_sale_price_nok":"640","_smort_sale_price_dkk":"","_smort_sale_price_eur":"54.45","smort_restorder":"","shipmondo_restorder":"","_kad_blocks_custom_css":"","_kad_blocks_head_custom_js":"","_kad_blocks_body_custom_js":"","_kad_blocks_footer_custom_js":"","smort_custom_pricelist_1":"479.36","smort_custom_pricelist_2":"479.36","smort_custom_pricelist_3":"455.39","smort_custom_pricelist_4":"599.2","smort_custom_pricelist_5":"479.36"},"anvandningsomrade":[1388],"bilmarken":[],"product_brand":[1383],"product_cat":[378],"product_tag":[],"class_list":{"0":"post-4610","1":"product","2":"type-product","3":"status-publish","4":"has-post-thumbnail","6":"anvandningsomrade-bat","7":"product_brand-meguiars","8":"product_cat-bilvard","10":"first","11":"instock","12":"sale","13":"taxable","14":"shipping-taxable","15":"purchasable","16":"product-type-simple"},"bundled_by":[],"bundle_stock_status":"instock","bundle_stock_quantity":1,"bundle_virtual":false,"bundle_layout":"","bundle_add_to_cart_form_location":"","bundle_editable_in_cart":false,"bundle_sold_individually_context":"","bundle_item_grouping":"","bundle_min_size":"","bundle_max_size":"","bundle_price":[],"bundled_items":[],"bundle_sell_ids":[],"acf":[],"yoast_head":"<!-- This site is optimized with the Yoast SEO plugin v27.0 - https:\/\/yoast.com\/product\/yoast-seo-wordpress\/ -->\n<title>Meguiar&#039;s Power Cut Compound 1L - Xenonkungen<\/title>\n<meta name=\"robots\" content=\"index, follow, max-snippet:-1, max-image-preview:large, max-video-preview:-1\" \/>\n<link rel=\"canonical\" href=\"https:\/\/xenonkungen.com\/es\/producto\/compuesto-para-corte-de-energia-meguiars-1-l\/\" \/>\n<meta property=\"og:locale\" content=\"es_ES\" \/>\n<meta property=\"og:type\" content=\"article\" \/>\n<meta property=\"og:title\" content=\"Meguiar&#039;s Power Cut Compound 1L - Xenonkungen\" \/>\n<meta property=\"og:description\" content=\"Extremt nedg\u00e5ngen b\u00e5t? Inget jobb \u00e4r f\u00f6r sv\u00e5rt f\u00f6r Power Cut Compound! Power Cut Compound \u00e4r v\u00e5rt \u00f6verl\u00e4gset effektivaste alternativ n\u00e4r det kommer till att avl\u00e4gsna defekter och oxidation. Extremt h\u00f6g effektivitet f\u00f6rkortar poleringen markant!\" \/>\n<meta property=\"og:url\" content=\"https:\/\/xenonkungen.com\/es\/producto\/compuesto-para-corte-de-energia-meguiars-1-l\/\" \/>\n<meta property=\"og:site_name\" content=\"Xenonkungen\" \/>\n<meta property=\"article:modified_time\" content=\"2026-04-21T17:21:51+00:00\" \/>\n<meta property=\"og:image\" content=\"https:\/\/xenonkungen.com\/wp-content\/uploads\/2025\/04\/190087897-origpic-fcbb91.png\" \/>\n\t<meta property=\"og:image:width\" content=\"303\" \/>\n\t<meta property=\"og:image:height\" content=\"600\" \/>\n\t<meta property=\"og:image:type\" content=\"image\/png\" \/>\n<meta name=\"twitter:card\" content=\"summary_large_image\" \/>\n<meta name=\"twitter:label1\" content=\"Tiempo de lectura\" \/>\n\t<meta name=\"twitter:data1\" content=\"1 minuto\" \/>\n<script type=\"application\/ld+json\" class=\"yoast-schema-graph\">{\"@context\":\"https:\/\/schema.org\",\"@graph\":[{\"@type\":\"WebPage\",\"@id\":\"https:\/\/xenonkungen.com\/produkt\/meguiars-power-cut-compound-1l\/\",\"url\":\"https:\/\/xenonkungen.com\/produkt\/meguiars-power-cut-compound-1l\/\",\"name\":\"Meguiar's Power Cut Compound 1L - Xenonkungen\",\"isPartOf\":{\"@id\":\"https:\/\/xenonkungen.com\/#website\"},\"primaryImageOfPage\":{\"@id\":\"https:\/\/xenonkungen.com\/produkt\/meguiars-power-cut-compound-1l\/#primaryimage\"},\"image\":{\"@id\":\"https:\/\/xenonkungen.com\/produkt\/meguiars-power-cut-compound-1l\/#primaryimage\"},\"thumbnailUrl\":\"https:\/\/xenonkungen.com\/wp-content\/uploads\/2025\/04\/190087897-origpic-fcbb91.png\",\"datePublished\":\"2025-04-15T09:15:27+00:00\",\"dateModified\":\"2026-04-21T17:21:51+00:00\",\"breadcrumb\":{\"@id\":\"https:\/\/xenonkungen.com\/produkt\/meguiars-power-cut-compound-1l\/#breadcrumb\"},\"inLanguage\":\"es\",\"potentialAction\":[{\"@type\":\"ReadAction\",\"target\":[\"https:\/\/xenonkungen.com\/produkt\/meguiars-power-cut-compound-1l\/\"]}]},{\"@type\":\"ImageObject\",\"inLanguage\":\"es\",\"@id\":\"https:\/\/xenonkungen.com\/produkt\/meguiars-power-cut-compound-1l\/#primaryimage\",\"url\":\"https:\/\/xenonkungen.com\/wp-content\/uploads\/2025\/04\/190087897-origpic-fcbb91.png\",\"contentUrl\":\"https:\/\/xenonkungen.com\/wp-content\/uploads\/2025\/04\/190087897-origpic-fcbb91.png\",\"width\":303,\"height\":600},{\"@type\":\"BreadcrumbList\",\"@id\":\"https:\/\/xenonkungen.com\/produkt\/meguiars-power-cut-compound-1l\/#breadcrumb\",\"itemListElement\":[{\"@type\":\"ListItem\",\"position\":1,\"name\":\"Hem\",\"item\":\"https:\/\/xenonkungen.com\/\"},{\"@type\":\"ListItem\",\"position\":2,\"name\":\"Shop\",\"item\":\"https:\/\/xenonkungen.com\/shop\/\"},{\"@type\":\"ListItem\",\"position\":3,\"name\":\"Meguiar&#8217;s Power Cut Compound 1L\"}]},{\"@type\":\"WebSite\",\"@id\":\"https:\/\/xenonkungen.com\/#website\",\"url\":\"https:\/\/xenonkungen.com\/\",\"name\":\"Xenonkungen\",\"description\":\"\",\"potentialAction\":[{\"@type\":\"SearchAction\",\"target\":{\"@type\":\"EntryPoint\",\"urlTemplate\":\"https:\/\/xenonkungen.com\/?s={search_term_string}\"},\"query-input\":{\"@type\":\"PropertyValueSpecification\",\"valueRequired\":true,\"valueName\":\"search_term_string\"}}],\"inLanguage\":\"es\"}]}<\/script>\n<!-- \/ Yoast SEO plugin. -->","yoast_head_json":{"title":"Compuesto Meguiar&#039;s Power Cut 1L - El Rey del Xen\u00f3n","robots":{"index":"index","follow":"follow","max-snippet":"max-snippet:-1","max-image-preview":"max-image-preview:large","max-video-preview":"max-video-preview:-1"},"canonical":"https:\/\/xenonkungen.com\/es\/producto\/compuesto-para-corte-de-energia-meguiars-1-l\/","og_locale":"es_ES","og_type":"article","og_title":"Meguiar's Power Cut Compound 1L - Xenonkungen","og_description":"Extremt nedg\u00e5ngen b\u00e5t? Inget jobb \u00e4r f\u00f6r sv\u00e5rt f\u00f6r Power Cut Compound! Power Cut Compound \u00e4r v\u00e5rt \u00f6verl\u00e4gset effektivaste alternativ n\u00e4r det kommer till att avl\u00e4gsna defekter och oxidation. Extremt h\u00f6g effektivitet f\u00f6rkortar poleringen markant!","og_url":"https:\/\/xenonkungen.com\/es\/producto\/compuesto-para-corte-de-energia-meguiars-1-l\/","og_site_name":"Xenonkungen","article_modified_time":"2026-04-21T17:21:51+00:00","og_image":[{"width":303,"height":600,"url":"https:\/\/xenonkungen.com\/wp-content\/uploads\/2025\/04\/190087897-origpic-fcbb91.png","type":"image\/png"}],"twitter_card":"summary_large_image","twitter_misc":{"Tiempo de lectura":"1 minuto"},"schema":{"@context":"https:\/\/schema.org","@graph":[{"@type":"WebPage","@id":"https:\/\/xenonkungen.com\/produkt\/meguiars-power-cut-compound-1l\/","url":"https:\/\/xenonkungen.com\/produkt\/meguiars-power-cut-compound-1l\/","name":"Compuesto Meguiar&#039;s Power Cut 1L - El Rey del Xen\u00f3n","isPartOf":{"@id":"https:\/\/xenonkungen.com\/#website"},"primaryImageOfPage":{"@id":"https:\/\/xenonkungen.com\/produkt\/meguiars-power-cut-compound-1l\/#primaryimage"},"image":{"@id":"https:\/\/xenonkungen.com\/produkt\/meguiars-power-cut-compound-1l\/#primaryimage"},"thumbnailUrl":"https:\/\/xenonkungen.com\/wp-content\/uploads\/2025\/04\/190087897-origpic-fcbb91.png","datePublished":"2025-04-15T09:15:27+00:00","dateModified":"2026-04-21T17:21:51+00:00","breadcrumb":{"@id":"https:\/\/xenonkungen.com\/produkt\/meguiars-power-cut-compound-1l\/#breadcrumb"},"inLanguage":"es","potentialAction":[{"@type":"ReadAction","target":["https:\/\/xenonkungen.com\/produkt\/meguiars-power-cut-compound-1l\/"]}]},{"@type":"ImageObject","inLanguage":"es","@id":"https:\/\/xenonkungen.com\/produkt\/meguiars-power-cut-compound-1l\/#primaryimage","url":"https:\/\/xenonkungen.com\/wp-content\/uploads\/2025\/04\/190087897-origpic-fcbb91.png","contentUrl":"https:\/\/xenonkungen.com\/wp-content\/uploads\/2025\/04\/190087897-origpic-fcbb91.png","width":303,"height":600},{"@type":"BreadcrumbList","@id":"https:\/\/xenonkungen.com\/produkt\/meguiars-power-cut-compound-1l\/#breadcrumb","itemListElement":[{"@type":"ListItem","position":1,"name":"Hem","item":"https:\/\/xenonkungen.com\/"},{"@type":"ListItem","position":2,"name":"Shop","item":"https:\/\/xenonkungen.com\/shop\/"},{"@type":"ListItem","position":3,"name":"Meguiar&#8217;s Power Cut Compound 1L"}]},{"@type":"WebSite","@id":"https:\/\/xenonkungen.com\/#website","url":"https:\/\/xenonkungen.com\/","name":"Xenonkungen","description":"","potentialAction":[{"@type":"SearchAction","target":{"@type":"EntryPoint","urlTemplate":"https:\/\/xenonkungen.com\/?s={search_term_string}"},"query-input":{"@type":"PropertyValueSpecification","valueRequired":true,"valueName":"search_term_string"}}],"inLanguage":"es"}]}},"taxonomy_info":{"anvandningsomrade":[{"value":1388,"label":"B\u00e5t"}],"product_brand":[{"value":1383,"label":"Meguiar's"}],"product_cat":[{"value":378,"label":"Bilv\u00e5rd"}]},"featured_image_src_large":["https:\/\/xenonkungen.com\/wp-content\/uploads\/2025\/04\/190087897-origpic-fcbb91.png",303,600,false],"author_info":[],"comment_info":0,"_links":{"self":[{"href":"https:\/\/xenonkungen.com\/es\/wp-json\/wp\/v2\/product\/4610","targetHints":{"allow":["GET"]}}],"collection":[{"href":"https:\/\/xenonkungen.com\/es\/wp-json\/wp\/v2\/product"}],"about":[{"href":"https:\/\/xenonkungen.com\/es\/wp-json\/wp\/v2\/types\/product"}],"replies":[{"embeddable":true,"href":"https:\/\/xenonkungen.com\/es\/wp-json\/wp\/v2\/comments?post=4610"}],"wp:featuredmedia":[{"embeddable":true,"href":"https:\/\/xenonkungen.com\/es\/wp-json\/wp\/v2\/media\/4611"}],"wp:attachment":[{"href":"https:\/\/xenonkungen.com\/es\/wp-json\/wp\/v2\/media?parent=4610"}],"wp:term":[{"taxonomy":"anvandningsomrade","embeddable":true,"href":"https:\/\/xenonkungen.com\/es\/wp-json\/wp\/v2\/anvandningsomrade?post=4610"},{"taxonomy":"bilmarken","embeddable":true,"href":"https:\/\/xenonkungen.com\/es\/wp-json\/wp\/v2\/bilmarken?post=4610"},{"taxonomy":"product_brand","embeddable":true,"href":"https:\/\/xenonkungen.com\/es\/wp-json\/wp\/v2\/product_brand?post=4610"},{"taxonomy":"product_cat","embeddable":true,"href":"https:\/\/xenonkungen.com\/es\/wp-json\/wp\/v2\/product_cat?post=4610"},{"taxonomy":"product_tag","embeddable":true,"href":"https:\/\/xenonkungen.com\/es\/wp-json\/wp\/v2\/product_tag?post=4610"}],"curies":[{"name":"wp","href":"https:\/\/api.w.org\/{rel}","templated":true}]}}