{"id":4728,"date":"2025-04-15T09:17:47","date_gmt":"2025-04-15T09:17:47","guid":{"rendered":"https:\/\/xenonkungen.com\/product\/blixtljusramp-optibeam-dark-phantom-1400mm\/"},"modified":"2026-04-11T01:37:54","modified_gmt":"2026-04-11T00:37:54","slug":"barra-de-luz-de-flash-optibeam-dark-phantom-1400-mm","status":"publish","type":"product","link":"https:\/\/xenonkungen.com\/es\/producto\/barra-de-luz-de-flash-optibeam-dark-phantom-1400-mm\/","title":{"rendered":"Rampa para linterna Optibeam Dark Phantom 1400mm"},"content":{"rendered":"<h1>Optibeam Dark Phantom 1400 - Soluci\u00f3n de iluminaci\u00f3n t\u00e9cnica avanzada en Xenon King<\/h1>\n<p>Cuando la experiencia t\u00e9cnica se une a la innovaci\u00f3n en iluminaci\u00f3n, nacen productos como el Optibeam Dark Phantom 1400. Como dispositivo destacado en su campo, el Dark Phantom 1400 ofrece una combinaci\u00f3n imbatible de luminosidad, eficiencia y personalizaci\u00f3n. A trav\u00e9s de Xenonkungen, uno de los principales minoristas del mercado de soluciones de iluminaci\u00f3n de alta calidad, tiene la oportunidad de experimentar este dispositivo de iluminaci\u00f3n de primera clase.<\/p>\n<p>Adem\u00e1s de los 108 LED incorporados, que garantizan una luminosidad impresionante, el Dark Phantom 1400 est\u00e1 equipado con 11 patrones de flash diferentes. Estos variados patrones, junto con la exclusiva funci\u00f3n steady all, proporcionan al usuario un control total sobre la atm\u00f3sfera y la funcionalidad de la iluminaci\u00f3n. El cable de control negativo incluido permite personalizar a\u00fan m\u00e1s la iluminaci\u00f3n, lo que subraya la superioridad t\u00e9cnica del dispositivo.<\/p>\n<h2>Vi\u00f1etas:<\/h2>\n<ul>\n<li><strong>108 LED<\/strong>Para un brillo \u00f3ptimo.<\/li>\n<li><strong>11 patrones de iluminaci\u00f3n flexibles<\/strong>: Incluye todo fijo y gu\u00eda de tr\u00e1fico.<\/li>\n<li><strong>Opciones de personalizaci\u00f3n<\/strong>Gracias al cable separado con control negativo.<\/li>\n<li><strong>Soportes robustos<\/strong>Garantiza un montaje seguro.<\/li>\n<li><strong>Mando a distancia ON\/OFF<\/strong>Con cable de 3,5 m para un manejo c\u00f3modo a distancia.<\/li>\n<\/ul>\n<p>El Optibeam Dark Phantom 1400 es el resultado de una s\u00f3lida investigaci\u00f3n y desarrollo t\u00e9cnicos, dise\u00f1ado para satisfacer las necesidades de iluminaci\u00f3n m\u00e1s exigentes. Para aquellos que buscan una combinaci\u00f3n de potencia, precisi\u00f3n y fiabilidad, \u00e9sta es la soluci\u00f3n obvia. Pida su unidad a trav\u00e9s de Xenon King hoy mismo y participe en el futuro de la iluminaci\u00f3n.<\/p>","protected":false},"excerpt":{"rendered":"<p>\"Descubra Optibeam Dark Phantom 1400, la soluci\u00f3n de iluminaci\u00f3n del futuro en Xenon King:<br \/>\n108 LED: Para una visibilidad inmejorable. 11 patrones de destello: Personaliza tu iluminaci\u00f3n. Invierte en la \u00e9lite de las linternas con la Dark Phantom 1400.<\/p>","protected":false},"featured_media":4729,"comment_status":"closed","ping_status":"open","template":"","meta":{"_acf_changed":false,"_smort_price_nok":"9181","_smort_price_dkk":"5832","_smort_price_eur":"781.33","_smort_sale_price_nok":"","_smort_sale_price_dkk":"","_smort_sale_price_eur":"","smort_restorder":"","shipmondo_restorder":"","_kad_blocks_custom_css":"","_kad_blocks_head_custom_js":"","_kad_blocks_body_custom_js":"","_kad_blocks_footer_custom_js":"","smort_custom_pricelist_1":"5500","smort_custom_pricelist_2":"4791.2","smort_custom_pricelist_3":"4396","smort_custom_pricelist_4":"6876","smort_custom_pricelist_5":"4791.2"},"anvandningsomrade":[166,238,2816],"bilmarken":[],"product_brand":[],"product_cat":[2656,2657,1061],"product_tag":[],"class_list":{"0":"post-4728","1":"product","2":"type-product","3":"status-publish","4":"has-post-thumbnail","6":"anvandningsomrade-lastbil","7":"anvandningsomrade-slap","8":"anvandningsomrade-trailer","9":"product_cat-blixtljusramp","10":"product_cat-blixtljusramp-slap","11":"product_cat-varningsljus","12":"pa_storlek-mm-1400","13":"pa_stromforbrukning-315a-12v-177a-24v","15":"first","16":"onbackorder","17":"taxable","18":"shipping-taxable","19":"purchasable","20":"product-type-simple"},"bundled_by":[],"bundle_stock_status":"onbackorder","bundle_stock_quantity":0,"bundle_virtual":false,"bundle_layout":"","bundle_add_to_cart_form_location":"","bundle_editable_in_cart":false,"bundle_sold_individually_context":"","bundle_item_grouping":"","bundle_min_size":"","bundle_max_size":"","bundle_price":[],"bundled_items":[],"bundle_sell_ids":[],"acf":[],"yoast_head":"<!-- This site is optimized with the Yoast SEO plugin v27.0 - https:\/\/yoast.com\/product\/yoast-seo-wordpress\/ -->\n<title>Blixtljusramp Optibeam Dark Phantom 1400mm - Xenonkungen<\/title>\n<meta name=\"robots\" content=\"index, follow, max-snippet:-1, max-image-preview:large, max-video-preview:-1\" \/>\n<link rel=\"canonical\" href=\"https:\/\/xenonkungen.com\/es\/producto\/barra-de-luz-de-flash-optibeam-dark-phantom-1400-mm\/\" \/>\n<meta property=\"og:locale\" content=\"es_ES\" \/>\n<meta property=\"og:type\" content=\"article\" \/>\n<meta property=\"og:title\" content=\"Blixtljusramp Optibeam Dark Phantom 1400mm - Xenonkungen\" \/>\n<meta property=\"og:description\" content=\"&quot;Uppt\u00e4ck Optibeam Dark Phantom 1400 \u2013 framtidens belysningsl\u00f6sning hos Xenonkungen: 108 lysdioder: F\u00f6r oslagbar synbarhet. 11 blixtm\u00f6nster: Skr\u00e4ddarsy din belysning. Investera i Blixtljusrampernas elite med Dark Phantom 1400.\" \/>\n<meta property=\"og:url\" content=\"https:\/\/xenonkungen.com\/es\/producto\/barra-de-luz-de-flash-optibeam-dark-phantom-1400-mm\/\" \/>\n<meta property=\"og:site_name\" content=\"Xenonkungen\" \/>\n<meta property=\"article:modified_time\" content=\"2026-04-11T00:37:54+00:00\" \/>\n<meta property=\"og:image\" content=\"https:\/\/xenonkungen.com\/wp-content\/uploads\/2025\/04\/207273587-origpic-0fac9a.jpg\" \/>\n\t<meta property=\"og:image:width\" content=\"476\" \/>\n\t<meta property=\"og:image:height\" content=\"357\" \/>\n\t<meta property=\"og:image:type\" content=\"image\/jpeg\" \/>\n<meta name=\"twitter:card\" content=\"summary_large_image\" \/>\n<meta name=\"twitter:label1\" content=\"Tiempo de lectura\" \/>\n\t<meta name=\"twitter:data1\" content=\"1 minuto\" \/>\n<script type=\"application\/ld+json\" class=\"yoast-schema-graph\">{\"@context\":\"https:\/\/schema.org\",\"@graph\":[{\"@type\":\"WebPage\",\"@id\":\"https:\/\/xenonkungen.com\/produkt\/blixtljusramp-optibeam-dark-phantom-1400mm\/\",\"url\":\"https:\/\/xenonkungen.com\/produkt\/blixtljusramp-optibeam-dark-phantom-1400mm\/\",\"name\":\"Blixtljusramp Optibeam Dark Phantom 1400mm - Xenonkungen\",\"isPartOf\":{\"@id\":\"https:\/\/xenonkungen.com\/#website\"},\"primaryImageOfPage\":{\"@id\":\"https:\/\/xenonkungen.com\/produkt\/blixtljusramp-optibeam-dark-phantom-1400mm\/#primaryimage\"},\"image\":{\"@id\":\"https:\/\/xenonkungen.com\/produkt\/blixtljusramp-optibeam-dark-phantom-1400mm\/#primaryimage\"},\"thumbnailUrl\":\"https:\/\/xenonkungen.com\/wp-content\/uploads\/2025\/04\/207273587-origpic-0fac9a.jpg\",\"datePublished\":\"2025-04-15T09:17:47+00:00\",\"dateModified\":\"2026-04-11T00:37:54+00:00\",\"breadcrumb\":{\"@id\":\"https:\/\/xenonkungen.com\/produkt\/blixtljusramp-optibeam-dark-phantom-1400mm\/#breadcrumb\"},\"inLanguage\":\"es\",\"potentialAction\":[{\"@type\":\"ReadAction\",\"target\":[\"https:\/\/xenonkungen.com\/produkt\/blixtljusramp-optibeam-dark-phantom-1400mm\/\"]}]},{\"@type\":\"ImageObject\",\"inLanguage\":\"es\",\"@id\":\"https:\/\/xenonkungen.com\/produkt\/blixtljusramp-optibeam-dark-phantom-1400mm\/#primaryimage\",\"url\":\"https:\/\/xenonkungen.com\/wp-content\/uploads\/2025\/04\/207273587-origpic-0fac9a.jpg\",\"contentUrl\":\"https:\/\/xenonkungen.com\/wp-content\/uploads\/2025\/04\/207273587-origpic-0fac9a.jpg\",\"width\":476,\"height\":357},{\"@type\":\"BreadcrumbList\",\"@id\":\"https:\/\/xenonkungen.com\/produkt\/blixtljusramp-optibeam-dark-phantom-1400mm\/#breadcrumb\",\"itemListElement\":[{\"@type\":\"ListItem\",\"position\":1,\"name\":\"Hem\",\"item\":\"https:\/\/xenonkungen.com\/\"},{\"@type\":\"ListItem\",\"position\":2,\"name\":\"Shop\",\"item\":\"https:\/\/xenonkungen.com\/shop\/\"},{\"@type\":\"ListItem\",\"position\":3,\"name\":\"Blixtljusramp Optibeam Dark Phantom 1400mm\"}]},{\"@type\":\"WebSite\",\"@id\":\"https:\/\/xenonkungen.com\/#website\",\"url\":\"https:\/\/xenonkungen.com\/\",\"name\":\"Xenonkungen\",\"description\":\"\",\"potentialAction\":[{\"@type\":\"SearchAction\",\"target\":{\"@type\":\"EntryPoint\",\"urlTemplate\":\"https:\/\/xenonkungen.com\/?s={search_term_string}\"},\"query-input\":{\"@type\":\"PropertyValueSpecification\",\"valueRequired\":true,\"valueName\":\"search_term_string\"}}],\"inLanguage\":\"es\"}]}<\/script>\n<!-- \/ Yoast SEO plugin. -->","yoast_head_json":{"title":"Barra de luz flash Optibeam Dark Phantom 1400mm - Xenonkungen","robots":{"index":"index","follow":"follow","max-snippet":"max-snippet:-1","max-image-preview":"max-image-preview:large","max-video-preview":"max-video-preview:-1"},"canonical":"https:\/\/xenonkungen.com\/es\/producto\/barra-de-luz-de-flash-optibeam-dark-phantom-1400-mm\/","og_locale":"es_ES","og_type":"article","og_title":"Blixtljusramp Optibeam Dark Phantom 1400mm - Xenonkungen","og_description":"\"Uppt\u00e4ck Optibeam Dark Phantom 1400 \u2013 framtidens belysningsl\u00f6sning hos Xenonkungen: 108 lysdioder: F\u00f6r oslagbar synbarhet. 11 blixtm\u00f6nster: Skr\u00e4ddarsy din belysning. Investera i Blixtljusrampernas elite med Dark Phantom 1400.","og_url":"https:\/\/xenonkungen.com\/es\/producto\/barra-de-luz-de-flash-optibeam-dark-phantom-1400-mm\/","og_site_name":"Xenonkungen","article_modified_time":"2026-04-11T00:37:54+00:00","og_image":[{"width":476,"height":357,"url":"https:\/\/xenonkungen.com\/wp-content\/uploads\/2025\/04\/207273587-origpic-0fac9a.jpg","type":"image\/jpeg"}],"twitter_card":"summary_large_image","twitter_misc":{"Tiempo de lectura":"1 minuto"},"schema":{"@context":"https:\/\/schema.org","@graph":[{"@type":"WebPage","@id":"https:\/\/xenonkungen.com\/produkt\/blixtljusramp-optibeam-dark-phantom-1400mm\/","url":"https:\/\/xenonkungen.com\/produkt\/blixtljusramp-optibeam-dark-phantom-1400mm\/","name":"Barra de luz flash Optibeam Dark Phantom 1400mm - Xenonkungen","isPartOf":{"@id":"https:\/\/xenonkungen.com\/#website"},"primaryImageOfPage":{"@id":"https:\/\/xenonkungen.com\/produkt\/blixtljusramp-optibeam-dark-phantom-1400mm\/#primaryimage"},"image":{"@id":"https:\/\/xenonkungen.com\/produkt\/blixtljusramp-optibeam-dark-phantom-1400mm\/#primaryimage"},"thumbnailUrl":"https:\/\/xenonkungen.com\/wp-content\/uploads\/2025\/04\/207273587-origpic-0fac9a.jpg","datePublished":"2025-04-15T09:17:47+00:00","dateModified":"2026-04-11T00:37:54+00:00","breadcrumb":{"@id":"https:\/\/xenonkungen.com\/produkt\/blixtljusramp-optibeam-dark-phantom-1400mm\/#breadcrumb"},"inLanguage":"es","potentialAction":[{"@type":"ReadAction","target":["https:\/\/xenonkungen.com\/produkt\/blixtljusramp-optibeam-dark-phantom-1400mm\/"]}]},{"@type":"ImageObject","inLanguage":"es","@id":"https:\/\/xenonkungen.com\/produkt\/blixtljusramp-optibeam-dark-phantom-1400mm\/#primaryimage","url":"https:\/\/xenonkungen.com\/wp-content\/uploads\/2025\/04\/207273587-origpic-0fac9a.jpg","contentUrl":"https:\/\/xenonkungen.com\/wp-content\/uploads\/2025\/04\/207273587-origpic-0fac9a.jpg","width":476,"height":357},{"@type":"BreadcrumbList","@id":"https:\/\/xenonkungen.com\/produkt\/blixtljusramp-optibeam-dark-phantom-1400mm\/#breadcrumb","itemListElement":[{"@type":"ListItem","position":1,"name":"Hem","item":"https:\/\/xenonkungen.com\/"},{"@type":"ListItem","position":2,"name":"Shop","item":"https:\/\/xenonkungen.com\/shop\/"},{"@type":"ListItem","position":3,"name":"Blixtljusramp Optibeam Dark Phantom 1400mm"}]},{"@type":"WebSite","@id":"https:\/\/xenonkungen.com\/#website","url":"https:\/\/xenonkungen.com\/","name":"Xenonkungen","description":"","potentialAction":[{"@type":"SearchAction","target":{"@type":"EntryPoint","urlTemplate":"https:\/\/xenonkungen.com\/?s={search_term_string}"},"query-input":{"@type":"PropertyValueSpecification","valueRequired":true,"valueName":"search_term_string"}}],"inLanguage":"es"}]}},"taxonomy_info":{"anvandningsomrade":[{"value":166,"label":"Lastbil"},{"value":238,"label":"SL\u00c4P"},{"value":2816,"label":"TRAILER"}],"product_cat":[{"value":2656,"label":"Blixtljusramp"},{"value":2657,"label":"Blixtljusramp"},{"value":1061,"label":"Varningsljus"}],"pa_storlek-mm":[{"value":1400,"label":"265"}],"pa_stromforbrukning":[{"value":1414,"label":"3,15A @ 12V \/ 1,77A @ 24V"}]},"featured_image_src_large":["https:\/\/xenonkungen.com\/wp-content\/uploads\/2025\/04\/207273587-origpic-0fac9a.jpg",476,357,false],"author_info":[],"comment_info":0,"_links":{"self":[{"href":"https:\/\/xenonkungen.com\/es\/wp-json\/wp\/v2\/product\/4728","targetHints":{"allow":["GET"]}}],"collection":[{"href":"https:\/\/xenonkungen.com\/es\/wp-json\/wp\/v2\/product"}],"about":[{"href":"https:\/\/xenonkungen.com\/es\/wp-json\/wp\/v2\/types\/product"}],"replies":[{"embeddable":true,"href":"https:\/\/xenonkungen.com\/es\/wp-json\/wp\/v2\/comments?post=4728"}],"wp:featuredmedia":[{"embeddable":true,"href":"https:\/\/xenonkungen.com\/es\/wp-json\/wp\/v2\/media\/4729"}],"wp:attachment":[{"href":"https:\/\/xenonkungen.com\/es\/wp-json\/wp\/v2\/media?parent=4728"}],"wp:term":[{"taxonomy":"anvandningsomrade","embeddable":true,"href":"https:\/\/xenonkungen.com\/es\/wp-json\/wp\/v2\/anvandningsomrade?post=4728"},{"taxonomy":"bilmarken","embeddable":true,"href":"https:\/\/xenonkungen.com\/es\/wp-json\/wp\/v2\/bilmarken?post=4728"},{"taxonomy":"product_brand","embeddable":true,"href":"https:\/\/xenonkungen.com\/es\/wp-json\/wp\/v2\/product_brand?post=4728"},{"taxonomy":"product_cat","embeddable":true,"href":"https:\/\/xenonkungen.com\/es\/wp-json\/wp\/v2\/product_cat?post=4728"},{"taxonomy":"product_tag","embeddable":true,"href":"https:\/\/xenonkungen.com\/es\/wp-json\/wp\/v2\/product_tag?post=4728"}],"curies":[{"name":"wp","href":"https:\/\/api.w.org\/{rel}","templated":true}]}}