{"id":4756,"date":"2025-04-15T09:18:01","date_gmt":"2025-04-15T09:18:01","guid":{"rendered":"https:\/\/xenonkungen.com\/product\/bullpro-arbetsljusramp-400w-svangd\/"},"modified":"2026-04-24T17:44:22","modified_gmt":"2026-04-24T16:44:22","slug":"barra-de-luz-de-trabajo-bullpro-curva-de-400-w","status":"publish","type":"product","link":"https:\/\/xenonkungen.com\/es\/producto\/barra-de-luz-de-trabajo-bullpro-curva-de-400-w\/","title":{"rendered":"Bullpro Rampa de Luz de Trabajo 400W Giratoria"},"content":{"rendered":"<h1>Barra de luz de trabajo Bullpro curva de 400 W: iluminaci\u00f3n potente y elegante para todas las necesidades<\/h1>\n<p>Sal a la carretera o afronta el trabajo en la oscuridad con <strong>Bullpro Rampa de Luz de Trabajo 400W Giratoria<\/strong> La soluci\u00f3n definitiva para una iluminaci\u00f3n de trabajo potente y fiable. Con su moderno dise\u00f1o curvo, combina estilo y rendimiento para adaptarse a cualquier veh\u00edculo y entorno de trabajo.<\/p>\n<h2>Propiedades que impresionan:<\/h2>\n<ul>\n<li><strong>Eficiencia de primera clase:<\/strong> Med <strong>400 W<\/strong> Le da un brillo crudo de incre\u00edble <strong>48.000 l\u00famenes<\/strong>, y se midi\u00f3 el brillo de <strong>20.642 l\u00famenes<\/strong> Para una luz real que marca la diferencia.<\/li>\n<li><strong>Voltaje flexible:<\/strong> Puedo hacerlo <strong>10\u201330 V<\/strong>, haci\u00e9ndolo compatible tanto con veh\u00edculos m\u00e1s peque\u00f1os como con maquinaria m\u00e1s pesada.<\/li>\n<li><strong>Dise\u00f1o curvo:<\/strong> Optimizado para una distribuci\u00f3n de luz m\u00e1s amplia y una perfecci\u00f3n est\u00e9tica en el veh\u00edculo.<\/li>\n<li><strong>Dise\u00f1ado para tiempos dif\u00edciles:<\/strong> Fabricado con material robusto que puede soportar duras condiciones clim\u00e1ticas y el uso diario.<\/li>\n<\/ul>\n<h2>Perfecto para:<\/h2>\n<ul>\n<li>Veh\u00edculos de trabajo, entusiastas del todoterreno y profesionales que requieren una iluminaci\u00f3n confiable.<\/li>\n<li>Mejorando la visibilidad y la seguridad, sin importar d\u00f3nde est\u00e9s.<\/li>\n<\/ul>\n<p>Actualice su iluminaci\u00f3n y obtenga una herramienta confiable que iluminar\u00e1 su jornada laboral. <strong>Bullpro Rampa de Luz de Trabajo 400W Giratoria<\/strong> \u2013 \u00a1La potencia que necesitas, cuando la necesitas!<\/p>","protected":false},"excerpt":{"rendered":"<p>Bullpro Arbetsljusramp 400W Sv\u00e4ngd \u2013 Kraftfull och Stilren Belysning f\u00f6r Alla Behov Ge dig ut p\u00e5 v\u00e4garna eller ta itu med arbetet i m\u00f6rker med Bullpro Arbetsljusramp 400W Sv\u00e4ngd \u2013 den ultimata l\u00f6sningen f\u00f6r kraftfull och p\u00e5litlig arbetsbelysning. Med sin moderna, sv\u00e4ngda design kombinerar den stil och prestanda f\u00f6r att passa alla fordon och arbetsmilj\u00f6er. [&hellip;]<\/p>","protected":false},"featured_media":4757,"comment_status":"closed","ping_status":"open","template":"","meta":{"_acf_changed":false,"_smort_price_nok":"5741","_smort_price_dkk":"3647","_smort_price_eur":"488.61","_smort_sale_price_nok":"","_smort_sale_price_dkk":"","_smort_sale_price_eur":"","smort_restorder":"","shipmondo_restorder":"","_kad_blocks_custom_css":"","_kad_blocks_head_custom_js":"","_kad_blocks_body_custom_js":"","_kad_blocks_footer_custom_js":"","smort_custom_pricelist_1":"3440","smort_custom_pricelist_2":"3010","smort_custom_pricelist_3":"2795","smort_custom_pricelist_4":"4300","smort_custom_pricelist_5":"3010"},"anvandningsomrade":[],"bilmarken":[],"product_brand":[93],"product_cat":[2551,508],"product_tag":[],"class_list":{"0":"post-4756","1":"product","2":"type-product","3":"status-publish","4":"has-post-thumbnail","6":"product_brand-bullpro","7":"product_cat-arbetsljusramp-arbetsbelysning","8":"product_cat-arbetsbelysning","9":"pa_fargtemperatur-1428","10":"pa_fuktskydd-varde-ipxx-ip67-ip69k","11":"pa_godkannande-r10","12":"pa_led-chips-effekt-w-400","13":"pa_ljusbild-flood-beam","14":"pa_storlek-mm-1073-x-78-x-55","15":"pa_volt-v-10-30","17":"first","18":"onbackorder","19":"taxable","20":"shipping-taxable","21":"purchasable","22":"product-type-simple"},"bundled_by":[],"bundle_stock_status":"onbackorder","bundle_stock_quantity":0,"bundle_virtual":false,"bundle_layout":"","bundle_add_to_cart_form_location":"","bundle_editable_in_cart":false,"bundle_sold_individually_context":"","bundle_item_grouping":"","bundle_min_size":"","bundle_max_size":"","bundle_price":[],"bundled_items":[],"bundle_sell_ids":[],"acf":[],"yoast_head":"<!-- This site is optimized with the Yoast SEO plugin v27.0 - https:\/\/yoast.com\/product\/yoast-seo-wordpress\/ -->\n<title>Bullpro Arbetsljusramp 400W Sv\u00e4ngd - Xenonkungen<\/title>\n<meta name=\"robots\" content=\"index, follow, max-snippet:-1, max-image-preview:large, max-video-preview:-1\" \/>\n<link rel=\"canonical\" href=\"https:\/\/xenonkungen.com\/es\/producto\/barra-de-luz-de-trabajo-bullpro-curva-de-400-w\/\" \/>\n<meta property=\"og:locale\" content=\"es_ES\" \/>\n<meta property=\"og:type\" content=\"article\" \/>\n<meta property=\"og:title\" content=\"Bullpro Arbetsljusramp 400W Sv\u00e4ngd - Xenonkungen\" \/>\n<meta property=\"og:description\" content=\"Bullpro Arbetsljusramp 400W Sv\u00e4ngd \u2013 Kraftfull och Stilren Belysning f\u00f6r Alla Behov Ge dig ut p\u00e5 v\u00e4garna eller ta itu med arbetet i m\u00f6rker med Bullpro Arbetsljusramp 400W Sv\u00e4ngd \u2013 den ultimata l\u00f6sningen f\u00f6r kraftfull och p\u00e5litlig arbetsbelysning. Med sin moderna, sv\u00e4ngda design kombinerar den stil och prestanda f\u00f6r att passa alla fordon och arbetsmilj\u00f6er. [&hellip;]\" \/>\n<meta property=\"og:url\" content=\"https:\/\/xenonkungen.com\/es\/producto\/barra-de-luz-de-trabajo-bullpro-curva-de-400-w\/\" \/>\n<meta property=\"og:site_name\" content=\"Xenonkungen\" \/>\n<meta property=\"article:modified_time\" content=\"2026-04-24T16:44:22+00:00\" \/>\n<meta property=\"og:image\" content=\"https:\/\/xenonkungen.com\/wp-content\/uploads\/2025\/04\/216613491-origpic-e6ee7b.jpg\" \/>\n\t<meta property=\"og:image:width\" content=\"476\" \/>\n\t<meta property=\"og:image:height\" content=\"476\" \/>\n\t<meta property=\"og:image:type\" content=\"image\/jpeg\" \/>\n<meta name=\"twitter:card\" content=\"summary_large_image\" \/>\n<meta name=\"twitter:label1\" content=\"Tiempo de lectura\" \/>\n\t<meta name=\"twitter:data1\" content=\"1 minuto\" \/>\n<script type=\"application\/ld+json\" class=\"yoast-schema-graph\">{\"@context\":\"https:\/\/schema.org\",\"@graph\":[{\"@type\":\"WebPage\",\"@id\":\"https:\/\/xenonkungen.com\/de\/produkt\/bullpro-arbeitsscheinwerfer-400w-gebogen\/\",\"url\":\"https:\/\/xenonkungen.com\/de\/produkt\/bullpro-arbeitsscheinwerfer-400w-gebogen\/\",\"name\":\"Bullpro Arbetsljusramp 400W Sv\u00e4ngd - Xenonkungen\",\"isPartOf\":{\"@id\":\"https:\/\/xenonkungen.com\/#website\"},\"primaryImageOfPage\":{\"@id\":\"https:\/\/xenonkungen.com\/de\/produkt\/bullpro-arbeitsscheinwerfer-400w-gebogen\/#primaryimage\"},\"image\":{\"@id\":\"https:\/\/xenonkungen.com\/de\/produkt\/bullpro-arbeitsscheinwerfer-400w-gebogen\/#primaryimage\"},\"thumbnailUrl\":\"https:\/\/xenonkungen.com\/wp-content\/uploads\/2025\/04\/216613491-origpic-e6ee7b.jpg\",\"datePublished\":\"2025-04-15T09:18:01+00:00\",\"dateModified\":\"2026-04-24T16:44:22+00:00\",\"breadcrumb\":{\"@id\":\"https:\/\/xenonkungen.com\/de\/produkt\/bullpro-arbeitsscheinwerfer-400w-gebogen\/#breadcrumb\"},\"inLanguage\":\"es\",\"potentialAction\":[{\"@type\":\"ReadAction\",\"target\":[\"https:\/\/xenonkungen.com\/de\/produkt\/bullpro-arbeitsscheinwerfer-400w-gebogen\/\"]}]},{\"@type\":\"ImageObject\",\"inLanguage\":\"es\",\"@id\":\"https:\/\/xenonkungen.com\/de\/produkt\/bullpro-arbeitsscheinwerfer-400w-gebogen\/#primaryimage\",\"url\":\"https:\/\/xenonkungen.com\/wp-content\/uploads\/2025\/04\/216613491-origpic-e6ee7b.jpg\",\"contentUrl\":\"https:\/\/xenonkungen.com\/wp-content\/uploads\/2025\/04\/216613491-origpic-e6ee7b.jpg\",\"width\":476,\"height\":476},{\"@type\":\"BreadcrumbList\",\"@id\":\"https:\/\/xenonkungen.com\/de\/produkt\/bullpro-arbeitsscheinwerfer-400w-gebogen\/#breadcrumb\",\"itemListElement\":[{\"@type\":\"ListItem\",\"position\":1,\"name\":\"Hem\",\"item\":\"https:\/\/xenonkungen.com\/\"},{\"@type\":\"ListItem\",\"position\":2,\"name\":\"Shop\",\"item\":\"https:\/\/xenonkungen.com\/shop\/\"},{\"@type\":\"ListItem\",\"position\":3,\"name\":\"Bullpro Arbetsljusramp 400W Sv\u00e4ngd\"}]},{\"@type\":\"WebSite\",\"@id\":\"https:\/\/xenonkungen.com\/#website\",\"url\":\"https:\/\/xenonkungen.com\/\",\"name\":\"Xenonkungen\",\"description\":\"\",\"potentialAction\":[{\"@type\":\"SearchAction\",\"target\":{\"@type\":\"EntryPoint\",\"urlTemplate\":\"https:\/\/xenonkungen.com\/?s={search_term_string}\"},\"query-input\":{\"@type\":\"PropertyValueSpecification\",\"valueRequired\":true,\"valueName\":\"search_term_string\"}}],\"inLanguage\":\"es\"}]}<\/script>\n<!-- \/ Yoast SEO plugin. -->","yoast_head_json":{"title":"Barra de luz de trabajo Bullpro de 400 W curva - Xen\u00f3n","robots":{"index":"index","follow":"follow","max-snippet":"max-snippet:-1","max-image-preview":"max-image-preview:large","max-video-preview":"max-video-preview:-1"},"canonical":"https:\/\/xenonkungen.com\/es\/producto\/barra-de-luz-de-trabajo-bullpro-curva-de-400-w\/","og_locale":"es_ES","og_type":"article","og_title":"Bullpro Arbetsljusramp 400W Sv\u00e4ngd - Xenonkungen","og_description":"Bullpro Arbetsljusramp 400W Sv\u00e4ngd \u2013 Kraftfull och Stilren Belysning f\u00f6r Alla Behov Ge dig ut p\u00e5 v\u00e4garna eller ta itu med arbetet i m\u00f6rker med Bullpro Arbetsljusramp 400W Sv\u00e4ngd \u2013 den ultimata l\u00f6sningen f\u00f6r kraftfull och p\u00e5litlig arbetsbelysning. Med sin moderna, sv\u00e4ngda design kombinerar den stil och prestanda f\u00f6r att passa alla fordon och arbetsmilj\u00f6er. [&hellip;]","og_url":"https:\/\/xenonkungen.com\/es\/producto\/barra-de-luz-de-trabajo-bullpro-curva-de-400-w\/","og_site_name":"Xenonkungen","article_modified_time":"2026-04-24T16:44:22+00:00","og_image":[{"width":476,"height":476,"url":"https:\/\/xenonkungen.com\/wp-content\/uploads\/2025\/04\/216613491-origpic-e6ee7b.jpg","type":"image\/jpeg"}],"twitter_card":"summary_large_image","twitter_misc":{"Tiempo de lectura":"1 minuto"},"schema":{"@context":"https:\/\/schema.org","@graph":[{"@type":"WebPage","@id":"https:\/\/xenonkungen.com\/de\/produkt\/bullpro-arbeitsscheinwerfer-400w-gebogen\/","url":"https:\/\/xenonkungen.com\/de\/produkt\/bullpro-arbeitsscheinwerfer-400w-gebogen\/","name":"Barra de luz de trabajo Bullpro de 400 W curva - Xen\u00f3n","isPartOf":{"@id":"https:\/\/xenonkungen.com\/#website"},"primaryImageOfPage":{"@id":"https:\/\/xenonkungen.com\/de\/produkt\/bullpro-arbeitsscheinwerfer-400w-gebogen\/#primaryimage"},"image":{"@id":"https:\/\/xenonkungen.com\/de\/produkt\/bullpro-arbeitsscheinwerfer-400w-gebogen\/#primaryimage"},"thumbnailUrl":"https:\/\/xenonkungen.com\/wp-content\/uploads\/2025\/04\/216613491-origpic-e6ee7b.jpg","datePublished":"2025-04-15T09:18:01+00:00","dateModified":"2026-04-24T16:44:22+00:00","breadcrumb":{"@id":"https:\/\/xenonkungen.com\/de\/produkt\/bullpro-arbeitsscheinwerfer-400w-gebogen\/#breadcrumb"},"inLanguage":"es","potentialAction":[{"@type":"ReadAction","target":["https:\/\/xenonkungen.com\/de\/produkt\/bullpro-arbeitsscheinwerfer-400w-gebogen\/"]}]},{"@type":"ImageObject","inLanguage":"es","@id":"https:\/\/xenonkungen.com\/de\/produkt\/bullpro-arbeitsscheinwerfer-400w-gebogen\/#primaryimage","url":"https:\/\/xenonkungen.com\/wp-content\/uploads\/2025\/04\/216613491-origpic-e6ee7b.jpg","contentUrl":"https:\/\/xenonkungen.com\/wp-content\/uploads\/2025\/04\/216613491-origpic-e6ee7b.jpg","width":476,"height":476},{"@type":"BreadcrumbList","@id":"https:\/\/xenonkungen.com\/de\/produkt\/bullpro-arbeitsscheinwerfer-400w-gebogen\/#breadcrumb","itemListElement":[{"@type":"ListItem","position":1,"name":"Hem","item":"https:\/\/xenonkungen.com\/"},{"@type":"ListItem","position":2,"name":"Shop","item":"https:\/\/xenonkungen.com\/shop\/"},{"@type":"ListItem","position":3,"name":"Bullpro Arbetsljusramp 400W Sv\u00e4ngd"}]},{"@type":"WebSite","@id":"https:\/\/xenonkungen.com\/#website","url":"https:\/\/xenonkungen.com\/","name":"Xenonkungen","description":"","potentialAction":[{"@type":"SearchAction","target":{"@type":"EntryPoint","urlTemplate":"https:\/\/xenonkungen.com\/?s={search_term_string}"},"query-input":{"@type":"PropertyValueSpecification","valueRequired":true,"valueName":"search_term_string"}}],"inLanguage":"es"}]}},"taxonomy_info":{"product_brand":[{"value":93,"label":"Bullpro"}],"product_cat":[{"value":2551,"label":"Arbetsljusramp"},{"value":508,"label":"Arbetsbelysning"}],"pa_fargtemperatur":[{"value":1428,"label":"6000"}],"pa_fuktskydd-varde-ipxx":[{"value":1070,"label":"IP67, IP69K"}],"pa_godkannande":[{"value":184,"label":"R10"}],"pa_led-chips-effekt-w":[{"value":400,"label":"108"}],"pa_ljusbild":[{"value":1431,"label":"flood beam"}],"pa_storlek-mm":[{"value":1430,"label":"1073 x 78 x 55"}],"pa_volt-v":[{"value":1419,"label":"10-30"}]},"featured_image_src_large":["https:\/\/xenonkungen.com\/wp-content\/uploads\/2025\/04\/216613491-origpic-e6ee7b.jpg",476,476,false],"author_info":[],"comment_info":0,"_links":{"self":[{"href":"https:\/\/xenonkungen.com\/es\/wp-json\/wp\/v2\/product\/4756","targetHints":{"allow":["GET"]}}],"collection":[{"href":"https:\/\/xenonkungen.com\/es\/wp-json\/wp\/v2\/product"}],"about":[{"href":"https:\/\/xenonkungen.com\/es\/wp-json\/wp\/v2\/types\/product"}],"replies":[{"embeddable":true,"href":"https:\/\/xenonkungen.com\/es\/wp-json\/wp\/v2\/comments?post=4756"}],"wp:featuredmedia":[{"embeddable":true,"href":"https:\/\/xenonkungen.com\/es\/wp-json\/wp\/v2\/media\/4757"}],"wp:attachment":[{"href":"https:\/\/xenonkungen.com\/es\/wp-json\/wp\/v2\/media?parent=4756"}],"wp:term":[{"taxonomy":"anvandningsomrade","embeddable":true,"href":"https:\/\/xenonkungen.com\/es\/wp-json\/wp\/v2\/anvandningsomrade?post=4756"},{"taxonomy":"bilmarken","embeddable":true,"href":"https:\/\/xenonkungen.com\/es\/wp-json\/wp\/v2\/bilmarken?post=4756"},{"taxonomy":"product_brand","embeddable":true,"href":"https:\/\/xenonkungen.com\/es\/wp-json\/wp\/v2\/product_brand?post=4756"},{"taxonomy":"product_cat","embeddable":true,"href":"https:\/\/xenonkungen.com\/es\/wp-json\/wp\/v2\/product_cat?post=4756"},{"taxonomy":"product_tag","embeddable":true,"href":"https:\/\/xenonkungen.com\/es\/wp-json\/wp\/v2\/product_tag?post=4756"}],"curies":[{"name":"wp","href":"https:\/\/api.w.org\/{rel}","templated":true}]}}