{"id":4801,"date":"2025-04-15T09:18:13","date_gmt":"2025-04-15T09:18:13","guid":{"rendered":"https:\/\/xenonkungen.com\/product\/blixtljus-optibeam-flex-lm6-orange\/"},"modified":"2026-04-24T17:44:33","modified_gmt":"2026-04-24T16:44:33","slug":"linterna-optibeam-flex-lm6-naranja","status":"publish","type":"product","link":"https:\/\/xenonkungen.com\/es\/producto\/linterna-optibeam-flex-lm6-naranja\/","title":{"rendered":"Luz intermitente Optibeam FLEX LM6 Naranja"},"content":{"rendered":"<h1><strong>OPTIBEAM FLEX LM6 - Luz de flash revolucionaria para todas las superficies<\/strong><\/h1>\n<p>Descubra la OPTIBEAM FLEX LM6, la esperada luz de flash flexible que ofrece posibilidades de instalaci\u00f3n completamente nuevas. Con su dise\u00f1o exclusivo, el FLEX LM6 puede montarse f\u00e1cilmente tanto en superficies curvas como planas, por lo que resulta ideal para una gran variedad de aplicaciones.<\/p>\n<p><strong>Flexible y personalizable<\/strong><\/p>\n<p>OPTIBEAM FLEX LM6 est\u00e1 dise\u00f1ada para fijarse a superficies con una curvatura de hasta 120 grados. Esto la hace perfecta para su instalaci\u00f3n en estabilizadores de camiones gr\u00faa, esquinas de veh\u00edculos u otras superficies de dif\u00edcil acceso donde las luces r\u00edgidas tradicionales no son adecuadas.<\/p>\n<p><strong>F\u00e1cil instalaci\u00f3n<\/strong><\/p>\n<p>La instalaci\u00f3n de FLEX LM6 es sencilla y puede realizarse de dos formas diferentes:<\/p>\n<ul>\n<li><strong>Cinta adhesiva de doble cara:<\/strong> Para una instalaci\u00f3n r\u00e1pida y sencilla.<\/li>\n<li><strong>Dos tornillos:<\/strong> Para una fijaci\u00f3n m\u00e1s segura.<\/li>\n<\/ul>\n<p><strong>Dise\u00f1o avanzado y alta calidad<\/strong><\/p>\n<p>La FLEX LM6 tiene un dise\u00f1o aerodin\u00e1mico para minimizar la resistencia y est\u00e1 fabricada con silicona blanda Dow Silastic, lo que confiere tanto a la carcasa como a la lente una estructura duradera y flexible. Adem\u00e1s, la l\u00e1mpara tiene una lente transparente y contiene 6 potentes LED que proporcionan una visibilidad \u00f3ptima.<\/p>\n<p><strong>Tecnolog\u00eda y seguridad<\/strong><\/p>\n<ul>\n<li><strong>20 patrones de flash y doble memoria:<\/strong> Cambia r\u00e1pidamente entre los distintos modos de iluminaci\u00f3n.<\/li>\n<li><strong>Sincronizable:<\/strong> Puede sincronizarse con hasta 20 l\u00e1mparas.<\/li>\n<li><strong>Supresi\u00f3n de interferencias:<\/strong> CISPR CLASE 3, lo que significa que no hay interferencias de radio.<\/li>\n<li><strong>Autorizaci\u00f3n de circulaci\u00f3n por carretera:<\/strong> ECE R65 clase 2, homologado para uso diurno y nocturno.<\/li>\n<li><strong>Clase de protecci\u00f3n alta:<\/strong> IP67, que garantiza la protecci\u00f3n contra el agua y el polvo.<\/li>\n<li><strong>Elementos de seguridad:<\/strong> Protecci\u00f3n contra la conexi\u00f3n con polaridad incorrecta y buena resistencia al deslustre.<\/li>\n<\/ul>\n<p><strong>Fiabilidad y garant\u00eda<\/strong><\/p>\n<p>Con una garant\u00eda de 36 meses, demostramos nuestra plena confianza en OPTIBEAM FLEX LM6. Esta garant\u00eda refleja la alta calidad y durabilidad del producto.<\/p>\n<p><strong>Resumen de caracter\u00edsticas:<\/strong><\/p>\n<ul>\n<li><strong>Instalaci\u00f3n flexible:<\/strong> Hasta 120\u00b0 de curvatura.<\/li>\n<li><strong>Material:<\/strong> Silicona Dow Silastic.<\/li>\n<li><strong>Dise\u00f1o:<\/strong> Aerodin\u00e1mica y resistencia minimizadas.<\/li>\n<li><strong>Montaje:<\/strong> Fijaci\u00f3n por tornillos y cinta con tornillos protegidos.<\/li>\n<li><strong>Lentes:<\/strong> Transparente y duradero.<\/li>\n<li><strong>Luz:<\/strong> 6 potentes luces LED.<\/li>\n<li><strong>Patrones de rayos:<\/strong> 20 diferentes, con doble memoria.<\/li>\n<li><strong>Sincronizaci\u00f3n:<\/strong> Hasta 20 l\u00e1mparas.<\/li>\n<li><strong>Protecci\u00f3n:<\/strong> A prueba de cortocircuitos y protecci\u00f3n contra conexi\u00f3n de polaridad incorrecta.<\/li>\n<li><strong>Resistente a la intemperie:<\/strong> Resiste condiciones duras.<\/li>\n<li><strong>Resistencia a las vibraciones:<\/strong> Excelente durabilidad bajo vibraciones.<\/li>\n<\/ul>\n<p>Elija OPTIBEAM FLEX LM6 para obtener una soluci\u00f3n de iluminaci\u00f3n flexible, fiable y avanzada que se adapta a todas sus necesidades.<\/p>","protected":false},"excerpt":{"rendered":"<p>OPTIBEAM Flex es un flash flexible adaptado a superficies curvas o planas.<\/p>","protected":false},"featured_media":4802,"comment_status":"closed","ping_status":"open","template":"","meta":{"_acf_changed":false,"_smort_price_nok":"1330","_smort_price_dkk":"845","_smort_price_eur":"113.18","_smort_sale_price_nok":"","_smort_sale_price_dkk":"","_smort_sale_price_eur":"","smort_restorder":"","shipmondo_restorder":"","_kad_blocks_custom_css":"","_kad_blocks_head_custom_js":"","_kad_blocks_body_custom_js":"","_kad_blocks_footer_custom_js":"","smort_custom_pricelist_1":"796.8","smort_custom_pricelist_2":"697.2","smort_custom_pricelist_3":"647.4","smort_custom_pricelist_4":"996","smort_custom_pricelist_5":"697.2"},"anvandningsomrade":[],"bilmarken":[],"product_brand":[],"product_cat":[2553,1061],"product_tag":[],"class_list":{"0":"post-4801","1":"product","2":"type-product","3":"status-publish","4":"has-post-thumbnail","6":"product_cat-blixtljus-riktat-varningsljus","7":"product_cat-varningsljus","8":"pa_faktisk-effekts-forbrukning-144w12v-1536w24v","9":"pa_fargtemperatur-orange","10":"pa_fuktskydd-varde-ipxx-ip67","11":"pa_godkannande-ece-r65-r10","12":"pa_led-chips-effekt-w-144w12v-1536w24v","13":"pa_ljusbild-blixtljus","14":"pa_storlek-mm-1268x302x107","15":"pa_stromforbrukning-064a24v","16":"pa_stromforbrukning-12a-12v","17":"pa_volt-v-12-24","19":"first","20":"instock","21":"taxable","22":"shipping-taxable","23":"purchasable","24":"product-type-simple"},"bundled_by":[],"bundle_stock_status":"instock","bundle_stock_quantity":11,"bundle_virtual":false,"bundle_layout":"","bundle_add_to_cart_form_location":"","bundle_editable_in_cart":false,"bundle_sold_individually_context":"","bundle_item_grouping":"","bundle_min_size":"","bundle_max_size":"","bundle_price":[],"bundled_items":[],"bundle_sell_ids":[],"acf":[],"yoast_head":"<!-- This site is optimized with the Yoast SEO plugin v27.0 - https:\/\/yoast.com\/product\/yoast-seo-wordpress\/ -->\n<title>Blixtljus Optibeam FLEX LM6 Orange - Xenonkungen<\/title>\n<meta name=\"robots\" content=\"index, follow, max-snippet:-1, max-image-preview:large, max-video-preview:-1\" \/>\n<link rel=\"canonical\" href=\"https:\/\/xenonkungen.com\/es\/producto\/linterna-optibeam-flex-lm6-naranja\/\" \/>\n<meta property=\"og:locale\" content=\"es_ES\" \/>\n<meta property=\"og:type\" content=\"article\" \/>\n<meta property=\"og:title\" content=\"Blixtljus Optibeam FLEX LM6 Orange - Xenonkungen\" \/>\n<meta property=\"og:description\" content=\"OPTIBEAM Flex \u00e4r ett flexibelt blixtljus anpassat f\u00f6r v\u00e4lvda eller plana ytor.\" \/>\n<meta property=\"og:url\" content=\"https:\/\/xenonkungen.com\/es\/producto\/linterna-optibeam-flex-lm6-naranja\/\" \/>\n<meta property=\"og:site_name\" content=\"Xenonkungen\" \/>\n<meta property=\"article:modified_time\" content=\"2026-04-24T16:44:33+00:00\" \/>\n<meta property=\"og:image\" content=\"https:\/\/xenonkungen.com\/wp-content\/uploads\/2025\/04\/213621931-origpic-49a39c.png\" \/>\n\t<meta property=\"og:image:width\" content=\"778\" \/>\n\t<meta property=\"og:image:height\" content=\"778\" \/>\n\t<meta property=\"og:image:type\" content=\"image\/png\" \/>\n<meta name=\"twitter:card\" content=\"summary_large_image\" \/>\n<meta name=\"twitter:label1\" content=\"Tiempo de lectura\" \/>\n\t<meta name=\"twitter:data1\" content=\"2 minutos\" \/>\n<script type=\"application\/ld+json\" class=\"yoast-schema-graph\">{\"@context\":\"https:\/\/schema.org\",\"@graph\":[{\"@type\":\"WebPage\",\"@id\":\"https:\/\/xenonkungen.com\/produkt\/blixtljus-optibeam-flex-lm6-orange\/\",\"url\":\"https:\/\/xenonkungen.com\/produkt\/blixtljus-optibeam-flex-lm6-orange\/\",\"name\":\"Blixtljus Optibeam FLEX LM6 Orange - Xenonkungen\",\"isPartOf\":{\"@id\":\"https:\/\/xenonkungen.com\/#website\"},\"primaryImageOfPage\":{\"@id\":\"https:\/\/xenonkungen.com\/produkt\/blixtljus-optibeam-flex-lm6-orange\/#primaryimage\"},\"image\":{\"@id\":\"https:\/\/xenonkungen.com\/produkt\/blixtljus-optibeam-flex-lm6-orange\/#primaryimage\"},\"thumbnailUrl\":\"https:\/\/xenonkungen.com\/wp-content\/uploads\/2025\/04\/213621931-origpic-49a39c.png\",\"datePublished\":\"2025-04-15T09:18:13+00:00\",\"dateModified\":\"2026-04-24T16:44:33+00:00\",\"breadcrumb\":{\"@id\":\"https:\/\/xenonkungen.com\/produkt\/blixtljus-optibeam-flex-lm6-orange\/#breadcrumb\"},\"inLanguage\":\"es\",\"potentialAction\":[{\"@type\":\"ReadAction\",\"target\":[\"https:\/\/xenonkungen.com\/produkt\/blixtljus-optibeam-flex-lm6-orange\/\"]}]},{\"@type\":\"ImageObject\",\"inLanguage\":\"es\",\"@id\":\"https:\/\/xenonkungen.com\/produkt\/blixtljus-optibeam-flex-lm6-orange\/#primaryimage\",\"url\":\"https:\/\/xenonkungen.com\/wp-content\/uploads\/2025\/04\/213621931-origpic-49a39c.png\",\"contentUrl\":\"https:\/\/xenonkungen.com\/wp-content\/uploads\/2025\/04\/213621931-origpic-49a39c.png\",\"width\":778,\"height\":778},{\"@type\":\"BreadcrumbList\",\"@id\":\"https:\/\/xenonkungen.com\/produkt\/blixtljus-optibeam-flex-lm6-orange\/#breadcrumb\",\"itemListElement\":[{\"@type\":\"ListItem\",\"position\":1,\"name\":\"Hem\",\"item\":\"https:\/\/xenonkungen.com\/\"},{\"@type\":\"ListItem\",\"position\":2,\"name\":\"Shop\",\"item\":\"https:\/\/xenonkungen.com\/shop\/\"},{\"@type\":\"ListItem\",\"position\":3,\"name\":\"Blixtljus Optibeam FLEX LM6 Orange\"}]},{\"@type\":\"WebSite\",\"@id\":\"https:\/\/xenonkungen.com\/#website\",\"url\":\"https:\/\/xenonkungen.com\/\",\"name\":\"Xenonkungen\",\"description\":\"\",\"potentialAction\":[{\"@type\":\"SearchAction\",\"target\":{\"@type\":\"EntryPoint\",\"urlTemplate\":\"https:\/\/xenonkungen.com\/?s={search_term_string}\"},\"query-input\":{\"@type\":\"PropertyValueSpecification\",\"valueRequired\":true,\"valueName\":\"search_term_string\"}}],\"inLanguage\":\"es\"}]}<\/script>\n<!-- \/ Yoast SEO plugin. -->","yoast_head_json":{"title":"Linterna Optibeam FLEX LM6 Naranja - Xen\u00f3n","robots":{"index":"index","follow":"follow","max-snippet":"max-snippet:-1","max-image-preview":"max-image-preview:large","max-video-preview":"max-video-preview:-1"},"canonical":"https:\/\/xenonkungen.com\/es\/producto\/linterna-optibeam-flex-lm6-naranja\/","og_locale":"es_ES","og_type":"article","og_title":"Blixtljus Optibeam FLEX LM6 Orange - Xenonkungen","og_description":"OPTIBEAM Flex \u00e4r ett flexibelt blixtljus anpassat f\u00f6r v\u00e4lvda eller plana ytor.","og_url":"https:\/\/xenonkungen.com\/es\/producto\/linterna-optibeam-flex-lm6-naranja\/","og_site_name":"Xenonkungen","article_modified_time":"2026-04-24T16:44:33+00:00","og_image":[{"width":778,"height":778,"url":"https:\/\/xenonkungen.com\/wp-content\/uploads\/2025\/04\/213621931-origpic-49a39c.png","type":"image\/png"}],"twitter_card":"summary_large_image","twitter_misc":{"Tiempo de lectura":"2 minutos"},"schema":{"@context":"https:\/\/schema.org","@graph":[{"@type":"WebPage","@id":"https:\/\/xenonkungen.com\/produkt\/blixtljus-optibeam-flex-lm6-orange\/","url":"https:\/\/xenonkungen.com\/produkt\/blixtljus-optibeam-flex-lm6-orange\/","name":"Linterna Optibeam FLEX LM6 Naranja - Xen\u00f3n","isPartOf":{"@id":"https:\/\/xenonkungen.com\/#website"},"primaryImageOfPage":{"@id":"https:\/\/xenonkungen.com\/produkt\/blixtljus-optibeam-flex-lm6-orange\/#primaryimage"},"image":{"@id":"https:\/\/xenonkungen.com\/produkt\/blixtljus-optibeam-flex-lm6-orange\/#primaryimage"},"thumbnailUrl":"https:\/\/xenonkungen.com\/wp-content\/uploads\/2025\/04\/213621931-origpic-49a39c.png","datePublished":"2025-04-15T09:18:13+00:00","dateModified":"2026-04-24T16:44:33+00:00","breadcrumb":{"@id":"https:\/\/xenonkungen.com\/produkt\/blixtljus-optibeam-flex-lm6-orange\/#breadcrumb"},"inLanguage":"es","potentialAction":[{"@type":"ReadAction","target":["https:\/\/xenonkungen.com\/produkt\/blixtljus-optibeam-flex-lm6-orange\/"]}]},{"@type":"ImageObject","inLanguage":"es","@id":"https:\/\/xenonkungen.com\/produkt\/blixtljus-optibeam-flex-lm6-orange\/#primaryimage","url":"https:\/\/xenonkungen.com\/wp-content\/uploads\/2025\/04\/213621931-origpic-49a39c.png","contentUrl":"https:\/\/xenonkungen.com\/wp-content\/uploads\/2025\/04\/213621931-origpic-49a39c.png","width":778,"height":778},{"@type":"BreadcrumbList","@id":"https:\/\/xenonkungen.com\/produkt\/blixtljus-optibeam-flex-lm6-orange\/#breadcrumb","itemListElement":[{"@type":"ListItem","position":1,"name":"Hem","item":"https:\/\/xenonkungen.com\/"},{"@type":"ListItem","position":2,"name":"Shop","item":"https:\/\/xenonkungen.com\/shop\/"},{"@type":"ListItem","position":3,"name":"Blixtljus Optibeam FLEX LM6 Orange"}]},{"@type":"WebSite","@id":"https:\/\/xenonkungen.com\/#website","url":"https:\/\/xenonkungen.com\/","name":"Xenonkungen","description":"","potentialAction":[{"@type":"SearchAction","target":{"@type":"EntryPoint","urlTemplate":"https:\/\/xenonkungen.com\/?s={search_term_string}"},"query-input":{"@type":"PropertyValueSpecification","valueRequired":true,"valueName":"search_term_string"}}],"inLanguage":"es"}]}},"taxonomy_info":{"product_cat":[{"value":2553,"label":"Blixtljus - Riktat varningsljus"},{"value":1061,"label":"Varningsljus"}],"pa_faktisk-effekts-forbrukning":[{"value":1449,"label":"14,4W@12V \/ 15,36W@24V"}],"pa_fargtemperatur":[{"value":1439,"label":"Orange"}],"pa_fuktskydd-varde-ipxx":[{"value":333,"label":"IP67"}],"pa_godkannande":[{"value":1442,"label":"ECE R65 R10"}],"pa_led-chips-effekt-w":[{"value":1448,"label":"14,4W@12V \/ 15,36W@24V"}],"pa_ljusbild":[{"value":1450,"label":"blixtljus"}],"pa_storlek-mm":[{"value":1447,"label":"126,8x30,2x10,7"}],"pa_stromforbrukning":[{"value":1452,"label":"0,64A@24V"},{"value":1451,"label":"1,2A @12V"}],"pa_volt-v":[{"value":348,"label":"12, 24"}]},"featured_image_src_large":["https:\/\/xenonkungen.com\/wp-content\/uploads\/2025\/04\/213621931-origpic-49a39c.png",778,778,false],"author_info":[],"comment_info":0,"_links":{"self":[{"href":"https:\/\/xenonkungen.com\/es\/wp-json\/wp\/v2\/product\/4801","targetHints":{"allow":["GET"]}}],"collection":[{"href":"https:\/\/xenonkungen.com\/es\/wp-json\/wp\/v2\/product"}],"about":[{"href":"https:\/\/xenonkungen.com\/es\/wp-json\/wp\/v2\/types\/product"}],"replies":[{"embeddable":true,"href":"https:\/\/xenonkungen.com\/es\/wp-json\/wp\/v2\/comments?post=4801"}],"wp:featuredmedia":[{"embeddable":true,"href":"https:\/\/xenonkungen.com\/es\/wp-json\/wp\/v2\/media\/4802"}],"wp:attachment":[{"href":"https:\/\/xenonkungen.com\/es\/wp-json\/wp\/v2\/media?parent=4801"}],"wp:term":[{"taxonomy":"anvandningsomrade","embeddable":true,"href":"https:\/\/xenonkungen.com\/es\/wp-json\/wp\/v2\/anvandningsomrade?post=4801"},{"taxonomy":"bilmarken","embeddable":true,"href":"https:\/\/xenonkungen.com\/es\/wp-json\/wp\/v2\/bilmarken?post=4801"},{"taxonomy":"product_brand","embeddable":true,"href":"https:\/\/xenonkungen.com\/es\/wp-json\/wp\/v2\/product_brand?post=4801"},{"taxonomy":"product_cat","embeddable":true,"href":"https:\/\/xenonkungen.com\/es\/wp-json\/wp\/v2\/product_cat?post=4801"},{"taxonomy":"product_tag","embeddable":true,"href":"https:\/\/xenonkungen.com\/es\/wp-json\/wp\/v2\/product_tag?post=4801"}],"curies":[{"name":"wp","href":"https:\/\/api.w.org\/{rel}","templated":true}]}}