{"id":4807,"date":"2025-04-15T09:18:13","date_gmt":"2025-04-15T09:18:13","guid":{"rendered":"https:\/\/xenonkungen.com\/product\/varningspuckar-6x-fyrkantig-laddbar\/"},"modified":"2026-04-11T01:38:34","modified_gmt":"2026-04-11T00:38:34","slug":"discos-de-advertencia-6x-cuadrados-recargables","status":"publish","type":"product","link":"https:\/\/xenonkungen.com\/es\/producto\/discos-de-advertencia-6x-cuadrados-recargables\/","title":{"rendered":"Platos de aviso 6x cuadrados Recargable"},"content":{"rendered":"<h1>Pilotos LED de advertencia recargables AutoLine: seguridad y visibilidad en un solo paquete<\/h1>\n<h2>Caracter\u00edsticas y ventajas<\/h2>\n<p>Mejore su seguridad en la carretera con estos exclusivos discos de luz de advertencia LED recargables de AutoLine. El juego incluye seis discos equipados con caracter\u00edsticas de \u00faltima generaci\u00f3n dise\u00f1adas para proporcionar una visibilidad y durabilidad \u00f3ptimas. Los discos son sincronizables mediante una conexi\u00f3n inal\u00e1mbrica de 2,4 GHz, lo que permite que todos los H1:<\/p>\n<h1>Pilotos LED de advertencia recargables AutoLine: seguridad y visibilidad en un solo paquete<\/h1>\n<h2>Caracter\u00edsticas y ventajas<\/h2>\n<p>Mejore su seguridad en la carretera con estos exclusivos discos de luz de advertencia LED recargables de AutoLine. El juego incluye seis discos equipados con caracter\u00edsticas de \u00faltima generaci\u00f3n dise\u00f1adas para proporcionar una visibilidad y durabilidad \u00f3ptimas. Los discos son sincronizables mediante una conexi\u00f3n inal\u00e1mbrica de 2,4 GHz, lo que permite controlar todas las luces desde un solo dispositivo, y tambi\u00e9n pueden funcionar a una distancia de hasta 15 metros. Los seis discos pueden cargarse simult\u00e1neamente mediante el cable de carga de 110 cm y 12 V suministrado. Tienen la clasificaci\u00f3n IP67, lo que significa que son resistentes al agua, al polvo y al aceite. Cada disco tiene 16 LED, tres en los laterales y cuatro en la parte superior, que juntos proporcionan un \u00e1ngulo de visi\u00f3n horizontal de 360\u00b0 y vertical de 180\u00b0. Con cinco patrones de parpadeo diferentes para elegir, puede personalizar la visualizaci\u00f3n de la luz para que se adapte a sus necesidades. Cada disco puede parpadear de forma continua hasta 72 horas, en funci\u00f3n del patr\u00f3n de parpadeo que elija. El juego de discos luminosos LED de advertencia se entrega en una pr\u00e1ctica bolsa para facilitar su almacenamiento y transporte.<\/p>","protected":false},"excerpt":{"rendered":"<p>Uppladdningsbara LED-Varningsljuspuckar fr\u00e5n AutoLine: S\u00e4kerhet och synlighet i ett paket Funktioner och f\u00f6rdelar F\u00f6rb\u00e4ttra din s\u00e4kerhet p\u00e5 v\u00e4gen med dessa unika uppladdningsbara LED-varningsljuspuckar fr\u00e5n AutoLine. Setet inneh\u00e5ller sex stycken puckar som \u00e4r utrustade med toppmoderna funktioner designade f\u00f6r att ge optimal synlighet och h\u00e5llbarhet. Puckarna \u00e4r synkroniserbara via en 2,4 GHz tr\u00e5dl\u00f6s anslutning, vilket g\u00f6r [&hellip;]<\/p>","protected":false},"featured_media":4808,"comment_status":"closed","ping_status":"open","template":"","meta":{"_acf_changed":false,"_smort_price_nok":"2243","_smort_price_dkk":"1425","_smort_price_eur":"190.9","_smort_sale_price_nok":"","_smort_sale_price_dkk":"","_smort_sale_price_eur":"","smort_restorder":"","shipmondo_restorder":"","_kad_blocks_custom_css":"","_kad_blocks_head_custom_js":"","_kad_blocks_body_custom_js":"","_kad_blocks_footer_custom_js":"","smort_custom_pricelist_1":"1344","smort_custom_pricelist_2":"1176","smort_custom_pricelist_3":"1117.2","smort_custom_pricelist_4":"1680","smort_custom_pricelist_5":"1176"},"anvandningsomrade":[],"bilmarken":[],"product_brand":[2793],"product_cat":[2554,1061],"product_tag":[],"class_list":{"0":"post-4807","1":"product","2":"type-product","3":"status-publish","4":"has-post-thumbnail","6":"product_brand-ovrigt","7":"product_cat-portabla-varningsljus","8":"product_cat-varningsljus","9":"pa_fargtemperatur-orange","10":"pa_fuktskydd-varde-ipxx-ip67","11":"pa_storlek-mm-108x92x30","12":"pa_volt-v-12-24","14":"first","15":"instock","16":"taxable","17":"shipping-taxable","18":"purchasable","19":"product-type-simple"},"bundled_by":[],"bundle_stock_status":"instock","bundle_stock_quantity":2,"bundle_virtual":false,"bundle_layout":"","bundle_add_to_cart_form_location":"","bundle_editable_in_cart":false,"bundle_sold_individually_context":"","bundle_item_grouping":"","bundle_min_size":"","bundle_max_size":"","bundle_price":[],"bundled_items":[],"bundle_sell_ids":[],"acf":[],"yoast_head":"<!-- This site is optimized with the Yoast SEO plugin v27.0 - https:\/\/yoast.com\/product\/yoast-seo-wordpress\/ -->\n<title>Varningspuckar 6x fyrkantig Laddbar - Xenonkungen<\/title>\n<meta name=\"robots\" content=\"index, follow, max-snippet:-1, max-image-preview:large, max-video-preview:-1\" \/>\n<link rel=\"canonical\" href=\"https:\/\/xenonkungen.com\/es\/producto\/discos-de-advertencia-6x-cuadrados-recargables\/\" \/>\n<meta property=\"og:locale\" content=\"es_ES\" \/>\n<meta property=\"og:type\" content=\"article\" \/>\n<meta property=\"og:title\" content=\"Varningspuckar 6x fyrkantig Laddbar - Xenonkungen\" \/>\n<meta property=\"og:description\" content=\"Uppladdningsbara LED-Varningsljuspuckar fr\u00e5n AutoLine: S\u00e4kerhet och synlighet i ett paket Funktioner och f\u00f6rdelar F\u00f6rb\u00e4ttra din s\u00e4kerhet p\u00e5 v\u00e4gen med dessa unika uppladdningsbara LED-varningsljuspuckar fr\u00e5n AutoLine. Setet inneh\u00e5ller sex stycken puckar som \u00e4r utrustade med toppmoderna funktioner designade f\u00f6r att ge optimal synlighet och h\u00e5llbarhet. Puckarna \u00e4r synkroniserbara via en 2,4 GHz tr\u00e5dl\u00f6s anslutning, vilket g\u00f6r [&hellip;]\" \/>\n<meta property=\"og:url\" content=\"https:\/\/xenonkungen.com\/es\/producto\/discos-de-advertencia-6x-cuadrados-recargables\/\" \/>\n<meta property=\"og:site_name\" content=\"Xenonkungen\" \/>\n<meta property=\"article:modified_time\" content=\"2026-04-11T00:38:34+00:00\" \/>\n<meta property=\"og:image\" content=\"https:\/\/xenonkungen.com\/wp-content\/uploads\/2025\/04\/204076215-origpic-cc2428.jpg\" \/>\n\t<meta property=\"og:image:width\" content=\"400\" \/>\n\t<meta property=\"og:image:height\" content=\"300\" \/>\n\t<meta property=\"og:image:type\" content=\"image\/jpeg\" \/>\n<meta name=\"twitter:card\" content=\"summary_large_image\" \/>\n<meta name=\"twitter:label1\" content=\"Tiempo de lectura\" \/>\n\t<meta name=\"twitter:data1\" content=\"1 minuto\" \/>\n<script type=\"application\/ld+json\" class=\"yoast-schema-graph\">{\"@context\":\"https:\/\/schema.org\",\"@graph\":[{\"@type\":\"WebPage\",\"@id\":\"https:\/\/xenonkungen.com\/no\/produkt\/varselpucker-6x-firkantede-oppladbare\/\",\"url\":\"https:\/\/xenonkungen.com\/no\/produkt\/varselpucker-6x-firkantede-oppladbare\/\",\"name\":\"Varningspuckar 6x fyrkantig Laddbar - Xenonkungen\",\"isPartOf\":{\"@id\":\"https:\/\/xenonkungen.com\/#website\"},\"primaryImageOfPage\":{\"@id\":\"https:\/\/xenonkungen.com\/no\/produkt\/varselpucker-6x-firkantede-oppladbare\/#primaryimage\"},\"image\":{\"@id\":\"https:\/\/xenonkungen.com\/no\/produkt\/varselpucker-6x-firkantede-oppladbare\/#primaryimage\"},\"thumbnailUrl\":\"https:\/\/xenonkungen.com\/wp-content\/uploads\/2025\/04\/204076215-origpic-cc2428.jpg\",\"datePublished\":\"2025-04-15T09:18:13+00:00\",\"dateModified\":\"2026-04-11T00:38:34+00:00\",\"breadcrumb\":{\"@id\":\"https:\/\/xenonkungen.com\/no\/produkt\/varselpucker-6x-firkantede-oppladbare\/#breadcrumb\"},\"inLanguage\":\"es\",\"potentialAction\":[{\"@type\":\"ReadAction\",\"target\":[\"https:\/\/xenonkungen.com\/no\/produkt\/varselpucker-6x-firkantede-oppladbare\/\"]}]},{\"@type\":\"ImageObject\",\"inLanguage\":\"es\",\"@id\":\"https:\/\/xenonkungen.com\/no\/produkt\/varselpucker-6x-firkantede-oppladbare\/#primaryimage\",\"url\":\"https:\/\/xenonkungen.com\/wp-content\/uploads\/2025\/04\/204076215-origpic-cc2428.jpg\",\"contentUrl\":\"https:\/\/xenonkungen.com\/wp-content\/uploads\/2025\/04\/204076215-origpic-cc2428.jpg\",\"width\":400,\"height\":300},{\"@type\":\"BreadcrumbList\",\"@id\":\"https:\/\/xenonkungen.com\/no\/produkt\/varselpucker-6x-firkantede-oppladbare\/#breadcrumb\",\"itemListElement\":[{\"@type\":\"ListItem\",\"position\":1,\"name\":\"Hem\",\"item\":\"https:\/\/xenonkungen.com\/\"},{\"@type\":\"ListItem\",\"position\":2,\"name\":\"Shop\",\"item\":\"https:\/\/xenonkungen.com\/shop\/\"},{\"@type\":\"ListItem\",\"position\":3,\"name\":\"Varningspuckar 6x fyrkantig Laddbar\"}]},{\"@type\":\"WebSite\",\"@id\":\"https:\/\/xenonkungen.com\/#website\",\"url\":\"https:\/\/xenonkungen.com\/\",\"name\":\"Xenonkungen\",\"description\":\"\",\"potentialAction\":[{\"@type\":\"SearchAction\",\"target\":{\"@type\":\"EntryPoint\",\"urlTemplate\":\"https:\/\/xenonkungen.com\/?s={search_term_string}\"},\"query-input\":{\"@type\":\"PropertyValueSpecification\",\"valueRequired\":true,\"valueName\":\"search_term_string\"}}],\"inLanguage\":\"es\"}]}<\/script>\n<!-- \/ Yoast SEO plugin. -->","yoast_head_json":{"title":"Discos de advertencia 6x cuadrados recargables - Xenonkungen","robots":{"index":"index","follow":"follow","max-snippet":"max-snippet:-1","max-image-preview":"max-image-preview:large","max-video-preview":"max-video-preview:-1"},"canonical":"https:\/\/xenonkungen.com\/es\/producto\/discos-de-advertencia-6x-cuadrados-recargables\/","og_locale":"es_ES","og_type":"article","og_title":"Varningspuckar 6x fyrkantig Laddbar - Xenonkungen","og_description":"Uppladdningsbara LED-Varningsljuspuckar fr\u00e5n AutoLine: S\u00e4kerhet och synlighet i ett paket Funktioner och f\u00f6rdelar F\u00f6rb\u00e4ttra din s\u00e4kerhet p\u00e5 v\u00e4gen med dessa unika uppladdningsbara LED-varningsljuspuckar fr\u00e5n AutoLine. Setet inneh\u00e5ller sex stycken puckar som \u00e4r utrustade med toppmoderna funktioner designade f\u00f6r att ge optimal synlighet och h\u00e5llbarhet. Puckarna \u00e4r synkroniserbara via en 2,4 GHz tr\u00e5dl\u00f6s anslutning, vilket g\u00f6r [&hellip;]","og_url":"https:\/\/xenonkungen.com\/es\/producto\/discos-de-advertencia-6x-cuadrados-recargables\/","og_site_name":"Xenonkungen","article_modified_time":"2026-04-11T00:38:34+00:00","og_image":[{"width":400,"height":300,"url":"https:\/\/xenonkungen.com\/wp-content\/uploads\/2025\/04\/204076215-origpic-cc2428.jpg","type":"image\/jpeg"}],"twitter_card":"summary_large_image","twitter_misc":{"Tiempo de lectura":"1 minuto"},"schema":{"@context":"https:\/\/schema.org","@graph":[{"@type":"WebPage","@id":"https:\/\/xenonkungen.com\/no\/produkt\/varselpucker-6x-firkantede-oppladbare\/","url":"https:\/\/xenonkungen.com\/no\/produkt\/varselpucker-6x-firkantede-oppladbare\/","name":"Discos de advertencia 6x cuadrados recargables - Xenonkungen","isPartOf":{"@id":"https:\/\/xenonkungen.com\/#website"},"primaryImageOfPage":{"@id":"https:\/\/xenonkungen.com\/no\/produkt\/varselpucker-6x-firkantede-oppladbare\/#primaryimage"},"image":{"@id":"https:\/\/xenonkungen.com\/no\/produkt\/varselpucker-6x-firkantede-oppladbare\/#primaryimage"},"thumbnailUrl":"https:\/\/xenonkungen.com\/wp-content\/uploads\/2025\/04\/204076215-origpic-cc2428.jpg","datePublished":"2025-04-15T09:18:13+00:00","dateModified":"2026-04-11T00:38:34+00:00","breadcrumb":{"@id":"https:\/\/xenonkungen.com\/no\/produkt\/varselpucker-6x-firkantede-oppladbare\/#breadcrumb"},"inLanguage":"es","potentialAction":[{"@type":"ReadAction","target":["https:\/\/xenonkungen.com\/no\/produkt\/varselpucker-6x-firkantede-oppladbare\/"]}]},{"@type":"ImageObject","inLanguage":"es","@id":"https:\/\/xenonkungen.com\/no\/produkt\/varselpucker-6x-firkantede-oppladbare\/#primaryimage","url":"https:\/\/xenonkungen.com\/wp-content\/uploads\/2025\/04\/204076215-origpic-cc2428.jpg","contentUrl":"https:\/\/xenonkungen.com\/wp-content\/uploads\/2025\/04\/204076215-origpic-cc2428.jpg","width":400,"height":300},{"@type":"BreadcrumbList","@id":"https:\/\/xenonkungen.com\/no\/produkt\/varselpucker-6x-firkantede-oppladbare\/#breadcrumb","itemListElement":[{"@type":"ListItem","position":1,"name":"Hem","item":"https:\/\/xenonkungen.com\/"},{"@type":"ListItem","position":2,"name":"Shop","item":"https:\/\/xenonkungen.com\/shop\/"},{"@type":"ListItem","position":3,"name":"Varningspuckar 6x fyrkantig Laddbar"}]},{"@type":"WebSite","@id":"https:\/\/xenonkungen.com\/#website","url":"https:\/\/xenonkungen.com\/","name":"Xenonkungen","description":"","potentialAction":[{"@type":"SearchAction","target":{"@type":"EntryPoint","urlTemplate":"https:\/\/xenonkungen.com\/?s={search_term_string}"},"query-input":{"@type":"PropertyValueSpecification","valueRequired":true,"valueName":"search_term_string"}}],"inLanguage":"es"}]}},"taxonomy_info":{"product_brand":[{"value":2793,"label":"\u00d6VRIGT"}],"product_cat":[{"value":2554,"label":"Portabla varningsljus"},{"value":1061,"label":"Varningsljus"}],"pa_fargtemperatur":[{"value":1439,"label":"Orange"}],"pa_fuktskydd-varde-ipxx":[{"value":333,"label":"IP67"}],"pa_storlek-mm":[{"value":1453,"label":"108x92x30"}],"pa_volt-v":[{"value":348,"label":"12, 24"}]},"featured_image_src_large":["https:\/\/xenonkungen.com\/wp-content\/uploads\/2025\/04\/204076215-origpic-cc2428.jpg",400,300,false],"author_info":[],"comment_info":0,"_links":{"self":[{"href":"https:\/\/xenonkungen.com\/es\/wp-json\/wp\/v2\/product\/4807","targetHints":{"allow":["GET"]}}],"collection":[{"href":"https:\/\/xenonkungen.com\/es\/wp-json\/wp\/v2\/product"}],"about":[{"href":"https:\/\/xenonkungen.com\/es\/wp-json\/wp\/v2\/types\/product"}],"replies":[{"embeddable":true,"href":"https:\/\/xenonkungen.com\/es\/wp-json\/wp\/v2\/comments?post=4807"}],"wp:featuredmedia":[{"embeddable":true,"href":"https:\/\/xenonkungen.com\/es\/wp-json\/wp\/v2\/media\/4808"}],"wp:attachment":[{"href":"https:\/\/xenonkungen.com\/es\/wp-json\/wp\/v2\/media?parent=4807"}],"wp:term":[{"taxonomy":"anvandningsomrade","embeddable":true,"href":"https:\/\/xenonkungen.com\/es\/wp-json\/wp\/v2\/anvandningsomrade?post=4807"},{"taxonomy":"bilmarken","embeddable":true,"href":"https:\/\/xenonkungen.com\/es\/wp-json\/wp\/v2\/bilmarken?post=4807"},{"taxonomy":"product_brand","embeddable":true,"href":"https:\/\/xenonkungen.com\/es\/wp-json\/wp\/v2\/product_brand?post=4807"},{"taxonomy":"product_cat","embeddable":true,"href":"https:\/\/xenonkungen.com\/es\/wp-json\/wp\/v2\/product_cat?post=4807"},{"taxonomy":"product_tag","embeddable":true,"href":"https:\/\/xenonkungen.com\/es\/wp-json\/wp\/v2\/product_tag?post=4807"}],"curies":[{"name":"wp","href":"https:\/\/api.w.org\/{rel}","templated":true}]}}