{"id":4815,"date":"2025-04-15T09:18:47","date_gmt":"2025-04-15T09:18:47","guid":{"rendered":"https:\/\/xenonkungen.com\/product\/extraljusfaste-optibeam-pure-506-rostfritt\/"},"modified":"2026-04-26T13:32:51","modified_gmt":"2026-04-26T12:32:51","slug":"acero-inoxidable-optibeam-pure-506-extra-resistente-a-la-luz","status":"publish","type":"product","link":"https:\/\/xenonkungen.com\/es\/producto\/acero-inoxidable-optibeam-pure-506-extra-resistente-a-la-luz\/","title":{"rendered":"Soporte de luz adicional Optibeam Pure 506 | Stainless"},"content":{"rendered":"<h1>Soporte de luz adicional Optibeam Pure 506<\/h1>\n<p>El soporte de luz adicional <strong>Optibeam Pure 506<\/strong> es la elecci\u00f3n definitiva para aquellos que buscan una soluci\u00f3n resistente y elegante para montar su barra de luces LED. Este soporte, fabricado con <strong>Acero inoxidable de 3 mm de grosor<\/strong>ofrece un montaje duradero y fiable para su barra de luces. Con su elegante <strong>acabados en negro<\/strong> el soporte complementa la est\u00e9tica del veh\u00edculo y proporciona una integraci\u00f3n perfecta con tu coche.<\/p>\n<p><\/p>\n<p>El soporte Optibeam Pure 506 est\u00e1 dise\u00f1ado para permitir una f\u00e1cil instalaci\u00f3n y colocaci\u00f3n de la rampa LED debajo de la matr\u00edcula del coche. Esto proporciona un aspecto limpio y discreto a la vez que garantiza una distribuci\u00f3n \u00f3ptima de la luz para obtener la mejor visibilidad posible durante la conducci\u00f3n. La robusta construcci\u00f3n del soporte significa que puede soportar las condiciones meteorol\u00f3gicas y de la carretera m\u00e1s duras, lo que lo convierte en la elecci\u00f3n perfecta para los conductores aventureros.<\/p>\n<p><\/p>\n<p>Adem\u00e1s, el soporte puede requerir alguna modificaci\u00f3n en la parrilla inferior del coche, lo que le da la oportunidad de adaptar el montaje a sus necesidades y preferencias espec\u00edficas. Tanto si es un conductor todoterreno entusiasta como si se desplaza al trabajo en busca de una mayor luminosidad para una conducci\u00f3n nocturna m\u00e1s segura, el soporte Optibeam Pure 506 es una excelente elecci\u00f3n.<\/p>\n<p><\/p>\n<p>Invertir en <strong>Soporte Optibeam Pure 506<\/strong> para una combinaci\u00f3n de estilo, rendimiento y durabilidad. Actualice su coche con este soporte de primera calidad y experimente la diferencia tanto en apariencia como en funcionalidad.<\/p>","protected":false},"excerpt":{"rendered":"<p>Extraljusf\u00e4ste Optibeam Pure 506 Extraljusf\u00e4stet Optibeam Pure 506 \u00e4r det ultimata valet f\u00f6r dig som s\u00f6ker en robust och snygg l\u00f6sning f\u00f6r att montera din LED-ljusramp. Detta f\u00e4ste, tillverkat av h\u00f6gkvalitativt 3 mm tjockt rostfritt st\u00e5l, erbjuder en h\u00e5llbar och p\u00e5litlig montering f\u00f6r din ljusramp. Med sin eleganta svarta finish kompletterar f\u00e4stet fordonets estetik och [&hellip;]<\/p>","protected":false},"featured_media":4816,"comment_status":"closed","ping_status":"open","template":"","meta":{"_acf_changed":false,"_smort_price_nok":"693","_smort_price_dkk":"440","_smort_price_eur":"59","_smort_sale_price_nok":"","_smort_sale_price_dkk":"","_smort_sale_price_eur":"","smort_restorder":"","shipmondo_restorder":"","_kad_blocks_custom_css":"","_kad_blocks_head_custom_js":"","_kad_blocks_body_custom_js":"","_kad_blocks_footer_custom_js":"","smort_custom_pricelist_1":"418.36","smort_custom_pricelist_2":"363.44","smort_custom_pricelist_3":"337.48","smort_custom_pricelist_4":"519.2","smort_custom_pricelist_5":"363.44"},"anvandningsomrade":[],"bilmarken":[],"product_brand":[],"product_cat":[2534,2461,2828,2535,2536,390],"product_tag":[],"class_list":{"0":"post-4815","1":"product","2":"type-product","3":"status-publish","4":"has-post-thumbnail","6":"product_cat-extraljusfaste-extraljus","7":"product_cat-fasten-installation","8":"product_cat-installation-led-ramper","9":"product_cat-tillbehor-ledramper","10":"product_cat-tillbehor-tillbehor-ledramper","11":"product_cat-installation","13":"first","14":"instock","15":"taxable","16":"shipping-taxable","17":"purchasable","18":"product-type-simple"},"bundled_by":["9593"],"bundle_stock_status":"instock","bundle_stock_quantity":3,"bundle_virtual":false,"bundle_layout":"","bundle_add_to_cart_form_location":"","bundle_editable_in_cart":false,"bundle_sold_individually_context":"","bundle_item_grouping":"","bundle_min_size":"","bundle_max_size":"","bundle_price":[],"bundled_items":[],"bundle_sell_ids":[],"acf":[],"yoast_head":"<!-- This site is optimized with the Yoast SEO plugin v27.0 - https:\/\/yoast.com\/product\/yoast-seo-wordpress\/ -->\n<title>Extraljusf\u00e4ste Optibeam Pure 506 | Rostfritt - Xenonkungen<\/title>\n<meta name=\"robots\" content=\"index, follow, max-snippet:-1, max-image-preview:large, max-video-preview:-1\" \/>\n<link rel=\"canonical\" href=\"https:\/\/xenonkungen.com\/es\/producto\/acero-inoxidable-optibeam-pure-506-extra-resistente-a-la-luz\/\" \/>\n<meta property=\"og:locale\" content=\"es_ES\" \/>\n<meta property=\"og:type\" content=\"article\" \/>\n<meta property=\"og:title\" content=\"Extraljusf\u00e4ste Optibeam Pure 506 | Rostfritt - Xenonkungen\" \/>\n<meta property=\"og:description\" content=\"Extraljusf\u00e4ste Optibeam Pure 506 Extraljusf\u00e4stet Optibeam Pure 506 \u00e4r det ultimata valet f\u00f6r dig som s\u00f6ker en robust och snygg l\u00f6sning f\u00f6r att montera din LED-ljusramp. Detta f\u00e4ste, tillverkat av h\u00f6gkvalitativt 3 mm tjockt rostfritt st\u00e5l, erbjuder en h\u00e5llbar och p\u00e5litlig montering f\u00f6r din ljusramp. Med sin eleganta svarta finish kompletterar f\u00e4stet fordonets estetik och [&hellip;]\" \/>\n<meta property=\"og:url\" content=\"https:\/\/xenonkungen.com\/es\/producto\/acero-inoxidable-optibeam-pure-506-extra-resistente-a-la-luz\/\" \/>\n<meta property=\"og:site_name\" content=\"Xenonkungen\" \/>\n<meta property=\"article:modified_time\" content=\"2026-04-26T12:32:51+00:00\" \/>\n<meta property=\"og:image\" content=\"https:\/\/xenonkungen.com\/wp-content\/uploads\/2025\/04\/208157967-origpic-a58931.png\" \/>\n\t<meta property=\"og:image:width\" content=\"941\" \/>\n\t<meta property=\"og:image:height\" content=\"325\" \/>\n\t<meta property=\"og:image:type\" content=\"image\/png\" \/>\n<meta name=\"twitter:card\" content=\"summary_large_image\" \/>\n<meta name=\"twitter:label1\" content=\"Tiempo de lectura\" \/>\n\t<meta name=\"twitter:data1\" content=\"1 minuto\" \/>\n<script type=\"application\/ld+json\" class=\"yoast-schema-graph\">{\"@context\":\"https:\/\/schema.org\",\"@graph\":[{\"@type\":\"WebPage\",\"@id\":\"https:\/\/xenonkungen.com\/produkt\/extraljusfaste-optibeam-pure-506-rostfritt\/\",\"url\":\"https:\/\/xenonkungen.com\/produkt\/extraljusfaste-optibeam-pure-506-rostfritt\/\",\"name\":\"Extraljusf\u00e4ste Optibeam Pure 506 | Rostfritt - Xenonkungen\",\"isPartOf\":{\"@id\":\"https:\/\/xenonkungen.com\/#website\"},\"primaryImageOfPage\":{\"@id\":\"https:\/\/xenonkungen.com\/produkt\/extraljusfaste-optibeam-pure-506-rostfritt\/#primaryimage\"},\"image\":{\"@id\":\"https:\/\/xenonkungen.com\/produkt\/extraljusfaste-optibeam-pure-506-rostfritt\/#primaryimage\"},\"thumbnailUrl\":\"https:\/\/xenonkungen.com\/wp-content\/uploads\/2025\/04\/208157967-origpic-a58931.png\",\"datePublished\":\"2025-04-15T09:18:47+00:00\",\"dateModified\":\"2026-04-26T12:32:51+00:00\",\"breadcrumb\":{\"@id\":\"https:\/\/xenonkungen.com\/produkt\/extraljusfaste-optibeam-pure-506-rostfritt\/#breadcrumb\"},\"inLanguage\":\"es\",\"potentialAction\":[{\"@type\":\"ReadAction\",\"target\":[\"https:\/\/xenonkungen.com\/produkt\/extraljusfaste-optibeam-pure-506-rostfritt\/\"]}]},{\"@type\":\"ImageObject\",\"inLanguage\":\"es\",\"@id\":\"https:\/\/xenonkungen.com\/produkt\/extraljusfaste-optibeam-pure-506-rostfritt\/#primaryimage\",\"url\":\"https:\/\/xenonkungen.com\/wp-content\/uploads\/2025\/04\/208157967-origpic-a58931.png\",\"contentUrl\":\"https:\/\/xenonkungen.com\/wp-content\/uploads\/2025\/04\/208157967-origpic-a58931.png\",\"width\":941,\"height\":325},{\"@type\":\"BreadcrumbList\",\"@id\":\"https:\/\/xenonkungen.com\/produkt\/extraljusfaste-optibeam-pure-506-rostfritt\/#breadcrumb\",\"itemListElement\":[{\"@type\":\"ListItem\",\"position\":1,\"name\":\"Hem\",\"item\":\"https:\/\/xenonkungen.com\/\"},{\"@type\":\"ListItem\",\"position\":2,\"name\":\"Shop\",\"item\":\"https:\/\/xenonkungen.com\/shop\/\"},{\"@type\":\"ListItem\",\"position\":3,\"name\":\"Extraljusf\u00e4ste Optibeam Pure 506 | Rostfritt\"}]},{\"@type\":\"WebSite\",\"@id\":\"https:\/\/xenonkungen.com\/#website\",\"url\":\"https:\/\/xenonkungen.com\/\",\"name\":\"Xenonkungen\",\"description\":\"\",\"potentialAction\":[{\"@type\":\"SearchAction\",\"target\":{\"@type\":\"EntryPoint\",\"urlTemplate\":\"https:\/\/xenonkungen.com\/?s={search_term_string}\"},\"query-input\":{\"@type\":\"PropertyValueSpecification\",\"valueRequired\":true,\"valueName\":\"search_term_string\"}}],\"inLanguage\":\"es\"}]}<\/script>\n<!-- \/ Yoast SEO plugin. -->","yoast_head_json":{"title":"Soporte para luz auxiliar Optibeam Pure 506 | Acero inoxidable - Xenonkungen","robots":{"index":"index","follow":"follow","max-snippet":"max-snippet:-1","max-image-preview":"max-image-preview:large","max-video-preview":"max-video-preview:-1"},"canonical":"https:\/\/xenonkungen.com\/es\/producto\/acero-inoxidable-optibeam-pure-506-extra-resistente-a-la-luz\/","og_locale":"es_ES","og_type":"article","og_title":"Extraljusf\u00e4ste Optibeam Pure 506 | Rostfritt - Xenonkungen","og_description":"Extraljusf\u00e4ste Optibeam Pure 506 Extraljusf\u00e4stet Optibeam Pure 506 \u00e4r det ultimata valet f\u00f6r dig som s\u00f6ker en robust och snygg l\u00f6sning f\u00f6r att montera din LED-ljusramp. Detta f\u00e4ste, tillverkat av h\u00f6gkvalitativt 3 mm tjockt rostfritt st\u00e5l, erbjuder en h\u00e5llbar och p\u00e5litlig montering f\u00f6r din ljusramp. Med sin eleganta svarta finish kompletterar f\u00e4stet fordonets estetik och [&hellip;]","og_url":"https:\/\/xenonkungen.com\/es\/producto\/acero-inoxidable-optibeam-pure-506-extra-resistente-a-la-luz\/","og_site_name":"Xenonkungen","article_modified_time":"2026-04-26T12:32:51+00:00","og_image":[{"width":941,"height":325,"url":"https:\/\/xenonkungen.com\/wp-content\/uploads\/2025\/04\/208157967-origpic-a58931.png","type":"image\/png"}],"twitter_card":"summary_large_image","twitter_misc":{"Tiempo de lectura":"1 minuto"},"schema":{"@context":"https:\/\/schema.org","@graph":[{"@type":"WebPage","@id":"https:\/\/xenonkungen.com\/produkt\/extraljusfaste-optibeam-pure-506-rostfritt\/","url":"https:\/\/xenonkungen.com\/produkt\/extraljusfaste-optibeam-pure-506-rostfritt\/","name":"Soporte para luz auxiliar Optibeam Pure 506 | Acero inoxidable - Xenonkungen","isPartOf":{"@id":"https:\/\/xenonkungen.com\/#website"},"primaryImageOfPage":{"@id":"https:\/\/xenonkungen.com\/produkt\/extraljusfaste-optibeam-pure-506-rostfritt\/#primaryimage"},"image":{"@id":"https:\/\/xenonkungen.com\/produkt\/extraljusfaste-optibeam-pure-506-rostfritt\/#primaryimage"},"thumbnailUrl":"https:\/\/xenonkungen.com\/wp-content\/uploads\/2025\/04\/208157967-origpic-a58931.png","datePublished":"2025-04-15T09:18:47+00:00","dateModified":"2026-04-26T12:32:51+00:00","breadcrumb":{"@id":"https:\/\/xenonkungen.com\/produkt\/extraljusfaste-optibeam-pure-506-rostfritt\/#breadcrumb"},"inLanguage":"es","potentialAction":[{"@type":"ReadAction","target":["https:\/\/xenonkungen.com\/produkt\/extraljusfaste-optibeam-pure-506-rostfritt\/"]}]},{"@type":"ImageObject","inLanguage":"es","@id":"https:\/\/xenonkungen.com\/produkt\/extraljusfaste-optibeam-pure-506-rostfritt\/#primaryimage","url":"https:\/\/xenonkungen.com\/wp-content\/uploads\/2025\/04\/208157967-origpic-a58931.png","contentUrl":"https:\/\/xenonkungen.com\/wp-content\/uploads\/2025\/04\/208157967-origpic-a58931.png","width":941,"height":325},{"@type":"BreadcrumbList","@id":"https:\/\/xenonkungen.com\/produkt\/extraljusfaste-optibeam-pure-506-rostfritt\/#breadcrumb","itemListElement":[{"@type":"ListItem","position":1,"name":"Hem","item":"https:\/\/xenonkungen.com\/"},{"@type":"ListItem","position":2,"name":"Shop","item":"https:\/\/xenonkungen.com\/shop\/"},{"@type":"ListItem","position":3,"name":"Extraljusf\u00e4ste Optibeam Pure 506 | Rostfritt"}]},{"@type":"WebSite","@id":"https:\/\/xenonkungen.com\/#website","url":"https:\/\/xenonkungen.com\/","name":"Xenonkungen","description":"","potentialAction":[{"@type":"SearchAction","target":{"@type":"EntryPoint","urlTemplate":"https:\/\/xenonkungen.com\/?s={search_term_string}"},"query-input":{"@type":"PropertyValueSpecification","valueRequired":true,"valueName":"search_term_string"}}],"inLanguage":"es"}]}},"taxonomy_info":{"product_cat":[{"value":2534,"label":"F\u00e4ste till extraljus"},{"value":2461,"label":"F\u00e4sten"},{"value":2828,"label":"Installation LED-ramper"},{"value":2535,"label":"LEDRAMPER"},{"value":2536,"label":"Tillbeh\u00f6r"},{"value":390,"label":"Installation"}]},"featured_image_src_large":["https:\/\/xenonkungen.com\/wp-content\/uploads\/2025\/04\/208157967-origpic-a58931.png",941,325,false],"author_info":[],"comment_info":0,"_links":{"self":[{"href":"https:\/\/xenonkungen.com\/es\/wp-json\/wp\/v2\/product\/4815","targetHints":{"allow":["GET"]}}],"collection":[{"href":"https:\/\/xenonkungen.com\/es\/wp-json\/wp\/v2\/product"}],"about":[{"href":"https:\/\/xenonkungen.com\/es\/wp-json\/wp\/v2\/types\/product"}],"replies":[{"embeddable":true,"href":"https:\/\/xenonkungen.com\/es\/wp-json\/wp\/v2\/comments?post=4815"}],"wp:featuredmedia":[{"embeddable":true,"href":"https:\/\/xenonkungen.com\/es\/wp-json\/wp\/v2\/media\/4816"}],"wp:attachment":[{"href":"https:\/\/xenonkungen.com\/es\/wp-json\/wp\/v2\/media?parent=4815"}],"wp:term":[{"taxonomy":"anvandningsomrade","embeddable":true,"href":"https:\/\/xenonkungen.com\/es\/wp-json\/wp\/v2\/anvandningsomrade?post=4815"},{"taxonomy":"bilmarken","embeddable":true,"href":"https:\/\/xenonkungen.com\/es\/wp-json\/wp\/v2\/bilmarken?post=4815"},{"taxonomy":"product_brand","embeddable":true,"href":"https:\/\/xenonkungen.com\/es\/wp-json\/wp\/v2\/product_brand?post=4815"},{"taxonomy":"product_cat","embeddable":true,"href":"https:\/\/xenonkungen.com\/es\/wp-json\/wp\/v2\/product_cat?post=4815"},{"taxonomy":"product_tag","embeddable":true,"href":"https:\/\/xenonkungen.com\/es\/wp-json\/wp\/v2\/product_tag?post=4815"}],"curies":[{"name":"wp","href":"https:\/\/api.w.org\/{rel}","templated":true}]}}