{"id":4905,"date":"2025-04-15T09:19:26","date_gmt":"2025-04-15T09:19:26","guid":{"rendered":"https:\/\/xenonkungen.com\/product\/optibeam-ledramp-super-captain-dual-600\/"},"modified":"2026-03-25T14:30:34","modified_gmt":"2026-03-25T13:30:34","slug":"rampa-led-optibeam-super-captain-dual-600","status":"publish","type":"product","link":"https:\/\/xenonkungen.com\/es\/producto\/rampa-led-optibeam-super-captain-dual-600\/","title":{"rendered":"OPTIBEAM Rampa LED Super Captain Dual 600"},"content":{"rendered":"<div class=\"container\">\n<h1>Optibeam Super Captain Dual 600 con luz diurna<\/h1>\n<p>La Optibeam Super Captain Dual 600 con DRL es una de las favoritas indiscutibles entre los conductores que exigen un rendimiento excepcional. Con un flujo luminoso de <strong>19.896 l\u00famenes verdaderos<\/strong>Proporciona una imagen de luz de conducci\u00f3n \u00f3ptima y garantiza una conducci\u00f3n nocturna m\u00e1s agradable.<\/p>\n<h2>Dise\u00f1o compatible y flexible<\/h2>\n<p>Con funci\u00f3n de doble elevaci\u00f3n y una elegante luz de posici\u00f3n (DRL) ajustable entre <strong>\u00e1mbar o blanco<\/strong>Esta l\u00e1mpara ofrece un dise\u00f1o vers\u00e1til y atractivo. Sin marco y elegante, con homologaci\u00f3n europea y aprobada para su uso en v\u00edas p\u00fablicas, est\u00e1 lista para su instalaci\u00f3n en una amplia gama de veh\u00edculos.<\/p>\n<h2>Todo lo que necesita para la instalaci\u00f3n<\/h2>\n<p>Con soportes de montaje robustos y un cable de instalaci\u00f3n en <strong>2,2 metros<\/strong>El proceso de instalaci\u00f3n se simplifica significativamente, convirti\u00e9ndolo en una soluci\u00f3n ideal para quienes buscan calidad y fiabilidad en la iluminaci\u00f3n de sus veh\u00edculos.<\/p>\n<\/div>\n<h3><\/h3>","protected":false},"excerpt":{"rendered":"<p>Optibeam Super Captain Dual 600 med DRL Optibeam Super Captain Dual 600 med DRL \u00e4r en o\u00f6vertr\u00e4ffad favorit bland bilf\u00f6rare som kr\u00e4ver exceptionell prestanda. Med ett ljusfl\u00f6de p\u00e5 19 896 \u00e4kta lumen, levererar den en optimal driving ljusbild och s\u00e4kerst\u00e4ller en trevligare kv\u00e4llsk\u00f6rning. Kompatibel och Flexibel Design Med en dubbel upp funktion och ett snyggt [&hellip;]<\/p>","protected":false},"featured_media":4906,"comment_status":"closed","ping_status":"closed","template":"","meta":{"_acf_changed":false,"_smort_price_nok":"4267","_smort_price_dkk":"2711","_smort_price_eur":"363.17","_smort_sale_price_nok":"","_smort_sale_price_dkk":"","_smort_sale_price_eur":"","smort_restorder":"","shipmondo_restorder":"","_kad_blocks_custom_css":"","_kad_blocks_head_custom_js":"","_kad_blocks_body_custom_js":"","_kad_blocks_footer_custom_js":"","smort_custom_pricelist_1":"2560","smort_custom_pricelist_2":"2240","smort_custom_pricelist_3":"2128","smort_custom_pricelist_4":"3200","smort_custom_pricelist_5":"2240"},"anvandningsomrade":[],"bilmarken":[],"product_brand":[107],"product_cat":[2966,2539,2660,2164],"product_tag":[],"class_list":{"0":"post-4905","1":"product","2":"type-product","3":"status-publish","4":"has-post-thumbnail","6":"product_brand-optibeam","7":"product_cat-ledramp-rak","8":"product_cat-ledramper","9":"product_cat-optibeam-ledramper","10":"product_cat-optibeam-super-captain","11":"pa_faktisk-effekts-forbrukning-1500","12":"pa_fargtemperatur-1486","13":"pa_fuktskydd-varde-ipxx-ip68","14":"pa_godkannande-e-godkand-r112-r10-ref-50","15":"pa_lampsockel-kontakt-4-polig-dtp-kontakt","16":"pa_led-chips-effekt-w-1499","17":"pa_ljusbild-driving","18":"pa_storlek-mm-525-x-68-x-80","19":"pa_stromforbrukning-1565a-137v","20":"pa_volt-v-9-36","22":"first","23":"instock","24":"taxable","25":"shipping-taxable","26":"purchasable","27":"product-type-simple"},"bundled_by":["9608"],"bundle_stock_status":"instock","bundle_stock_quantity":1,"bundle_virtual":false,"bundle_layout":"","bundle_add_to_cart_form_location":"","bundle_editable_in_cart":false,"bundle_sold_individually_context":"","bundle_item_grouping":"","bundle_min_size":"","bundle_max_size":"","bundle_price":[],"bundled_items":[],"bundle_sell_ids":[],"acf":[],"yoast_head":"<!-- This site is optimized with the Yoast SEO plugin v27.0 - https:\/\/yoast.com\/product\/yoast-seo-wordpress\/ -->\n<title>OPTIBEAM LEDramp Super Captain Dual 600 - Xenonkungen<\/title>\n<meta name=\"robots\" content=\"index, follow, max-snippet:-1, max-image-preview:large, max-video-preview:-1\" \/>\n<link rel=\"canonical\" href=\"https:\/\/xenonkungen.com\/es\/producto\/rampa-led-optibeam-super-captain-dual-600\/\" \/>\n<meta property=\"og:locale\" content=\"es_ES\" \/>\n<meta property=\"og:type\" content=\"article\" \/>\n<meta property=\"og:title\" content=\"OPTIBEAM LEDramp Super Captain Dual 600 - Xenonkungen\" \/>\n<meta property=\"og:description\" content=\"Optibeam Super Captain Dual 600 med DRL Optibeam Super Captain Dual 600 med DRL \u00e4r en o\u00f6vertr\u00e4ffad favorit bland bilf\u00f6rare som kr\u00e4ver exceptionell prestanda. Med ett ljusfl\u00f6de p\u00e5 19 896 \u00e4kta lumen, levererar den en optimal driving ljusbild och s\u00e4kerst\u00e4ller en trevligare kv\u00e4llsk\u00f6rning. Kompatibel och Flexibel Design Med en dubbel upp funktion och ett snyggt [&hellip;]\" \/>\n<meta property=\"og:url\" content=\"https:\/\/xenonkungen.com\/es\/producto\/rampa-led-optibeam-super-captain-dual-600\/\" \/>\n<meta property=\"og:site_name\" content=\"Xenonkungen\" \/>\n<meta property=\"article:modified_time\" content=\"2026-03-25T13:30:34+00:00\" \/>\n<meta property=\"og:image\" content=\"https:\/\/xenonkungen.com\/wp-content\/uploads\/2025\/04\/204076245-origpic-88eb6f.png\" \/>\n\t<meta property=\"og:image:width\" content=\"1000\" \/>\n\t<meta property=\"og:image:height\" content=\"264\" \/>\n\t<meta property=\"og:image:type\" content=\"image\/png\" \/>\n<meta name=\"twitter:card\" content=\"summary_large_image\" \/>\n<meta name=\"twitter:label1\" content=\"Tiempo de lectura\" \/>\n\t<meta name=\"twitter:data1\" content=\"1 minuto\" \/>\n<script type=\"application\/ld+json\" class=\"yoast-schema-graph\">{\"@context\":\"https:\/\/schema.org\",\"@graph\":[{\"@type\":\"WebPage\",\"@id\":\"https:\/\/xenonkungen.com\/produkt\/optibeam-ledramp-super-captain-dual-600\/\",\"url\":\"https:\/\/xenonkungen.com\/produkt\/optibeam-ledramp-super-captain-dual-600\/\",\"name\":\"OPTIBEAM LEDramp Super Captain Dual 600 - Xenonkungen\",\"isPartOf\":{\"@id\":\"https:\/\/xenonkungen.com\/#website\"},\"primaryImageOfPage\":{\"@id\":\"https:\/\/xenonkungen.com\/produkt\/optibeam-ledramp-super-captain-dual-600\/#primaryimage\"},\"image\":{\"@id\":\"https:\/\/xenonkungen.com\/produkt\/optibeam-ledramp-super-captain-dual-600\/#primaryimage\"},\"thumbnailUrl\":\"https:\/\/xenonkungen.com\/wp-content\/uploads\/2025\/04\/204076245-origpic-88eb6f.png\",\"datePublished\":\"2025-04-15T09:19:26+00:00\",\"dateModified\":\"2026-03-25T13:30:34+00:00\",\"breadcrumb\":{\"@id\":\"https:\/\/xenonkungen.com\/produkt\/optibeam-ledramp-super-captain-dual-600\/#breadcrumb\"},\"inLanguage\":\"es\",\"potentialAction\":[{\"@type\":\"ReadAction\",\"target\":[\"https:\/\/xenonkungen.com\/produkt\/optibeam-ledramp-super-captain-dual-600\/\"]}]},{\"@type\":\"ImageObject\",\"inLanguage\":\"es\",\"@id\":\"https:\/\/xenonkungen.com\/produkt\/optibeam-ledramp-super-captain-dual-600\/#primaryimage\",\"url\":\"https:\/\/xenonkungen.com\/wp-content\/uploads\/2025\/04\/204076245-origpic-88eb6f.png\",\"contentUrl\":\"https:\/\/xenonkungen.com\/wp-content\/uploads\/2025\/04\/204076245-origpic-88eb6f.png\",\"width\":1000,\"height\":264},{\"@type\":\"BreadcrumbList\",\"@id\":\"https:\/\/xenonkungen.com\/produkt\/optibeam-ledramp-super-captain-dual-600\/#breadcrumb\",\"itemListElement\":[{\"@type\":\"ListItem\",\"position\":1,\"name\":\"Hem\",\"item\":\"https:\/\/xenonkungen.com\/\"},{\"@type\":\"ListItem\",\"position\":2,\"name\":\"Shop\",\"item\":\"https:\/\/xenonkungen.com\/shop\/\"},{\"@type\":\"ListItem\",\"position\":3,\"name\":\"OPTIBEAM LEDramp Super Captain Dual 600\"}]},{\"@type\":\"WebSite\",\"@id\":\"https:\/\/xenonkungen.com\/#website\",\"url\":\"https:\/\/xenonkungen.com\/\",\"name\":\"Xenonkungen\",\"description\":\"\",\"potentialAction\":[{\"@type\":\"SearchAction\",\"target\":{\"@type\":\"EntryPoint\",\"urlTemplate\":\"https:\/\/xenonkungen.com\/?s={search_term_string}\"},\"query-input\":{\"@type\":\"PropertyValueSpecification\",\"valueRequired\":true,\"valueName\":\"search_term_string\"}}],\"inLanguage\":\"es\"}]}<\/script>\n<!-- \/ Yoast SEO plugin. -->","yoast_head_json":{"title":"Rampa LED OPTIBEAM Super Captain Dual 600 - El rey del xen\u00f3n","robots":{"index":"index","follow":"follow","max-snippet":"max-snippet:-1","max-image-preview":"max-image-preview:large","max-video-preview":"max-video-preview:-1"},"canonical":"https:\/\/xenonkungen.com\/es\/producto\/rampa-led-optibeam-super-captain-dual-600\/","og_locale":"es_ES","og_type":"article","og_title":"OPTIBEAM LEDramp Super Captain Dual 600 - Xenonkungen","og_description":"Optibeam Super Captain Dual 600 med DRL Optibeam Super Captain Dual 600 med DRL \u00e4r en o\u00f6vertr\u00e4ffad favorit bland bilf\u00f6rare som kr\u00e4ver exceptionell prestanda. Med ett ljusfl\u00f6de p\u00e5 19 896 \u00e4kta lumen, levererar den en optimal driving ljusbild och s\u00e4kerst\u00e4ller en trevligare kv\u00e4llsk\u00f6rning. Kompatibel och Flexibel Design Med en dubbel upp funktion och ett snyggt [&hellip;]","og_url":"https:\/\/xenonkungen.com\/es\/producto\/rampa-led-optibeam-super-captain-dual-600\/","og_site_name":"Xenonkungen","article_modified_time":"2026-03-25T13:30:34+00:00","og_image":[{"width":1000,"height":264,"url":"https:\/\/xenonkungen.com\/wp-content\/uploads\/2025\/04\/204076245-origpic-88eb6f.png","type":"image\/png"}],"twitter_card":"summary_large_image","twitter_misc":{"Tiempo de lectura":"1 minuto"},"schema":{"@context":"https:\/\/schema.org","@graph":[{"@type":"WebPage","@id":"https:\/\/xenonkungen.com\/produkt\/optibeam-ledramp-super-captain-dual-600\/","url":"https:\/\/xenonkungen.com\/produkt\/optibeam-ledramp-super-captain-dual-600\/","name":"Rampa LED OPTIBEAM Super Captain Dual 600 - El rey del xen\u00f3n","isPartOf":{"@id":"https:\/\/xenonkungen.com\/#website"},"primaryImageOfPage":{"@id":"https:\/\/xenonkungen.com\/produkt\/optibeam-ledramp-super-captain-dual-600\/#primaryimage"},"image":{"@id":"https:\/\/xenonkungen.com\/produkt\/optibeam-ledramp-super-captain-dual-600\/#primaryimage"},"thumbnailUrl":"https:\/\/xenonkungen.com\/wp-content\/uploads\/2025\/04\/204076245-origpic-88eb6f.png","datePublished":"2025-04-15T09:19:26+00:00","dateModified":"2026-03-25T13:30:34+00:00","breadcrumb":{"@id":"https:\/\/xenonkungen.com\/produkt\/optibeam-ledramp-super-captain-dual-600\/#breadcrumb"},"inLanguage":"es","potentialAction":[{"@type":"ReadAction","target":["https:\/\/xenonkungen.com\/produkt\/optibeam-ledramp-super-captain-dual-600\/"]}]},{"@type":"ImageObject","inLanguage":"es","@id":"https:\/\/xenonkungen.com\/produkt\/optibeam-ledramp-super-captain-dual-600\/#primaryimage","url":"https:\/\/xenonkungen.com\/wp-content\/uploads\/2025\/04\/204076245-origpic-88eb6f.png","contentUrl":"https:\/\/xenonkungen.com\/wp-content\/uploads\/2025\/04\/204076245-origpic-88eb6f.png","width":1000,"height":264},{"@type":"BreadcrumbList","@id":"https:\/\/xenonkungen.com\/produkt\/optibeam-ledramp-super-captain-dual-600\/#breadcrumb","itemListElement":[{"@type":"ListItem","position":1,"name":"Hem","item":"https:\/\/xenonkungen.com\/"},{"@type":"ListItem","position":2,"name":"Shop","item":"https:\/\/xenonkungen.com\/shop\/"},{"@type":"ListItem","position":3,"name":"OPTIBEAM LEDramp Super Captain Dual 600"}]},{"@type":"WebSite","@id":"https:\/\/xenonkungen.com\/#website","url":"https:\/\/xenonkungen.com\/","name":"Xenonkungen","description":"","potentialAction":[{"@type":"SearchAction","target":{"@type":"EntryPoint","urlTemplate":"https:\/\/xenonkungen.com\/?s={search_term_string}"},"query-input":{"@type":"PropertyValueSpecification","valueRequired":true,"valueName":"search_term_string"}}],"inLanguage":"es"}]}},"taxonomy_info":{"product_brand":[{"value":107,"label":"Optibeam"}],"product_cat":[{"value":2966,"label":"Ledramp Rak"},{"value":2539,"label":"LEDRAMPER"},{"value":2660,"label":"Optibeam"},{"value":2164,"label":"OPTIBEAM Super Captain"}],"pa_faktisk-effekts-forbrukning":[{"value":1500,"label":"214"}],"pa_fargtemperatur":[{"value":1486,"label":"5000"}],"pa_fuktskydd-varde-ipxx":[{"value":177,"label":"IP68"}],"pa_godkannande":[{"value":1503,"label":"E-godk\u00e4nd (R112, R10,) ref.50"}],"pa_lampsockel-kontakt":[{"value":1502,"label":"4-polig DTP-kontakt"}],"pa_led-chips-effekt-w":[{"value":1499,"label":"288"}],"pa_ljusbild":[{"value":178,"label":"Driving"}],"pa_storlek-mm":[{"value":1498,"label":"525 x 68 x 80"}],"pa_stromforbrukning":[{"value":1501,"label":"15,65A @ 13,7V"}],"pa_volt-v":[{"value":1444,"label":"9-36"}]},"featured_image_src_large":["https:\/\/xenonkungen.com\/wp-content\/uploads\/2025\/04\/204076245-origpic-88eb6f.png",1000,264,false],"author_info":[],"comment_info":0,"_links":{"self":[{"href":"https:\/\/xenonkungen.com\/es\/wp-json\/wp\/v2\/product\/4905","targetHints":{"allow":["GET"]}}],"collection":[{"href":"https:\/\/xenonkungen.com\/es\/wp-json\/wp\/v2\/product"}],"about":[{"href":"https:\/\/xenonkungen.com\/es\/wp-json\/wp\/v2\/types\/product"}],"replies":[{"embeddable":true,"href":"https:\/\/xenonkungen.com\/es\/wp-json\/wp\/v2\/comments?post=4905"}],"wp:featuredmedia":[{"embeddable":true,"href":"https:\/\/xenonkungen.com\/es\/wp-json\/wp\/v2\/media\/4906"}],"wp:attachment":[{"href":"https:\/\/xenonkungen.com\/es\/wp-json\/wp\/v2\/media?parent=4905"}],"wp:term":[{"taxonomy":"anvandningsomrade","embeddable":true,"href":"https:\/\/xenonkungen.com\/es\/wp-json\/wp\/v2\/anvandningsomrade?post=4905"},{"taxonomy":"bilmarken","embeddable":true,"href":"https:\/\/xenonkungen.com\/es\/wp-json\/wp\/v2\/bilmarken?post=4905"},{"taxonomy":"product_brand","embeddable":true,"href":"https:\/\/xenonkungen.com\/es\/wp-json\/wp\/v2\/product_brand?post=4905"},{"taxonomy":"product_cat","embeddable":true,"href":"https:\/\/xenonkungen.com\/es\/wp-json\/wp\/v2\/product_cat?post=4905"},{"taxonomy":"product_tag","embeddable":true,"href":"https:\/\/xenonkungen.com\/es\/wp-json\/wp\/v2\/product_tag?post=4905"}],"curies":[{"name":"wp","href":"https:\/\/api.w.org\/{rel}","templated":true}]}}