{"id":4917,"date":"2025-04-15T09:20:19","date_gmt":"2025-04-15T09:20:19","guid":{"rendered":"https:\/\/xenonkungen.com\/product\/optibeam-se7en-7\/"},"modified":"2026-04-24T17:45:09","modified_gmt":"2026-04-24T16:45:09","slug":"optibeam-se7en-7","status":"publish","type":"product","link":"https:\/\/xenonkungen.com\/es\/producto\/optibeam-se7en-7\/","title":{"rendered":"OPTIBEAM Se7en 7\u2033 (en ingl\u00e9s)"},"content":{"rendered":"<h1>OPTIBEAM SE7EN 7\u2033 \u2013 Resistente, compacto y elegante<\/h1>\n<p>La nueva y m\u00e1s potente luz auxiliar LED redonda de Optibeam, con un dise\u00f1o delgado.<br \/>Desarrollada con la \u00faltima tecnolog\u00eda LED, incorporando las necesidades de usuarios e instaladores profesionales. Su \u00f3ptica, de dise\u00f1o excepcional, crea un patr\u00f3n de luz amplio que ilumina ambos lados de la carretera, mientras que la luz auxiliar tiene un gran alcance.<\/p>\n<ul>\n<li>Alcance: 1 lux a 500 m<\/li>\n<li>Luz de estacionamiento en formato X, naranja\/blanca<\/li>\n<li>9159 l\u00famenes reales<\/li>\n<li>Funci\u00f3n doble con modo Boost<\/li>\n<\/ul>\n<p>El alcance de la luz del Optibeam SE7EN es de 1 lux a 500 m. El dise\u00f1o de la lente, con un toque innovador, oscurece los reflectores a simple vista, logrando un dise\u00f1o elegante sin sacrificar la luminosidad. Incorpora una llamativa luz de estacionamiento X-Park, que puede configurarse con luz blanca o naranja. La luz auxiliar, con dise\u00f1o sin marco, evita la acumulaci\u00f3n de nieve, hielo y suciedad en la lente. Incluye dos opciones de montaje: soporte o pedestal.<\/p>\n<p>Funci\u00f3n Doble Potencia - BOOST activado:<\/p>\n<ul>\n<li>Si la situaci\u00f3n requiere un haz de luz extra largo de sus luces auxiliares, como al conducir por una carretera rural estrecha, el Optibeam SE7EN ofrece un impresionante alcance de luz de hasta 500 m a 1 lux.<\/li>\n<\/ul>\n<p>Tienes la libertad de mantener BOOST activado de forma continua, si as\u00ed lo deseas.<\/p>\n<p>Funci\u00f3n Doble Potencia - IMPULSO por:<\/p>\n<ul>\n<li>Para esos momentos en que necesitas que la luz abarque m\u00e1s que su alcance. Este modo es ideal en d\u00edas lluviosos o con niebla, ya que ayuda a dispersar la luz de forma eficaz y a aumentar la visibilidad.<\/li>\n<\/ul>\n<p>La funci\u00f3n Double Up permite ajustar la eficiencia de la luz seg\u00fan sus necesidades. Esta funci\u00f3n se activa al desconectar o conectar el cable perimetral a un interruptor o bot\u00f3n.<\/p>\n<p>","protected":false},"excerpt":{"rendered":"<p>La Optibeam Se7en es la luz auxiliar perfecta si buscas un dise\u00f1o elegante, la \u00faltima tecnolog\u00eda y una iluminaci\u00f3n fant\u00e1stica. Gracias a su tecnolog\u00eda e innovaci\u00f3n de vanguardia, ahora puedes tener todo lo que deseas, incluso en una luz auxiliar de 7&quot;. Largo alcance, amplio haz de luz y dise\u00f1o elegante en un formato compacto. Con 9159 l\u00famenes reales por l\u00e1mpara, ver\u00e1s todo en la carretera.<\/p>","protected":false},"featured_media":4918,"comment_status":"closed","ping_status":"open","template":"","meta":{"_acf_changed":false,"_smort_price_nok":"2665","_smort_price_dkk":"1693","_smort_price_eur":"226.81","_smort_sale_price_nok":"","_smort_sale_price_dkk":"","_smort_sale_price_eur":"","smort_restorder":"","shipmondo_restorder":"","_kad_blocks_custom_css":"","_kad_blocks_head_custom_js":"","_kad_blocks_body_custom_js":"","_kad_blocks_footer_custom_js":"","smort_custom_pricelist_1":"1600","smort_custom_pricelist_2":"1600","smort_custom_pricelist_3":"1500","smort_custom_pricelist_4":"2000","smort_custom_pricelist_5":"1600"},"anvandningsomrade":[],"bilmarken":[],"product_brand":[107],"product_cat":[2838,142],"product_tag":[],"class_list":{"0":"post-4917","1":"product","2":"type-product","3":"status-publish","4":"has-post-thumbnail","6":"product_brand-optibeam","7":"product_cat-extraljus-7","8":"product_cat-extraljus","9":"pa_faktisk-effekts-forbrukning-1509","10":"pa_fargtemperatur-1510","11":"pa_fuktskydd-varde-ipxx-ip68","12":"pa_godkannande-e-godkand-r112-r10-r148-r149-ref-30","13":"pa_lampsockel-kontakt-4-polig-dt-kontakt","14":"pa_led-chips-effekt-w-1508","15":"pa_ljusbild-driving","16":"pa_storlek-mm-178-x-83","17":"pa_stromforbrukning-806a-137v","18":"pa_volt-v-9-32","20":"first","21":"onbackorder","22":"taxable","23":"shipping-taxable","24":"purchasable","25":"product-type-simple"},"bundled_by":[],"bundle_stock_status":"onbackorder","bundle_stock_quantity":0,"bundle_virtual":false,"bundle_layout":"","bundle_add_to_cart_form_location":"","bundle_editable_in_cart":false,"bundle_sold_individually_context":"","bundle_item_grouping":"","bundle_min_size":"","bundle_max_size":"","bundle_price":[],"bundled_items":[],"bundle_sell_ids":[],"acf":[],"yoast_head":"<!-- This site is optimized with the Yoast SEO plugin v27.0 - https:\/\/yoast.com\/product\/yoast-seo-wordpress\/ -->\n<title>OPTIBEAM Se7en 7&quot; - Xenonkungen<\/title>\n<meta name=\"robots\" content=\"index, follow, max-snippet:-1, max-image-preview:large, max-video-preview:-1\" \/>\n<link rel=\"canonical\" href=\"https:\/\/xenonkungen.com\/es\/producto\/optibeam-se7en-7\/\" \/>\n<meta property=\"og:locale\" content=\"es_ES\" \/>\n<meta property=\"og:type\" content=\"article\" \/>\n<meta property=\"og:title\" content=\"OPTIBEAM Se7en 7&quot; - Xenonkungen\" \/>\n<meta property=\"og:description\" content=\"Optibeam Se7en \u00e4r det perfekta extraljuset om du s\u00f6ker snygg design, senaste tekniken och ett fantastiskt ljus! Med nyutvecklad teknik och innovation kan du nu f\u00e5 allt du \u00f6nskar, \u00e4ven ur ett 7&quot; Extraljus. L\u00e5ng kastl\u00e4ngd, bred ljusbild, snygg design i ett kompakt format. Med 9159 faktiska lumen per lykta ser du allt ute p\u00e5 v\u00e4gen.\" \/>\n<meta property=\"og:url\" content=\"https:\/\/xenonkungen.com\/es\/producto\/optibeam-se7en-7\/\" \/>\n<meta property=\"og:site_name\" content=\"Xenonkungen\" \/>\n<meta property=\"article:modified_time\" content=\"2026-04-24T16:45:09+00:00\" \/>\n<meta property=\"og:image\" content=\"https:\/\/xenonkungen.com\/wp-content\/uploads\/2025\/04\/204076249-origpic-77b4d6.jpg\" \/>\n\t<meta property=\"og:image:width\" content=\"1000\" \/>\n\t<meta property=\"og:image:height\" content=\"1000\" \/>\n\t<meta property=\"og:image:type\" content=\"image\/jpeg\" \/>\n<meta name=\"twitter:card\" content=\"summary_large_image\" \/>\n<meta name=\"twitter:label1\" content=\"Tiempo de lectura\" \/>\n\t<meta name=\"twitter:data1\" content=\"1 minuto\" \/>\n<script type=\"application\/ld+json\" class=\"yoast-schema-graph\">{\"@context\":\"https:\/\/schema.org\",\"@graph\":[{\"@type\":\"WebPage\",\"@id\":\"https:\/\/xenonkungen.com\/produkt\/optibeam-se7en-7\/\",\"url\":\"https:\/\/xenonkungen.com\/produkt\/optibeam-se7en-7\/\",\"name\":\"OPTIBEAM Se7en 7\\\" - Xenonkungen\",\"isPartOf\":{\"@id\":\"https:\/\/xenonkungen.com\/#website\"},\"primaryImageOfPage\":{\"@id\":\"https:\/\/xenonkungen.com\/produkt\/optibeam-se7en-7\/#primaryimage\"},\"image\":{\"@id\":\"https:\/\/xenonkungen.com\/produkt\/optibeam-se7en-7\/#primaryimage\"},\"thumbnailUrl\":\"https:\/\/xenonkungen.com\/wp-content\/uploads\/2025\/04\/204076249-origpic-77b4d6.jpg\",\"datePublished\":\"2025-04-15T09:20:19+00:00\",\"dateModified\":\"2026-04-24T16:45:09+00:00\",\"breadcrumb\":{\"@id\":\"https:\/\/xenonkungen.com\/produkt\/optibeam-se7en-7\/#breadcrumb\"},\"inLanguage\":\"es\",\"potentialAction\":[{\"@type\":\"ReadAction\",\"target\":[\"https:\/\/xenonkungen.com\/produkt\/optibeam-se7en-7\/\"]}]},{\"@type\":\"ImageObject\",\"inLanguage\":\"es\",\"@id\":\"https:\/\/xenonkungen.com\/produkt\/optibeam-se7en-7\/#primaryimage\",\"url\":\"https:\/\/xenonkungen.com\/wp-content\/uploads\/2025\/04\/204076249-origpic-77b4d6.jpg\",\"contentUrl\":\"https:\/\/xenonkungen.com\/wp-content\/uploads\/2025\/04\/204076249-origpic-77b4d6.jpg\",\"width\":1000,\"height\":1000},{\"@type\":\"BreadcrumbList\",\"@id\":\"https:\/\/xenonkungen.com\/produkt\/optibeam-se7en-7\/#breadcrumb\",\"itemListElement\":[{\"@type\":\"ListItem\",\"position\":1,\"name\":\"Hem\",\"item\":\"https:\/\/xenonkungen.com\/\"},{\"@type\":\"ListItem\",\"position\":2,\"name\":\"Shop\",\"item\":\"https:\/\/xenonkungen.com\/shop\/\"},{\"@type\":\"ListItem\",\"position\":3,\"name\":\"OPTIBEAM Se7en 7&#8243;\"}]},{\"@type\":\"WebSite\",\"@id\":\"https:\/\/xenonkungen.com\/#website\",\"url\":\"https:\/\/xenonkungen.com\/\",\"name\":\"Xenonkungen\",\"description\":\"\",\"potentialAction\":[{\"@type\":\"SearchAction\",\"target\":{\"@type\":\"EntryPoint\",\"urlTemplate\":\"https:\/\/xenonkungen.com\/?s={search_term_string}\"},\"query-input\":{\"@type\":\"PropertyValueSpecification\",\"valueRequired\":true,\"valueName\":\"search_term_string\"}}],\"inLanguage\":\"es\"}]}<\/script>\n<!-- \/ Yoast SEO plugin. -->","yoast_head_json":{"title":"OPTIBEAM Se7en 7&quot; - El rey del xen\u00f3n","robots":{"index":"index","follow":"follow","max-snippet":"max-snippet:-1","max-image-preview":"max-image-preview:large","max-video-preview":"max-video-preview:-1"},"canonical":"https:\/\/xenonkungen.com\/es\/producto\/optibeam-se7en-7\/","og_locale":"es_ES","og_type":"article","og_title":"OPTIBEAM Se7en 7\" - Xenonkungen","og_description":"Optibeam Se7en \u00e4r det perfekta extraljuset om du s\u00f6ker snygg design, senaste tekniken och ett fantastiskt ljus! Med nyutvecklad teknik och innovation kan du nu f\u00e5 allt du \u00f6nskar, \u00e4ven ur ett 7\" Extraljus. L\u00e5ng kastl\u00e4ngd, bred ljusbild, snygg design i ett kompakt format. Med 9159 faktiska lumen per lykta ser du allt ute p\u00e5 v\u00e4gen.","og_url":"https:\/\/xenonkungen.com\/es\/producto\/optibeam-se7en-7\/","og_site_name":"Xenonkungen","article_modified_time":"2026-04-24T16:45:09+00:00","og_image":[{"width":1000,"height":1000,"url":"https:\/\/xenonkungen.com\/wp-content\/uploads\/2025\/04\/204076249-origpic-77b4d6.jpg","type":"image\/jpeg"}],"twitter_card":"summary_large_image","twitter_misc":{"Tiempo de lectura":"1 minuto"},"schema":{"@context":"https:\/\/schema.org","@graph":[{"@type":"WebPage","@id":"https:\/\/xenonkungen.com\/produkt\/optibeam-se7en-7\/","url":"https:\/\/xenonkungen.com\/produkt\/optibeam-se7en-7\/","name":"OPTIBEAM Se7en 7&quot; - El rey del xen\u00f3n","isPartOf":{"@id":"https:\/\/xenonkungen.com\/#website"},"primaryImageOfPage":{"@id":"https:\/\/xenonkungen.com\/produkt\/optibeam-se7en-7\/#primaryimage"},"image":{"@id":"https:\/\/xenonkungen.com\/produkt\/optibeam-se7en-7\/#primaryimage"},"thumbnailUrl":"https:\/\/xenonkungen.com\/wp-content\/uploads\/2025\/04\/204076249-origpic-77b4d6.jpg","datePublished":"2025-04-15T09:20:19+00:00","dateModified":"2026-04-24T16:45:09+00:00","breadcrumb":{"@id":"https:\/\/xenonkungen.com\/produkt\/optibeam-se7en-7\/#breadcrumb"},"inLanguage":"es","potentialAction":[{"@type":"ReadAction","target":["https:\/\/xenonkungen.com\/produkt\/optibeam-se7en-7\/"]}]},{"@type":"ImageObject","inLanguage":"es","@id":"https:\/\/xenonkungen.com\/produkt\/optibeam-se7en-7\/#primaryimage","url":"https:\/\/xenonkungen.com\/wp-content\/uploads\/2025\/04\/204076249-origpic-77b4d6.jpg","contentUrl":"https:\/\/xenonkungen.com\/wp-content\/uploads\/2025\/04\/204076249-origpic-77b4d6.jpg","width":1000,"height":1000},{"@type":"BreadcrumbList","@id":"https:\/\/xenonkungen.com\/produkt\/optibeam-se7en-7\/#breadcrumb","itemListElement":[{"@type":"ListItem","position":1,"name":"Hem","item":"https:\/\/xenonkungen.com\/"},{"@type":"ListItem","position":2,"name":"Shop","item":"https:\/\/xenonkungen.com\/shop\/"},{"@type":"ListItem","position":3,"name":"OPTIBEAM Se7en 7&#8243;"}]},{"@type":"WebSite","@id":"https:\/\/xenonkungen.com\/#website","url":"https:\/\/xenonkungen.com\/","name":"Xenonkungen","description":"","potentialAction":[{"@type":"SearchAction","target":{"@type":"EntryPoint","urlTemplate":"https:\/\/xenonkungen.com\/?s={search_term_string}"},"query-input":{"@type":"PropertyValueSpecification","valueRequired":true,"valueName":"search_term_string"}}],"inLanguage":"es"}]}},"taxonomy_info":{"product_brand":[{"value":107,"label":"Optibeam"}],"product_cat":[{"value":2838,"label":"Extraljus 7\""},{"value":142,"label":"Extraljus"}],"pa_faktisk-effekts-forbrukning":[{"value":1509,"label":"110"}],"pa_fargtemperatur":[{"value":1510,"label":"5500"}],"pa_fuktskydd-varde-ipxx":[{"value":177,"label":"IP68"}],"pa_godkannande":[{"value":1512,"label":"E-godk\u00e4nd (R112, R10, R148, R149) ref.30"}],"pa_lampsockel-kontakt":[{"value":1493,"label":"4-polig DT-kontakt"}],"pa_led-chips-effekt-w":[{"value":1508,"label":"155"}],"pa_ljusbild":[{"value":178,"label":"Driving"}],"pa_storlek-mm":[{"value":1507,"label":"178 x 83"}],"pa_stromforbrukning":[{"value":1511,"label":"8,06A @13,7V"}],"pa_volt-v":[{"value":1434,"label":"9-32"}]},"featured_image_src_large":["https:\/\/xenonkungen.com\/wp-content\/uploads\/2025\/04\/204076249-origpic-77b4d6.jpg",1000,1000,false],"author_info":[],"comment_info":0,"_links":{"self":[{"href":"https:\/\/xenonkungen.com\/es\/wp-json\/wp\/v2\/product\/4917","targetHints":{"allow":["GET"]}}],"collection":[{"href":"https:\/\/xenonkungen.com\/es\/wp-json\/wp\/v2\/product"}],"about":[{"href":"https:\/\/xenonkungen.com\/es\/wp-json\/wp\/v2\/types\/product"}],"replies":[{"embeddable":true,"href":"https:\/\/xenonkungen.com\/es\/wp-json\/wp\/v2\/comments?post=4917"}],"wp:featuredmedia":[{"embeddable":true,"href":"https:\/\/xenonkungen.com\/es\/wp-json\/wp\/v2\/media\/4918"}],"wp:attachment":[{"href":"https:\/\/xenonkungen.com\/es\/wp-json\/wp\/v2\/media?parent=4917"}],"wp:term":[{"taxonomy":"anvandningsomrade","embeddable":true,"href":"https:\/\/xenonkungen.com\/es\/wp-json\/wp\/v2\/anvandningsomrade?post=4917"},{"taxonomy":"bilmarken","embeddable":true,"href":"https:\/\/xenonkungen.com\/es\/wp-json\/wp\/v2\/bilmarken?post=4917"},{"taxonomy":"product_brand","embeddable":true,"href":"https:\/\/xenonkungen.com\/es\/wp-json\/wp\/v2\/product_brand?post=4917"},{"taxonomy":"product_cat","embeddable":true,"href":"https:\/\/xenonkungen.com\/es\/wp-json\/wp\/v2\/product_cat?post=4917"},{"taxonomy":"product_tag","embeddable":true,"href":"https:\/\/xenonkungen.com\/es\/wp-json\/wp\/v2\/product_tag?post=4917"}],"curies":[{"name":"wp","href":"https:\/\/api.w.org\/{rel}","templated":true}]}}