{"id":4943,"date":"2025-04-15T09:20:19","date_gmt":"2025-04-15T09:20:19","guid":{"rendered":"https:\/\/xenonkungen.com\/product\/optibeam-super-captain-one-600\/"},"modified":"2026-04-24T17:45:13","modified_gmt":"2026-04-24T16:45:13","slug":"optibeam-super-captain-one-600","status":"publish","type":"product","link":"https:\/\/xenonkungen.com\/es\/producto\/optibeam-super-captain-one-600\/","title":{"rendered":"OPTIBEAM Super Capit\u00e1n ONE 600"},"content":{"rendered":"<h1>OPTIBEAM Super Captain ONE 600 \u2013 Parte de la amplia gama del Rey del Xen\u00f3n<\/h1>\n<p>Descubra <strong>OPTIBEAM Super Capit\u00e1n ONE 600<\/strong>Este es uno de los muchos productos de alta calidad de la amplia gama de Xenon King. Esta avanzada barra LED representa una nueva era en la iluminaci\u00f3n de veh\u00edculos, especialmente en la serie Super Captain.<\/p>\n<p>La rampa Super Captain ONE 600 cuenta con un dise\u00f1o elegante y estilizado que no solo mejora la est\u00e9tica, sino tambi\u00e9n la aerodin\u00e1mica del veh\u00edculo. Con caracter\u00edsticas excepcionales como un largo alcance (1 lux a 635 metros) y una temperatura de color \u00f3ptima de 5000 K, esta rampa LED ofrece una iluminaci\u00f3n natural y de alta calidad para todo tipo de conducci\u00f3n.<\/p>\n<p>Su dise\u00f1o exclusivo incluye luces de posici\u00f3n dobles, tanto naranjas como blancas, que mejoran la visibilidad y contribuyen a una mayor seguridad. El dise\u00f1o sin marco no solo es moderno, sino tambi\u00e9n pr\u00e1ctico, ya que evita la acumulaci\u00f3n de suciedad y otros elementos en la lente. Con una luminosidad de m\u00e1s de 13\u00a0300 l\u00famenes medidos, la Super Captain ONE 600 es una potente fuente de luz para su veh\u00edculo.<\/p>\n<p>Gracias a su dise\u00f1o compacto y sus caracter\u00edsticas avanzadas, el Super Captain ONE 600 es una excelente opci\u00f3n para quienes buscan una combinaci\u00f3n de potencia, estilo y durabilidad. Su f\u00e1cil montaje, gracias a los orificios preperforados para las barras estabilizadoras, garantiza una instalaci\u00f3n estable y sin complicaciones. Con una referencia de tan solo 30, se sit\u00faa a la cabeza de su categor\u00eda.<\/p>\n<p><strong>Aqu\u00ed est\u00e1n algunas de sus caracter\u00edsticas impresionantes. <strong>Garant\u00eda:<\/strong><\/strong><\/p>\n<p>El Super Captain ONE 600 cuenta con una generosa garant\u00eda de 36 meses, lo que confirma su calidad y fiabilidad. Descubra esta y otras soluciones de iluminaci\u00f3n que forman parte de la amplia gama de Xenon King.<\/p>\n<p>&#8221;`<\/p>","protected":false},"excerpt":{"rendered":"<p>La popular serie Super Captain se ha ampliado ahora con esta estrella fugaz Optibeam Super Captain One 600.<\/p>","protected":false},"featured_media":4944,"comment_status":"closed","ping_status":"closed","template":"","meta":{"_acf_changed":false,"_smort_price_nok":"3733","_smort_price_dkk":"2372","_smort_price_eur":"317.71","_smort_sale_price_nok":"","_smort_sale_price_dkk":"","_smort_sale_price_eur":"","smort_restorder":"","shipmondo_restorder":"","_kad_blocks_custom_css":"","_kad_blocks_head_custom_js":"","_kad_blocks_body_custom_js":"","_kad_blocks_footer_custom_js":"","smort_custom_pricelist_1":"2236.8","smort_custom_pricelist_2":"1957.2","smort_custom_pricelist_3":"1817.4","smort_custom_pricelist_4":"2796","smort_custom_pricelist_5":"1957.2"},"anvandningsomrade":[],"bilmarken":[],"product_brand":[107],"product_cat":[2966,2539,2660,2164],"product_tag":[],"class_list":{"0":"post-4943","1":"product","2":"type-product","3":"status-publish","4":"has-post-thumbnail","6":"product_brand-optibeam","7":"product_cat-ledramp-rak","8":"product_cat-ledramper","9":"product_cat-optibeam-ledramper","10":"product_cat-optibeam-super-captain","11":"pa_fargtemperatur-1486","12":"pa_fuktskydd-varde-ipxx-ip68","13":"pa_godkannande-r149-r148-r10","14":"pa_godkannande-ref-30","15":"pa_lampsockel-kontakt-dtp-kontakt","16":"pa_storlek-mm-534-x-47-x-65","17":"pa_stromforbrukning-11-00-13-7v","18":"pa_volt-v-9-36","20":"first","21":"instock","22":"taxable","23":"shipping-taxable","24":"purchasable","25":"product-type-simple"},"bundled_by":["9614"],"bundle_stock_status":"instock","bundle_stock_quantity":3,"bundle_virtual":false,"bundle_layout":"","bundle_add_to_cart_form_location":"","bundle_editable_in_cart":false,"bundle_sold_individually_context":"","bundle_item_grouping":"","bundle_min_size":"","bundle_max_size":"","bundle_price":[],"bundled_items":[],"bundle_sell_ids":[],"acf":[],"yoast_head":"<!-- This site is optimized with the Yoast SEO plugin v27.0 - https:\/\/yoast.com\/product\/yoast-seo-wordpress\/ -->\n<title>OPTIBEAM Super Captain ONE 600 - Xenonkungen<\/title>\n<meta name=\"robots\" content=\"index, follow, max-snippet:-1, max-image-preview:large, max-video-preview:-1\" \/>\n<link rel=\"canonical\" href=\"https:\/\/xenonkungen.com\/es\/producto\/optibeam-super-captain-one-600\/\" \/>\n<meta property=\"og:locale\" content=\"es_ES\" \/>\n<meta property=\"og:type\" content=\"article\" \/>\n<meta property=\"og:title\" content=\"OPTIBEAM Super Captain ONE 600 - Xenonkungen\" \/>\n<meta property=\"og:description\" content=\"Popul\u00e4ra Super Captain serien, har nu ut\u00f6kats med detta stj\u00e4rnskottet Optibeam Super Captain One 600\" \/>\n<meta property=\"og:url\" content=\"https:\/\/xenonkungen.com\/es\/producto\/optibeam-super-captain-one-600\/\" \/>\n<meta property=\"og:site_name\" content=\"Xenonkungen\" \/>\n<meta property=\"article:modified_time\" content=\"2026-04-24T16:45:13+00:00\" \/>\n<meta property=\"og:image\" content=\"https:\/\/xenonkungen.com\/wp-content\/uploads\/2025\/04\/207502115-origpic-cce5ed.png\" \/>\n\t<meta property=\"og:image:width\" content=\"1000\" \/>\n\t<meta property=\"og:image:height\" content=\"305\" \/>\n\t<meta property=\"og:image:type\" content=\"image\/png\" \/>\n<meta name=\"twitter:card\" content=\"summary_large_image\" \/>\n<meta name=\"twitter:label1\" content=\"Tiempo de lectura\" \/>\n\t<meta name=\"twitter:data1\" content=\"2 minutos\" \/>\n<script type=\"application\/ld+json\" class=\"yoast-schema-graph\">{\"@context\":\"https:\/\/schema.org\",\"@graph\":[{\"@type\":\"WebPage\",\"@id\":\"https:\/\/xenonkungen.com\/produkt\/optibeam-super-captain-one-600\/\",\"url\":\"https:\/\/xenonkungen.com\/produkt\/optibeam-super-captain-one-600\/\",\"name\":\"OPTIBEAM Super Captain ONE 600 - Xenonkungen\",\"isPartOf\":{\"@id\":\"https:\/\/xenonkungen.com\/#website\"},\"primaryImageOfPage\":{\"@id\":\"https:\/\/xenonkungen.com\/produkt\/optibeam-super-captain-one-600\/#primaryimage\"},\"image\":{\"@id\":\"https:\/\/xenonkungen.com\/produkt\/optibeam-super-captain-one-600\/#primaryimage\"},\"thumbnailUrl\":\"https:\/\/xenonkungen.com\/wp-content\/uploads\/2025\/04\/207502115-origpic-cce5ed.png\",\"datePublished\":\"2025-04-15T09:20:19+00:00\",\"dateModified\":\"2026-04-24T16:45:13+00:00\",\"breadcrumb\":{\"@id\":\"https:\/\/xenonkungen.com\/produkt\/optibeam-super-captain-one-600\/#breadcrumb\"},\"inLanguage\":\"es\",\"potentialAction\":[{\"@type\":\"ReadAction\",\"target\":[\"https:\/\/xenonkungen.com\/produkt\/optibeam-super-captain-one-600\/\"]}]},{\"@type\":\"ImageObject\",\"inLanguage\":\"es\",\"@id\":\"https:\/\/xenonkungen.com\/produkt\/optibeam-super-captain-one-600\/#primaryimage\",\"url\":\"https:\/\/xenonkungen.com\/wp-content\/uploads\/2025\/04\/207502115-origpic-cce5ed.png\",\"contentUrl\":\"https:\/\/xenonkungen.com\/wp-content\/uploads\/2025\/04\/207502115-origpic-cce5ed.png\",\"width\":1000,\"height\":305},{\"@type\":\"BreadcrumbList\",\"@id\":\"https:\/\/xenonkungen.com\/produkt\/optibeam-super-captain-one-600\/#breadcrumb\",\"itemListElement\":[{\"@type\":\"ListItem\",\"position\":1,\"name\":\"Hem\",\"item\":\"https:\/\/xenonkungen.com\/\"},{\"@type\":\"ListItem\",\"position\":2,\"name\":\"Shop\",\"item\":\"https:\/\/xenonkungen.com\/shop\/\"},{\"@type\":\"ListItem\",\"position\":3,\"name\":\"OPTIBEAM Super Captain ONE 600\"}]},{\"@type\":\"WebSite\",\"@id\":\"https:\/\/xenonkungen.com\/#website\",\"url\":\"https:\/\/xenonkungen.com\/\",\"name\":\"Xenonkungen\",\"description\":\"\",\"potentialAction\":[{\"@type\":\"SearchAction\",\"target\":{\"@type\":\"EntryPoint\",\"urlTemplate\":\"https:\/\/xenonkungen.com\/?s={search_term_string}\"},\"query-input\":{\"@type\":\"PropertyValueSpecification\",\"valueRequired\":true,\"valueName\":\"search_term_string\"}}],\"inLanguage\":\"es\"}]}<\/script>\n<!-- \/ Yoast SEO plugin. -->","yoast_head_json":{"title":"OPTIBEAM Super Captain ONE 600 - El rey del xen\u00f3n","robots":{"index":"index","follow":"follow","max-snippet":"max-snippet:-1","max-image-preview":"max-image-preview:large","max-video-preview":"max-video-preview:-1"},"canonical":"https:\/\/xenonkungen.com\/es\/producto\/optibeam-super-captain-one-600\/","og_locale":"es_ES","og_type":"article","og_title":"OPTIBEAM Super Captain ONE 600 - Xenonkungen","og_description":"Popul\u00e4ra Super Captain serien, har nu ut\u00f6kats med detta stj\u00e4rnskottet Optibeam Super Captain One 600","og_url":"https:\/\/xenonkungen.com\/es\/producto\/optibeam-super-captain-one-600\/","og_site_name":"Xenonkungen","article_modified_time":"2026-04-24T16:45:13+00:00","og_image":[{"width":1000,"height":305,"url":"https:\/\/xenonkungen.com\/wp-content\/uploads\/2025\/04\/207502115-origpic-cce5ed.png","type":"image\/png"}],"twitter_card":"summary_large_image","twitter_misc":{"Tiempo de lectura":"2 minutos"},"schema":{"@context":"https:\/\/schema.org","@graph":[{"@type":"WebPage","@id":"https:\/\/xenonkungen.com\/produkt\/optibeam-super-captain-one-600\/","url":"https:\/\/xenonkungen.com\/produkt\/optibeam-super-captain-one-600\/","name":"OPTIBEAM Super Captain ONE 600 - El rey del xen\u00f3n","isPartOf":{"@id":"https:\/\/xenonkungen.com\/#website"},"primaryImageOfPage":{"@id":"https:\/\/xenonkungen.com\/produkt\/optibeam-super-captain-one-600\/#primaryimage"},"image":{"@id":"https:\/\/xenonkungen.com\/produkt\/optibeam-super-captain-one-600\/#primaryimage"},"thumbnailUrl":"https:\/\/xenonkungen.com\/wp-content\/uploads\/2025\/04\/207502115-origpic-cce5ed.png","datePublished":"2025-04-15T09:20:19+00:00","dateModified":"2026-04-24T16:45:13+00:00","breadcrumb":{"@id":"https:\/\/xenonkungen.com\/produkt\/optibeam-super-captain-one-600\/#breadcrumb"},"inLanguage":"es","potentialAction":[{"@type":"ReadAction","target":["https:\/\/xenonkungen.com\/produkt\/optibeam-super-captain-one-600\/"]}]},{"@type":"ImageObject","inLanguage":"es","@id":"https:\/\/xenonkungen.com\/produkt\/optibeam-super-captain-one-600\/#primaryimage","url":"https:\/\/xenonkungen.com\/wp-content\/uploads\/2025\/04\/207502115-origpic-cce5ed.png","contentUrl":"https:\/\/xenonkungen.com\/wp-content\/uploads\/2025\/04\/207502115-origpic-cce5ed.png","width":1000,"height":305},{"@type":"BreadcrumbList","@id":"https:\/\/xenonkungen.com\/produkt\/optibeam-super-captain-one-600\/#breadcrumb","itemListElement":[{"@type":"ListItem","position":1,"name":"Hem","item":"https:\/\/xenonkungen.com\/"},{"@type":"ListItem","position":2,"name":"Shop","item":"https:\/\/xenonkungen.com\/shop\/"},{"@type":"ListItem","position":3,"name":"OPTIBEAM Super Captain ONE 600"}]},{"@type":"WebSite","@id":"https:\/\/xenonkungen.com\/#website","url":"https:\/\/xenonkungen.com\/","name":"Xenonkungen","description":"","potentialAction":[{"@type":"SearchAction","target":{"@type":"EntryPoint","urlTemplate":"https:\/\/xenonkungen.com\/?s={search_term_string}"},"query-input":{"@type":"PropertyValueSpecification","valueRequired":true,"valueName":"search_term_string"}}],"inLanguage":"es"}]}},"taxonomy_info":{"product_brand":[{"value":107,"label":"Optibeam"}],"product_cat":[{"value":2966,"label":"Ledramp Rak"},{"value":2539,"label":"LEDRAMPER"},{"value":2660,"label":"Optibeam"},{"value":2164,"label":"OPTIBEAM Super Captain"}],"pa_fargtemperatur":[{"value":1486,"label":"5000"}],"pa_fuktskydd-varde-ipxx":[{"value":177,"label":"IP68"}],"pa_godkannande":[{"value":1523,"label":"R149, R148, R10"},{"value":1490,"label":"Ref. 30"}],"pa_lampsockel-kontakt":[{"value":1522,"label":"DTP-kontakt"}],"pa_storlek-mm":[{"value":1520,"label":"534 x 47 x 65"}],"pa_stromforbrukning":[{"value":1521,"label":"11.00 @ 13.7V"}],"pa_volt-v":[{"value":1444,"label":"9-36"}]},"featured_image_src_large":["https:\/\/xenonkungen.com\/wp-content\/uploads\/2025\/04\/207502115-origpic-cce5ed.png",1000,305,false],"author_info":[],"comment_info":0,"_links":{"self":[{"href":"https:\/\/xenonkungen.com\/es\/wp-json\/wp\/v2\/product\/4943","targetHints":{"allow":["GET"]}}],"collection":[{"href":"https:\/\/xenonkungen.com\/es\/wp-json\/wp\/v2\/product"}],"about":[{"href":"https:\/\/xenonkungen.com\/es\/wp-json\/wp\/v2\/types\/product"}],"replies":[{"embeddable":true,"href":"https:\/\/xenonkungen.com\/es\/wp-json\/wp\/v2\/comments?post=4943"}],"wp:featuredmedia":[{"embeddable":true,"href":"https:\/\/xenonkungen.com\/es\/wp-json\/wp\/v2\/media\/4944"}],"wp:attachment":[{"href":"https:\/\/xenonkungen.com\/es\/wp-json\/wp\/v2\/media?parent=4943"}],"wp:term":[{"taxonomy":"anvandningsomrade","embeddable":true,"href":"https:\/\/xenonkungen.com\/es\/wp-json\/wp\/v2\/anvandningsomrade?post=4943"},{"taxonomy":"bilmarken","embeddable":true,"href":"https:\/\/xenonkungen.com\/es\/wp-json\/wp\/v2\/bilmarken?post=4943"},{"taxonomy":"product_brand","embeddable":true,"href":"https:\/\/xenonkungen.com\/es\/wp-json\/wp\/v2\/product_brand?post=4943"},{"taxonomy":"product_cat","embeddable":true,"href":"https:\/\/xenonkungen.com\/es\/wp-json\/wp\/v2\/product_cat?post=4943"},{"taxonomy":"product_tag","embeddable":true,"href":"https:\/\/xenonkungen.com\/es\/wp-json\/wp\/v2\/product_tag?post=4943"}],"curies":[{"name":"wp","href":"https:\/\/api.w.org\/{rel}","templated":true}]}}