{"id":4970,"date":"2025-04-15T09:21:10","date_gmt":"2025-04-15T09:21:10","guid":{"rendered":"https:\/\/xenonkungen.com\/product\/optibeam-super-captain-dual-800-curved\/"},"modified":"2026-04-01T15:00:07","modified_gmt":"2026-04-01T14:00:07","slug":"optibeam-super-captain-dual-800-curvo","status":"publish","type":"product","link":"https:\/\/xenonkungen.com\/es\/producto\/optibeam-super-captain-dual-800-curvo\/","title":{"rendered":"OPTIBEAM Super Captain Dual 800 Curvo"},"content":{"rendered":"<section class=\"product-description\">\n<h1>Optibeam Super Captain Dual 800: \u00a1la barra de luz LED que ilumina cada aventura!<\/h1>\n<p>Avent\u00farate en la oscuridad con total control y estilo. <strong>Optibeam Super Captain Dual 800<\/strong> Es la combinaci\u00f3n perfecta de potencia, funcionalidad y dise\u00f1o moderno. Con una forma curva que optimiza la distribuci\u00f3n de la luz y un brillo impresionante, esta es la barra de luz ideal para quienes exigen un alto rendimiento y fiabilidad.<\/p>\n<h2>Brillo que impresiona<\/h2>\n<p>Con la Optibeam Super Captain Dual 800 ver\u00e1 m\u00e1s lejos y con m\u00e1s claridad que nunca. La luz penetra la oscuridad y le ofrece un campo de luz amplio y potente que ilumina la noche con la misma claridad del d\u00eda. Ya sea que conduzca por carreteras rurales, bosques y campos, o afronte terrenos dif\u00edciles, esta barra de luz le brinda la visibilidad y la confianza que necesita.<\/p>\n<h2>Dise\u00f1ado para destacar<\/h2>\n<p>El elegante dise\u00f1o curvo hace <strong>S\u00faper Capit\u00e1n Dual 800<\/strong> No solo rinden al m\u00e1ximo, sino que tambi\u00e9n lucen geniales en tu veh\u00edculo. Realza la apariencia de tu auto y crea un estilo personal con luces de posici\u00f3n que pueden alternar entre un elegante blanco y un impactante naranja.<\/p>\n<h2>Vers\u00e1til y robusto<\/h2>\n<p>La Optibeam Super Captain Dual 800 est\u00e1 dise\u00f1ada para soportar las condiciones m\u00e1s duras. Gracias a su construcci\u00f3n duradera y su uso flexible, es tan fiable tanto en el d\u00eda a d\u00eda como en aventuras extremas. Perfecta para todo tipo de veh\u00edculos, desde turismos hasta veh\u00edculos utilitarios y todoterrenos.<\/p>","protected":false},"excerpt":{"rendered":"<p>Optibeam Super Captain Dual 800 \u2013 LED-ljusrampen som lyser upp varje \u00e4ventyr! Ge dig ut i m\u00f6rkret med full kontroll och stil. Optibeam Super Captain Dual 800 \u00e4r den perfekta kombinationen av kraft, funktionalitet och modern design. Med en b\u00f6jd form som optimerar ljusspridningen och imponerande ljusstyrka, \u00e4r detta ljusrampen f\u00f6r dig som st\u00e4ller h\u00f6ga [&hellip;]<\/p>","protected":false},"featured_media":4971,"comment_status":"closed","ping_status":"open","template":"","meta":{"_acf_changed":false,"_smort_price_nok":"6403","_smort_price_dkk":"4068","_smort_price_eur":"544.98","_smort_sale_price_nok":"","_smort_sale_price_dkk":"","_smort_sale_price_eur":"","smort_restorder":"","shipmondo_restorder":"","_kad_blocks_custom_css":"","_kad_blocks_head_custom_js":"","_kad_blocks_body_custom_js":"","_kad_blocks_footer_custom_js":"","smort_custom_pricelist_1":"3836.8","smort_custom_pricelist_2":"3357.2","smort_custom_pricelist_3":"3117.4","smort_custom_pricelist_4":"4796","smort_custom_pricelist_5":"3357.2"},"anvandningsomrade":[],"bilmarken":[],"product_brand":[107],"product_cat":[2967,2539,2660,2164],"product_tag":[],"class_list":{"0":"post-4970","1":"product","2":"type-product","3":"status-publish","4":"has-post-thumbnail","6":"product_brand-optibeam","7":"product_cat-ledramp-curved","8":"product_cat-ledramper","9":"product_cat-optibeam-ledramper","10":"product_cat-optibeam-super-captain","11":"pa_fargtemperatur-1486","12":"pa_fuktskydd-varde-ipxx-ip68","13":"pa_godkannande-e-godkand-r148-r149-r10-ref-30","14":"pa_lampsockel-kontakt-open-wire","15":"pa_storlek-mm-768x685x80","16":"pa_stromforbrukning-3022a-137v","17":"pa_volt-v-9-36","19":"first","20":"onbackorder","21":"taxable","22":"shipping-taxable","23":"purchasable","24":"product-type-simple"},"bundled_by":[],"bundle_stock_status":"onbackorder","bundle_stock_quantity":0,"bundle_virtual":false,"bundle_layout":"","bundle_add_to_cart_form_location":"","bundle_editable_in_cart":false,"bundle_sold_individually_context":"","bundle_item_grouping":"","bundle_min_size":"","bundle_max_size":"","bundle_price":[],"bundled_items":[],"bundle_sell_ids":[],"acf":[],"yoast_head":"<!-- This site is optimized with the Yoast SEO plugin v27.0 - https:\/\/yoast.com\/product\/yoast-seo-wordpress\/ -->\n<title>OPTIBEAM Super Captain Dual 800 Curved - Xenonkungen<\/title>\n<meta name=\"robots\" content=\"index, follow, max-snippet:-1, max-image-preview:large, max-video-preview:-1\" \/>\n<link rel=\"canonical\" href=\"https:\/\/xenonkungen.com\/es\/producto\/optibeam-super-captain-dual-800-curvo\/\" \/>\n<meta property=\"og:locale\" content=\"es_ES\" \/>\n<meta property=\"og:type\" content=\"article\" \/>\n<meta property=\"og:title\" content=\"OPTIBEAM Super Captain Dual 800 Curved - Xenonkungen\" \/>\n<meta property=\"og:description\" content=\"Optibeam Super Captain Dual 800 \u2013 LED-ljusrampen som lyser upp varje \u00e4ventyr! Ge dig ut i m\u00f6rkret med full kontroll och stil. Optibeam Super Captain Dual 800 \u00e4r den perfekta kombinationen av kraft, funktionalitet och modern design. Med en b\u00f6jd form som optimerar ljusspridningen och imponerande ljusstyrka, \u00e4r detta ljusrampen f\u00f6r dig som st\u00e4ller h\u00f6ga [&hellip;]\" \/>\n<meta property=\"og:url\" content=\"https:\/\/xenonkungen.com\/es\/producto\/optibeam-super-captain-dual-800-curvo\/\" \/>\n<meta property=\"og:site_name\" content=\"Xenonkungen\" \/>\n<meta property=\"article:modified_time\" content=\"2026-04-01T14:00:07+00:00\" \/>\n<meta property=\"og:image\" content=\"https:\/\/xenonkungen.com\/wp-content\/uploads\/2025\/04\/216526573-origpic-ef6e75.webp\" \/>\n\t<meta property=\"og:image:width\" content=\"1500\" \/>\n\t<meta property=\"og:image:height\" content=\"1500\" \/>\n\t<meta property=\"og:image:type\" content=\"image\/webp\" \/>\n<meta name=\"twitter:card\" content=\"summary_large_image\" \/>\n<meta name=\"twitter:label1\" content=\"Tiempo de lectura\" \/>\n\t<meta name=\"twitter:data1\" content=\"1 minuto\" \/>\n<script type=\"application\/ld+json\" class=\"yoast-schema-graph\">{\"@context\":\"https:\/\/schema.org\",\"@graph\":[{\"@type\":\"WebPage\",\"@id\":\"https:\/\/xenonkungen.com\/produkt\/optibeam-super-captain-dual-800-curved\/\",\"url\":\"https:\/\/xenonkungen.com\/produkt\/optibeam-super-captain-dual-800-curved\/\",\"name\":\"OPTIBEAM Super Captain Dual 800 Curved - Xenonkungen\",\"isPartOf\":{\"@id\":\"https:\/\/xenonkungen.com\/#website\"},\"primaryImageOfPage\":{\"@id\":\"https:\/\/xenonkungen.com\/produkt\/optibeam-super-captain-dual-800-curved\/#primaryimage\"},\"image\":{\"@id\":\"https:\/\/xenonkungen.com\/produkt\/optibeam-super-captain-dual-800-curved\/#primaryimage\"},\"thumbnailUrl\":\"https:\/\/xenonkungen.com\/wp-content\/uploads\/2025\/04\/216526573-origpic-ef6e75.webp\",\"datePublished\":\"2025-04-15T09:21:10+00:00\",\"dateModified\":\"2026-04-01T14:00:07+00:00\",\"breadcrumb\":{\"@id\":\"https:\/\/xenonkungen.com\/produkt\/optibeam-super-captain-dual-800-curved\/#breadcrumb\"},\"inLanguage\":\"es\",\"potentialAction\":[{\"@type\":\"ReadAction\",\"target\":[\"https:\/\/xenonkungen.com\/produkt\/optibeam-super-captain-dual-800-curved\/\"]}]},{\"@type\":\"ImageObject\",\"inLanguage\":\"es\",\"@id\":\"https:\/\/xenonkungen.com\/produkt\/optibeam-super-captain-dual-800-curved\/#primaryimage\",\"url\":\"https:\/\/xenonkungen.com\/wp-content\/uploads\/2025\/04\/216526573-origpic-ef6e75.webp\",\"contentUrl\":\"https:\/\/xenonkungen.com\/wp-content\/uploads\/2025\/04\/216526573-origpic-ef6e75.webp\",\"width\":1500,\"height\":1500},{\"@type\":\"BreadcrumbList\",\"@id\":\"https:\/\/xenonkungen.com\/produkt\/optibeam-super-captain-dual-800-curved\/#breadcrumb\",\"itemListElement\":[{\"@type\":\"ListItem\",\"position\":1,\"name\":\"Hem\",\"item\":\"https:\/\/xenonkungen.com\/\"},{\"@type\":\"ListItem\",\"position\":2,\"name\":\"Shop\",\"item\":\"https:\/\/xenonkungen.com\/shop\/\"},{\"@type\":\"ListItem\",\"position\":3,\"name\":\"OPTIBEAM Super Captain Dual 800 Curved\"}]},{\"@type\":\"WebSite\",\"@id\":\"https:\/\/xenonkungen.com\/#website\",\"url\":\"https:\/\/xenonkungen.com\/\",\"name\":\"Xenonkungen\",\"description\":\"\",\"potentialAction\":[{\"@type\":\"SearchAction\",\"target\":{\"@type\":\"EntryPoint\",\"urlTemplate\":\"https:\/\/xenonkungen.com\/?s={search_term_string}\"},\"query-input\":{\"@type\":\"PropertyValueSpecification\",\"valueRequired\":true,\"valueName\":\"search_term_string\"}}],\"inLanguage\":\"es\"}]}<\/script>\n<!-- \/ Yoast SEO plugin. -->","yoast_head_json":{"title":"OPTIBEAM Super Captain Dual 800 Curved - El rey del xen\u00f3n","robots":{"index":"index","follow":"follow","max-snippet":"max-snippet:-1","max-image-preview":"max-image-preview:large","max-video-preview":"max-video-preview:-1"},"canonical":"https:\/\/xenonkungen.com\/es\/producto\/optibeam-super-captain-dual-800-curvo\/","og_locale":"es_ES","og_type":"article","og_title":"OPTIBEAM Super Captain Dual 800 Curved - Xenonkungen","og_description":"Optibeam Super Captain Dual 800 \u2013 LED-ljusrampen som lyser upp varje \u00e4ventyr! Ge dig ut i m\u00f6rkret med full kontroll och stil. Optibeam Super Captain Dual 800 \u00e4r den perfekta kombinationen av kraft, funktionalitet och modern design. Med en b\u00f6jd form som optimerar ljusspridningen och imponerande ljusstyrka, \u00e4r detta ljusrampen f\u00f6r dig som st\u00e4ller h\u00f6ga [&hellip;]","og_url":"https:\/\/xenonkungen.com\/es\/producto\/optibeam-super-captain-dual-800-curvo\/","og_site_name":"Xenonkungen","article_modified_time":"2026-04-01T14:00:07+00:00","og_image":[{"width":1500,"height":1500,"url":"https:\/\/xenonkungen.com\/wp-content\/uploads\/2025\/04\/216526573-origpic-ef6e75.webp","type":"image\/webp"}],"twitter_card":"summary_large_image","twitter_misc":{"Tiempo de lectura":"1 minuto"},"schema":{"@context":"https:\/\/schema.org","@graph":[{"@type":"WebPage","@id":"https:\/\/xenonkungen.com\/produkt\/optibeam-super-captain-dual-800-curved\/","url":"https:\/\/xenonkungen.com\/produkt\/optibeam-super-captain-dual-800-curved\/","name":"OPTIBEAM Super Captain Dual 800 Curved - El rey del xen\u00f3n","isPartOf":{"@id":"https:\/\/xenonkungen.com\/#website"},"primaryImageOfPage":{"@id":"https:\/\/xenonkungen.com\/produkt\/optibeam-super-captain-dual-800-curved\/#primaryimage"},"image":{"@id":"https:\/\/xenonkungen.com\/produkt\/optibeam-super-captain-dual-800-curved\/#primaryimage"},"thumbnailUrl":"https:\/\/xenonkungen.com\/wp-content\/uploads\/2025\/04\/216526573-origpic-ef6e75.webp","datePublished":"2025-04-15T09:21:10+00:00","dateModified":"2026-04-01T14:00:07+00:00","breadcrumb":{"@id":"https:\/\/xenonkungen.com\/produkt\/optibeam-super-captain-dual-800-curved\/#breadcrumb"},"inLanguage":"es","potentialAction":[{"@type":"ReadAction","target":["https:\/\/xenonkungen.com\/produkt\/optibeam-super-captain-dual-800-curved\/"]}]},{"@type":"ImageObject","inLanguage":"es","@id":"https:\/\/xenonkungen.com\/produkt\/optibeam-super-captain-dual-800-curved\/#primaryimage","url":"https:\/\/xenonkungen.com\/wp-content\/uploads\/2025\/04\/216526573-origpic-ef6e75.webp","contentUrl":"https:\/\/xenonkungen.com\/wp-content\/uploads\/2025\/04\/216526573-origpic-ef6e75.webp","width":1500,"height":1500},{"@type":"BreadcrumbList","@id":"https:\/\/xenonkungen.com\/produkt\/optibeam-super-captain-dual-800-curved\/#breadcrumb","itemListElement":[{"@type":"ListItem","position":1,"name":"Hem","item":"https:\/\/xenonkungen.com\/"},{"@type":"ListItem","position":2,"name":"Shop","item":"https:\/\/xenonkungen.com\/shop\/"},{"@type":"ListItem","position":3,"name":"OPTIBEAM Super Captain Dual 800 Curved"}]},{"@type":"WebSite","@id":"https:\/\/xenonkungen.com\/#website","url":"https:\/\/xenonkungen.com\/","name":"Xenonkungen","description":"","potentialAction":[{"@type":"SearchAction","target":{"@type":"EntryPoint","urlTemplate":"https:\/\/xenonkungen.com\/?s={search_term_string}"},"query-input":{"@type":"PropertyValueSpecification","valueRequired":true,"valueName":"search_term_string"}}],"inLanguage":"es"}]}},"taxonomy_info":{"product_brand":[{"value":107,"label":"Optibeam"}],"product_cat":[{"value":2967,"label":"Ledramp Curved"},{"value":2539,"label":"LEDRAMPER"},{"value":2660,"label":"Optibeam"},{"value":2164,"label":"OPTIBEAM Super Captain"}],"pa_fargtemperatur":[{"value":1486,"label":"5000"}],"pa_fuktskydd-varde-ipxx":[{"value":177,"label":"IP68"}],"pa_godkannande":[{"value":1527,"label":"E-godk\u00e4nd (R148, R149, R10) ref.30"}],"pa_lampsockel-kontakt":[{"value":324,"label":"Open Wire"}],"pa_storlek-mm":[{"value":1528,"label":"768x68,5x80"}],"pa_stromforbrukning":[{"value":1529,"label":"30,22A @13,7V"}],"pa_volt-v":[{"value":1444,"label":"9-36"}]},"featured_image_src_large":["https:\/\/xenonkungen.com\/wp-content\/uploads\/2025\/04\/216526573-origpic-ef6e75-1024x1024.webp",1024,1024,true],"author_info":[],"comment_info":0,"_links":{"self":[{"href":"https:\/\/xenonkungen.com\/es\/wp-json\/wp\/v2\/product\/4970","targetHints":{"allow":["GET"]}}],"collection":[{"href":"https:\/\/xenonkungen.com\/es\/wp-json\/wp\/v2\/product"}],"about":[{"href":"https:\/\/xenonkungen.com\/es\/wp-json\/wp\/v2\/types\/product"}],"replies":[{"embeddable":true,"href":"https:\/\/xenonkungen.com\/es\/wp-json\/wp\/v2\/comments?post=4970"}],"wp:featuredmedia":[{"embeddable":true,"href":"https:\/\/xenonkungen.com\/es\/wp-json\/wp\/v2\/media\/4971"}],"wp:attachment":[{"href":"https:\/\/xenonkungen.com\/es\/wp-json\/wp\/v2\/media?parent=4970"}],"wp:term":[{"taxonomy":"anvandningsomrade","embeddable":true,"href":"https:\/\/xenonkungen.com\/es\/wp-json\/wp\/v2\/anvandningsomrade?post=4970"},{"taxonomy":"bilmarken","embeddable":true,"href":"https:\/\/xenonkungen.com\/es\/wp-json\/wp\/v2\/bilmarken?post=4970"},{"taxonomy":"product_brand","embeddable":true,"href":"https:\/\/xenonkungen.com\/es\/wp-json\/wp\/v2\/product_brand?post=4970"},{"taxonomy":"product_cat","embeddable":true,"href":"https:\/\/xenonkungen.com\/es\/wp-json\/wp\/v2\/product_cat?post=4970"},{"taxonomy":"product_tag","embeddable":true,"href":"https:\/\/xenonkungen.com\/es\/wp-json\/wp\/v2\/product_tag?post=4970"}],"curies":[{"name":"wp","href":"https:\/\/api.w.org\/{rel}","templated":true}]}}