{"id":4977,"date":"2025-04-15T09:21:10","date_gmt":"2025-04-15T09:21:10","guid":{"rendered":"https:\/\/xenonkungen.com\/product\/optibeam-super-captain-dual-1000-curved\/"},"modified":"2026-04-11T01:39:59","modified_gmt":"2026-04-11T00:39:59","slug":"optibeam-super-captain-dual-1000-curvo","status":"publish","type":"product","link":"https:\/\/xenonkungen.com\/es\/producto\/optibeam-super-captain-dual-1000-curvo\/","title":{"rendered":"OPTIBEAM Super Captain Dual 1000 Curvo"},"content":{"rendered":"<section class=\"product-description\">\n<h1>Optibeam Super Captain Dual 1000: \u00a1la barra de luz LED que lleva la iluminaci\u00f3n a un nuevo nivel!<\/h1>\n<p>Enfr\u00e9ntate a la oscuridad con <strong>Optibeam Super Captain Dual 1000<\/strong> Una impresionante barra de luces LED que ofrece una iluminaci\u00f3n potente y fiable tanto si conduces por carreteras secundarias como por bosques o terrenos accidentados. Dise\u00f1ada para satisfacer las m\u00e1s altas exigencias de rendimiento y estilo, es la soluci\u00f3n de iluminaci\u00f3n definitiva para quienes no quieren renunciar a nada.<\/p>\n<h2>\u00bfPor qu\u00e9 elegir Optibeam Super Captain Dual 1000?<\/h2>\n<ul>\n<li><strong>Brillo superior:<\/strong> Con la friolera de 42.000 l\u00famenes y un alcance de 1 lux a 858 metros, se obtiene una imagen luminosa que atraviesa la oscuridad y proporciona un control total sobre el entorno.<\/li>\n<li><strong>Luces de posici\u00f3n flexibles:<\/strong> Personaliza la iluminaci\u00f3n seg\u00fan tu estilo y necesidades con luces de posici\u00f3n efectivas en blanco o naranja: perfectas tanto para la funcionalidad como para la est\u00e9tica.<\/li>\n<li><strong>Robusto y vers\u00e1til:<\/strong> Dise\u00f1ado para funcionar en todos los veh\u00edculos con un rango de voltaje de 9-36V, lo que lo hace ideal tanto para autom\u00f3viles de pasajeros como para camiones y veh\u00edculos comerciales.<\/li>\n<li><strong>Calidad que perdura:<\/strong> Equipada con 48 luces LED de alto rendimiento dise\u00f1adas para soportar condiciones clim\u00e1ticas adversas y brindarle la m\u00e1xima confiabilidad a lo largo del tiempo.<\/li>\n<\/ul>\n<h2>El poder se une al estilo<\/h2>\n<p>Su dise\u00f1o curvo no solo proporciona una distribuci\u00f3n \u00f3ptima de la luz, sino que tambi\u00e9n le da un aspecto moderno y elegante que complementa su veh\u00edculo. La Optibeam Super Captain Dual 1000 es m\u00e1s que una simple barra de luces: es toda una declaraci\u00f3n de estilo.<\/p>\n<p><strong>T\u00e9cnico<\/strong><\/p>\n<\/section>","protected":false},"excerpt":{"rendered":"<p>Optibeam Super Captain Dual 1000 \u2013 LED-ljusrampen som tar belysning till en ny niv\u00e5! Ta dig an m\u00f6rkret med Optibeam Super Captain Dual 1000 \u2013 en imponerande LED-ljusramp som levererar kraftfull och p\u00e5litlig belysning oavsett om du k\u00f6r p\u00e5 landsv\u00e4gar, genom skogen eller i tuff terr\u00e4ng. Designad f\u00f6r att m\u00f6ta de h\u00f6gsta kraven p\u00e5 prestanda [&hellip;]<\/p>","protected":false},"featured_media":4978,"comment_status":"closed","ping_status":"closed","template":"","meta":{"_acf_changed":false,"_smort_price_nok":"6804","_smort_price_dkk":"4322","_smort_price_eur":"579.06","_smort_sale_price_nok":"","_smort_sale_price_dkk":"","_smort_sale_price_eur":"","smort_restorder":"","shipmondo_restorder":"","_kad_blocks_custom_css":"","_kad_blocks_head_custom_js":"","_kad_blocks_body_custom_js":"","_kad_blocks_footer_custom_js":"","smort_custom_pricelist_1":"4076.8","smort_custom_pricelist_2":"4076.8","smort_custom_pricelist_3":"4076.8","smort_custom_pricelist_4":"5096","smort_custom_pricelist_5":"4076.8"},"anvandningsomrade":[],"bilmarken":[],"product_brand":[107],"product_cat":[2967,2539,2660,2164],"product_tag":[],"class_list":{"0":"post-4977","1":"product","2":"type-product","3":"status-publish","4":"has-post-thumbnail","6":"product_brand-optibeam","7":"product_cat-ledramp-curved","8":"product_cat-ledramper","9":"product_cat-optibeam-ledramper","10":"product_cat-optibeam-super-captain","11":"pa_fargtemperatur-1486","12":"pa_fuktskydd-varde-ipxx-ip68","13":"pa_godkannande-e-godkand-r148-r149-r10-ref-40","14":"pa_lampsockel-kontakt-open-wire","15":"pa_storlek-mm-1010-x-685-x-80","16":"pa_stromforbrukning-3942a-137v","17":"pa_volt-v-9-36","19":"first","20":"onbackorder","21":"taxable","22":"shipping-taxable","23":"purchasable","24":"product-type-simple"},"bundled_by":[],"bundle_stock_status":"onbackorder","bundle_stock_quantity":0,"bundle_virtual":false,"bundle_layout":"","bundle_add_to_cart_form_location":"","bundle_editable_in_cart":false,"bundle_sold_individually_context":"","bundle_item_grouping":"","bundle_min_size":"","bundle_max_size":"","bundle_price":[],"bundled_items":[],"bundle_sell_ids":[],"acf":[],"yoast_head":"<!-- This site is optimized with the Yoast SEO plugin v27.0 - https:\/\/yoast.com\/product\/yoast-seo-wordpress\/ -->\n<title>OPTIBEAM Super Captain Dual 1000 Curved - Xenonkungen<\/title>\n<meta name=\"robots\" content=\"index, follow, max-snippet:-1, max-image-preview:large, max-video-preview:-1\" \/>\n<link rel=\"canonical\" href=\"https:\/\/xenonkungen.com\/es\/producto\/optibeam-super-captain-dual-1000-curvo\/\" \/>\n<meta property=\"og:locale\" content=\"es_ES\" \/>\n<meta property=\"og:type\" content=\"article\" \/>\n<meta property=\"og:title\" content=\"OPTIBEAM Super Captain Dual 1000 Curved - Xenonkungen\" \/>\n<meta property=\"og:description\" content=\"Optibeam Super Captain Dual 1000 \u2013 LED-ljusrampen som tar belysning till en ny niv\u00e5! Ta dig an m\u00f6rkret med Optibeam Super Captain Dual 1000 \u2013 en imponerande LED-ljusramp som levererar kraftfull och p\u00e5litlig belysning oavsett om du k\u00f6r p\u00e5 landsv\u00e4gar, genom skogen eller i tuff terr\u00e4ng. Designad f\u00f6r att m\u00f6ta de h\u00f6gsta kraven p\u00e5 prestanda [&hellip;]\" \/>\n<meta property=\"og:url\" content=\"https:\/\/xenonkungen.com\/es\/producto\/optibeam-super-captain-dual-1000-curvo\/\" \/>\n<meta property=\"og:site_name\" content=\"Xenonkungen\" \/>\n<meta property=\"article:modified_time\" content=\"2026-04-11T00:39:59+00:00\" \/>\n<meta property=\"og:image\" content=\"https:\/\/xenonkungen.com\/wp-content\/uploads\/2025\/04\/216526105-origpic-5f705b.webp\" \/>\n\t<meta property=\"og:image:width\" content=\"1500\" \/>\n\t<meta property=\"og:image:height\" content=\"1500\" \/>\n\t<meta property=\"og:image:type\" content=\"image\/webp\" \/>\n<meta name=\"twitter:card\" content=\"summary_large_image\" \/>\n<meta name=\"twitter:label1\" content=\"Tiempo de lectura\" \/>\n\t<meta name=\"twitter:data1\" content=\"2 minutos\" \/>\n<script type=\"application\/ld+json\" class=\"yoast-schema-graph\">{\"@context\":\"https:\/\/schema.org\",\"@graph\":[{\"@type\":\"WebPage\",\"@id\":\"https:\/\/xenonkungen.com\/produkt\/optibeam-super-captain-dual-1000-curved\/\",\"url\":\"https:\/\/xenonkungen.com\/produkt\/optibeam-super-captain-dual-1000-curved\/\",\"name\":\"OPTIBEAM Super Captain Dual 1000 Curved - Xenonkungen\",\"isPartOf\":{\"@id\":\"https:\/\/xenonkungen.com\/#website\"},\"primaryImageOfPage\":{\"@id\":\"https:\/\/xenonkungen.com\/produkt\/optibeam-super-captain-dual-1000-curved\/#primaryimage\"},\"image\":{\"@id\":\"https:\/\/xenonkungen.com\/produkt\/optibeam-super-captain-dual-1000-curved\/#primaryimage\"},\"thumbnailUrl\":\"https:\/\/xenonkungen.com\/wp-content\/uploads\/2025\/04\/216526105-origpic-5f705b.webp\",\"datePublished\":\"2025-04-15T09:21:10+00:00\",\"dateModified\":\"2026-04-11T00:39:59+00:00\",\"breadcrumb\":{\"@id\":\"https:\/\/xenonkungen.com\/produkt\/optibeam-super-captain-dual-1000-curved\/#breadcrumb\"},\"inLanguage\":\"es\",\"potentialAction\":[{\"@type\":\"ReadAction\",\"target\":[\"https:\/\/xenonkungen.com\/produkt\/optibeam-super-captain-dual-1000-curved\/\"]}]},{\"@type\":\"ImageObject\",\"inLanguage\":\"es\",\"@id\":\"https:\/\/xenonkungen.com\/produkt\/optibeam-super-captain-dual-1000-curved\/#primaryimage\",\"url\":\"https:\/\/xenonkungen.com\/wp-content\/uploads\/2025\/04\/216526105-origpic-5f705b.webp\",\"contentUrl\":\"https:\/\/xenonkungen.com\/wp-content\/uploads\/2025\/04\/216526105-origpic-5f705b.webp\",\"width\":1500,\"height\":1500},{\"@type\":\"BreadcrumbList\",\"@id\":\"https:\/\/xenonkungen.com\/produkt\/optibeam-super-captain-dual-1000-curved\/#breadcrumb\",\"itemListElement\":[{\"@type\":\"ListItem\",\"position\":1,\"name\":\"Hem\",\"item\":\"https:\/\/xenonkungen.com\/\"},{\"@type\":\"ListItem\",\"position\":2,\"name\":\"Shop\",\"item\":\"https:\/\/xenonkungen.com\/shop\/\"},{\"@type\":\"ListItem\",\"position\":3,\"name\":\"OPTIBEAM Super Captain Dual 1000 Curved\"}]},{\"@type\":\"WebSite\",\"@id\":\"https:\/\/xenonkungen.com\/#website\",\"url\":\"https:\/\/xenonkungen.com\/\",\"name\":\"Xenonkungen\",\"description\":\"\",\"potentialAction\":[{\"@type\":\"SearchAction\",\"target\":{\"@type\":\"EntryPoint\",\"urlTemplate\":\"https:\/\/xenonkungen.com\/?s={search_term_string}\"},\"query-input\":{\"@type\":\"PropertyValueSpecification\",\"valueRequired\":true,\"valueName\":\"search_term_string\"}}],\"inLanguage\":\"es\"}]}<\/script>\n<!-- \/ Yoast SEO plugin. -->","yoast_head_json":{"title":"OPTIBEAM Super Captain Dual 1000 Curved - El rey del xen\u00f3n","robots":{"index":"index","follow":"follow","max-snippet":"max-snippet:-1","max-image-preview":"max-image-preview:large","max-video-preview":"max-video-preview:-1"},"canonical":"https:\/\/xenonkungen.com\/es\/producto\/optibeam-super-captain-dual-1000-curvo\/","og_locale":"es_ES","og_type":"article","og_title":"OPTIBEAM Super Captain Dual 1000 Curved - Xenonkungen","og_description":"Optibeam Super Captain Dual 1000 \u2013 LED-ljusrampen som tar belysning till en ny niv\u00e5! Ta dig an m\u00f6rkret med Optibeam Super Captain Dual 1000 \u2013 en imponerande LED-ljusramp som levererar kraftfull och p\u00e5litlig belysning oavsett om du k\u00f6r p\u00e5 landsv\u00e4gar, genom skogen eller i tuff terr\u00e4ng. Designad f\u00f6r att m\u00f6ta de h\u00f6gsta kraven p\u00e5 prestanda [&hellip;]","og_url":"https:\/\/xenonkungen.com\/es\/producto\/optibeam-super-captain-dual-1000-curvo\/","og_site_name":"Xenonkungen","article_modified_time":"2026-04-11T00:39:59+00:00","og_image":[{"width":1500,"height":1500,"url":"https:\/\/xenonkungen.com\/wp-content\/uploads\/2025\/04\/216526105-origpic-5f705b.webp","type":"image\/webp"}],"twitter_card":"summary_large_image","twitter_misc":{"Tiempo de lectura":"2 minutos"},"schema":{"@context":"https:\/\/schema.org","@graph":[{"@type":"WebPage","@id":"https:\/\/xenonkungen.com\/produkt\/optibeam-super-captain-dual-1000-curved\/","url":"https:\/\/xenonkungen.com\/produkt\/optibeam-super-captain-dual-1000-curved\/","name":"OPTIBEAM Super Captain Dual 1000 Curved - El rey del xen\u00f3n","isPartOf":{"@id":"https:\/\/xenonkungen.com\/#website"},"primaryImageOfPage":{"@id":"https:\/\/xenonkungen.com\/produkt\/optibeam-super-captain-dual-1000-curved\/#primaryimage"},"image":{"@id":"https:\/\/xenonkungen.com\/produkt\/optibeam-super-captain-dual-1000-curved\/#primaryimage"},"thumbnailUrl":"https:\/\/xenonkungen.com\/wp-content\/uploads\/2025\/04\/216526105-origpic-5f705b.webp","datePublished":"2025-04-15T09:21:10+00:00","dateModified":"2026-04-11T00:39:59+00:00","breadcrumb":{"@id":"https:\/\/xenonkungen.com\/produkt\/optibeam-super-captain-dual-1000-curved\/#breadcrumb"},"inLanguage":"es","potentialAction":[{"@type":"ReadAction","target":["https:\/\/xenonkungen.com\/produkt\/optibeam-super-captain-dual-1000-curved\/"]}]},{"@type":"ImageObject","inLanguage":"es","@id":"https:\/\/xenonkungen.com\/produkt\/optibeam-super-captain-dual-1000-curved\/#primaryimage","url":"https:\/\/xenonkungen.com\/wp-content\/uploads\/2025\/04\/216526105-origpic-5f705b.webp","contentUrl":"https:\/\/xenonkungen.com\/wp-content\/uploads\/2025\/04\/216526105-origpic-5f705b.webp","width":1500,"height":1500},{"@type":"BreadcrumbList","@id":"https:\/\/xenonkungen.com\/produkt\/optibeam-super-captain-dual-1000-curved\/#breadcrumb","itemListElement":[{"@type":"ListItem","position":1,"name":"Hem","item":"https:\/\/xenonkungen.com\/"},{"@type":"ListItem","position":2,"name":"Shop","item":"https:\/\/xenonkungen.com\/shop\/"},{"@type":"ListItem","position":3,"name":"OPTIBEAM Super Captain Dual 1000 Curved"}]},{"@type":"WebSite","@id":"https:\/\/xenonkungen.com\/#website","url":"https:\/\/xenonkungen.com\/","name":"Xenonkungen","description":"","potentialAction":[{"@type":"SearchAction","target":{"@type":"EntryPoint","urlTemplate":"https:\/\/xenonkungen.com\/?s={search_term_string}"},"query-input":{"@type":"PropertyValueSpecification","valueRequired":true,"valueName":"search_term_string"}}],"inLanguage":"es"}]}},"taxonomy_info":{"product_brand":[{"value":107,"label":"Optibeam"}],"product_cat":[{"value":2967,"label":"Ledramp Curved"},{"value":2539,"label":"LEDRAMPER"},{"value":2660,"label":"Optibeam"},{"value":2164,"label":"OPTIBEAM Super Captain"}],"pa_fargtemperatur":[{"value":1486,"label":"5000"}],"pa_fuktskydd-varde-ipxx":[{"value":177,"label":"IP68"}],"pa_godkannande":[{"value":1532,"label":"E-godk\u00e4nd (R148, R149, R10) ref.40"}],"pa_lampsockel-kontakt":[{"value":324,"label":"Open Wire"}],"pa_storlek-mm":[{"value":1530,"label":"1010 x 68,5 x 80"}],"pa_stromforbrukning":[{"value":1531,"label":"39,42A @13,7V"}],"pa_volt-v":[{"value":1444,"label":"9-36"}]},"featured_image_src_large":["https:\/\/xenonkungen.com\/wp-content\/uploads\/2025\/04\/216526105-origpic-5f705b-1024x1024.webp",1024,1024,true],"author_info":[],"comment_info":0,"_links":{"self":[{"href":"https:\/\/xenonkungen.com\/es\/wp-json\/wp\/v2\/product\/4977","targetHints":{"allow":["GET"]}}],"collection":[{"href":"https:\/\/xenonkungen.com\/es\/wp-json\/wp\/v2\/product"}],"about":[{"href":"https:\/\/xenonkungen.com\/es\/wp-json\/wp\/v2\/types\/product"}],"replies":[{"embeddable":true,"href":"https:\/\/xenonkungen.com\/es\/wp-json\/wp\/v2\/comments?post=4977"}],"wp:featuredmedia":[{"embeddable":true,"href":"https:\/\/xenonkungen.com\/es\/wp-json\/wp\/v2\/media\/4978"}],"wp:attachment":[{"href":"https:\/\/xenonkungen.com\/es\/wp-json\/wp\/v2\/media?parent=4977"}],"wp:term":[{"taxonomy":"anvandningsomrade","embeddable":true,"href":"https:\/\/xenonkungen.com\/es\/wp-json\/wp\/v2\/anvandningsomrade?post=4977"},{"taxonomy":"bilmarken","embeddable":true,"href":"https:\/\/xenonkungen.com\/es\/wp-json\/wp\/v2\/bilmarken?post=4977"},{"taxonomy":"product_brand","embeddable":true,"href":"https:\/\/xenonkungen.com\/es\/wp-json\/wp\/v2\/product_brand?post=4977"},{"taxonomy":"product_cat","embeddable":true,"href":"https:\/\/xenonkungen.com\/es\/wp-json\/wp\/v2\/product_cat?post=4977"},{"taxonomy":"product_tag","embeddable":true,"href":"https:\/\/xenonkungen.com\/es\/wp-json\/wp\/v2\/product_tag?post=4977"}],"curies":[{"name":"wp","href":"https:\/\/api.w.org\/{rel}","templated":true}]}}