{"id":5007,"date":"2025-04-15T09:21:35","date_gmt":"2025-04-15T09:21:35","guid":{"rendered":"https:\/\/xenonkungen.com\/product\/x-vision-ledramp-genesis-ii-120w-spot-2\/"},"modified":"2026-04-24T17:45:32","modified_gmt":"2026-04-24T16:45:32","slug":"foco-led-rampa-genesis-ii-de-120-w-x-vision-2","status":"publish","type":"product","link":"https:\/\/xenonkungen.com\/es\/producto\/foco-led-rampa-genesis-ii-de-120-w-x-vision-2\/","title":{"rendered":"Proyector X-Vision LEDramp Genesis II 120W"},"content":{"rendered":"<h1>Foco extra sin marco X-Vision: potente foco con luz de estacionamiento y modo de doble alimentaci\u00f3n.<\/h1>\n<p>Descubre el mundo con la luz auxiliar sin marco X-Vision, una impresionante soluci\u00f3n de iluminaci\u00f3n que ofrece un rendimiento y una flexibilidad excepcionales. Con su patr\u00f3n de luz puntual y una temperatura de color c\u00e1lida de 4700 Kelvin, esta luz auxiliar proporciona una luminosidad y precisi\u00f3n excelentes. Adem\u00e1s, incorpora una caracter\u00edstica \u00fanica que X-Vision denomina \u00abGemstone\u00bb: una luz de estacionamiento blanca ubicada entre los reflectores.<\/p>\n<p>Tenga en cuenta que este producto cuenta con una funci\u00f3n llamada Doble Potencia \/ M\u00e1xima Potencia. Este modo se activa cuando los cables positivo (+) y negativo (-) est\u00e1n conectados a la alimentaci\u00f3n. Para activar el modo homologado para carretera (R112), el cable AZUL debe estar conectado al positivo (+).<\/p>\n<h2>\u00bfQu\u00e9 incluye?<\/h2>\n<ul>\n<li>1 barra LED<\/li>\n<li>1 conector hembra DTP-4 sin terminar<\/li>\n<li>1 conector macho DTP-4 preterminado con cables de 15 cm<\/li>\n<li>2 puntales de soporte ajustables para montaje en la viga sobre la barra LED<\/li>\n<li>2 soportes laterales para montaje vertical o colgante<\/li>\n<li>Dos soportes ajustables para la parte posterior de la barra LED, que permiten el montaje tanto vertical como colgante.<\/li>\n<\/ul>","protected":false},"excerpt":{"rendered":"<p>X-Vision Rammel\u00f8st Ekstralys &#8211; Kraftfullt Spotlys med Parklys och Dubbel Effektl\u00e4ge Utforska v\u00e4rlden med X-Vision rammel\u00f6sa ekstralys, en imponerande belysningsl\u00f6sning som levererar enast\u00e5ende prestanda och flexibilitet. Med sin spotljusbild och varma f\u00e4rgtemperatur p\u00e5 4700 Kelvin ger detta ekstralys utm\u00e4rkt ljusstyrka och precision. Dessutom kommer det med en unik funktion som X-Vision kallar &#8221;Gemstone&#8221;, vilket \u00e4r [&hellip;]<\/p>","protected":false},"featured_media":5008,"comment_status":"closed","ping_status":"closed","template":"","meta":{"_acf_changed":false,"_smort_price_nok":"4166","_smort_price_dkk":"2646","_smort_price_eur":"354.53","_smort_sale_price_nok":"","_smort_sale_price_dkk":"","_smort_sale_price_eur":"","smort_restorder":"","shipmondo_restorder":"","_kad_blocks_custom_css":"","_kad_blocks_head_custom_js":"","_kad_blocks_body_custom_js":"","_kad_blocks_footer_custom_js":"","smort_custom_pricelist_1":"2496","smort_custom_pricelist_2":"2184","smort_custom_pricelist_3":"2074.8","smort_custom_pricelist_4":"3120","smort_custom_pricelist_5":"2184"},"anvandningsomrade":[165,236,237,207,166,234,167,238,235],"bilmarken":[208,240,194,241,242,195,243,209,244,245,246,247,248,210,249,196,250,251,252,253,197,211,254,212,255,256,257,258,259,213,260,261,198,262,263,264,265,266,267,199,268,269,270,271,200,272,273,274,215,275,276,277,278,201,279,202,280,281,216,282,203,283,284,285,286,204,217,218,287,288,289,290,219,205,169,291],"product_brand":[116],"product_cat":[2966,2539],"product_tag":[],"class_list":{"0":"post-5007","1":"product","2":"type-product","3":"status-publish","4":"has-post-thumbnail","6":"anvandningsomrade-atv","7":"anvandningsomrade-entreprenad","8":"anvandningsomrade-fritid","9":"anvandningsomrade-husbil","10":"anvandningsomrade-lastbil","11":"anvandningsomrade-mc","12":"anvandningsomrade-personbil","13":"anvandningsomrade-slap","14":"anvandningsomrade-snoskoter","15":"bilmarken-abarth","16":"bilmarken-acura","17":"bilmarken-alfa-romeo","18":"bilmarken-alpina","19":"bilmarken-aston-martin","20":"bilmarken-audi","21":"bilmarken-bentley","22":"bilmarken-bmw","23":"bilmarken-bugatti","24":"bilmarken-buick","25":"bilmarken-cadillac","26":"bilmarken-chevrolet","27":"bilmarken-chrysler","28":"bilmarken-citroen","29":"bilmarken-cupra","30":"bilmarken-dacia","31":"bilmarken-daewoo","32":"bilmarken-daihatsu","33":"bilmarken-dodge","34":"bilmarken-ds","35":"bilmarken-ferrari","36":"bilmarken-fiat","37":"bilmarken-fisker","38":"bilmarken-ford","39":"bilmarken-geely","40":"bilmarken-genesis","41":"bilmarken-gmc","42":"bilmarken-honda","43":"bilmarken-hummer","44":"bilmarken-hyundai","45":"bilmarken-infiniti","46":"bilmarken-isuzu","47":"bilmarken-iveco","48":"bilmarken-jaguar","49":"bilmarken-jeep","50":"bilmarken-kia","51":"bilmarken-koenigsegg","52":"bilmarken-lada","53":"bilmarken-lamborghini","54":"bilmarken-lancia","55":"bilmarken-land-rover","56":"bilmarken-lexus","57":"bilmarken-lincoln","58":"bilmarken-lotus","59":"bilmarken-maserati","60":"bilmarken-maxus","61":"bilmarken-mazda","62":"bilmarken-mclaren","63":"bilmarken-mercedes-benz","64":"bilmarken-mg","65":"bilmarken-mini","66":"bilmarken-mitsubishi","67":"bilmarken-nissan","68":"bilmarken-opel","69":"bilmarken-pagani","70":"bilmarken-peugeot","71":"bilmarken-polestar","72":"bilmarken-pontiac","73":"bilmarken-porsche","74":"bilmarken-ram","75":"bilmarken-renault","76":"bilmarken-rivian","77":"bilmarken-rolls-royce","78":"bilmarken-rover","79":"bilmarken-saab","80":"bilmarken-seat","81":"bilmarken-skoda","82":"bilmarken-smart","83":"bilmarken-ssangyong","84":"bilmarken-subaru","85":"bilmarken-suzuki","86":"bilmarken-tesla","87":"bilmarken-toyota","88":"bilmarken-volkswagen","89":"bilmarken-volvo","90":"bilmarken-wiesmann","91":"product_brand-x-vision","92":"product_cat-ledramp-rak","93":"product_cat-ledramper","94":"pa_fargtemperatur-1547","95":"pa_fuktskydd-varde-ipxx-ip68","96":"pa_godkannande-ja-ece-r112-ref-50-ece-r10","97":"pa_led-chips-effekt-w-310","98":"pa_ljusbild-spot","99":"pa_storlek-mm-550x72-104x92","100":"pa_stromforbrukning-596-a-137-volt","101":"pa_volt-v-9-36","103":"first","104":"onbackorder","105":"taxable","106":"shipping-taxable","107":"purchasable","108":"product-type-simple"},"bundled_by":[],"bundle_stock_status":"onbackorder","bundle_stock_quantity":0,"bundle_virtual":false,"bundle_layout":"","bundle_add_to_cart_form_location":"","bundle_editable_in_cart":false,"bundle_sold_individually_context":"","bundle_item_grouping":"","bundle_min_size":"","bundle_max_size":"","bundle_price":[],"bundled_items":[],"bundle_sell_ids":[],"acf":[],"yoast_head":"<!-- This site is optimized with the Yoast SEO plugin v27.0 - https:\/\/yoast.com\/product\/yoast-seo-wordpress\/ -->\n<title>X-Vision LEDramp Genesis II 120W Spot - Xenonkungen<\/title>\n<meta name=\"robots\" content=\"index, follow, max-snippet:-1, max-image-preview:large, max-video-preview:-1\" \/>\n<link rel=\"canonical\" href=\"https:\/\/xenonkungen.com\/es\/producto\/foco-led-rampa-genesis-ii-de-120-w-x-vision-2\/\" \/>\n<meta property=\"og:locale\" content=\"es_ES\" \/>\n<meta property=\"og:type\" content=\"article\" \/>\n<meta property=\"og:title\" content=\"X-Vision LEDramp Genesis II 120W Spot - Xenonkungen\" \/>\n<meta property=\"og:description\" content=\"X-Vision Rammel\u00f8st Ekstralys &#8211; Kraftfullt Spotlys med Parklys och Dubbel Effektl\u00e4ge Utforska v\u00e4rlden med X-Vision rammel\u00f6sa ekstralys, en imponerande belysningsl\u00f6sning som levererar enast\u00e5ende prestanda och flexibilitet. Med sin spotljusbild och varma f\u00e4rgtemperatur p\u00e5 4700 Kelvin ger detta ekstralys utm\u00e4rkt ljusstyrka och precision. Dessutom kommer det med en unik funktion som X-Vision kallar &#8221;Gemstone&#8221;, vilket \u00e4r [&hellip;]\" \/>\n<meta property=\"og:url\" content=\"https:\/\/xenonkungen.com\/es\/producto\/foco-led-rampa-genesis-ii-de-120-w-x-vision-2\/\" \/>\n<meta property=\"og:site_name\" content=\"Xenonkungen\" \/>\n<meta property=\"article:modified_time\" content=\"2026-04-24T16:45:32+00:00\" \/>\n<meta property=\"og:image\" content=\"https:\/\/xenonkungen.com\/wp-content\/uploads\/2025\/04\/204076273-origpic-d59670.png\" \/>\n\t<meta property=\"og:image:width\" content=\"1600\" \/>\n\t<meta property=\"og:image:height\" content=\"1200\" \/>\n\t<meta property=\"og:image:type\" content=\"image\/png\" \/>\n<meta name=\"twitter:card\" content=\"summary_large_image\" \/>\n<meta name=\"twitter:label1\" content=\"Tiempo de lectura\" \/>\n\t<meta name=\"twitter:data1\" content=\"1 minuto\" \/>\n<script type=\"application\/ld+json\" class=\"yoast-schema-graph\">{\"@context\":\"https:\/\/schema.org\",\"@graph\":[{\"@type\":\"WebPage\",\"@id\":\"https:\/\/xenonkungen.com\/no\/produkt\/x-vision-led-rampe-genesis-ii-120w-spot-2\/\",\"url\":\"https:\/\/xenonkungen.com\/no\/produkt\/x-vision-led-rampe-genesis-ii-120w-spot-2\/\",\"name\":\"X-Vision LEDramp Genesis II 120W Spot - Xenonkungen\",\"isPartOf\":{\"@id\":\"https:\/\/xenonkungen.com\/#website\"},\"primaryImageOfPage\":{\"@id\":\"https:\/\/xenonkungen.com\/no\/produkt\/x-vision-led-rampe-genesis-ii-120w-spot-2\/#primaryimage\"},\"image\":{\"@id\":\"https:\/\/xenonkungen.com\/no\/produkt\/x-vision-led-rampe-genesis-ii-120w-spot-2\/#primaryimage\"},\"thumbnailUrl\":\"https:\/\/xenonkungen.com\/wp-content\/uploads\/2025\/04\/204076273-origpic-d59670.png\",\"datePublished\":\"2025-04-15T09:21:35+00:00\",\"dateModified\":\"2026-04-24T16:45:32+00:00\",\"breadcrumb\":{\"@id\":\"https:\/\/xenonkungen.com\/no\/produkt\/x-vision-led-rampe-genesis-ii-120w-spot-2\/#breadcrumb\"},\"inLanguage\":\"es\",\"potentialAction\":[{\"@type\":\"ReadAction\",\"target\":[\"https:\/\/xenonkungen.com\/no\/produkt\/x-vision-led-rampe-genesis-ii-120w-spot-2\/\"]}]},{\"@type\":\"ImageObject\",\"inLanguage\":\"es\",\"@id\":\"https:\/\/xenonkungen.com\/no\/produkt\/x-vision-led-rampe-genesis-ii-120w-spot-2\/#primaryimage\",\"url\":\"https:\/\/xenonkungen.com\/wp-content\/uploads\/2025\/04\/204076273-origpic-d59670.png\",\"contentUrl\":\"https:\/\/xenonkungen.com\/wp-content\/uploads\/2025\/04\/204076273-origpic-d59670.png\",\"width\":1600,\"height\":1200},{\"@type\":\"BreadcrumbList\",\"@id\":\"https:\/\/xenonkungen.com\/no\/produkt\/x-vision-led-rampe-genesis-ii-120w-spot-2\/#breadcrumb\",\"itemListElement\":[{\"@type\":\"ListItem\",\"position\":1,\"name\":\"Hem\",\"item\":\"https:\/\/xenonkungen.com\/\"},{\"@type\":\"ListItem\",\"position\":2,\"name\":\"Shop\",\"item\":\"https:\/\/xenonkungen.com\/shop\/\"},{\"@type\":\"ListItem\",\"position\":3,\"name\":\"X-Vision LEDramp Genesis II 120W Spot\"}]},{\"@type\":\"WebSite\",\"@id\":\"https:\/\/xenonkungen.com\/#website\",\"url\":\"https:\/\/xenonkungen.com\/\",\"name\":\"Xenonkungen\",\"description\":\"\",\"potentialAction\":[{\"@type\":\"SearchAction\",\"target\":{\"@type\":\"EntryPoint\",\"urlTemplate\":\"https:\/\/xenonkungen.com\/?s={search_term_string}\"},\"query-input\":{\"@type\":\"PropertyValueSpecification\",\"valueRequired\":true,\"valueName\":\"search_term_string\"}}],\"inLanguage\":\"es\"}]}<\/script>\n<!-- \/ Yoast SEO plugin. -->","yoast_head_json":{"title":"Foco X-Vision LEDramp Genesis II de 120 W: el rey del xen\u00f3n","robots":{"index":"index","follow":"follow","max-snippet":"max-snippet:-1","max-image-preview":"max-image-preview:large","max-video-preview":"max-video-preview:-1"},"canonical":"https:\/\/xenonkungen.com\/es\/producto\/foco-led-rampa-genesis-ii-de-120-w-x-vision-2\/","og_locale":"es_ES","og_type":"article","og_title":"X-Vision LEDramp Genesis II 120W Spot - Xenonkungen","og_description":"X-Vision Rammel\u00f8st Ekstralys &#8211; Kraftfullt Spotlys med Parklys och Dubbel Effektl\u00e4ge Utforska v\u00e4rlden med X-Vision rammel\u00f6sa ekstralys, en imponerande belysningsl\u00f6sning som levererar enast\u00e5ende prestanda och flexibilitet. Med sin spotljusbild och varma f\u00e4rgtemperatur p\u00e5 4700 Kelvin ger detta ekstralys utm\u00e4rkt ljusstyrka och precision. Dessutom kommer det med en unik funktion som X-Vision kallar &#8221;Gemstone&#8221;, vilket \u00e4r [&hellip;]","og_url":"https:\/\/xenonkungen.com\/es\/producto\/foco-led-rampa-genesis-ii-de-120-w-x-vision-2\/","og_site_name":"Xenonkungen","article_modified_time":"2026-04-24T16:45:32+00:00","og_image":[{"width":1600,"height":1200,"url":"https:\/\/xenonkungen.com\/wp-content\/uploads\/2025\/04\/204076273-origpic-d59670.png","type":"image\/png"}],"twitter_card":"summary_large_image","twitter_misc":{"Tiempo de lectura":"1 minuto"},"schema":{"@context":"https:\/\/schema.org","@graph":[{"@type":"WebPage","@id":"https:\/\/xenonkungen.com\/no\/produkt\/x-vision-led-rampe-genesis-ii-120w-spot-2\/","url":"https:\/\/xenonkungen.com\/no\/produkt\/x-vision-led-rampe-genesis-ii-120w-spot-2\/","name":"Foco X-Vision LEDramp Genesis II de 120 W: el rey del xen\u00f3n","isPartOf":{"@id":"https:\/\/xenonkungen.com\/#website"},"primaryImageOfPage":{"@id":"https:\/\/xenonkungen.com\/no\/produkt\/x-vision-led-rampe-genesis-ii-120w-spot-2\/#primaryimage"},"image":{"@id":"https:\/\/xenonkungen.com\/no\/produkt\/x-vision-led-rampe-genesis-ii-120w-spot-2\/#primaryimage"},"thumbnailUrl":"https:\/\/xenonkungen.com\/wp-content\/uploads\/2025\/04\/204076273-origpic-d59670.png","datePublished":"2025-04-15T09:21:35+00:00","dateModified":"2026-04-24T16:45:32+00:00","breadcrumb":{"@id":"https:\/\/xenonkungen.com\/no\/produkt\/x-vision-led-rampe-genesis-ii-120w-spot-2\/#breadcrumb"},"inLanguage":"es","potentialAction":[{"@type":"ReadAction","target":["https:\/\/xenonkungen.com\/no\/produkt\/x-vision-led-rampe-genesis-ii-120w-spot-2\/"]}]},{"@type":"ImageObject","inLanguage":"es","@id":"https:\/\/xenonkungen.com\/no\/produkt\/x-vision-led-rampe-genesis-ii-120w-spot-2\/#primaryimage","url":"https:\/\/xenonkungen.com\/wp-content\/uploads\/2025\/04\/204076273-origpic-d59670.png","contentUrl":"https:\/\/xenonkungen.com\/wp-content\/uploads\/2025\/04\/204076273-origpic-d59670.png","width":1600,"height":1200},{"@type":"BreadcrumbList","@id":"https:\/\/xenonkungen.com\/no\/produkt\/x-vision-led-rampe-genesis-ii-120w-spot-2\/#breadcrumb","itemListElement":[{"@type":"ListItem","position":1,"name":"Hem","item":"https:\/\/xenonkungen.com\/"},{"@type":"ListItem","position":2,"name":"Shop","item":"https:\/\/xenonkungen.com\/shop\/"},{"@type":"ListItem","position":3,"name":"X-Vision LEDramp Genesis II 120W Spot"}]},{"@type":"WebSite","@id":"https:\/\/xenonkungen.com\/#website","url":"https:\/\/xenonkungen.com\/","name":"Xenonkungen","description":"","potentialAction":[{"@type":"SearchAction","target":{"@type":"EntryPoint","urlTemplate":"https:\/\/xenonkungen.com\/?s={search_term_string}"},"query-input":{"@type":"PropertyValueSpecification","valueRequired":true,"valueName":"search_term_string"}}],"inLanguage":"es"}]}},"taxonomy_info":{"anvandningsomrade":[{"value":165,"label":"ATV"},{"value":236,"label":"Entreprenad"},{"value":237,"label":"Fritid"},{"value":207,"label":"Husbil"},{"value":166,"label":"Lastbil"},{"value":234,"label":"MC"},{"value":167,"label":"PERSONBIL"},{"value":238,"label":"SL\u00c4P"},{"value":235,"label":"SN\u00d6SKOTER"}],"bilmarken":[{"value":208,"label":"Abarth"},{"value":240,"label":"Acura"},{"value":194,"label":"Alfa Romeo"},{"value":241,"label":"Alpina"},{"value":242,"label":"Aston Martin"},{"value":195,"label":"Audi"},{"value":243,"label":"Bentley"},{"value":209,"label":"BMW"},{"value":244,"label":"Bugatti"},{"value":245,"label":"Buick"},{"value":246,"label":"Cadillac"},{"value":247,"label":"Chevrolet"},{"value":248,"label":"Chrysler"},{"value":210,"label":"Citroen"},{"value":249,"label":"Cupra"},{"value":196,"label":"Dacia"},{"value":250,"label":"Daewoo"},{"value":251,"label":"Daihatsu"},{"value":252,"label":"Dodge"},{"value":253,"label":"DS"},{"value":197,"label":"Ferrari"},{"value":211,"label":"Fiat"},{"value":254,"label":"Fisker"},{"value":212,"label":"Ford"},{"value":255,"label":"Geely"},{"value":256,"label":"Genesis"},{"value":257,"label":"GMC"},{"value":258,"label":"Honda"},{"value":259,"label":"Hummer"},{"value":213,"label":"Hyundai"},{"value":260,"label":"Infiniti"},{"value":261,"label":"Isuzu"},{"value":198,"label":"Iveco"},{"value":262,"label":"Jaguar"},{"value":263,"label":"Jeep"},{"value":264,"label":"Kia"},{"value":265,"label":"Koenigsegg"},{"value":266,"label":"Lada"},{"value":267,"label":"Lamborghini"},{"value":199,"label":"Lancia"},{"value":268,"label":"Land Rover"},{"value":269,"label":"Lexus"},{"value":270,"label":"Lincoln"},{"value":271,"label":"Lotus"},{"value":200,"label":"Maserati"},{"value":272,"label":"Maxus"},{"value":273,"label":"Mazda"},{"value":274,"label":"McLaren"},{"value":215,"label":"Mercedes-Benz"},{"value":275,"label":"MG"},{"value":276,"label":"Mini"},{"value":277,"label":"Mitsubishi"},{"value":278,"label":"Nissan"},{"value":201,"label":"Opel"},{"value":279,"label":"Pagani"},{"value":202,"label":"Peugeot"},{"value":280,"label":"Polestar"},{"value":281,"label":"Pontiac"},{"value":216,"label":"Porsche"},{"value":282,"label":"RAM"},{"value":203,"label":"Renault"},{"value":283,"label":"Rivian"},{"value":284,"label":"Rolls-Royce"},{"value":285,"label":"Rover"},{"value":286,"label":"Saab"},{"value":204,"label":"Seat"},{"value":217,"label":"Skoda"},{"value":218,"label":"Smart"},{"value":287,"label":"SsangYong"},{"value":288,"label":"Subaru"},{"value":289,"label":"Suzuki"},{"value":290,"label":"Tesla"},{"value":219,"label":"Toyota"},{"value":205,"label":"Volkswagen"},{"value":169,"label":"volvo"},{"value":291,"label":"Wiesmann"}],"product_brand":[{"value":116,"label":"X-Vision"}],"product_cat":[{"value":2966,"label":"Ledramp Rak"},{"value":2539,"label":"LEDRAMPER"}],"pa_fargtemperatur":[{"value":1547,"label":"4700"}],"pa_fuktskydd-varde-ipxx":[{"value":177,"label":"IP68"}],"pa_godkannande":[{"value":1549,"label":"Ja, ECE-R112 Ref. 50. ECE-R10"}],"pa_led-chips-effekt-w":[{"value":310,"label":"120"}],"pa_ljusbild":[{"value":1177,"label":"Spot"}],"pa_storlek-mm":[{"value":1546,"label":"550x72\/104x92"}],"pa_stromforbrukning":[{"value":1548,"label":"5,96 A @ 13,7 Volt"}],"pa_volt-v":[{"value":1444,"label":"9-36"}]},"featured_image_src_large":["https:\/\/xenonkungen.com\/wp-content\/uploads\/2025\/04\/204076273-origpic-d59670-1024x768.png",1024,768,true],"author_info":[],"comment_info":0,"_links":{"self":[{"href":"https:\/\/xenonkungen.com\/es\/wp-json\/wp\/v2\/product\/5007","targetHints":{"allow":["GET"]}}],"collection":[{"href":"https:\/\/xenonkungen.com\/es\/wp-json\/wp\/v2\/product"}],"about":[{"href":"https:\/\/xenonkungen.com\/es\/wp-json\/wp\/v2\/types\/product"}],"replies":[{"embeddable":true,"href":"https:\/\/xenonkungen.com\/es\/wp-json\/wp\/v2\/comments?post=5007"}],"wp:featuredmedia":[{"embeddable":true,"href":"https:\/\/xenonkungen.com\/es\/wp-json\/wp\/v2\/media\/5008"}],"wp:attachment":[{"href":"https:\/\/xenonkungen.com\/es\/wp-json\/wp\/v2\/media?parent=5007"}],"wp:term":[{"taxonomy":"anvandningsomrade","embeddable":true,"href":"https:\/\/xenonkungen.com\/es\/wp-json\/wp\/v2\/anvandningsomrade?post=5007"},{"taxonomy":"bilmarken","embeddable":true,"href":"https:\/\/xenonkungen.com\/es\/wp-json\/wp\/v2\/bilmarken?post=5007"},{"taxonomy":"product_brand","embeddable":true,"href":"https:\/\/xenonkungen.com\/es\/wp-json\/wp\/v2\/product_brand?post=5007"},{"taxonomy":"product_cat","embeddable":true,"href":"https:\/\/xenonkungen.com\/es\/wp-json\/wp\/v2\/product_cat?post=5007"},{"taxonomy":"product_tag","embeddable":true,"href":"https:\/\/xenonkungen.com\/es\/wp-json\/wp\/v2\/product_tag?post=5007"}],"curies":[{"name":"wp","href":"https:\/\/api.w.org\/{rel}","templated":true}]}}