{"id":5155,"date":"2025-04-15T09:23:25","date_gmt":"2025-04-15T09:23:25","guid":{"rendered":"https:\/\/xenonkungen.com\/product\/baklampa-110rme-rod\/"},"modified":"2026-04-24T17:08:46","modified_gmt":"2026-04-24T16:08:46","slug":"luz-trasera-110rme-varilla","status":"publish","type":"product","link":"https:\/\/xenonkungen.com\/es\/producto\/luz-trasera-110rme-varilla\/","title":{"rendered":"Piloto trasero 110RME Rojo"},"content":{"rendered":"<h1>Piloto trasero LED con funci\u00f3n de luz de freno y marcha atr\u00e1s<\/h1>\n<p>Este piloto trasero LED est\u00e1 equipado con la funci\u00f3n de parada y marcha atr\u00e1s para mejorar la visibilidad y la seguridad durante la conducci\u00f3n, especialmente al frenar y dar marcha atr\u00e1s. La funci\u00f3n se integra a la perfecci\u00f3n con la avanzada tecnolog\u00eda LED para proporcionar se\u00f1ales claras y visibles a los dem\u00e1s usuarios de la carretera.<\/p>\n<h2>Funciones y caracter\u00edsticas:<\/h2>\n<ul>\n<li><strong>Funci\u00f3n de luces de freno y traseras:<\/strong> Ofrece se\u00f1ales claras y visibles para indicar el frenado y la marcha atr\u00e1s para aumentar la seguridad y la visibilidad.<\/li>\n<li><strong>Accesorios alternativos:<\/strong> El portal\u00e1mparas y el enchufe se venden por separado para que pueda personalizar la instalaci\u00f3n seg\u00fan sus necesidades y preferencias.<\/li>\n<li><strong>Electr\u00f3nica sellada contra fugas:<\/strong> Protege los componentes electr\u00f3nicos contra la humedad y la entrada de agua para un rendimiento duradero y fiable incluso en condiciones meteorol\u00f3gicas extremas.<\/li>\n<\/ul>\n<p><strong>Tenga en cuenta lo siguiente:<\/strong> Para obtener los mejores resultados, adquiera el portal\u00e1mparas y el enchufe adecuados por separado.<\/p>\n<p>Este piloto trasero LED con funci\u00f3n de parada y marcha atr\u00e1s es una soluci\u00f3n ideal para aumentar la seguridad y la visibilidad en carretera, especialmente al frenar y dar marcha atr\u00e1s. Gracias a su versatilidad, fiabilidad y tecnolog\u00eda avanzada, es una opci\u00f3n excelente para cualquier propietario de veh\u00edculo que busque una soluci\u00f3n de iluminaci\u00f3n fiable.<\/p>\n<p><\/p>\n<h2>Accesorios<\/h2>\n<p><a href=\"https:\/\/www.xenonkungen.com\/se\/produkter\/yrke-proffs\/baklampor\/singel-rund\/lampsarg-gummi-53101.html\" target=\"_blank\" rel=\"noopener\">Carcasa de l\u00e1mpara de goma 53101<\/a><br \/><a href=\"https:\/\/www.xenonkungen.com\/se\/produkter\/yrke-proffs\/baklampor\/singel-rund\/lampsarg-chrome-53101c.html\" target=\"_blank\" rel=\"noopener\">L\u00e1mpara Coffin Cromo 53101C<\/a><br \/><a href=\"https:\/\/www.xenonkungen.com\/se\/produkter\/yrke-proffs\/baklampor\/singel-rund\/lampsarg-svart-53101b.html\" target=\"_blank\" rel=\"noopener\">Marco de l\u00e1mpara Negro 53101B<\/a><\/p>\n<p>Garant\u00eda: 5 a\u00f1os<\/p>","protected":false},"excerpt":{"rendered":"<p>LED baklampa med Stopp och bakljusfunktion Denna LED baklampa \u00e4r utrustad med Stopp och bakljusfunktion f\u00f6r att f\u00f6rb\u00e4ttra synligheten och s\u00e4kerheten vid k\u00f6rning, s\u00e4rskilt vid inbromsning och backning. Funktionen integreras smidigt med den avancerade LED-teknologin f\u00f6r att ge tydliga och synliga signaler till andra trafikanter. Funktioner och Egenskaper: Stopp och bakljusfunktion: Erbjuder tydliga och synliga [&hellip;]<\/p>","protected":false},"featured_media":5156,"comment_status":"closed","ping_status":"open","template":"","meta":{"_acf_changed":false,"_smort_price_nok":"470","_smort_price_dkk":"299","_smort_price_eur":"40","_smort_sale_price_nok":"","_smort_sale_price_dkk":"","_smort_sale_price_eur":"","smort_restorder":"","shipmondo_restorder":"","_kad_blocks_custom_css":"","_kad_blocks_head_custom_js":"","_kad_blocks_body_custom_js":"","_kad_blocks_footer_custom_js":"","smort_custom_pricelist_1":"246.4","smort_custom_pricelist_2":"246.4","smort_custom_pricelist_3":"234.08","smort_custom_pricelist_4":"352","smort_custom_pricelist_5":"246.4"},"anvandningsomrade":[166,238,2816],"bilmarken":[],"product_brand":[1252],"product_cat":[3050,2552],"product_tag":[],"class_list":{"0":"post-5155","1":"product","2":"type-product","3":"status-publish","4":"has-post-thumbnail","6":"anvandningsomrade-lastbil","7":"anvandningsomrade-slap","8":"anvandningsomrade-trailer","9":"product_brand-lea","10":"product_cat-bakljus-enkel-rund","11":"product_cat-bakljus-slap","12":"pa_fuktskydd-varde-ipxx-ip67","13":"pa_storlek-mm-109x53","14":"pa_volt-v-776","16":"first","17":"onbackorder","18":"taxable","19":"shipping-taxable","20":"purchasable","21":"product-type-simple"},"bundled_by":[],"bundle_stock_status":"onbackorder","bundle_stock_quantity":0,"bundle_virtual":false,"bundle_layout":"","bundle_add_to_cart_form_location":"","bundle_editable_in_cart":false,"bundle_sold_individually_context":"","bundle_item_grouping":"","bundle_min_size":"","bundle_max_size":"","bundle_price":[],"bundled_items":[],"bundle_sell_ids":[],"acf":[],"yoast_head":"<!-- This site is optimized with the Yoast SEO plugin v27.0 - https:\/\/yoast.com\/product\/yoast-seo-wordpress\/ -->\n<title>Baklampa 110RME R\u00f6d - Xenonkungen<\/title>\n<meta name=\"robots\" content=\"index, follow, max-snippet:-1, max-image-preview:large, max-video-preview:-1\" \/>\n<link rel=\"canonical\" href=\"https:\/\/xenonkungen.com\/es\/producto\/luz-trasera-110rme-varilla\/\" \/>\n<meta property=\"og:locale\" content=\"es_ES\" \/>\n<meta property=\"og:type\" content=\"article\" \/>\n<meta property=\"og:title\" content=\"Baklampa 110RME R\u00f6d - Xenonkungen\" \/>\n<meta property=\"og:description\" content=\"LED baklampa med Stopp och bakljusfunktion Denna LED baklampa \u00e4r utrustad med Stopp och bakljusfunktion f\u00f6r att f\u00f6rb\u00e4ttra synligheten och s\u00e4kerheten vid k\u00f6rning, s\u00e4rskilt vid inbromsning och backning. Funktionen integreras smidigt med den avancerade LED-teknologin f\u00f6r att ge tydliga och synliga signaler till andra trafikanter. Funktioner och Egenskaper: Stopp och bakljusfunktion: Erbjuder tydliga och synliga [&hellip;]\" \/>\n<meta property=\"og:url\" content=\"https:\/\/xenonkungen.com\/es\/producto\/luz-trasera-110rme-varilla\/\" \/>\n<meta property=\"og:site_name\" content=\"Xenonkungen\" \/>\n<meta property=\"article:modified_time\" content=\"2026-04-24T16:08:46+00:00\" \/>\n<meta property=\"og:image\" content=\"https:\/\/xenonkungen.com\/wp-content\/uploads\/2025\/04\/7293642-origpic-dfdb8e.jpg\" \/>\n\t<meta property=\"og:image:width\" content=\"800\" \/>\n\t<meta property=\"og:image:height\" content=\"800\" \/>\n\t<meta property=\"og:image:type\" content=\"image\/jpeg\" \/>\n<meta name=\"twitter:card\" content=\"summary_large_image\" \/>\n<meta name=\"twitter:label1\" content=\"Tiempo de lectura\" \/>\n\t<meta name=\"twitter:data1\" content=\"1 minuto\" \/>\n<script type=\"application\/ld+json\" class=\"yoast-schema-graph\">{\"@context\":\"https:\/\/schema.org\",\"@graph\":[{\"@type\":\"WebPage\",\"@id\":\"https:\/\/xenonkungen.com\/produkt\/baklampa-110rme-rod\/\",\"url\":\"https:\/\/xenonkungen.com\/produkt\/baklampa-110rme-rod\/\",\"name\":\"Baklampa 110RME R\u00f6d - Xenonkungen\",\"isPartOf\":{\"@id\":\"https:\/\/xenonkungen.com\/#website\"},\"primaryImageOfPage\":{\"@id\":\"https:\/\/xenonkungen.com\/produkt\/baklampa-110rme-rod\/#primaryimage\"},\"image\":{\"@id\":\"https:\/\/xenonkungen.com\/produkt\/baklampa-110rme-rod\/#primaryimage\"},\"thumbnailUrl\":\"https:\/\/xenonkungen.com\/wp-content\/uploads\/2025\/04\/7293642-origpic-dfdb8e.jpg\",\"datePublished\":\"2025-04-15T09:23:25+00:00\",\"dateModified\":\"2026-04-24T16:08:46+00:00\",\"breadcrumb\":{\"@id\":\"https:\/\/xenonkungen.com\/produkt\/baklampa-110rme-rod\/#breadcrumb\"},\"inLanguage\":\"es\",\"potentialAction\":[{\"@type\":\"ReadAction\",\"target\":[\"https:\/\/xenonkungen.com\/produkt\/baklampa-110rme-rod\/\"]}]},{\"@type\":\"ImageObject\",\"inLanguage\":\"es\",\"@id\":\"https:\/\/xenonkungen.com\/produkt\/baklampa-110rme-rod\/#primaryimage\",\"url\":\"https:\/\/xenonkungen.com\/wp-content\/uploads\/2025\/04\/7293642-origpic-dfdb8e.jpg\",\"contentUrl\":\"https:\/\/xenonkungen.com\/wp-content\/uploads\/2025\/04\/7293642-origpic-dfdb8e.jpg\",\"width\":800,\"height\":800},{\"@type\":\"BreadcrumbList\",\"@id\":\"https:\/\/xenonkungen.com\/produkt\/baklampa-110rme-rod\/#breadcrumb\",\"itemListElement\":[{\"@type\":\"ListItem\",\"position\":1,\"name\":\"Hem\",\"item\":\"https:\/\/xenonkungen.com\/\"},{\"@type\":\"ListItem\",\"position\":2,\"name\":\"Shop\",\"item\":\"https:\/\/xenonkungen.com\/shop\/\"},{\"@type\":\"ListItem\",\"position\":3,\"name\":\"Baklampa 110RME R\u00f6d\"}]},{\"@type\":\"WebSite\",\"@id\":\"https:\/\/xenonkungen.com\/#website\",\"url\":\"https:\/\/xenonkungen.com\/\",\"name\":\"Xenonkungen\",\"description\":\"\",\"potentialAction\":[{\"@type\":\"SearchAction\",\"target\":{\"@type\":\"EntryPoint\",\"urlTemplate\":\"https:\/\/xenonkungen.com\/?s={search_term_string}\"},\"query-input\":{\"@type\":\"PropertyValueSpecification\",\"valueRequired\":true,\"valueName\":\"search_term_string\"}}],\"inLanguage\":\"es\"}]}<\/script>\n<!-- \/ Yoast SEO plugin. -->","yoast_head_json":{"title":"Luz trasera 110RME roja - Xen\u00f3n","robots":{"index":"index","follow":"follow","max-snippet":"max-snippet:-1","max-image-preview":"max-image-preview:large","max-video-preview":"max-video-preview:-1"},"canonical":"https:\/\/xenonkungen.com\/es\/producto\/luz-trasera-110rme-varilla\/","og_locale":"es_ES","og_type":"article","og_title":"Baklampa 110RME R\u00f6d - Xenonkungen","og_description":"LED baklampa med Stopp och bakljusfunktion Denna LED baklampa \u00e4r utrustad med Stopp och bakljusfunktion f\u00f6r att f\u00f6rb\u00e4ttra synligheten och s\u00e4kerheten vid k\u00f6rning, s\u00e4rskilt vid inbromsning och backning. Funktionen integreras smidigt med den avancerade LED-teknologin f\u00f6r att ge tydliga och synliga signaler till andra trafikanter. Funktioner och Egenskaper: Stopp och bakljusfunktion: Erbjuder tydliga och synliga [&hellip;]","og_url":"https:\/\/xenonkungen.com\/es\/producto\/luz-trasera-110rme-varilla\/","og_site_name":"Xenonkungen","article_modified_time":"2026-04-24T16:08:46+00:00","og_image":[{"width":800,"height":800,"url":"https:\/\/xenonkungen.com\/wp-content\/uploads\/2025\/04\/7293642-origpic-dfdb8e.jpg","type":"image\/jpeg"}],"twitter_card":"summary_large_image","twitter_misc":{"Tiempo de lectura":"1 minuto"},"schema":{"@context":"https:\/\/schema.org","@graph":[{"@type":"WebPage","@id":"https:\/\/xenonkungen.com\/produkt\/baklampa-110rme-rod\/","url":"https:\/\/xenonkungen.com\/produkt\/baklampa-110rme-rod\/","name":"Luz trasera 110RME roja - Xen\u00f3n","isPartOf":{"@id":"https:\/\/xenonkungen.com\/#website"},"primaryImageOfPage":{"@id":"https:\/\/xenonkungen.com\/produkt\/baklampa-110rme-rod\/#primaryimage"},"image":{"@id":"https:\/\/xenonkungen.com\/produkt\/baklampa-110rme-rod\/#primaryimage"},"thumbnailUrl":"https:\/\/xenonkungen.com\/wp-content\/uploads\/2025\/04\/7293642-origpic-dfdb8e.jpg","datePublished":"2025-04-15T09:23:25+00:00","dateModified":"2026-04-24T16:08:46+00:00","breadcrumb":{"@id":"https:\/\/xenonkungen.com\/produkt\/baklampa-110rme-rod\/#breadcrumb"},"inLanguage":"es","potentialAction":[{"@type":"ReadAction","target":["https:\/\/xenonkungen.com\/produkt\/baklampa-110rme-rod\/"]}]},{"@type":"ImageObject","inLanguage":"es","@id":"https:\/\/xenonkungen.com\/produkt\/baklampa-110rme-rod\/#primaryimage","url":"https:\/\/xenonkungen.com\/wp-content\/uploads\/2025\/04\/7293642-origpic-dfdb8e.jpg","contentUrl":"https:\/\/xenonkungen.com\/wp-content\/uploads\/2025\/04\/7293642-origpic-dfdb8e.jpg","width":800,"height":800},{"@type":"BreadcrumbList","@id":"https:\/\/xenonkungen.com\/produkt\/baklampa-110rme-rod\/#breadcrumb","itemListElement":[{"@type":"ListItem","position":1,"name":"Hem","item":"https:\/\/xenonkungen.com\/"},{"@type":"ListItem","position":2,"name":"Shop","item":"https:\/\/xenonkungen.com\/shop\/"},{"@type":"ListItem","position":3,"name":"Baklampa 110RME R\u00f6d"}]},{"@type":"WebSite","@id":"https:\/\/xenonkungen.com\/#website","url":"https:\/\/xenonkungen.com\/","name":"Xenonkungen","description":"","potentialAction":[{"@type":"SearchAction","target":{"@type":"EntryPoint","urlTemplate":"https:\/\/xenonkungen.com\/?s={search_term_string}"},"query-input":{"@type":"PropertyValueSpecification","valueRequired":true,"valueName":"search_term_string"}}],"inLanguage":"es"}]}},"taxonomy_info":{"anvandningsomrade":[{"value":166,"label":"Lastbil"},{"value":238,"label":"SL\u00c4P"},{"value":2816,"label":"TRAILER"}],"product_brand":[{"value":1252,"label":"LEA"}],"product_cat":[{"value":3050,"label":"Bakljus Enkel Rund"},{"value":2552,"label":"Bakljus"}],"pa_fuktskydd-varde-ipxx":[{"value":333,"label":"IP67"}],"pa_storlek-mm":[{"value":1602,"label":"109X53"}],"pa_volt-v":[{"value":776,"label":"12,24"}]},"featured_image_src_large":["https:\/\/xenonkungen.com\/wp-content\/uploads\/2025\/04\/7293642-origpic-dfdb8e.jpg",800,800,false],"author_info":[],"comment_info":0,"_links":{"self":[{"href":"https:\/\/xenonkungen.com\/es\/wp-json\/wp\/v2\/product\/5155","targetHints":{"allow":["GET"]}}],"collection":[{"href":"https:\/\/xenonkungen.com\/es\/wp-json\/wp\/v2\/product"}],"about":[{"href":"https:\/\/xenonkungen.com\/es\/wp-json\/wp\/v2\/types\/product"}],"replies":[{"embeddable":true,"href":"https:\/\/xenonkungen.com\/es\/wp-json\/wp\/v2\/comments?post=5155"}],"wp:featuredmedia":[{"embeddable":true,"href":"https:\/\/xenonkungen.com\/es\/wp-json\/wp\/v2\/media\/5156"}],"wp:attachment":[{"href":"https:\/\/xenonkungen.com\/es\/wp-json\/wp\/v2\/media?parent=5155"}],"wp:term":[{"taxonomy":"anvandningsomrade","embeddable":true,"href":"https:\/\/xenonkungen.com\/es\/wp-json\/wp\/v2\/anvandningsomrade?post=5155"},{"taxonomy":"bilmarken","embeddable":true,"href":"https:\/\/xenonkungen.com\/es\/wp-json\/wp\/v2\/bilmarken?post=5155"},{"taxonomy":"product_brand","embeddable":true,"href":"https:\/\/xenonkungen.com\/es\/wp-json\/wp\/v2\/product_brand?post=5155"},{"taxonomy":"product_cat","embeddable":true,"href":"https:\/\/xenonkungen.com\/es\/wp-json\/wp\/v2\/product_cat?post=5155"},{"taxonomy":"product_tag","embeddable":true,"href":"https:\/\/xenonkungen.com\/es\/wp-json\/wp\/v2\/product_tag?post=5155"}],"curies":[{"name":"wp","href":"https:\/\/api.w.org\/{rel}","templated":true}]}}