{"id":5406,"date":"2025-04-15T09:29:00","date_gmt":"2025-04-15T09:29:00","guid":{"rendered":"https:\/\/xenonkungen.com\/product\/lazer-ledrampskit-renault-trafic-2019-2022-2xtriple-r750-elite\/"},"modified":"2026-04-24T17:27:03","modified_gmt":"2026-04-24T16:27:03","slug":"kit-de-rampa-led-laser-para-renault-trafic-2019-2022-doble-triple-r750-elite","status":"publish","type":"product","link":"https:\/\/xenonkungen.com\/es\/producto\/kit-de-rampa-led-laser-para-renault-trafic-2019-2022-doble-triple-r750-elite\/","title":{"rendered":"Lazer Ledrampskit Renault Trafic 2019-2022 2xTriple-R750 Elite"},"content":{"rendered":"<h1>Kit de barra de luces LED Lazers para Renault Trafic 2019-2022: Iluminaci\u00f3n perfecta para tu modelo de coche.<\/h1>\n<p>Kit de rampa LED con 2 Triple-R 750 y todos los componentes incluidos, adaptado para su montaje en Renault Trafic 2019-2022. <\/p>\n<p>La instalaci\u00f3n es r\u00e1pida y sencilla con un resultado robusto, seguro y que se integra perfectamente con la parrilla original. Fabricados con material ASA, conocido por su excelente resistencia y estabilidad a los rayos UV, los soportes son totalmente resistentes a la intemperie y a los productos qu\u00edmicos para garantizar que su instalaci\u00f3n se mantenga en buenas condiciones a\u00f1o tras a\u00f1o. <\/p>\n<p>Tenga en cuenta que si el veh\u00edculo tiene faros de xen\u00f3n o LED de serie, puede ser imposible realizar un seguimiento de la se\u00f1al de luz de carretera de 12V. En estos casos, el Lazer CAN Interface es necesario para completar la instalaci\u00f3n.<\/p>\n<p><strong>El paquete incluye:<\/strong><\/p>\n<p>- 2 x Triple-R 750 Elite<\/p>\n<p>- 4 x soportes y fijaciones asociadas<\/p>\n<p>- 1 x gu\u00eda de corte<\/p>\n<p>- 1 x kit de acoplamiento<\/p>\n<p>- 1 x instrucciones de montaje<\/p>\n<p>Dale a tu Renault Trafic la mejora de iluminaci\u00f3n que se merece. Con nuestro kit de luces LED Lazers, obtendr\u00e1s una iluminaci\u00f3n superior y una instalaci\u00f3n segura para tu coche.<\/p>","protected":false},"excerpt":{"rendered":"<p>Lazers LED-rampskit f\u00f6r Renault Trafic 2019-2022 &#8211; Perfekt belysning f\u00f6r din bilmodell Ledrampskit med 2 st Triple-R 750 och alla ing\u00e5ende komponenter skr\u00e4ddarsydda f\u00f6r att monteras p\u00e5 Renault Trafic 2019-2022. Monteringen g\u00f6rs enkelt och snabbt med ett resultat som \u00e4r b\u00e5de robust, s\u00e4kert och sm\u00e4lter in perfekt i originalgrillen. F\u00e4stena \u00e4r tillverkade av ASA-material, k\u00e4nda [&hellip;]<\/p>","protected":false},"featured_media":5407,"comment_status":"closed","ping_status":"open","template":"","meta":{"_acf_changed":false,"_smort_price_nok":"11883","_smort_price_dkk":"7549","_smort_price_eur":"1011.32","_smort_sale_price_nok":"","_smort_sale_price_dkk":"","_smort_sale_price_eur":"","smort_restorder":"","shipmondo_restorder":"","_kad_blocks_custom_css":"","_kad_blocks_head_custom_js":"","_kad_blocks_body_custom_js":"","_kad_blocks_footer_custom_js":"","smort_custom_pricelist_1":"7120","smort_custom_pricelist_2":"7120","smort_custom_pricelist_3":"7120","smort_custom_pricelist_4":"8900","smort_custom_pricelist_5":"7120"},"anvandningsomrade":[],"bilmarken":[],"product_brand":[1124],"product_cat":[2539,2596,1916],"product_tag":[2735],"class_list":{"0":"post-5406","1":"product","2":"type-product","3":"status-publish","4":"has-post-thumbnail","6":"product_brand-lazer","7":"product_cat-ledramper","8":"product_cat-paket","9":"product_cat-ledrampspaket","10":"product_tag-lazer","11":"pa_fargtemperatur-5000k","12":"pa_godkannande-e-godkand-r112","13":"pa_led-chips-effekt-w-1100","14":"pa_stromforbrukning-62a144v","15":"pa_volt-v-multivolt-10-12-16-18-24-28-30-32","17":"first","18":"instock","19":"taxable","20":"shipping-taxable","21":"purchasable","22":"product-type-simple"},"bundled_by":[],"bundle_stock_status":"instock","bundle_stock_quantity":1,"bundle_virtual":false,"bundle_layout":"","bundle_add_to_cart_form_location":"","bundle_editable_in_cart":false,"bundle_sold_individually_context":"","bundle_item_grouping":"","bundle_min_size":"","bundle_max_size":"","bundle_price":[],"bundled_items":[],"bundle_sell_ids":[],"acf":[],"yoast_head":"<!-- This site is optimized with the Yoast SEO plugin v27.0 - https:\/\/yoast.com\/product\/yoast-seo-wordpress\/ -->\n<title>Lazer Ledrampskit Renault Trafic 2019-2022 2xTriple-R750 Elite - Xenonkungen<\/title>\n<meta name=\"robots\" content=\"index, follow, max-snippet:-1, max-image-preview:large, max-video-preview:-1\" \/>\n<link rel=\"canonical\" href=\"https:\/\/xenonkungen.com\/es\/producto\/kit-de-rampa-led-laser-para-renault-trafic-2019-2022-doble-triple-r750-elite\/\" \/>\n<meta property=\"og:locale\" content=\"es_ES\" \/>\n<meta property=\"og:type\" content=\"article\" \/>\n<meta property=\"og:title\" content=\"Lazer Ledrampskit Renault Trafic 2019-2022 2xTriple-R750 Elite - Xenonkungen\" \/>\n<meta property=\"og:description\" content=\"Lazers LED-rampskit f\u00f6r Renault Trafic 2019-2022 &#8211; Perfekt belysning f\u00f6r din bilmodell Ledrampskit med 2 st Triple-R 750 och alla ing\u00e5ende komponenter skr\u00e4ddarsydda f\u00f6r att monteras p\u00e5 Renault Trafic 2019-2022. Monteringen g\u00f6rs enkelt och snabbt med ett resultat som \u00e4r b\u00e5de robust, s\u00e4kert och sm\u00e4lter in perfekt i originalgrillen. F\u00e4stena \u00e4r tillverkade av ASA-material, k\u00e4nda [&hellip;]\" \/>\n<meta property=\"og:url\" content=\"https:\/\/xenonkungen.com\/es\/producto\/kit-de-rampa-led-laser-para-renault-trafic-2019-2022-doble-triple-r750-elite\/\" \/>\n<meta property=\"og:site_name\" content=\"Xenonkungen\" \/>\n<meta property=\"article:modified_time\" content=\"2026-04-24T16:27:03+00:00\" \/>\n<meta property=\"og:image\" content=\"https:\/\/xenonkungen.com\/wp-content\/uploads\/2025\/04\/159539_itemimage_mainfront.jpg\" \/>\n\t<meta property=\"og:image:width\" content=\"2048\" \/>\n\t<meta property=\"og:image:height\" content=\"1539\" \/>\n\t<meta property=\"og:image:type\" content=\"image\/jpeg\" \/>\n<meta name=\"twitter:card\" content=\"summary_large_image\" \/>\n<meta name=\"twitter:label1\" content=\"Tiempo de lectura\" \/>\n\t<meta name=\"twitter:data1\" content=\"1 minuto\" \/>\n<script type=\"application\/ld+json\" class=\"yoast-schema-graph\">{\"@context\":\"https:\/\/schema.org\",\"@graph\":[{\"@type\":\"WebPage\",\"@id\":\"https:\/\/xenonkungen.com\/en\/product\/lazer-led-ramp-kit-renault-trafic-2019-2022-2xtriple-r750-elite\/\",\"url\":\"https:\/\/xenonkungen.com\/en\/product\/lazer-led-ramp-kit-renault-trafic-2019-2022-2xtriple-r750-elite\/\",\"name\":\"Lazer Ledrampskit Renault Trafic 2019-2022 2xTriple-R750 Elite - Xenonkungen\",\"isPartOf\":{\"@id\":\"https:\/\/xenonkungen.com\/#website\"},\"primaryImageOfPage\":{\"@id\":\"https:\/\/xenonkungen.com\/en\/product\/lazer-led-ramp-kit-renault-trafic-2019-2022-2xtriple-r750-elite\/#primaryimage\"},\"image\":{\"@id\":\"https:\/\/xenonkungen.com\/en\/product\/lazer-led-ramp-kit-renault-trafic-2019-2022-2xtriple-r750-elite\/#primaryimage\"},\"thumbnailUrl\":\"https:\/\/xenonkungen.com\/wp-content\/uploads\/2025\/04\/159539_itemimage_mainfront.jpg\",\"datePublished\":\"2025-04-15T09:29:00+00:00\",\"dateModified\":\"2026-04-24T16:27:03+00:00\",\"breadcrumb\":{\"@id\":\"https:\/\/xenonkungen.com\/en\/product\/lazer-led-ramp-kit-renault-trafic-2019-2022-2xtriple-r750-elite\/#breadcrumb\"},\"inLanguage\":\"es\",\"potentialAction\":[{\"@type\":\"ReadAction\",\"target\":[\"https:\/\/xenonkungen.com\/en\/product\/lazer-led-ramp-kit-renault-trafic-2019-2022-2xtriple-r750-elite\/\"]}]},{\"@type\":\"ImageObject\",\"inLanguage\":\"es\",\"@id\":\"https:\/\/xenonkungen.com\/en\/product\/lazer-led-ramp-kit-renault-trafic-2019-2022-2xtriple-r750-elite\/#primaryimage\",\"url\":\"https:\/\/xenonkungen.com\/wp-content\/uploads\/2025\/04\/159539_itemimage_mainfront.jpg\",\"contentUrl\":\"https:\/\/xenonkungen.com\/wp-content\/uploads\/2025\/04\/159539_itemimage_mainfront.jpg\",\"width\":2048,\"height\":1539},{\"@type\":\"BreadcrumbList\",\"@id\":\"https:\/\/xenonkungen.com\/en\/product\/lazer-led-ramp-kit-renault-trafic-2019-2022-2xtriple-r750-elite\/#breadcrumb\",\"itemListElement\":[{\"@type\":\"ListItem\",\"position\":1,\"name\":\"Hem\",\"item\":\"https:\/\/xenonkungen.com\/\"},{\"@type\":\"ListItem\",\"position\":2,\"name\":\"Shop\",\"item\":\"https:\/\/xenonkungen.com\/shop\/\"},{\"@type\":\"ListItem\",\"position\":3,\"name\":\"Lazer Ledrampskit Renault Trafic 2019-2022 2xTriple-R750 Elite\"}]},{\"@type\":\"WebSite\",\"@id\":\"https:\/\/xenonkungen.com\/#website\",\"url\":\"https:\/\/xenonkungen.com\/\",\"name\":\"Xenonkungen\",\"description\":\"\",\"potentialAction\":[{\"@type\":\"SearchAction\",\"target\":{\"@type\":\"EntryPoint\",\"urlTemplate\":\"https:\/\/xenonkungen.com\/?s={search_term_string}\"},\"query-input\":{\"@type\":\"PropertyValueSpecification\",\"valueRequired\":true,\"valueName\":\"search_term_string\"}}],\"inLanguage\":\"es\"}]}<\/script>\n<!-- \/ Yoast SEO plugin. -->","yoast_head_json":{"title":"Kit de rampa Lazer Led Renault Trafic 2019-2022 2xTriple-R750 Elite - El Rey del Xen\u00f3n","robots":{"index":"index","follow":"follow","max-snippet":"max-snippet:-1","max-image-preview":"max-image-preview:large","max-video-preview":"max-video-preview:-1"},"canonical":"https:\/\/xenonkungen.com\/es\/producto\/kit-de-rampa-led-laser-para-renault-trafic-2019-2022-doble-triple-r750-elite\/","og_locale":"es_ES","og_type":"article","og_title":"Lazer Ledrampskit Renault Trafic 2019-2022 2xTriple-R750 Elite - Xenonkungen","og_description":"Lazers LED-rampskit f\u00f6r Renault Trafic 2019-2022 &#8211; Perfekt belysning f\u00f6r din bilmodell Ledrampskit med 2 st Triple-R 750 och alla ing\u00e5ende komponenter skr\u00e4ddarsydda f\u00f6r att monteras p\u00e5 Renault Trafic 2019-2022. Monteringen g\u00f6rs enkelt och snabbt med ett resultat som \u00e4r b\u00e5de robust, s\u00e4kert och sm\u00e4lter in perfekt i originalgrillen. F\u00e4stena \u00e4r tillverkade av ASA-material, k\u00e4nda [&hellip;]","og_url":"https:\/\/xenonkungen.com\/es\/producto\/kit-de-rampa-led-laser-para-renault-trafic-2019-2022-doble-triple-r750-elite\/","og_site_name":"Xenonkungen","article_modified_time":"2026-04-24T16:27:03+00:00","og_image":[{"width":2048,"height":1539,"url":"https:\/\/xenonkungen.com\/wp-content\/uploads\/2025\/04\/159539_itemimage_mainfront.jpg","type":"image\/jpeg"}],"twitter_card":"summary_large_image","twitter_misc":{"Tiempo de lectura":"1 minuto"},"schema":{"@context":"https:\/\/schema.org","@graph":[{"@type":"WebPage","@id":"https:\/\/xenonkungen.com\/en\/product\/lazer-led-ramp-kit-renault-trafic-2019-2022-2xtriple-r750-elite\/","url":"https:\/\/xenonkungen.com\/en\/product\/lazer-led-ramp-kit-renault-trafic-2019-2022-2xtriple-r750-elite\/","name":"Kit de rampa Lazer Led Renault Trafic 2019-2022 2xTriple-R750 Elite - El Rey del Xen\u00f3n","isPartOf":{"@id":"https:\/\/xenonkungen.com\/#website"},"primaryImageOfPage":{"@id":"https:\/\/xenonkungen.com\/en\/product\/lazer-led-ramp-kit-renault-trafic-2019-2022-2xtriple-r750-elite\/#primaryimage"},"image":{"@id":"https:\/\/xenonkungen.com\/en\/product\/lazer-led-ramp-kit-renault-trafic-2019-2022-2xtriple-r750-elite\/#primaryimage"},"thumbnailUrl":"https:\/\/xenonkungen.com\/wp-content\/uploads\/2025\/04\/159539_itemimage_mainfront.jpg","datePublished":"2025-04-15T09:29:00+00:00","dateModified":"2026-04-24T16:27:03+00:00","breadcrumb":{"@id":"https:\/\/xenonkungen.com\/en\/product\/lazer-led-ramp-kit-renault-trafic-2019-2022-2xtriple-r750-elite\/#breadcrumb"},"inLanguage":"es","potentialAction":[{"@type":"ReadAction","target":["https:\/\/xenonkungen.com\/en\/product\/lazer-led-ramp-kit-renault-trafic-2019-2022-2xtriple-r750-elite\/"]}]},{"@type":"ImageObject","inLanguage":"es","@id":"https:\/\/xenonkungen.com\/en\/product\/lazer-led-ramp-kit-renault-trafic-2019-2022-2xtriple-r750-elite\/#primaryimage","url":"https:\/\/xenonkungen.com\/wp-content\/uploads\/2025\/04\/159539_itemimage_mainfront.jpg","contentUrl":"https:\/\/xenonkungen.com\/wp-content\/uploads\/2025\/04\/159539_itemimage_mainfront.jpg","width":2048,"height":1539},{"@type":"BreadcrumbList","@id":"https:\/\/xenonkungen.com\/en\/product\/lazer-led-ramp-kit-renault-trafic-2019-2022-2xtriple-r750-elite\/#breadcrumb","itemListElement":[{"@type":"ListItem","position":1,"name":"Hem","item":"https:\/\/xenonkungen.com\/"},{"@type":"ListItem","position":2,"name":"Shop","item":"https:\/\/xenonkungen.com\/shop\/"},{"@type":"ListItem","position":3,"name":"Lazer Ledrampskit Renault Trafic 2019-2022 2xTriple-R750 Elite"}]},{"@type":"WebSite","@id":"https:\/\/xenonkungen.com\/#website","url":"https:\/\/xenonkungen.com\/","name":"Xenonkungen","description":"","potentialAction":[{"@type":"SearchAction","target":{"@type":"EntryPoint","urlTemplate":"https:\/\/xenonkungen.com\/?s={search_term_string}"},"query-input":{"@type":"PropertyValueSpecification","valueRequired":true,"valueName":"search_term_string"}}],"inLanguage":"es"}]}},"taxonomy_info":{"product_brand":[{"value":1124,"label":"Lazer"}],"product_cat":[{"value":2539,"label":"LEDRAMPER"},{"value":2596,"label":"Paket"},{"value":1916,"label":"Ledrampspaket"}],"product_tag":[{"value":2735,"label":"Lazer"}],"pa_fargtemperatur":[{"value":154,"label":"5000K"}],"pa_godkannande":[{"value":1614,"label":"E-Godk\u00e4nd, R112"}],"pa_led-chips-effekt-w":[{"value":1100,"label":"88"}],"pa_stromforbrukning":[{"value":1613,"label":"6,2A@14,4V"}],"pa_volt-v":[{"value":1084,"label":"Multivolt, 10, 12, 16, 18, 24, 28, 30, 32"}]},"featured_image_src_large":["https:\/\/xenonkungen.com\/wp-content\/uploads\/2025\/04\/159539_itemimage_mainfront-1024x770.jpg",1024,770,true],"author_info":[],"comment_info":0,"_links":{"self":[{"href":"https:\/\/xenonkungen.com\/es\/wp-json\/wp\/v2\/product\/5406","targetHints":{"allow":["GET"]}}],"collection":[{"href":"https:\/\/xenonkungen.com\/es\/wp-json\/wp\/v2\/product"}],"about":[{"href":"https:\/\/xenonkungen.com\/es\/wp-json\/wp\/v2\/types\/product"}],"replies":[{"embeddable":true,"href":"https:\/\/xenonkungen.com\/es\/wp-json\/wp\/v2\/comments?post=5406"}],"wp:featuredmedia":[{"embeddable":true,"href":"https:\/\/xenonkungen.com\/es\/wp-json\/wp\/v2\/media\/5407"}],"wp:attachment":[{"href":"https:\/\/xenonkungen.com\/es\/wp-json\/wp\/v2\/media?parent=5406"}],"wp:term":[{"taxonomy":"anvandningsomrade","embeddable":true,"href":"https:\/\/xenonkungen.com\/es\/wp-json\/wp\/v2\/anvandningsomrade?post=5406"},{"taxonomy":"bilmarken","embeddable":true,"href":"https:\/\/xenonkungen.com\/es\/wp-json\/wp\/v2\/bilmarken?post=5406"},{"taxonomy":"product_brand","embeddable":true,"href":"https:\/\/xenonkungen.com\/es\/wp-json\/wp\/v2\/product_brand?post=5406"},{"taxonomy":"product_cat","embeddable":true,"href":"https:\/\/xenonkungen.com\/es\/wp-json\/wp\/v2\/product_cat?post=5406"},{"taxonomy":"product_tag","embeddable":true,"href":"https:\/\/xenonkungen.com\/es\/wp-json\/wp\/v2\/product_tag?post=5406"}],"curies":[{"name":"wp","href":"https:\/\/api.w.org\/{rel}","templated":true}]}}