{"id":5454,"date":"2025-04-15T09:30:25","date_gmt":"2025-04-15T09:30:25","guid":{"rendered":"https:\/\/xenonkungen.com\/product\/lazer-monteringssats-toyota-hilux-inv-x-2021triple-r-750\/"},"modified":"2025-12-10T14:46:42","modified_gmt":"2025-12-10T13:46:42","slug":"kit-de-montaje-laser-para-toyota-hilux-inv-x-2021-triple-r-750","status":"publish","type":"product","link":"https:\/\/xenonkungen.com\/es\/producto\/kit-de-montaje-laser-para-toyota-hilux-inv-x-2021-triple-r-750\/","title":{"rendered":"Kit de montaje Lazer Toyota Hilux Inv. X 2021+Triple R 750"},"content":{"rendered":"<h2>Kits de montaje para barras de luces Lazer: ajuste personalizado para su modelo de coche<\/h2>\n<p>Explora nuestra amplia gama de kits de montaje para barras de luz Lazer y dale a tu coche una experiencia de iluminaci\u00f3n impresionante. Nuestros kits de montaje est\u00e1n especialmente dise\u00f1ados para garantizar un ajuste perfecto y una f\u00e1cil instalaci\u00f3n en diferentes modelos de coche. Consultando el n\u00famero de pieza, podr\u00e1s ver f\u00e1cilmente qu\u00e9 barras de luz est\u00e1n disponibles y con qu\u00e9 modelos de coche es compatible el kit de montaje.<\/p>\n<h3>Especificaciones del producto:<\/h3>\n<ul>\n<li>Kits de montaje personalizados para barras de luces Lazer<\/li>\n<li>F\u00e1cil instalaci\u00f3n en varios modelos de autom\u00f3viles.<\/li>\n<li>Materiales de alta calidad para un rendimiento confiable<\/li>\n<\/ul>\n<p>Explora nuestra amplia gama de kits de montaje para barras de luz Lazer y encuentra el que mejor se adapta a tu modelo de coche. Nuestros kits est\u00e1n fabricados con materiales de alta calidad que garantizan durabilidad y un rendimiento fiable en diversas condiciones. Utilizando el n\u00famero de pieza, puedes elegir f\u00e1cilmente el kit de montaje adecuado para tu modelo de coche y disfrutar de una instalaci\u00f3n sencilla y sin complicaciones.<\/p>","protected":false},"excerpt":{"rendered":"<p>Monteringssatser till Lazer ljusramper &#8211; Skr\u00e4ddarsydd passform f\u00f6r din bilmodell Utforska v\u00e5rt omfattande sortiment av monteringssatser till Lazer ljusramper och ge din bil en imponerande ljusupplevelse. V\u00e5ra monteringssatser \u00e4r speciellt utformade f\u00f6r att s\u00e4kerst\u00e4lla en perfekt passform och enkel installation p\u00e5 olika bilmodeller. Genom att titta p\u00e5 artikelnumret kan du enkelt se vilka ljusramper som [&hellip;]<\/p>","protected":false},"featured_media":5455,"comment_status":"closed","ping_status":"open","template":"","meta":{"_acf_changed":false,"_smort_price_nok":"1602","_smort_price_dkk":"1018","_smort_price_eur":"136.36","_smort_sale_price_nok":"","_smort_sale_price_dkk":"","_smort_sale_price_eur":"","smort_restorder":"","shipmondo_restorder":"","_kad_blocks_custom_css":"","_kad_blocks_head_custom_js":"","_kad_blocks_body_custom_js":"","_kad_blocks_footer_custom_js":"","smort_custom_pricelist_1":"960","smort_custom_pricelist_2":"960","smort_custom_pricelist_3":"960","smort_custom_pricelist_4":"1200","smort_custom_pricelist_5":"960"},"anvandningsomrade":[],"bilmarken":[],"product_brand":[1124],"product_cat":[2539,2608],"product_tag":[2735],"class_list":{"0":"post-5454","1":"product","2":"type-product","3":"status-publish","4":"has-post-thumbnail","6":"product_brand-lazer","7":"product_cat-ledramper","8":"product_cat-monteringssatser","9":"product_tag-lazer","11":"first","12":"onbackorder","13":"taxable","14":"shipping-taxable","15":"purchasable","16":"product-type-simple"},"bundled_by":[],"bundle_stock_status":"onbackorder","bundle_stock_quantity":0,"bundle_virtual":false,"bundle_layout":"","bundle_add_to_cart_form_location":"","bundle_editable_in_cart":false,"bundle_sold_individually_context":"","bundle_item_grouping":"","bundle_min_size":"","bundle_max_size":"","bundle_price":[],"bundled_items":[],"bundle_sell_ids":[],"acf":[],"yoast_head":"<!-- This site is optimized with the Yoast SEO plugin v27.0 - https:\/\/yoast.com\/product\/yoast-seo-wordpress\/ -->\n<title>Lazer Monteringssats Toyota Hilux Inv. X 2021+Triple R 750 - Xenonkungen<\/title>\n<meta name=\"robots\" content=\"index, follow, max-snippet:-1, max-image-preview:large, max-video-preview:-1\" \/>\n<link rel=\"canonical\" href=\"https:\/\/xenonkungen.com\/es\/producto\/kit-de-montaje-laser-para-toyota-hilux-inv-x-2021-triple-r-750\/\" \/>\n<meta property=\"og:locale\" content=\"es_ES\" \/>\n<meta property=\"og:type\" content=\"article\" \/>\n<meta property=\"og:title\" content=\"Lazer Monteringssats Toyota Hilux Inv. X 2021+Triple R 750 - Xenonkungen\" \/>\n<meta property=\"og:description\" content=\"Monteringssatser till Lazer ljusramper &#8211; Skr\u00e4ddarsydd passform f\u00f6r din bilmodell Utforska v\u00e5rt omfattande sortiment av monteringssatser till Lazer ljusramper och ge din bil en imponerande ljusupplevelse. V\u00e5ra monteringssatser \u00e4r speciellt utformade f\u00f6r att s\u00e4kerst\u00e4lla en perfekt passform och enkel installation p\u00e5 olika bilmodeller. Genom att titta p\u00e5 artikelnumret kan du enkelt se vilka ljusramper som [&hellip;]\" \/>\n<meta property=\"og:url\" content=\"https:\/\/xenonkungen.com\/es\/producto\/kit-de-montaje-laser-para-toyota-hilux-inv-x-2021-triple-r-750\/\" \/>\n<meta property=\"og:site_name\" content=\"Xenonkungen\" \/>\n<meta property=\"article:modified_time\" content=\"2025-12-10T13:46:42+00:00\" \/>\n<meta property=\"og:image\" content=\"https:\/\/xenonkungen.com\/wp-content\/uploads\/2025\/04\/159553_itemimage_mainfront.jpg\" \/>\n\t<meta property=\"og:image:width\" content=\"2048\" \/>\n\t<meta property=\"og:image:height\" content=\"1536\" \/>\n\t<meta property=\"og:image:type\" content=\"image\/jpeg\" \/>\n<meta name=\"twitter:card\" content=\"summary_large_image\" \/>\n<meta name=\"twitter:label1\" content=\"Tiempo de lectura\" \/>\n\t<meta name=\"twitter:data1\" content=\"1 minuto\" \/>\n<script type=\"application\/ld+json\" class=\"yoast-schema-graph\">{\"@context\":\"https:\/\/schema.org\",\"@graph\":[{\"@type\":\"WebPage\",\"@id\":\"https:\/\/xenonkungen.com\/no\/produkt\/laser-monteringssett-toyota-hilux-inv-x-2021-triple-r-750\/\",\"url\":\"https:\/\/xenonkungen.com\/no\/produkt\/laser-monteringssett-toyota-hilux-inv-x-2021-triple-r-750\/\",\"name\":\"Lazer Monteringssats Toyota Hilux Inv. X 2021+Triple R 750 - Xenonkungen\",\"isPartOf\":{\"@id\":\"https:\/\/xenonkungen.com\/#website\"},\"primaryImageOfPage\":{\"@id\":\"https:\/\/xenonkungen.com\/no\/produkt\/laser-monteringssett-toyota-hilux-inv-x-2021-triple-r-750\/#primaryimage\"},\"image\":{\"@id\":\"https:\/\/xenonkungen.com\/no\/produkt\/laser-monteringssett-toyota-hilux-inv-x-2021-triple-r-750\/#primaryimage\"},\"thumbnailUrl\":\"https:\/\/xenonkungen.com\/wp-content\/uploads\/2025\/04\/159553_itemimage_mainfront.jpg\",\"datePublished\":\"2025-04-15T09:30:25+00:00\",\"dateModified\":\"2025-12-10T13:46:42+00:00\",\"breadcrumb\":{\"@id\":\"https:\/\/xenonkungen.com\/no\/produkt\/laser-monteringssett-toyota-hilux-inv-x-2021-triple-r-750\/#breadcrumb\"},\"inLanguage\":\"es\",\"potentialAction\":[{\"@type\":\"ReadAction\",\"target\":[\"https:\/\/xenonkungen.com\/no\/produkt\/laser-monteringssett-toyota-hilux-inv-x-2021-triple-r-750\/\"]}]},{\"@type\":\"ImageObject\",\"inLanguage\":\"es\",\"@id\":\"https:\/\/xenonkungen.com\/no\/produkt\/laser-monteringssett-toyota-hilux-inv-x-2021-triple-r-750\/#primaryimage\",\"url\":\"https:\/\/xenonkungen.com\/wp-content\/uploads\/2025\/04\/159553_itemimage_mainfront.jpg\",\"contentUrl\":\"https:\/\/xenonkungen.com\/wp-content\/uploads\/2025\/04\/159553_itemimage_mainfront.jpg\",\"width\":2048,\"height\":1536},{\"@type\":\"BreadcrumbList\",\"@id\":\"https:\/\/xenonkungen.com\/no\/produkt\/laser-monteringssett-toyota-hilux-inv-x-2021-triple-r-750\/#breadcrumb\",\"itemListElement\":[{\"@type\":\"ListItem\",\"position\":1,\"name\":\"Hem\",\"item\":\"https:\/\/xenonkungen.com\/\"},{\"@type\":\"ListItem\",\"position\":2,\"name\":\"Shop\",\"item\":\"https:\/\/xenonkungen.com\/shop\/\"},{\"@type\":\"ListItem\",\"position\":3,\"name\":\"Lazer Monteringssats Toyota Hilux Inv. X 2021+Triple R 750\"}]},{\"@type\":\"WebSite\",\"@id\":\"https:\/\/xenonkungen.com\/#website\",\"url\":\"https:\/\/xenonkungen.com\/\",\"name\":\"Xenonkungen\",\"description\":\"\",\"potentialAction\":[{\"@type\":\"SearchAction\",\"target\":{\"@type\":\"EntryPoint\",\"urlTemplate\":\"https:\/\/xenonkungen.com\/?s={search_term_string}\"},\"query-input\":{\"@type\":\"PropertyValueSpecification\",\"valueRequired\":true,\"valueName\":\"search_term_string\"}}],\"inLanguage\":\"es\"}]}<\/script>\n<!-- \/ Yoast SEO plugin. -->","yoast_head_json":{"title":"Kit de montaje Lazer para Toyota Hilux Inv. X 2021+Triple R 750 - El Rey del Xen\u00f3n","robots":{"index":"index","follow":"follow","max-snippet":"max-snippet:-1","max-image-preview":"max-image-preview:large","max-video-preview":"max-video-preview:-1"},"canonical":"https:\/\/xenonkungen.com\/es\/producto\/kit-de-montaje-laser-para-toyota-hilux-inv-x-2021-triple-r-750\/","og_locale":"es_ES","og_type":"article","og_title":"Lazer Monteringssats Toyota Hilux Inv. X 2021+Triple R 750 - Xenonkungen","og_description":"Monteringssatser till Lazer ljusramper &#8211; Skr\u00e4ddarsydd passform f\u00f6r din bilmodell Utforska v\u00e5rt omfattande sortiment av monteringssatser till Lazer ljusramper och ge din bil en imponerande ljusupplevelse. V\u00e5ra monteringssatser \u00e4r speciellt utformade f\u00f6r att s\u00e4kerst\u00e4lla en perfekt passform och enkel installation p\u00e5 olika bilmodeller. Genom att titta p\u00e5 artikelnumret kan du enkelt se vilka ljusramper som [&hellip;]","og_url":"https:\/\/xenonkungen.com\/es\/producto\/kit-de-montaje-laser-para-toyota-hilux-inv-x-2021-triple-r-750\/","og_site_name":"Xenonkungen","article_modified_time":"2025-12-10T13:46:42+00:00","og_image":[{"width":2048,"height":1536,"url":"https:\/\/xenonkungen.com\/wp-content\/uploads\/2025\/04\/159553_itemimage_mainfront.jpg","type":"image\/jpeg"}],"twitter_card":"summary_large_image","twitter_misc":{"Tiempo de lectura":"1 minuto"},"schema":{"@context":"https:\/\/schema.org","@graph":[{"@type":"WebPage","@id":"https:\/\/xenonkungen.com\/no\/produkt\/laser-monteringssett-toyota-hilux-inv-x-2021-triple-r-750\/","url":"https:\/\/xenonkungen.com\/no\/produkt\/laser-monteringssett-toyota-hilux-inv-x-2021-triple-r-750\/","name":"Kit de montaje Lazer para Toyota Hilux Inv. X 2021+Triple R 750 - El Rey del Xen\u00f3n","isPartOf":{"@id":"https:\/\/xenonkungen.com\/#website"},"primaryImageOfPage":{"@id":"https:\/\/xenonkungen.com\/no\/produkt\/laser-monteringssett-toyota-hilux-inv-x-2021-triple-r-750\/#primaryimage"},"image":{"@id":"https:\/\/xenonkungen.com\/no\/produkt\/laser-monteringssett-toyota-hilux-inv-x-2021-triple-r-750\/#primaryimage"},"thumbnailUrl":"https:\/\/xenonkungen.com\/wp-content\/uploads\/2025\/04\/159553_itemimage_mainfront.jpg","datePublished":"2025-04-15T09:30:25+00:00","dateModified":"2025-12-10T13:46:42+00:00","breadcrumb":{"@id":"https:\/\/xenonkungen.com\/no\/produkt\/laser-monteringssett-toyota-hilux-inv-x-2021-triple-r-750\/#breadcrumb"},"inLanguage":"es","potentialAction":[{"@type":"ReadAction","target":["https:\/\/xenonkungen.com\/no\/produkt\/laser-monteringssett-toyota-hilux-inv-x-2021-triple-r-750\/"]}]},{"@type":"ImageObject","inLanguage":"es","@id":"https:\/\/xenonkungen.com\/no\/produkt\/laser-monteringssett-toyota-hilux-inv-x-2021-triple-r-750\/#primaryimage","url":"https:\/\/xenonkungen.com\/wp-content\/uploads\/2025\/04\/159553_itemimage_mainfront.jpg","contentUrl":"https:\/\/xenonkungen.com\/wp-content\/uploads\/2025\/04\/159553_itemimage_mainfront.jpg","width":2048,"height":1536},{"@type":"BreadcrumbList","@id":"https:\/\/xenonkungen.com\/no\/produkt\/laser-monteringssett-toyota-hilux-inv-x-2021-triple-r-750\/#breadcrumb","itemListElement":[{"@type":"ListItem","position":1,"name":"Hem","item":"https:\/\/xenonkungen.com\/"},{"@type":"ListItem","position":2,"name":"Shop","item":"https:\/\/xenonkungen.com\/shop\/"},{"@type":"ListItem","position":3,"name":"Lazer Monteringssats Toyota Hilux Inv. X 2021+Triple R 750"}]},{"@type":"WebSite","@id":"https:\/\/xenonkungen.com\/#website","url":"https:\/\/xenonkungen.com\/","name":"Xenonkungen","description":"","potentialAction":[{"@type":"SearchAction","target":{"@type":"EntryPoint","urlTemplate":"https:\/\/xenonkungen.com\/?s={search_term_string}"},"query-input":{"@type":"PropertyValueSpecification","valueRequired":true,"valueName":"search_term_string"}}],"inLanguage":"es"}]}},"taxonomy_info":{"product_brand":[{"value":1124,"label":"Lazer"}],"product_cat":[{"value":2539,"label":"LEDRAMPER"},{"value":2608,"label":"Monteringssatser"}],"product_tag":[{"value":2735,"label":"Lazer"}]},"featured_image_src_large":["https:\/\/xenonkungen.com\/wp-content\/uploads\/2025\/04\/159553_itemimage_mainfront-1024x768.jpg",1024,768,true],"author_info":[],"comment_info":0,"_links":{"self":[{"href":"https:\/\/xenonkungen.com\/es\/wp-json\/wp\/v2\/product\/5454","targetHints":{"allow":["GET"]}}],"collection":[{"href":"https:\/\/xenonkungen.com\/es\/wp-json\/wp\/v2\/product"}],"about":[{"href":"https:\/\/xenonkungen.com\/es\/wp-json\/wp\/v2\/types\/product"}],"replies":[{"embeddable":true,"href":"https:\/\/xenonkungen.com\/es\/wp-json\/wp\/v2\/comments?post=5454"}],"wp:featuredmedia":[{"embeddable":true,"href":"https:\/\/xenonkungen.com\/es\/wp-json\/wp\/v2\/media\/5455"}],"wp:attachment":[{"href":"https:\/\/xenonkungen.com\/es\/wp-json\/wp\/v2\/media?parent=5454"}],"wp:term":[{"taxonomy":"anvandningsomrade","embeddable":true,"href":"https:\/\/xenonkungen.com\/es\/wp-json\/wp\/v2\/anvandningsomrade?post=5454"},{"taxonomy":"bilmarken","embeddable":true,"href":"https:\/\/xenonkungen.com\/es\/wp-json\/wp\/v2\/bilmarken?post=5454"},{"taxonomy":"product_brand","embeddable":true,"href":"https:\/\/xenonkungen.com\/es\/wp-json\/wp\/v2\/product_brand?post=5454"},{"taxonomy":"product_cat","embeddable":true,"href":"https:\/\/xenonkungen.com\/es\/wp-json\/wp\/v2\/product_cat?post=5454"},{"taxonomy":"product_tag","embeddable":true,"href":"https:\/\/xenonkungen.com\/es\/wp-json\/wp\/v2\/product_tag?post=5454"}],"curies":[{"name":"wp","href":"https:\/\/api.w.org\/{rel}","templated":true}]}}