{"id":5464,"date":"2025-04-15T09:30:25","date_gmt":"2025-04-15T09:30:25","guid":{"rendered":"https:\/\/xenonkungen.com\/product\/lazer-ledrampskit-toyota-landcruiser-200-2x-triple-r750-std\/"},"modified":"2026-04-24T17:27:25","modified_gmt":"2026-04-24T16:27:25","slug":"kit-de-rampa-led-laser-para-toyota-land-cruiser-200-2x-triple-r750-estandar","status":"publish","type":"product","link":"https:\/\/xenonkungen.com\/es\/producto\/kit-de-rampa-led-laser-para-toyota-land-cruiser-200-2x-triple-r750-estandar\/","title":{"rendered":"Lazer Ledrampskit Toyota Landcruiser 200 2x Triple-R750 Std"},"content":{"rendered":"<h1>Kit de rampa LED Lazers para Toyota Landcruiser 200: Iluminaci\u00f3n perfecta para tu modelo de coche.<\/h1>\n<p>Kit de rampa LED con 2 Triple-R 750 y todos los componentes incluidos, adaptado para su montaje en el Toyota Landcruiser 200.<\/p>\n<p>La instalaci\u00f3n es r\u00e1pida y sencilla, con un resultado robusto y seguro que se integra perfectamente con la parrilla original. Fabricados con material ASA, conocido por su excelente resistencia y estabilidad a los rayos UV, los soportes son totalmente resistentes a la intemperie y a los productos qu\u00edmicos para garantizar que su instalaci\u00f3n se mantenga en buen estado a\u00f1o tras a\u00f1o.<\/p>\n<p><strong>El paquete incluye:<\/strong><\/h3>\n<p>- 2 x Triple-R 750 Std<\/p>\n<p>- 4 x soportes y fijaciones asociadas<\/p>\n<p>- 1 x gu\u00eda de corte<\/p>\n<p>- 1 x kit de acoplamiento<\/p>\n<p>- 1 x instrucciones de montaje<\/p>\n<p>Dale a tu Toyota Land Cruiser la iluminaci\u00f3n que se merece. Con nuestro kit de luces LED Lazers, obtendr\u00e1s una iluminaci\u00f3n superior y una sujeci\u00f3n segura para tu veh\u00edculo.<\/p>","protected":false},"excerpt":{"rendered":"<p>Lazers LED-rampskit f\u00f6r Toyota Landcruiser 200 &#8211; Perfekt belysning f\u00f6r din bilmodell Ledrampskit med 2 st Triple-R 750 och alla ing\u00e5ende komponenter skr\u00e4ddarsydda f\u00f6r att monteras p\u00e5 Toyota Landcruiser 200. Monteringen g\u00f6rs enkelt och snabbt med ett resultat som \u00e4r b\u00e5de robust och s\u00e4kert samt sm\u00e4lter in perfekt i originalgrillen. F\u00e4stena \u00e4r tillverkade av ASA-material, [&hellip;]<\/p>","protected":false},"featured_media":5465,"comment_status":"closed","ping_status":"open","template":"","meta":{"_acf_changed":false,"_smort_price_nok":"10147","_smort_price_dkk":"6446","_smort_price_eur":"863.6","_smort_sale_price_nok":"","_smort_sale_price_dkk":"","_smort_sale_price_eur":"","smort_restorder":"","shipmondo_restorder":"","_kad_blocks_custom_css":"","_kad_blocks_head_custom_js":"","_kad_blocks_body_custom_js":"","_kad_blocks_footer_custom_js":"","smort_custom_pricelist_1":"6080","smort_custom_pricelist_2":"6080","smort_custom_pricelist_3":"6080","smort_custom_pricelist_4":"7600","smort_custom_pricelist_5":"6080"},"anvandningsomrade":[],"bilmarken":[],"product_brand":[1124],"product_cat":[2539,2596,1916],"product_tag":[2735],"class_list":{"0":"post-5464","1":"product","2":"type-product","3":"status-publish","4":"has-post-thumbnail","6":"product_brand-lazer","7":"product_cat-ledramper","8":"product_cat-paket","9":"product_cat-ledrampspaket","10":"product_tag-lazer","11":"pa_fargtemperatur-5000k","12":"pa_godkannande-e-godkand-r112","13":"pa_led-chips-effekt-w-1100","14":"pa_stromforbrukning-62a144v","15":"pa_volt-v-multivolt-10-12-16-18-24-28-30-32","17":"first","18":"onbackorder","19":"taxable","20":"shipping-taxable","21":"purchasable","22":"product-type-simple"},"bundled_by":[],"bundle_stock_status":"onbackorder","bundle_stock_quantity":0,"bundle_virtual":false,"bundle_layout":"","bundle_add_to_cart_form_location":"","bundle_editable_in_cart":false,"bundle_sold_individually_context":"","bundle_item_grouping":"","bundle_min_size":"","bundle_max_size":"","bundle_price":[],"bundled_items":[],"bundle_sell_ids":[],"acf":[],"yoast_head":"<!-- This site is optimized with the Yoast SEO plugin v27.0 - https:\/\/yoast.com\/product\/yoast-seo-wordpress\/ -->\n<title>Lazer Ledrampskit Toyota Landcruiser 200 2x Triple-R750 Std - Xenonkungen<\/title>\n<meta name=\"robots\" content=\"index, follow, max-snippet:-1, max-image-preview:large, max-video-preview:-1\" \/>\n<link rel=\"canonical\" href=\"https:\/\/xenonkungen.com\/es\/producto\/kit-de-rampa-led-laser-para-toyota-land-cruiser-200-2x-triple-r750-estandar\/\" \/>\n<meta property=\"og:locale\" content=\"es_ES\" \/>\n<meta property=\"og:type\" content=\"article\" \/>\n<meta property=\"og:title\" content=\"Lazer Ledrampskit Toyota Landcruiser 200 2x Triple-R750 Std - Xenonkungen\" \/>\n<meta property=\"og:description\" content=\"Lazers LED-rampskit f\u00f6r Toyota Landcruiser 200 &#8211; Perfekt belysning f\u00f6r din bilmodell Ledrampskit med 2 st Triple-R 750 och alla ing\u00e5ende komponenter skr\u00e4ddarsydda f\u00f6r att monteras p\u00e5 Toyota Landcruiser 200. Monteringen g\u00f6rs enkelt och snabbt med ett resultat som \u00e4r b\u00e5de robust och s\u00e4kert samt sm\u00e4lter in perfekt i originalgrillen. F\u00e4stena \u00e4r tillverkade av ASA-material, [&hellip;]\" \/>\n<meta property=\"og:url\" content=\"https:\/\/xenonkungen.com\/es\/producto\/kit-de-rampa-led-laser-para-toyota-land-cruiser-200-2x-triple-r750-estandar\/\" \/>\n<meta property=\"og:site_name\" content=\"Xenonkungen\" \/>\n<meta property=\"article:modified_time\" content=\"2026-04-24T16:27:25+00:00\" \/>\n<meta property=\"og:image\" content=\"https:\/\/xenonkungen.com\/wp-content\/uploads\/2025\/04\/159556_itemimage_mainfront.jpg\" \/>\n\t<meta property=\"og:image:width\" content=\"2048\" \/>\n\t<meta property=\"og:image:height\" content=\"1536\" \/>\n\t<meta property=\"og:image:type\" content=\"image\/jpeg\" \/>\n<meta name=\"twitter:card\" content=\"summary_large_image\" \/>\n<meta name=\"twitter:label1\" content=\"Tiempo de lectura\" \/>\n\t<meta name=\"twitter:data1\" content=\"1 minuto\" \/>\n<script type=\"application\/ld+json\" class=\"yoast-schema-graph\">{\"@context\":\"https:\/\/schema.org\",\"@graph\":[{\"@type\":\"WebPage\",\"@id\":\"https:\/\/xenonkungen.com\/fi\/tuote\/lazer-led-ramppisarja-toyota-land-cruiser-200-2x-triple-r750-std\/\",\"url\":\"https:\/\/xenonkungen.com\/fi\/tuote\/lazer-led-ramppisarja-toyota-land-cruiser-200-2x-triple-r750-std\/\",\"name\":\"Lazer Ledrampskit Toyota Landcruiser 200 2x Triple-R750 Std - Xenonkungen\",\"isPartOf\":{\"@id\":\"https:\/\/xenonkungen.com\/#website\"},\"primaryImageOfPage\":{\"@id\":\"https:\/\/xenonkungen.com\/fi\/tuote\/lazer-led-ramppisarja-toyota-land-cruiser-200-2x-triple-r750-std\/#primaryimage\"},\"image\":{\"@id\":\"https:\/\/xenonkungen.com\/fi\/tuote\/lazer-led-ramppisarja-toyota-land-cruiser-200-2x-triple-r750-std\/#primaryimage\"},\"thumbnailUrl\":\"https:\/\/xenonkungen.com\/wp-content\/uploads\/2025\/04\/159556_itemimage_mainfront.jpg\",\"datePublished\":\"2025-04-15T09:30:25+00:00\",\"dateModified\":\"2026-04-24T16:27:25+00:00\",\"breadcrumb\":{\"@id\":\"https:\/\/xenonkungen.com\/fi\/tuote\/lazer-led-ramppisarja-toyota-land-cruiser-200-2x-triple-r750-std\/#breadcrumb\"},\"inLanguage\":\"es\",\"potentialAction\":[{\"@type\":\"ReadAction\",\"target\":[\"https:\/\/xenonkungen.com\/fi\/tuote\/lazer-led-ramppisarja-toyota-land-cruiser-200-2x-triple-r750-std\/\"]}]},{\"@type\":\"ImageObject\",\"inLanguage\":\"es\",\"@id\":\"https:\/\/xenonkungen.com\/fi\/tuote\/lazer-led-ramppisarja-toyota-land-cruiser-200-2x-triple-r750-std\/#primaryimage\",\"url\":\"https:\/\/xenonkungen.com\/wp-content\/uploads\/2025\/04\/159556_itemimage_mainfront.jpg\",\"contentUrl\":\"https:\/\/xenonkungen.com\/wp-content\/uploads\/2025\/04\/159556_itemimage_mainfront.jpg\",\"width\":2048,\"height\":1536},{\"@type\":\"BreadcrumbList\",\"@id\":\"https:\/\/xenonkungen.com\/fi\/tuote\/lazer-led-ramppisarja-toyota-land-cruiser-200-2x-triple-r750-std\/#breadcrumb\",\"itemListElement\":[{\"@type\":\"ListItem\",\"position\":1,\"name\":\"Hem\",\"item\":\"https:\/\/xenonkungen.com\/\"},{\"@type\":\"ListItem\",\"position\":2,\"name\":\"Shop\",\"item\":\"https:\/\/xenonkungen.com\/shop\/\"},{\"@type\":\"ListItem\",\"position\":3,\"name\":\"Lazer Ledrampskit Toyota Landcruiser 200 2x Triple-R750 Std\"}]},{\"@type\":\"WebSite\",\"@id\":\"https:\/\/xenonkungen.com\/#website\",\"url\":\"https:\/\/xenonkungen.com\/\",\"name\":\"Xenonkungen\",\"description\":\"\",\"potentialAction\":[{\"@type\":\"SearchAction\",\"target\":{\"@type\":\"EntryPoint\",\"urlTemplate\":\"https:\/\/xenonkungen.com\/?s={search_term_string}\"},\"query-input\":{\"@type\":\"PropertyValueSpecification\",\"valueRequired\":true,\"valueName\":\"search_term_string\"}}],\"inLanguage\":\"es\"}]}<\/script>\n<!-- \/ Yoast SEO plugin. -->","yoast_head_json":{"title":"Kit de rampa Lazer LED para Toyota Landcruiser 200, 2 unidades triples, R750 est\u00e1ndar - El Rey del Xen\u00f3n","robots":{"index":"index","follow":"follow","max-snippet":"max-snippet:-1","max-image-preview":"max-image-preview:large","max-video-preview":"max-video-preview:-1"},"canonical":"https:\/\/xenonkungen.com\/es\/producto\/kit-de-rampa-led-laser-para-toyota-land-cruiser-200-2x-triple-r750-estandar\/","og_locale":"es_ES","og_type":"article","og_title":"Lazer Ledrampskit Toyota Landcruiser 200 2x Triple-R750 Std - Xenonkungen","og_description":"Lazers LED-rampskit f\u00f6r Toyota Landcruiser 200 &#8211; Perfekt belysning f\u00f6r din bilmodell Ledrampskit med 2 st Triple-R 750 och alla ing\u00e5ende komponenter skr\u00e4ddarsydda f\u00f6r att monteras p\u00e5 Toyota Landcruiser 200. Monteringen g\u00f6rs enkelt och snabbt med ett resultat som \u00e4r b\u00e5de robust och s\u00e4kert samt sm\u00e4lter in perfekt i originalgrillen. F\u00e4stena \u00e4r tillverkade av ASA-material, [&hellip;]","og_url":"https:\/\/xenonkungen.com\/es\/producto\/kit-de-rampa-led-laser-para-toyota-land-cruiser-200-2x-triple-r750-estandar\/","og_site_name":"Xenonkungen","article_modified_time":"2026-04-24T16:27:25+00:00","og_image":[{"width":2048,"height":1536,"url":"https:\/\/xenonkungen.com\/wp-content\/uploads\/2025\/04\/159556_itemimage_mainfront.jpg","type":"image\/jpeg"}],"twitter_card":"summary_large_image","twitter_misc":{"Tiempo de lectura":"1 minuto"},"schema":{"@context":"https:\/\/schema.org","@graph":[{"@type":"WebPage","@id":"https:\/\/xenonkungen.com\/fi\/tuote\/lazer-led-ramppisarja-toyota-land-cruiser-200-2x-triple-r750-std\/","url":"https:\/\/xenonkungen.com\/fi\/tuote\/lazer-led-ramppisarja-toyota-land-cruiser-200-2x-triple-r750-std\/","name":"Kit de rampa Lazer LED para Toyota Landcruiser 200, 2 unidades triples, R750 est\u00e1ndar - El Rey del Xen\u00f3n","isPartOf":{"@id":"https:\/\/xenonkungen.com\/#website"},"primaryImageOfPage":{"@id":"https:\/\/xenonkungen.com\/fi\/tuote\/lazer-led-ramppisarja-toyota-land-cruiser-200-2x-triple-r750-std\/#primaryimage"},"image":{"@id":"https:\/\/xenonkungen.com\/fi\/tuote\/lazer-led-ramppisarja-toyota-land-cruiser-200-2x-triple-r750-std\/#primaryimage"},"thumbnailUrl":"https:\/\/xenonkungen.com\/wp-content\/uploads\/2025\/04\/159556_itemimage_mainfront.jpg","datePublished":"2025-04-15T09:30:25+00:00","dateModified":"2026-04-24T16:27:25+00:00","breadcrumb":{"@id":"https:\/\/xenonkungen.com\/fi\/tuote\/lazer-led-ramppisarja-toyota-land-cruiser-200-2x-triple-r750-std\/#breadcrumb"},"inLanguage":"es","potentialAction":[{"@type":"ReadAction","target":["https:\/\/xenonkungen.com\/fi\/tuote\/lazer-led-ramppisarja-toyota-land-cruiser-200-2x-triple-r750-std\/"]}]},{"@type":"ImageObject","inLanguage":"es","@id":"https:\/\/xenonkungen.com\/fi\/tuote\/lazer-led-ramppisarja-toyota-land-cruiser-200-2x-triple-r750-std\/#primaryimage","url":"https:\/\/xenonkungen.com\/wp-content\/uploads\/2025\/04\/159556_itemimage_mainfront.jpg","contentUrl":"https:\/\/xenonkungen.com\/wp-content\/uploads\/2025\/04\/159556_itemimage_mainfront.jpg","width":2048,"height":1536},{"@type":"BreadcrumbList","@id":"https:\/\/xenonkungen.com\/fi\/tuote\/lazer-led-ramppisarja-toyota-land-cruiser-200-2x-triple-r750-std\/#breadcrumb","itemListElement":[{"@type":"ListItem","position":1,"name":"Hem","item":"https:\/\/xenonkungen.com\/"},{"@type":"ListItem","position":2,"name":"Shop","item":"https:\/\/xenonkungen.com\/shop\/"},{"@type":"ListItem","position":3,"name":"Lazer Ledrampskit Toyota Landcruiser 200 2x Triple-R750 Std"}]},{"@type":"WebSite","@id":"https:\/\/xenonkungen.com\/#website","url":"https:\/\/xenonkungen.com\/","name":"Xenonkungen","description":"","potentialAction":[{"@type":"SearchAction","target":{"@type":"EntryPoint","urlTemplate":"https:\/\/xenonkungen.com\/?s={search_term_string}"},"query-input":{"@type":"PropertyValueSpecification","valueRequired":true,"valueName":"search_term_string"}}],"inLanguage":"es"}]}},"taxonomy_info":{"product_brand":[{"value":1124,"label":"Lazer"}],"product_cat":[{"value":2539,"label":"LEDRAMPER"},{"value":2596,"label":"Paket"},{"value":1916,"label":"Ledrampspaket"}],"product_tag":[{"value":2735,"label":"Lazer"}],"pa_fargtemperatur":[{"value":154,"label":"5000K"}],"pa_godkannande":[{"value":1614,"label":"E-Godk\u00e4nd, R112"}],"pa_led-chips-effekt-w":[{"value":1100,"label":"88"}],"pa_stromforbrukning":[{"value":1613,"label":"6,2A@14,4V"}],"pa_volt-v":[{"value":1084,"label":"Multivolt, 10, 12, 16, 18, 24, 28, 30, 32"}]},"featured_image_src_large":["https:\/\/xenonkungen.com\/wp-content\/uploads\/2025\/04\/159556_itemimage_mainfront-1024x768.jpg",1024,768,true],"author_info":[],"comment_info":0,"_links":{"self":[{"href":"https:\/\/xenonkungen.com\/es\/wp-json\/wp\/v2\/product\/5464","targetHints":{"allow":["GET"]}}],"collection":[{"href":"https:\/\/xenonkungen.com\/es\/wp-json\/wp\/v2\/product"}],"about":[{"href":"https:\/\/xenonkungen.com\/es\/wp-json\/wp\/v2\/types\/product"}],"replies":[{"embeddable":true,"href":"https:\/\/xenonkungen.com\/es\/wp-json\/wp\/v2\/comments?post=5464"}],"wp:featuredmedia":[{"embeddable":true,"href":"https:\/\/xenonkungen.com\/es\/wp-json\/wp\/v2\/media\/5465"}],"wp:attachment":[{"href":"https:\/\/xenonkungen.com\/es\/wp-json\/wp\/v2\/media?parent=5464"}],"wp:term":[{"taxonomy":"anvandningsomrade","embeddable":true,"href":"https:\/\/xenonkungen.com\/es\/wp-json\/wp\/v2\/anvandningsomrade?post=5464"},{"taxonomy":"bilmarken","embeddable":true,"href":"https:\/\/xenonkungen.com\/es\/wp-json\/wp\/v2\/bilmarken?post=5464"},{"taxonomy":"product_brand","embeddable":true,"href":"https:\/\/xenonkungen.com\/es\/wp-json\/wp\/v2\/product_brand?post=5464"},{"taxonomy":"product_cat","embeddable":true,"href":"https:\/\/xenonkungen.com\/es\/wp-json\/wp\/v2\/product_cat?post=5464"},{"taxonomy":"product_tag","embeddable":true,"href":"https:\/\/xenonkungen.com\/es\/wp-json\/wp\/v2\/product_tag?post=5464"}],"curies":[{"name":"wp","href":"https:\/\/api.w.org\/{rel}","templated":true}]}}