{"id":5516,"date":"2025-04-15T09:31:18","date_gmt":"2025-04-15T09:31:18","guid":{"rendered":"https:\/\/xenonkungen.com\/product\/gylle-gummiarm-lang-195mm\/"},"modified":"2025-12-10T14:46:47","modified_gmt":"2025-12-10T13:46:47","slug":"brazo-de-goma-para-lodos-de-195-mm-de-largo","status":"publish","type":"product","link":"https:\/\/xenonkungen.com\/es\/producto\/brazo-de-goma-para-lodos-de-195-mm-de-largo\/","title":{"rendered":"Brazo de goma para lodo, largo 195 mm"},"content":{"rendered":"<header>\n<h1>Brazo de goma con extensi\u00f3n de 190 mm: robusto y flexible para el montaje de iluminaci\u00f3n.<\/h1>\n<\/header>\n<p><main><\/p>\n<p>Proporcione a sus veh\u00edculos la estabilidad y flexibilidad que necesitan con nuestra <strong>Brazo de goma con una longitud sobresaliente de 190 mm<\/strong>Dise\u00f1ado para adaptarse a diferentes tipos de iluminaci\u00f3n y soportar entornos dif\u00edciles, esta es la soluci\u00f3n perfecta para quienes desean un soporte fiable.<\/p>\n<h2>\u00bfPor qu\u00e9 elegir nuestro brazo de goma?<\/h2>\n<ul>\n<li><strong>Longitud \u00f3ptima:<\/strong> Su longitud saliente de 190 mm la hace ideal para instalar iluminaci\u00f3n en veh\u00edculos donde se necesita un mayor alcance.<\/li>\n<li><strong>Material resistente:<\/strong> Fabricado con caucho duradero y resistente a la intemperie para soportar entornos dif\u00edciles y un uso prolongado.<\/li>\n<li><strong>Flexible y resistente a los golpes:<\/strong> Su dise\u00f1o flexible protege la iluminaci\u00f3n montada de golpes y vibraciones, prolongando su vida \u00fatil.<\/li>\n<li><strong>Amplia compatibilidad:<\/strong> Apto para la mayor\u00eda de tipos de veh\u00edculos, incluidos camiones, remolques y maquinaria de construcci\u00f3n.<\/li>\n<\/ul>\n<h2>Perfecto para<\/h2>\n<ul>\n<li>Camiones y remolques que requieren una instalaci\u00f3n de iluminaci\u00f3n segura y duradera.<\/li>\n<li>Maquinaria de construcci\u00f3n y maquinaria agr\u00edcola que necesita soportar entornos de trabajo exigentes.<\/li>\n<li>Todo tipo de veh\u00edculos donde la flexibilidad y la durabilidad son requisitos indispensables.<\/li>\n<\/ul>\n<p><main><\/p>\n<h2>N\u00fameros OEM compatibles<\/h2>\n<ul>\n<li><span>2BM780<\/span><\/li>\n<li><span>3023<\/span><\/li>\n<li><span>30911<\/span><\/li>\n<li><span>8181116<\/span><\/li>\n<\/ul>\n<p><\/main><\/p>\n<footer>\n<h3><strong>Especificaciones t\u00e9cnicas<\/strong><\/h3>\n<\/footer>\n<p><\/main><\/p>","protected":false},"excerpt":{"rendered":"<p>Gummiarm med Utskjutande L\u00e4ngd p\u00e5 190 mm \u2013 Robust och Flexibel F\u00f6r Montering av Belysning Ge dina fordon den stabilitet och flexibilitet som beh\u00f6vs med v\u00e5r gummiarm med en utskjutande l\u00e4ngd p\u00e5 190 mm. Designad f\u00f6r att passa olika typer av belysning och h\u00e5lla i tuffa milj\u00f6er, \u00e4r detta den perfekta l\u00f6sningen f\u00f6r dig som [&hellip;]<\/p>","protected":false},"featured_media":5517,"comment_status":"closed","ping_status":"open","template":"","meta":{"_acf_changed":false,"_smort_price_nok":"116","_smort_price_dkk":"74","_smort_price_eur":"9.91","_smort_sale_price_nok":"","_smort_sale_price_dkk":"","_smort_sale_price_eur":"","smort_restorder":"","shipmondo_restorder":"","_kad_blocks_custom_css":"","_kad_blocks_head_custom_js":"","_kad_blocks_body_custom_js":"","_kad_blocks_footer_custom_js":"","smort_custom_pricelist_1":"69.76","smort_custom_pricelist_2":"61.04","smort_custom_pricelist_3":"61.04","smort_custom_pricelist_4":"87.2","smort_custom_pricelist_5":"61.04"},"anvandningsomrade":[166,238,2816],"bilmarken":[],"product_brand":[1640],"product_cat":[2446],"product_tag":[],"class_list":{"0":"post-5516","1":"product","2":"type-product","3":"status-publish","4":"has-post-thumbnail","6":"anvandningsomrade-lastbil","7":"anvandningsomrade-slap","8":"anvandningsomrade-trailer","9":"product_brand-gylle","10":"product_cat-tillbehor-slap","11":"pa_storlek-mm-1647","13":"first","14":"instock","15":"taxable","16":"shipping-taxable","17":"purchasable","18":"product-type-simple"},"bundled_by":[],"bundle_stock_status":"instock","bundle_stock_quantity":2,"bundle_virtual":false,"bundle_layout":"","bundle_add_to_cart_form_location":"","bundle_editable_in_cart":false,"bundle_sold_individually_context":"","bundle_item_grouping":"","bundle_min_size":"","bundle_max_size":"","bundle_price":[],"bundled_items":[],"bundle_sell_ids":[],"acf":[],"yoast_head":"<!-- This site is optimized with the Yoast SEO plugin v27.0 - https:\/\/yoast.com\/product\/yoast-seo-wordpress\/ -->\n<title>Gylle Gummiarm L\u00e5ng 195mm - Xenonkungen<\/title>\n<meta name=\"robots\" content=\"index, follow, max-snippet:-1, max-image-preview:large, max-video-preview:-1\" \/>\n<link rel=\"canonical\" href=\"https:\/\/xenonkungen.com\/es\/producto\/brazo-de-goma-para-lodos-de-195-mm-de-largo\/\" \/>\n<meta property=\"og:locale\" content=\"es_ES\" \/>\n<meta property=\"og:type\" content=\"article\" \/>\n<meta property=\"og:title\" content=\"Gylle Gummiarm L\u00e5ng 195mm - Xenonkungen\" \/>\n<meta property=\"og:description\" content=\"Gummiarm med Utskjutande L\u00e4ngd p\u00e5 190 mm \u2013 Robust och Flexibel F\u00f6r Montering av Belysning Ge dina fordon den stabilitet och flexibilitet som beh\u00f6vs med v\u00e5r gummiarm med en utskjutande l\u00e4ngd p\u00e5 190 mm. Designad f\u00f6r att passa olika typer av belysning och h\u00e5lla i tuffa milj\u00f6er, \u00e4r detta den perfekta l\u00f6sningen f\u00f6r dig som [&hellip;]\" \/>\n<meta property=\"og:url\" content=\"https:\/\/xenonkungen.com\/es\/producto\/brazo-de-goma-para-lodos-de-195-mm-de-largo\/\" \/>\n<meta property=\"og:site_name\" content=\"Xenonkungen\" \/>\n<meta property=\"article:modified_time\" content=\"2025-12-10T13:46:47+00:00\" \/>\n<meta property=\"og:image\" content=\"https:\/\/xenonkungen.com\/wp-content\/uploads\/2025\/04\/217465279-origpic-536024.jpg\" \/>\n\t<meta property=\"og:image:width\" content=\"389\" \/>\n\t<meta property=\"og:image:height\" content=\"298\" \/>\n\t<meta property=\"og:image:type\" content=\"image\/jpeg\" \/>\n<meta name=\"twitter:card\" content=\"summary_large_image\" \/>\n<meta name=\"twitter:label1\" content=\"Tiempo de lectura\" \/>\n\t<meta name=\"twitter:data1\" content=\"1 minuto\" \/>\n<script type=\"application\/ld+json\" class=\"yoast-schema-graph\">{\"@context\":\"https:\/\/schema.org\",\"@graph\":[{\"@type\":\"WebPage\",\"@id\":\"https:\/\/xenonkungen.com\/es\/producto\/brazo-de-goma-para-lodos-de-195-mm-de-largo\/\",\"url\":\"https:\/\/xenonkungen.com\/es\/producto\/brazo-de-goma-para-lodos-de-195-mm-de-largo\/\",\"name\":\"Gylle Gummiarm L\u00e5ng 195mm - Xenonkungen\",\"isPartOf\":{\"@id\":\"https:\/\/xenonkungen.com\/#website\"},\"primaryImageOfPage\":{\"@id\":\"https:\/\/xenonkungen.com\/es\/producto\/brazo-de-goma-para-lodos-de-195-mm-de-largo\/#primaryimage\"},\"image\":{\"@id\":\"https:\/\/xenonkungen.com\/es\/producto\/brazo-de-goma-para-lodos-de-195-mm-de-largo\/#primaryimage\"},\"thumbnailUrl\":\"https:\/\/xenonkungen.com\/wp-content\/uploads\/2025\/04\/217465279-origpic-536024.jpg\",\"datePublished\":\"2025-04-15T09:31:18+00:00\",\"dateModified\":\"2025-12-10T13:46:47+00:00\",\"breadcrumb\":{\"@id\":\"https:\/\/xenonkungen.com\/es\/producto\/brazo-de-goma-para-lodos-de-195-mm-de-largo\/#breadcrumb\"},\"inLanguage\":\"es\",\"potentialAction\":[{\"@type\":\"ReadAction\",\"target\":[\"https:\/\/xenonkungen.com\/es\/producto\/brazo-de-goma-para-lodos-de-195-mm-de-largo\/\"]}]},{\"@type\":\"ImageObject\",\"inLanguage\":\"es\",\"@id\":\"https:\/\/xenonkungen.com\/es\/producto\/brazo-de-goma-para-lodos-de-195-mm-de-largo\/#primaryimage\",\"url\":\"https:\/\/xenonkungen.com\/wp-content\/uploads\/2025\/04\/217465279-origpic-536024.jpg\",\"contentUrl\":\"https:\/\/xenonkungen.com\/wp-content\/uploads\/2025\/04\/217465279-origpic-536024.jpg\",\"width\":389,\"height\":298},{\"@type\":\"BreadcrumbList\",\"@id\":\"https:\/\/xenonkungen.com\/es\/producto\/brazo-de-goma-para-lodos-de-195-mm-de-largo\/#breadcrumb\",\"itemListElement\":[{\"@type\":\"ListItem\",\"position\":1,\"name\":\"Hem\",\"item\":\"https:\/\/xenonkungen.com\/\"},{\"@type\":\"ListItem\",\"position\":2,\"name\":\"Shop\",\"item\":\"https:\/\/xenonkungen.com\/shop\/\"},{\"@type\":\"ListItem\",\"position\":3,\"name\":\"Gylle Gummiarm L\u00e5ng 195mm\"}]},{\"@type\":\"WebSite\",\"@id\":\"https:\/\/xenonkungen.com\/#website\",\"url\":\"https:\/\/xenonkungen.com\/\",\"name\":\"Xenonkungen\",\"description\":\"\",\"potentialAction\":[{\"@type\":\"SearchAction\",\"target\":{\"@type\":\"EntryPoint\",\"urlTemplate\":\"https:\/\/xenonkungen.com\/?s={search_term_string}\"},\"query-input\":{\"@type\":\"PropertyValueSpecification\",\"valueRequired\":true,\"valueName\":\"search_term_string\"}}],\"inLanguage\":\"es\"}]}<\/script>\n<!-- \/ Yoast SEO plugin. -->","yoast_head_json":{"title":"Brazo de goma dorado largo de 195 mm - The Xenon King","robots":{"index":"index","follow":"follow","max-snippet":"max-snippet:-1","max-image-preview":"max-image-preview:large","max-video-preview":"max-video-preview:-1"},"canonical":"https:\/\/xenonkungen.com\/es\/producto\/brazo-de-goma-para-lodos-de-195-mm-de-largo\/","og_locale":"es_ES","og_type":"article","og_title":"Gylle Gummiarm L\u00e5ng 195mm - Xenonkungen","og_description":"Gummiarm med Utskjutande L\u00e4ngd p\u00e5 190 mm \u2013 Robust och Flexibel F\u00f6r Montering av Belysning Ge dina fordon den stabilitet och flexibilitet som beh\u00f6vs med v\u00e5r gummiarm med en utskjutande l\u00e4ngd p\u00e5 190 mm. Designad f\u00f6r att passa olika typer av belysning och h\u00e5lla i tuffa milj\u00f6er, \u00e4r detta den perfekta l\u00f6sningen f\u00f6r dig som [&hellip;]","og_url":"https:\/\/xenonkungen.com\/es\/producto\/brazo-de-goma-para-lodos-de-195-mm-de-largo\/","og_site_name":"Xenonkungen","article_modified_time":"2025-12-10T13:46:47+00:00","og_image":[{"width":389,"height":298,"url":"https:\/\/xenonkungen.com\/wp-content\/uploads\/2025\/04\/217465279-origpic-536024.jpg","type":"image\/jpeg"}],"twitter_card":"summary_large_image","twitter_misc":{"Tiempo de lectura":"1 minuto"},"schema":{"@context":"https:\/\/schema.org","@graph":[{"@type":"WebPage","@id":"https:\/\/xenonkungen.com\/es\/producto\/brazo-de-goma-para-lodos-de-195-mm-de-largo\/","url":"https:\/\/xenonkungen.com\/es\/producto\/brazo-de-goma-para-lodos-de-195-mm-de-largo\/","name":"Brazo de goma dorado largo de 195 mm - The Xenon King","isPartOf":{"@id":"https:\/\/xenonkungen.com\/#website"},"primaryImageOfPage":{"@id":"https:\/\/xenonkungen.com\/es\/producto\/brazo-de-goma-para-lodos-de-195-mm-de-largo\/#primaryimage"},"image":{"@id":"https:\/\/xenonkungen.com\/es\/producto\/brazo-de-goma-para-lodos-de-195-mm-de-largo\/#primaryimage"},"thumbnailUrl":"https:\/\/xenonkungen.com\/wp-content\/uploads\/2025\/04\/217465279-origpic-536024.jpg","datePublished":"2025-04-15T09:31:18+00:00","dateModified":"2025-12-10T13:46:47+00:00","breadcrumb":{"@id":"https:\/\/xenonkungen.com\/es\/producto\/brazo-de-goma-para-lodos-de-195-mm-de-largo\/#breadcrumb"},"inLanguage":"es","potentialAction":[{"@type":"ReadAction","target":["https:\/\/xenonkungen.com\/es\/producto\/brazo-de-goma-para-lodos-de-195-mm-de-largo\/"]}]},{"@type":"ImageObject","inLanguage":"es","@id":"https:\/\/xenonkungen.com\/es\/producto\/brazo-de-goma-para-lodos-de-195-mm-de-largo\/#primaryimage","url":"https:\/\/xenonkungen.com\/wp-content\/uploads\/2025\/04\/217465279-origpic-536024.jpg","contentUrl":"https:\/\/xenonkungen.com\/wp-content\/uploads\/2025\/04\/217465279-origpic-536024.jpg","width":389,"height":298},{"@type":"BreadcrumbList","@id":"https:\/\/xenonkungen.com\/es\/producto\/brazo-de-goma-para-lodos-de-195-mm-de-largo\/#breadcrumb","itemListElement":[{"@type":"ListItem","position":1,"name":"Hem","item":"https:\/\/xenonkungen.com\/"},{"@type":"ListItem","position":2,"name":"Shop","item":"https:\/\/xenonkungen.com\/shop\/"},{"@type":"ListItem","position":3,"name":"Gylle Gummiarm L\u00e5ng 195mm"}]},{"@type":"WebSite","@id":"https:\/\/xenonkungen.com\/#website","url":"https:\/\/xenonkungen.com\/","name":"Xenonkungen","description":"","potentialAction":[{"@type":"SearchAction","target":{"@type":"EntryPoint","urlTemplate":"https:\/\/xenonkungen.com\/?s={search_term_string}"},"query-input":{"@type":"PropertyValueSpecification","valueRequired":true,"valueName":"search_term_string"}}],"inLanguage":"es"}]}},"taxonomy_info":{"anvandningsomrade":[{"value":166,"label":"Lastbil"},{"value":238,"label":"SL\u00c4P"},{"value":2816,"label":"TRAILER"}],"product_brand":[{"value":1640,"label":"Gylle"}],"product_cat":[{"value":2446,"label":"Tillbeh\u00f6r"}],"pa_storlek-mm":[{"value":1647,"label":"190"}]},"featured_image_src_large":["https:\/\/xenonkungen.com\/wp-content\/uploads\/2025\/04\/217465279-origpic-536024.jpg",389,298,false],"author_info":[],"comment_info":0,"_links":{"self":[{"href":"https:\/\/xenonkungen.com\/es\/wp-json\/wp\/v2\/product\/5516","targetHints":{"allow":["GET"]}}],"collection":[{"href":"https:\/\/xenonkungen.com\/es\/wp-json\/wp\/v2\/product"}],"about":[{"href":"https:\/\/xenonkungen.com\/es\/wp-json\/wp\/v2\/types\/product"}],"replies":[{"embeddable":true,"href":"https:\/\/xenonkungen.com\/es\/wp-json\/wp\/v2\/comments?post=5516"}],"wp:featuredmedia":[{"embeddable":true,"href":"https:\/\/xenonkungen.com\/es\/wp-json\/wp\/v2\/media\/5517"}],"wp:attachment":[{"href":"https:\/\/xenonkungen.com\/es\/wp-json\/wp\/v2\/media?parent=5516"}],"wp:term":[{"taxonomy":"anvandningsomrade","embeddable":true,"href":"https:\/\/xenonkungen.com\/es\/wp-json\/wp\/v2\/anvandningsomrade?post=5516"},{"taxonomy":"bilmarken","embeddable":true,"href":"https:\/\/xenonkungen.com\/es\/wp-json\/wp\/v2\/bilmarken?post=5516"},{"taxonomy":"product_brand","embeddable":true,"href":"https:\/\/xenonkungen.com\/es\/wp-json\/wp\/v2\/product_brand?post=5516"},{"taxonomy":"product_cat","embeddable":true,"href":"https:\/\/xenonkungen.com\/es\/wp-json\/wp\/v2\/product_cat?post=5516"},{"taxonomy":"product_tag","embeddable":true,"href":"https:\/\/xenonkungen.com\/es\/wp-json\/wp\/v2\/product_tag?post=5516"}],"curies":[{"name":"wp","href":"https:\/\/api.w.org\/{rel}","templated":true}]}}