{"id":5523,"date":"2025-04-15T09:31:26","date_gmt":"2025-04-15T09:31:26","guid":{"rendered":"https:\/\/xenonkungen.com\/product\/aspock-tail-lamp-europoint-iii-left\/"},"modified":"2026-04-24T17:46:37","modified_gmt":"2026-04-24T16:46:37","slug":"luz-trasera-aspock-europoint-iii-izquierda","status":"publish","type":"product","link":"https:\/\/xenonkungen.com\/es\/producto\/luz-trasera-aspock-europoint-iii-izquierda\/","title":{"rendered":"Luz trasera Asp\u00f6ck Europoint III Izquierda"},"content":{"rendered":"<h1>Asp\u00f6ck Europoint III - Luz trasera innovadora para remolques pesados<\/h1>\n<p>Mejore su remolque con <strong>Asp\u00f6ck Europoint III<\/strong>El faro trasero de alta calidad, un faro moderno y de alto rendimiento que combina la tecnolog\u00eda de guiado de luz m\u00e1s avanzada y un dise\u00f1o inteligente para una seguridad y visibilidad \u00f3ptimas en la carretera.<\/p>\n<h2>Primero con fibra \u00f3ptica<\/h2>\n<p>Europoint III es el primer faro trasero con fibra \u00f3ptica, inspirado en la \u00faltima tecnolog\u00eda de la industria del autom\u00f3vil. Proporciona un patr\u00f3n de luz uniforme y claro que aumenta la visibilidad y da un aspecto moderno a tu remolque.<\/p>\n<h2>Caracter\u00edsticas y ventajas<\/h2>\n<ul>\n<li><strong>Luz de posici\u00f3n LED flexible<\/strong> - Posibilidad de montar directamente un contorno exterior LED extra flexible.<\/li>\n<li><strong>Conexi\u00f3n inteligente<\/strong> - Conexi\u00f3n central precableada de 7 polos (Asp\u00f6ck ASS2.1), con posibilidad de a\u00f1adir un 7\u00ba polo si es necesario.<\/li>\n<li><strong>Robusto y duradero<\/strong> - Construido para soportar las condiciones m\u00e1s duras de la carretera.<\/li>\n<li><strong>Ajuste perfecto<\/strong> - Dise\u00f1o compacto con unas dimensiones de 400 x 153 x 88 mm para facilitar la instalaci\u00f3n.<\/li>\n<\/ul>\n<h2>N\u00fameros OEM compatibles:<\/h2>\n<ul>\n<li>257000507<\/li>\n<\/ul>","protected":false},"excerpt":{"rendered":"<p>Asp\u00f6ck Europoint III \u2013 Innovativ Baklykta f\u00f6r Tunga Sl\u00e4p Uppgradera ditt sl\u00e4p med Asp\u00f6ck Europoint III, en modern och h\u00f6gpresterande baklykta som kombinerar banbrytande ljusledarteknik och smart design f\u00f6r optimal s\u00e4kerhet och synlighet p\u00e5 v\u00e4gen. F\u00f6rst med fiberoptik Europoint III \u00e4r den f\u00f6rsta baklyktan med ljusledare (fiberoptik), inspirerad av den senaste tekniken inom fordonsindustrin. Den [&hellip;]<\/p>","protected":false},"featured_media":5524,"comment_status":"closed","ping_status":"open","template":"","meta":{"_acf_changed":false,"_smort_price_nok":"1810","_smort_price_dkk":"1150","_smort_price_eur":"154.08","_smort_sale_price_nok":"","_smort_sale_price_dkk":"","_smort_sale_price_eur":"","smort_restorder":"","shipmondo_restorder":"","_kad_blocks_custom_css":"","_kad_blocks_head_custom_js":"","_kad_blocks_body_custom_js":"","_kad_blocks_footer_custom_js":"","smort_custom_pricelist_1":"1084.8","smort_custom_pricelist_2":"949.2","smort_custom_pricelist_3":"949.2","smort_custom_pricelist_4":"1356","smort_custom_pricelist_5":"949.2"},"anvandningsomrade":[166,238,2816],"bilmarken":[],"product_brand":[1649],"product_cat":[3052,3048,2552],"product_tag":[],"class_list":{"0":"post-5523","1":"product","2":"type-product","3":"status-publish","4":"has-post-thumbnail","6":"anvandningsomrade-lastbil","7":"anvandningsomrade-slap","8":"anvandningsomrade-trailer","9":"product_brand-aspock","10":"product_cat-bakljus-aspock","11":"product_cat-bakljus-kombination-rektangular","12":"product_cat-bakljus-slap","13":"pa_storlek-mm-400x153x88","15":"first","16":"instock","17":"taxable","18":"shipping-taxable","19":"purchasable","20":"product-type-simple"},"bundled_by":[],"bundle_stock_status":"instock","bundle_stock_quantity":1,"bundle_virtual":false,"bundle_layout":"","bundle_add_to_cart_form_location":"","bundle_editable_in_cart":false,"bundle_sold_individually_context":"","bundle_item_grouping":"","bundle_min_size":"","bundle_max_size":"","bundle_price":[],"bundled_items":[],"bundle_sell_ids":[],"acf":[],"yoast_head":"<!-- This site is optimized with the Yoast SEO plugin v27.0 - https:\/\/yoast.com\/product\/yoast-seo-wordpress\/ -->\n<title>Asp\u00f6ck Tail Lamp Europoint III Left - Xenonkungen<\/title>\n<meta name=\"robots\" content=\"index, follow, max-snippet:-1, max-image-preview:large, max-video-preview:-1\" \/>\n<link rel=\"canonical\" href=\"https:\/\/xenonkungen.com\/es\/producto\/luz-trasera-aspock-europoint-iii-izquierda\/\" \/>\n<meta property=\"og:locale\" content=\"es_ES\" \/>\n<meta property=\"og:type\" content=\"article\" \/>\n<meta property=\"og:title\" content=\"Asp\u00f6ck Tail Lamp Europoint III Left - Xenonkungen\" \/>\n<meta property=\"og:description\" content=\"Asp\u00f6ck Europoint III \u2013 Innovativ Baklykta f\u00f6r Tunga Sl\u00e4p Uppgradera ditt sl\u00e4p med Asp\u00f6ck Europoint III, en modern och h\u00f6gpresterande baklykta som kombinerar banbrytande ljusledarteknik och smart design f\u00f6r optimal s\u00e4kerhet och synlighet p\u00e5 v\u00e4gen. F\u00f6rst med fiberoptik Europoint III \u00e4r den f\u00f6rsta baklyktan med ljusledare (fiberoptik), inspirerad av den senaste tekniken inom fordonsindustrin. Den [&hellip;]\" \/>\n<meta property=\"og:url\" content=\"https:\/\/xenonkungen.com\/es\/producto\/luz-trasera-aspock-europoint-iii-izquierda\/\" \/>\n<meta property=\"og:site_name\" content=\"Xenonkungen\" \/>\n<meta property=\"article:modified_time\" content=\"2026-04-24T16:46:37+00:00\" \/>\n<meta property=\"og:image\" content=\"https:\/\/xenonkungen.com\/wp-content\/uploads\/2025\/04\/217689425-origpic-2f3377.jpg\" \/>\n\t<meta property=\"og:image:width\" content=\"1500\" \/>\n\t<meta property=\"og:image:height\" content=\"1000\" \/>\n\t<meta property=\"og:image:type\" content=\"image\/jpeg\" \/>\n<meta name=\"twitter:card\" content=\"summary_large_image\" \/>\n<meta name=\"twitter:label1\" content=\"Tiempo de lectura\" \/>\n\t<meta name=\"twitter:data1\" content=\"1 minuto\" \/>\n<script type=\"application\/ld+json\" class=\"yoast-schema-graph\">{\"@context\":\"https:\/\/schema.org\",\"@graph\":[{\"@type\":\"WebPage\",\"@id\":\"https:\/\/xenonkungen.com\/produkt\/aspock-tail-lamp-europoint-iii-left\/\",\"url\":\"https:\/\/xenonkungen.com\/produkt\/aspock-tail-lamp-europoint-iii-left\/\",\"name\":\"Asp\u00f6ck Tail Lamp Europoint III Left - Xenonkungen\",\"isPartOf\":{\"@id\":\"https:\/\/xenonkungen.com\/#website\"},\"primaryImageOfPage\":{\"@id\":\"https:\/\/xenonkungen.com\/produkt\/aspock-tail-lamp-europoint-iii-left\/#primaryimage\"},\"image\":{\"@id\":\"https:\/\/xenonkungen.com\/produkt\/aspock-tail-lamp-europoint-iii-left\/#primaryimage\"},\"thumbnailUrl\":\"https:\/\/xenonkungen.com\/wp-content\/uploads\/2025\/04\/217689425-origpic-2f3377.jpg\",\"datePublished\":\"2025-04-15T09:31:26+00:00\",\"dateModified\":\"2026-04-24T16:46:37+00:00\",\"breadcrumb\":{\"@id\":\"https:\/\/xenonkungen.com\/produkt\/aspock-tail-lamp-europoint-iii-left\/#breadcrumb\"},\"inLanguage\":\"es\",\"potentialAction\":[{\"@type\":\"ReadAction\",\"target\":[\"https:\/\/xenonkungen.com\/produkt\/aspock-tail-lamp-europoint-iii-left\/\"]}]},{\"@type\":\"ImageObject\",\"inLanguage\":\"es\",\"@id\":\"https:\/\/xenonkungen.com\/produkt\/aspock-tail-lamp-europoint-iii-left\/#primaryimage\",\"url\":\"https:\/\/xenonkungen.com\/wp-content\/uploads\/2025\/04\/217689425-origpic-2f3377.jpg\",\"contentUrl\":\"https:\/\/xenonkungen.com\/wp-content\/uploads\/2025\/04\/217689425-origpic-2f3377.jpg\",\"width\":1500,\"height\":1000},{\"@type\":\"BreadcrumbList\",\"@id\":\"https:\/\/xenonkungen.com\/produkt\/aspock-tail-lamp-europoint-iii-left\/#breadcrumb\",\"itemListElement\":[{\"@type\":\"ListItem\",\"position\":1,\"name\":\"Hem\",\"item\":\"https:\/\/xenonkungen.com\/\"},{\"@type\":\"ListItem\",\"position\":2,\"name\":\"Shop\",\"item\":\"https:\/\/xenonkungen.com\/shop\/\"},{\"@type\":\"ListItem\",\"position\":3,\"name\":\"Asp\u00f6ck Tail Lamp Europoint III Left\"}]},{\"@type\":\"WebSite\",\"@id\":\"https:\/\/xenonkungen.com\/#website\",\"url\":\"https:\/\/xenonkungen.com\/\",\"name\":\"Xenonkungen\",\"description\":\"\",\"potentialAction\":[{\"@type\":\"SearchAction\",\"target\":{\"@type\":\"EntryPoint\",\"urlTemplate\":\"https:\/\/xenonkungen.com\/?s={search_term_string}\"},\"query-input\":{\"@type\":\"PropertyValueSpecification\",\"valueRequired\":true,\"valueName\":\"search_term_string\"}}],\"inLanguage\":\"es\"}]}<\/script>\n<!-- \/ Yoast SEO plugin. -->","yoast_head_json":{"title":"Piloto trasero Asp\u00f6ck Europoint III izquierdo - El rey del xen\u00f3n","robots":{"index":"index","follow":"follow","max-snippet":"max-snippet:-1","max-image-preview":"max-image-preview:large","max-video-preview":"max-video-preview:-1"},"canonical":"https:\/\/xenonkungen.com\/es\/producto\/luz-trasera-aspock-europoint-iii-izquierda\/","og_locale":"es_ES","og_type":"article","og_title":"Asp\u00f6ck Tail Lamp Europoint III Left - Xenonkungen","og_description":"Asp\u00f6ck Europoint III \u2013 Innovativ Baklykta f\u00f6r Tunga Sl\u00e4p Uppgradera ditt sl\u00e4p med Asp\u00f6ck Europoint III, en modern och h\u00f6gpresterande baklykta som kombinerar banbrytande ljusledarteknik och smart design f\u00f6r optimal s\u00e4kerhet och synlighet p\u00e5 v\u00e4gen. F\u00f6rst med fiberoptik Europoint III \u00e4r den f\u00f6rsta baklyktan med ljusledare (fiberoptik), inspirerad av den senaste tekniken inom fordonsindustrin. Den [&hellip;]","og_url":"https:\/\/xenonkungen.com\/es\/producto\/luz-trasera-aspock-europoint-iii-izquierda\/","og_site_name":"Xenonkungen","article_modified_time":"2026-04-24T16:46:37+00:00","og_image":[{"width":1500,"height":1000,"url":"https:\/\/xenonkungen.com\/wp-content\/uploads\/2025\/04\/217689425-origpic-2f3377.jpg","type":"image\/jpeg"}],"twitter_card":"summary_large_image","twitter_misc":{"Tiempo de lectura":"1 minuto"},"schema":{"@context":"https:\/\/schema.org","@graph":[{"@type":"WebPage","@id":"https:\/\/xenonkungen.com\/produkt\/aspock-tail-lamp-europoint-iii-left\/","url":"https:\/\/xenonkungen.com\/produkt\/aspock-tail-lamp-europoint-iii-left\/","name":"Piloto trasero Asp\u00f6ck Europoint III izquierdo - El rey del xen\u00f3n","isPartOf":{"@id":"https:\/\/xenonkungen.com\/#website"},"primaryImageOfPage":{"@id":"https:\/\/xenonkungen.com\/produkt\/aspock-tail-lamp-europoint-iii-left\/#primaryimage"},"image":{"@id":"https:\/\/xenonkungen.com\/produkt\/aspock-tail-lamp-europoint-iii-left\/#primaryimage"},"thumbnailUrl":"https:\/\/xenonkungen.com\/wp-content\/uploads\/2025\/04\/217689425-origpic-2f3377.jpg","datePublished":"2025-04-15T09:31:26+00:00","dateModified":"2026-04-24T16:46:37+00:00","breadcrumb":{"@id":"https:\/\/xenonkungen.com\/produkt\/aspock-tail-lamp-europoint-iii-left\/#breadcrumb"},"inLanguage":"es","potentialAction":[{"@type":"ReadAction","target":["https:\/\/xenonkungen.com\/produkt\/aspock-tail-lamp-europoint-iii-left\/"]}]},{"@type":"ImageObject","inLanguage":"es","@id":"https:\/\/xenonkungen.com\/produkt\/aspock-tail-lamp-europoint-iii-left\/#primaryimage","url":"https:\/\/xenonkungen.com\/wp-content\/uploads\/2025\/04\/217689425-origpic-2f3377.jpg","contentUrl":"https:\/\/xenonkungen.com\/wp-content\/uploads\/2025\/04\/217689425-origpic-2f3377.jpg","width":1500,"height":1000},{"@type":"BreadcrumbList","@id":"https:\/\/xenonkungen.com\/produkt\/aspock-tail-lamp-europoint-iii-left\/#breadcrumb","itemListElement":[{"@type":"ListItem","position":1,"name":"Hem","item":"https:\/\/xenonkungen.com\/"},{"@type":"ListItem","position":2,"name":"Shop","item":"https:\/\/xenonkungen.com\/shop\/"},{"@type":"ListItem","position":3,"name":"Asp\u00f6ck Tail Lamp Europoint III Left"}]},{"@type":"WebSite","@id":"https:\/\/xenonkungen.com\/#website","url":"https:\/\/xenonkungen.com\/","name":"Xenonkungen","description":"","potentialAction":[{"@type":"SearchAction","target":{"@type":"EntryPoint","urlTemplate":"https:\/\/xenonkungen.com\/?s={search_term_string}"},"query-input":{"@type":"PropertyValueSpecification","valueRequired":true,"valueName":"search_term_string"}}],"inLanguage":"es"}]}},"taxonomy_info":{"anvandningsomrade":[{"value":166,"label":"Lastbil"},{"value":238,"label":"SL\u00c4P"},{"value":2816,"label":"TRAILER"}],"product_brand":[{"value":1649,"label":"Asp\u00f6ck"}],"product_cat":[{"value":3052,"label":"Bakljus Asp\u00f6ck"},{"value":3048,"label":"Bakljus Kombination Rektangul\u00e4r"},{"value":2552,"label":"Bakljus"}],"pa_storlek-mm":[{"value":1585,"label":"400x153x88"}]},"featured_image_src_large":["https:\/\/xenonkungen.com\/wp-content\/uploads\/2025\/04\/217689425-origpic-2f3377-1024x683.jpg",1024,683,true],"author_info":[],"comment_info":0,"_links":{"self":[{"href":"https:\/\/xenonkungen.com\/es\/wp-json\/wp\/v2\/product\/5523","targetHints":{"allow":["GET"]}}],"collection":[{"href":"https:\/\/xenonkungen.com\/es\/wp-json\/wp\/v2\/product"}],"about":[{"href":"https:\/\/xenonkungen.com\/es\/wp-json\/wp\/v2\/types\/product"}],"replies":[{"embeddable":true,"href":"https:\/\/xenonkungen.com\/es\/wp-json\/wp\/v2\/comments?post=5523"}],"wp:featuredmedia":[{"embeddable":true,"href":"https:\/\/xenonkungen.com\/es\/wp-json\/wp\/v2\/media\/5524"}],"wp:attachment":[{"href":"https:\/\/xenonkungen.com\/es\/wp-json\/wp\/v2\/media?parent=5523"}],"wp:term":[{"taxonomy":"anvandningsomrade","embeddable":true,"href":"https:\/\/xenonkungen.com\/es\/wp-json\/wp\/v2\/anvandningsomrade?post=5523"},{"taxonomy":"bilmarken","embeddable":true,"href":"https:\/\/xenonkungen.com\/es\/wp-json\/wp\/v2\/bilmarken?post=5523"},{"taxonomy":"product_brand","embeddable":true,"href":"https:\/\/xenonkungen.com\/es\/wp-json\/wp\/v2\/product_brand?post=5523"},{"taxonomy":"product_cat","embeddable":true,"href":"https:\/\/xenonkungen.com\/es\/wp-json\/wp\/v2\/product_cat?post=5523"},{"taxonomy":"product_tag","embeddable":true,"href":"https:\/\/xenonkungen.com\/es\/wp-json\/wp\/v2\/product_tag?post=5523"}],"curies":[{"name":"wp","href":"https:\/\/api.w.org\/{rel}","templated":true}]}}