{"id":5603,"date":"2025-04-15T09:31:57","date_gmt":"2025-04-15T09:31:57","guid":{"rendered":"https:\/\/xenonkungen.com\/product\/voolbar-suzuki-vitara-2015\/"},"modified":"2026-04-23T18:17:12","modified_gmt":"2026-04-23T17:17:12","slug":"suzuki-vitara-2015-volvo","status":"publish","type":"product","link":"https:\/\/xenonkungen.com\/es\/producto\/suzuki-vitara-2015-volvo\/","title":{"rendered":"Suzuki Vitara 2015-"},"content":{"rendered":"<h1>Barra de luces Voolbar \u2013 Suzuki Vitara 2015-2019<\/h1>\n<p>Arco de luces Voolbar espec\u00edfico para Suzuki Vitara 2015- (soporte\/barra de luces adicional) con soportes para 3 luces adicionales o una barra LED. El ancho m\u00e1ximo por luz adicional es de 225 mm.<\/p>\n<p><strong>BARRA LUXTAR LED:<\/strong><br \/>Adecuado para los modelos X18, X20, X24.<br \/>La imagen de ejemplo muestra la barra reflex Luxtar D22 (marca E) (AGOTADA).<\/p>\n<p>El Voolbar se monta alrededor de la barra de choque del coche utilizando el kit de montaje suministrado, no es necesario taladrar la barra de choque cuando se monta un Voolbar personalizado. El Voolbar tiene soportes para la placa de matr\u00edcula que se mueven hacia adelante durante la instalaci\u00f3n.<\/p>\n<p>Un producto de calidad fabricado en aut\u00e9ntico acero inoxidable resistente a los \u00e1cidos. El di\u00e1metro del tubo es de 60 mm. La luz adicional se vende por separado.<\/p>\n<p><strong>El kit de montaje contiene:<\/strong><br \/>1er Voolbar luz de arco de acero inoxidable<br \/>1 Kit de montaje personalizado<\/p>","protected":false},"excerpt":{"rendered":"<p>Arco personalizado para 3 luces auxiliares o 1 rampa de leds<\/p>","protected":false},"featured_media":5604,"comment_status":"closed","ping_status":"open","template":"","meta":{"_acf_changed":false,"_smort_price_nok":"3733","_smort_price_dkk":"2372","_smort_price_eur":"317.71","_smort_sale_price_nok":"","_smort_sale_price_dkk":"","_smort_sale_price_eur":"","smort_restorder":"","shipmondo_restorder":"","_kad_blocks_custom_css":"","_kad_blocks_head_custom_js":"","_kad_blocks_body_custom_js":"","_kad_blocks_footer_custom_js":"","smort_custom_pricelist_1":"2596","smort_custom_pricelist_2":"2596","smort_custom_pricelist_3":"2596","smort_custom_pricelist_4":"2796","smort_custom_pricelist_5":"2596"},"anvandningsomrade":[],"bilmarken":[],"product_brand":[],"product_cat":[2461,2841,2610,390],"product_tag":[],"class_list":{"0":"post-5603","1":"product","2":"type-product","3":"status-publish","4":"has-post-thumbnail","6":"product_cat-fasten-installation","7":"product_cat-installation-extraljus","8":"product_cat-modellanpassade","9":"product_cat-installation","10":"pa_storlek-mm-720x130x125","12":"first","13":"onbackorder","14":"taxable","15":"shipping-taxable","16":"purchasable","17":"product-type-simple"},"bundled_by":[],"bundle_stock_status":"onbackorder","bundle_stock_quantity":-42,"bundle_virtual":false,"bundle_layout":"","bundle_add_to_cart_form_location":"","bundle_editable_in_cart":false,"bundle_sold_individually_context":"","bundle_item_grouping":"","bundle_min_size":"","bundle_max_size":"","bundle_price":[],"bundled_items":[],"bundle_sell_ids":[],"acf":[],"yoast_head":"<!-- This site is optimized with the Yoast SEO plugin v27.0 - https:\/\/yoast.com\/product\/yoast-seo-wordpress\/ -->\n<title>Voolbar Suzuki Vitara 2015- Xenonkungen<\/title>\n<meta name=\"robots\" content=\"index, follow, max-snippet:-1, max-image-preview:large, max-video-preview:-1\" \/>\n<link rel=\"canonical\" href=\"https:\/\/xenonkungen.com\/es\/producto\/suzuki-vitara-2015-volvo\/\" \/>\n<meta property=\"og:locale\" content=\"es_ES\" \/>\n<meta property=\"og:type\" content=\"article\" \/>\n<meta property=\"og:title\" content=\"Voolbar Suzuki Vitara 2015- Xenonkungen\" \/>\n<meta property=\"og:description\" content=\"Modellanpassad ljusb\u00e5ge f\u00f6r 3 st extraljus eller 1 st ledramp\" \/>\n<meta property=\"og:url\" content=\"https:\/\/xenonkungen.com\/es\/producto\/suzuki-vitara-2015-volvo\/\" \/>\n<meta property=\"og:site_name\" content=\"Xenonkungen\" \/>\n<meta property=\"article:modified_time\" content=\"2026-04-23T17:17:12+00:00\" \/>\n<meta property=\"og:image\" content=\"https:\/\/xenonkungen.com\/wp-content\/uploads\/2025\/04\/121337278-origpic-ccedee.jpg\" \/>\n\t<meta property=\"og:image:width\" content=\"700\" \/>\n\t<meta property=\"og:image:height\" content=\"700\" \/>\n\t<meta property=\"og:image:type\" content=\"image\/jpeg\" \/>\n<meta name=\"twitter:card\" content=\"summary_large_image\" \/>\n<meta name=\"twitter:label1\" content=\"Tiempo de lectura\" \/>\n\t<meta name=\"twitter:data1\" content=\"1 minuto\" \/>\n<script type=\"application\/ld+json\" class=\"yoast-schema-graph\">{\"@context\":\"https:\/\/schema.org\",\"@graph\":[{\"@type\":\"WebPage\",\"@id\":\"https:\/\/xenonkungen.com\/produkt\/voolbar-suzuki-vitara-2015\/\",\"url\":\"https:\/\/xenonkungen.com\/produkt\/voolbar-suzuki-vitara-2015\/\",\"name\":\"Voolbar Suzuki Vitara 2015- Xenonkungen\",\"isPartOf\":{\"@id\":\"https:\/\/xenonkungen.com\/#website\"},\"primaryImageOfPage\":{\"@id\":\"https:\/\/xenonkungen.com\/produkt\/voolbar-suzuki-vitara-2015\/#primaryimage\"},\"image\":{\"@id\":\"https:\/\/xenonkungen.com\/produkt\/voolbar-suzuki-vitara-2015\/#primaryimage\"},\"thumbnailUrl\":\"https:\/\/xenonkungen.com\/wp-content\/uploads\/2025\/04\/121337278-origpic-ccedee.jpg\",\"datePublished\":\"2025-04-15T09:31:57+00:00\",\"dateModified\":\"2026-04-23T17:17:12+00:00\",\"breadcrumb\":{\"@id\":\"https:\/\/xenonkungen.com\/produkt\/voolbar-suzuki-vitara-2015\/#breadcrumb\"},\"inLanguage\":\"es\",\"potentialAction\":[{\"@type\":\"ReadAction\",\"target\":[\"https:\/\/xenonkungen.com\/produkt\/voolbar-suzuki-vitara-2015\/\"]}]},{\"@type\":\"ImageObject\",\"inLanguage\":\"es\",\"@id\":\"https:\/\/xenonkungen.com\/produkt\/voolbar-suzuki-vitara-2015\/#primaryimage\",\"url\":\"https:\/\/xenonkungen.com\/wp-content\/uploads\/2025\/04\/121337278-origpic-ccedee.jpg\",\"contentUrl\":\"https:\/\/xenonkungen.com\/wp-content\/uploads\/2025\/04\/121337278-origpic-ccedee.jpg\",\"width\":700,\"height\":700},{\"@type\":\"BreadcrumbList\",\"@id\":\"https:\/\/xenonkungen.com\/produkt\/voolbar-suzuki-vitara-2015\/#breadcrumb\",\"itemListElement\":[{\"@type\":\"ListItem\",\"position\":1,\"name\":\"Hem\",\"item\":\"https:\/\/xenonkungen.com\/\"},{\"@type\":\"ListItem\",\"position\":2,\"name\":\"Shop\",\"item\":\"https:\/\/xenonkungen.com\/shop\/\"},{\"@type\":\"ListItem\",\"position\":3,\"name\":\"Voolbar Suzuki Vitara 2015-\"}]},{\"@type\":\"WebSite\",\"@id\":\"https:\/\/xenonkungen.com\/#website\",\"url\":\"https:\/\/xenonkungen.com\/\",\"name\":\"Xenonkungen\",\"description\":\"\",\"potentialAction\":[{\"@type\":\"SearchAction\",\"target\":{\"@type\":\"EntryPoint\",\"urlTemplate\":\"https:\/\/xenonkungen.com\/?s={search_term_string}\"},\"query-input\":{\"@type\":\"PropertyValueSpecification\",\"valueRequired\":true,\"valueName\":\"search_term_string\"}}],\"inLanguage\":\"es\"}]}<\/script>\n<!-- \/ Yoast SEO plugin. -->","yoast_head_json":{"title":"Suzuki Vitara 2015 de Voolbar: el rey del xen\u00f3n","robots":{"index":"index","follow":"follow","max-snippet":"max-snippet:-1","max-image-preview":"max-image-preview:large","max-video-preview":"max-video-preview:-1"},"canonical":"https:\/\/xenonkungen.com\/es\/producto\/suzuki-vitara-2015-volvo\/","og_locale":"es_ES","og_type":"article","og_title":"Voolbar Suzuki Vitara 2015- Xenonkungen","og_description":"Modellanpassad ljusb\u00e5ge f\u00f6r 3 st extraljus eller 1 st ledramp","og_url":"https:\/\/xenonkungen.com\/es\/producto\/suzuki-vitara-2015-volvo\/","og_site_name":"Xenonkungen","article_modified_time":"2026-04-23T17:17:12+00:00","og_image":[{"width":700,"height":700,"url":"https:\/\/xenonkungen.com\/wp-content\/uploads\/2025\/04\/121337278-origpic-ccedee.jpg","type":"image\/jpeg"}],"twitter_card":"summary_large_image","twitter_misc":{"Tiempo de lectura":"1 minuto"},"schema":{"@context":"https:\/\/schema.org","@graph":[{"@type":"WebPage","@id":"https:\/\/xenonkungen.com\/produkt\/voolbar-suzuki-vitara-2015\/","url":"https:\/\/xenonkungen.com\/produkt\/voolbar-suzuki-vitara-2015\/","name":"Suzuki Vitara 2015 de Voolbar: el rey del xen\u00f3n","isPartOf":{"@id":"https:\/\/xenonkungen.com\/#website"},"primaryImageOfPage":{"@id":"https:\/\/xenonkungen.com\/produkt\/voolbar-suzuki-vitara-2015\/#primaryimage"},"image":{"@id":"https:\/\/xenonkungen.com\/produkt\/voolbar-suzuki-vitara-2015\/#primaryimage"},"thumbnailUrl":"https:\/\/xenonkungen.com\/wp-content\/uploads\/2025\/04\/121337278-origpic-ccedee.jpg","datePublished":"2025-04-15T09:31:57+00:00","dateModified":"2026-04-23T17:17:12+00:00","breadcrumb":{"@id":"https:\/\/xenonkungen.com\/produkt\/voolbar-suzuki-vitara-2015\/#breadcrumb"},"inLanguage":"es","potentialAction":[{"@type":"ReadAction","target":["https:\/\/xenonkungen.com\/produkt\/voolbar-suzuki-vitara-2015\/"]}]},{"@type":"ImageObject","inLanguage":"es","@id":"https:\/\/xenonkungen.com\/produkt\/voolbar-suzuki-vitara-2015\/#primaryimage","url":"https:\/\/xenonkungen.com\/wp-content\/uploads\/2025\/04\/121337278-origpic-ccedee.jpg","contentUrl":"https:\/\/xenonkungen.com\/wp-content\/uploads\/2025\/04\/121337278-origpic-ccedee.jpg","width":700,"height":700},{"@type":"BreadcrumbList","@id":"https:\/\/xenonkungen.com\/produkt\/voolbar-suzuki-vitara-2015\/#breadcrumb","itemListElement":[{"@type":"ListItem","position":1,"name":"Hem","item":"https:\/\/xenonkungen.com\/"},{"@type":"ListItem","position":2,"name":"Shop","item":"https:\/\/xenonkungen.com\/shop\/"},{"@type":"ListItem","position":3,"name":"Voolbar Suzuki Vitara 2015-"}]},{"@type":"WebSite","@id":"https:\/\/xenonkungen.com\/#website","url":"https:\/\/xenonkungen.com\/","name":"Xenonkungen","description":"","potentialAction":[{"@type":"SearchAction","target":{"@type":"EntryPoint","urlTemplate":"https:\/\/xenonkungen.com\/?s={search_term_string}"},"query-input":{"@type":"PropertyValueSpecification","valueRequired":true,"valueName":"search_term_string"}}],"inLanguage":"es"}]}},"taxonomy_info":{"product_cat":[{"value":2461,"label":"F\u00e4sten"},{"value":2841,"label":"Installation extraljus"},{"value":2610,"label":"Modellanpassade"},{"value":390,"label":"Installation"}],"pa_storlek-mm":[{"value":1652,"label":"720x130x125"}]},"featured_image_src_large":["https:\/\/xenonkungen.com\/wp-content\/uploads\/2025\/04\/121337278-origpic-ccedee.jpg",700,700,false],"author_info":[],"comment_info":0,"_links":{"self":[{"href":"https:\/\/xenonkungen.com\/es\/wp-json\/wp\/v2\/product\/5603","targetHints":{"allow":["GET"]}}],"collection":[{"href":"https:\/\/xenonkungen.com\/es\/wp-json\/wp\/v2\/product"}],"about":[{"href":"https:\/\/xenonkungen.com\/es\/wp-json\/wp\/v2\/types\/product"}],"replies":[{"embeddable":true,"href":"https:\/\/xenonkungen.com\/es\/wp-json\/wp\/v2\/comments?post=5603"}],"wp:featuredmedia":[{"embeddable":true,"href":"https:\/\/xenonkungen.com\/es\/wp-json\/wp\/v2\/media\/5604"}],"wp:attachment":[{"href":"https:\/\/xenonkungen.com\/es\/wp-json\/wp\/v2\/media?parent=5603"}],"wp:term":[{"taxonomy":"anvandningsomrade","embeddable":true,"href":"https:\/\/xenonkungen.com\/es\/wp-json\/wp\/v2\/anvandningsomrade?post=5603"},{"taxonomy":"bilmarken","embeddable":true,"href":"https:\/\/xenonkungen.com\/es\/wp-json\/wp\/v2\/bilmarken?post=5603"},{"taxonomy":"product_brand","embeddable":true,"href":"https:\/\/xenonkungen.com\/es\/wp-json\/wp\/v2\/product_brand?post=5603"},{"taxonomy":"product_cat","embeddable":true,"href":"https:\/\/xenonkungen.com\/es\/wp-json\/wp\/v2\/product_cat?post=5603"},{"taxonomy":"product_tag","embeddable":true,"href":"https:\/\/xenonkungen.com\/es\/wp-json\/wp\/v2\/product_tag?post=5603"}],"curies":[{"name":"wp","href":"https:\/\/api.w.org\/{rel}","templated":true}]}}