{"id":5719,"date":"2025-04-15T09:32:41","date_gmt":"2025-04-15T09:32:41","guid":{"rendered":"https:\/\/xenonkungen.com\/product\/v-sight-tron-9-dual-position-white\/"},"modified":"2026-04-24T17:49:42","modified_gmt":"2026-04-24T16:49:42","slug":"v-sight-tron-9-dual-position-white","status":"publish","type":"product","link":"https:\/\/xenonkungen.com\/es\/producto\/v-sight-tron-9-dual-position-white\/","title":{"rendered":"V-SIGHT Tron 9\u2033 Doble posici\u00f3n | Blanco"},"content":{"rendered":"<h1 style=\"color: #333;\">Luz LED adicional V-SIGHT Tron de 9&quot; con doble posici\u00f3n | Blanca<\/h1>\n<p>Salga a la carretera con <strong>V-SIGHT Tron 9\u2033 Luz exterior LED de doble posici\u00f3n<\/strong> - un faro auxiliar dise\u00f1ado para ofrecer una visibilidad y una seguridad superiores, sin renunciar al estilo. Perfecto para quienes exigen tanto rendimiento como fiabilidad, sean cuales sean las condiciones de conducci\u00f3n.<\/p>\n<h2 style=\"color: #555;\">Propiedades que brillan m\u00e1s<\/h2>\n<ul>\n<li><strong>9600 l\u00famenes de brillo:<\/strong> Visibilidad cristalina incluso en las condiciones de conducci\u00f3n m\u00e1s exigentes.<\/li>\n<li><strong>Alcance de 667 metros (1 lux):<\/strong> Perfecto para navegar por carreteras oscuras o en terrenos extensos.<\/li>\n<li><strong>Luz de doble posici\u00f3n:<\/strong> Personalice la iluminaci\u00f3n para que sea funcional y elegante, con elegantes efectos luminosos alrededor de los LED y entre ellos.<\/li>\n<li><strong>Temperatura de color 5000K:<\/strong> Proporciona una luz natural que reduce la fatiga ocular y maximiza el confort de conducci\u00f3n.<\/li>\n<li><strong>Rango de tensi\u00f3n 9-36V:<\/strong> Compatible con una amplia gama de tipos de veh\u00edculos.<\/li>\n<li><strong>Etiquetado electr\u00f3nico y legal:<\/strong> Autorizado en virtud de <strong>CE R148\/R149\/R10<\/strong> para un uso seguro en carretera.<\/li>\n<\/ul>\n<h2 style=\"color: #555;\">Dise\u00f1ado para rendir en todas las situaciones<\/h2>\n<p><strong>V-SIGHT Tron 9<\/strong> combina un dise\u00f1o elegante y robusto con un patr\u00f3n de luz optimizado que equilibra la anchura y la longitud. Le permite tener la mejor visibilidad posible en cualquier entorno, desde estrechas carreteras forestales hasta paisajes abiertos.<\/p>\n<h2 style=\"color: #555;\">Dos modos para todas las necesidades<\/h2>\n<ul>\n<li><strong>Modo de aprobaci\u00f3n electr\u00f3nica:<\/strong> Para una conducci\u00f3n segura y legal en el d\u00eda a d\u00eda.<\/li>\n<li><strong>Modo E-boost:<\/strong> Active la m\u00e1xima potencia cuando necesite m\u00e1s alcance y rendimiento, hasta 667 metros (1 lux).<\/li>\n<\/ul>\n<h2 style=\"color: #555;\">Para los que exigen m\u00e1s<\/h2>\n<p>Tanto si es un conductor profesional, un entusiasta del todoterreno o simplemente busca mejores condiciones de iluminaci\u00f3n durante los trayectos nocturnos, el <strong>V-SIGHT Tron 9<\/strong> la elecci\u00f3n definitiva. No es s\u00f3lo una luz adicional: es tu compa\u00f1era de confianza en cualquier viaje.<\/p>\n<h5><img loading=\"lazy\" decoding=\"async\" src=\"https:\/\/cdn.abicart.com\/shop\/11788\/files\/trailer-logo_medium.png\" alt=\"\" width=\"97\" height=\"25\" \/><br \/><strong>Trailer Extraljustest 2024 escribe lo siguiente sobre V-Sight Tron Black:\u00a0<\/strong><\/h5>\n<p><em>\"Otro faro de dise\u00f1o octogonal que se ofrece tanto en blanco como en negro. Muy buena potencia luminosa al estilo de la Lazer Sentinel. Incluso un poco m\u00e1s brillante. Luz igualmente c\u00e1lida y un poco m\u00e1s alta la altura de la luz. Buen pie estable\"<\/em><\/p>\n<h2><strong>Informaci\u00f3n importante:<\/strong><\/h2>\n<h3><strong>Conecta tus luces adicionales con el adaptador DT6 a DTP<\/strong><\/h3>\n<p>Para enchufar f\u00e1cil y c\u00f3modamente tus luces adicionales, necesitas un <strong>Adaptador DT6 a DTP<\/strong>. Este adaptador garantiza una transici\u00f3n r\u00e1pida y segura entre el conector DT6 de la luz auxiliar y un mazo de cables DTP est\u00e1ndar. \u00a1Perfecto para una instalaci\u00f3n profesional y sin problemas de luces auxiliares en su veh\u00edculo!<\/p>\n<p><strong>Facilite la instalaci\u00f3n: elija el adaptador de DT6 a DTP<br \/>Seleccione el n\u00famero de art\u00edculo: 140041<\/strong><\/p>","protected":false},"excerpt":{"rendered":"<p>V-SIGHT Tron 9&#8243; Dual Position LED-Extraljus | White Ge dig ut p\u00e5 v\u00e4garna med V-SIGHT Tron 9&#8243; Dual Position LED-Extraljus \u2013 ett extraljus designat f\u00f6r att leverera \u00f6verl\u00e4gsen sikt och s\u00e4kerhet, utan att kompromissa p\u00e5 stil. Perfekt f\u00f6r dig som kr\u00e4ver b\u00e5de prestanda och p\u00e5litlighet, oavsett k\u00f6rf\u00f6rh\u00e5llanden. Egenskaper som lyser starkare 9600 lumen av ljusstyrka: [&hellip;]<\/p>","protected":false},"featured_media":5720,"comment_status":"closed","ping_status":"open","template":"","meta":{"_acf_changed":false,"_smort_price_nok":"3066","_smort_price_dkk":"1947","_smort_price_eur":"260.9","_smort_sale_price_nok":"","_smort_sale_price_dkk":"","_smort_sale_price_eur":"","smort_restorder":"","shipmondo_restorder":"","_kad_blocks_custom_css":"","_kad_blocks_head_custom_js":"","_kad_blocks_body_custom_js":"","_kad_blocks_footer_custom_js":"","smort_custom_pricelist_1":"1836.8","smort_custom_pricelist_2":"1607.2","smort_custom_pricelist_3":"1492.4","smort_custom_pricelist_4":"2296","smort_custom_pricelist_5":"1607.2"},"anvandningsomrade":[],"bilmarken":[],"product_brand":[2793],"product_cat":[2839,142],"product_tag":[2735],"class_list":{"0":"post-5719","1":"product","2":"type-product","3":"status-publish","4":"has-post-thumbnail","6":"product_brand-ovrigt","7":"product_cat-extraljus-9","8":"product_cat-extraljus","9":"product_tag-lazer","10":"pa_faktisk-effekts-forbrukning-1658","11":"pa_fargtemperatur-1486","12":"pa_fuktskydd-varde-ipxx-ip68-ip69k","13":"pa_godkannande-e-markt-ece-r148-r149-r10","14":"pa_lampsockel-kontakt-dt6-6-polig","15":"pa_led-chips-effekt-w-703","16":"pa_ljusbild-combo-beam","17":"pa_storlek-mm-216-med-fot-2286-mm-x-75","18":"pa_stromforbrukning-133a12v","19":"pa_stromforbrukning-66a24v","20":"pa_volt-v-9-36","22":"first","23":"onbackorder","24":"taxable","25":"shipping-taxable","26":"purchasable","27":"product-type-simple"},"bundled_by":[],"bundle_stock_status":"onbackorder","bundle_stock_quantity":0,"bundle_virtual":false,"bundle_layout":"","bundle_add_to_cart_form_location":"","bundle_editable_in_cart":false,"bundle_sold_individually_context":"","bundle_item_grouping":"","bundle_min_size":"","bundle_max_size":"","bundle_price":[],"bundled_items":[],"bundle_sell_ids":[],"acf":[],"yoast_head":"<!-- This site is optimized with the Yoast SEO plugin v27.0 - https:\/\/yoast.com\/product\/yoast-seo-wordpress\/ -->\n<title>V-SIGHT Tron 9&quot; Dual position | White - Xenonkungen<\/title>\n<meta name=\"robots\" content=\"index, follow, max-snippet:-1, max-image-preview:large, max-video-preview:-1\" \/>\n<link rel=\"canonical\" href=\"https:\/\/xenonkungen.com\/es\/producto\/v-sight-tron-9-dual-position-white\/\" \/>\n<meta property=\"og:locale\" content=\"es_ES\" \/>\n<meta property=\"og:type\" content=\"article\" \/>\n<meta property=\"og:title\" content=\"V-SIGHT Tron 9&quot; Dual position | White - Xenonkungen\" \/>\n<meta property=\"og:description\" content=\"V-SIGHT Tron 9&#8243; Dual Position LED-Extraljus | White Ge dig ut p\u00e5 v\u00e4garna med V-SIGHT Tron 9&#8243; Dual Position LED-Extraljus \u2013 ett extraljus designat f\u00f6r att leverera \u00f6verl\u00e4gsen sikt och s\u00e4kerhet, utan att kompromissa p\u00e5 stil. Perfekt f\u00f6r dig som kr\u00e4ver b\u00e5de prestanda och p\u00e5litlighet, oavsett k\u00f6rf\u00f6rh\u00e5llanden. Egenskaper som lyser starkare 9600 lumen av ljusstyrka: [&hellip;]\" \/>\n<meta property=\"og:url\" content=\"https:\/\/xenonkungen.com\/es\/producto\/v-sight-tron-9-dual-position-white\/\" \/>\n<meta property=\"og:site_name\" content=\"Xenonkungen\" \/>\n<meta property=\"article:modified_time\" content=\"2026-04-24T16:49:42+00:00\" \/>\n<meta property=\"og:image\" content=\"https:\/\/xenonkungen.com\/wp-content\/uploads\/2025\/04\/216613329-origpic-9b3a29.jpg\" \/>\n\t<meta property=\"og:image:width\" content=\"1000\" \/>\n\t<meta property=\"og:image:height\" content=\"800\" \/>\n\t<meta property=\"og:image:type\" content=\"image\/jpeg\" \/>\n<meta name=\"twitter:card\" content=\"summary_large_image\" \/>\n<meta name=\"twitter:label1\" content=\"Tiempo de lectura\" \/>\n\t<meta name=\"twitter:data1\" content=\"2 minutos\" \/>\n<script type=\"application\/ld+json\" class=\"yoast-schema-graph\">{\"@context\":\"https:\/\/schema.org\",\"@graph\":[{\"@type\":\"WebPage\",\"@id\":\"https:\/\/xenonkungen.com\/no\/produkt\/v-sikte-tron-9-dobbel-posisjon-hvit\/\",\"url\":\"https:\/\/xenonkungen.com\/no\/produkt\/v-sikte-tron-9-dobbel-posisjon-hvit\/\",\"name\":\"V-SIGHT Tron 9\\\" Dual position | White - Xenonkungen\",\"isPartOf\":{\"@id\":\"https:\/\/xenonkungen.com\/#website\"},\"primaryImageOfPage\":{\"@id\":\"https:\/\/xenonkungen.com\/no\/produkt\/v-sikte-tron-9-dobbel-posisjon-hvit\/#primaryimage\"},\"image\":{\"@id\":\"https:\/\/xenonkungen.com\/no\/produkt\/v-sikte-tron-9-dobbel-posisjon-hvit\/#primaryimage\"},\"thumbnailUrl\":\"https:\/\/xenonkungen.com\/wp-content\/uploads\/2025\/04\/216613329-origpic-9b3a29.jpg\",\"datePublished\":\"2025-04-15T09:32:41+00:00\",\"dateModified\":\"2026-04-24T16:49:42+00:00\",\"breadcrumb\":{\"@id\":\"https:\/\/xenonkungen.com\/no\/produkt\/v-sikte-tron-9-dobbel-posisjon-hvit\/#breadcrumb\"},\"inLanguage\":\"es\",\"potentialAction\":[{\"@type\":\"ReadAction\",\"target\":[\"https:\/\/xenonkungen.com\/no\/produkt\/v-sikte-tron-9-dobbel-posisjon-hvit\/\"]}]},{\"@type\":\"ImageObject\",\"inLanguage\":\"es\",\"@id\":\"https:\/\/xenonkungen.com\/no\/produkt\/v-sikte-tron-9-dobbel-posisjon-hvit\/#primaryimage\",\"url\":\"https:\/\/xenonkungen.com\/wp-content\/uploads\/2025\/04\/216613329-origpic-9b3a29.jpg\",\"contentUrl\":\"https:\/\/xenonkungen.com\/wp-content\/uploads\/2025\/04\/216613329-origpic-9b3a29.jpg\",\"width\":1000,\"height\":800},{\"@type\":\"BreadcrumbList\",\"@id\":\"https:\/\/xenonkungen.com\/no\/produkt\/v-sikte-tron-9-dobbel-posisjon-hvit\/#breadcrumb\",\"itemListElement\":[{\"@type\":\"ListItem\",\"position\":1,\"name\":\"Hem\",\"item\":\"https:\/\/xenonkungen.com\/\"},{\"@type\":\"ListItem\",\"position\":2,\"name\":\"Shop\",\"item\":\"https:\/\/xenonkungen.com\/shop\/\"},{\"@type\":\"ListItem\",\"position\":3,\"name\":\"V-SIGHT Tron 9&#8243; Dual position | White\"}]},{\"@type\":\"WebSite\",\"@id\":\"https:\/\/xenonkungen.com\/#website\",\"url\":\"https:\/\/xenonkungen.com\/\",\"name\":\"Xenonkungen\",\"description\":\"\",\"potentialAction\":[{\"@type\":\"SearchAction\",\"target\":{\"@type\":\"EntryPoint\",\"urlTemplate\":\"https:\/\/xenonkungen.com\/?s={search_term_string}\"},\"query-input\":{\"@type\":\"PropertyValueSpecification\",\"valueRequired\":true,\"valueName\":\"search_term_string\"}}],\"inLanguage\":\"es\"}]}<\/script>\n<!-- \/ Yoast SEO plugin. -->","yoast_head_json":{"title":"V-SIGHT Tron 9&quot; Doble posici\u00f3n | Blanco - El rey del xen\u00f3n","robots":{"index":"index","follow":"follow","max-snippet":"max-snippet:-1","max-image-preview":"max-image-preview:large","max-video-preview":"max-video-preview:-1"},"canonical":"https:\/\/xenonkungen.com\/es\/producto\/v-sight-tron-9-dual-position-white\/","og_locale":"es_ES","og_type":"article","og_title":"V-SIGHT Tron 9\" Dual position | White - Xenonkungen","og_description":"V-SIGHT Tron 9&#8243; Dual Position LED-Extraljus | White Ge dig ut p\u00e5 v\u00e4garna med V-SIGHT Tron 9&#8243; Dual Position LED-Extraljus \u2013 ett extraljus designat f\u00f6r att leverera \u00f6verl\u00e4gsen sikt och s\u00e4kerhet, utan att kompromissa p\u00e5 stil. Perfekt f\u00f6r dig som kr\u00e4ver b\u00e5de prestanda och p\u00e5litlighet, oavsett k\u00f6rf\u00f6rh\u00e5llanden. Egenskaper som lyser starkare 9600 lumen av ljusstyrka: [&hellip;]","og_url":"https:\/\/xenonkungen.com\/es\/producto\/v-sight-tron-9-dual-position-white\/","og_site_name":"Xenonkungen","article_modified_time":"2026-04-24T16:49:42+00:00","og_image":[{"width":1000,"height":800,"url":"https:\/\/xenonkungen.com\/wp-content\/uploads\/2025\/04\/216613329-origpic-9b3a29.jpg","type":"image\/jpeg"}],"twitter_card":"summary_large_image","twitter_misc":{"Tiempo de lectura":"2 minutos"},"schema":{"@context":"https:\/\/schema.org","@graph":[{"@type":"WebPage","@id":"https:\/\/xenonkungen.com\/no\/produkt\/v-sikte-tron-9-dobbel-posisjon-hvit\/","url":"https:\/\/xenonkungen.com\/no\/produkt\/v-sikte-tron-9-dobbel-posisjon-hvit\/","name":"V-SIGHT Tron 9&quot; Doble posici\u00f3n | Blanco - El rey del xen\u00f3n","isPartOf":{"@id":"https:\/\/xenonkungen.com\/#website"},"primaryImageOfPage":{"@id":"https:\/\/xenonkungen.com\/no\/produkt\/v-sikte-tron-9-dobbel-posisjon-hvit\/#primaryimage"},"image":{"@id":"https:\/\/xenonkungen.com\/no\/produkt\/v-sikte-tron-9-dobbel-posisjon-hvit\/#primaryimage"},"thumbnailUrl":"https:\/\/xenonkungen.com\/wp-content\/uploads\/2025\/04\/216613329-origpic-9b3a29.jpg","datePublished":"2025-04-15T09:32:41+00:00","dateModified":"2026-04-24T16:49:42+00:00","breadcrumb":{"@id":"https:\/\/xenonkungen.com\/no\/produkt\/v-sikte-tron-9-dobbel-posisjon-hvit\/#breadcrumb"},"inLanguage":"es","potentialAction":[{"@type":"ReadAction","target":["https:\/\/xenonkungen.com\/no\/produkt\/v-sikte-tron-9-dobbel-posisjon-hvit\/"]}]},{"@type":"ImageObject","inLanguage":"es","@id":"https:\/\/xenonkungen.com\/no\/produkt\/v-sikte-tron-9-dobbel-posisjon-hvit\/#primaryimage","url":"https:\/\/xenonkungen.com\/wp-content\/uploads\/2025\/04\/216613329-origpic-9b3a29.jpg","contentUrl":"https:\/\/xenonkungen.com\/wp-content\/uploads\/2025\/04\/216613329-origpic-9b3a29.jpg","width":1000,"height":800},{"@type":"BreadcrumbList","@id":"https:\/\/xenonkungen.com\/no\/produkt\/v-sikte-tron-9-dobbel-posisjon-hvit\/#breadcrumb","itemListElement":[{"@type":"ListItem","position":1,"name":"Hem","item":"https:\/\/xenonkungen.com\/"},{"@type":"ListItem","position":2,"name":"Shop","item":"https:\/\/xenonkungen.com\/shop\/"},{"@type":"ListItem","position":3,"name":"V-SIGHT Tron 9&#8243; Dual position | White"}]},{"@type":"WebSite","@id":"https:\/\/xenonkungen.com\/#website","url":"https:\/\/xenonkungen.com\/","name":"Xenonkungen","description":"","potentialAction":[{"@type":"SearchAction","target":{"@type":"EntryPoint","urlTemplate":"https:\/\/xenonkungen.com\/?s={search_term_string}"},"query-input":{"@type":"PropertyValueSpecification","valueRequired":true,"valueName":"search_term_string"}}],"inLanguage":"es"}]}},"taxonomy_info":{"product_brand":[{"value":2793,"label":"\u00d6VRIGT"}],"product_cat":[{"value":2839,"label":"Extraljus 9\""},{"value":142,"label":"Extraljus"}],"product_tag":[{"value":2735,"label":"Lazer"}],"pa_faktisk-effekts-forbrukning":[{"value":1658,"label":"160"}],"pa_fargtemperatur":[{"value":1486,"label":"5000"}],"pa_fuktskydd-varde-ipxx":[{"value":402,"label":"IP68. IP69K"}],"pa_godkannande":[{"value":1662,"label":"E-m\u00e4rkt: ECE R148\/ R149 \/R10"}],"pa_lampsockel-kontakt":[{"value":1661,"label":"DT6 (6-polig)"}],"pa_led-chips-effekt-w":[{"value":703,"label":"160"}],"pa_ljusbild":[{"value":1659,"label":"Combo Beam"}],"pa_storlek-mm":[{"value":1657,"label":"216 (med fot 228,6 mm) x 75"}],"pa_stromforbrukning":[{"value":1114,"label":"1,33A@12V"},{"value":1660,"label":"6,6A@24V"}],"pa_volt-v":[{"value":1444,"label":"9-36"}]},"featured_image_src_large":["https:\/\/xenonkungen.com\/wp-content\/uploads\/2025\/04\/216613329-origpic-9b3a29.jpg",1000,800,false],"author_info":[],"comment_info":0,"_links":{"self":[{"href":"https:\/\/xenonkungen.com\/es\/wp-json\/wp\/v2\/product\/5719","targetHints":{"allow":["GET"]}}],"collection":[{"href":"https:\/\/xenonkungen.com\/es\/wp-json\/wp\/v2\/product"}],"about":[{"href":"https:\/\/xenonkungen.com\/es\/wp-json\/wp\/v2\/types\/product"}],"replies":[{"embeddable":true,"href":"https:\/\/xenonkungen.com\/es\/wp-json\/wp\/v2\/comments?post=5719"}],"wp:featuredmedia":[{"embeddable":true,"href":"https:\/\/xenonkungen.com\/es\/wp-json\/wp\/v2\/media\/5720"}],"wp:attachment":[{"href":"https:\/\/xenonkungen.com\/es\/wp-json\/wp\/v2\/media?parent=5719"}],"wp:term":[{"taxonomy":"anvandningsomrade","embeddable":true,"href":"https:\/\/xenonkungen.com\/es\/wp-json\/wp\/v2\/anvandningsomrade?post=5719"},{"taxonomy":"bilmarken","embeddable":true,"href":"https:\/\/xenonkungen.com\/es\/wp-json\/wp\/v2\/bilmarken?post=5719"},{"taxonomy":"product_brand","embeddable":true,"href":"https:\/\/xenonkungen.com\/es\/wp-json\/wp\/v2\/product_brand?post=5719"},{"taxonomy":"product_cat","embeddable":true,"href":"https:\/\/xenonkungen.com\/es\/wp-json\/wp\/v2\/product_cat?post=5719"},{"taxonomy":"product_tag","embeddable":true,"href":"https:\/\/xenonkungen.com\/es\/wp-json\/wp\/v2\/product_tag?post=5719"}],"curies":[{"name":"wp","href":"https:\/\/api.w.org\/{rel}","templated":true}]}}