{"id":5729,"date":"2025-04-15T09:32:41","date_gmt":"2025-04-15T09:32:41","guid":{"rendered":"https:\/\/xenonkungen.com\/product\/v-sight-styrenhet-for-varningsljus\/"},"modified":"2026-03-27T09:54:18","modified_gmt":"2026-03-27T08:54:18","slug":"unidad-de-control-de-luz-de-advertencia-de-vista-en-v","status":"publish","type":"product","link":"https:\/\/xenonkungen.com\/es\/producto\/unidad-de-control-de-luz-de-advertencia-de-vista-en-v\/","title":{"rendered":"Unidad de control de la luz de advertencia V-Sight"},"content":{"rendered":"<p>El controlador de luces de advertencia y de trabajo V-Sight, n\u00famero de pieza V50-181, ofrece un control eficaz de varias fuentes de luz. Este panel de control compacto incluye 4 interruptores de encendido\/apagado para una gesti\u00f3n sencilla de luces como luces intermitentes, luces de trabajo y barras de luces LED. Cada interruptor est\u00e1 iluminado y puede programarse individualmente, con hojas de s\u00edmbolos adjuntas para su personalizaci\u00f3n. El producto tiene un rango de tensi\u00f3n de 10-30 V, una corriente m\u00e1xima de 20 A, unas dimensiones de 62 x 62 x 25 mm y 4 salidas con una longitud de cable de 80 mm. Se suministra con cinta de montaje de doble cara (3M), portafusibles y pegatinas de s\u00edmbolos.<\/p>\n<p>El archivo PDF suministrado contiene m\u00e1s informaci\u00f3n sobre el cableado y las funciones de programaci\u00f3n. Incluye un diagrama de cableado con detalles de las conexiones para la tensi\u00f3n de entrada y los cuatro canales de salida. El dispositivo admite tensiones de entrada de 10-30 V e incluye una conexi\u00f3n a tierra. El PDF destaca el modo de programaci\u00f3n, incluidas instrucciones para establecer un modo bloqueado y una configuraci\u00f3n maestro\/esclavo para los interruptores, lo que permite personalizar las funciones de los interruptores. Tambi\u00e9n menciona las opciones de montaje, incluida la cinta de doble cara 3M y la fijaci\u00f3n mediante tornillos con rosca de 1\/4\u2033, lo que proporciona flexibilidad a la hora de montar el controlador.<\/p>","protected":false},"excerpt":{"rendered":"<p>4 interruptores programables: Para controlar f\u00e1cilmente las luces.<br \/>\n10-30V Voltaje: Adecuado para varias fuentes de luz.<br \/>\nMontaje flexible: Con cinta 3M o tornillos.<br \/>\nGu\u00eda detallada de programaci\u00f3n: incluye funciones maestro\/esclavo.<\/p>","protected":false},"featured_media":5730,"comment_status":"closed","ping_status":"open","template":"","meta":{"_acf_changed":false,"_smort_price_nok":"849","_smort_price_dkk":"539","_smort_price_eur":"72.27","_smort_sale_price_nok":"","_smort_sale_price_dkk":"","_smort_sale_price_eur":"","smort_restorder":"","shipmondo_restorder":"","_kad_blocks_custom_css":"","_kad_blocks_head_custom_js":"","_kad_blocks_body_custom_js":"","_kad_blocks_footer_custom_js":"","smort_custom_pricelist_1":"508.8","smort_custom_pricelist_2":"508.8","smort_custom_pricelist_3":"445.2","smort_custom_pricelist_4":"636","smort_custom_pricelist_5":"508.8"},"anvandningsomrade":[],"bilmarken":[],"product_brand":[2793],"product_cat":[2841,2464,390],"product_tag":[],"class_list":{"0":"post-5729","1":"product","2":"type-product","3":"status-publish","4":"has-post-thumbnail","6":"product_brand-ovrigt","7":"product_cat-installation-extraljus","8":"product_cat-styrenhet-installation","9":"product_cat-installation","10":"pa_storlek-mm-62x62x25","11":"pa_volt-v-10-30","13":"first","14":"instock","15":"taxable","16":"shipping-taxable","17":"purchasable","18":"product-type-simple"},"bundled_by":[],"bundle_stock_status":"instock","bundle_stock_quantity":1,"bundle_virtual":false,"bundle_layout":"","bundle_add_to_cart_form_location":"","bundle_editable_in_cart":false,"bundle_sold_individually_context":"","bundle_item_grouping":"","bundle_min_size":"","bundle_max_size":"","bundle_price":[],"bundled_items":[],"bundle_sell_ids":[],"acf":[],"yoast_head":"<!-- This site is optimized with the Yoast SEO plugin v27.0 - https:\/\/yoast.com\/product\/yoast-seo-wordpress\/ -->\n<title>V-Sight styrenhet f\u00f6r varningsljus - Xenonkungen<\/title>\n<meta name=\"robots\" content=\"index, follow, max-snippet:-1, max-image-preview:large, max-video-preview:-1\" \/>\n<link rel=\"canonical\" href=\"https:\/\/xenonkungen.com\/es\/producto\/unidad-de-control-de-luz-de-advertencia-de-vista-en-v\/\" \/>\n<meta property=\"og:locale\" content=\"es_ES\" \/>\n<meta property=\"og:type\" content=\"article\" \/>\n<meta property=\"og:title\" content=\"V-Sight styrenhet f\u00f6r varningsljus - Xenonkungen\" \/>\n<meta property=\"og:description\" content=\"4 Programmerbara Brytare: F\u00f6r enkel styrning av ljus. 10-30V Sp\u00e4nning: Passar olika ljusk\u00e4llor. Flexibel Montering: Med 3M tejp eller skruvar. Detaljerad Programmeringsguide: Inkluderar master\/slave-funktioner.\" \/>\n<meta property=\"og:url\" content=\"https:\/\/xenonkungen.com\/es\/producto\/unidad-de-control-de-luz-de-advertencia-de-vista-en-v\/\" \/>\n<meta property=\"og:site_name\" content=\"Xenonkungen\" \/>\n<meta property=\"article:modified_time\" content=\"2026-03-27T08:54:18+00:00\" \/>\n<meta property=\"og:image\" content=\"https:\/\/xenonkungen.com\/wp-content\/uploads\/2025\/04\/207877077-origpic-885379-scaled.png\" \/>\n\t<meta property=\"og:image:width\" content=\"2560\" \/>\n\t<meta property=\"og:image:height\" content=\"2560\" \/>\n\t<meta property=\"og:image:type\" content=\"image\/png\" \/>\n<meta name=\"twitter:card\" content=\"summary_large_image\" \/>\n<meta name=\"twitter:label1\" content=\"Tiempo de lectura\" \/>\n\t<meta name=\"twitter:data1\" content=\"1 minuto\" \/>\n<script type=\"application\/ld+json\" class=\"yoast-schema-graph\">{\"@context\":\"https:\/\/schema.org\",\"@graph\":[{\"@type\":\"WebPage\",\"@id\":\"https:\/\/xenonkungen.com\/no\/produkt\/v-sikt-varsellyskontrollenhet\/\",\"url\":\"https:\/\/xenonkungen.com\/no\/produkt\/v-sikt-varsellyskontrollenhet\/\",\"name\":\"V-Sight styrenhet f\u00f6r varningsljus - Xenonkungen\",\"isPartOf\":{\"@id\":\"https:\/\/xenonkungen.com\/#website\"},\"primaryImageOfPage\":{\"@id\":\"https:\/\/xenonkungen.com\/no\/produkt\/v-sikt-varsellyskontrollenhet\/#primaryimage\"},\"image\":{\"@id\":\"https:\/\/xenonkungen.com\/no\/produkt\/v-sikt-varsellyskontrollenhet\/#primaryimage\"},\"thumbnailUrl\":\"https:\/\/xenonkungen.com\/wp-content\/uploads\/2025\/04\/207877077-origpic-885379-scaled.png\",\"datePublished\":\"2025-04-15T09:32:41+00:00\",\"dateModified\":\"2026-03-27T08:54:18+00:00\",\"breadcrumb\":{\"@id\":\"https:\/\/xenonkungen.com\/no\/produkt\/v-sikt-varsellyskontrollenhet\/#breadcrumb\"},\"inLanguage\":\"es\",\"potentialAction\":[{\"@type\":\"ReadAction\",\"target\":[\"https:\/\/xenonkungen.com\/no\/produkt\/v-sikt-varsellyskontrollenhet\/\"]}]},{\"@type\":\"ImageObject\",\"inLanguage\":\"es\",\"@id\":\"https:\/\/xenonkungen.com\/no\/produkt\/v-sikt-varsellyskontrollenhet\/#primaryimage\",\"url\":\"https:\/\/xenonkungen.com\/wp-content\/uploads\/2025\/04\/207877077-origpic-885379-scaled.png\",\"contentUrl\":\"https:\/\/xenonkungen.com\/wp-content\/uploads\/2025\/04\/207877077-origpic-885379-scaled.png\",\"width\":2560,\"height\":2560},{\"@type\":\"BreadcrumbList\",\"@id\":\"https:\/\/xenonkungen.com\/no\/produkt\/v-sikt-varsellyskontrollenhet\/#breadcrumb\",\"itemListElement\":[{\"@type\":\"ListItem\",\"position\":1,\"name\":\"Hem\",\"item\":\"https:\/\/xenonkungen.com\/\"},{\"@type\":\"ListItem\",\"position\":2,\"name\":\"Shop\",\"item\":\"https:\/\/xenonkungen.com\/shop\/\"},{\"@type\":\"ListItem\",\"position\":3,\"name\":\"V-Sight styrenhet f\u00f6r varningsljus\"}]},{\"@type\":\"WebSite\",\"@id\":\"https:\/\/xenonkungen.com\/#website\",\"url\":\"https:\/\/xenonkungen.com\/\",\"name\":\"Xenonkungen\",\"description\":\"\",\"potentialAction\":[{\"@type\":\"SearchAction\",\"target\":{\"@type\":\"EntryPoint\",\"urlTemplate\":\"https:\/\/xenonkungen.com\/?s={search_term_string}\"},\"query-input\":{\"@type\":\"PropertyValueSpecification\",\"valueRequired\":true,\"valueName\":\"search_term_string\"}}],\"inLanguage\":\"es\"}]}<\/script>\n<!-- \/ Yoast SEO plugin. -->","yoast_head_json":{"title":"Unidad de control de luz de advertencia V-Sight - Xenonkungen","robots":{"index":"index","follow":"follow","max-snippet":"max-snippet:-1","max-image-preview":"max-image-preview:large","max-video-preview":"max-video-preview:-1"},"canonical":"https:\/\/xenonkungen.com\/es\/producto\/unidad-de-control-de-luz-de-advertencia-de-vista-en-v\/","og_locale":"es_ES","og_type":"article","og_title":"V-Sight styrenhet f\u00f6r varningsljus - Xenonkungen","og_description":"4 Programmerbara Brytare: F\u00f6r enkel styrning av ljus. 10-30V Sp\u00e4nning: Passar olika ljusk\u00e4llor. Flexibel Montering: Med 3M tejp eller skruvar. Detaljerad Programmeringsguide: Inkluderar master\/slave-funktioner.","og_url":"https:\/\/xenonkungen.com\/es\/producto\/unidad-de-control-de-luz-de-advertencia-de-vista-en-v\/","og_site_name":"Xenonkungen","article_modified_time":"2026-03-27T08:54:18+00:00","og_image":[{"width":2560,"height":2560,"url":"https:\/\/xenonkungen.com\/wp-content\/uploads\/2025\/04\/207877077-origpic-885379-scaled.png","type":"image\/png"}],"twitter_card":"summary_large_image","twitter_misc":{"Tiempo de lectura":"1 minuto"},"schema":{"@context":"https:\/\/schema.org","@graph":[{"@type":"WebPage","@id":"https:\/\/xenonkungen.com\/no\/produkt\/v-sikt-varsellyskontrollenhet\/","url":"https:\/\/xenonkungen.com\/no\/produkt\/v-sikt-varsellyskontrollenhet\/","name":"Unidad de control de luz de advertencia V-Sight - Xenonkungen","isPartOf":{"@id":"https:\/\/xenonkungen.com\/#website"},"primaryImageOfPage":{"@id":"https:\/\/xenonkungen.com\/no\/produkt\/v-sikt-varsellyskontrollenhet\/#primaryimage"},"image":{"@id":"https:\/\/xenonkungen.com\/no\/produkt\/v-sikt-varsellyskontrollenhet\/#primaryimage"},"thumbnailUrl":"https:\/\/xenonkungen.com\/wp-content\/uploads\/2025\/04\/207877077-origpic-885379-scaled.png","datePublished":"2025-04-15T09:32:41+00:00","dateModified":"2026-03-27T08:54:18+00:00","breadcrumb":{"@id":"https:\/\/xenonkungen.com\/no\/produkt\/v-sikt-varsellyskontrollenhet\/#breadcrumb"},"inLanguage":"es","potentialAction":[{"@type":"ReadAction","target":["https:\/\/xenonkungen.com\/no\/produkt\/v-sikt-varsellyskontrollenhet\/"]}]},{"@type":"ImageObject","inLanguage":"es","@id":"https:\/\/xenonkungen.com\/no\/produkt\/v-sikt-varsellyskontrollenhet\/#primaryimage","url":"https:\/\/xenonkungen.com\/wp-content\/uploads\/2025\/04\/207877077-origpic-885379-scaled.png","contentUrl":"https:\/\/xenonkungen.com\/wp-content\/uploads\/2025\/04\/207877077-origpic-885379-scaled.png","width":2560,"height":2560},{"@type":"BreadcrumbList","@id":"https:\/\/xenonkungen.com\/no\/produkt\/v-sikt-varsellyskontrollenhet\/#breadcrumb","itemListElement":[{"@type":"ListItem","position":1,"name":"Hem","item":"https:\/\/xenonkungen.com\/"},{"@type":"ListItem","position":2,"name":"Shop","item":"https:\/\/xenonkungen.com\/shop\/"},{"@type":"ListItem","position":3,"name":"V-Sight styrenhet f\u00f6r varningsljus"}]},{"@type":"WebSite","@id":"https:\/\/xenonkungen.com\/#website","url":"https:\/\/xenonkungen.com\/","name":"Xenonkungen","description":"","potentialAction":[{"@type":"SearchAction","target":{"@type":"EntryPoint","urlTemplate":"https:\/\/xenonkungen.com\/?s={search_term_string}"},"query-input":{"@type":"PropertyValueSpecification","valueRequired":true,"valueName":"search_term_string"}}],"inLanguage":"es"}]}},"taxonomy_info":{"product_brand":[{"value":2793,"label":"\u00d6VRIGT"}],"product_cat":[{"value":2841,"label":"Installation extraljus"},{"value":2464,"label":"Styrenhet"},{"value":390,"label":"Installation"}],"pa_storlek-mm":[{"value":1664,"label":"62x62x25"}],"pa_volt-v":[{"value":1419,"label":"10-30"}]},"featured_image_src_large":["https:\/\/xenonkungen.com\/wp-content\/uploads\/2025\/04\/207877077-origpic-885379-1024x1024.png",1024,1024,true],"author_info":[],"comment_info":0,"_links":{"self":[{"href":"https:\/\/xenonkungen.com\/es\/wp-json\/wp\/v2\/product\/5729","targetHints":{"allow":["GET"]}}],"collection":[{"href":"https:\/\/xenonkungen.com\/es\/wp-json\/wp\/v2\/product"}],"about":[{"href":"https:\/\/xenonkungen.com\/es\/wp-json\/wp\/v2\/types\/product"}],"replies":[{"embeddable":true,"href":"https:\/\/xenonkungen.com\/es\/wp-json\/wp\/v2\/comments?post=5729"}],"wp:featuredmedia":[{"embeddable":true,"href":"https:\/\/xenonkungen.com\/es\/wp-json\/wp\/v2\/media\/5730"}],"wp:attachment":[{"href":"https:\/\/xenonkungen.com\/es\/wp-json\/wp\/v2\/media?parent=5729"}],"wp:term":[{"taxonomy":"anvandningsomrade","embeddable":true,"href":"https:\/\/xenonkungen.com\/es\/wp-json\/wp\/v2\/anvandningsomrade?post=5729"},{"taxonomy":"bilmarken","embeddable":true,"href":"https:\/\/xenonkungen.com\/es\/wp-json\/wp\/v2\/bilmarken?post=5729"},{"taxonomy":"product_brand","embeddable":true,"href":"https:\/\/xenonkungen.com\/es\/wp-json\/wp\/v2\/product_brand?post=5729"},{"taxonomy":"product_cat","embeddable":true,"href":"https:\/\/xenonkungen.com\/es\/wp-json\/wp\/v2\/product_cat?post=5729"},{"taxonomy":"product_tag","embeddable":true,"href":"https:\/\/xenonkungen.com\/es\/wp-json\/wp\/v2\/product_tag?post=5729"}],"curies":[{"name":"wp","href":"https:\/\/api.w.org\/{rel}","templated":true}]}}