{"id":5809,"date":"2025-04-15T09:36:01","date_gmt":"2025-04-15T09:36:01","guid":{"rendered":"https:\/\/xenonkungen.com\/product\/ledriving-ledlampa-sl-r5w-ba15s-vit\/"},"modified":"2026-05-13T07:58:44","modified_gmt":"2026-05-13T06:58:44","slug":"lampara-led-ledriving-sl-r5w-ba15s-blanca","status":"publish","type":"product","link":"https:\/\/xenonkungen.com\/es\/producto\/lampara-led-ledriving-sl-r5w-ba15s-blanca\/","title":{"rendered":"LEDriving\u00ae L\u00e1mpara LED SL R5W | BA15S | Blanca"},"content":{"rendered":"<p>L\u00e1mpara LED de repuesto adecuada para R5W | BA15S | 1156<\/p>\n<p>Las l\u00e1mparas de repuesto LEDriving SL R5W ofrecen una experiencia de iluminaci\u00f3n moderna e intensa con una impresionante temperatura de color de hasta 6000 Kelvin. Estas l\u00e1mparas de repuesto est\u00e1n especialmente dise\u00f1adas para encajar perfectamente en todos los portal\u00e1mparas R5W est\u00e1ndar.<\/p>\n<p>Una de las ventajas m\u00e1s destacadas de estas l\u00e1mparas de sustituci\u00f3n LED es su eficiencia energ\u00e9tica. Al utilizar la tecnolog\u00eda LED, consumen hasta 80 % menos de energ\u00eda en comparaci\u00f3n con las l\u00e1mparas convencionales. Esto no solo reduce la carga de la bater\u00eda del veh\u00edculo, sino que tambi\u00e9n prolonga la vida \u00fatil de las l\u00e1mparas.<\/p>\n<p>Las l\u00e1mparas de repuesto LEDriving SL R5W tambi\u00e9n proporcionan un impresionante efecto de iluminaci\u00f3n con su moderna temperatura de color. Puede estar seguro de que estas l\u00e1mparas son de alta calidad, y OSRAM ofrece una generosa garant\u00eda de 4 a\u00f1os en las l\u00e1mparas LEDriving SL.<\/p>\n<p>No obstante, tenga en cuenta que estos productos no est\u00e1n homologados por la CEPE para su uso en la v\u00eda p\u00fablica en aplicaciones exteriores. El uso de estas l\u00e1mparas en la v\u00eda p\u00fablica no s\u00f3lo puede dar lugar a la retirada del permiso de conducir, sino que tambi\u00e9n puede invalidar las p\u00f3lizas de seguro. Es importante respetar las leyes y reglamentos aplicables en su pa\u00eds. La venta y el uso de estos productos pueden estar restringidos en algunos pa\u00edses. Le recomendamos que se ponga en contacto con su distribuidor local para obtener m\u00e1s informaci\u00f3n y asesoramiento sobre el uso de estas luces.<\/p>\n<p>Datos el\u00e9ctricos:<br \/>- Potencia m\u00e1xima: 0,5 W<br \/>- Tensi\u00f3n nominal: 12,0 V<br \/>- Potencia nominal: 0,50 W<br \/>- Tolerancia de consumo: \u00b120 %<br \/>- Tensi\u00f3n de prueba en voltios: 13,5 V<\/p>\n<p>Datos fotom\u00e9tricos:<br \/>- Flujo luminoso: 50 lm<br \/>- Flujo luminoso, tolerancia: \u00b125 %<br \/>- Color de la luz LED: blanco fr\u00edo<br \/>- Temperatura de color: 6000 K<\/p>\n<p>Dimensiones:<br \/>- Di\u00e1metro: 19,0 mm<br \/>- Peso del producto: 9,60 g<br \/>- Longitud: 37,5 mm<\/p>\n<p>Esperanza de vida:<br \/>- Vida \u00fatil B3: 1500 h<br \/>- Vida \u00fatil Tc en horas: 4000 h<br \/>- Garant\u00eda: 4 a\u00f1os<\/p>\n<p>Datos suplementarios del producto:<br \/>- Base: BA15s<\/p>","protected":false},"excerpt":{"rendered":"<p>\u00a1Por fin, la l\u00e1mpara LED LEDriving\u00ae SL R5W | BA15S est\u00e1 disponible en nuestra tienda en l\u00ednea! Esta l\u00e1mpara LED superior proporciona una luz brillante y eficiente que supera a las l\u00e1mparas tradicionales. La tecnolog\u00eda de alta calidad garantiza una larga vida \u00fatil y una excelente eficiencia energ\u00e9tica. Adem\u00e1s, es f\u00e1cil de instalar: puede utilizarla en sus coches, camiones, motos y mucho m\u00e1s. Pida hoy mismo la l\u00e1mpara LED LEDDriving\u00ae SL R5W y descubra por s\u00ed mismo por qu\u00e9 es la primera opci\u00f3n para<\/p>","protected":false},"featured_media":5810,"comment_status":"closed","ping_status":"open","template":"","meta":{"_acf_changed":false,"_smort_price_nok":"230","_smort_price_dkk":"146","_smort_price_eur":"19.54","_smort_sale_price_nok":"","_smort_sale_price_dkk":"","_smort_sale_price_eur":"","smort_restorder":"","shipmondo_restorder":"","_kad_blocks_custom_css":"","_kad_blocks_head_custom_js":"","_kad_blocks_body_custom_js":"","_kad_blocks_footer_custom_js":"","smort_custom_pricelist_1":"137.6","smort_custom_pricelist_2":"129","smort_custom_pricelist_3":"122.55","smort_custom_pricelist_4":"172","smort_custom_pricelist_5":"128.06"},"anvandningsomrade":[],"bilmarken":[],"product_brand":[108],"product_cat":[2515,338],"product_tag":[],"class_list":{"0":"post-5809","1":"product","2":"type-product","3":"status-publish","4":"has-post-thumbnail","6":"product_brand-osram","7":"product_cat-ba15s","8":"product_cat-diodlampor","9":"pa_faktisk-effekts-forbrukning-1681","10":"pa_fargtemperatur-6000k","11":"pa_lampsockel-kontakt-r5w-ba15s-1156","12":"pa_storlek-mm-1680","13":"pa_volt-v-159","15":"first","16":"instock","17":"taxable","18":"shipping-taxable","19":"purchasable","20":"product-type-simple"},"bundled_by":[],"bundle_stock_status":"instock","bundle_stock_quantity":1,"bundle_virtual":false,"bundle_layout":"","bundle_add_to_cart_form_location":"","bundle_editable_in_cart":false,"bundle_sold_individually_context":"","bundle_item_grouping":"","bundle_min_size":"","bundle_max_size":"","bundle_price":[],"bundled_items":[],"bundle_sell_ids":[],"acf":[],"yoast_head":"<!-- This site is optimized with the Yoast SEO plugin v27.0 - https:\/\/yoast.com\/product\/yoast-seo-wordpress\/ -->\n<title>LEDriving\u00ae LEDlampa SL R5W | BA15S | Vit - Xenonkungen<\/title>\n<meta name=\"robots\" content=\"index, follow, max-snippet:-1, max-image-preview:large, max-video-preview:-1\" \/>\n<link rel=\"canonical\" href=\"https:\/\/xenonkungen.com\/es\/producto\/lampara-led-ledriving-sl-r5w-ba15s-blanca\/\" \/>\n<meta property=\"og:locale\" content=\"es_ES\" \/>\n<meta property=\"og:type\" content=\"article\" \/>\n<meta property=\"og:title\" content=\"LEDriving\u00ae LEDlampa SL R5W | BA15S | Vit - Xenonkungen\" \/>\n<meta property=\"og:description\" content=\"\u00c4ntligen \u00e4r LEDriving\u00ae LEDlampan SL R5W | BA15S tillg\u00e4nglig i v\u00e5r webbutik! Denna \u00f6verl\u00e4gsna LEDlampa ger ett starkt och effektivt ljus som \u00f6vertr\u00e4ffar traditionella lampor. Den h\u00f6gkvalitativa tekniken garanterar en l\u00e5ng livsl\u00e4ngd och utm\u00e4rkt energieffektivitet. Dessutom \u00e4r den enkel att installera - du kan anv\u00e4nda den i dina bilar, lastbilar, motorcyklar och mycket mer. Best\u00e4ll LEDDriving\u00ae LEDlampan SL R5W idag och uppt\u00e4ck sj\u00e4lv varf\u00f6r den \u00e4r f\u00f6rstavalet f\u00f6r\" \/>\n<meta property=\"og:url\" content=\"https:\/\/xenonkungen.com\/es\/producto\/lampara-led-ledriving-sl-r5w-ba15s-blanca\/\" \/>\n<meta property=\"og:site_name\" content=\"Xenonkungen\" \/>\n<meta property=\"article:modified_time\" content=\"2026-05-13T06:58:44+00:00\" \/>\n<meta property=\"og:image\" content=\"https:\/\/xenonkungen.com\/wp-content\/uploads\/2025\/04\/201830655-origpic-6b07ee.jpg\" \/>\n\t<meta property=\"og:image:width\" content=\"691\" \/>\n\t<meta property=\"og:image:height\" content=\"1000\" \/>\n\t<meta property=\"og:image:type\" content=\"image\/jpeg\" \/>\n<meta name=\"twitter:card\" content=\"summary_large_image\" \/>\n<meta name=\"twitter:label1\" content=\"Tiempo de lectura\" \/>\n\t<meta name=\"twitter:data1\" content=\"2 minutos\" \/>\n<script type=\"application\/ld+json\" class=\"yoast-schema-graph\">{\"@context\":\"https:\/\/schema.org\",\"@graph\":[{\"@type\":\"WebPage\",\"@id\":\"https:\/\/xenonkungen.com\/produkt\/ledriving-ledlampa-sl-r5w-ba15s-vit\/\",\"url\":\"https:\/\/xenonkungen.com\/produkt\/ledriving-ledlampa-sl-r5w-ba15s-vit\/\",\"name\":\"LEDriving\u00ae LEDlampa SL R5W | BA15S | Vit - Xenonkungen\",\"isPartOf\":{\"@id\":\"https:\/\/xenonkungen.com\/#website\"},\"primaryImageOfPage\":{\"@id\":\"https:\/\/xenonkungen.com\/produkt\/ledriving-ledlampa-sl-r5w-ba15s-vit\/#primaryimage\"},\"image\":{\"@id\":\"https:\/\/xenonkungen.com\/produkt\/ledriving-ledlampa-sl-r5w-ba15s-vit\/#primaryimage\"},\"thumbnailUrl\":\"https:\/\/xenonkungen.com\/wp-content\/uploads\/2025\/04\/201830655-origpic-6b07ee.jpg\",\"datePublished\":\"2025-04-15T09:36:01+00:00\",\"dateModified\":\"2026-05-13T06:58:44+00:00\",\"breadcrumb\":{\"@id\":\"https:\/\/xenonkungen.com\/produkt\/ledriving-ledlampa-sl-r5w-ba15s-vit\/#breadcrumb\"},\"inLanguage\":\"es\",\"potentialAction\":[{\"@type\":\"ReadAction\",\"target\":[\"https:\/\/xenonkungen.com\/produkt\/ledriving-ledlampa-sl-r5w-ba15s-vit\/\"]}]},{\"@type\":\"ImageObject\",\"inLanguage\":\"es\",\"@id\":\"https:\/\/xenonkungen.com\/produkt\/ledriving-ledlampa-sl-r5w-ba15s-vit\/#primaryimage\",\"url\":\"https:\/\/xenonkungen.com\/wp-content\/uploads\/2025\/04\/201830655-origpic-6b07ee.jpg\",\"contentUrl\":\"https:\/\/xenonkungen.com\/wp-content\/uploads\/2025\/04\/201830655-origpic-6b07ee.jpg\",\"width\":691,\"height\":1000},{\"@type\":\"BreadcrumbList\",\"@id\":\"https:\/\/xenonkungen.com\/produkt\/ledriving-ledlampa-sl-r5w-ba15s-vit\/#breadcrumb\",\"itemListElement\":[{\"@type\":\"ListItem\",\"position\":1,\"name\":\"Hem\",\"item\":\"https:\/\/xenonkungen.com\/\"},{\"@type\":\"ListItem\",\"position\":2,\"name\":\"Shop\",\"item\":\"https:\/\/xenonkungen.com\/shop\/\"},{\"@type\":\"ListItem\",\"position\":3,\"name\":\"LEDriving\u00ae LEDlampa SL R5W | BA15S | Vit\"}]},{\"@type\":\"WebSite\",\"@id\":\"https:\/\/xenonkungen.com\/#website\",\"url\":\"https:\/\/xenonkungen.com\/\",\"name\":\"Xenonkungen\",\"description\":\"\",\"potentialAction\":[{\"@type\":\"SearchAction\",\"target\":{\"@type\":\"EntryPoint\",\"urlTemplate\":\"https:\/\/xenonkungen.com\/?s={search_term_string}\"},\"query-input\":{\"@type\":\"PropertyValueSpecification\",\"valueRequired\":true,\"valueName\":\"search_term_string\"}}],\"inLanguage\":\"es\"}]}<\/script>\n<!-- \/ Yoast SEO plugin. -->","yoast_head_json":{"title":"L\u00e1mpara LED LEDriving\u00ae SL R5W | BA15S | Blanca - El rey del xen\u00f3n","robots":{"index":"index","follow":"follow","max-snippet":"max-snippet:-1","max-image-preview":"max-image-preview:large","max-video-preview":"max-video-preview:-1"},"canonical":"https:\/\/xenonkungen.com\/es\/producto\/lampara-led-ledriving-sl-r5w-ba15s-blanca\/","og_locale":"es_ES","og_type":"article","og_title":"LEDriving\u00ae LEDlampa SL R5W | BA15S | Vit - Xenonkungen","og_description":"\u00c4ntligen \u00e4r LEDriving\u00ae LEDlampan SL R5W | BA15S tillg\u00e4nglig i v\u00e5r webbutik! Denna \u00f6verl\u00e4gsna LEDlampa ger ett starkt och effektivt ljus som \u00f6vertr\u00e4ffar traditionella lampor. Den h\u00f6gkvalitativa tekniken garanterar en l\u00e5ng livsl\u00e4ngd och utm\u00e4rkt energieffektivitet. Dessutom \u00e4r den enkel att installera - du kan anv\u00e4nda den i dina bilar, lastbilar, motorcyklar och mycket mer. Best\u00e4ll LEDDriving\u00ae LEDlampan SL R5W idag och uppt\u00e4ck sj\u00e4lv varf\u00f6r den \u00e4r f\u00f6rstavalet f\u00f6r","og_url":"https:\/\/xenonkungen.com\/es\/producto\/lampara-led-ledriving-sl-r5w-ba15s-blanca\/","og_site_name":"Xenonkungen","article_modified_time":"2026-05-13T06:58:44+00:00","og_image":[{"width":691,"height":1000,"url":"https:\/\/xenonkungen.com\/wp-content\/uploads\/2025\/04\/201830655-origpic-6b07ee.jpg","type":"image\/jpeg"}],"twitter_card":"summary_large_image","twitter_misc":{"Tiempo de lectura":"2 minutos"},"schema":{"@context":"https:\/\/schema.org","@graph":[{"@type":"WebPage","@id":"https:\/\/xenonkungen.com\/produkt\/ledriving-ledlampa-sl-r5w-ba15s-vit\/","url":"https:\/\/xenonkungen.com\/produkt\/ledriving-ledlampa-sl-r5w-ba15s-vit\/","name":"L\u00e1mpara LED LEDriving\u00ae SL R5W | BA15S | Blanca - El rey del xen\u00f3n","isPartOf":{"@id":"https:\/\/xenonkungen.com\/#website"},"primaryImageOfPage":{"@id":"https:\/\/xenonkungen.com\/produkt\/ledriving-ledlampa-sl-r5w-ba15s-vit\/#primaryimage"},"image":{"@id":"https:\/\/xenonkungen.com\/produkt\/ledriving-ledlampa-sl-r5w-ba15s-vit\/#primaryimage"},"thumbnailUrl":"https:\/\/xenonkungen.com\/wp-content\/uploads\/2025\/04\/201830655-origpic-6b07ee.jpg","datePublished":"2025-04-15T09:36:01+00:00","dateModified":"2026-05-13T06:58:44+00:00","breadcrumb":{"@id":"https:\/\/xenonkungen.com\/produkt\/ledriving-ledlampa-sl-r5w-ba15s-vit\/#breadcrumb"},"inLanguage":"es","potentialAction":[{"@type":"ReadAction","target":["https:\/\/xenonkungen.com\/produkt\/ledriving-ledlampa-sl-r5w-ba15s-vit\/"]}]},{"@type":"ImageObject","inLanguage":"es","@id":"https:\/\/xenonkungen.com\/produkt\/ledriving-ledlampa-sl-r5w-ba15s-vit\/#primaryimage","url":"https:\/\/xenonkungen.com\/wp-content\/uploads\/2025\/04\/201830655-origpic-6b07ee.jpg","contentUrl":"https:\/\/xenonkungen.com\/wp-content\/uploads\/2025\/04\/201830655-origpic-6b07ee.jpg","width":691,"height":1000},{"@type":"BreadcrumbList","@id":"https:\/\/xenonkungen.com\/produkt\/ledriving-ledlampa-sl-r5w-ba15s-vit\/#breadcrumb","itemListElement":[{"@type":"ListItem","position":1,"name":"Hem","item":"https:\/\/xenonkungen.com\/"},{"@type":"ListItem","position":2,"name":"Shop","item":"https:\/\/xenonkungen.com\/shop\/"},{"@type":"ListItem","position":3,"name":"LEDriving\u00ae LEDlampa SL R5W | BA15S | Vit"}]},{"@type":"WebSite","@id":"https:\/\/xenonkungen.com\/#website","url":"https:\/\/xenonkungen.com\/","name":"Xenonkungen","description":"","potentialAction":[{"@type":"SearchAction","target":{"@type":"EntryPoint","urlTemplate":"https:\/\/xenonkungen.com\/?s={search_term_string}"},"query-input":{"@type":"PropertyValueSpecification","valueRequired":true,"valueName":"search_term_string"}}],"inLanguage":"es"}]}},"taxonomy_info":{"product_brand":[{"value":108,"label":"OSRAM"}],"product_cat":[{"value":2515,"label":"BA15S"},{"value":338,"label":"Diodlampor"}],"pa_faktisk-effekts-forbrukning":[{"value":1681,"label":"0,5"}],"pa_fargtemperatur":[{"value":188,"label":"6000K"}],"pa_lampsockel-kontakt":[{"value":1682,"label":"R5W, BA15S, 1156"}],"pa_storlek-mm":[{"value":1680,"label":"37,5"}],"pa_volt-v":[{"value":159,"label":"12"}]},"featured_image_src_large":["https:\/\/xenonkungen.com\/wp-content\/uploads\/2025\/04\/201830655-origpic-6b07ee.jpg",691,1000,false],"author_info":[],"comment_info":3,"_links":{"self":[{"href":"https:\/\/xenonkungen.com\/es\/wp-json\/wp\/v2\/product\/5809","targetHints":{"allow":["GET"]}}],"collection":[{"href":"https:\/\/xenonkungen.com\/es\/wp-json\/wp\/v2\/product"}],"about":[{"href":"https:\/\/xenonkungen.com\/es\/wp-json\/wp\/v2\/types\/product"}],"replies":[{"embeddable":true,"href":"https:\/\/xenonkungen.com\/es\/wp-json\/wp\/v2\/comments?post=5809"}],"wp:featuredmedia":[{"embeddable":true,"href":"https:\/\/xenonkungen.com\/es\/wp-json\/wp\/v2\/media\/5810"}],"wp:attachment":[{"href":"https:\/\/xenonkungen.com\/es\/wp-json\/wp\/v2\/media?parent=5809"}],"wp:term":[{"taxonomy":"anvandningsomrade","embeddable":true,"href":"https:\/\/xenonkungen.com\/es\/wp-json\/wp\/v2\/anvandningsomrade?post=5809"},{"taxonomy":"bilmarken","embeddable":true,"href":"https:\/\/xenonkungen.com\/es\/wp-json\/wp\/v2\/bilmarken?post=5809"},{"taxonomy":"product_brand","embeddable":true,"href":"https:\/\/xenonkungen.com\/es\/wp-json\/wp\/v2\/product_brand?post=5809"},{"taxonomy":"product_cat","embeddable":true,"href":"https:\/\/xenonkungen.com\/es\/wp-json\/wp\/v2\/product_cat?post=5809"},{"taxonomy":"product_tag","embeddable":true,"href":"https:\/\/xenonkungen.com\/es\/wp-json\/wp\/v2\/product_tag?post=5809"}],"curies":[{"name":"wp","href":"https:\/\/api.w.org\/{rel}","templated":true}]}}