{"id":5813,"date":"2025-04-15T09:36:01","date_gmt":"2025-04-15T09:36:01","guid":{"rendered":"https:\/\/xenonkungen.com\/product\/ledriving-ledlampa-sl-r10w\/"},"modified":"2026-04-17T12:09:05","modified_gmt":"2026-04-17T11:09:05","slug":"lampara-led-de-conduccion-sl-r10w","status":"publish","type":"product","link":"https:\/\/xenonkungen.com\/es\/producto\/lampara-led-de-conduccion-sl-r10w\/","title":{"rendered":"LEDriving\u00ae L\u00e1mpara LED SL R10W"},"content":{"rendered":"<p>Bombilla LED de repuesto adecuada para R10W<\/p>\n<p>Las bombillas de repuesto LEDriving SL R10W ofrecen una iluminaci\u00f3n moderna y potente con una impresionante temperatura de color de hasta 6000 Kelvin. Estas bombillas de repuesto est\u00e1n especialmente dise\u00f1adas para encajar perfectamente en todos los casquillos est\u00e1ndar R10W.<\/p>\n<p>Una de las ventajas m\u00e1s destacadas de estas bombillas LED de repuesto es su eficiencia energ\u00e9tica. Gracias a la tecnolog\u00eda LED, consumen hasta un 80 % menos de energ\u00eda que las bombillas tradicionales. Esto significa que no solo se reduce la carga sobre la bater\u00eda del veh\u00edculo, sino que tambi\u00e9n se prolonga la vida \u00fatil de las bombillas.<\/p>\n<p>Las bombillas de repuesto LEDriving SL R10W tambi\u00e9n ofrecen un efecto de iluminaci\u00f3n impresionante gracias a su moderna temperatura de color. Puede estar seguro de que estas bombillas son de alta calidad, y OSRAM ofrece una generosa garant\u00eda de 4 a\u00f1os para las bombillas LEDriving SL.<\/p>\n<p>Tenga en cuenta que estos productos no cuentan con la homologaci\u00f3n ECE para su uso en v\u00edas p\u00fablicas en aplicaciones exteriores. Es importante cumplir con las leyes y normativas vigentes en su pa\u00eds en materia de iluminaci\u00f3n de veh\u00edculos. Estas l\u00e1mparas est\u00e1n destinadas a otros fines y deben utilizarse siguiendo las recomendaciones del fabricante.<\/p>\n<p>Datos el\u00e9ctricos:<br \/>\u2013 Potencia m\u00e1xima: 1,24 W<br \/>- Tensi\u00f3n nominal: 12,0 V<br \/>\u2013 Potencia nominal: 1,20 W<br \/>- Tolerancia de consumo: \u00b120 %<br \/>- Tensi\u00f3n de prueba en voltios: 13,5 V<\/p>\n<p>Datos fotom\u00e9tricos:<br \/>\u2013 Flujo luminoso: 125 lm<br \/>- Flujo luminoso, tolerancia: \u00b125 %<br \/>- Color de la luz LED: blanco fr\u00edo<br \/>- Temperatura de color: 6000 K<\/p>\n<p>Dimensiones:<br \/>- Di\u00e1metro: 19,0 mm<br \/>\u2013 Peso del producto: 9,80 g<br \/>- Longitud: 37,5 mm<\/p>\n<p>Esperanza de vida:<br \/>- Vida \u00fatil B3: 1500 h<br \/>- Vida \u00fatil Tc en horas: 4000 h<br \/>- Garant\u00eda: 4 a\u00f1os<\/p>\n<p>Datos suplementarios del producto:<br \/>- Base: BA15s<\/p>","protected":false},"excerpt":{"rendered":"<p>L\u00e4mplig LED-ers\u00e4ttningslampa f\u00f6r R10W LEDriving SL R10W-ers\u00e4ttningslampor erbjuder en modern och kraftfull belysning med en imponerande f\u00e4rgtemperatur p\u00e5 upp till 6 000 kelvin. Dessa ers\u00e4ttningslampor \u00e4r speciellt utformade f\u00f6r att passa perfekt i alla standard R10W-lampsocklar. En av de framst\u00e5ende f\u00f6rdelarna med dessa LED-ers\u00e4ttningslampor \u00e4r deras energieffektivitet. Genom att anv\u00e4nda LED-teknik f\u00f6rbrukar de upp till [&hellip;]<\/p>","protected":false},"featured_media":5814,"comment_status":"closed","ping_status":"open","template":"","meta":{"_acf_changed":false,"_smort_price_nok":"230","_smort_price_dkk":"146","_smort_price_eur":"19.54","_smort_sale_price_nok":"","_smort_sale_price_dkk":"","_smort_sale_price_eur":"","smort_restorder":"","shipmondo_restorder":"","_kad_blocks_custom_css":"","_kad_blocks_head_custom_js":"","_kad_blocks_body_custom_js":"","_kad_blocks_footer_custom_js":"","smort_custom_pricelist_1":"137.6","smort_custom_pricelist_2":"129","smort_custom_pricelist_3":"122.55","smort_custom_pricelist_4":"172","smort_custom_pricelist_5":"128.06"},"anvandningsomrade":[],"bilmarken":[],"product_brand":[108],"product_cat":[2515,338],"product_tag":[],"class_list":{"0":"post-5813","1":"product","2":"type-product","3":"status-publish","4":"has-post-thumbnail","6":"product_brand-osram","7":"product_cat-ba15s","8":"product_cat-diodlampor","9":"pa_faktisk-effekts-forbrukning-1683","10":"pa_fargtemperatur-6000k","11":"pa_lampsockel-kontakt-ba15s-r10w","12":"pa_storlek-mm-1680","13":"pa_volt-v-159","15":"first","16":"instock","17":"taxable","18":"shipping-taxable","19":"purchasable","20":"product-type-simple"},"bundled_by":[],"bundle_stock_status":"instock","bundle_stock_quantity":4,"bundle_virtual":false,"bundle_layout":"","bundle_add_to_cart_form_location":"","bundle_editable_in_cart":false,"bundle_sold_individually_context":"","bundle_item_grouping":"","bundle_min_size":"","bundle_max_size":"","bundle_price":[],"bundled_items":[],"bundle_sell_ids":[],"acf":[],"yoast_head":"<!-- This site is optimized with the Yoast SEO plugin v27.0 - https:\/\/yoast.com\/product\/yoast-seo-wordpress\/ -->\n<title>LEDriving\u00ae LEDlampa SL R10W - Xenonkungen<\/title>\n<meta name=\"robots\" content=\"index, follow, max-snippet:-1, max-image-preview:large, max-video-preview:-1\" \/>\n<link rel=\"canonical\" href=\"https:\/\/xenonkungen.com\/es\/producto\/lampara-led-de-conduccion-sl-r10w\/\" \/>\n<meta property=\"og:locale\" content=\"es_ES\" \/>\n<meta property=\"og:type\" content=\"article\" \/>\n<meta property=\"og:title\" content=\"LEDriving\u00ae LEDlampa SL R10W - Xenonkungen\" \/>\n<meta property=\"og:description\" content=\"L\u00e4mplig LED-ers\u00e4ttningslampa f\u00f6r R10W LEDriving SL R10W-ers\u00e4ttningslampor erbjuder en modern och kraftfull belysning med en imponerande f\u00e4rgtemperatur p\u00e5 upp till 6 000 kelvin. Dessa ers\u00e4ttningslampor \u00e4r speciellt utformade f\u00f6r att passa perfekt i alla standard R10W-lampsocklar. En av de framst\u00e5ende f\u00f6rdelarna med dessa LED-ers\u00e4ttningslampor \u00e4r deras energieffektivitet. Genom att anv\u00e4nda LED-teknik f\u00f6rbrukar de upp till [&hellip;]\" \/>\n<meta property=\"og:url\" content=\"https:\/\/xenonkungen.com\/es\/producto\/lampara-led-de-conduccion-sl-r10w\/\" \/>\n<meta property=\"og:site_name\" content=\"Xenonkungen\" \/>\n<meta property=\"article:modified_time\" content=\"2026-04-17T11:09:05+00:00\" \/>\n<meta property=\"og:image\" content=\"https:\/\/xenonkungen.com\/wp-content\/uploads\/2025\/04\/201830657-origpic-0f2915.jpg\" \/>\n\t<meta property=\"og:image:width\" content=\"691\" \/>\n\t<meta property=\"og:image:height\" content=\"1000\" \/>\n\t<meta property=\"og:image:type\" content=\"image\/jpeg\" \/>\n<meta name=\"twitter:card\" content=\"summary_large_image\" \/>\n<meta name=\"twitter:label1\" content=\"Tiempo de lectura\" \/>\n\t<meta name=\"twitter:data1\" content=\"1 minuto\" \/>\n<script type=\"application\/ld+json\" class=\"yoast-schema-graph\">{\"@context\":\"https:\/\/schema.org\",\"@graph\":[{\"@type\":\"WebPage\",\"@id\":\"https:\/\/xenonkungen.com\/produkt\/ledriving-ledlampa-sl-r10w\/\",\"url\":\"https:\/\/xenonkungen.com\/produkt\/ledriving-ledlampa-sl-r10w\/\",\"name\":\"LEDriving\u00ae LEDlampa SL R10W - Xenonkungen\",\"isPartOf\":{\"@id\":\"https:\/\/xenonkungen.com\/#website\"},\"primaryImageOfPage\":{\"@id\":\"https:\/\/xenonkungen.com\/produkt\/ledriving-ledlampa-sl-r10w\/#primaryimage\"},\"image\":{\"@id\":\"https:\/\/xenonkungen.com\/produkt\/ledriving-ledlampa-sl-r10w\/#primaryimage\"},\"thumbnailUrl\":\"https:\/\/xenonkungen.com\/wp-content\/uploads\/2025\/04\/201830657-origpic-0f2915.jpg\",\"datePublished\":\"2025-04-15T09:36:01+00:00\",\"dateModified\":\"2026-04-17T11:09:05+00:00\",\"breadcrumb\":{\"@id\":\"https:\/\/xenonkungen.com\/produkt\/ledriving-ledlampa-sl-r10w\/#breadcrumb\"},\"inLanguage\":\"es\",\"potentialAction\":[{\"@type\":\"ReadAction\",\"target\":[\"https:\/\/xenonkungen.com\/produkt\/ledriving-ledlampa-sl-r10w\/\"]}]},{\"@type\":\"ImageObject\",\"inLanguage\":\"es\",\"@id\":\"https:\/\/xenonkungen.com\/produkt\/ledriving-ledlampa-sl-r10w\/#primaryimage\",\"url\":\"https:\/\/xenonkungen.com\/wp-content\/uploads\/2025\/04\/201830657-origpic-0f2915.jpg\",\"contentUrl\":\"https:\/\/xenonkungen.com\/wp-content\/uploads\/2025\/04\/201830657-origpic-0f2915.jpg\",\"width\":691,\"height\":1000},{\"@type\":\"BreadcrumbList\",\"@id\":\"https:\/\/xenonkungen.com\/produkt\/ledriving-ledlampa-sl-r10w\/#breadcrumb\",\"itemListElement\":[{\"@type\":\"ListItem\",\"position\":1,\"name\":\"Hem\",\"item\":\"https:\/\/xenonkungen.com\/\"},{\"@type\":\"ListItem\",\"position\":2,\"name\":\"Shop\",\"item\":\"https:\/\/xenonkungen.com\/shop\/\"},{\"@type\":\"ListItem\",\"position\":3,\"name\":\"LEDriving\u00ae LEDlampa SL R10W\"}]},{\"@type\":\"WebSite\",\"@id\":\"https:\/\/xenonkungen.com\/#website\",\"url\":\"https:\/\/xenonkungen.com\/\",\"name\":\"Xenonkungen\",\"description\":\"\",\"potentialAction\":[{\"@type\":\"SearchAction\",\"target\":{\"@type\":\"EntryPoint\",\"urlTemplate\":\"https:\/\/xenonkungen.com\/?s={search_term_string}\"},\"query-input\":{\"@type\":\"PropertyValueSpecification\",\"valueRequired\":true,\"valueName\":\"search_term_string\"}}],\"inLanguage\":\"es\"}]}<\/script>\n<!-- \/ Yoast SEO plugin. -->","yoast_head_json":{"title":"L\u00e1mpara LED LEDriving\u00ae SL R10W - El rey del xen\u00f3n","robots":{"index":"index","follow":"follow","max-snippet":"max-snippet:-1","max-image-preview":"max-image-preview:large","max-video-preview":"max-video-preview:-1"},"canonical":"https:\/\/xenonkungen.com\/es\/producto\/lampara-led-de-conduccion-sl-r10w\/","og_locale":"es_ES","og_type":"article","og_title":"LEDriving\u00ae LEDlampa SL R10W - Xenonkungen","og_description":"L\u00e4mplig LED-ers\u00e4ttningslampa f\u00f6r R10W LEDriving SL R10W-ers\u00e4ttningslampor erbjuder en modern och kraftfull belysning med en imponerande f\u00e4rgtemperatur p\u00e5 upp till 6 000 kelvin. Dessa ers\u00e4ttningslampor \u00e4r speciellt utformade f\u00f6r att passa perfekt i alla standard R10W-lampsocklar. En av de framst\u00e5ende f\u00f6rdelarna med dessa LED-ers\u00e4ttningslampor \u00e4r deras energieffektivitet. Genom att anv\u00e4nda LED-teknik f\u00f6rbrukar de upp till [&hellip;]","og_url":"https:\/\/xenonkungen.com\/es\/producto\/lampara-led-de-conduccion-sl-r10w\/","og_site_name":"Xenonkungen","article_modified_time":"2026-04-17T11:09:05+00:00","og_image":[{"width":691,"height":1000,"url":"https:\/\/xenonkungen.com\/wp-content\/uploads\/2025\/04\/201830657-origpic-0f2915.jpg","type":"image\/jpeg"}],"twitter_card":"summary_large_image","twitter_misc":{"Tiempo de lectura":"1 minuto"},"schema":{"@context":"https:\/\/schema.org","@graph":[{"@type":"WebPage","@id":"https:\/\/xenonkungen.com\/produkt\/ledriving-ledlampa-sl-r10w\/","url":"https:\/\/xenonkungen.com\/produkt\/ledriving-ledlampa-sl-r10w\/","name":"L\u00e1mpara LED LEDriving\u00ae SL R10W - El rey del xen\u00f3n","isPartOf":{"@id":"https:\/\/xenonkungen.com\/#website"},"primaryImageOfPage":{"@id":"https:\/\/xenonkungen.com\/produkt\/ledriving-ledlampa-sl-r10w\/#primaryimage"},"image":{"@id":"https:\/\/xenonkungen.com\/produkt\/ledriving-ledlampa-sl-r10w\/#primaryimage"},"thumbnailUrl":"https:\/\/xenonkungen.com\/wp-content\/uploads\/2025\/04\/201830657-origpic-0f2915.jpg","datePublished":"2025-04-15T09:36:01+00:00","dateModified":"2026-04-17T11:09:05+00:00","breadcrumb":{"@id":"https:\/\/xenonkungen.com\/produkt\/ledriving-ledlampa-sl-r10w\/#breadcrumb"},"inLanguage":"es","potentialAction":[{"@type":"ReadAction","target":["https:\/\/xenonkungen.com\/produkt\/ledriving-ledlampa-sl-r10w\/"]}]},{"@type":"ImageObject","inLanguage":"es","@id":"https:\/\/xenonkungen.com\/produkt\/ledriving-ledlampa-sl-r10w\/#primaryimage","url":"https:\/\/xenonkungen.com\/wp-content\/uploads\/2025\/04\/201830657-origpic-0f2915.jpg","contentUrl":"https:\/\/xenonkungen.com\/wp-content\/uploads\/2025\/04\/201830657-origpic-0f2915.jpg","width":691,"height":1000},{"@type":"BreadcrumbList","@id":"https:\/\/xenonkungen.com\/produkt\/ledriving-ledlampa-sl-r10w\/#breadcrumb","itemListElement":[{"@type":"ListItem","position":1,"name":"Hem","item":"https:\/\/xenonkungen.com\/"},{"@type":"ListItem","position":2,"name":"Shop","item":"https:\/\/xenonkungen.com\/shop\/"},{"@type":"ListItem","position":3,"name":"LEDriving\u00ae LEDlampa SL R10W"}]},{"@type":"WebSite","@id":"https:\/\/xenonkungen.com\/#website","url":"https:\/\/xenonkungen.com\/","name":"Xenonkungen","description":"","potentialAction":[{"@type":"SearchAction","target":{"@type":"EntryPoint","urlTemplate":"https:\/\/xenonkungen.com\/?s={search_term_string}"},"query-input":{"@type":"PropertyValueSpecification","valueRequired":true,"valueName":"search_term_string"}}],"inLanguage":"es"}]}},"taxonomy_info":{"product_brand":[{"value":108,"label":"OSRAM"}],"product_cat":[{"value":2515,"label":"BA15S"},{"value":338,"label":"Diodlampor"}],"pa_faktisk-effekts-forbrukning":[{"value":1683,"label":"1,24"}],"pa_fargtemperatur":[{"value":188,"label":"6000K"}],"pa_lampsockel-kontakt":[{"value":1684,"label":"BA15S, R10W"}],"pa_storlek-mm":[{"value":1680,"label":"37,5"}],"pa_volt-v":[{"value":159,"label":"12"}]},"featured_image_src_large":["https:\/\/xenonkungen.com\/wp-content\/uploads\/2025\/04\/201830657-origpic-0f2915.jpg",691,1000,false],"author_info":[],"comment_info":0,"_links":{"self":[{"href":"https:\/\/xenonkungen.com\/es\/wp-json\/wp\/v2\/product\/5813","targetHints":{"allow":["GET"]}}],"collection":[{"href":"https:\/\/xenonkungen.com\/es\/wp-json\/wp\/v2\/product"}],"about":[{"href":"https:\/\/xenonkungen.com\/es\/wp-json\/wp\/v2\/types\/product"}],"replies":[{"embeddable":true,"href":"https:\/\/xenonkungen.com\/es\/wp-json\/wp\/v2\/comments?post=5813"}],"wp:featuredmedia":[{"embeddable":true,"href":"https:\/\/xenonkungen.com\/es\/wp-json\/wp\/v2\/media\/5814"}],"wp:attachment":[{"href":"https:\/\/xenonkungen.com\/es\/wp-json\/wp\/v2\/media?parent=5813"}],"wp:term":[{"taxonomy":"anvandningsomrade","embeddable":true,"href":"https:\/\/xenonkungen.com\/es\/wp-json\/wp\/v2\/anvandningsomrade?post=5813"},{"taxonomy":"bilmarken","embeddable":true,"href":"https:\/\/xenonkungen.com\/es\/wp-json\/wp\/v2\/bilmarken?post=5813"},{"taxonomy":"product_brand","embeddable":true,"href":"https:\/\/xenonkungen.com\/es\/wp-json\/wp\/v2\/product_brand?post=5813"},{"taxonomy":"product_cat","embeddable":true,"href":"https:\/\/xenonkungen.com\/es\/wp-json\/wp\/v2\/product_cat?post=5813"},{"taxonomy":"product_tag","embeddable":true,"href":"https:\/\/xenonkungen.com\/es\/wp-json\/wp\/v2\/product_tag?post=5813"}],"curies":[{"name":"wp","href":"https:\/\/api.w.org\/{rel}","templated":true}]}}