{"id":5872,"date":"2025-04-15T09:36:49","date_gmt":"2025-04-15T09:36:49","guid":{"rendered":"https:\/\/xenonkungen.com\/product\/ledriving-hl-easy-h15\/"},"modified":"2026-04-11T01:23:24","modified_gmt":"2026-04-11T00:23:24","slug":"conduccion-led-hl-easy-h15","status":"publish","type":"product","link":"https:\/\/xenonkungen.com\/es\/producto\/conduccion-led-hl-easy-h15\/","title":{"rendered":"LEDriving\u00ae HL EASY H15"},"content":{"rendered":"<h2>Actualice la iluminaci\u00f3n de su veh\u00edculo con OSRAM LEDriving HL EASY<\/h2>\n<p>Descubra el siguiente nivel de iluminaci\u00f3n para su veh\u00edculo con <strong>OSRAM LEDriving HL EASY<\/strong> - la soluci\u00f3n LED perfecta para aplicaciones de luz de carretera y de cruce. Sustituyen a las tradicionales l\u00e1mparas hal\u00f3genas H7\/H18, H4\/H19 y H15, estos LED de alto rendimiento ofrecen una potente luz blanca fr\u00eda que mejora tanto su seguridad como el aspecto elegante de su coche.<\/p>\n<h3>F\u00e1cil instalaci\u00f3n con plug &amp; play<\/h3>\n<p>Med <strong>instalaci\u00f3n plug &amp; play<\/strong> y compatibilidad optimizada, sustituir tus viejas l\u00e1mparas es m\u00e1s f\u00e1cil que nunca. Gracias a su dise\u00f1o ultracompacto, no se necesitan adaptadores ni herramientas adicionales, s\u00f3lo una instalaci\u00f3n sencilla y sin complicaciones. El ventilador de alta velocidad integrado proporciona una refrigeraci\u00f3n activa y la m\u00e1xima disipaci\u00f3n del calor, garantizando un rendimiento duradero y un brillo \u00f3ptimo.<\/p>\n<h3>Ventajas:<\/h3>\n<ul>\n<li>F\u00e1cil instalaci\u00f3n plug &amp; play: no se necesitan adaptadores<\/li>\n<li>Compatible con el sistema de 12 V<\/li>\n<li>Luz blanca fr\u00eda para un aspecto moderno y elegante<\/li>\n<li>Brillo y durabilidad superiores<\/li>\n<li>Dise\u00f1o compacto y eficiente con refrigeraci\u00f3n de alto rendimiento<\/li>\n<\/ul>\n<p><strong>Informaci\u00f3n importante:<\/strong> Estos LED no est\u00e1n homologados por la CEE y est\u00e1n pensados para su uso en aplicaciones todoterreno o en carreteras privadas. Compruebe la normativa local antes de la compra.<\/p>\n<p>Dale a tu coche la luz que se merece - \u00a1elige OSRAM LEDriving HL EASY para una conducci\u00f3n segura y con estilo!<\/p>\n<p><strong>Datos el\u00e9ctricos:<\/strong><br \/>\n\u2013 Potencia m\u00e1xima: 23 W<br \/>\n- Tensi\u00f3n nominal: 12,0 V<br \/>\n\u2013 Tolerancia de consumo de energ\u00eda: \u00b125<br \/>\n- Tensi\u00f3n de prueba en voltios: 13,2 V<\/p>\n<p><strong>Datos fotom\u00e9tricos:<\/strong><br \/>\n\u2013 Flujo luminoso: 1250\/250 lm<br \/>\n- Flujo luminoso, tolerancia: \u00b125 %<br \/>\n- Color de la luz: blanco fr\u00edo<br \/>\n- Temperatura de color: 6500 K<\/p>\n<p><strong>Dimensiones:<\/strong><br \/>\n\u2013 Di\u00e1metro: 15,8 mm<br \/>\n\u2013 Longitud: 73,0 mm<br \/>\n\u2013 Peso del producto: 45 g<\/p>\n<p><strong>Esperanza de vida:<\/strong><br \/>\n- Vida \u00fatil Tc en horas: 1000 h<\/p>","protected":false},"excerpt":{"rendered":"<p>Mejora la iluminaci\u00f3n de tu coche con OSRAM LEDriving HL EASY. Estas bombillas LED de alto rendimiento ofrecen una instalaci\u00f3n sencilla, una luminosidad superior y una elegante luz blanca fr\u00eda. Perfectas para luces largas y cortas sin necesidad de adaptadores ni herramientas especiales.<\/p>","protected":false},"featured_media":5873,"comment_status":"closed","ping_status":"closed","template":"","meta":{"_acf_changed":false,"_smort_price_nok":"1276","_smort_price_dkk":"811","_smort_price_eur":"108.63","_smort_sale_price_nok":"","_smort_sale_price_dkk":"","_smort_sale_price_eur":"","smort_restorder":"","shipmondo_restorder":"","_kad_blocks_custom_css":"","_kad_blocks_head_custom_js":"","_kad_blocks_body_custom_js":"","_kad_blocks_footer_custom_js":"","smort_custom_pricelist_1":"764.8","smort_custom_pricelist_2":"669.2","smort_custom_pricelist_3":"621.4","smort_custom_pricelist_4":"956","smort_custom_pricelist_5":"669.2"},"anvandningsomrade":[],"bilmarken":[],"product_brand":[108],"product_cat":[2633,733],"product_tag":[],"class_list":{"0":"post-5872","1":"product","2":"type-product","3":"status-publish","4":"has-post-thumbnail","6":"product_brand-osram","7":"product_cat-osram-ledriving-halvljus-helljus","8":"product_cat-halvljus-helljus","9":"pa_faktisk-effekts-forbrukning-2968","10":"pa_fargtemperatur-6500k","11":"pa_lampsockel-kontakt-h15","12":"pa_volt-v-159","14":"first","15":"instock","16":"taxable","17":"shipping-taxable","18":"purchasable","19":"product-type-simple"},"bundled_by":[],"bundle_stock_status":"instock","bundle_stock_quantity":5,"bundle_virtual":false,"bundle_layout":"","bundle_add_to_cart_form_location":"","bundle_editable_in_cart":false,"bundle_sold_individually_context":"","bundle_item_grouping":"","bundle_min_size":"","bundle_max_size":"","bundle_price":[],"bundled_items":[],"bundle_sell_ids":[],"acf":[],"yoast_head":"<!-- This site is optimized with the Yoast SEO plugin v27.0 - https:\/\/yoast.com\/product\/yoast-seo-wordpress\/ -->\n<title>LEDriving\u00ae HL EASY H15 - Xenonkungen<\/title>\n<meta name=\"robots\" content=\"index, follow, max-snippet:-1, max-image-preview:large, max-video-preview:-1\" \/>\n<link rel=\"canonical\" href=\"https:\/\/xenonkungen.com\/es\/producto\/conduccion-led-hl-easy-h15\/\" \/>\n<meta property=\"og:locale\" content=\"es_ES\" \/>\n<meta property=\"og:type\" content=\"article\" \/>\n<meta property=\"og:title\" content=\"LEDriving\u00ae HL EASY H15 - Xenonkungen\" \/>\n<meta property=\"og:description\" content=\"Uppgradera din bils belysning med OSRAM LEDriving HL EASY. Dessa h\u00f6gpresterande LED-lampor erbjuder enkel plug &amp; play-installation, \u00f6verl\u00e4gsen ljusstyrka och ett stilrent kallvitt ljus. Perfekt f\u00f6r helljus och halvljus utan behov av adaptrar eller specialverktyg.\" \/>\n<meta property=\"og:url\" content=\"https:\/\/xenonkungen.com\/es\/producto\/conduccion-led-hl-easy-h15\/\" \/>\n<meta property=\"og:site_name\" content=\"Xenonkungen\" \/>\n<meta property=\"article:modified_time\" content=\"2026-04-11T00:23:24+00:00\" \/>\n<meta property=\"og:image\" content=\"https:\/\/xenonkungen.com\/wp-content\/uploads\/2025\/04\/215587777-origpic-104065.jpg\" \/>\n\t<meta property=\"og:image:width\" content=\"1072\" \/>\n\t<meta property=\"og:image:height\" content=\"821\" \/>\n\t<meta property=\"og:image:type\" content=\"image\/jpeg\" \/>\n<meta name=\"twitter:card\" content=\"summary_large_image\" \/>\n<meta name=\"twitter:label1\" content=\"Tiempo de lectura\" \/>\n\t<meta name=\"twitter:data1\" content=\"2 minutos\" \/>\n<script type=\"application\/ld+json\" class=\"yoast-schema-graph\">{\"@context\":\"https:\/\/schema.org\",\"@graph\":[{\"@type\":\"WebPage\",\"@id\":\"https:\/\/xenonkungen.com\/produkt\/ledriving-hl-easy-h15\/\",\"url\":\"https:\/\/xenonkungen.com\/produkt\/ledriving-hl-easy-h15\/\",\"name\":\"LEDriving\u00ae HL EASY H15 - Xenonkungen\",\"isPartOf\":{\"@id\":\"https:\/\/xenonkungen.com\/#website\"},\"primaryImageOfPage\":{\"@id\":\"https:\/\/xenonkungen.com\/produkt\/ledriving-hl-easy-h15\/#primaryimage\"},\"image\":{\"@id\":\"https:\/\/xenonkungen.com\/produkt\/ledriving-hl-easy-h15\/#primaryimage\"},\"thumbnailUrl\":\"https:\/\/xenonkungen.com\/wp-content\/uploads\/2025\/04\/215587777-origpic-104065.jpg\",\"datePublished\":\"2025-04-15T09:36:49+00:00\",\"dateModified\":\"2026-04-11T00:23:24+00:00\",\"breadcrumb\":{\"@id\":\"https:\/\/xenonkungen.com\/produkt\/ledriving-hl-easy-h15\/#breadcrumb\"},\"inLanguage\":\"es\",\"potentialAction\":[{\"@type\":\"ReadAction\",\"target\":[\"https:\/\/xenonkungen.com\/produkt\/ledriving-hl-easy-h15\/\"]}]},{\"@type\":\"ImageObject\",\"inLanguage\":\"es\",\"@id\":\"https:\/\/xenonkungen.com\/produkt\/ledriving-hl-easy-h15\/#primaryimage\",\"url\":\"https:\/\/xenonkungen.com\/wp-content\/uploads\/2025\/04\/215587777-origpic-104065.jpg\",\"contentUrl\":\"https:\/\/xenonkungen.com\/wp-content\/uploads\/2025\/04\/215587777-origpic-104065.jpg\",\"width\":1072,\"height\":821},{\"@type\":\"BreadcrumbList\",\"@id\":\"https:\/\/xenonkungen.com\/produkt\/ledriving-hl-easy-h15\/#breadcrumb\",\"itemListElement\":[{\"@type\":\"ListItem\",\"position\":1,\"name\":\"Hem\",\"item\":\"https:\/\/xenonkungen.com\/\"},{\"@type\":\"ListItem\",\"position\":2,\"name\":\"Shop\",\"item\":\"https:\/\/xenonkungen.com\/shop\/\"},{\"@type\":\"ListItem\",\"position\":3,\"name\":\"LEDriving\u00ae HL EASY H15\"}]},{\"@type\":\"WebSite\",\"@id\":\"https:\/\/xenonkungen.com\/#website\",\"url\":\"https:\/\/xenonkungen.com\/\",\"name\":\"Xenonkungen\",\"description\":\"\",\"potentialAction\":[{\"@type\":\"SearchAction\",\"target\":{\"@type\":\"EntryPoint\",\"urlTemplate\":\"https:\/\/xenonkungen.com\/?s={search_term_string}\"},\"query-input\":{\"@type\":\"PropertyValueSpecification\",\"valueRequired\":true,\"valueName\":\"search_term_string\"}}],\"inLanguage\":\"es\"}]}<\/script>\n<!-- \/ Yoast SEO plugin. -->","yoast_head_json":{"title":"LEDriving\u00ae HL EASY H15 - El rey del xen\u00f3n","robots":{"index":"index","follow":"follow","max-snippet":"max-snippet:-1","max-image-preview":"max-image-preview:large","max-video-preview":"max-video-preview:-1"},"canonical":"https:\/\/xenonkungen.com\/es\/producto\/conduccion-led-hl-easy-h15\/","og_locale":"es_ES","og_type":"article","og_title":"LEDriving\u00ae HL EASY H15 - Xenonkungen","og_description":"Uppgradera din bils belysning med OSRAM LEDriving HL EASY. Dessa h\u00f6gpresterande LED-lampor erbjuder enkel plug &amp; play-installation, \u00f6verl\u00e4gsen ljusstyrka och ett stilrent kallvitt ljus. Perfekt f\u00f6r helljus och halvljus utan behov av adaptrar eller specialverktyg.","og_url":"https:\/\/xenonkungen.com\/es\/producto\/conduccion-led-hl-easy-h15\/","og_site_name":"Xenonkungen","article_modified_time":"2026-04-11T00:23:24+00:00","og_image":[{"width":1072,"height":821,"url":"https:\/\/xenonkungen.com\/wp-content\/uploads\/2025\/04\/215587777-origpic-104065.jpg","type":"image\/jpeg"}],"twitter_card":"summary_large_image","twitter_misc":{"Tiempo de lectura":"2 minutos"},"schema":{"@context":"https:\/\/schema.org","@graph":[{"@type":"WebPage","@id":"https:\/\/xenonkungen.com\/produkt\/ledriving-hl-easy-h15\/","url":"https:\/\/xenonkungen.com\/produkt\/ledriving-hl-easy-h15\/","name":"LEDriving\u00ae HL EASY H15 - El rey del xen\u00f3n","isPartOf":{"@id":"https:\/\/xenonkungen.com\/#website"},"primaryImageOfPage":{"@id":"https:\/\/xenonkungen.com\/produkt\/ledriving-hl-easy-h15\/#primaryimage"},"image":{"@id":"https:\/\/xenonkungen.com\/produkt\/ledriving-hl-easy-h15\/#primaryimage"},"thumbnailUrl":"https:\/\/xenonkungen.com\/wp-content\/uploads\/2025\/04\/215587777-origpic-104065.jpg","datePublished":"2025-04-15T09:36:49+00:00","dateModified":"2026-04-11T00:23:24+00:00","breadcrumb":{"@id":"https:\/\/xenonkungen.com\/produkt\/ledriving-hl-easy-h15\/#breadcrumb"},"inLanguage":"es","potentialAction":[{"@type":"ReadAction","target":["https:\/\/xenonkungen.com\/produkt\/ledriving-hl-easy-h15\/"]}]},{"@type":"ImageObject","inLanguage":"es","@id":"https:\/\/xenonkungen.com\/produkt\/ledriving-hl-easy-h15\/#primaryimage","url":"https:\/\/xenonkungen.com\/wp-content\/uploads\/2025\/04\/215587777-origpic-104065.jpg","contentUrl":"https:\/\/xenonkungen.com\/wp-content\/uploads\/2025\/04\/215587777-origpic-104065.jpg","width":1072,"height":821},{"@type":"BreadcrumbList","@id":"https:\/\/xenonkungen.com\/produkt\/ledriving-hl-easy-h15\/#breadcrumb","itemListElement":[{"@type":"ListItem","position":1,"name":"Hem","item":"https:\/\/xenonkungen.com\/"},{"@type":"ListItem","position":2,"name":"Shop","item":"https:\/\/xenonkungen.com\/shop\/"},{"@type":"ListItem","position":3,"name":"LEDriving\u00ae HL EASY H15"}]},{"@type":"WebSite","@id":"https:\/\/xenonkungen.com\/#website","url":"https:\/\/xenonkungen.com\/","name":"Xenonkungen","description":"","potentialAction":[{"@type":"SearchAction","target":{"@type":"EntryPoint","urlTemplate":"https:\/\/xenonkungen.com\/?s={search_term_string}"},"query-input":{"@type":"PropertyValueSpecification","valueRequired":true,"valueName":"search_term_string"}}],"inLanguage":"es"}]}},"taxonomy_info":{"product_brand":[{"value":108,"label":"OSRAM"}],"product_cat":[{"value":2633,"label":"OSRAM Ledriving"},{"value":733,"label":"Halvljus \/ Helljus"}],"pa_faktisk-effekts-forbrukning":[{"value":2968,"label":"23"}],"pa_fargtemperatur":[{"value":353,"label":"6500K"}],"pa_lampsockel-kontakt":[{"value":736,"label":"H15"}],"pa_volt-v":[{"value":159,"label":"12"}]},"featured_image_src_large":["https:\/\/xenonkungen.com\/wp-content\/uploads\/2025\/04\/215587777-origpic-104065-1024x784.jpg",1024,784,true],"author_info":[],"comment_info":0,"_links":{"self":[{"href":"https:\/\/xenonkungen.com\/es\/wp-json\/wp\/v2\/product\/5872","targetHints":{"allow":["GET"]}}],"collection":[{"href":"https:\/\/xenonkungen.com\/es\/wp-json\/wp\/v2\/product"}],"about":[{"href":"https:\/\/xenonkungen.com\/es\/wp-json\/wp\/v2\/types\/product"}],"replies":[{"embeddable":true,"href":"https:\/\/xenonkungen.com\/es\/wp-json\/wp\/v2\/comments?post=5872"}],"wp:featuredmedia":[{"embeddable":true,"href":"https:\/\/xenonkungen.com\/es\/wp-json\/wp\/v2\/media\/5873"}],"wp:attachment":[{"href":"https:\/\/xenonkungen.com\/es\/wp-json\/wp\/v2\/media?parent=5872"}],"wp:term":[{"taxonomy":"anvandningsomrade","embeddable":true,"href":"https:\/\/xenonkungen.com\/es\/wp-json\/wp\/v2\/anvandningsomrade?post=5872"},{"taxonomy":"bilmarken","embeddable":true,"href":"https:\/\/xenonkungen.com\/es\/wp-json\/wp\/v2\/bilmarken?post=5872"},{"taxonomy":"product_brand","embeddable":true,"href":"https:\/\/xenonkungen.com\/es\/wp-json\/wp\/v2\/product_brand?post=5872"},{"taxonomy":"product_cat","embeddable":true,"href":"https:\/\/xenonkungen.com\/es\/wp-json\/wp\/v2\/product_cat?post=5872"},{"taxonomy":"product_tag","embeddable":true,"href":"https:\/\/xenonkungen.com\/es\/wp-json\/wp\/v2\/product_tag?post=5872"}],"curies":[{"name":"wp","href":"https:\/\/api.w.org\/{rel}","templated":true}]}}