{"id":5884,"date":"2025-04-15T09:36:49","date_gmt":"2025-04-15T09:36:49","guid":{"rendered":"https:\/\/xenonkungen.com\/product\/ledriving-ledlampa-sl-c5w-36-mm-vit\/"},"modified":"2026-04-17T15:58:57","modified_gmt":"2026-04-17T14:58:57","slug":"lampara-led-ledriving-sl-c5w-36-mm-blanca","status":"publish","type":"product","link":"https:\/\/xenonkungen.com\/es\/producto\/lampara-led-ledriving-sl-c5w-36-mm-blanca\/","title":{"rendered":"LEDriving\u00ae L\u00e1mpara LED SL C5W (36 mm) | Blanco"},"content":{"rendered":"<p>Bombilla LED de repuesto adecuada para C5W<\/p>\n<p>Con las bombillas de repuesto LEDriving SL C5W, podr\u00e1 disfrutar de una iluminaci\u00f3n moderna y potente en su veh\u00edculo. Estas bombillas est\u00e1n dise\u00f1adas para encajar perfectamente en todos los casquillos est\u00e1ndar C5W.<\/p>\n<p>Una de las ventajas m\u00e1s destacadas de estas bombillas LED de repuesto es su eficiencia energ\u00e9tica. Gracias a la tecnolog\u00eda LED, consumen mucha menos energ\u00eda que las bombillas tradicionales, pudiendo reducir el consumo hasta en un 80 %. Esto no solo reduce la carga sobre la bater\u00eda del veh\u00edculo, sino que tambi\u00e9n prolonga la vida \u00fatil de las bombillas.<\/p>\n<p>Las bombillas de repuesto LEDriving SL C5W ofrecen una impresionante temperatura de color de hasta 6000 Kelvin, proporcionando una iluminaci\u00f3n n\u00edtida y moderna. Puede tener la seguridad de que estas bombillas son de alta calidad, y OSRAM ofrece una generosa garant\u00eda de 4 a\u00f1os para las bombillas LEDriving SL.<\/p>\n<p>Tenga en cuenta, sin embargo, que estos productos no cuentan con la homologaci\u00f3n ECE para su uso en v\u00edas p\u00fablicas en aplicaciones exteriores. Est\u00e1n dise\u00f1ados para otros fines y deben utilizarse de conformidad con la normativa vigente.<\/p>\n<p>Con las bombillas de repuesto LEDriving SL C5W, puedes actualizar la iluminaci\u00f3n de tu veh\u00edculo a una soluci\u00f3n moderna y energ\u00e9ticamente eficiente que combina estilo y funcionalidad.<\/p>\n<p>Datos el\u00e9ctricos:<br \/>- Potencia m\u00e1xima: 0,8 W<br \/>- Tensi\u00f3n nominal: 12,0 V<br \/>- Potencia nominal: 0,60 W<br \/>- Tensi\u00f3n de prueba en voltios: 13,5 V<br \/>- Tolerancia de consumo: \u00b125 %<\/p>\n<p>Datos fotom\u00e9tricos:<br \/>\u2013 Flujo luminoso: 45 lm<br \/>\u2013 Flujo luminoso, tolerancia: \u00b130 %<br \/>- Temperatura de color: 6000 K<br \/>- Color de la luz LED: blanco fr\u00edo<\/p>\n<p>Dimensiones:<br \/>\u2013 Di\u00e1metro: 11,0 mm<br \/>\u2013 Peso del producto: 2,90 g<br \/>\u2013 Longitud: 36,0 mm<\/p>\n<p>Esperanza de vida:<br \/>- Vida \u00fatil B3: 2500 h<br \/>\u2013 Vida \u00fatil Tc en horas: 5000 h<br \/>- Garant\u00eda: 4 a\u00f1os<\/p>\n<p>Datos suplementarios del producto:<br \/>\u2013 Enchufe: SV8.5-8<\/p>","protected":false},"excerpt":{"rendered":"<p>L\u00e4mplig LED-ers\u00e4ttningslampa f\u00f6r C5W Med LEDriving SL C5W-ers\u00e4ttningslampor kan du njuta av ett modernt och kraftfullt ljus i ditt fordon. Dessa ers\u00e4ttningslampor \u00e4r utformade f\u00f6r att passa perfekt i alla standard C5W-lampsocklar. En av de framst\u00e5ende f\u00f6rdelarna med dessa LED-ers\u00e4ttningslampor \u00e4r deras energieffektivitet. Genom att anv\u00e4nda LED-teknik f\u00f6rbrukar de betydligt mindre energi \u00e4n traditionella lampor, [&hellip;]<\/p>","protected":false},"featured_media":5885,"comment_status":"closed","ping_status":"open","template":"","meta":{"_acf_changed":false,"_smort_price_nok":"59","_smort_price_dkk":"37","_smort_price_eur":"5","_smort_sale_price_nok":"","_smort_sale_price_dkk":"","_smort_sale_price_eur":"","smort_restorder":"","shipmondo_restorder":"","_kad_blocks_custom_css":"","_kad_blocks_head_custom_js":"","_kad_blocks_body_custom_js":"","_kad_blocks_footer_custom_js":"","smort_custom_pricelist_1":"35.2","smort_custom_pricelist_2":"33","smort_custom_pricelist_3":"31.35","smort_custom_pricelist_4":"44","smort_custom_pricelist_5":"32.76"},"anvandningsomrade":[],"bilmarken":[],"product_brand":[108],"product_cat":[2454,2452,2453,338],"product_tag":[],"class_list":{"0":"post-5884","1":"product","2":"type-product","3":"status-publish","4":"has-post-thumbnail","6":"product_brand-osram","7":"product_cat-31-42mm","8":"product_cat-c5w","9":"product_cat-sv85","10":"product_cat-diodlampor","11":"pa_faktisk-effekts-forbrukning-1673","12":"pa_fargtemperatur-6000k","13":"pa_lampsockel-kontakt-c5w","14":"pa_volt-v-159","16":"first","17":"instock","18":"taxable","19":"shipping-taxable","20":"purchasable","21":"product-type-simple"},"bundled_by":[],"bundle_stock_status":"instock","bundle_stock_quantity":10,"bundle_virtual":false,"bundle_layout":"","bundle_add_to_cart_form_location":"","bundle_editable_in_cart":false,"bundle_sold_individually_context":"","bundle_item_grouping":"","bundle_min_size":"","bundle_max_size":"","bundle_price":[],"bundled_items":[],"bundle_sell_ids":[],"acf":[],"yoast_head":"<!-- This site is optimized with the Yoast SEO plugin v27.0 - https:\/\/yoast.com\/product\/yoast-seo-wordpress\/ -->\n<title>LEDriving\u00ae LEDlampa SL C5W (36 mm) | Vit - Xenonkungen<\/title>\n<meta name=\"robots\" content=\"index, follow, max-snippet:-1, max-image-preview:large, max-video-preview:-1\" \/>\n<link rel=\"canonical\" href=\"https:\/\/xenonkungen.com\/es\/producto\/lampara-led-ledriving-sl-c5w-36-mm-blanca\/\" \/>\n<meta property=\"og:locale\" content=\"es_ES\" \/>\n<meta property=\"og:type\" content=\"article\" \/>\n<meta property=\"og:title\" content=\"LEDriving\u00ae LEDlampa SL C5W (36 mm) | Vit - Xenonkungen\" \/>\n<meta property=\"og:description\" content=\"L\u00e4mplig LED-ers\u00e4ttningslampa f\u00f6r C5W Med LEDriving SL C5W-ers\u00e4ttningslampor kan du njuta av ett modernt och kraftfullt ljus i ditt fordon. Dessa ers\u00e4ttningslampor \u00e4r utformade f\u00f6r att passa perfekt i alla standard C5W-lampsocklar. En av de framst\u00e5ende f\u00f6rdelarna med dessa LED-ers\u00e4ttningslampor \u00e4r deras energieffektivitet. Genom att anv\u00e4nda LED-teknik f\u00f6rbrukar de betydligt mindre energi \u00e4n traditionella lampor, [&hellip;]\" \/>\n<meta property=\"og:url\" content=\"https:\/\/xenonkungen.com\/es\/producto\/lampara-led-ledriving-sl-c5w-36-mm-blanca\/\" \/>\n<meta property=\"og:site_name\" content=\"Xenonkungen\" \/>\n<meta property=\"article:modified_time\" content=\"2026-04-17T14:58:57+00:00\" \/>\n<meta property=\"og:image\" content=\"https:\/\/xenonkungen.com\/wp-content\/uploads\/2025\/04\/201830663-origpic-312f59.jpg\" \/>\n\t<meta property=\"og:image:width\" content=\"691\" \/>\n\t<meta property=\"og:image:height\" content=\"1000\" \/>\n\t<meta property=\"og:image:type\" content=\"image\/jpeg\" \/>\n<meta name=\"twitter:card\" content=\"summary_large_image\" \/>\n<meta name=\"twitter:label1\" content=\"Tiempo de lectura\" \/>\n\t<meta name=\"twitter:data1\" content=\"1 minuto\" \/>\n<script type=\"application\/ld+json\" class=\"yoast-schema-graph\">{\"@context\":\"https:\/\/schema.org\",\"@graph\":[{\"@type\":\"WebPage\",\"@id\":\"https:\/\/xenonkungen.com\/produkt\/ledriving-ledlampa-sl-c5w-36-mm-vit\/\",\"url\":\"https:\/\/xenonkungen.com\/produkt\/ledriving-ledlampa-sl-c5w-36-mm-vit\/\",\"name\":\"LEDriving\u00ae LEDlampa SL C5W (36 mm) | Vit - Xenonkungen\",\"isPartOf\":{\"@id\":\"https:\/\/xenonkungen.com\/#website\"},\"primaryImageOfPage\":{\"@id\":\"https:\/\/xenonkungen.com\/produkt\/ledriving-ledlampa-sl-c5w-36-mm-vit\/#primaryimage\"},\"image\":{\"@id\":\"https:\/\/xenonkungen.com\/produkt\/ledriving-ledlampa-sl-c5w-36-mm-vit\/#primaryimage\"},\"thumbnailUrl\":\"https:\/\/xenonkungen.com\/wp-content\/uploads\/2025\/04\/201830663-origpic-312f59.jpg\",\"datePublished\":\"2025-04-15T09:36:49+00:00\",\"dateModified\":\"2026-04-17T14:58:57+00:00\",\"breadcrumb\":{\"@id\":\"https:\/\/xenonkungen.com\/produkt\/ledriving-ledlampa-sl-c5w-36-mm-vit\/#breadcrumb\"},\"inLanguage\":\"es\",\"potentialAction\":[{\"@type\":\"ReadAction\",\"target\":[\"https:\/\/xenonkungen.com\/produkt\/ledriving-ledlampa-sl-c5w-36-mm-vit\/\"]}]},{\"@type\":\"ImageObject\",\"inLanguage\":\"es\",\"@id\":\"https:\/\/xenonkungen.com\/produkt\/ledriving-ledlampa-sl-c5w-36-mm-vit\/#primaryimage\",\"url\":\"https:\/\/xenonkungen.com\/wp-content\/uploads\/2025\/04\/201830663-origpic-312f59.jpg\",\"contentUrl\":\"https:\/\/xenonkungen.com\/wp-content\/uploads\/2025\/04\/201830663-origpic-312f59.jpg\",\"width\":691,\"height\":1000},{\"@type\":\"BreadcrumbList\",\"@id\":\"https:\/\/xenonkungen.com\/produkt\/ledriving-ledlampa-sl-c5w-36-mm-vit\/#breadcrumb\",\"itemListElement\":[{\"@type\":\"ListItem\",\"position\":1,\"name\":\"Hem\",\"item\":\"https:\/\/xenonkungen.com\/\"},{\"@type\":\"ListItem\",\"position\":2,\"name\":\"Shop\",\"item\":\"https:\/\/xenonkungen.com\/shop\/\"},{\"@type\":\"ListItem\",\"position\":3,\"name\":\"LEDriving\u00ae LEDlampa SL C5W (36 mm) | Vit\"}]},{\"@type\":\"WebSite\",\"@id\":\"https:\/\/xenonkungen.com\/#website\",\"url\":\"https:\/\/xenonkungen.com\/\",\"name\":\"Xenonkungen\",\"description\":\"\",\"potentialAction\":[{\"@type\":\"SearchAction\",\"target\":{\"@type\":\"EntryPoint\",\"urlTemplate\":\"https:\/\/xenonkungen.com\/?s={search_term_string}\"},\"query-input\":{\"@type\":\"PropertyValueSpecification\",\"valueRequired\":true,\"valueName\":\"search_term_string\"}}],\"inLanguage\":\"es\"}]}<\/script>\n<!-- \/ Yoast SEO plugin. -->","yoast_head_json":{"title":"L\u00e1mpara LED LEDriving\u00ae SL C5W (36 mm) | Blanca - El rey del xen\u00f3n","robots":{"index":"index","follow":"follow","max-snippet":"max-snippet:-1","max-image-preview":"max-image-preview:large","max-video-preview":"max-video-preview:-1"},"canonical":"https:\/\/xenonkungen.com\/es\/producto\/lampara-led-ledriving-sl-c5w-36-mm-blanca\/","og_locale":"es_ES","og_type":"article","og_title":"LEDriving\u00ae LEDlampa SL C5W (36 mm) | Vit - Xenonkungen","og_description":"L\u00e4mplig LED-ers\u00e4ttningslampa f\u00f6r C5W Med LEDriving SL C5W-ers\u00e4ttningslampor kan du njuta av ett modernt och kraftfullt ljus i ditt fordon. Dessa ers\u00e4ttningslampor \u00e4r utformade f\u00f6r att passa perfekt i alla standard C5W-lampsocklar. En av de framst\u00e5ende f\u00f6rdelarna med dessa LED-ers\u00e4ttningslampor \u00e4r deras energieffektivitet. Genom att anv\u00e4nda LED-teknik f\u00f6rbrukar de betydligt mindre energi \u00e4n traditionella lampor, [&hellip;]","og_url":"https:\/\/xenonkungen.com\/es\/producto\/lampara-led-ledriving-sl-c5w-36-mm-blanca\/","og_site_name":"Xenonkungen","article_modified_time":"2026-04-17T14:58:57+00:00","og_image":[{"width":691,"height":1000,"url":"https:\/\/xenonkungen.com\/wp-content\/uploads\/2025\/04\/201830663-origpic-312f59.jpg","type":"image\/jpeg"}],"twitter_card":"summary_large_image","twitter_misc":{"Tiempo de lectura":"1 minuto"},"schema":{"@context":"https:\/\/schema.org","@graph":[{"@type":"WebPage","@id":"https:\/\/xenonkungen.com\/produkt\/ledriving-ledlampa-sl-c5w-36-mm-vit\/","url":"https:\/\/xenonkungen.com\/produkt\/ledriving-ledlampa-sl-c5w-36-mm-vit\/","name":"L\u00e1mpara LED LEDriving\u00ae SL C5W (36 mm) | Blanca - El rey del xen\u00f3n","isPartOf":{"@id":"https:\/\/xenonkungen.com\/#website"},"primaryImageOfPage":{"@id":"https:\/\/xenonkungen.com\/produkt\/ledriving-ledlampa-sl-c5w-36-mm-vit\/#primaryimage"},"image":{"@id":"https:\/\/xenonkungen.com\/produkt\/ledriving-ledlampa-sl-c5w-36-mm-vit\/#primaryimage"},"thumbnailUrl":"https:\/\/xenonkungen.com\/wp-content\/uploads\/2025\/04\/201830663-origpic-312f59.jpg","datePublished":"2025-04-15T09:36:49+00:00","dateModified":"2026-04-17T14:58:57+00:00","breadcrumb":{"@id":"https:\/\/xenonkungen.com\/produkt\/ledriving-ledlampa-sl-c5w-36-mm-vit\/#breadcrumb"},"inLanguage":"es","potentialAction":[{"@type":"ReadAction","target":["https:\/\/xenonkungen.com\/produkt\/ledriving-ledlampa-sl-c5w-36-mm-vit\/"]}]},{"@type":"ImageObject","inLanguage":"es","@id":"https:\/\/xenonkungen.com\/produkt\/ledriving-ledlampa-sl-c5w-36-mm-vit\/#primaryimage","url":"https:\/\/xenonkungen.com\/wp-content\/uploads\/2025\/04\/201830663-origpic-312f59.jpg","contentUrl":"https:\/\/xenonkungen.com\/wp-content\/uploads\/2025\/04\/201830663-origpic-312f59.jpg","width":691,"height":1000},{"@type":"BreadcrumbList","@id":"https:\/\/xenonkungen.com\/produkt\/ledriving-ledlampa-sl-c5w-36-mm-vit\/#breadcrumb","itemListElement":[{"@type":"ListItem","position":1,"name":"Hem","item":"https:\/\/xenonkungen.com\/"},{"@type":"ListItem","position":2,"name":"Shop","item":"https:\/\/xenonkungen.com\/shop\/"},{"@type":"ListItem","position":3,"name":"LEDriving\u00ae LEDlampa SL C5W (36 mm) | Vit"}]},{"@type":"WebSite","@id":"https:\/\/xenonkungen.com\/#website","url":"https:\/\/xenonkungen.com\/","name":"Xenonkungen","description":"","potentialAction":[{"@type":"SearchAction","target":{"@type":"EntryPoint","urlTemplate":"https:\/\/xenonkungen.com\/?s={search_term_string}"},"query-input":{"@type":"PropertyValueSpecification","valueRequired":true,"valueName":"search_term_string"}}],"inLanguage":"es"}]}},"taxonomy_info":{"product_brand":[{"value":108,"label":"OSRAM"}],"product_cat":[{"value":2454,"label":"31-42mm"},{"value":2452,"label":"C5W"},{"value":2453,"label":"SV8,5"},{"value":338,"label":"Diodlampor"}],"pa_faktisk-effekts-forbrukning":[{"value":1673,"label":"0,8"}],"pa_fargtemperatur":[{"value":188,"label":"6000K"}],"pa_lampsockel-kontakt":[{"value":380,"label":"C5W"}],"pa_volt-v":[{"value":159,"label":"12"}]},"featured_image_src_large":["https:\/\/xenonkungen.com\/wp-content\/uploads\/2025\/04\/201830663-origpic-312f59.jpg",691,1000,false],"author_info":[],"comment_info":1,"_links":{"self":[{"href":"https:\/\/xenonkungen.com\/es\/wp-json\/wp\/v2\/product\/5884","targetHints":{"allow":["GET"]}}],"collection":[{"href":"https:\/\/xenonkungen.com\/es\/wp-json\/wp\/v2\/product"}],"about":[{"href":"https:\/\/xenonkungen.com\/es\/wp-json\/wp\/v2\/types\/product"}],"replies":[{"embeddable":true,"href":"https:\/\/xenonkungen.com\/es\/wp-json\/wp\/v2\/comments?post=5884"}],"wp:featuredmedia":[{"embeddable":true,"href":"https:\/\/xenonkungen.com\/es\/wp-json\/wp\/v2\/media\/5885"}],"wp:attachment":[{"href":"https:\/\/xenonkungen.com\/es\/wp-json\/wp\/v2\/media?parent=5884"}],"wp:term":[{"taxonomy":"anvandningsomrade","embeddable":true,"href":"https:\/\/xenonkungen.com\/es\/wp-json\/wp\/v2\/anvandningsomrade?post=5884"},{"taxonomy":"bilmarken","embeddable":true,"href":"https:\/\/xenonkungen.com\/es\/wp-json\/wp\/v2\/bilmarken?post=5884"},{"taxonomy":"product_brand","embeddable":true,"href":"https:\/\/xenonkungen.com\/es\/wp-json\/wp\/v2\/product_brand?post=5884"},{"taxonomy":"product_cat","embeddable":true,"href":"https:\/\/xenonkungen.com\/es\/wp-json\/wp\/v2\/product_cat?post=5884"},{"taxonomy":"product_tag","embeddable":true,"href":"https:\/\/xenonkungen.com\/es\/wp-json\/wp\/v2\/product_tag?post=5884"}],"curies":[{"name":"wp","href":"https:\/\/api.w.org\/{rel}","templated":true}]}}