{"id":5889,"date":"2025-04-15T09:36:49","date_gmt":"2025-04-15T09:36:49","guid":{"rendered":"https:\/\/xenonkungen.com\/product\/ledriving-hl-bright-h4-h19\/"},"modified":"2026-04-11T01:23:42","modified_gmt":"2026-04-11T00:23:42","slug":"led-de-conduccion-hl-brillante-h4-h19","status":"publish","type":"product","link":"https:\/\/xenonkungen.com\/es\/producto\/led-de-conduccion-hl-brillante-h4-h19\/","title":{"rendered":"LEDriving\u00ae HL BRIGHT H4\/H19"},"content":{"rendered":"<div class=\"product-description\">\n<h1>Descubra OSRAM LEDriving HL BRIGHT<\/h1>\n<p>Una luz LED retrofit de alto rendimiento que lleva la iluminaci\u00f3n de su coche al siguiente nivel. Con la <strong>hasta +300% m\u00e1s brillo<\/strong> en comparaci\u00f3n con las l\u00e1mparas hal\u00f3genas est\u00e1ndar (seg\u00fan ECE R112), no s\u00f3lo obtendr\u00e1 una visibilidad excepcional, sino tambi\u00e9n un aspecto elegante y moderno gracias a las <strong>la fr\u00eda luz blanca de 6000K<\/strong>. Ya se trate de se\u00f1ales, obst\u00e1culos o peligros en la carretera, lo ver\u00e1 todo antes y con mayor claridad, lo que le proporcionar\u00e1 una mayor seguridad al volante.<\/p>\n<p>La distribuci\u00f3n optimizada de la luz tambi\u00e9n reduce el deslumbramiento, y con <strong>La calidad superior de OSRAM<\/strong> y la avanzada tecnolog\u00eda LED, obtendr\u00e1 una l\u00e1mpara que dura hasta <strong>5 veces m\u00e1s<\/strong> que las l\u00e1mparas normales. Las l\u00e1mparas LEDriving HL BRIGHT se suministran por pares y vienen con un <strong>4 a\u00f1os de garant\u00eda<\/strong>haciendo de esta una inversi\u00f3n segura para usted y su coche.<\/p>\n<h2>F\u00e1cil instalaci\u00f3n y alta compatibilidad<\/h2>\n<p>Con su dise\u00f1o compacto y f\u00e1cil instalaci\u00f3n, estas luces son ideales para coches con l\u00e1mparas hal\u00f3genas y sistemas de 12V. Sin embargo, tenga en cuenta que estas l\u00e1mparas no est\u00e1n homologadas por la CEE y est\u00e1n destinadas a un uso fuera de carretera.<\/p>\n<p>Dale a tu coche la actualizaci\u00f3n que se merece: combina <strong>estilo moderno y mayor seguridad<\/strong> con OSRAM LEDriving HL BRIGHT.<\/p>\n<h3><strong>Especificaciones t\u00e9cnicas<\/strong><\/h3>\n<p><strong>Datos el\u00e9ctricos<\/strong><\/p>\n<p>- Consumo: 15 \/ 15 W<br \/>- Tensi\u00f3n nominal: 12,0 V<br \/>- Potencia nominal: 15 W<\/p>\n<p><strong>Datos fotom\u00e9tricos<\/strong><\/p>\n<p>- Flujo luminoso nominal: 1400\/1100 lm<br \/>- Tolerancia del flujo luminoso: \u00b120 %<br \/>- Color de la luz LED: blanco fr\u00edo<br \/>- Temperatura de color: 6000 K<\/p>\n<p><strong>Propiedades f\u00edsicas y dimensiones<\/strong><\/p>\n<p>- Longitud: 80,2 mm<br \/>- Di\u00e1metro: 14,0 mm<br \/>- Peso del producto: 80,00 g<br \/>- Portal\u00e1mparas: <span>P43t<\/span><\/p>\n<p><strong>Datos de por vida<\/strong><\/p>\n<p>- Vida \u00fatil Tc: 5000 horas<\/p>\n<p><strong>Garant\u00eda:<\/strong><\/p>\n<p>- 4 a\u00f1os<\/p>\n<\/div>","protected":false},"excerpt":{"rendered":"<p>LEDriving\u00ae HL BRIGHT H4\/H19 ofrece una potente iluminaci\u00f3n LED con 1100\/1400 l\u00famenes y una temperatura de color de 6000K. Esta l\u00e1mpara de 12 V combina un alto rendimiento con una moderna luz blanca fr\u00eda, aportando mayor visibilidad y estilo a su veh\u00edculo.<\/p>","protected":false},"featured_media":5890,"comment_status":"closed","ping_status":"open","template":"","meta":{"_acf_changed":false,"_smort_price_nok":"1490","_smort_price_dkk":"947","_smort_price_eur":"126.81","_smort_sale_price_nok":"","_smort_sale_price_dkk":"","_smort_sale_price_eur":"","smort_restorder":"","shipmondo_restorder":"","_kad_blocks_custom_css":"","_kad_blocks_head_custom_js":"","_kad_blocks_body_custom_js":"","_kad_blocks_footer_custom_js":"","smort_custom_pricelist_1":"892.8","smort_custom_pricelist_2":"781.2","smort_custom_pricelist_3":"725.4","smort_custom_pricelist_4":"1116","smort_custom_pricelist_5":"781.2"},"anvandningsomrade":[],"bilmarken":[],"product_brand":[108],"product_cat":[2633,733],"product_tag":[],"class_list":{"0":"post-5889","1":"product","2":"type-product","3":"status-publish","4":"has-post-thumbnail","6":"product_brand-osram","7":"product_cat-osram-ledriving-halvljus-helljus","8":"product_cat-halvljus-helljus","9":"pa_faktisk-effekts-forbrukning-537","10":"pa_fargtemperatur-6000k","11":"pa_lampsockel-kontakt-h4-h19","12":"pa_volt-v-159","14":"first","15":"instock","16":"taxable","17":"shipping-taxable","18":"purchasable","19":"product-type-simple"},"bundled_by":[],"bundle_stock_status":"instock","bundle_stock_quantity":12,"bundle_virtual":false,"bundle_layout":"","bundle_add_to_cart_form_location":"","bundle_editable_in_cart":false,"bundle_sold_individually_context":"","bundle_item_grouping":"","bundle_min_size":"","bundle_max_size":"","bundle_price":[],"bundled_items":[],"bundle_sell_ids":[],"acf":[],"yoast_head":"<!-- This site is optimized with the Yoast SEO plugin v27.0 - https:\/\/yoast.com\/product\/yoast-seo-wordpress\/ -->\n<title>LEDriving\u00ae HL BRIGHT H4\/H19 - Xenonkungen<\/title>\n<meta name=\"robots\" content=\"index, follow, max-snippet:-1, max-image-preview:large, max-video-preview:-1\" \/>\n<link rel=\"canonical\" href=\"https:\/\/xenonkungen.com\/es\/producto\/led-de-conduccion-hl-brillante-h4-h19\/\" \/>\n<meta property=\"og:locale\" content=\"es_ES\" \/>\n<meta property=\"og:type\" content=\"article\" \/>\n<meta property=\"og:title\" content=\"LEDriving\u00ae HL BRIGHT H4\/H19 - Xenonkungen\" \/>\n<meta property=\"og:description\" content=\"LEDriving\u00ae HL BRIGHT H4\/H19 erbjuder kraftfull LED-belysning med 1100\/1400 lumen och en f\u00e4rgtemperatur p\u00e5 6000K. Denna 12V-lampa kombinerar h\u00f6g prestanda med ett modernt, kallvitt ljus, vilket ger f\u00f6rb\u00e4ttrad sikt och stil till ditt fordon.\" \/>\n<meta property=\"og:url\" content=\"https:\/\/xenonkungen.com\/es\/producto\/led-de-conduccion-hl-brillante-h4-h19\/\" \/>\n<meta property=\"og:site_name\" content=\"Xenonkungen\" \/>\n<meta property=\"article:modified_time\" content=\"2026-04-11T00:23:42+00:00\" \/>\n<meta property=\"og:image\" content=\"https:\/\/xenonkungen.com\/wp-content\/uploads\/2025\/04\/215797193-origpic-504f39.jpg\" \/>\n\t<meta property=\"og:image:width\" content=\"1024\" \/>\n\t<meta property=\"og:image:height\" content=\"674\" \/>\n\t<meta property=\"og:image:type\" content=\"image\/jpeg\" \/>\n<meta name=\"twitter:card\" content=\"summary_large_image\" \/>\n<meta name=\"twitter:label1\" content=\"Tiempo de lectura\" \/>\n\t<meta name=\"twitter:data1\" content=\"1 minuto\" \/>\n<script type=\"application\/ld+json\" class=\"yoast-schema-graph\">{\"@context\":\"https:\/\/schema.org\",\"@graph\":[{\"@type\":\"WebPage\",\"@id\":\"https:\/\/xenonkungen.com\/produkt\/ledriving-hl-bright-h4-h19\/\",\"url\":\"https:\/\/xenonkungen.com\/produkt\/ledriving-hl-bright-h4-h19\/\",\"name\":\"LEDriving\u00ae HL BRIGHT H4\/H19 - Xenonkungen\",\"isPartOf\":{\"@id\":\"https:\/\/xenonkungen.com\/#website\"},\"primaryImageOfPage\":{\"@id\":\"https:\/\/xenonkungen.com\/produkt\/ledriving-hl-bright-h4-h19\/#primaryimage\"},\"image\":{\"@id\":\"https:\/\/xenonkungen.com\/produkt\/ledriving-hl-bright-h4-h19\/#primaryimage\"},\"thumbnailUrl\":\"https:\/\/xenonkungen.com\/wp-content\/uploads\/2025\/04\/215797193-origpic-504f39.jpg\",\"datePublished\":\"2025-04-15T09:36:49+00:00\",\"dateModified\":\"2026-04-11T00:23:42+00:00\",\"breadcrumb\":{\"@id\":\"https:\/\/xenonkungen.com\/produkt\/ledriving-hl-bright-h4-h19\/#breadcrumb\"},\"inLanguage\":\"es\",\"potentialAction\":[{\"@type\":\"ReadAction\",\"target\":[\"https:\/\/xenonkungen.com\/produkt\/ledriving-hl-bright-h4-h19\/\"]}]},{\"@type\":\"ImageObject\",\"inLanguage\":\"es\",\"@id\":\"https:\/\/xenonkungen.com\/produkt\/ledriving-hl-bright-h4-h19\/#primaryimage\",\"url\":\"https:\/\/xenonkungen.com\/wp-content\/uploads\/2025\/04\/215797193-origpic-504f39.jpg\",\"contentUrl\":\"https:\/\/xenonkungen.com\/wp-content\/uploads\/2025\/04\/215797193-origpic-504f39.jpg\",\"width\":1024,\"height\":674},{\"@type\":\"BreadcrumbList\",\"@id\":\"https:\/\/xenonkungen.com\/produkt\/ledriving-hl-bright-h4-h19\/#breadcrumb\",\"itemListElement\":[{\"@type\":\"ListItem\",\"position\":1,\"name\":\"Hem\",\"item\":\"https:\/\/xenonkungen.com\/\"},{\"@type\":\"ListItem\",\"position\":2,\"name\":\"Shop\",\"item\":\"https:\/\/xenonkungen.com\/shop\/\"},{\"@type\":\"ListItem\",\"position\":3,\"name\":\"LEDriving\u00ae HL BRIGHT H4\/H19\"}]},{\"@type\":\"WebSite\",\"@id\":\"https:\/\/xenonkungen.com\/#website\",\"url\":\"https:\/\/xenonkungen.com\/\",\"name\":\"Xenonkungen\",\"description\":\"\",\"potentialAction\":[{\"@type\":\"SearchAction\",\"target\":{\"@type\":\"EntryPoint\",\"urlTemplate\":\"https:\/\/xenonkungen.com\/?s={search_term_string}\"},\"query-input\":{\"@type\":\"PropertyValueSpecification\",\"valueRequired\":true,\"valueName\":\"search_term_string\"}}],\"inLanguage\":\"es\"}]}<\/script>\n<!-- \/ Yoast SEO plugin. -->","yoast_head_json":{"title":"LEDriving\u00ae HL BRIGHT H4\/H19 - El rey del xen\u00f3n","robots":{"index":"index","follow":"follow","max-snippet":"max-snippet:-1","max-image-preview":"max-image-preview:large","max-video-preview":"max-video-preview:-1"},"canonical":"https:\/\/xenonkungen.com\/es\/producto\/led-de-conduccion-hl-brillante-h4-h19\/","og_locale":"es_ES","og_type":"article","og_title":"LEDriving\u00ae HL BRIGHT H4\/H19 - Xenonkungen","og_description":"LEDriving\u00ae HL BRIGHT H4\/H19 erbjuder kraftfull LED-belysning med 1100\/1400 lumen och en f\u00e4rgtemperatur p\u00e5 6000K. Denna 12V-lampa kombinerar h\u00f6g prestanda med ett modernt, kallvitt ljus, vilket ger f\u00f6rb\u00e4ttrad sikt och stil till ditt fordon.","og_url":"https:\/\/xenonkungen.com\/es\/producto\/led-de-conduccion-hl-brillante-h4-h19\/","og_site_name":"Xenonkungen","article_modified_time":"2026-04-11T00:23:42+00:00","og_image":[{"width":1024,"height":674,"url":"https:\/\/xenonkungen.com\/wp-content\/uploads\/2025\/04\/215797193-origpic-504f39.jpg","type":"image\/jpeg"}],"twitter_card":"summary_large_image","twitter_misc":{"Tiempo de lectura":"1 minuto"},"schema":{"@context":"https:\/\/schema.org","@graph":[{"@type":"WebPage","@id":"https:\/\/xenonkungen.com\/produkt\/ledriving-hl-bright-h4-h19\/","url":"https:\/\/xenonkungen.com\/produkt\/ledriving-hl-bright-h4-h19\/","name":"LEDriving\u00ae HL BRIGHT H4\/H19 - El rey del xen\u00f3n","isPartOf":{"@id":"https:\/\/xenonkungen.com\/#website"},"primaryImageOfPage":{"@id":"https:\/\/xenonkungen.com\/produkt\/ledriving-hl-bright-h4-h19\/#primaryimage"},"image":{"@id":"https:\/\/xenonkungen.com\/produkt\/ledriving-hl-bright-h4-h19\/#primaryimage"},"thumbnailUrl":"https:\/\/xenonkungen.com\/wp-content\/uploads\/2025\/04\/215797193-origpic-504f39.jpg","datePublished":"2025-04-15T09:36:49+00:00","dateModified":"2026-04-11T00:23:42+00:00","breadcrumb":{"@id":"https:\/\/xenonkungen.com\/produkt\/ledriving-hl-bright-h4-h19\/#breadcrumb"},"inLanguage":"es","potentialAction":[{"@type":"ReadAction","target":["https:\/\/xenonkungen.com\/produkt\/ledriving-hl-bright-h4-h19\/"]}]},{"@type":"ImageObject","inLanguage":"es","@id":"https:\/\/xenonkungen.com\/produkt\/ledriving-hl-bright-h4-h19\/#primaryimage","url":"https:\/\/xenonkungen.com\/wp-content\/uploads\/2025\/04\/215797193-origpic-504f39.jpg","contentUrl":"https:\/\/xenonkungen.com\/wp-content\/uploads\/2025\/04\/215797193-origpic-504f39.jpg","width":1024,"height":674},{"@type":"BreadcrumbList","@id":"https:\/\/xenonkungen.com\/produkt\/ledriving-hl-bright-h4-h19\/#breadcrumb","itemListElement":[{"@type":"ListItem","position":1,"name":"Hem","item":"https:\/\/xenonkungen.com\/"},{"@type":"ListItem","position":2,"name":"Shop","item":"https:\/\/xenonkungen.com\/shop\/"},{"@type":"ListItem","position":3,"name":"LEDriving\u00ae HL BRIGHT H4\/H19"}]},{"@type":"WebSite","@id":"https:\/\/xenonkungen.com\/#website","url":"https:\/\/xenonkungen.com\/","name":"Xenonkungen","description":"","potentialAction":[{"@type":"SearchAction","target":{"@type":"EntryPoint","urlTemplate":"https:\/\/xenonkungen.com\/?s={search_term_string}"},"query-input":{"@type":"PropertyValueSpecification","valueRequired":true,"valueName":"search_term_string"}}],"inLanguage":"es"}]}},"taxonomy_info":{"product_brand":[{"value":108,"label":"OSRAM"}],"product_cat":[{"value":2633,"label":"OSRAM Ledriving"},{"value":733,"label":"Halvljus \/ Helljus"}],"pa_faktisk-effekts-forbrukning":[{"value":537,"label":"15"}],"pa_fargtemperatur":[{"value":188,"label":"6000K"}],"pa_lampsockel-kontakt":[{"value":1699,"label":"H4, H19"}],"pa_volt-v":[{"value":159,"label":"12"}]},"featured_image_src_large":["https:\/\/xenonkungen.com\/wp-content\/uploads\/2025\/04\/215797193-origpic-504f39.jpg",1024,674,false],"author_info":[],"comment_info":0,"_links":{"self":[{"href":"https:\/\/xenonkungen.com\/es\/wp-json\/wp\/v2\/product\/5889","targetHints":{"allow":["GET"]}}],"collection":[{"href":"https:\/\/xenonkungen.com\/es\/wp-json\/wp\/v2\/product"}],"about":[{"href":"https:\/\/xenonkungen.com\/es\/wp-json\/wp\/v2\/types\/product"}],"replies":[{"embeddable":true,"href":"https:\/\/xenonkungen.com\/es\/wp-json\/wp\/v2\/comments?post=5889"}],"wp:featuredmedia":[{"embeddable":true,"href":"https:\/\/xenonkungen.com\/es\/wp-json\/wp\/v2\/media\/5890"}],"wp:attachment":[{"href":"https:\/\/xenonkungen.com\/es\/wp-json\/wp\/v2\/media?parent=5889"}],"wp:term":[{"taxonomy":"anvandningsomrade","embeddable":true,"href":"https:\/\/xenonkungen.com\/es\/wp-json\/wp\/v2\/anvandningsomrade?post=5889"},{"taxonomy":"bilmarken","embeddable":true,"href":"https:\/\/xenonkungen.com\/es\/wp-json\/wp\/v2\/bilmarken?post=5889"},{"taxonomy":"product_brand","embeddable":true,"href":"https:\/\/xenonkungen.com\/es\/wp-json\/wp\/v2\/product_brand?post=5889"},{"taxonomy":"product_cat","embeddable":true,"href":"https:\/\/xenonkungen.com\/es\/wp-json\/wp\/v2\/product_cat?post=5889"},{"taxonomy":"product_tag","embeddable":true,"href":"https:\/\/xenonkungen.com\/es\/wp-json\/wp\/v2\/product_tag?post=5889"}],"curies":[{"name":"wp","href":"https:\/\/api.w.org\/{rel}","templated":true}]}}