{"id":5906,"date":"2025-04-15T09:37:08","date_gmt":"2025-04-15T09:37:08","guid":{"rendered":"https:\/\/xenonkungen.com\/product\/night-breaker-led-smart-mc-h4\/"},"modified":"2025-12-10T14:47:10","modified_gmt":"2025-12-10T13:47:10","slug":"night-breaker-led-smart-mc-h4","status":"publish","type":"product","link":"https:\/\/xenonkungen.com\/es\/producto\/night-breaker-led-smart-mc-h4\/","title":{"rendered":"NIGHT BREAKER\u00ae LED SMART | MC | H4"},"content":{"rendered":"<h2>Mejora la iluminaci\u00f3n de tu coche con OSRAM NIGHT BREAKER LED SMART<\/h2>\n<p>Las farolas LED retrofit del futuro. Estas luces innovadoras y de dise\u00f1o compacto ofrecen hasta <strong>330 % m\u00e1s brillo<\/strong> en comparaci\u00f3n con las l\u00e1mparas hal\u00f3genas tradicionales y proporcionan una luz blanca brillante y moderna de hasta <strong>6000 Kelvin<\/strong>. Perfecto para quienes buscan estilo y seguridad en la carretera.<\/p>\n<ul>\n<li>Hasta 330 % m\u00e1s de luz<\/li>\n<li>Legal para circular por la calle y compatible con m\u00e1s veh\u00edculos<\/li>\n<li>Mayor vida \u00fatil y menor consumo de energ\u00eda<\/li>\n<li>Moderna luz blanca (6000K) para una mejor visibilidad<\/li>\n<li>Garant\u00eda de OSRAM<\/li>\n<\/ul>\n<p>Con hasta <strong>Vida \u00fatil 6 veces superior<\/strong> gracias a su dise\u00f1o resistente a las vibraciones y <strong>60 % menor consumo de energ\u00eda<\/strong>Con OSRAM NIGHT BREAKER LED SMART, no s\u00f3lo obtendr\u00e1 una mejor visibilidad, sino tambi\u00e9n una soluci\u00f3n sostenible y m\u00e1s respetuosa con el medio ambiente. OSRAM NIGHT BREAKER LED SMART es compatible con a\u00fan m\u00e1s veh\u00edculos y proporciona una f\u00e1cil actualizaci\u00f3n de hal\u00f3geno a la \u00faltima tecnolog\u00eda LED - todo con <strong>aprobaci\u00f3n de carreteras<\/strong>.<\/p>\n<p><strong>Especificaciones t\u00e9cnicas<\/strong><\/p>\n<p><strong>Datos el\u00e9ctricos<br \/>\n<\/strong>- Tensi\u00f3n de prueba: 13,2 V<br \/>\n- Tolerancia de consumo: \u00b115 %<br \/>\n- Consumo: 21,0 \/ 20 W<br \/>\n- Tensi\u00f3n nominal: 12,0 V<\/p>\n<p><strong>Datos fotom\u00e9tricos<\/strong><br \/>\n- Color de la luz LED: blanco fr\u00edo<br \/>\n- Temperatura de color: 6000 K<br \/>\n- Flujo luminoso nominal: 1650\/1000 lm<br \/>\n- Tolerancia del flujo luminoso: \u00b115 %<\/p>\n<p><strong>Atributos f\u00edsicos y dimensiones<\/strong><br \/>\n- Longitud: 84,0 mm<br \/>\n- Peso del producto: 73,00 g<\/p>\n<p><strong>Datos de por vida<\/strong><br \/>\n- Vida \u00fatil Tc: 3000 horas<br \/>\n- Vida \u00fatil de B3: 1500 horas<\/p>\n<p><strong>Certificados y normas<\/strong><br \/>\n- Normas: ABG<\/p>\n<p><strong>Garant\u00eda<br \/>\n<\/strong>- 5 a\u00f1os<\/p>","protected":false},"excerpt":{"rendered":"<p>Actualice la iluminaci\u00f3n de su coche con OSRAM NIGHT BREAKER LED SMART, las l\u00e1mparas LED del futuro. Con hasta 330 % m\u00e1s de luz, mayor vida \u00fatil y menor consumo de energ\u00eda, estas l\u00e1mparas ofrecen estilo y seguridad para una experiencia de conducci\u00f3n moderna y sostenible.<\/p>","protected":false},"featured_media":5907,"comment_status":"closed","ping_status":"closed","template":"","meta":{"_acf_changed":false,"_smort_price_nok":"1490","_smort_price_dkk":"947","_smort_price_eur":"126.81","_smort_sale_price_nok":"","_smort_sale_price_dkk":"","_smort_sale_price_eur":"","smort_restorder":"","shipmondo_restorder":"","_kad_blocks_custom_css":"","_kad_blocks_head_custom_js":"","_kad_blocks_body_custom_js":"","_kad_blocks_footer_custom_js":"","smort_custom_pricelist_1":"892.8","smort_custom_pricelist_2":"781.2","smort_custom_pricelist_3":"725.4","smort_custom_pricelist_4":"1116","smort_custom_pricelist_5":"781.2"},"anvandningsomrade":[],"bilmarken":[],"product_brand":[108],"product_cat":[733],"product_tag":[],"class_list":{"0":"post-5906","1":"product","2":"type-product","3":"status-publish","4":"has-post-thumbnail","6":"product_brand-osram","7":"product_cat-halvljus-helljus","8":"pa_faktisk-effekts-forbrukning-1701","9":"pa_fargtemperatur-6000k","10":"pa_lampsockel-kontakt-h4","11":"pa_storlek-mm-1700","12":"pa_volt-v-159","14":"first","15":"instock","16":"taxable","17":"shipping-taxable","18":"purchasable","19":"product-type-simple"},"bundled_by":[],"bundle_stock_status":"instock","bundle_stock_quantity":3,"bundle_virtual":false,"bundle_layout":"","bundle_add_to_cart_form_location":"","bundle_editable_in_cart":false,"bundle_sold_individually_context":"","bundle_item_grouping":"","bundle_min_size":"","bundle_max_size":"","bundle_price":[],"bundled_items":[],"bundle_sell_ids":[],"acf":[],"yoast_head":"<!-- This site is optimized with the Yoast SEO plugin v27.0 - https:\/\/yoast.com\/product\/yoast-seo-wordpress\/ -->\n<title>NIGHT BREAKER\u00ae LED SMART | MC | H4 - Xenonkungen<\/title>\n<meta name=\"robots\" content=\"index, follow, max-snippet:-1, max-image-preview:large, max-video-preview:-1\" \/>\n<link rel=\"canonical\" href=\"https:\/\/xenonkungen.com\/es\/producto\/night-breaker-led-smart-mc-h4\/\" \/>\n<meta property=\"og:locale\" content=\"es_ES\" \/>\n<meta property=\"og:type\" content=\"article\" \/>\n<meta property=\"og:title\" content=\"NIGHT BREAKER\u00ae LED SMART | MC | H4 - Xenonkungen\" \/>\n<meta property=\"og:description\" content=\"Uppgradera din bilbelysning med OSRAM NIGHT BREAKER LED SMART, framtidens gatulagliga LED-retrolampor. Med upp till 330 % mer ljus, l\u00e4ngre livsl\u00e4ngd och l\u00e4gre energif\u00f6rbrukning, erbjuder dessa lampor b\u00e5de stil och s\u00e4kerhet f\u00f6r en modern och h\u00e5llbar k\u00f6rupplevelse.\" \/>\n<meta property=\"og:url\" content=\"https:\/\/xenonkungen.com\/es\/producto\/night-breaker-led-smart-mc-h4\/\" \/>\n<meta property=\"og:site_name\" content=\"Xenonkungen\" \/>\n<meta property=\"article:modified_time\" content=\"2025-12-10T13:47:10+00:00\" \/>\n<meta property=\"og:image\" content=\"https:\/\/xenonkungen.com\/wp-content\/uploads\/2025\/04\/216070835-origpic-dfdbca.jpg\" \/>\n\t<meta property=\"og:image:width\" content=\"1024\" \/>\n\t<meta property=\"og:image:height\" content=\"1024\" \/>\n\t<meta property=\"og:image:type\" content=\"image\/jpeg\" \/>\n<meta name=\"twitter:card\" content=\"summary_large_image\" \/>\n<meta name=\"twitter:label1\" content=\"Tiempo de lectura\" \/>\n\t<meta name=\"twitter:data1\" content=\"2 minutos\" \/>\n<script type=\"application\/ld+json\" class=\"yoast-schema-graph\">{\"@context\":\"https:\/\/schema.org\",\"@graph\":[{\"@type\":\"WebPage\",\"@id\":\"https:\/\/xenonkungen.com\/produkt\/night-breaker-led-smart-mc-h4\/\",\"url\":\"https:\/\/xenonkungen.com\/produkt\/night-breaker-led-smart-mc-h4\/\",\"name\":\"NIGHT BREAKER\u00ae LED SMART | MC | H4 - Xenonkungen\",\"isPartOf\":{\"@id\":\"https:\/\/xenonkungen.com\/#website\"},\"primaryImageOfPage\":{\"@id\":\"https:\/\/xenonkungen.com\/produkt\/night-breaker-led-smart-mc-h4\/#primaryimage\"},\"image\":{\"@id\":\"https:\/\/xenonkungen.com\/produkt\/night-breaker-led-smart-mc-h4\/#primaryimage\"},\"thumbnailUrl\":\"https:\/\/xenonkungen.com\/wp-content\/uploads\/2025\/04\/216070835-origpic-dfdbca.jpg\",\"datePublished\":\"2025-04-15T09:37:08+00:00\",\"dateModified\":\"2025-12-10T13:47:10+00:00\",\"breadcrumb\":{\"@id\":\"https:\/\/xenonkungen.com\/produkt\/night-breaker-led-smart-mc-h4\/#breadcrumb\"},\"inLanguage\":\"es\",\"potentialAction\":[{\"@type\":\"ReadAction\",\"target\":[\"https:\/\/xenonkungen.com\/produkt\/night-breaker-led-smart-mc-h4\/\"]}]},{\"@type\":\"ImageObject\",\"inLanguage\":\"es\",\"@id\":\"https:\/\/xenonkungen.com\/produkt\/night-breaker-led-smart-mc-h4\/#primaryimage\",\"url\":\"https:\/\/xenonkungen.com\/wp-content\/uploads\/2025\/04\/216070835-origpic-dfdbca.jpg\",\"contentUrl\":\"https:\/\/xenonkungen.com\/wp-content\/uploads\/2025\/04\/216070835-origpic-dfdbca.jpg\",\"width\":1024,\"height\":1024},{\"@type\":\"BreadcrumbList\",\"@id\":\"https:\/\/xenonkungen.com\/produkt\/night-breaker-led-smart-mc-h4\/#breadcrumb\",\"itemListElement\":[{\"@type\":\"ListItem\",\"position\":1,\"name\":\"Hem\",\"item\":\"https:\/\/xenonkungen.com\/\"},{\"@type\":\"ListItem\",\"position\":2,\"name\":\"Shop\",\"item\":\"https:\/\/xenonkungen.com\/shop\/\"},{\"@type\":\"ListItem\",\"position\":3,\"name\":\"NIGHT BREAKER\u00ae LED SMART | MC | H4\"}]},{\"@type\":\"WebSite\",\"@id\":\"https:\/\/xenonkungen.com\/#website\",\"url\":\"https:\/\/xenonkungen.com\/\",\"name\":\"Xenonkungen\",\"description\":\"\",\"potentialAction\":[{\"@type\":\"SearchAction\",\"target\":{\"@type\":\"EntryPoint\",\"urlTemplate\":\"https:\/\/xenonkungen.com\/?s={search_term_string}\"},\"query-input\":{\"@type\":\"PropertyValueSpecification\",\"valueRequired\":true,\"valueName\":\"search_term_string\"}}],\"inLanguage\":\"es\"}]}<\/script>\n<!-- \/ Yoast SEO plugin. -->","yoast_head_json":{"title":"NIGHT BREAKER\u00ae LED SMART | MC | H4 - El rey del xen\u00f3n","robots":{"index":"index","follow":"follow","max-snippet":"max-snippet:-1","max-image-preview":"max-image-preview:large","max-video-preview":"max-video-preview:-1"},"canonical":"https:\/\/xenonkungen.com\/es\/producto\/night-breaker-led-smart-mc-h4\/","og_locale":"es_ES","og_type":"article","og_title":"NIGHT BREAKER\u00ae LED SMART | MC | H4 - Xenonkungen","og_description":"Uppgradera din bilbelysning med OSRAM NIGHT BREAKER LED SMART, framtidens gatulagliga LED-retrolampor. Med upp till 330 % mer ljus, l\u00e4ngre livsl\u00e4ngd och l\u00e4gre energif\u00f6rbrukning, erbjuder dessa lampor b\u00e5de stil och s\u00e4kerhet f\u00f6r en modern och h\u00e5llbar k\u00f6rupplevelse.","og_url":"https:\/\/xenonkungen.com\/es\/producto\/night-breaker-led-smart-mc-h4\/","og_site_name":"Xenonkungen","article_modified_time":"2025-12-10T13:47:10+00:00","og_image":[{"width":1024,"height":1024,"url":"https:\/\/xenonkungen.com\/wp-content\/uploads\/2025\/04\/216070835-origpic-dfdbca.jpg","type":"image\/jpeg"}],"twitter_card":"summary_large_image","twitter_misc":{"Tiempo de lectura":"2 minutos"},"schema":{"@context":"https:\/\/schema.org","@graph":[{"@type":"WebPage","@id":"https:\/\/xenonkungen.com\/produkt\/night-breaker-led-smart-mc-h4\/","url":"https:\/\/xenonkungen.com\/produkt\/night-breaker-led-smart-mc-h4\/","name":"NIGHT BREAKER\u00ae LED SMART | MC | H4 - El rey del xen\u00f3n","isPartOf":{"@id":"https:\/\/xenonkungen.com\/#website"},"primaryImageOfPage":{"@id":"https:\/\/xenonkungen.com\/produkt\/night-breaker-led-smart-mc-h4\/#primaryimage"},"image":{"@id":"https:\/\/xenonkungen.com\/produkt\/night-breaker-led-smart-mc-h4\/#primaryimage"},"thumbnailUrl":"https:\/\/xenonkungen.com\/wp-content\/uploads\/2025\/04\/216070835-origpic-dfdbca.jpg","datePublished":"2025-04-15T09:37:08+00:00","dateModified":"2025-12-10T13:47:10+00:00","breadcrumb":{"@id":"https:\/\/xenonkungen.com\/produkt\/night-breaker-led-smart-mc-h4\/#breadcrumb"},"inLanguage":"es","potentialAction":[{"@type":"ReadAction","target":["https:\/\/xenonkungen.com\/produkt\/night-breaker-led-smart-mc-h4\/"]}]},{"@type":"ImageObject","inLanguage":"es","@id":"https:\/\/xenonkungen.com\/produkt\/night-breaker-led-smart-mc-h4\/#primaryimage","url":"https:\/\/xenonkungen.com\/wp-content\/uploads\/2025\/04\/216070835-origpic-dfdbca.jpg","contentUrl":"https:\/\/xenonkungen.com\/wp-content\/uploads\/2025\/04\/216070835-origpic-dfdbca.jpg","width":1024,"height":1024},{"@type":"BreadcrumbList","@id":"https:\/\/xenonkungen.com\/produkt\/night-breaker-led-smart-mc-h4\/#breadcrumb","itemListElement":[{"@type":"ListItem","position":1,"name":"Hem","item":"https:\/\/xenonkungen.com\/"},{"@type":"ListItem","position":2,"name":"Shop","item":"https:\/\/xenonkungen.com\/shop\/"},{"@type":"ListItem","position":3,"name":"NIGHT BREAKER\u00ae LED SMART | MC | H4"}]},{"@type":"WebSite","@id":"https:\/\/xenonkungen.com\/#website","url":"https:\/\/xenonkungen.com\/","name":"Xenonkungen","description":"","potentialAction":[{"@type":"SearchAction","target":{"@type":"EntryPoint","urlTemplate":"https:\/\/xenonkungen.com\/?s={search_term_string}"},"query-input":{"@type":"PropertyValueSpecification","valueRequired":true,"valueName":"search_term_string"}}],"inLanguage":"es"}]}},"taxonomy_info":{"product_brand":[{"value":108,"label":"OSRAM"}],"product_cat":[{"value":733,"label":"Halvljus \/ Helljus"}],"pa_faktisk-effekts-forbrukning":[{"value":1701,"label":"21"}],"pa_fargtemperatur":[{"value":188,"label":"6000K"}],"pa_lampsockel-kontakt":[{"value":340,"label":"H4"}],"pa_storlek-mm":[{"value":1700,"label":"84"}],"pa_volt-v":[{"value":159,"label":"12"}]},"featured_image_src_large":["https:\/\/xenonkungen.com\/wp-content\/uploads\/2025\/04\/216070835-origpic-dfdbca.jpg",1024,1024,false],"author_info":[],"comment_info":0,"_links":{"self":[{"href":"https:\/\/xenonkungen.com\/es\/wp-json\/wp\/v2\/product\/5906","targetHints":{"allow":["GET"]}}],"collection":[{"href":"https:\/\/xenonkungen.com\/es\/wp-json\/wp\/v2\/product"}],"about":[{"href":"https:\/\/xenonkungen.com\/es\/wp-json\/wp\/v2\/types\/product"}],"replies":[{"embeddable":true,"href":"https:\/\/xenonkungen.com\/es\/wp-json\/wp\/v2\/comments?post=5906"}],"wp:featuredmedia":[{"embeddable":true,"href":"https:\/\/xenonkungen.com\/es\/wp-json\/wp\/v2\/media\/5907"}],"wp:attachment":[{"href":"https:\/\/xenonkungen.com\/es\/wp-json\/wp\/v2\/media?parent=5906"}],"wp:term":[{"taxonomy":"anvandningsomrade","embeddable":true,"href":"https:\/\/xenonkungen.com\/es\/wp-json\/wp\/v2\/anvandningsomrade?post=5906"},{"taxonomy":"bilmarken","embeddable":true,"href":"https:\/\/xenonkungen.com\/es\/wp-json\/wp\/v2\/bilmarken?post=5906"},{"taxonomy":"product_brand","embeddable":true,"href":"https:\/\/xenonkungen.com\/es\/wp-json\/wp\/v2\/product_brand?post=5906"},{"taxonomy":"product_cat","embeddable":true,"href":"https:\/\/xenonkungen.com\/es\/wp-json\/wp\/v2\/product_cat?post=5906"},{"taxonomy":"product_tag","embeddable":true,"href":"https:\/\/xenonkungen.com\/es\/wp-json\/wp\/v2\/product_tag?post=5906"}],"curies":[{"name":"wp","href":"https:\/\/api.w.org\/{rel}","templated":true}]}}