{"id":5913,"date":"2025-04-15T09:37:08","date_gmt":"2025-04-15T09:37:08","guid":{"rendered":"https:\/\/xenonkungen.com\/product\/ledriving-hl-vintage-h4-h19-r2\/"},"modified":"2026-04-24T17:36:19","modified_gmt":"2026-04-24T16:36:19","slug":"ledriving-hl-vintage-h4-h19-r2","status":"publish","type":"product","link":"https:\/\/xenonkungen.com\/es\/producto\/ledriving-hl-vintage-h4-h19-r2\/","title":{"rendered":"LEDriving\u00ae HL VINTAGE H4\/H19\/R2"},"content":{"rendered":"<h3><strong>OSRAM LEDriving HL Vintage - Mejore su conducci\u00f3n con un potente LED retrofit<\/strong><\/h3>\n<p>Dale una nueva vida a tus viejos focos con <strong>OSRAM LEDriving HL Vintage<\/strong> H4,R2- una l\u00e1mpara LED retrofit de alto rendimiento que combina la tecnolog\u00eda moderna con un estilo cl\u00e1sico. Con hasta <strong>300 % m\u00e1s brillo<\/strong> que las luces tradicionales, ver\u00e1 los obst\u00e1culos y peligros mucho antes, lo que le proporcionar\u00e1 una experiencia de conducci\u00f3n m\u00e1s segura.<\/p>\n<p>La temperatura de color blanco c\u00e1lido de <strong>2700K<\/strong> crea un elegante aspecto vintage, mientras que la distribuci\u00f3n optimizada de la luz reduce el riesgo de deslumbramiento. <strong>Tecnolog\u00eda LED<\/strong> ofrece no s\u00f3lo una mayor visibilidad, sino tambi\u00e9n hasta <strong>Vida \u00fatil 5 veces superior<\/strong> en comparaci\u00f3n con las l\u00e1mparas hal\u00f3genas est\u00e1ndar. Adem\u00e1s, los LED son amables con los sistemas el\u00e9ctricos m\u00e1s antiguos, gracias a su rendimiento el\u00e9ctrico estable incluso en veh\u00edculos viejos.<\/p>\n<p><strong>Ventajas de OSRAM LEDriving HL Vintage:<\/strong><\/p>\n<ul>\n<li><strong>Hasta 300 % m\u00e1s de brillo<\/strong> - Vea la carretera y los obst\u00e1culos con mayor claridad y rapidez<\/li>\n<li><strong>Elegante aspecto vintage<\/strong> - Combina el estilo retro con la moderna tecnolog\u00eda LED<\/li>\n<li><strong>Mayor vida \u00fatil<\/strong> - Hasta 5 veces m\u00e1s que las l\u00e1mparas hal\u00f3genas<\/li>\n<li><strong>Distribuci\u00f3n optimizada de la luz<\/strong> - Evita el deslumbramiento de otros conductores<\/li>\n<li><strong>F\u00e1cil de instalar<\/strong> - Dise\u00f1o compacto para adaptarse a coches con l\u00e1mparas hal\u00f3genas<\/li>\n<li><strong>4 a\u00f1os de garant\u00eda<\/strong> - Calidad OSRAM en la que puede confiar<\/li>\n<\/ul>\n<p>Perfectas para los entusiastas de los coches que quieren mantener la est\u00e9tica cl\u00e1sica de su veh\u00edculo al tiempo que obtienen todas las ventajas de la \u00faltima tecnolog\u00eda LED. Disfruta de mejor visibilidad, mayor duraci\u00f3n y un aspecto \u00fanico sin renunciar a la seguridad.<\/p>\n<p><strong>Informaci\u00f3n importante:<\/strong> Estas l\u00e1mparas son para uso en pistas de carreras solamente y no tienen aprobaci\u00f3n ECE para su uso en la v\u00eda p\u00fablica.<\/p>\n<h3><strong>Especificaciones t\u00e9cnicas<\/strong><\/h3>\n<p><strong>Datos el\u00e9ctricos<\/strong><\/p>\n<p>- Consumo: 14\/14 W<br \/>\n- Tensi\u00f3n nominal: 12,0 V<br \/>\n- Potencia nominal: 15 W<br \/>\n- Tolerancia de potencia: \u00b120 %<br \/>\n- Tensi\u00f3n de prueba: 13,2 V<\/p>\n<p><strong>Datos fotom\u00e9tricos<\/strong><\/p>\n<p>- Flujo luminoso nominal: 1400\/1100 lm<br \/>\n- Tolerancia del flujo luminoso: \u00b120 %<br \/>\n- Color de la luz LED: blanco c\u00e1lido<br \/>\n- Temperatura de color: 2700 K<\/p>\n<p><strong>Propiedades f\u00edsicas y dimensiones<\/strong><\/p>\n<p>- Longitud: 80,2 mm<br \/>\n- Di\u00e1metro: 14,0 mm<br \/>\n- Peso del producto: 80,00 g<br \/>\n- Portal\u00e1mparas: -<\/p>\n<p><strong>Datos de por vida<\/strong><\/p>\n<p>- Vida \u00fatil Tc: 5000 horas<\/p>\n<p><strong>Garant\u00eda:<\/strong><\/p>\n<p>- 4 a\u00f1os<\/p>","protected":false},"excerpt":{"rendered":"<p>Descubra la OSRAM LEDriving HL Vintage, una potente l\u00e1mpara LED retrofit de 12V con un flujo luminoso de 1100\/1400 l\u00famenes y una temperatura de color blanco c\u00e1lido de 2700K. Ideal para veh\u00edculos antiguos, mejora la visibilidad y mantiene un estilo cl\u00e1sico.<\/p>","protected":false},"featured_media":5914,"comment_status":"closed","ping_status":"closed","template":"","meta":{"_acf_changed":false,"_smort_price_nok":"1810","_smort_price_dkk":"1150","_smort_price_eur":"154.08","_smort_sale_price_nok":"","_smort_sale_price_dkk":"","_smort_sale_price_eur":"","smort_restorder":"","shipmondo_restorder":"","_kad_blocks_custom_css":"","_kad_blocks_head_custom_js":"","_kad_blocks_body_custom_js":"","_kad_blocks_footer_custom_js":"","smort_custom_pricelist_1":"1084.8","smort_custom_pricelist_2":"949.2","smort_custom_pricelist_3":"881.4","smort_custom_pricelist_4":"1356","smort_custom_pricelist_5":"949.2"},"anvandningsomrade":[],"bilmarken":[],"product_brand":[108],"product_cat":[2633,733],"product_tag":[],"class_list":{"0":"post-5913","1":"product","2":"type-product","3":"status-publish","4":"has-post-thumbnail","6":"product_brand-osram","7":"product_cat-osram-ledriving-halvljus-helljus","8":"product_cat-halvljus-helljus","9":"pa_faktisk-effekts-forbrukning-1702","10":"pa_fargtemperatur-2700k","11":"pa_lampsockel-kontakt-h4-h19","12":"pa_lampsockel-kontakt-r2","13":"pa_storlek-mm-165x36x60","14":"pa_volt-v-159","16":"first","17":"instock","18":"taxable","19":"shipping-taxable","20":"purchasable","21":"product-type-simple"},"bundled_by":[],"bundle_stock_status":"instock","bundle_stock_quantity":6,"bundle_virtual":false,"bundle_layout":"","bundle_add_to_cart_form_location":"","bundle_editable_in_cart":false,"bundle_sold_individually_context":"","bundle_item_grouping":"","bundle_min_size":"","bundle_max_size":"","bundle_price":[],"bundled_items":[],"bundle_sell_ids":[],"acf":[],"yoast_head":"<!-- This site is optimized with the Yoast SEO plugin v27.0 - https:\/\/yoast.com\/product\/yoast-seo-wordpress\/ -->\n<title>LEDriving\u00ae HL VINTAGE H4\/H19\/R2 - Xenonkungen<\/title>\n<meta name=\"robots\" content=\"index, follow, max-snippet:-1, max-image-preview:large, max-video-preview:-1\" \/>\n<link rel=\"canonical\" href=\"https:\/\/xenonkungen.com\/es\/producto\/ledriving-hl-vintage-h4-h19-r2\/\" \/>\n<meta property=\"og:locale\" content=\"es_ES\" \/>\n<meta property=\"og:type\" content=\"article\" \/>\n<meta property=\"og:title\" content=\"LEDriving\u00ae HL VINTAGE H4\/H19\/R2 - Xenonkungen\" \/>\n<meta property=\"og:description\" content=\"Uppt\u00e4ck OSRAM LEDriving HL Vintage, en kraftfull LED-retrofitlampa p\u00e5 12V med ett ljusfl\u00f6de p\u00e5 1100\/1400 lumen och en varm vit f\u00e4rgtemperatur p\u00e5 2700K. Perfekt f\u00f6r \u00e4ldre fordon, den f\u00f6rb\u00e4ttrar sikten och bibeh\u00e5ller en klassisk stil.\" \/>\n<meta property=\"og:url\" content=\"https:\/\/xenonkungen.com\/es\/producto\/ledriving-hl-vintage-h4-h19-r2\/\" \/>\n<meta property=\"og:site_name\" content=\"Xenonkungen\" \/>\n<meta property=\"article:modified_time\" content=\"2026-04-24T16:36:19+00:00\" \/>\n<meta property=\"og:image\" content=\"https:\/\/xenonkungen.com\/wp-content\/uploads\/2025\/04\/215793627-origpic-1fdb4e.jpg\" \/>\n\t<meta property=\"og:image:width\" content=\"1075\" \/>\n\t<meta property=\"og:image:height\" content=\"670\" \/>\n\t<meta property=\"og:image:type\" content=\"image\/jpeg\" \/>\n<meta name=\"twitter:card\" content=\"summary_large_image\" \/>\n<meta name=\"twitter:label1\" content=\"Tiempo de lectura\" \/>\n\t<meta name=\"twitter:data1\" content=\"2 minutos\" \/>\n<script type=\"application\/ld+json\" class=\"yoast-schema-graph\">{\"@context\":\"https:\/\/schema.org\",\"@graph\":[{\"@type\":\"WebPage\",\"@id\":\"https:\/\/xenonkungen.com\/produkt\/ledriving-hl-vintage-h4-h19-r2\/\",\"url\":\"https:\/\/xenonkungen.com\/produkt\/ledriving-hl-vintage-h4-h19-r2\/\",\"name\":\"LEDriving\u00ae HL VINTAGE H4\/H19\/R2 - Xenonkungen\",\"isPartOf\":{\"@id\":\"https:\/\/xenonkungen.com\/#website\"},\"primaryImageOfPage\":{\"@id\":\"https:\/\/xenonkungen.com\/produkt\/ledriving-hl-vintage-h4-h19-r2\/#primaryimage\"},\"image\":{\"@id\":\"https:\/\/xenonkungen.com\/produkt\/ledriving-hl-vintage-h4-h19-r2\/#primaryimage\"},\"thumbnailUrl\":\"https:\/\/xenonkungen.com\/wp-content\/uploads\/2025\/04\/215793627-origpic-1fdb4e.jpg\",\"datePublished\":\"2025-04-15T09:37:08+00:00\",\"dateModified\":\"2026-04-24T16:36:19+00:00\",\"breadcrumb\":{\"@id\":\"https:\/\/xenonkungen.com\/produkt\/ledriving-hl-vintage-h4-h19-r2\/#breadcrumb\"},\"inLanguage\":\"es\",\"potentialAction\":[{\"@type\":\"ReadAction\",\"target\":[\"https:\/\/xenonkungen.com\/produkt\/ledriving-hl-vintage-h4-h19-r2\/\"]}]},{\"@type\":\"ImageObject\",\"inLanguage\":\"es\",\"@id\":\"https:\/\/xenonkungen.com\/produkt\/ledriving-hl-vintage-h4-h19-r2\/#primaryimage\",\"url\":\"https:\/\/xenonkungen.com\/wp-content\/uploads\/2025\/04\/215793627-origpic-1fdb4e.jpg\",\"contentUrl\":\"https:\/\/xenonkungen.com\/wp-content\/uploads\/2025\/04\/215793627-origpic-1fdb4e.jpg\",\"width\":1075,\"height\":670},{\"@type\":\"BreadcrumbList\",\"@id\":\"https:\/\/xenonkungen.com\/produkt\/ledriving-hl-vintage-h4-h19-r2\/#breadcrumb\",\"itemListElement\":[{\"@type\":\"ListItem\",\"position\":1,\"name\":\"Hem\",\"item\":\"https:\/\/xenonkungen.com\/\"},{\"@type\":\"ListItem\",\"position\":2,\"name\":\"Shop\",\"item\":\"https:\/\/xenonkungen.com\/shop\/\"},{\"@type\":\"ListItem\",\"position\":3,\"name\":\"LEDriving\u00ae HL VINTAGE H4\/H19\/R2\"}]},{\"@type\":\"WebSite\",\"@id\":\"https:\/\/xenonkungen.com\/#website\",\"url\":\"https:\/\/xenonkungen.com\/\",\"name\":\"Xenonkungen\",\"description\":\"\",\"potentialAction\":[{\"@type\":\"SearchAction\",\"target\":{\"@type\":\"EntryPoint\",\"urlTemplate\":\"https:\/\/xenonkungen.com\/?s={search_term_string}\"},\"query-input\":{\"@type\":\"PropertyValueSpecification\",\"valueRequired\":true,\"valueName\":\"search_term_string\"}}],\"inLanguage\":\"es\"}]}<\/script>\n<!-- \/ Yoast SEO plugin. -->","yoast_head_json":{"title":"LEDriving\u00ae HL VINTAGE H4\/H19\/R2 - El rey del xen\u00f3n","robots":{"index":"index","follow":"follow","max-snippet":"max-snippet:-1","max-image-preview":"max-image-preview:large","max-video-preview":"max-video-preview:-1"},"canonical":"https:\/\/xenonkungen.com\/es\/producto\/ledriving-hl-vintage-h4-h19-r2\/","og_locale":"es_ES","og_type":"article","og_title":"LEDriving\u00ae HL VINTAGE H4\/H19\/R2 - Xenonkungen","og_description":"Uppt\u00e4ck OSRAM LEDriving HL Vintage, en kraftfull LED-retrofitlampa p\u00e5 12V med ett ljusfl\u00f6de p\u00e5 1100\/1400 lumen och en varm vit f\u00e4rgtemperatur p\u00e5 2700K. Perfekt f\u00f6r \u00e4ldre fordon, den f\u00f6rb\u00e4ttrar sikten och bibeh\u00e5ller en klassisk stil.","og_url":"https:\/\/xenonkungen.com\/es\/producto\/ledriving-hl-vintage-h4-h19-r2\/","og_site_name":"Xenonkungen","article_modified_time":"2026-04-24T16:36:19+00:00","og_image":[{"width":1075,"height":670,"url":"https:\/\/xenonkungen.com\/wp-content\/uploads\/2025\/04\/215793627-origpic-1fdb4e.jpg","type":"image\/jpeg"}],"twitter_card":"summary_large_image","twitter_misc":{"Tiempo de lectura":"2 minutos"},"schema":{"@context":"https:\/\/schema.org","@graph":[{"@type":"WebPage","@id":"https:\/\/xenonkungen.com\/produkt\/ledriving-hl-vintage-h4-h19-r2\/","url":"https:\/\/xenonkungen.com\/produkt\/ledriving-hl-vintage-h4-h19-r2\/","name":"LEDriving\u00ae HL VINTAGE H4\/H19\/R2 - El rey del xen\u00f3n","isPartOf":{"@id":"https:\/\/xenonkungen.com\/#website"},"primaryImageOfPage":{"@id":"https:\/\/xenonkungen.com\/produkt\/ledriving-hl-vintage-h4-h19-r2\/#primaryimage"},"image":{"@id":"https:\/\/xenonkungen.com\/produkt\/ledriving-hl-vintage-h4-h19-r2\/#primaryimage"},"thumbnailUrl":"https:\/\/xenonkungen.com\/wp-content\/uploads\/2025\/04\/215793627-origpic-1fdb4e.jpg","datePublished":"2025-04-15T09:37:08+00:00","dateModified":"2026-04-24T16:36:19+00:00","breadcrumb":{"@id":"https:\/\/xenonkungen.com\/produkt\/ledriving-hl-vintage-h4-h19-r2\/#breadcrumb"},"inLanguage":"es","potentialAction":[{"@type":"ReadAction","target":["https:\/\/xenonkungen.com\/produkt\/ledriving-hl-vintage-h4-h19-r2\/"]}]},{"@type":"ImageObject","inLanguage":"es","@id":"https:\/\/xenonkungen.com\/produkt\/ledriving-hl-vintage-h4-h19-r2\/#primaryimage","url":"https:\/\/xenonkungen.com\/wp-content\/uploads\/2025\/04\/215793627-origpic-1fdb4e.jpg","contentUrl":"https:\/\/xenonkungen.com\/wp-content\/uploads\/2025\/04\/215793627-origpic-1fdb4e.jpg","width":1075,"height":670},{"@type":"BreadcrumbList","@id":"https:\/\/xenonkungen.com\/produkt\/ledriving-hl-vintage-h4-h19-r2\/#breadcrumb","itemListElement":[{"@type":"ListItem","position":1,"name":"Hem","item":"https:\/\/xenonkungen.com\/"},{"@type":"ListItem","position":2,"name":"Shop","item":"https:\/\/xenonkungen.com\/shop\/"},{"@type":"ListItem","position":3,"name":"LEDriving\u00ae HL VINTAGE H4\/H19\/R2"}]},{"@type":"WebSite","@id":"https:\/\/xenonkungen.com\/#website","url":"https:\/\/xenonkungen.com\/","name":"Xenonkungen","description":"","potentialAction":[{"@type":"SearchAction","target":{"@type":"EntryPoint","urlTemplate":"https:\/\/xenonkungen.com\/?s={search_term_string}"},"query-input":{"@type":"PropertyValueSpecification","valueRequired":true,"valueName":"search_term_string"}}],"inLanguage":"es"}]}},"taxonomy_info":{"product_brand":[{"value":108,"label":"OSRAM"}],"product_cat":[{"value":2633,"label":"OSRAM Ledriving"},{"value":733,"label":"Halvljus \/ Helljus"}],"pa_faktisk-effekts-forbrukning":[{"value":1702,"label":"14"}],"pa_fargtemperatur":[{"value":1691,"label":"2700K"}],"pa_lampsockel-kontakt":[{"value":1699,"label":"H4, H19"},{"value":2724,"label":"R2"}],"pa_storlek-mm":[{"value":802,"label":"165x36x60"}],"pa_volt-v":[{"value":159,"label":"12"}]},"featured_image_src_large":["https:\/\/xenonkungen.com\/wp-content\/uploads\/2025\/04\/215793627-origpic-1fdb4e-1024x638.jpg",1024,638,true],"author_info":[],"comment_info":2,"_links":{"self":[{"href":"https:\/\/xenonkungen.com\/es\/wp-json\/wp\/v2\/product\/5913","targetHints":{"allow":["GET"]}}],"collection":[{"href":"https:\/\/xenonkungen.com\/es\/wp-json\/wp\/v2\/product"}],"about":[{"href":"https:\/\/xenonkungen.com\/es\/wp-json\/wp\/v2\/types\/product"}],"replies":[{"embeddable":true,"href":"https:\/\/xenonkungen.com\/es\/wp-json\/wp\/v2\/comments?post=5913"}],"wp:featuredmedia":[{"embeddable":true,"href":"https:\/\/xenonkungen.com\/es\/wp-json\/wp\/v2\/media\/5914"}],"wp:attachment":[{"href":"https:\/\/xenonkungen.com\/es\/wp-json\/wp\/v2\/media?parent=5913"}],"wp:term":[{"taxonomy":"anvandningsomrade","embeddable":true,"href":"https:\/\/xenonkungen.com\/es\/wp-json\/wp\/v2\/anvandningsomrade?post=5913"},{"taxonomy":"bilmarken","embeddable":true,"href":"https:\/\/xenonkungen.com\/es\/wp-json\/wp\/v2\/bilmarken?post=5913"},{"taxonomy":"product_brand","embeddable":true,"href":"https:\/\/xenonkungen.com\/es\/wp-json\/wp\/v2\/product_brand?post=5913"},{"taxonomy":"product_cat","embeddable":true,"href":"https:\/\/xenonkungen.com\/es\/wp-json\/wp\/v2\/product_cat?post=5913"},{"taxonomy":"product_tag","embeddable":true,"href":"https:\/\/xenonkungen.com\/es\/wp-json\/wp\/v2\/product_tag?post=5913"}],"curies":[{"name":"wp","href":"https:\/\/api.w.org\/{rel}","templated":true}]}}