{"id":6018,"date":"2025-04-15T09:38:47","date_gmt":"2025-04-15T09:38:47","guid":{"rendered":"https:\/\/xenonkungen.com\/product\/ledriving-street-legal-cap-06\/"},"modified":"2026-04-11T01:29:50","modified_gmt":"2026-04-11T00:29:50","slug":"limite-legal-de-conduccion-en-calle-06","status":"publish","type":"product","link":"https:\/\/xenonkungen.com\/es\/producto\/limite-legal-de-conduccion-en-calle-06\/","title":{"rendered":"LEDriving\u00ae Street Legal CAP 06"},"content":{"rendered":"<div class=\"container\">\n<h1>LEDriving CAP 06<\/h1>\n<p>El tap\u00f3n LEDriving CAP se ha desarrollado para garantizar que la instalaci\u00f3n del H7-LED se ajuste con precisi\u00f3n y para proteger el sistema de faros. Estos productos sustituyen a la tapa original para ofrecer un componente del sistema de calidad para uso legal.<\/p>\n<h2>Caracter\u00edsticas del producto<\/h2>\n<ul>\n<li>Permite la instalaci\u00f3n de LEDs H7.<\/li>\n<li>Sustituci\u00f3n de la parte superior original de calidad OSRAM.<\/li>\n<\/ul>\n<h2>Ventajas del producto<\/h2>\n<ul>\n<li>Ajuste mec\u00e1nico y protege el sistema de faros.<\/li>\n<li>Componente del sistema para la instalaci\u00f3n de LED H7.<\/li>\n<\/ul>\n<\/div>\n<h2><strong>Especificaciones t\u00e9cnicas<\/strong><\/h2>\n<p>Dimensiones: 76 mm de di\u00e1metro <br \/>Peso: 28 g<\/p>","protected":false},"excerpt":{"rendered":"<p>LEDriving CAP 06 LEDriving CAP \u00e4r utvecklad f\u00f6r att s\u00e4kerst\u00e4lla att installationen av H7-LED passar exakt och f\u00f6r att skydda str\u00e5lkastarsystemet. Dessa produkter ers\u00e4tter den ursprungliga korken f\u00f6r att erbjuda en kvalitativ systemkomponent f\u00f6r laglig anv\u00e4ndning. Produktegenskaper M\u00f6jligg\u00f6r installation av H7-LED. Ers\u00e4ttning av originaltopp i OSRAM-kvalitet. Produktf\u00f6rdelar Mekanisk passform och skyddar str\u00e5lkastarsystemet. Systemkomponent f\u00f6r installation [&hellip;]<\/p>","protected":false},"featured_media":6019,"comment_status":"closed","ping_status":"open","template":"","meta":{"_acf_changed":false,"_smort_price_nok":"159","_smort_price_dkk":"101","_smort_price_eur":"13.54","_smort_sale_price_nok":"","_smort_sale_price_dkk":"","_smort_sale_price_eur":"","smort_restorder":"","shipmondo_restorder":"","_kad_blocks_custom_css":"","_kad_blocks_head_custom_js":"","_kad_blocks_body_custom_js":"","_kad_blocks_footer_custom_js":"","smort_custom_pricelist_1":"95.36","smort_custom_pricelist_2":"95.36","smort_custom_pricelist_3":"90.59","smort_custom_pricelist_4":"119.2","smort_custom_pricelist_5":"94.66"},"anvandningsomrade":[],"bilmarken":[],"product_brand":[108],"product_cat":[2841,2466,390],"product_tag":[],"class_list":{"0":"post-6018","1":"product","2":"type-product","3":"status-publish","4":"has-post-thumbnail","6":"product_brand-osram","7":"product_cat-installation-extraljus","8":"product_cat-tacklock","9":"product_cat-installation","11":"first","12":"instock","13":"taxable","14":"shipping-taxable","15":"purchasable","16":"product-type-simple"},"bundled_by":[],"bundle_stock_status":"instock","bundle_stock_quantity":2,"bundle_virtual":false,"bundle_layout":"","bundle_add_to_cart_form_location":"","bundle_editable_in_cart":false,"bundle_sold_individually_context":"","bundle_item_grouping":"","bundle_min_size":"","bundle_max_size":"","bundle_price":[],"bundled_items":[],"bundle_sell_ids":[],"acf":[],"yoast_head":"<!-- This site is optimized with the Yoast SEO plugin v27.0 - https:\/\/yoast.com\/product\/yoast-seo-wordpress\/ -->\n<title>LEDriving\u00ae Street Legal CAP 06 - Xenonkungen<\/title>\n<meta name=\"robots\" content=\"index, follow, max-snippet:-1, max-image-preview:large, max-video-preview:-1\" \/>\n<link rel=\"canonical\" href=\"https:\/\/xenonkungen.com\/es\/producto\/limite-legal-de-conduccion-en-calle-06\/\" \/>\n<meta property=\"og:locale\" content=\"es_ES\" \/>\n<meta property=\"og:type\" content=\"article\" \/>\n<meta property=\"og:title\" content=\"LEDriving\u00ae Street Legal CAP 06 - Xenonkungen\" \/>\n<meta property=\"og:description\" content=\"LEDriving CAP 06 LEDriving CAP \u00e4r utvecklad f\u00f6r att s\u00e4kerst\u00e4lla att installationen av H7-LED passar exakt och f\u00f6r att skydda str\u00e5lkastarsystemet. Dessa produkter ers\u00e4tter den ursprungliga korken f\u00f6r att erbjuda en kvalitativ systemkomponent f\u00f6r laglig anv\u00e4ndning. Produktegenskaper M\u00f6jligg\u00f6r installation av H7-LED. Ers\u00e4ttning av originaltopp i OSRAM-kvalitet. Produktf\u00f6rdelar Mekanisk passform och skyddar str\u00e5lkastarsystemet. Systemkomponent f\u00f6r installation [&hellip;]\" \/>\n<meta property=\"og:url\" content=\"https:\/\/xenonkungen.com\/es\/producto\/limite-legal-de-conduccion-en-calle-06\/\" \/>\n<meta property=\"og:site_name\" content=\"Xenonkungen\" \/>\n<meta property=\"article:modified_time\" content=\"2026-04-11T00:29:50+00:00\" \/>\n<meta property=\"og:image\" content=\"https:\/\/xenonkungen.com\/wp-content\/uploads\/2025\/04\/201848023-origpic-bd15e1-scaled.jpg\" \/>\n\t<meta property=\"og:image:width\" content=\"2560\" \/>\n\t<meta property=\"og:image:height\" content=\"2560\" \/>\n\t<meta property=\"og:image:type\" content=\"image\/jpeg\" \/>\n<meta name=\"twitter:card\" content=\"summary_large_image\" \/>\n<script type=\"application\/ld+json\" class=\"yoast-schema-graph\">{\"@context\":\"https:\/\/schema.org\",\"@graph\":[{\"@type\":\"WebPage\",\"@id\":\"https:\/\/xenonkungen.com\/produkt\/ledriving-street-legal-cap-06\/\",\"url\":\"https:\/\/xenonkungen.com\/produkt\/ledriving-street-legal-cap-06\/\",\"name\":\"LEDriving\u00ae Street Legal CAP 06 - Xenonkungen\",\"isPartOf\":{\"@id\":\"https:\/\/xenonkungen.com\/#website\"},\"primaryImageOfPage\":{\"@id\":\"https:\/\/xenonkungen.com\/produkt\/ledriving-street-legal-cap-06\/#primaryimage\"},\"image\":{\"@id\":\"https:\/\/xenonkungen.com\/produkt\/ledriving-street-legal-cap-06\/#primaryimage\"},\"thumbnailUrl\":\"https:\/\/xenonkungen.com\/wp-content\/uploads\/2025\/04\/201848023-origpic-bd15e1-scaled.jpg\",\"datePublished\":\"2025-04-15T09:38:47+00:00\",\"dateModified\":\"2026-04-11T00:29:50+00:00\",\"breadcrumb\":{\"@id\":\"https:\/\/xenonkungen.com\/produkt\/ledriving-street-legal-cap-06\/#breadcrumb\"},\"inLanguage\":\"es\",\"potentialAction\":[{\"@type\":\"ReadAction\",\"target\":[\"https:\/\/xenonkungen.com\/produkt\/ledriving-street-legal-cap-06\/\"]}]},{\"@type\":\"ImageObject\",\"inLanguage\":\"es\",\"@id\":\"https:\/\/xenonkungen.com\/produkt\/ledriving-street-legal-cap-06\/#primaryimage\",\"url\":\"https:\/\/xenonkungen.com\/wp-content\/uploads\/2025\/04\/201848023-origpic-bd15e1-scaled.jpg\",\"contentUrl\":\"https:\/\/xenonkungen.com\/wp-content\/uploads\/2025\/04\/201848023-origpic-bd15e1-scaled.jpg\",\"width\":2560,\"height\":2560},{\"@type\":\"BreadcrumbList\",\"@id\":\"https:\/\/xenonkungen.com\/produkt\/ledriving-street-legal-cap-06\/#breadcrumb\",\"itemListElement\":[{\"@type\":\"ListItem\",\"position\":1,\"name\":\"Hem\",\"item\":\"https:\/\/xenonkungen.com\/\"},{\"@type\":\"ListItem\",\"position\":2,\"name\":\"Shop\",\"item\":\"https:\/\/xenonkungen.com\/shop\/\"},{\"@type\":\"ListItem\",\"position\":3,\"name\":\"LEDriving\u00ae Street Legal CAP 06\"}]},{\"@type\":\"WebSite\",\"@id\":\"https:\/\/xenonkungen.com\/#website\",\"url\":\"https:\/\/xenonkungen.com\/\",\"name\":\"Xenonkungen\",\"description\":\"\",\"potentialAction\":[{\"@type\":\"SearchAction\",\"target\":{\"@type\":\"EntryPoint\",\"urlTemplate\":\"https:\/\/xenonkungen.com\/?s={search_term_string}\"},\"query-input\":{\"@type\":\"PropertyValueSpecification\",\"valueRequired\":true,\"valueName\":\"search_term_string\"}}],\"inLanguage\":\"es\"}]}<\/script>\n<!-- \/ Yoast SEO plugin. -->","yoast_head_json":{"title":"LEDriving\u00ae Street Legal CAP 06 - El rey del xen\u00f3n","robots":{"index":"index","follow":"follow","max-snippet":"max-snippet:-1","max-image-preview":"max-image-preview:large","max-video-preview":"max-video-preview:-1"},"canonical":"https:\/\/xenonkungen.com\/es\/producto\/limite-legal-de-conduccion-en-calle-06\/","og_locale":"es_ES","og_type":"article","og_title":"LEDriving\u00ae Street Legal CAP 06 - Xenonkungen","og_description":"LEDriving CAP 06 LEDriving CAP \u00e4r utvecklad f\u00f6r att s\u00e4kerst\u00e4lla att installationen av H7-LED passar exakt och f\u00f6r att skydda str\u00e5lkastarsystemet. Dessa produkter ers\u00e4tter den ursprungliga korken f\u00f6r att erbjuda en kvalitativ systemkomponent f\u00f6r laglig anv\u00e4ndning. Produktegenskaper M\u00f6jligg\u00f6r installation av H7-LED. Ers\u00e4ttning av originaltopp i OSRAM-kvalitet. Produktf\u00f6rdelar Mekanisk passform och skyddar str\u00e5lkastarsystemet. Systemkomponent f\u00f6r installation [&hellip;]","og_url":"https:\/\/xenonkungen.com\/es\/producto\/limite-legal-de-conduccion-en-calle-06\/","og_site_name":"Xenonkungen","article_modified_time":"2026-04-11T00:29:50+00:00","og_image":[{"width":2560,"height":2560,"url":"https:\/\/xenonkungen.com\/wp-content\/uploads\/2025\/04\/201848023-origpic-bd15e1-scaled.jpg","type":"image\/jpeg"}],"twitter_card":"summary_large_image","schema":{"@context":"https:\/\/schema.org","@graph":[{"@type":"WebPage","@id":"https:\/\/xenonkungen.com\/produkt\/ledriving-street-legal-cap-06\/","url":"https:\/\/xenonkungen.com\/produkt\/ledriving-street-legal-cap-06\/","name":"LEDriving\u00ae Street Legal CAP 06 - El rey del xen\u00f3n","isPartOf":{"@id":"https:\/\/xenonkungen.com\/#website"},"primaryImageOfPage":{"@id":"https:\/\/xenonkungen.com\/produkt\/ledriving-street-legal-cap-06\/#primaryimage"},"image":{"@id":"https:\/\/xenonkungen.com\/produkt\/ledriving-street-legal-cap-06\/#primaryimage"},"thumbnailUrl":"https:\/\/xenonkungen.com\/wp-content\/uploads\/2025\/04\/201848023-origpic-bd15e1-scaled.jpg","datePublished":"2025-04-15T09:38:47+00:00","dateModified":"2026-04-11T00:29:50+00:00","breadcrumb":{"@id":"https:\/\/xenonkungen.com\/produkt\/ledriving-street-legal-cap-06\/#breadcrumb"},"inLanguage":"es","potentialAction":[{"@type":"ReadAction","target":["https:\/\/xenonkungen.com\/produkt\/ledriving-street-legal-cap-06\/"]}]},{"@type":"ImageObject","inLanguage":"es","@id":"https:\/\/xenonkungen.com\/produkt\/ledriving-street-legal-cap-06\/#primaryimage","url":"https:\/\/xenonkungen.com\/wp-content\/uploads\/2025\/04\/201848023-origpic-bd15e1-scaled.jpg","contentUrl":"https:\/\/xenonkungen.com\/wp-content\/uploads\/2025\/04\/201848023-origpic-bd15e1-scaled.jpg","width":2560,"height":2560},{"@type":"BreadcrumbList","@id":"https:\/\/xenonkungen.com\/produkt\/ledriving-street-legal-cap-06\/#breadcrumb","itemListElement":[{"@type":"ListItem","position":1,"name":"Hem","item":"https:\/\/xenonkungen.com\/"},{"@type":"ListItem","position":2,"name":"Shop","item":"https:\/\/xenonkungen.com\/shop\/"},{"@type":"ListItem","position":3,"name":"LEDriving\u00ae Street Legal CAP 06"}]},{"@type":"WebSite","@id":"https:\/\/xenonkungen.com\/#website","url":"https:\/\/xenonkungen.com\/","name":"Xenonkungen","description":"","potentialAction":[{"@type":"SearchAction","target":{"@type":"EntryPoint","urlTemplate":"https:\/\/xenonkungen.com\/?s={search_term_string}"},"query-input":{"@type":"PropertyValueSpecification","valueRequired":true,"valueName":"search_term_string"}}],"inLanguage":"es"}]}},"taxonomy_info":{"product_brand":[{"value":108,"label":"OSRAM"}],"product_cat":[{"value":2841,"label":"Installation extraljus"},{"value":2466,"label":"T\u00e4cklock"},{"value":390,"label":"Installation"}]},"featured_image_src_large":["https:\/\/xenonkungen.com\/wp-content\/uploads\/2025\/04\/201848023-origpic-bd15e1-1024x1024.jpg",1024,1024,true],"author_info":[],"comment_info":0,"_links":{"self":[{"href":"https:\/\/xenonkungen.com\/es\/wp-json\/wp\/v2\/product\/6018","targetHints":{"allow":["GET"]}}],"collection":[{"href":"https:\/\/xenonkungen.com\/es\/wp-json\/wp\/v2\/product"}],"about":[{"href":"https:\/\/xenonkungen.com\/es\/wp-json\/wp\/v2\/types\/product"}],"replies":[{"embeddable":true,"href":"https:\/\/xenonkungen.com\/es\/wp-json\/wp\/v2\/comments?post=6018"}],"wp:featuredmedia":[{"embeddable":true,"href":"https:\/\/xenonkungen.com\/es\/wp-json\/wp\/v2\/media\/6019"}],"wp:attachment":[{"href":"https:\/\/xenonkungen.com\/es\/wp-json\/wp\/v2\/media?parent=6018"}],"wp:term":[{"taxonomy":"anvandningsomrade","embeddable":true,"href":"https:\/\/xenonkungen.com\/es\/wp-json\/wp\/v2\/anvandningsomrade?post=6018"},{"taxonomy":"bilmarken","embeddable":true,"href":"https:\/\/xenonkungen.com\/es\/wp-json\/wp\/v2\/bilmarken?post=6018"},{"taxonomy":"product_brand","embeddable":true,"href":"https:\/\/xenonkungen.com\/es\/wp-json\/wp\/v2\/product_brand?post=6018"},{"taxonomy":"product_cat","embeddable":true,"href":"https:\/\/xenonkungen.com\/es\/wp-json\/wp\/v2\/product_cat?post=6018"},{"taxonomy":"product_tag","embeddable":true,"href":"https:\/\/xenonkungen.com\/es\/wp-json\/wp\/v2\/product_tag?post=6018"}],"curies":[{"name":"wp","href":"https:\/\/api.w.org\/{rel}","templated":true}]}}