{"id":6030,"date":"2025-04-15T09:39:25","date_gmt":"2025-04-15T09:39:25","guid":{"rendered":"https:\/\/xenonkungen.com\/product\/ledriving-ledriving-street-legal-canbus-control-unit-5w-2-pack\/"},"modified":"2026-03-26T15:47:30","modified_gmt":"2026-03-26T14:47:30","slug":"unidad-de-control-canbus-de-5-w-para-conduccion-led-homologada-para-calle-paquete-de-2","status":"publish","type":"product","link":"https:\/\/xenonkungen.com\/es\/producto\/unidad-de-control-canbus-de-5-w-para-conduccion-led-homologada-para-calle-paquete-de-2\/","title":{"rendered":"LEDriving\u00ae LEDriving\u00ae Street Legal UNIDAD DE CONTROL CANBUS 5W (pack de 2)"},"content":{"rendered":"<h2>\u00a1Evite mensajes de error con la UNIDAD DE CONTROL CANBUS LEDriving de OSRAM!<\/h2>\n<p>Este dispositivo inteligente garantiza que su veh\u00edculo no genere mensajes de error al actualizar a l\u00e1mparas LED retrofit. F\u00e1cil de instalar y compatible con la mayor\u00eda de los veh\u00edculos con sistemas autom\u00e1ticos de control de l\u00e1mparas.<\/p>\n<p>Con la garant\u00eda de 3 a\u00f1os de OSRAM, obtendr\u00e1 tranquilidad y calidad. Actual\u00edcese hoy mismo de forma sencilla y sin complicaciones.<\/p>\n<p><strong>Tenga en cuenta lo siguiente:<\/strong> Apague los faros antes de cambiar las l\u00e1mparas. Utilice guantes adecuados durante el montaje y desmontaje.<\/p>\n<p><strong>Especificaciones t\u00e9cnicas<\/strong><\/p>\n<p><strong>Datos el\u00e9ctricos<br \/><\/strong>- Potencia absorbida: 6 W<br \/>- Potencia nominal: 5,00 W<br \/>- Tolerancia de potencia: \u00b120 %<\/p>\n<p><strong>Propiedades f\u00edsicas y dimensiones<br \/><\/strong>- Di\u00e1metro: 8,7 mm<br \/>- Peso del producto: 11,00 g<br \/>- Longitud: 15,0 mm<\/p>\n<p><strong>Datos de por vida<\/strong><br \/>- Vida \u00fatil de B3: 2000 horas<br \/>- Vida \u00fatil Tc: 2000 horas<\/p>\n<p><strong>Garant\u00eda<\/strong><br \/>- 3 a\u00f1os<\/p>\n<p>Informaci\u00f3n \u00fatil<\/p>\n<p>Para obtener m\u00e1s informaci\u00f3n sobre la UNIDAD DE CONTROL CANBUS LEDriving y su uso, consulte nuestros manuales de usuario y la informaci\u00f3n del producto a continuaci\u00f3n.<\/p>\n<p>Manual de instrucciones de la unidad de control LEDriving Canbus 12V 21W (LEDCBCTRL102)<\/p>\n<p>OSRAM Light Range 2022 2023 (EN)<\/p>\n<p>Para encontrar la l\u00e1mpara adecuada para su veh\u00edculo, visite nuestra herramienta de b\u00fasqueda de l\u00e1mparas:<\/p>\n<p>Encuentre la luz adecuada para su veh\u00edculo: <a href=\"http:\/\/www.osram.se\/lampfinder\">www.osram.se\/lampfinder<\/a><br \/>Buscador de faros de veh\u00edculos: <a href=\"https:\/\/www.osram.com\/vehiclelamps\/\">https:\/\/www.osram.com\/vehiclelamps\/<\/a><\/p>","protected":false},"excerpt":{"rendered":"<p>Undvik felmeddelanden med OSRAM LEDriving CANBUS CONTROL UNIT! Denna smarta enhet s\u00e4kerst\u00e4ller att ditt fordon inte genererar felmeddelanden n\u00e4r du uppgraderar till LED-retrofitlampor. Enkel att installera och kompatibel med de flesta fordon med automatiskt lamp\u00f6vervakningssystem. Med OSRAM:s 3-\u00e5riga garanti f\u00e5r du b\u00e5de trygghet och kvalitet. Uppgradera enkelt och bekymmersfritt idag! Observera: Sl\u00e5 av str\u00e5lkastarna innan [&hellip;]<\/p>","protected":false},"featured_media":6031,"comment_status":"closed","ping_status":"open","template":"","meta":{"_acf_changed":false,"_smort_price_nok":"181","_smort_price_dkk":"115","_smort_price_eur":"15.36","_smort_sale_price_nok":"","_smort_sale_price_dkk":"","_smort_sale_price_eur":"","smort_restorder":"","shipmondo_restorder":"","_kad_blocks_custom_css":"","_kad_blocks_head_custom_js":"","_kad_blocks_body_custom_js":"","_kad_blocks_footer_custom_js":"","smort_custom_pricelist_1":"108.16","smort_custom_pricelist_2":"94.64","smort_custom_pricelist_3":"87.88","smort_custom_pricelist_4":"135.2","smort_custom_pricelist_5":"94.64"},"anvandningsomrade":[],"bilmarken":[],"product_brand":[108],"product_cat":[2487,3015,390],"product_tag":[],"class_list":{"0":"post-6030","1":"product","2":"type-product","3":"status-publish","4":"has-post-thumbnail","6":"product_brand-osram","7":"product_cat-canbus-installation","8":"product_cat-problemlosare","9":"product_cat-installation","10":"pa_faktisk-effekts-forbrukning-540","11":"pa_volt-v-159","13":"first","14":"instock","15":"taxable","16":"shipping-taxable","17":"purchasable","18":"product-type-simple"},"bundled_by":[],"bundle_stock_status":"instock","bundle_stock_quantity":5,"bundle_virtual":false,"bundle_layout":"","bundle_add_to_cart_form_location":"","bundle_editable_in_cart":false,"bundle_sold_individually_context":"","bundle_item_grouping":"","bundle_min_size":"","bundle_max_size":"","bundle_price":[],"bundled_items":[],"bundle_sell_ids":[],"acf":[],"yoast_head":"<!-- This site is optimized with the Yoast SEO plugin v27.0 - https:\/\/yoast.com\/product\/yoast-seo-wordpress\/ -->\n<title>LEDriving\u00ae LEDriving\u00ae Street Legal CANBUS CONTROL UNIT 5W (2-pack) - Xenonkungen<\/title>\n<meta name=\"robots\" content=\"index, follow, max-snippet:-1, max-image-preview:large, max-video-preview:-1\" \/>\n<link rel=\"canonical\" href=\"https:\/\/xenonkungen.com\/es\/producto\/unidad-de-control-canbus-de-5-w-para-conduccion-led-homologada-para-calle-paquete-de-2\/\" \/>\n<meta property=\"og:locale\" content=\"es_ES\" \/>\n<meta property=\"og:type\" content=\"article\" \/>\n<meta property=\"og:title\" content=\"LEDriving\u00ae LEDriving\u00ae Street Legal CANBUS CONTROL UNIT 5W (2-pack) - Xenonkungen\" \/>\n<meta property=\"og:description\" content=\"Undvik felmeddelanden med OSRAM LEDriving CANBUS CONTROL UNIT! Denna smarta enhet s\u00e4kerst\u00e4ller att ditt fordon inte genererar felmeddelanden n\u00e4r du uppgraderar till LED-retrofitlampor. Enkel att installera och kompatibel med de flesta fordon med automatiskt lamp\u00f6vervakningssystem. Med OSRAM:s 3-\u00e5riga garanti f\u00e5r du b\u00e5de trygghet och kvalitet. Uppgradera enkelt och bekymmersfritt idag! Observera: Sl\u00e5 av str\u00e5lkastarna innan [&hellip;]\" \/>\n<meta property=\"og:url\" content=\"https:\/\/xenonkungen.com\/es\/producto\/unidad-de-control-canbus-de-5-w-para-conduccion-led-homologada-para-calle-paquete-de-2\/\" \/>\n<meta property=\"og:site_name\" content=\"Xenonkungen\" \/>\n<meta property=\"article:modified_time\" content=\"2026-03-26T14:47:30+00:00\" \/>\n<meta property=\"og:image\" content=\"https:\/\/xenonkungen.com\/wp-content\/uploads\/2025\/04\/201848035-origpic-37cbfb.jpg\" \/>\n\t<meta property=\"og:image:width\" content=\"1024\" \/>\n\t<meta property=\"og:image:height\" content=\"1024\" \/>\n\t<meta property=\"og:image:type\" content=\"image\/jpeg\" \/>\n<meta name=\"twitter:card\" content=\"summary_large_image\" \/>\n<meta name=\"twitter:label1\" content=\"Tiempo de lectura\" \/>\n\t<meta name=\"twitter:data1\" content=\"1 minuto\" \/>\n<script type=\"application\/ld+json\" class=\"yoast-schema-graph\">{\"@context\":\"https:\/\/schema.org\",\"@graph\":[{\"@type\":\"WebPage\",\"@id\":\"https:\/\/xenonkungen.com\/produkt\/ledriving-ledriving-street-legal-canbus-control-unit-5w-2-pack\/\",\"url\":\"https:\/\/xenonkungen.com\/produkt\/ledriving-ledriving-street-legal-canbus-control-unit-5w-2-pack\/\",\"name\":\"LEDriving\u00ae LEDriving\u00ae Street Legal CANBUS CONTROL UNIT 5W (2-pack) - Xenonkungen\",\"isPartOf\":{\"@id\":\"https:\/\/xenonkungen.com\/#website\"},\"primaryImageOfPage\":{\"@id\":\"https:\/\/xenonkungen.com\/produkt\/ledriving-ledriving-street-legal-canbus-control-unit-5w-2-pack\/#primaryimage\"},\"image\":{\"@id\":\"https:\/\/xenonkungen.com\/produkt\/ledriving-ledriving-street-legal-canbus-control-unit-5w-2-pack\/#primaryimage\"},\"thumbnailUrl\":\"https:\/\/xenonkungen.com\/wp-content\/uploads\/2025\/04\/201848035-origpic-37cbfb.jpg\",\"datePublished\":\"2025-04-15T09:39:25+00:00\",\"dateModified\":\"2026-03-26T14:47:30+00:00\",\"breadcrumb\":{\"@id\":\"https:\/\/xenonkungen.com\/produkt\/ledriving-ledriving-street-legal-canbus-control-unit-5w-2-pack\/#breadcrumb\"},\"inLanguage\":\"es\",\"potentialAction\":[{\"@type\":\"ReadAction\",\"target\":[\"https:\/\/xenonkungen.com\/produkt\/ledriving-ledriving-street-legal-canbus-control-unit-5w-2-pack\/\"]}]},{\"@type\":\"ImageObject\",\"inLanguage\":\"es\",\"@id\":\"https:\/\/xenonkungen.com\/produkt\/ledriving-ledriving-street-legal-canbus-control-unit-5w-2-pack\/#primaryimage\",\"url\":\"https:\/\/xenonkungen.com\/wp-content\/uploads\/2025\/04\/201848035-origpic-37cbfb.jpg\",\"contentUrl\":\"https:\/\/xenonkungen.com\/wp-content\/uploads\/2025\/04\/201848035-origpic-37cbfb.jpg\",\"width\":1024,\"height\":1024},{\"@type\":\"BreadcrumbList\",\"@id\":\"https:\/\/xenonkungen.com\/produkt\/ledriving-ledriving-street-legal-canbus-control-unit-5w-2-pack\/#breadcrumb\",\"itemListElement\":[{\"@type\":\"ListItem\",\"position\":1,\"name\":\"Hem\",\"item\":\"https:\/\/xenonkungen.com\/\"},{\"@type\":\"ListItem\",\"position\":2,\"name\":\"Shop\",\"item\":\"https:\/\/xenonkungen.com\/shop\/\"},{\"@type\":\"ListItem\",\"position\":3,\"name\":\"LEDriving\u00ae LEDriving\u00ae Street Legal CANBUS CONTROL UNIT 5W (2-pack)\"}]},{\"@type\":\"WebSite\",\"@id\":\"https:\/\/xenonkungen.com\/#website\",\"url\":\"https:\/\/xenonkungen.com\/\",\"name\":\"Xenonkungen\",\"description\":\"\",\"potentialAction\":[{\"@type\":\"SearchAction\",\"target\":{\"@type\":\"EntryPoint\",\"urlTemplate\":\"https:\/\/xenonkungen.com\/?s={search_term_string}\"},\"query-input\":{\"@type\":\"PropertyValueSpecification\",\"valueRequired\":true,\"valueName\":\"search_term_string\"}}],\"inLanguage\":\"es\"}]}<\/script>\n<!-- \/ Yoast SEO plugin. -->","yoast_head_json":{"title":"LEDriving\u00ae LEDriving\u00ae Unidad de control CANBUS legal para carretera de 5 W (paquete de 2) - El rey del xen\u00f3n","robots":{"index":"index","follow":"follow","max-snippet":"max-snippet:-1","max-image-preview":"max-image-preview:large","max-video-preview":"max-video-preview:-1"},"canonical":"https:\/\/xenonkungen.com\/es\/producto\/unidad-de-control-canbus-de-5-w-para-conduccion-led-homologada-para-calle-paquete-de-2\/","og_locale":"es_ES","og_type":"article","og_title":"LEDriving\u00ae LEDriving\u00ae Street Legal CANBUS CONTROL UNIT 5W (2-pack) - Xenonkungen","og_description":"Undvik felmeddelanden med OSRAM LEDriving CANBUS CONTROL UNIT! Denna smarta enhet s\u00e4kerst\u00e4ller att ditt fordon inte genererar felmeddelanden n\u00e4r du uppgraderar till LED-retrofitlampor. Enkel att installera och kompatibel med de flesta fordon med automatiskt lamp\u00f6vervakningssystem. Med OSRAM:s 3-\u00e5riga garanti f\u00e5r du b\u00e5de trygghet och kvalitet. Uppgradera enkelt och bekymmersfritt idag! Observera: Sl\u00e5 av str\u00e5lkastarna innan [&hellip;]","og_url":"https:\/\/xenonkungen.com\/es\/producto\/unidad-de-control-canbus-de-5-w-para-conduccion-led-homologada-para-calle-paquete-de-2\/","og_site_name":"Xenonkungen","article_modified_time":"2026-03-26T14:47:30+00:00","og_image":[{"width":1024,"height":1024,"url":"https:\/\/xenonkungen.com\/wp-content\/uploads\/2025\/04\/201848035-origpic-37cbfb.jpg","type":"image\/jpeg"}],"twitter_card":"summary_large_image","twitter_misc":{"Tiempo de lectura":"1 minuto"},"schema":{"@context":"https:\/\/schema.org","@graph":[{"@type":"WebPage","@id":"https:\/\/xenonkungen.com\/produkt\/ledriving-ledriving-street-legal-canbus-control-unit-5w-2-pack\/","url":"https:\/\/xenonkungen.com\/produkt\/ledriving-ledriving-street-legal-canbus-control-unit-5w-2-pack\/","name":"LEDriving\u00ae LEDriving\u00ae Unidad de control CANBUS legal para carretera de 5 W (paquete de 2) - El rey del xen\u00f3n","isPartOf":{"@id":"https:\/\/xenonkungen.com\/#website"},"primaryImageOfPage":{"@id":"https:\/\/xenonkungen.com\/produkt\/ledriving-ledriving-street-legal-canbus-control-unit-5w-2-pack\/#primaryimage"},"image":{"@id":"https:\/\/xenonkungen.com\/produkt\/ledriving-ledriving-street-legal-canbus-control-unit-5w-2-pack\/#primaryimage"},"thumbnailUrl":"https:\/\/xenonkungen.com\/wp-content\/uploads\/2025\/04\/201848035-origpic-37cbfb.jpg","datePublished":"2025-04-15T09:39:25+00:00","dateModified":"2026-03-26T14:47:30+00:00","breadcrumb":{"@id":"https:\/\/xenonkungen.com\/produkt\/ledriving-ledriving-street-legal-canbus-control-unit-5w-2-pack\/#breadcrumb"},"inLanguage":"es","potentialAction":[{"@type":"ReadAction","target":["https:\/\/xenonkungen.com\/produkt\/ledriving-ledriving-street-legal-canbus-control-unit-5w-2-pack\/"]}]},{"@type":"ImageObject","inLanguage":"es","@id":"https:\/\/xenonkungen.com\/produkt\/ledriving-ledriving-street-legal-canbus-control-unit-5w-2-pack\/#primaryimage","url":"https:\/\/xenonkungen.com\/wp-content\/uploads\/2025\/04\/201848035-origpic-37cbfb.jpg","contentUrl":"https:\/\/xenonkungen.com\/wp-content\/uploads\/2025\/04\/201848035-origpic-37cbfb.jpg","width":1024,"height":1024},{"@type":"BreadcrumbList","@id":"https:\/\/xenonkungen.com\/produkt\/ledriving-ledriving-street-legal-canbus-control-unit-5w-2-pack\/#breadcrumb","itemListElement":[{"@type":"ListItem","position":1,"name":"Hem","item":"https:\/\/xenonkungen.com\/"},{"@type":"ListItem","position":2,"name":"Shop","item":"https:\/\/xenonkungen.com\/shop\/"},{"@type":"ListItem","position":3,"name":"LEDriving\u00ae LEDriving\u00ae Street Legal CANBUS CONTROL UNIT 5W (2-pack)"}]},{"@type":"WebSite","@id":"https:\/\/xenonkungen.com\/#website","url":"https:\/\/xenonkungen.com\/","name":"Xenonkungen","description":"","potentialAction":[{"@type":"SearchAction","target":{"@type":"EntryPoint","urlTemplate":"https:\/\/xenonkungen.com\/?s={search_term_string}"},"query-input":{"@type":"PropertyValueSpecification","valueRequired":true,"valueName":"search_term_string"}}],"inLanguage":"es"}]}},"taxonomy_info":{"product_brand":[{"value":108,"label":"OSRAM"}],"product_cat":[{"value":2487,"label":"Canbus"},{"value":3015,"label":"Probleml\u00f6sare"},{"value":390,"label":"Installation"}],"pa_faktisk-effekts-forbrukning":[{"value":540,"label":"5"}],"pa_volt-v":[{"value":159,"label":"12"}]},"featured_image_src_large":["https:\/\/xenonkungen.com\/wp-content\/uploads\/2025\/04\/201848035-origpic-37cbfb.jpg",1024,1024,false],"author_info":[],"comment_info":0,"_links":{"self":[{"href":"https:\/\/xenonkungen.com\/es\/wp-json\/wp\/v2\/product\/6030","targetHints":{"allow":["GET"]}}],"collection":[{"href":"https:\/\/xenonkungen.com\/es\/wp-json\/wp\/v2\/product"}],"about":[{"href":"https:\/\/xenonkungen.com\/es\/wp-json\/wp\/v2\/types\/product"}],"replies":[{"embeddable":true,"href":"https:\/\/xenonkungen.com\/es\/wp-json\/wp\/v2\/comments?post=6030"}],"wp:featuredmedia":[{"embeddable":true,"href":"https:\/\/xenonkungen.com\/es\/wp-json\/wp\/v2\/media\/6031"}],"wp:attachment":[{"href":"https:\/\/xenonkungen.com\/es\/wp-json\/wp\/v2\/media?parent=6030"}],"wp:term":[{"taxonomy":"anvandningsomrade","embeddable":true,"href":"https:\/\/xenonkungen.com\/es\/wp-json\/wp\/v2\/anvandningsomrade?post=6030"},{"taxonomy":"bilmarken","embeddable":true,"href":"https:\/\/xenonkungen.com\/es\/wp-json\/wp\/v2\/bilmarken?post=6030"},{"taxonomy":"product_brand","embeddable":true,"href":"https:\/\/xenonkungen.com\/es\/wp-json\/wp\/v2\/product_brand?post=6030"},{"taxonomy":"product_cat","embeddable":true,"href":"https:\/\/xenonkungen.com\/es\/wp-json\/wp\/v2\/product_cat?post=6030"},{"taxonomy":"product_tag","embeddable":true,"href":"https:\/\/xenonkungen.com\/es\/wp-json\/wp\/v2\/product_tag?post=6030"}],"curies":[{"name":"wp","href":"https:\/\/api.w.org\/{rel}","templated":true}]}}