{"id":6038,"date":"2025-04-15T09:55:46","date_gmt":"2025-04-15T09:55:46","guid":{"rendered":"https:\/\/xenonkungen.com\/product\/ledriving-ledriving-street-legal-canbus-control-unit-21w-2-pack\/"},"modified":"2026-04-11T01:30:13","modified_gmt":"2026-04-11T00:30:13","slug":"unidad-de-control-can-bus-de-21-w-homologada-para-circular-en-carretera-paquete-de-2","status":"publish","type":"product","link":"https:\/\/xenonkungen.com\/es\/producto\/unidad-de-control-can-bus-de-21-w-homologada-para-circular-en-carretera-paquete-de-2\/","title":{"rendered":"LEDriving\u00ae Unidad de control CANBUS homologada para circular por la calle de 21 W (paquete de 2)"},"content":{"rendered":"<section>\n<h1>\u00a1Evite mensajes de error con la UNIDAD DE CONTROL CANBUS LEDriving de OSRAM!<\/h1>\n<p>Este dispositivo inteligente garantiza que su veh\u00edculo no genere mensajes de error al actualizar a l\u00e1mparas LED retrofit. F\u00e1cil de instalar y compatible con la mayor\u00eda de los veh\u00edculos con sistemas autom\u00e1ticos de control de l\u00e1mparas.<\/p>\n<p>Con la garant\u00eda de 3 a\u00f1os de OSRAM, obtendr\u00e1 tranquilidad y calidad. Actual\u00edcese hoy mismo de forma sencilla y sin complicaciones.<\/p>\n<p>","protected":false},"excerpt":{"rendered":"<p>\u00a1Evita mensajes de error con la UNIDAD DE CONTROL CANBUS OSRAM LEDriving! Este dispositivo inteligente garantiza que tu veh\u00edculo no genere mensajes de error al actualizar a l\u00e1mparas LED. F\u00e1cil de instalar y compatible con la mayor\u00eda de los veh\u00edculos con sistemas autom\u00e1ticos de monitorizaci\u00f3n de l\u00e1mparas. Con la garant\u00eda de 3 a\u00f1os de OSRAM, disfruta de tranquilidad y calidad. \u00a1Actual\u00edzate hoy mismo de forma f\u00e1cil y sin preocupaciones!<\/p>","protected":false},"featured_media":6039,"comment_status":"closed","ping_status":"open","template":"","meta":{"_acf_changed":false,"_smort_price_nok":"181","_smort_price_dkk":"115","_smort_price_eur":"15.36","_smort_sale_price_nok":"","_smort_sale_price_dkk":"","_smort_sale_price_eur":"","smort_restorder":"","shipmondo_restorder":"","_kad_blocks_custom_css":"","_kad_blocks_head_custom_js":"","_kad_blocks_body_custom_js":"","_kad_blocks_footer_custom_js":"","smort_custom_pricelist_1":"108.16","smort_custom_pricelist_2":"94.64","smort_custom_pricelist_3":"87.88","smort_custom_pricelist_4":"135.2","smort_custom_pricelist_5":"94.64"},"anvandningsomrade":[],"bilmarken":[],"product_brand":[108],"product_cat":[2487,2841,3015,390],"product_tag":[],"class_list":{"0":"post-6038","1":"product","2":"type-product","3":"status-publish","4":"has-post-thumbnail","6":"product_brand-osram","7":"product_cat-canbus-installation","8":"product_cat-installation-extraljus","9":"product_cat-problemlosare","10":"product_cat-installation","11":"pa_storlek-mm-16x18","13":"first","14":"instock","15":"taxable","16":"shipping-taxable","17":"purchasable","18":"product-type-simple"},"bundled_by":[],"bundle_stock_status":"instock","bundle_stock_quantity":8,"bundle_virtual":false,"bundle_layout":"","bundle_add_to_cart_form_location":"","bundle_editable_in_cart":false,"bundle_sold_individually_context":"","bundle_item_grouping":"","bundle_min_size":"","bundle_max_size":"","bundle_price":[],"bundled_items":[],"bundle_sell_ids":[],"acf":[],"yoast_head":"<!-- This site is optimized with the Yoast SEO plugin v27.0 - https:\/\/yoast.com\/product\/yoast-seo-wordpress\/ -->\n<title>LEDriving\u00ae LEDriving\u00ae Street Legal CANBUS CONTROL UNIT 21W (2-pack) - Xenonkungen<\/title>\n<meta name=\"robots\" content=\"index, follow, max-snippet:-1, max-image-preview:large, max-video-preview:-1\" \/>\n<link rel=\"canonical\" href=\"https:\/\/xenonkungen.com\/es\/producto\/unidad-de-control-can-bus-de-21-w-homologada-para-circular-en-carretera-paquete-de-2\/\" \/>\n<meta property=\"og:locale\" content=\"es_ES\" \/>\n<meta property=\"og:type\" content=\"article\" \/>\n<meta property=\"og:title\" content=\"LEDriving\u00ae LEDriving\u00ae Street Legal CANBUS CONTROL UNIT 21W (2-pack) - Xenonkungen\" \/>\n<meta property=\"og:description\" content=\"Undvik felmeddelanden med OSRAM LEDriving CANBUS CONTROL UNIT! Denna smarta enhet s\u00e4kerst\u00e4ller att ditt fordon inte genererar felmeddelanden n\u00e4r du uppgraderar till LED-retrofitlampor. Enkel att installera och kompatibel med de flesta fordon med automatiskt lamp\u00f6vervakningssystem. Med OSRAM:s 3-\u00e5riga garanti f\u00e5r du b\u00e5de trygghet och kvalitet. Uppgradera enkelt och bekymmersfritt idag!\" \/>\n<meta property=\"og:url\" content=\"https:\/\/xenonkungen.com\/es\/producto\/unidad-de-control-can-bus-de-21-w-homologada-para-circular-en-carretera-paquete-de-2\/\" \/>\n<meta property=\"og:site_name\" content=\"Xenonkungen\" \/>\n<meta property=\"article:modified_time\" content=\"2026-04-11T00:30:13+00:00\" \/>\n<meta property=\"og:image\" content=\"https:\/\/xenonkungen.com\/wp-content\/uploads\/2025\/04\/201848037-origpic-cd7966.jpg\" \/>\n\t<meta property=\"og:image:width\" content=\"1024\" \/>\n\t<meta property=\"og:image:height\" content=\"1024\" \/>\n\t<meta property=\"og:image:type\" content=\"image\/jpeg\" \/>\n<meta name=\"twitter:card\" content=\"summary_large_image\" \/>\n<script type=\"application\/ld+json\" class=\"yoast-schema-graph\">{\"@context\":\"https:\/\/schema.org\",\"@graph\":[{\"@type\":\"WebPage\",\"@id\":\"https:\/\/xenonkungen.com\/produkt\/ledriving-ledriving-street-legal-canbus-control-unit-21w-2-pack\/\",\"url\":\"https:\/\/xenonkungen.com\/produkt\/ledriving-ledriving-street-legal-canbus-control-unit-21w-2-pack\/\",\"name\":\"LEDriving\u00ae LEDriving\u00ae Street Legal CANBUS CONTROL UNIT 21W (2-pack) - Xenonkungen\",\"isPartOf\":{\"@id\":\"https:\/\/xenonkungen.com\/#website\"},\"primaryImageOfPage\":{\"@id\":\"https:\/\/xenonkungen.com\/produkt\/ledriving-ledriving-street-legal-canbus-control-unit-21w-2-pack\/#primaryimage\"},\"image\":{\"@id\":\"https:\/\/xenonkungen.com\/produkt\/ledriving-ledriving-street-legal-canbus-control-unit-21w-2-pack\/#primaryimage\"},\"thumbnailUrl\":\"https:\/\/xenonkungen.com\/wp-content\/uploads\/2025\/04\/201848037-origpic-cd7966.jpg\",\"datePublished\":\"2025-04-15T09:55:46+00:00\",\"dateModified\":\"2026-04-11T00:30:13+00:00\",\"breadcrumb\":{\"@id\":\"https:\/\/xenonkungen.com\/produkt\/ledriving-ledriving-street-legal-canbus-control-unit-21w-2-pack\/#breadcrumb\"},\"inLanguage\":\"es\",\"potentialAction\":[{\"@type\":\"ReadAction\",\"target\":[\"https:\/\/xenonkungen.com\/produkt\/ledriving-ledriving-street-legal-canbus-control-unit-21w-2-pack\/\"]}]},{\"@type\":\"ImageObject\",\"inLanguage\":\"es\",\"@id\":\"https:\/\/xenonkungen.com\/produkt\/ledriving-ledriving-street-legal-canbus-control-unit-21w-2-pack\/#primaryimage\",\"url\":\"https:\/\/xenonkungen.com\/wp-content\/uploads\/2025\/04\/201848037-origpic-cd7966.jpg\",\"contentUrl\":\"https:\/\/xenonkungen.com\/wp-content\/uploads\/2025\/04\/201848037-origpic-cd7966.jpg\",\"width\":1024,\"height\":1024},{\"@type\":\"BreadcrumbList\",\"@id\":\"https:\/\/xenonkungen.com\/produkt\/ledriving-ledriving-street-legal-canbus-control-unit-21w-2-pack\/#breadcrumb\",\"itemListElement\":[{\"@type\":\"ListItem\",\"position\":1,\"name\":\"Hem\",\"item\":\"https:\/\/xenonkungen.com\/\"},{\"@type\":\"ListItem\",\"position\":2,\"name\":\"Shop\",\"item\":\"https:\/\/xenonkungen.com\/shop\/\"},{\"@type\":\"ListItem\",\"position\":3,\"name\":\"LEDriving\u00ae LEDriving\u00ae Street Legal CANBUS CONTROL UNIT 21W (2-pack)\"}]},{\"@type\":\"WebSite\",\"@id\":\"https:\/\/xenonkungen.com\/#website\",\"url\":\"https:\/\/xenonkungen.com\/\",\"name\":\"Xenonkungen\",\"description\":\"\",\"potentialAction\":[{\"@type\":\"SearchAction\",\"target\":{\"@type\":\"EntryPoint\",\"urlTemplate\":\"https:\/\/xenonkungen.com\/?s={search_term_string}\"},\"query-input\":{\"@type\":\"PropertyValueSpecification\",\"valueRequired\":true,\"valueName\":\"search_term_string\"}}],\"inLanguage\":\"es\"}]}<\/script>\n<!-- \/ Yoast SEO plugin. -->","yoast_head_json":{"title":"LEDriving\u00ae LEDriving\u00ae Unidad de control CANBUS homologada para carretera de 21 W (paquete de 2) - El rey del xen\u00f3n","robots":{"index":"index","follow":"follow","max-snippet":"max-snippet:-1","max-image-preview":"max-image-preview:large","max-video-preview":"max-video-preview:-1"},"canonical":"https:\/\/xenonkungen.com\/es\/producto\/unidad-de-control-can-bus-de-21-w-homologada-para-circular-en-carretera-paquete-de-2\/","og_locale":"es_ES","og_type":"article","og_title":"LEDriving\u00ae LEDriving\u00ae Street Legal CANBUS CONTROL UNIT 21W (2-pack) - Xenonkungen","og_description":"Undvik felmeddelanden med OSRAM LEDriving CANBUS CONTROL UNIT! Denna smarta enhet s\u00e4kerst\u00e4ller att ditt fordon inte genererar felmeddelanden n\u00e4r du uppgraderar till LED-retrofitlampor. Enkel att installera och kompatibel med de flesta fordon med automatiskt lamp\u00f6vervakningssystem. Med OSRAM:s 3-\u00e5riga garanti f\u00e5r du b\u00e5de trygghet och kvalitet. Uppgradera enkelt och bekymmersfritt idag!","og_url":"https:\/\/xenonkungen.com\/es\/producto\/unidad-de-control-can-bus-de-21-w-homologada-para-circular-en-carretera-paquete-de-2\/","og_site_name":"Xenonkungen","article_modified_time":"2026-04-11T00:30:13+00:00","og_image":[{"width":1024,"height":1024,"url":"https:\/\/xenonkungen.com\/wp-content\/uploads\/2025\/04\/201848037-origpic-cd7966.jpg","type":"image\/jpeg"}],"twitter_card":"summary_large_image","schema":{"@context":"https:\/\/schema.org","@graph":[{"@type":"WebPage","@id":"https:\/\/xenonkungen.com\/produkt\/ledriving-ledriving-street-legal-canbus-control-unit-21w-2-pack\/","url":"https:\/\/xenonkungen.com\/produkt\/ledriving-ledriving-street-legal-canbus-control-unit-21w-2-pack\/","name":"LEDriving\u00ae LEDriving\u00ae Unidad de control CANBUS homologada para carretera de 21 W (paquete de 2) - El rey del xen\u00f3n","isPartOf":{"@id":"https:\/\/xenonkungen.com\/#website"},"primaryImageOfPage":{"@id":"https:\/\/xenonkungen.com\/produkt\/ledriving-ledriving-street-legal-canbus-control-unit-21w-2-pack\/#primaryimage"},"image":{"@id":"https:\/\/xenonkungen.com\/produkt\/ledriving-ledriving-street-legal-canbus-control-unit-21w-2-pack\/#primaryimage"},"thumbnailUrl":"https:\/\/xenonkungen.com\/wp-content\/uploads\/2025\/04\/201848037-origpic-cd7966.jpg","datePublished":"2025-04-15T09:55:46+00:00","dateModified":"2026-04-11T00:30:13+00:00","breadcrumb":{"@id":"https:\/\/xenonkungen.com\/produkt\/ledriving-ledriving-street-legal-canbus-control-unit-21w-2-pack\/#breadcrumb"},"inLanguage":"es","potentialAction":[{"@type":"ReadAction","target":["https:\/\/xenonkungen.com\/produkt\/ledriving-ledriving-street-legal-canbus-control-unit-21w-2-pack\/"]}]},{"@type":"ImageObject","inLanguage":"es","@id":"https:\/\/xenonkungen.com\/produkt\/ledriving-ledriving-street-legal-canbus-control-unit-21w-2-pack\/#primaryimage","url":"https:\/\/xenonkungen.com\/wp-content\/uploads\/2025\/04\/201848037-origpic-cd7966.jpg","contentUrl":"https:\/\/xenonkungen.com\/wp-content\/uploads\/2025\/04\/201848037-origpic-cd7966.jpg","width":1024,"height":1024},{"@type":"BreadcrumbList","@id":"https:\/\/xenonkungen.com\/produkt\/ledriving-ledriving-street-legal-canbus-control-unit-21w-2-pack\/#breadcrumb","itemListElement":[{"@type":"ListItem","position":1,"name":"Hem","item":"https:\/\/xenonkungen.com\/"},{"@type":"ListItem","position":2,"name":"Shop","item":"https:\/\/xenonkungen.com\/shop\/"},{"@type":"ListItem","position":3,"name":"LEDriving\u00ae LEDriving\u00ae Street Legal CANBUS CONTROL UNIT 21W (2-pack)"}]},{"@type":"WebSite","@id":"https:\/\/xenonkungen.com\/#website","url":"https:\/\/xenonkungen.com\/","name":"Xenonkungen","description":"","potentialAction":[{"@type":"SearchAction","target":{"@type":"EntryPoint","urlTemplate":"https:\/\/xenonkungen.com\/?s={search_term_string}"},"query-input":{"@type":"PropertyValueSpecification","valueRequired":true,"valueName":"search_term_string"}}],"inLanguage":"es"}]}},"taxonomy_info":{"product_brand":[{"value":108,"label":"OSRAM"}],"product_cat":[{"value":2487,"label":"Canbus"},{"value":2841,"label":"Installation extraljus"},{"value":3015,"label":"Probleml\u00f6sare"},{"value":390,"label":"Installation"}],"pa_storlek-mm":[{"value":1926,"label":"16x18"}]},"featured_image_src_large":["https:\/\/xenonkungen.com\/wp-content\/uploads\/2025\/04\/201848037-origpic-cd7966.jpg",1024,1024,false],"author_info":[],"comment_info":0,"_links":{"self":[{"href":"https:\/\/xenonkungen.com\/es\/wp-json\/wp\/v2\/product\/6038","targetHints":{"allow":["GET"]}}],"collection":[{"href":"https:\/\/xenonkungen.com\/es\/wp-json\/wp\/v2\/product"}],"about":[{"href":"https:\/\/xenonkungen.com\/es\/wp-json\/wp\/v2\/types\/product"}],"replies":[{"embeddable":true,"href":"https:\/\/xenonkungen.com\/es\/wp-json\/wp\/v2\/comments?post=6038"}],"wp:featuredmedia":[{"embeddable":true,"href":"https:\/\/xenonkungen.com\/es\/wp-json\/wp\/v2\/media\/6039"}],"wp:attachment":[{"href":"https:\/\/xenonkungen.com\/es\/wp-json\/wp\/v2\/media?parent=6038"}],"wp:term":[{"taxonomy":"anvandningsomrade","embeddable":true,"href":"https:\/\/xenonkungen.com\/es\/wp-json\/wp\/v2\/anvandningsomrade?post=6038"},{"taxonomy":"bilmarken","embeddable":true,"href":"https:\/\/xenonkungen.com\/es\/wp-json\/wp\/v2\/bilmarken?post=6038"},{"taxonomy":"product_brand","embeddable":true,"href":"https:\/\/xenonkungen.com\/es\/wp-json\/wp\/v2\/product_brand?post=6038"},{"taxonomy":"product_cat","embeddable":true,"href":"https:\/\/xenonkungen.com\/es\/wp-json\/wp\/v2\/product_cat?post=6038"},{"taxonomy":"product_tag","embeddable":true,"href":"https:\/\/xenonkungen.com\/es\/wp-json\/wp\/v2\/product_tag?post=6038"}],"curies":[{"name":"wp","href":"https:\/\/api.w.org\/{rel}","templated":true}]}}