{"id":6076,"date":"2025-04-15T09:40:41","date_gmt":"2025-04-15T09:40:41","guid":{"rendered":"https:\/\/xenonkungen.com\/product\/lazer-ledrampskit-vw-amarok-2010-2x-triple-r-750-elite\/"},"modified":"2026-04-11T01:09:26","modified_gmt":"2026-04-11T00:09:26","slug":"kit-de-rampa-led-laser-para-vw-amarok-2010-2-unidades-triple-r-750-elite","status":"publish","type":"product","link":"https:\/\/xenonkungen.com\/es\/producto\/kit-de-rampa-led-laser-para-vw-amarok-2010-2-unidades-triple-r-750-elite\/","title":{"rendered":"Lazer Ledrampskit - VW Amarok 2010+ 2x Triple-R 750 Elite"},"content":{"rendered":"<h2>Kit de rampa LED Lazer - VW Amarok V6 (2010+)<\/h2>\n<p><strong>\u00a1Maximice su visibilidad y dale a tu Amarok una elevaci\u00f3n potente!<\/strong><\/p>\n<p>Este exclusivo kit de barra LED Lazer Triple-R 750 est\u00e1 especialmente dise\u00f1ado para el Volkswagen Amarok V6 (2010 en adelante). Con dos potentes luces auxiliares Triple-R 750 Elite y un completo kit de montaje, obtienes rendimiento y estilo en un solo kit.<\/p>\n<p>La instalaci\u00f3n es r\u00e1pida y sencilla, y el resultado es una integraci\u00f3n perfecta en la parrilla original, como si estuviera instalada de f\u00e1brica. Los soportes est\u00e1n hechos de material ASA resistente, lo que garantiza una larga durabilidad incluso en las duras condiciones clim\u00e1ticas n\u00f3rdicas. Resistente a los rayos UV y a la intemperie, para que se mantenga estable a\u00f1o tras a\u00f1o.<\/p>\n<h3>El paquete incluye:<\/h3>\n<ul>\n<li><strong>2 Lazer Triple-R 750 Elite<\/strong> \u2013 Rendimiento potente en un formato compacto<\/li>\n<li>4 soportes personalizados con juego de tornillos incluido<\/li>\n<li>1 gu\u00eda de corte para un montaje preciso<\/li>\n<li>1 kit de conector completo, listo para instalar<\/li>\n<li>1 x instrucciones de montaje claras<\/li>\n<\/ul>\n<p><strong>Perfecto para quienes desean el m\u00e1ximo brillo sin comprometer el dise\u00f1o ni la calidad.<\/strong><\/p>","protected":false},"excerpt":{"rendered":"<p>Lazer Ledrampskit \u2013 VW Amarok V6 (2010+) Maximera din sikt och ge din Amarok ett kraftfullt lyft! Detta exklusiva Lazer Triple-R 750 LED-rampskit \u00e4r specialdesignat f\u00f6r Volkswagen Amarok V6 (2010 och fram\u00e5t). Med tv\u00e5 kraftfulla Triple-R 750 Elite extraljus och ett komplett monteringspaket f\u00e5r du b\u00e5de prestanda och stil i ett och samma kit. Monteringen [&hellip;]<\/p>","protected":false},"featured_media":6077,"comment_status":"closed","ping_status":"open","template":"","meta":{"_acf_changed":false,"_smort_price_nok":"12283","_smort_price_dkk":"7803","_smort_price_eur":"1045.41","_smort_sale_price_nok":"","_smort_sale_price_dkk":"","_smort_sale_price_eur":"","smort_restorder":"","shipmondo_restorder":"","_kad_blocks_custom_css":"","_kad_blocks_head_custom_js":"","_kad_blocks_body_custom_js":"","_kad_blocks_footer_custom_js":"","smort_custom_pricelist_1":"7360","smort_custom_pricelist_2":"7360","smort_custom_pricelist_3":"7360","smort_custom_pricelist_4":"9200","smort_custom_pricelist_5":"7360"},"anvandningsomrade":[],"bilmarken":[],"product_brand":[1124],"product_cat":[2539,2596,1916],"product_tag":[2735],"class_list":{"0":"post-6076","1":"product","2":"type-product","3":"status-publish","4":"has-post-thumbnail","6":"product_brand-lazer","7":"product_cat-ledramper","8":"product_cat-paket","9":"product_cat-ledrampspaket","10":"product_tag-lazer","11":"pa_fargtemperatur-5000k","12":"pa_godkannande-e-godkand-ece-r112","13":"pa_led-chips-effekt-w-1616","14":"pa_stromforbrukning-72a144v","15":"pa_volt-v-multivolt-10-12-16-18-24-28-30-32","17":"first","18":"onbackorder","19":"taxable","20":"shipping-taxable","21":"purchasable","22":"product-type-simple"},"bundled_by":[],"bundle_stock_status":"onbackorder","bundle_stock_quantity":0,"bundle_virtual":false,"bundle_layout":"","bundle_add_to_cart_form_location":"","bundle_editable_in_cart":false,"bundle_sold_individually_context":"","bundle_item_grouping":"","bundle_min_size":"","bundle_max_size":"","bundle_price":[],"bundled_items":[],"bundle_sell_ids":[],"acf":[],"yoast_head":"<!-- This site is optimized with the Yoast SEO plugin v27.0 - https:\/\/yoast.com\/product\/yoast-seo-wordpress\/ -->\n<title>Lazer Ledrampskit - VW Amarok 2010+ 2x Triple-R 750 Elite - Xenonkungen<\/title>\n<meta name=\"robots\" content=\"index, follow, max-snippet:-1, max-image-preview:large, max-video-preview:-1\" \/>\n<link rel=\"canonical\" href=\"https:\/\/xenonkungen.com\/es\/producto\/kit-de-rampa-led-laser-para-vw-amarok-2010-2-unidades-triple-r-750-elite\/\" \/>\n<meta property=\"og:locale\" content=\"es_ES\" \/>\n<meta property=\"og:type\" content=\"article\" \/>\n<meta property=\"og:title\" content=\"Lazer Ledrampskit - VW Amarok 2010+ 2x Triple-R 750 Elite - Xenonkungen\" \/>\n<meta property=\"og:description\" content=\"Lazer Ledrampskit \u2013 VW Amarok V6 (2010+) Maximera din sikt och ge din Amarok ett kraftfullt lyft! Detta exklusiva Lazer Triple-R 750 LED-rampskit \u00e4r specialdesignat f\u00f6r Volkswagen Amarok V6 (2010 och fram\u00e5t). Med tv\u00e5 kraftfulla Triple-R 750 Elite extraljus och ett komplett monteringspaket f\u00e5r du b\u00e5de prestanda och stil i ett och samma kit. Monteringen [&hellip;]\" \/>\n<meta property=\"og:url\" content=\"https:\/\/xenonkungen.com\/es\/producto\/kit-de-rampa-led-laser-para-vw-amarok-2010-2-unidades-triple-r-750-elite\/\" \/>\n<meta property=\"og:site_name\" content=\"Xenonkungen\" \/>\n<meta property=\"article:modified_time\" content=\"2026-04-11T00:09:26+00:00\" \/>\n<meta property=\"og:image\" content=\"https:\/\/xenonkungen.com\/wp-content\/uploads\/2025\/04\/159563_itemimage_mainfront.jpg\" \/>\n\t<meta property=\"og:image:width\" content=\"1722\" \/>\n\t<meta property=\"og:image:height\" content=\"1292\" \/>\n\t<meta property=\"og:image:type\" content=\"image\/jpeg\" \/>\n<meta name=\"twitter:card\" content=\"summary_large_image\" \/>\n<meta name=\"twitter:label1\" content=\"Tiempo de lectura\" \/>\n\t<meta name=\"twitter:data1\" content=\"1 minuto\" \/>\n<script type=\"application\/ld+json\" class=\"yoast-schema-graph\">{\"@context\":\"https:\/\/schema.org\",\"@graph\":[{\"@type\":\"WebPage\",\"@id\":\"https:\/\/xenonkungen.com\/dk\/vare\/laser-led-rampesaet-vw-amarok-2010-2x-triple-r-750-elite\/\",\"url\":\"https:\/\/xenonkungen.com\/dk\/vare\/laser-led-rampesaet-vw-amarok-2010-2x-triple-r-750-elite\/\",\"name\":\"Lazer Ledrampskit - VW Amarok 2010+ 2x Triple-R 750 Elite - Xenonkungen\",\"isPartOf\":{\"@id\":\"https:\/\/xenonkungen.com\/#website\"},\"primaryImageOfPage\":{\"@id\":\"https:\/\/xenonkungen.com\/dk\/vare\/laser-led-rampesaet-vw-amarok-2010-2x-triple-r-750-elite\/#primaryimage\"},\"image\":{\"@id\":\"https:\/\/xenonkungen.com\/dk\/vare\/laser-led-rampesaet-vw-amarok-2010-2x-triple-r-750-elite\/#primaryimage\"},\"thumbnailUrl\":\"https:\/\/xenonkungen.com\/wp-content\/uploads\/2025\/04\/159563_itemimage_mainfront.jpg\",\"datePublished\":\"2025-04-15T09:40:41+00:00\",\"dateModified\":\"2026-04-11T00:09:26+00:00\",\"breadcrumb\":{\"@id\":\"https:\/\/xenonkungen.com\/dk\/vare\/laser-led-rampesaet-vw-amarok-2010-2x-triple-r-750-elite\/#breadcrumb\"},\"inLanguage\":\"es\",\"potentialAction\":[{\"@type\":\"ReadAction\",\"target\":[\"https:\/\/xenonkungen.com\/dk\/vare\/laser-led-rampesaet-vw-amarok-2010-2x-triple-r-750-elite\/\"]}]},{\"@type\":\"ImageObject\",\"inLanguage\":\"es\",\"@id\":\"https:\/\/xenonkungen.com\/dk\/vare\/laser-led-rampesaet-vw-amarok-2010-2x-triple-r-750-elite\/#primaryimage\",\"url\":\"https:\/\/xenonkungen.com\/wp-content\/uploads\/2025\/04\/159563_itemimage_mainfront.jpg\",\"contentUrl\":\"https:\/\/xenonkungen.com\/wp-content\/uploads\/2025\/04\/159563_itemimage_mainfront.jpg\",\"width\":1722,\"height\":1292},{\"@type\":\"BreadcrumbList\",\"@id\":\"https:\/\/xenonkungen.com\/dk\/vare\/laser-led-rampesaet-vw-amarok-2010-2x-triple-r-750-elite\/#breadcrumb\",\"itemListElement\":[{\"@type\":\"ListItem\",\"position\":1,\"name\":\"Hem\",\"item\":\"https:\/\/xenonkungen.com\/\"},{\"@type\":\"ListItem\",\"position\":2,\"name\":\"Shop\",\"item\":\"https:\/\/xenonkungen.com\/shop\/\"},{\"@type\":\"ListItem\",\"position\":3,\"name\":\"Lazer Ledrampskit &#8211; VW Amarok 2010+ 2x Triple-R 750 Elite\"}]},{\"@type\":\"WebSite\",\"@id\":\"https:\/\/xenonkungen.com\/#website\",\"url\":\"https:\/\/xenonkungen.com\/\",\"name\":\"Xenonkungen\",\"description\":\"\",\"potentialAction\":[{\"@type\":\"SearchAction\",\"target\":{\"@type\":\"EntryPoint\",\"urlTemplate\":\"https:\/\/xenonkungen.com\/?s={search_term_string}\"},\"query-input\":{\"@type\":\"PropertyValueSpecification\",\"valueRequired\":true,\"valueName\":\"search_term_string\"}}],\"inLanguage\":\"es\"}]}<\/script>\n<!-- \/ Yoast SEO plugin. -->","yoast_head_json":{"title":"Kit de rampa Lazer Led para VW Amarok 2010+, 2x Triple-R 750 Elite - El Rey del Xen\u00f3n","robots":{"index":"index","follow":"follow","max-snippet":"max-snippet:-1","max-image-preview":"max-image-preview:large","max-video-preview":"max-video-preview:-1"},"canonical":"https:\/\/xenonkungen.com\/es\/producto\/kit-de-rampa-led-laser-para-vw-amarok-2010-2-unidades-triple-r-750-elite\/","og_locale":"es_ES","og_type":"article","og_title":"Lazer Ledrampskit - VW Amarok 2010+ 2x Triple-R 750 Elite - Xenonkungen","og_description":"Lazer Ledrampskit \u2013 VW Amarok V6 (2010+) Maximera din sikt och ge din Amarok ett kraftfullt lyft! Detta exklusiva Lazer Triple-R 750 LED-rampskit \u00e4r specialdesignat f\u00f6r Volkswagen Amarok V6 (2010 och fram\u00e5t). Med tv\u00e5 kraftfulla Triple-R 750 Elite extraljus och ett komplett monteringspaket f\u00e5r du b\u00e5de prestanda och stil i ett och samma kit. Monteringen [&hellip;]","og_url":"https:\/\/xenonkungen.com\/es\/producto\/kit-de-rampa-led-laser-para-vw-amarok-2010-2-unidades-triple-r-750-elite\/","og_site_name":"Xenonkungen","article_modified_time":"2026-04-11T00:09:26+00:00","og_image":[{"width":1722,"height":1292,"url":"https:\/\/xenonkungen.com\/wp-content\/uploads\/2025\/04\/159563_itemimage_mainfront.jpg","type":"image\/jpeg"}],"twitter_card":"summary_large_image","twitter_misc":{"Tiempo de lectura":"1 minuto"},"schema":{"@context":"https:\/\/schema.org","@graph":[{"@type":"WebPage","@id":"https:\/\/xenonkungen.com\/dk\/vare\/laser-led-rampesaet-vw-amarok-2010-2x-triple-r-750-elite\/","url":"https:\/\/xenonkungen.com\/dk\/vare\/laser-led-rampesaet-vw-amarok-2010-2x-triple-r-750-elite\/","name":"Kit de rampa Lazer Led para VW Amarok 2010+, 2x Triple-R 750 Elite - El Rey del Xen\u00f3n","isPartOf":{"@id":"https:\/\/xenonkungen.com\/#website"},"primaryImageOfPage":{"@id":"https:\/\/xenonkungen.com\/dk\/vare\/laser-led-rampesaet-vw-amarok-2010-2x-triple-r-750-elite\/#primaryimage"},"image":{"@id":"https:\/\/xenonkungen.com\/dk\/vare\/laser-led-rampesaet-vw-amarok-2010-2x-triple-r-750-elite\/#primaryimage"},"thumbnailUrl":"https:\/\/xenonkungen.com\/wp-content\/uploads\/2025\/04\/159563_itemimage_mainfront.jpg","datePublished":"2025-04-15T09:40:41+00:00","dateModified":"2026-04-11T00:09:26+00:00","breadcrumb":{"@id":"https:\/\/xenonkungen.com\/dk\/vare\/laser-led-rampesaet-vw-amarok-2010-2x-triple-r-750-elite\/#breadcrumb"},"inLanguage":"es","potentialAction":[{"@type":"ReadAction","target":["https:\/\/xenonkungen.com\/dk\/vare\/laser-led-rampesaet-vw-amarok-2010-2x-triple-r-750-elite\/"]}]},{"@type":"ImageObject","inLanguage":"es","@id":"https:\/\/xenonkungen.com\/dk\/vare\/laser-led-rampesaet-vw-amarok-2010-2x-triple-r-750-elite\/#primaryimage","url":"https:\/\/xenonkungen.com\/wp-content\/uploads\/2025\/04\/159563_itemimage_mainfront.jpg","contentUrl":"https:\/\/xenonkungen.com\/wp-content\/uploads\/2025\/04\/159563_itemimage_mainfront.jpg","width":1722,"height":1292},{"@type":"BreadcrumbList","@id":"https:\/\/xenonkungen.com\/dk\/vare\/laser-led-rampesaet-vw-amarok-2010-2x-triple-r-750-elite\/#breadcrumb","itemListElement":[{"@type":"ListItem","position":1,"name":"Hem","item":"https:\/\/xenonkungen.com\/"},{"@type":"ListItem","position":2,"name":"Shop","item":"https:\/\/xenonkungen.com\/shop\/"},{"@type":"ListItem","position":3,"name":"Lazer Ledrampskit &#8211; VW Amarok 2010+ 2x Triple-R 750 Elite"}]},{"@type":"WebSite","@id":"https:\/\/xenonkungen.com\/#website","url":"https:\/\/xenonkungen.com\/","name":"Xenonkungen","description":"","potentialAction":[{"@type":"SearchAction","target":{"@type":"EntryPoint","urlTemplate":"https:\/\/xenonkungen.com\/?s={search_term_string}"},"query-input":{"@type":"PropertyValueSpecification","valueRequired":true,"valueName":"search_term_string"}}],"inLanguage":"es"}]}},"taxonomy_info":{"product_brand":[{"value":1124,"label":"Lazer"}],"product_cat":[{"value":2539,"label":"LEDRAMPER"},{"value":2596,"label":"Paket"},{"value":1916,"label":"Ledrampspaket"}],"product_tag":[{"value":2735,"label":"Lazer"}],"pa_fargtemperatur":[{"value":154,"label":"5000K"}],"pa_godkannande":[{"value":1709,"label":"E-godk\u00e4nd, ECE, R112"}],"pa_led-chips-effekt-w":[{"value":1616,"label":"104"}],"pa_stromforbrukning":[{"value":1617,"label":"7,2A@14,4V"}],"pa_volt-v":[{"value":1084,"label":"Multivolt, 10, 12, 16, 18, 24, 28, 30, 32"}]},"featured_image_src_large":["https:\/\/xenonkungen.com\/wp-content\/uploads\/2025\/04\/159563_itemimage_mainfront-1024x768.jpg",1024,768,true],"author_info":[],"comment_info":0,"_links":{"self":[{"href":"https:\/\/xenonkungen.com\/es\/wp-json\/wp\/v2\/product\/6076","targetHints":{"allow":["GET"]}}],"collection":[{"href":"https:\/\/xenonkungen.com\/es\/wp-json\/wp\/v2\/product"}],"about":[{"href":"https:\/\/xenonkungen.com\/es\/wp-json\/wp\/v2\/types\/product"}],"replies":[{"embeddable":true,"href":"https:\/\/xenonkungen.com\/es\/wp-json\/wp\/v2\/comments?post=6076"}],"wp:featuredmedia":[{"embeddable":true,"href":"https:\/\/xenonkungen.com\/es\/wp-json\/wp\/v2\/media\/6077"}],"wp:attachment":[{"href":"https:\/\/xenonkungen.com\/es\/wp-json\/wp\/v2\/media?parent=6076"}],"wp:term":[{"taxonomy":"anvandningsomrade","embeddable":true,"href":"https:\/\/xenonkungen.com\/es\/wp-json\/wp\/v2\/anvandningsomrade?post=6076"},{"taxonomy":"bilmarken","embeddable":true,"href":"https:\/\/xenonkungen.com\/es\/wp-json\/wp\/v2\/bilmarken?post=6076"},{"taxonomy":"product_brand","embeddable":true,"href":"https:\/\/xenonkungen.com\/es\/wp-json\/wp\/v2\/product_brand?post=6076"},{"taxonomy":"product_cat","embeddable":true,"href":"https:\/\/xenonkungen.com\/es\/wp-json\/wp\/v2\/product_cat?post=6076"},{"taxonomy":"product_tag","embeddable":true,"href":"https:\/\/xenonkungen.com\/es\/wp-json\/wp\/v2\/product_tag?post=6076"}],"curies":[{"name":"wp","href":"https:\/\/api.w.org\/{rel}","templated":true}]}}