{"id":6112,"date":"2025-04-15T09:41:37","date_gmt":"2025-04-15T09:41:37","guid":{"rendered":"https:\/\/xenonkungen.com\/product\/lazer-ledrampskit-vw-t6-2016-startline-2x-triple-r-750-std\/"},"modified":"2026-04-24T17:27:47","modified_gmt":"2026-04-24T16:27:47","slug":"kit-de-rampa-led-laser-para-vw-t6-2016-startline-2x-triple-r-750-std","status":"publish","type":"product","link":"https:\/\/xenonkungen.com\/es\/producto\/kit-de-rampa-led-laser-para-vw-t6-2016-startline-2x-triple-r-750-std\/","title":{"rendered":"Lazer Ledrampskit VW T6 2016+ startline 2x Triple-R 750 Std"},"content":{"rendered":"<h1>Kit de iluminaci\u00f3n lazer optimizado para su Volkswagen Transporter T6 2016+.<\/h1>\n<p>Haga que su Volkswagen Transporter T6 2016+ sea m\u00e1s impresionante y funcional con nuestro kit de luces LED a medida. Equipado con 2 Triple-R 750 std de alto rendimiento, este kit est\u00e1 dise\u00f1ado para actualizar su coche con la mejor iluminaci\u00f3n posible.<\/p>\n<p>El kit de f\u00e1cil instalaci\u00f3n viene con todo lo necesario para un montaje robusto y seguro que se integra de forma natural con su frontal Startline. Si su coche tiene un frente diferente, por favor considere el uso de n\u00famero de parte LZ-159574 o LZ-159575 para el kit de montaje correcto.<\/p>\n<h2>Construcci\u00f3n duradera con material ASA<\/h2>\n<p>Para garantizar un rendimiento y una durabilidad duraderos, hemos elegido soportes fabricados con el resistente material ASA, conocido por su gran estabilidad frente a los rayos UV y su resistencia tanto a la intemperie como a los productos qu\u00edmicos. Esta soluci\u00f3n de calidad garantiza que tu instalaci\u00f3n se mantenga en las mejores condiciones a\u00f1o tras a\u00f1o, mientras disfrutas de la iluminaci\u00f3n mejorada de las renombradas marcas Lazer: Triple-R o ST4 Evolution.<\/p>\n<h2>Contenido del paquete<\/h2>\n<p>Cada paquete contiene todo lo necesario para una instalaci\u00f3n sencilla:<\/p>\n<ul>\n<li>2 l\u00e1mparas LED Triple-R 750 Std<\/li>\n<li>4 soportes de calidad y fijaciones asociadas<\/li>\n<li>1 gu\u00eda de corte detallada para facilitar el montaje<\/li>\n<li>1 kit de acoplamiento completo<\/li>\n<li>1 x Instrucciones de montaje paso a paso<\/li>\n<\/ul>\n<p>Con este kit de luz LED, no s\u00f3lo se obtiene una actualizaci\u00f3n de la est\u00e9tica de su coche, sino tambi\u00e9n una notable mejora en su rendimiento de iluminaci\u00f3n, lo que permite una experiencia de conducci\u00f3n m\u00e1s segura y confortable. Invertir en calidad y rendimiento con un kit de luz LED de Xenonkungen.se.<\/p>","protected":false},"excerpt":{"rendered":"<p>\u00bfEs usted el propietario de un VW T6 2016+ startline y busca una soluci\u00f3n de iluminaci\u00f3n perfecta? \u00a1Entonces tenemos algo especial para usted!<\/p>","protected":false},"featured_media":6113,"comment_status":"closed","ping_status":"open","template":"","meta":{"_acf_changed":false,"_smort_price_nok":"10147","_smort_price_dkk":"6446","_smort_price_eur":"863.6","_smort_sale_price_nok":"","_smort_sale_price_dkk":"","_smort_sale_price_eur":"","smort_restorder":"","shipmondo_restorder":"","_kad_blocks_custom_css":"","_kad_blocks_head_custom_js":"","_kad_blocks_body_custom_js":"","_kad_blocks_footer_custom_js":"","smort_custom_pricelist_1":"6080","smort_custom_pricelist_2":"6080","smort_custom_pricelist_3":"6080","smort_custom_pricelist_4":"7600","smort_custom_pricelist_5":"6080"},"anvandningsomrade":[],"bilmarken":[],"product_brand":[1124],"product_cat":[2539,2596,1916],"product_tag":[2735],"class_list":{"0":"post-6112","1":"product","2":"type-product","3":"status-publish","4":"has-post-thumbnail","6":"product_brand-lazer","7":"product_cat-ledramper","8":"product_cat-paket","9":"product_cat-ledrampspaket","10":"product_tag-lazer","11":"pa_fargtemperatur-5000k","12":"pa_godkannande-e-godkand-ece-r112","13":"pa_led-chips-effekt-w-1100","14":"pa_stromforbrukning-62a144v","15":"pa_volt-v-multivolt-10-12-16-18-24-28-30-32","17":"first","18":"onbackorder","19":"taxable","20":"shipping-taxable","21":"purchasable","22":"product-type-simple"},"bundled_by":[],"bundle_stock_status":"onbackorder","bundle_stock_quantity":0,"bundle_virtual":false,"bundle_layout":"","bundle_add_to_cart_form_location":"","bundle_editable_in_cart":false,"bundle_sold_individually_context":"","bundle_item_grouping":"","bundle_min_size":"","bundle_max_size":"","bundle_price":[],"bundled_items":[],"bundle_sell_ids":[],"acf":[],"yoast_head":"<!-- This site is optimized with the Yoast SEO plugin v27.0 - https:\/\/yoast.com\/product\/yoast-seo-wordpress\/ -->\n<title>Lazer Ledrampskit VW T6 2016+ startline 2x Triple-R 750 Std - Xenonkungen<\/title>\n<meta name=\"robots\" content=\"index, follow, max-snippet:-1, max-image-preview:large, max-video-preview:-1\" \/>\n<link rel=\"canonical\" href=\"https:\/\/xenonkungen.com\/es\/producto\/kit-de-rampa-led-laser-para-vw-t6-2016-startline-2x-triple-r-750-std\/\" \/>\n<meta property=\"og:locale\" content=\"es_ES\" \/>\n<meta property=\"og:type\" content=\"article\" \/>\n<meta property=\"og:title\" content=\"Lazer Ledrampskit VW T6 2016+ startline 2x Triple-R 750 Std - Xenonkungen\" \/>\n<meta property=\"og:description\" content=\"\u00c4r du \u00e4gare till en VW T6 2016+ startline och letar efter en perfekt belysningsl\u00f6sning? D\u00e5 har vi n\u00e5got speciellt f\u00f6r dig!\" \/>\n<meta property=\"og:url\" content=\"https:\/\/xenonkungen.com\/es\/producto\/kit-de-rampa-led-laser-para-vw-t6-2016-startline-2x-triple-r-750-std\/\" \/>\n<meta property=\"og:site_name\" content=\"Xenonkungen\" \/>\n<meta property=\"article:modified_time\" content=\"2026-04-24T16:27:47+00:00\" \/>\n<meta property=\"og:image\" content=\"https:\/\/xenonkungen.com\/wp-content\/uploads\/2025\/04\/159574_itemimage_mainfront.jpg\" \/>\n\t<meta property=\"og:image:width\" content=\"2048\" \/>\n\t<meta property=\"og:image:height\" content=\"1536\" \/>\n\t<meta property=\"og:image:type\" content=\"image\/jpeg\" \/>\n<meta name=\"twitter:card\" content=\"summary_large_image\" \/>\n<meta name=\"twitter:label1\" content=\"Tiempo de lectura\" \/>\n\t<meta name=\"twitter:data1\" content=\"1 minuto\" \/>\n<script type=\"application\/ld+json\" class=\"yoast-schema-graph\">{\"@context\":\"https:\/\/schema.org\",\"@graph\":[{\"@type\":\"WebPage\",\"@id\":\"https:\/\/xenonkungen.com\/dk\/vare\/laser-led-rampesaet-vw-t6-2016-startline-2x-triple-r-750-std\/\",\"url\":\"https:\/\/xenonkungen.com\/dk\/vare\/laser-led-rampesaet-vw-t6-2016-startline-2x-triple-r-750-std\/\",\"name\":\"Lazer Ledrampskit VW T6 2016+ startline 2x Triple-R 750 Std - Xenonkungen\",\"isPartOf\":{\"@id\":\"https:\/\/xenonkungen.com\/#website\"},\"primaryImageOfPage\":{\"@id\":\"https:\/\/xenonkungen.com\/dk\/vare\/laser-led-rampesaet-vw-t6-2016-startline-2x-triple-r-750-std\/#primaryimage\"},\"image\":{\"@id\":\"https:\/\/xenonkungen.com\/dk\/vare\/laser-led-rampesaet-vw-t6-2016-startline-2x-triple-r-750-std\/#primaryimage\"},\"thumbnailUrl\":\"https:\/\/xenonkungen.com\/wp-content\/uploads\/2025\/04\/159574_itemimage_mainfront.jpg\",\"datePublished\":\"2025-04-15T09:41:37+00:00\",\"dateModified\":\"2026-04-24T16:27:47+00:00\",\"breadcrumb\":{\"@id\":\"https:\/\/xenonkungen.com\/dk\/vare\/laser-led-rampesaet-vw-t6-2016-startline-2x-triple-r-750-std\/#breadcrumb\"},\"inLanguage\":\"es\",\"potentialAction\":[{\"@type\":\"ReadAction\",\"target\":[\"https:\/\/xenonkungen.com\/dk\/vare\/laser-led-rampesaet-vw-t6-2016-startline-2x-triple-r-750-std\/\"]}]},{\"@type\":\"ImageObject\",\"inLanguage\":\"es\",\"@id\":\"https:\/\/xenonkungen.com\/dk\/vare\/laser-led-rampesaet-vw-t6-2016-startline-2x-triple-r-750-std\/#primaryimage\",\"url\":\"https:\/\/xenonkungen.com\/wp-content\/uploads\/2025\/04\/159574_itemimage_mainfront.jpg\",\"contentUrl\":\"https:\/\/xenonkungen.com\/wp-content\/uploads\/2025\/04\/159574_itemimage_mainfront.jpg\",\"width\":2048,\"height\":1536},{\"@type\":\"BreadcrumbList\",\"@id\":\"https:\/\/xenonkungen.com\/dk\/vare\/laser-led-rampesaet-vw-t6-2016-startline-2x-triple-r-750-std\/#breadcrumb\",\"itemListElement\":[{\"@type\":\"ListItem\",\"position\":1,\"name\":\"Hem\",\"item\":\"https:\/\/xenonkungen.com\/\"},{\"@type\":\"ListItem\",\"position\":2,\"name\":\"Shop\",\"item\":\"https:\/\/xenonkungen.com\/shop\/\"},{\"@type\":\"ListItem\",\"position\":3,\"name\":\"Lazer Ledrampskit VW T6 2016+ startline 2x Triple-R 750 Std\"}]},{\"@type\":\"WebSite\",\"@id\":\"https:\/\/xenonkungen.com\/#website\",\"url\":\"https:\/\/xenonkungen.com\/\",\"name\":\"Xenonkungen\",\"description\":\"\",\"potentialAction\":[{\"@type\":\"SearchAction\",\"target\":{\"@type\":\"EntryPoint\",\"urlTemplate\":\"https:\/\/xenonkungen.com\/?s={search_term_string}\"},\"query-input\":{\"@type\":\"PropertyValueSpecification\",\"valueRequired\":true,\"valueName\":\"search_term_string\"}}],\"inLanguage\":\"es\"}]}<\/script>\n<!-- \/ Yoast SEO plugin. -->","yoast_head_json":{"title":"Kit de rampa Lazer Led para VW T6 2016+ l\u00ednea de salida 2x Triple-R 750 Std - The Xenon King","robots":{"index":"index","follow":"follow","max-snippet":"max-snippet:-1","max-image-preview":"max-image-preview:large","max-video-preview":"max-video-preview:-1"},"canonical":"https:\/\/xenonkungen.com\/es\/producto\/kit-de-rampa-led-laser-para-vw-t6-2016-startline-2x-triple-r-750-std\/","og_locale":"es_ES","og_type":"article","og_title":"Lazer Ledrampskit VW T6 2016+ startline 2x Triple-R 750 Std - Xenonkungen","og_description":"\u00c4r du \u00e4gare till en VW T6 2016+ startline och letar efter en perfekt belysningsl\u00f6sning? D\u00e5 har vi n\u00e5got speciellt f\u00f6r dig!","og_url":"https:\/\/xenonkungen.com\/es\/producto\/kit-de-rampa-led-laser-para-vw-t6-2016-startline-2x-triple-r-750-std\/","og_site_name":"Xenonkungen","article_modified_time":"2026-04-24T16:27:47+00:00","og_image":[{"width":2048,"height":1536,"url":"https:\/\/xenonkungen.com\/wp-content\/uploads\/2025\/04\/159574_itemimage_mainfront.jpg","type":"image\/jpeg"}],"twitter_card":"summary_large_image","twitter_misc":{"Tiempo de lectura":"1 minuto"},"schema":{"@context":"https:\/\/schema.org","@graph":[{"@type":"WebPage","@id":"https:\/\/xenonkungen.com\/dk\/vare\/laser-led-rampesaet-vw-t6-2016-startline-2x-triple-r-750-std\/","url":"https:\/\/xenonkungen.com\/dk\/vare\/laser-led-rampesaet-vw-t6-2016-startline-2x-triple-r-750-std\/","name":"Kit de rampa Lazer Led para VW T6 2016+ l\u00ednea de salida 2x Triple-R 750 Std - The Xenon King","isPartOf":{"@id":"https:\/\/xenonkungen.com\/#website"},"primaryImageOfPage":{"@id":"https:\/\/xenonkungen.com\/dk\/vare\/laser-led-rampesaet-vw-t6-2016-startline-2x-triple-r-750-std\/#primaryimage"},"image":{"@id":"https:\/\/xenonkungen.com\/dk\/vare\/laser-led-rampesaet-vw-t6-2016-startline-2x-triple-r-750-std\/#primaryimage"},"thumbnailUrl":"https:\/\/xenonkungen.com\/wp-content\/uploads\/2025\/04\/159574_itemimage_mainfront.jpg","datePublished":"2025-04-15T09:41:37+00:00","dateModified":"2026-04-24T16:27:47+00:00","breadcrumb":{"@id":"https:\/\/xenonkungen.com\/dk\/vare\/laser-led-rampesaet-vw-t6-2016-startline-2x-triple-r-750-std\/#breadcrumb"},"inLanguage":"es","potentialAction":[{"@type":"ReadAction","target":["https:\/\/xenonkungen.com\/dk\/vare\/laser-led-rampesaet-vw-t6-2016-startline-2x-triple-r-750-std\/"]}]},{"@type":"ImageObject","inLanguage":"es","@id":"https:\/\/xenonkungen.com\/dk\/vare\/laser-led-rampesaet-vw-t6-2016-startline-2x-triple-r-750-std\/#primaryimage","url":"https:\/\/xenonkungen.com\/wp-content\/uploads\/2025\/04\/159574_itemimage_mainfront.jpg","contentUrl":"https:\/\/xenonkungen.com\/wp-content\/uploads\/2025\/04\/159574_itemimage_mainfront.jpg","width":2048,"height":1536},{"@type":"BreadcrumbList","@id":"https:\/\/xenonkungen.com\/dk\/vare\/laser-led-rampesaet-vw-t6-2016-startline-2x-triple-r-750-std\/#breadcrumb","itemListElement":[{"@type":"ListItem","position":1,"name":"Hem","item":"https:\/\/xenonkungen.com\/"},{"@type":"ListItem","position":2,"name":"Shop","item":"https:\/\/xenonkungen.com\/shop\/"},{"@type":"ListItem","position":3,"name":"Lazer Ledrampskit VW T6 2016+ startline 2x Triple-R 750 Std"}]},{"@type":"WebSite","@id":"https:\/\/xenonkungen.com\/#website","url":"https:\/\/xenonkungen.com\/","name":"Xenonkungen","description":"","potentialAction":[{"@type":"SearchAction","target":{"@type":"EntryPoint","urlTemplate":"https:\/\/xenonkungen.com\/?s={search_term_string}"},"query-input":{"@type":"PropertyValueSpecification","valueRequired":true,"valueName":"search_term_string"}}],"inLanguage":"es"}]}},"taxonomy_info":{"product_brand":[{"value":1124,"label":"Lazer"}],"product_cat":[{"value":2539,"label":"LEDRAMPER"},{"value":2596,"label":"Paket"},{"value":1916,"label":"Ledrampspaket"}],"product_tag":[{"value":2735,"label":"Lazer"}],"pa_fargtemperatur":[{"value":154,"label":"5000K"}],"pa_godkannande":[{"value":1709,"label":"E-godk\u00e4nd, ECE, R112"}],"pa_led-chips-effekt-w":[{"value":1100,"label":"88"}],"pa_stromforbrukning":[{"value":1613,"label":"6,2A@14,4V"}],"pa_volt-v":[{"value":1084,"label":"Multivolt, 10, 12, 16, 18, 24, 28, 30, 32"}]},"featured_image_src_large":["https:\/\/xenonkungen.com\/wp-content\/uploads\/2025\/04\/159574_itemimage_mainfront-1024x768.jpg",1024,768,true],"author_info":[],"comment_info":0,"_links":{"self":[{"href":"https:\/\/xenonkungen.com\/es\/wp-json\/wp\/v2\/product\/6112","targetHints":{"allow":["GET"]}}],"collection":[{"href":"https:\/\/xenonkungen.com\/es\/wp-json\/wp\/v2\/product"}],"about":[{"href":"https:\/\/xenonkungen.com\/es\/wp-json\/wp\/v2\/types\/product"}],"replies":[{"embeddable":true,"href":"https:\/\/xenonkungen.com\/es\/wp-json\/wp\/v2\/comments?post=6112"}],"wp:featuredmedia":[{"embeddable":true,"href":"https:\/\/xenonkungen.com\/es\/wp-json\/wp\/v2\/media\/6113"}],"wp:attachment":[{"href":"https:\/\/xenonkungen.com\/es\/wp-json\/wp\/v2\/media?parent=6112"}],"wp:term":[{"taxonomy":"anvandningsomrade","embeddable":true,"href":"https:\/\/xenonkungen.com\/es\/wp-json\/wp\/v2\/anvandningsomrade?post=6112"},{"taxonomy":"bilmarken","embeddable":true,"href":"https:\/\/xenonkungen.com\/es\/wp-json\/wp\/v2\/bilmarken?post=6112"},{"taxonomy":"product_brand","embeddable":true,"href":"https:\/\/xenonkungen.com\/es\/wp-json\/wp\/v2\/product_brand?post=6112"},{"taxonomy":"product_cat","embeddable":true,"href":"https:\/\/xenonkungen.com\/es\/wp-json\/wp\/v2\/product_cat?post=6112"},{"taxonomy":"product_tag","embeddable":true,"href":"https:\/\/xenonkungen.com\/es\/wp-json\/wp\/v2\/product_tag?post=6112"}],"curies":[{"name":"wp","href":"https:\/\/api.w.org\/{rel}","templated":true}]}}