{"id":6155,"date":"2025-04-15T09:42:34","date_gmt":"2025-04-15T09:42:34","guid":{"rendered":"https:\/\/xenonkungen.com\/product\/lazer-monteringssats-vw-transporter-t6-1-2019-for-2x-st4\/"},"modified":"2026-04-11T01:10:24","modified_gmt":"2026-04-11T00:10:24","slug":"kit-de-montaje-laser-para-vw-transporter-t6-1-2019-para-2-unidades-st4","status":"publish","type":"product","link":"https:\/\/xenonkungen.com\/es\/producto\/kit-de-montaje-laser-para-vw-transporter-t6-1-2019-para-2-unidades-st4\/","title":{"rendered":"Kit de montaje Lazer - VW Transporter T6.1 2019+ para 2x ST4"},"content":{"rendered":"<h1>Kits de montaje de barras de luces Lazer: Ajuste perfecto para su veh\u00edculo<\/h1>\n<p>\u00bfPiensas mejorar tu veh\u00edculo con barras de luces Lazer? Nuestros kits de montaje de alta calidad est\u00e1n dise\u00f1ados para garantizar un ajuste perfecto y una f\u00e1cil instalaci\u00f3n, independientemente del modelo de tu coche. Con el n\u00famero de pieza, podr\u00e1s identificar r\u00e1pida y f\u00e1cilmente qu\u00e9 barras de luces son compatibles con tu modelo espec\u00edfico.<\/p>\n<h2>Instalaci\u00f3n f\u00e1cil y segura<\/h2>\n<p>Nuestros kits de montaje est\u00e1n dise\u00f1ados para garantizar una instalaci\u00f3n f\u00e1cil y segura de sus barras de luces Lazer. Ofrecen un ajuste y una estabilidad \u00f3ptimos para asegurar que sus barras de luces ofrezcan el mejor rendimiento posible en cualquier condici\u00f3n.<\/p>\n<h2>Especificaciones del producto:<\/h2>\n<ul>\n<li>Kits de montaje dise\u00f1ados especialmente para barras de luces Lazer<\/li>\n<li>Se adapta perfectamente a una amplia gama de modelos de coches<\/li>\n<li>Instalaci\u00f3n segura y sencilla de barras de luces<\/li>\n<li>El n\u00famero de pieza le ayuda a identificar r\u00e1pidamente las rampas compatibles.<\/li>\n<\/ul>","protected":false},"excerpt":{"rendered":"<p>Monteringssatser f\u00f6r Lazer Ljusramper: Perfekt Passform f\u00f6r Ditt Fordon Planerar du att uppgradera ditt fordon med Lazer ljusramper? V\u00e5ra h\u00f6gkvalitativa monteringssatser \u00e4r designade f\u00f6r att s\u00e4kerst\u00e4lla en perfekt passform och enkel installation oavsett vilken bilmodell du har. Genom att f\u00f6lja artikelnumret kan du snabbt och enkelt identifiera vilka ljusramper som \u00e4r kompatibla med din specifika [&hellip;]<\/p>","protected":false},"featured_media":6156,"comment_status":"closed","ping_status":"open","template":"","meta":{"_acf_changed":false,"_smort_price_nok":"1602","_smort_price_dkk":"1018","_smort_price_eur":"136.36","_smort_sale_price_nok":"","_smort_sale_price_dkk":"","_smort_sale_price_eur":"","smort_restorder":"","shipmondo_restorder":"","_kad_blocks_custom_css":"","_kad_blocks_head_custom_js":"","_kad_blocks_body_custom_js":"","_kad_blocks_footer_custom_js":"","smort_custom_pricelist_1":"960","smort_custom_pricelist_2":"960","smort_custom_pricelist_3":"960","smort_custom_pricelist_4":"1200","smort_custom_pricelist_5":"960"},"anvandningsomrade":[],"bilmarken":[],"product_brand":[1124],"product_cat":[2539,2608],"product_tag":[2735],"class_list":{"0":"post-6155","1":"product","2":"type-product","3":"status-publish","4":"has-post-thumbnail","6":"product_brand-lazer","7":"product_cat-ledramper","8":"product_cat-monteringssatser","9":"product_tag-lazer","11":"first","12":"onbackorder","13":"taxable","14":"shipping-taxable","15":"purchasable","16":"product-type-simple"},"bundled_by":[],"bundle_stock_status":"onbackorder","bundle_stock_quantity":0,"bundle_virtual":false,"bundle_layout":"","bundle_add_to_cart_form_location":"","bundle_editable_in_cart":false,"bundle_sold_individually_context":"","bundle_item_grouping":"","bundle_min_size":"","bundle_max_size":"","bundle_price":[],"bundled_items":[],"bundle_sell_ids":[],"acf":[],"yoast_head":"<!-- This site is optimized with the Yoast SEO plugin v27.0 - https:\/\/yoast.com\/product\/yoast-seo-wordpress\/ -->\n<title>Lazer Monteringssats - VW Transporter T6.1 2019+ f\u00f6r 2x ST4 - Xenonkungen<\/title>\n<meta name=\"robots\" content=\"index, follow, max-snippet:-1, max-image-preview:large, max-video-preview:-1\" \/>\n<link rel=\"canonical\" href=\"https:\/\/xenonkungen.com\/es\/producto\/kit-de-montaje-laser-para-vw-transporter-t6-1-2019-para-2-unidades-st4\/\" \/>\n<meta property=\"og:locale\" content=\"es_ES\" \/>\n<meta property=\"og:type\" content=\"article\" \/>\n<meta property=\"og:title\" content=\"Lazer Monteringssats - VW Transporter T6.1 2019+ f\u00f6r 2x ST4 - Xenonkungen\" \/>\n<meta property=\"og:description\" content=\"Monteringssatser f\u00f6r Lazer Ljusramper: Perfekt Passform f\u00f6r Ditt Fordon Planerar du att uppgradera ditt fordon med Lazer ljusramper? V\u00e5ra h\u00f6gkvalitativa monteringssatser \u00e4r designade f\u00f6r att s\u00e4kerst\u00e4lla en perfekt passform och enkel installation oavsett vilken bilmodell du har. Genom att f\u00f6lja artikelnumret kan du snabbt och enkelt identifiera vilka ljusramper som \u00e4r kompatibla med din specifika [&hellip;]\" \/>\n<meta property=\"og:url\" content=\"https:\/\/xenonkungen.com\/es\/producto\/kit-de-montaje-laser-para-vw-transporter-t6-1-2019-para-2-unidades-st4\/\" \/>\n<meta property=\"og:site_name\" content=\"Xenonkungen\" \/>\n<meta property=\"article:modified_time\" content=\"2026-04-11T00:10:24+00:00\" \/>\n<meta property=\"og:image\" content=\"https:\/\/xenonkungen.com\/wp-content\/uploads\/2025\/04\/159586_itemimage_mainfront.jpg\" \/>\n\t<meta property=\"og:image:width\" content=\"2048\" \/>\n\t<meta property=\"og:image:height\" content=\"1536\" \/>\n\t<meta property=\"og:image:type\" content=\"image\/jpeg\" \/>\n<meta name=\"twitter:card\" content=\"summary_large_image\" \/>\n<meta name=\"twitter:label1\" content=\"Tiempo de lectura\" \/>\n\t<meta name=\"twitter:data1\" content=\"1 minuto\" \/>\n<script type=\"application\/ld+json\" class=\"yoast-schema-graph\">{\"@context\":\"https:\/\/schema.org\",\"@graph\":[{\"@type\":\"WebPage\",\"@id\":\"https:\/\/xenonkungen.com\/produkt\/lazer-monteringssats-vw-transporter-t6-1-2019-for-2x-st4\/\",\"url\":\"https:\/\/xenonkungen.com\/produkt\/lazer-monteringssats-vw-transporter-t6-1-2019-for-2x-st4\/\",\"name\":\"Lazer Monteringssats - VW Transporter T6.1 2019+ f\u00f6r 2x ST4 - Xenonkungen\",\"isPartOf\":{\"@id\":\"https:\/\/xenonkungen.com\/#website\"},\"primaryImageOfPage\":{\"@id\":\"https:\/\/xenonkungen.com\/produkt\/lazer-monteringssats-vw-transporter-t6-1-2019-for-2x-st4\/#primaryimage\"},\"image\":{\"@id\":\"https:\/\/xenonkungen.com\/produkt\/lazer-monteringssats-vw-transporter-t6-1-2019-for-2x-st4\/#primaryimage\"},\"thumbnailUrl\":\"https:\/\/xenonkungen.com\/wp-content\/uploads\/2025\/04\/159586_itemimage_mainfront.jpg\",\"datePublished\":\"2025-04-15T09:42:34+00:00\",\"dateModified\":\"2026-04-11T00:10:24+00:00\",\"breadcrumb\":{\"@id\":\"https:\/\/xenonkungen.com\/produkt\/lazer-monteringssats-vw-transporter-t6-1-2019-for-2x-st4\/#breadcrumb\"},\"inLanguage\":\"es\",\"potentialAction\":[{\"@type\":\"ReadAction\",\"target\":[\"https:\/\/xenonkungen.com\/produkt\/lazer-monteringssats-vw-transporter-t6-1-2019-for-2x-st4\/\"]}]},{\"@type\":\"ImageObject\",\"inLanguage\":\"es\",\"@id\":\"https:\/\/xenonkungen.com\/produkt\/lazer-monteringssats-vw-transporter-t6-1-2019-for-2x-st4\/#primaryimage\",\"url\":\"https:\/\/xenonkungen.com\/wp-content\/uploads\/2025\/04\/159586_itemimage_mainfront.jpg\",\"contentUrl\":\"https:\/\/xenonkungen.com\/wp-content\/uploads\/2025\/04\/159586_itemimage_mainfront.jpg\",\"width\":2048,\"height\":1536},{\"@type\":\"BreadcrumbList\",\"@id\":\"https:\/\/xenonkungen.com\/produkt\/lazer-monteringssats-vw-transporter-t6-1-2019-for-2x-st4\/#breadcrumb\",\"itemListElement\":[{\"@type\":\"ListItem\",\"position\":1,\"name\":\"Hem\",\"item\":\"https:\/\/xenonkungen.com\/\"},{\"@type\":\"ListItem\",\"position\":2,\"name\":\"Shop\",\"item\":\"https:\/\/xenonkungen.com\/shop\/\"},{\"@type\":\"ListItem\",\"position\":3,\"name\":\"Lazer Monteringssats &#8211; VW Transporter T6.1 2019+ f\u00f6r 2x ST4\"}]},{\"@type\":\"WebSite\",\"@id\":\"https:\/\/xenonkungen.com\/#website\",\"url\":\"https:\/\/xenonkungen.com\/\",\"name\":\"Xenonkungen\",\"description\":\"\",\"potentialAction\":[{\"@type\":\"SearchAction\",\"target\":{\"@type\":\"EntryPoint\",\"urlTemplate\":\"https:\/\/xenonkungen.com\/?s={search_term_string}\"},\"query-input\":{\"@type\":\"PropertyValueSpecification\",\"valueRequired\":true,\"valueName\":\"search_term_string\"}}],\"inLanguage\":\"es\"}]}<\/script>\n<!-- \/ Yoast SEO plugin. -->","yoast_head_json":{"title":"Kit de montaje l\u00e1ser para VW Transporter T6.1 2019+ para 2 ST4 - Xen\u00f3n","robots":{"index":"index","follow":"follow","max-snippet":"max-snippet:-1","max-image-preview":"max-image-preview:large","max-video-preview":"max-video-preview:-1"},"canonical":"https:\/\/xenonkungen.com\/es\/producto\/kit-de-montaje-laser-para-vw-transporter-t6-1-2019-para-2-unidades-st4\/","og_locale":"es_ES","og_type":"article","og_title":"Lazer Monteringssats - VW Transporter T6.1 2019+ f\u00f6r 2x ST4 - Xenonkungen","og_description":"Monteringssatser f\u00f6r Lazer Ljusramper: Perfekt Passform f\u00f6r Ditt Fordon Planerar du att uppgradera ditt fordon med Lazer ljusramper? V\u00e5ra h\u00f6gkvalitativa monteringssatser \u00e4r designade f\u00f6r att s\u00e4kerst\u00e4lla en perfekt passform och enkel installation oavsett vilken bilmodell du har. Genom att f\u00f6lja artikelnumret kan du snabbt och enkelt identifiera vilka ljusramper som \u00e4r kompatibla med din specifika [&hellip;]","og_url":"https:\/\/xenonkungen.com\/es\/producto\/kit-de-montaje-laser-para-vw-transporter-t6-1-2019-para-2-unidades-st4\/","og_site_name":"Xenonkungen","article_modified_time":"2026-04-11T00:10:24+00:00","og_image":[{"width":2048,"height":1536,"url":"https:\/\/xenonkungen.com\/wp-content\/uploads\/2025\/04\/159586_itemimage_mainfront.jpg","type":"image\/jpeg"}],"twitter_card":"summary_large_image","twitter_misc":{"Tiempo de lectura":"1 minuto"},"schema":{"@context":"https:\/\/schema.org","@graph":[{"@type":"WebPage","@id":"https:\/\/xenonkungen.com\/produkt\/lazer-monteringssats-vw-transporter-t6-1-2019-for-2x-st4\/","url":"https:\/\/xenonkungen.com\/produkt\/lazer-monteringssats-vw-transporter-t6-1-2019-for-2x-st4\/","name":"Kit de montaje l\u00e1ser para VW Transporter T6.1 2019+ para 2 ST4 - Xen\u00f3n","isPartOf":{"@id":"https:\/\/xenonkungen.com\/#website"},"primaryImageOfPage":{"@id":"https:\/\/xenonkungen.com\/produkt\/lazer-monteringssats-vw-transporter-t6-1-2019-for-2x-st4\/#primaryimage"},"image":{"@id":"https:\/\/xenonkungen.com\/produkt\/lazer-monteringssats-vw-transporter-t6-1-2019-for-2x-st4\/#primaryimage"},"thumbnailUrl":"https:\/\/xenonkungen.com\/wp-content\/uploads\/2025\/04\/159586_itemimage_mainfront.jpg","datePublished":"2025-04-15T09:42:34+00:00","dateModified":"2026-04-11T00:10:24+00:00","breadcrumb":{"@id":"https:\/\/xenonkungen.com\/produkt\/lazer-monteringssats-vw-transporter-t6-1-2019-for-2x-st4\/#breadcrumb"},"inLanguage":"es","potentialAction":[{"@type":"ReadAction","target":["https:\/\/xenonkungen.com\/produkt\/lazer-monteringssats-vw-transporter-t6-1-2019-for-2x-st4\/"]}]},{"@type":"ImageObject","inLanguage":"es","@id":"https:\/\/xenonkungen.com\/produkt\/lazer-monteringssats-vw-transporter-t6-1-2019-for-2x-st4\/#primaryimage","url":"https:\/\/xenonkungen.com\/wp-content\/uploads\/2025\/04\/159586_itemimage_mainfront.jpg","contentUrl":"https:\/\/xenonkungen.com\/wp-content\/uploads\/2025\/04\/159586_itemimage_mainfront.jpg","width":2048,"height":1536},{"@type":"BreadcrumbList","@id":"https:\/\/xenonkungen.com\/produkt\/lazer-monteringssats-vw-transporter-t6-1-2019-for-2x-st4\/#breadcrumb","itemListElement":[{"@type":"ListItem","position":1,"name":"Hem","item":"https:\/\/xenonkungen.com\/"},{"@type":"ListItem","position":2,"name":"Shop","item":"https:\/\/xenonkungen.com\/shop\/"},{"@type":"ListItem","position":3,"name":"Lazer Monteringssats &#8211; VW Transporter T6.1 2019+ f\u00f6r 2x ST4"}]},{"@type":"WebSite","@id":"https:\/\/xenonkungen.com\/#website","url":"https:\/\/xenonkungen.com\/","name":"Xenonkungen","description":"","potentialAction":[{"@type":"SearchAction","target":{"@type":"EntryPoint","urlTemplate":"https:\/\/xenonkungen.com\/?s={search_term_string}"},"query-input":{"@type":"PropertyValueSpecification","valueRequired":true,"valueName":"search_term_string"}}],"inLanguage":"es"}]}},"taxonomy_info":{"product_brand":[{"value":1124,"label":"Lazer"}],"product_cat":[{"value":2539,"label":"LEDRAMPER"},{"value":2608,"label":"Monteringssatser"}],"product_tag":[{"value":2735,"label":"Lazer"}]},"featured_image_src_large":["https:\/\/xenonkungen.com\/wp-content\/uploads\/2025\/04\/159586_itemimage_mainfront-1024x768.jpg",1024,768,true],"author_info":[],"comment_info":0,"_links":{"self":[{"href":"https:\/\/xenonkungen.com\/es\/wp-json\/wp\/v2\/product\/6155","targetHints":{"allow":["GET"]}}],"collection":[{"href":"https:\/\/xenonkungen.com\/es\/wp-json\/wp\/v2\/product"}],"about":[{"href":"https:\/\/xenonkungen.com\/es\/wp-json\/wp\/v2\/types\/product"}],"replies":[{"embeddable":true,"href":"https:\/\/xenonkungen.com\/es\/wp-json\/wp\/v2\/comments?post=6155"}],"wp:featuredmedia":[{"embeddable":true,"href":"https:\/\/xenonkungen.com\/es\/wp-json\/wp\/v2\/media\/6156"}],"wp:attachment":[{"href":"https:\/\/xenonkungen.com\/es\/wp-json\/wp\/v2\/media?parent=6155"}],"wp:term":[{"taxonomy":"anvandningsomrade","embeddable":true,"href":"https:\/\/xenonkungen.com\/es\/wp-json\/wp\/v2\/anvandningsomrade?post=6155"},{"taxonomy":"bilmarken","embeddable":true,"href":"https:\/\/xenonkungen.com\/es\/wp-json\/wp\/v2\/bilmarken?post=6155"},{"taxonomy":"product_brand","embeddable":true,"href":"https:\/\/xenonkungen.com\/es\/wp-json\/wp\/v2\/product_brand?post=6155"},{"taxonomy":"product_cat","embeddable":true,"href":"https:\/\/xenonkungen.com\/es\/wp-json\/wp\/v2\/product_cat?post=6155"},{"taxonomy":"product_tag","embeddable":true,"href":"https:\/\/xenonkungen.com\/es\/wp-json\/wp\/v2\/product_tag?post=6155"}],"curies":[{"name":"wp","href":"https:\/\/api.w.org\/{rel}","templated":true}]}}