{"id":6192,"date":"2025-04-15T09:43:38","date_gmt":"2025-04-15T09:43:38","guid":{"rendered":"https:\/\/xenonkungen.com\/product\/pt-lazer-extraljussats-till-scania-ng-frontlucka\/"},"modified":"2026-04-11T01:10:49","modified_gmt":"2026-04-11T00:10:49","slug":"kit-de-luces-adicionales-pt-lazer-para-porton-delantero-de-scania-ng","status":"publish","type":"product","link":"https:\/\/xenonkungen.com\/es\/producto\/kit-de-luces-adicionales-pt-lazer-para-porton-delantero-de-scania-ng\/","title":{"rendered":"Kit de extrusi\u00f3n PT-Lazer para port\u00f3n delantero Scania NG"},"content":{"rendered":"<h1 class=\"\">Kit de extrusi\u00f3n PT-Lazer para port\u00f3n delantero Scania NG<\/h1>\n<p>Linear es la gama premium de Lazer de barras de luz extra para el uso diario, disponible en este paquete para el port\u00f3n delantero Scania NG. La gama Linear combina el m\u00e1s alto rendimiento de iluminaci\u00f3n con un dise\u00f1o elegante y aerodin\u00e1mico. Las barras son f\u00e1ciles de instalar con los soportes de acero inoxidable que las acompa\u00f1an, especialmente dise\u00f1ados, y proporcionan una iluminaci\u00f3n impresionante en la carretera. La Linear 12 Elite tiene una luz de posici\u00f3n incorporada y mide 382 mm de longitud, s\u00f3lo 40 mm de altura y 62 mm de profundidad, lo que la hace ideal para su instalaci\u00f3n en espacios reducidos.<\/p>\n<p>Cada rampa est\u00e1 equipada con filas dobles de LED de 3 W de alta calidad detr\u00e1s de la lente de policarbonato irrompible. La lente tambi\u00e9n est\u00e1 revestida para repeler eficazmente la nieve y la suciedad que podr\u00edan perjudicar la salida de luz. La ligera carcasa de aluminio junto con las esbeltas dimensiones mantienen el peso de las rampas al m\u00ednimo, mientras que el dise\u00f1o aerodin\u00e1mico permite que las rampas se integren de forma \u00f3ptima en el frontal. Linear Elite es una rampa con la que contar durante mucho tiempo.<\/p>\n<h2>Contenido del paquete:<\/h2>\n<p>- Scania NG escotilla delantera Lazer<\/p>\n<p>- Lazer Linear 12 Elite cuadro extra ligero 15\u2033 (382 mm) con luz de posici\u00f3n<\/p>\n<p>- Supersello 2\u00d72<\/p>\n<p><span>5 a\u00f1os de garant\u00eda de funcionamiento<\/span><\/p>","protected":false},"excerpt":{"rendered":"<p>PT-Lazer extraljussats till Scania NG frontlucka Linear \u00e4r Lazers h\u00f6gklassiga serie med extraljusramper f\u00f6r vardagsbruk som finns tillg\u00e4nglig i detta paket f\u00f6r frontluckan till Scania NG. I Linear-serien kombineras den absolut h\u00f6gsta ljusprestandan med en slimmad och aerodynamisk design. Ramperna \u00e4r enkla att montera med de tillh\u00f6rande och specialutformade rostfria f\u00e4stena och levererar h\u00e4pnadsv\u00e4ckande belysning [&hellip;]<\/p>","protected":false},"featured_media":6193,"comment_status":"closed","ping_status":"open","template":"","meta":{"_acf_changed":false,"_smort_price_nok":"14708","_smort_price_dkk":"9344","_smort_price_eur":"1251.76","_smort_sale_price_nok":"","_smort_sale_price_dkk":"","_smort_sale_price_eur":"","smort_restorder":"","shipmondo_restorder":"","_kad_blocks_custom_css":"","_kad_blocks_head_custom_js":"","_kad_blocks_body_custom_js":"","_kad_blocks_footer_custom_js":"","smort_custom_pricelist_1":"8923.2","smort_custom_pricelist_2":"8923.2","smort_custom_pricelist_3":"8923.2","smort_custom_pricelist_4":"11154","smort_custom_pricelist_5":"8923.2"},"anvandningsomrade":[166,238,2816],"bilmarken":[],"product_brand":[1124],"product_cat":[2611],"product_tag":[2735],"class_list":{"0":"post-6192","1":"product","2":"type-product","3":"status-publish","4":"has-post-thumbnail","6":"anvandningsomrade-lastbil","7":"anvandningsomrade-slap","8":"anvandningsomrade-trailer","9":"product_brand-lazer","10":"product_cat-solskydd-frontlucka","11":"product_tag-lazer","12":"pa_fargtemperatur-5000k","13":"pa_fuktskydd-varde-ipxx-ip67","14":"pa_lampsockel-kontakt-superseal","15":"pa_led-chips-effekt-w-1334","16":"pa_storlek-mm-382x40x62","17":"pa_volt-v-multivolt-10-12-16-18-24-28-30-32","19":"first","20":"onbackorder","21":"taxable","22":"shipping-taxable","23":"purchasable","24":"product-type-simple"},"bundled_by":[],"bundle_stock_status":"onbackorder","bundle_stock_quantity":0,"bundle_virtual":false,"bundle_layout":"","bundle_add_to_cart_form_location":"","bundle_editable_in_cart":false,"bundle_sold_individually_context":"","bundle_item_grouping":"","bundle_min_size":"","bundle_max_size":"","bundle_price":[],"bundled_items":[],"bundle_sell_ids":[],"acf":[],"yoast_head":"<!-- This site is optimized with the Yoast SEO plugin v27.0 - https:\/\/yoast.com\/product\/yoast-seo-wordpress\/ -->\n<title>PT-Lazer extraljussats till Scania NG frontlucka - Xenonkungen<\/title>\n<meta name=\"robots\" content=\"index, follow, max-snippet:-1, max-image-preview:large, max-video-preview:-1\" \/>\n<link rel=\"canonical\" href=\"https:\/\/xenonkungen.com\/es\/producto\/kit-de-luces-adicionales-pt-lazer-para-porton-delantero-de-scania-ng\/\" \/>\n<meta property=\"og:locale\" content=\"es_ES\" \/>\n<meta property=\"og:type\" content=\"article\" \/>\n<meta property=\"og:title\" content=\"PT-Lazer extraljussats till Scania NG frontlucka - Xenonkungen\" \/>\n<meta property=\"og:description\" content=\"PT-Lazer extraljussats till Scania NG frontlucka Linear \u00e4r Lazers h\u00f6gklassiga serie med extraljusramper f\u00f6r vardagsbruk som finns tillg\u00e4nglig i detta paket f\u00f6r frontluckan till Scania NG. I Linear-serien kombineras den absolut h\u00f6gsta ljusprestandan med en slimmad och aerodynamisk design. Ramperna \u00e4r enkla att montera med de tillh\u00f6rande och specialutformade rostfria f\u00e4stena och levererar h\u00e4pnadsv\u00e4ckande belysning [&hellip;]\" \/>\n<meta property=\"og:url\" content=\"https:\/\/xenonkungen.com\/es\/producto\/kit-de-luces-adicionales-pt-lazer-para-porton-delantero-de-scania-ng\/\" \/>\n<meta property=\"og:site_name\" content=\"Xenonkungen\" \/>\n<meta property=\"article:modified_time\" content=\"2026-04-11T00:10:49+00:00\" \/>\n<meta property=\"og:image\" content=\"https:\/\/xenonkungen.com\/wp-content\/uploads\/2025\/04\/203994455-origpic-c5b232.jpg\" \/>\n\t<meta property=\"og:image:width\" content=\"2048\" \/>\n\t<meta property=\"og:image:height\" content=\"1536\" \/>\n\t<meta property=\"og:image:type\" content=\"image\/jpeg\" \/>\n<meta name=\"twitter:card\" content=\"summary_large_image\" \/>\n<meta name=\"twitter:label1\" content=\"Tiempo de lectura\" \/>\n\t<meta name=\"twitter:data1\" content=\"1 minuto\" \/>\n<script type=\"application\/ld+json\" class=\"yoast-schema-graph\">{\"@context\":\"https:\/\/schema.org\",\"@graph\":[{\"@type\":\"WebPage\",\"@id\":\"https:\/\/xenonkungen.com\/es\/producto\/kit-de-luces-adicionales-pt-lazer-para-porton-delantero-de-scania-ng\/\",\"url\":\"https:\/\/xenonkungen.com\/es\/producto\/kit-de-luces-adicionales-pt-lazer-para-porton-delantero-de-scania-ng\/\",\"name\":\"PT-Lazer extraljussats till Scania NG frontlucka - Xenonkungen\",\"isPartOf\":{\"@id\":\"https:\/\/xenonkungen.com\/#website\"},\"primaryImageOfPage\":{\"@id\":\"https:\/\/xenonkungen.com\/es\/producto\/kit-de-luces-adicionales-pt-lazer-para-porton-delantero-de-scania-ng\/#primaryimage\"},\"image\":{\"@id\":\"https:\/\/xenonkungen.com\/es\/producto\/kit-de-luces-adicionales-pt-lazer-para-porton-delantero-de-scania-ng\/#primaryimage\"},\"thumbnailUrl\":\"https:\/\/xenonkungen.com\/wp-content\/uploads\/2025\/04\/203994455-origpic-c5b232.jpg\",\"datePublished\":\"2025-04-15T09:43:38+00:00\",\"dateModified\":\"2026-04-11T00:10:49+00:00\",\"breadcrumb\":{\"@id\":\"https:\/\/xenonkungen.com\/es\/producto\/kit-de-luces-adicionales-pt-lazer-para-porton-delantero-de-scania-ng\/#breadcrumb\"},\"inLanguage\":\"es\",\"potentialAction\":[{\"@type\":\"ReadAction\",\"target\":[\"https:\/\/xenonkungen.com\/es\/producto\/kit-de-luces-adicionales-pt-lazer-para-porton-delantero-de-scania-ng\/\"]}]},{\"@type\":\"ImageObject\",\"inLanguage\":\"es\",\"@id\":\"https:\/\/xenonkungen.com\/es\/producto\/kit-de-luces-adicionales-pt-lazer-para-porton-delantero-de-scania-ng\/#primaryimage\",\"url\":\"https:\/\/xenonkungen.com\/wp-content\/uploads\/2025\/04\/203994455-origpic-c5b232.jpg\",\"contentUrl\":\"https:\/\/xenonkungen.com\/wp-content\/uploads\/2025\/04\/203994455-origpic-c5b232.jpg\",\"width\":2048,\"height\":1536},{\"@type\":\"BreadcrumbList\",\"@id\":\"https:\/\/xenonkungen.com\/es\/producto\/kit-de-luces-adicionales-pt-lazer-para-porton-delantero-de-scania-ng\/#breadcrumb\",\"itemListElement\":[{\"@type\":\"ListItem\",\"position\":1,\"name\":\"Hem\",\"item\":\"https:\/\/xenonkungen.com\/\"},{\"@type\":\"ListItem\",\"position\":2,\"name\":\"Shop\",\"item\":\"https:\/\/xenonkungen.com\/shop\/\"},{\"@type\":\"ListItem\",\"position\":3,\"name\":\"PT-Lazer extraljussats till Scania NG frontlucka\"}]},{\"@type\":\"WebSite\",\"@id\":\"https:\/\/xenonkungen.com\/#website\",\"url\":\"https:\/\/xenonkungen.com\/\",\"name\":\"Xenonkungen\",\"description\":\"\",\"potentialAction\":[{\"@type\":\"SearchAction\",\"target\":{\"@type\":\"EntryPoint\",\"urlTemplate\":\"https:\/\/xenonkungen.com\/?s={search_term_string}\"},\"query-input\":{\"@type\":\"PropertyValueSpecification\",\"valueRequired\":true,\"valueName\":\"search_term_string\"}}],\"inLanguage\":\"es\"}]}<\/script>\n<!-- \/ Yoast SEO plugin. -->","yoast_head_json":{"title":"Kit de luces adicionales PT-Lazer para port\u00f3n delantero de Scania NG - Xenonkungen","robots":{"index":"index","follow":"follow","max-snippet":"max-snippet:-1","max-image-preview":"max-image-preview:large","max-video-preview":"max-video-preview:-1"},"canonical":"https:\/\/xenonkungen.com\/es\/producto\/kit-de-luces-adicionales-pt-lazer-para-porton-delantero-de-scania-ng\/","og_locale":"es_ES","og_type":"article","og_title":"PT-Lazer extraljussats till Scania NG frontlucka - Xenonkungen","og_description":"PT-Lazer extraljussats till Scania NG frontlucka Linear \u00e4r Lazers h\u00f6gklassiga serie med extraljusramper f\u00f6r vardagsbruk som finns tillg\u00e4nglig i detta paket f\u00f6r frontluckan till Scania NG. I Linear-serien kombineras den absolut h\u00f6gsta ljusprestandan med en slimmad och aerodynamisk design. Ramperna \u00e4r enkla att montera med de tillh\u00f6rande och specialutformade rostfria f\u00e4stena och levererar h\u00e4pnadsv\u00e4ckande belysning [&hellip;]","og_url":"https:\/\/xenonkungen.com\/es\/producto\/kit-de-luces-adicionales-pt-lazer-para-porton-delantero-de-scania-ng\/","og_site_name":"Xenonkungen","article_modified_time":"2026-04-11T00:10:49+00:00","og_image":[{"width":2048,"height":1536,"url":"https:\/\/xenonkungen.com\/wp-content\/uploads\/2025\/04\/203994455-origpic-c5b232.jpg","type":"image\/jpeg"}],"twitter_card":"summary_large_image","twitter_misc":{"Tiempo de lectura":"1 minuto"},"schema":{"@context":"https:\/\/schema.org","@graph":[{"@type":"WebPage","@id":"https:\/\/xenonkungen.com\/es\/producto\/kit-de-luces-adicionales-pt-lazer-para-porton-delantero-de-scania-ng\/","url":"https:\/\/xenonkungen.com\/es\/producto\/kit-de-luces-adicionales-pt-lazer-para-porton-delantero-de-scania-ng\/","name":"Kit de luces adicionales PT-Lazer para port\u00f3n delantero de Scania NG - Xenonkungen","isPartOf":{"@id":"https:\/\/xenonkungen.com\/#website"},"primaryImageOfPage":{"@id":"https:\/\/xenonkungen.com\/es\/producto\/kit-de-luces-adicionales-pt-lazer-para-porton-delantero-de-scania-ng\/#primaryimage"},"image":{"@id":"https:\/\/xenonkungen.com\/es\/producto\/kit-de-luces-adicionales-pt-lazer-para-porton-delantero-de-scania-ng\/#primaryimage"},"thumbnailUrl":"https:\/\/xenonkungen.com\/wp-content\/uploads\/2025\/04\/203994455-origpic-c5b232.jpg","datePublished":"2025-04-15T09:43:38+00:00","dateModified":"2026-04-11T00:10:49+00:00","breadcrumb":{"@id":"https:\/\/xenonkungen.com\/es\/producto\/kit-de-luces-adicionales-pt-lazer-para-porton-delantero-de-scania-ng\/#breadcrumb"},"inLanguage":"es","potentialAction":[{"@type":"ReadAction","target":["https:\/\/xenonkungen.com\/es\/producto\/kit-de-luces-adicionales-pt-lazer-para-porton-delantero-de-scania-ng\/"]}]},{"@type":"ImageObject","inLanguage":"es","@id":"https:\/\/xenonkungen.com\/es\/producto\/kit-de-luces-adicionales-pt-lazer-para-porton-delantero-de-scania-ng\/#primaryimage","url":"https:\/\/xenonkungen.com\/wp-content\/uploads\/2025\/04\/203994455-origpic-c5b232.jpg","contentUrl":"https:\/\/xenonkungen.com\/wp-content\/uploads\/2025\/04\/203994455-origpic-c5b232.jpg","width":2048,"height":1536},{"@type":"BreadcrumbList","@id":"https:\/\/xenonkungen.com\/es\/producto\/kit-de-luces-adicionales-pt-lazer-para-porton-delantero-de-scania-ng\/#breadcrumb","itemListElement":[{"@type":"ListItem","position":1,"name":"Hem","item":"https:\/\/xenonkungen.com\/"},{"@type":"ListItem","position":2,"name":"Shop","item":"https:\/\/xenonkungen.com\/shop\/"},{"@type":"ListItem","position":3,"name":"PT-Lazer extraljussats till Scania NG frontlucka"}]},{"@type":"WebSite","@id":"https:\/\/xenonkungen.com\/#website","url":"https:\/\/xenonkungen.com\/","name":"Xenonkungen","description":"","potentialAction":[{"@type":"SearchAction","target":{"@type":"EntryPoint","urlTemplate":"https:\/\/xenonkungen.com\/?s={search_term_string}"},"query-input":{"@type":"PropertyValueSpecification","valueRequired":true,"valueName":"search_term_string"}}],"inLanguage":"es"}]}},"taxonomy_info":{"anvandningsomrade":[{"value":166,"label":"Lastbil"},{"value":238,"label":"SL\u00c4P"},{"value":2816,"label":"TRAILER"}],"product_brand":[{"value":1124,"label":"Lazer"}],"product_cat":[{"value":2611,"label":"Solskydd \/ Frontlucka"}],"product_tag":[{"value":2735,"label":"Lazer"}],"pa_fargtemperatur":[{"value":154,"label":"5000K"}],"pa_fuktskydd-varde-ipxx":[{"value":333,"label":"IP67"}],"pa_lampsockel-kontakt":[{"value":1122,"label":"Superseal"}],"pa_led-chips-effekt-w":[{"value":1334,"label":"84"}],"pa_storlek-mm":[{"value":1724,"label":"382x40x62"}],"pa_volt-v":[{"value":1084,"label":"Multivolt, 10, 12, 16, 18, 24, 28, 30, 32"}]},"featured_image_src_large":["https:\/\/xenonkungen.com\/wp-content\/uploads\/2025\/04\/203994455-origpic-c5b232-1024x768.jpg",1024,768,true],"author_info":[],"comment_info":0,"_links":{"self":[{"href":"https:\/\/xenonkungen.com\/es\/wp-json\/wp\/v2\/product\/6192","targetHints":{"allow":["GET"]}}],"collection":[{"href":"https:\/\/xenonkungen.com\/es\/wp-json\/wp\/v2\/product"}],"about":[{"href":"https:\/\/xenonkungen.com\/es\/wp-json\/wp\/v2\/types\/product"}],"replies":[{"embeddable":true,"href":"https:\/\/xenonkungen.com\/es\/wp-json\/wp\/v2\/comments?post=6192"}],"wp:featuredmedia":[{"embeddable":true,"href":"https:\/\/xenonkungen.com\/es\/wp-json\/wp\/v2\/media\/6193"}],"wp:attachment":[{"href":"https:\/\/xenonkungen.com\/es\/wp-json\/wp\/v2\/media?parent=6192"}],"wp:term":[{"taxonomy":"anvandningsomrade","embeddable":true,"href":"https:\/\/xenonkungen.com\/es\/wp-json\/wp\/v2\/anvandningsomrade?post=6192"},{"taxonomy":"bilmarken","embeddable":true,"href":"https:\/\/xenonkungen.com\/es\/wp-json\/wp\/v2\/bilmarken?post=6192"},{"taxonomy":"product_brand","embeddable":true,"href":"https:\/\/xenonkungen.com\/es\/wp-json\/wp\/v2\/product_brand?post=6192"},{"taxonomy":"product_cat","embeddable":true,"href":"https:\/\/xenonkungen.com\/es\/wp-json\/wp\/v2\/product_cat?post=6192"},{"taxonomy":"product_tag","embeddable":true,"href":"https:\/\/xenonkungen.com\/es\/wp-json\/wp\/v2\/product_tag?post=6192"}],"curies":[{"name":"wp","href":"https:\/\/api.w.org\/{rel}","templated":true}]}}