{"id":6196,"date":"2025-04-15T09:43:38","date_gmt":"2025-04-15T09:43:38","guid":{"rendered":"https:\/\/xenonkungen.com\/product\/solskydd-30-cm-for-scania-ng-for-lazer-linear-18-elite\/"},"modified":"2026-04-11T01:10:55","modified_gmt":"2026-04-11T00:10:55","slug":"parasol-30-cm-para-scania-ng-para-lazer-linear-18-elite","status":"publish","type":"product","link":"https:\/\/xenonkungen.com\/es\/producto\/parasol-30-cm-para-scania-ng-para-lazer-linear-18-elite\/","title":{"rendered":"Parasol 30 cm para Scania NG para Lazer Linear 18 Elite"},"content":{"rendered":"<h1 class=\"\">Parasol 30 cm para Scania NG para Lazer Linear 18 Elite<\/h1>\n<p>Parasol Scania NextGen preparado para el Lazer Linear-18 Elite. El parasol tiene un ajuste perfecto y se adapta a todas las cabinas NG (series L, P, G, R, S o XT). Todas las fijaciones son las mismas que para el parasol original. Esto tambi\u00e9n se aplica a la fijaci\u00f3n de la parte superior original al parasol, lo que hace que la instalaci\u00f3n sea muy sencilla. El parasol se entrega completo (sin la parte superior) con orificios fresados adaptados para el Lazer Linear-18 Elite con soportes y detalles de montaje. Se incluyen extensores para el espejo delantero y espaciadores.<\/p>\n<p>NOTA - Las barras de led no est\u00e1n incluidas.<\/p>","protected":false},"excerpt":{"rendered":"<p>Solskydd 30 cm f\u00f6r Scania NG f\u00f6r Lazer Linear 18 Elite Solskydd f\u00f6r Scania NextGen f\u00f6rberett f\u00f6r Lazer Linear-18 Elite. Solskyddet har perfekt passform och passar alla NGhytter (L-, P-, G-, R-, S- eller XT-serien). Alla inf\u00e4stningar \u00e4r samma som f\u00f6r originalsolskyddet. Det g\u00e4ller \u00e4ven original\u00f6verdelens inf\u00e4stning i solskyddet, vilket g\u00f6r att monteringen blir mycket [&hellip;]<\/p>","protected":false},"featured_media":6197,"comment_status":"closed","ping_status":"open","template":"","meta":{"_acf_changed":false,"_smort_price_nok":"10628","_smort_price_dkk":"6752","_smort_price_eur":"904.5","_smort_sale_price_nok":"","_smort_sale_price_dkk":"","_smort_sale_price_eur":"","smort_restorder":"","shipmondo_restorder":"","_kad_blocks_custom_css":"","_kad_blocks_head_custom_js":"","_kad_blocks_body_custom_js":"","_kad_blocks_footer_custom_js":"","smort_custom_pricelist_1":"6796.8","smort_custom_pricelist_2":"6796.8","smort_custom_pricelist_3":"6796.8","smort_custom_pricelist_4":"8496","smort_custom_pricelist_5":"6796.8"},"anvandningsomrade":[166,238,2816],"bilmarken":[],"product_brand":[2793],"product_cat":[2611],"product_tag":[2735],"class_list":{"0":"post-6196","1":"product","2":"type-product","3":"status-publish","4":"has-post-thumbnail","6":"anvandningsomrade-lastbil","7":"anvandningsomrade-slap","8":"anvandningsomrade-trailer","9":"product_brand-ovrigt","10":"product_cat-solskydd-frontlucka","11":"product_tag-lazer","13":"first","14":"onbackorder","15":"taxable","16":"shipping-taxable","17":"purchasable","18":"product-type-simple"},"bundled_by":[],"bundle_stock_status":"onbackorder","bundle_stock_quantity":0,"bundle_virtual":false,"bundle_layout":"","bundle_add_to_cart_form_location":"","bundle_editable_in_cart":false,"bundle_sold_individually_context":"","bundle_item_grouping":"","bundle_min_size":"","bundle_max_size":"","bundle_price":[],"bundled_items":[],"bundle_sell_ids":[],"acf":[],"yoast_head":"<!-- This site is optimized with the Yoast SEO plugin v27.0 - https:\/\/yoast.com\/product\/yoast-seo-wordpress\/ -->\n<title>Solskydd 30 cm f\u00f6r Scania NG f\u00f6r Lazer Linear 18 Elite - Xenonkungen<\/title>\n<meta name=\"robots\" content=\"index, follow, max-snippet:-1, max-image-preview:large, max-video-preview:-1\" \/>\n<link rel=\"canonical\" href=\"https:\/\/xenonkungen.com\/es\/producto\/parasol-30-cm-para-scania-ng-para-lazer-linear-18-elite\/\" \/>\n<meta property=\"og:locale\" content=\"es_ES\" \/>\n<meta property=\"og:type\" content=\"article\" \/>\n<meta property=\"og:title\" content=\"Solskydd 30 cm f\u00f6r Scania NG f\u00f6r Lazer Linear 18 Elite - Xenonkungen\" \/>\n<meta property=\"og:description\" content=\"Solskydd 30 cm f\u00f6r Scania NG f\u00f6r Lazer Linear 18 Elite Solskydd f\u00f6r Scania NextGen f\u00f6rberett f\u00f6r Lazer Linear-18 Elite. Solskyddet har perfekt passform och passar alla NGhytter (L-, P-, G-, R-, S- eller XT-serien). Alla inf\u00e4stningar \u00e4r samma som f\u00f6r originalsolskyddet. Det g\u00e4ller \u00e4ven original\u00f6verdelens inf\u00e4stning i solskyddet, vilket g\u00f6r att monteringen blir mycket [&hellip;]\" \/>\n<meta property=\"og:url\" content=\"https:\/\/xenonkungen.com\/es\/producto\/parasol-30-cm-para-scania-ng-para-lazer-linear-18-elite\/\" \/>\n<meta property=\"og:site_name\" content=\"Xenonkungen\" \/>\n<meta property=\"article:modified_time\" content=\"2026-04-11T00:10:55+00:00\" \/>\n<meta property=\"og:image\" content=\"https:\/\/xenonkungen.com\/wp-content\/uploads\/2025\/04\/34-100215CL_itemimage_mainfront.jpg\" \/>\n\t<meta property=\"og:image:width\" content=\"1528\" \/>\n\t<meta property=\"og:image:height\" content=\"1145\" \/>\n\t<meta property=\"og:image:type\" content=\"image\/jpeg\" \/>\n<meta name=\"twitter:card\" content=\"summary_large_image\" \/>\n<meta name=\"twitter:label1\" content=\"Tiempo de lectura\" \/>\n\t<meta name=\"twitter:data1\" content=\"1 minuto\" \/>\n<script type=\"application\/ld+json\" class=\"yoast-schema-graph\">{\"@context\":\"https:\/\/schema.org\",\"@graph\":[{\"@type\":\"WebPage\",\"@id\":\"https:\/\/xenonkungen.com\/de\/produkt\/sonnenschutz-30-cm-fur-scania-ng-fur-lazer-linear-18-elite\/\",\"url\":\"https:\/\/xenonkungen.com\/de\/produkt\/sonnenschutz-30-cm-fur-scania-ng-fur-lazer-linear-18-elite\/\",\"name\":\"Solskydd 30 cm f\u00f6r Scania NG f\u00f6r Lazer Linear 18 Elite - Xenonkungen\",\"isPartOf\":{\"@id\":\"https:\/\/xenonkungen.com\/#website\"},\"primaryImageOfPage\":{\"@id\":\"https:\/\/xenonkungen.com\/de\/produkt\/sonnenschutz-30-cm-fur-scania-ng-fur-lazer-linear-18-elite\/#primaryimage\"},\"image\":{\"@id\":\"https:\/\/xenonkungen.com\/de\/produkt\/sonnenschutz-30-cm-fur-scania-ng-fur-lazer-linear-18-elite\/#primaryimage\"},\"thumbnailUrl\":\"https:\/\/xenonkungen.com\/wp-content\/uploads\/2025\/04\/34-100215CL_itemimage_mainfront.jpg\",\"datePublished\":\"2025-04-15T09:43:38+00:00\",\"dateModified\":\"2026-04-11T00:10:55+00:00\",\"breadcrumb\":{\"@id\":\"https:\/\/xenonkungen.com\/de\/produkt\/sonnenschutz-30-cm-fur-scania-ng-fur-lazer-linear-18-elite\/#breadcrumb\"},\"inLanguage\":\"es\",\"potentialAction\":[{\"@type\":\"ReadAction\",\"target\":[\"https:\/\/xenonkungen.com\/de\/produkt\/sonnenschutz-30-cm-fur-scania-ng-fur-lazer-linear-18-elite\/\"]}]},{\"@type\":\"ImageObject\",\"inLanguage\":\"es\",\"@id\":\"https:\/\/xenonkungen.com\/de\/produkt\/sonnenschutz-30-cm-fur-scania-ng-fur-lazer-linear-18-elite\/#primaryimage\",\"url\":\"https:\/\/xenonkungen.com\/wp-content\/uploads\/2025\/04\/34-100215CL_itemimage_mainfront.jpg\",\"contentUrl\":\"https:\/\/xenonkungen.com\/wp-content\/uploads\/2025\/04\/34-100215CL_itemimage_mainfront.jpg\",\"width\":1528,\"height\":1145},{\"@type\":\"BreadcrumbList\",\"@id\":\"https:\/\/xenonkungen.com\/de\/produkt\/sonnenschutz-30-cm-fur-scania-ng-fur-lazer-linear-18-elite\/#breadcrumb\",\"itemListElement\":[{\"@type\":\"ListItem\",\"position\":1,\"name\":\"Hem\",\"item\":\"https:\/\/xenonkungen.com\/\"},{\"@type\":\"ListItem\",\"position\":2,\"name\":\"Shop\",\"item\":\"https:\/\/xenonkungen.com\/shop\/\"},{\"@type\":\"ListItem\",\"position\":3,\"name\":\"Solskydd 30 cm f\u00f6r Scania NG f\u00f6r Lazer Linear 18 Elite\"}]},{\"@type\":\"WebSite\",\"@id\":\"https:\/\/xenonkungen.com\/#website\",\"url\":\"https:\/\/xenonkungen.com\/\",\"name\":\"Xenonkungen\",\"description\":\"\",\"potentialAction\":[{\"@type\":\"SearchAction\",\"target\":{\"@type\":\"EntryPoint\",\"urlTemplate\":\"https:\/\/xenonkungen.com\/?s={search_term_string}\"},\"query-input\":{\"@type\":\"PropertyValueSpecification\",\"valueRequired\":true,\"valueName\":\"search_term_string\"}}],\"inLanguage\":\"es\"}]}<\/script>\n<!-- \/ Yoast SEO plugin. -->","yoast_head_json":{"title":"Parasol 30 cm para Scania NG para Lazer Linear 18 Elite - Xenonkungen","robots":{"index":"index","follow":"follow","max-snippet":"max-snippet:-1","max-image-preview":"max-image-preview:large","max-video-preview":"max-video-preview:-1"},"canonical":"https:\/\/xenonkungen.com\/es\/producto\/parasol-30-cm-para-scania-ng-para-lazer-linear-18-elite\/","og_locale":"es_ES","og_type":"article","og_title":"Solskydd 30 cm f\u00f6r Scania NG f\u00f6r Lazer Linear 18 Elite - Xenonkungen","og_description":"Solskydd 30 cm f\u00f6r Scania NG f\u00f6r Lazer Linear 18 Elite Solskydd f\u00f6r Scania NextGen f\u00f6rberett f\u00f6r Lazer Linear-18 Elite. Solskyddet har perfekt passform och passar alla NGhytter (L-, P-, G-, R-, S- eller XT-serien). Alla inf\u00e4stningar \u00e4r samma som f\u00f6r originalsolskyddet. Det g\u00e4ller \u00e4ven original\u00f6verdelens inf\u00e4stning i solskyddet, vilket g\u00f6r att monteringen blir mycket [&hellip;]","og_url":"https:\/\/xenonkungen.com\/es\/producto\/parasol-30-cm-para-scania-ng-para-lazer-linear-18-elite\/","og_site_name":"Xenonkungen","article_modified_time":"2026-04-11T00:10:55+00:00","og_image":[{"width":1528,"height":1145,"url":"https:\/\/xenonkungen.com\/wp-content\/uploads\/2025\/04\/34-100215CL_itemimage_mainfront.jpg","type":"image\/jpeg"}],"twitter_card":"summary_large_image","twitter_misc":{"Tiempo de lectura":"1 minuto"},"schema":{"@context":"https:\/\/schema.org","@graph":[{"@type":"WebPage","@id":"https:\/\/xenonkungen.com\/de\/produkt\/sonnenschutz-30-cm-fur-scania-ng-fur-lazer-linear-18-elite\/","url":"https:\/\/xenonkungen.com\/de\/produkt\/sonnenschutz-30-cm-fur-scania-ng-fur-lazer-linear-18-elite\/","name":"Parasol 30 cm para Scania NG para Lazer Linear 18 Elite - Xenonkungen","isPartOf":{"@id":"https:\/\/xenonkungen.com\/#website"},"primaryImageOfPage":{"@id":"https:\/\/xenonkungen.com\/de\/produkt\/sonnenschutz-30-cm-fur-scania-ng-fur-lazer-linear-18-elite\/#primaryimage"},"image":{"@id":"https:\/\/xenonkungen.com\/de\/produkt\/sonnenschutz-30-cm-fur-scania-ng-fur-lazer-linear-18-elite\/#primaryimage"},"thumbnailUrl":"https:\/\/xenonkungen.com\/wp-content\/uploads\/2025\/04\/34-100215CL_itemimage_mainfront.jpg","datePublished":"2025-04-15T09:43:38+00:00","dateModified":"2026-04-11T00:10:55+00:00","breadcrumb":{"@id":"https:\/\/xenonkungen.com\/de\/produkt\/sonnenschutz-30-cm-fur-scania-ng-fur-lazer-linear-18-elite\/#breadcrumb"},"inLanguage":"es","potentialAction":[{"@type":"ReadAction","target":["https:\/\/xenonkungen.com\/de\/produkt\/sonnenschutz-30-cm-fur-scania-ng-fur-lazer-linear-18-elite\/"]}]},{"@type":"ImageObject","inLanguage":"es","@id":"https:\/\/xenonkungen.com\/de\/produkt\/sonnenschutz-30-cm-fur-scania-ng-fur-lazer-linear-18-elite\/#primaryimage","url":"https:\/\/xenonkungen.com\/wp-content\/uploads\/2025\/04\/34-100215CL_itemimage_mainfront.jpg","contentUrl":"https:\/\/xenonkungen.com\/wp-content\/uploads\/2025\/04\/34-100215CL_itemimage_mainfront.jpg","width":1528,"height":1145},{"@type":"BreadcrumbList","@id":"https:\/\/xenonkungen.com\/de\/produkt\/sonnenschutz-30-cm-fur-scania-ng-fur-lazer-linear-18-elite\/#breadcrumb","itemListElement":[{"@type":"ListItem","position":1,"name":"Hem","item":"https:\/\/xenonkungen.com\/"},{"@type":"ListItem","position":2,"name":"Shop","item":"https:\/\/xenonkungen.com\/shop\/"},{"@type":"ListItem","position":3,"name":"Solskydd 30 cm f\u00f6r Scania NG f\u00f6r Lazer Linear 18 Elite"}]},{"@type":"WebSite","@id":"https:\/\/xenonkungen.com\/#website","url":"https:\/\/xenonkungen.com\/","name":"Xenonkungen","description":"","potentialAction":[{"@type":"SearchAction","target":{"@type":"EntryPoint","urlTemplate":"https:\/\/xenonkungen.com\/?s={search_term_string}"},"query-input":{"@type":"PropertyValueSpecification","valueRequired":true,"valueName":"search_term_string"}}],"inLanguage":"es"}]}},"taxonomy_info":{"anvandningsomrade":[{"value":166,"label":"Lastbil"},{"value":238,"label":"SL\u00c4P"},{"value":2816,"label":"TRAILER"}],"product_brand":[{"value":2793,"label":"\u00d6VRIGT"}],"product_cat":[{"value":2611,"label":"Solskydd \/ Frontlucka"}],"product_tag":[{"value":2735,"label":"Lazer"}]},"featured_image_src_large":["https:\/\/xenonkungen.com\/wp-content\/uploads\/2025\/04\/34-100215CL_itemimage_mainfront-1024x767.jpg",1024,767,true],"author_info":[],"comment_info":0,"_links":{"self":[{"href":"https:\/\/xenonkungen.com\/es\/wp-json\/wp\/v2\/product\/6196","targetHints":{"allow":["GET"]}}],"collection":[{"href":"https:\/\/xenonkungen.com\/es\/wp-json\/wp\/v2\/product"}],"about":[{"href":"https:\/\/xenonkungen.com\/es\/wp-json\/wp\/v2\/types\/product"}],"replies":[{"embeddable":true,"href":"https:\/\/xenonkungen.com\/es\/wp-json\/wp\/v2\/comments?post=6196"}],"wp:featuredmedia":[{"embeddable":true,"href":"https:\/\/xenonkungen.com\/es\/wp-json\/wp\/v2\/media\/6197"}],"wp:attachment":[{"href":"https:\/\/xenonkungen.com\/es\/wp-json\/wp\/v2\/media?parent=6196"}],"wp:term":[{"taxonomy":"anvandningsomrade","embeddable":true,"href":"https:\/\/xenonkungen.com\/es\/wp-json\/wp\/v2\/anvandningsomrade?post=6196"},{"taxonomy":"bilmarken","embeddable":true,"href":"https:\/\/xenonkungen.com\/es\/wp-json\/wp\/v2\/bilmarken?post=6196"},{"taxonomy":"product_brand","embeddable":true,"href":"https:\/\/xenonkungen.com\/es\/wp-json\/wp\/v2\/product_brand?post=6196"},{"taxonomy":"product_cat","embeddable":true,"href":"https:\/\/xenonkungen.com\/es\/wp-json\/wp\/v2\/product_cat?post=6196"},{"taxonomy":"product_tag","embeddable":true,"href":"https:\/\/xenonkungen.com\/es\/wp-json\/wp\/v2\/product_tag?post=6196"}],"curies":[{"name":"wp","href":"https:\/\/api.w.org\/{rel}","templated":true}]}}