{"id":6224,"date":"2025-04-15T09:44:00","date_gmt":"2025-04-15T09:44:00","guid":{"rendered":"https:\/\/xenonkungen.com\/product\/lazer-st4-evolution-extraljusramp-8-204-mm\/"},"modified":"2026-04-24T17:28:33","modified_gmt":"2026-04-24T16:28:33","slug":"rampa-extra-ligera-lazer-st4-evolution-de-8204-mm","status":"publish","type":"product","link":"https:\/\/xenonkungen.com\/es\/producto\/rampa-extra-ligera-lazer-st4-evolution-de-8204-mm\/","title":{"rendered":"Rampa extra ligera Lazer ST4 Evolution 8\u2033 (204 mm)"},"content":{"rendered":"<h1>Serie ST Evolution de Lazer - Rampas LED \u00f3ptimas para todos los veh\u00edculos<\/h1>\n<p>La gama ST Evolution de Lazer es una serie de rampas LED lanzada en 2010 y desde entonces se ha desarrollado y actualizado para ofrecer una soluci\u00f3n de iluminaci\u00f3n superior con un perfil bajo y un dise\u00f1o sin fisuras. Estas rampas cuentan con una mayor resistencia a la intemperie, f\u00e1cil instalaci\u00f3n y la \u00faltima tecnolog\u00eda de iluminaci\u00f3n para adaptarse a la mayor\u00eda de los veh\u00edculos y ocasiones.<\/p>\n<h2>Rendimiento lum\u00ednico y dispersi\u00f3n superiores<\/h2>\n<p>Cada rampa de la serie ST Evolution est\u00e1 equipada con l\u00e1mparas LED de 11 W de alto rendimiento que proporcionan un rendimiento lum\u00ednico extraordinario y una distribuci\u00f3n \u00f3ptima de la luz donde m\u00e1s se necesita. El avanzado dise\u00f1o electr\u00f3nico y los eficientes reflectores metalizados al vac\u00edo proporcionan una amplia distribuci\u00f3n del haz que resulta especialmente adecuada para aplicaciones agr\u00edcolas y todoterreno en las que son habituales las velocidades m\u00e1s bajas.<\/p>\n<p>El sistema de gesti\u00f3n t\u00e9rmica de la montura garantiza que se evite el sobrecalentamiento y la lente de policarbonato \"irrompible\" con un acabado de lacado duro minimiza el riesgo de que la nieve y la suciedad se adhieran al cristal, garantizando un uso prolongado y fiable.<\/p>\n<h2>Amplia gama de longitudes<\/h2>\n<p>La gama ST Evolution est\u00e1 disponible en ocho longitudes diferentes entre 124 y 1164 mm, con una altura de 68 mm y una profundidad de 64 mm. La amplia gama de longitudes le permite encontrar una longitud de bastidor que se adapte perfectamente a su veh\u00edculo. Incluso puede combinar varias longitudes para crear una configuraci\u00f3n de iluminaci\u00f3n \u00fanica.<\/p>\n<p>Descubre la potencia y versatilidad de la serie ST Evolution de Lazer. Con una garant\u00eda funcional de 5 a\u00f1os, puede confiar en que estas rampas LED le proporcionar\u00e1n una iluminaci\u00f3n fiable e impresionante para sus aventuras, tanto si circula fuera de la carretera como en entornos agr\u00edcolas exigentes.<\/p>\n<p>Pida hoy mismo su rampa ST Evolution y lleve su iluminaci\u00f3n a un nuevo nivel de rendimiento y fiabilidad.<\/p>","protected":false},"excerpt":{"rendered":"<p>\u00a1Ahora puedes mejorar tu seguridad en la carretera e iluminar tu camino con la barra de luz auxiliar Lazer ST4 Evolution 8\u2033 (204 mm)! Con su potente tecnolog\u00eda LED, proporciona una visibilidad excepcional, lo que le permite navegar mejor por carreteras oscuras y terrenos irregulares. \u00a1P\u00eddela ahora y consigue una soluci\u00f3n asequible y de alta calidad para tu veh\u00edculo!<\/p>","protected":false},"featured_media":6225,"comment_status":"closed","ping_status":"open","template":"","meta":{"_acf_changed":false,"_smort_price_nok":"3947","_smort_price_dkk":"2507","_smort_price_eur":"335.89","_smort_sale_price_nok":"","_smort_sale_price_dkk":"","_smort_sale_price_eur":"","smort_restorder":"","shipmondo_restorder":"","_kad_blocks_custom_css":"","_kad_blocks_head_custom_js":"","_kad_blocks_body_custom_js":"","_kad_blocks_footer_custom_js":"","smort_custom_pricelist_1":"2364.8","smort_custom_pricelist_2":"2364.8","smort_custom_pricelist_3":"2364.8","smort_custom_pricelist_4":"2956","smort_custom_pricelist_5":"2364.8"},"anvandningsomrade":[],"bilmarken":[],"product_brand":[1124],"product_cat":[2561,2966,2539,2168],"product_tag":[2735],"class_list":{"0":"post-6224","1":"product","2":"type-product","3":"status-publish","4":"has-post-thumbnail","6":"product_brand-lazer","7":"product_cat-lazer","8":"product_cat-ledramp-rak","9":"product_cat-ledramper","10":"product_cat-lazer-evolution","11":"product_tag-lazer","12":"pa_fargtemperatur-5000k","13":"pa_fuktskydd-varde-ipxx-ip68","14":"pa_godkannande-e-godkand-ece-r112","15":"pa_lampsockel-kontakt-superseal","16":"pa_led-chips-effekt-w-1730","17":"pa_ljusbild-driving","18":"pa_storlek-mm-204x68x64","19":"pa_stromforbrukning-33a144v","20":"pa_volt-v-multivolt-10-12-16-18-24-28-30-32","22":"first","23":"onbackorder","24":"taxable","25":"shipping-taxable","26":"purchasable","27":"product-type-simple"},"bundled_by":[],"bundle_stock_status":"onbackorder","bundle_stock_quantity":0,"bundle_virtual":false,"bundle_layout":"","bundle_add_to_cart_form_location":"","bundle_editable_in_cart":false,"bundle_sold_individually_context":"","bundle_item_grouping":"","bundle_min_size":"","bundle_max_size":"","bundle_price":[],"bundled_items":[],"bundle_sell_ids":[],"acf":[],"yoast_head":"<!-- This site is optimized with the Yoast SEO plugin v27.0 - https:\/\/yoast.com\/product\/yoast-seo-wordpress\/ -->\n<title>Lazer ST4 Evolution extraljusramp 8&quot; (204 mm) - Xenonkungen<\/title>\n<meta name=\"robots\" content=\"index, follow, max-snippet:-1, max-image-preview:large, max-video-preview:-1\" \/>\n<link rel=\"canonical\" href=\"https:\/\/xenonkungen.com\/es\/producto\/rampa-extra-ligera-lazer-st4-evolution-de-8204-mm\/\" \/>\n<meta property=\"og:locale\" content=\"es_ES\" \/>\n<meta property=\"og:type\" content=\"article\" \/>\n<meta property=\"og:title\" content=\"Lazer ST4 Evolution extraljusramp 8&quot; (204 mm) - Xenonkungen\" \/>\n<meta property=\"og:description\" content=\"Nu kan du f\u00f6rb\u00e4ttra din s\u00e4kerhet p\u00e5 v\u00e4gen och ljusa upp din v\u00e4g med Lazer ST4 Evolution extraljusramp 8&quot; (204 mm)! Med sin kraftfulla LED-teknologi ger den enast\u00e5ende synlighet, vilket ger dig b\u00e4ttre m\u00f6jlighet att navigera p\u00e5 m\u00f6rka v\u00e4gar och oj\u00e4mna terr\u00e4nger. Best\u00e4ll nu och f\u00e5 en prisv\u00e4rd och h\u00f6gkvalitativ l\u00f6sning f\u00f6r ditt fordon!\" \/>\n<meta property=\"og:url\" content=\"https:\/\/xenonkungen.com\/es\/producto\/rampa-extra-ligera-lazer-st4-evolution-de-8204-mm\/\" \/>\n<meta property=\"og:site_name\" content=\"Xenonkungen\" \/>\n<meta property=\"article:modified_time\" content=\"2026-04-24T16:28:33+00:00\" \/>\n<meta property=\"og:image\" content=\"https:\/\/xenonkungen.com\/wp-content\/uploads\/2025\/04\/189889903-origpic-4bd4ed.jpg\" \/>\n\t<meta property=\"og:image:width\" content=\"1000\" \/>\n\t<meta property=\"og:image:height\" content=\"750\" \/>\n\t<meta property=\"og:image:type\" content=\"image\/jpeg\" \/>\n<meta name=\"twitter:card\" content=\"summary_large_image\" \/>\n<meta name=\"twitter:label1\" content=\"Tiempo de lectura\" \/>\n\t<meta name=\"twitter:data1\" content=\"2 minutos\" \/>\n<script type=\"application\/ld+json\" class=\"yoast-schema-graph\">{\"@context\":\"https:\/\/schema.org\",\"@graph\":[{\"@type\":\"WebPage\",\"@id\":\"https:\/\/xenonkungen.com\/produkt\/lazer-st4-evolution-extraljusramp-8-204-mm\/\",\"url\":\"https:\/\/xenonkungen.com\/produkt\/lazer-st4-evolution-extraljusramp-8-204-mm\/\",\"name\":\"Lazer ST4 Evolution extraljusramp 8\\\" (204 mm) - Xenonkungen\",\"isPartOf\":{\"@id\":\"https:\/\/xenonkungen.com\/#website\"},\"primaryImageOfPage\":{\"@id\":\"https:\/\/xenonkungen.com\/produkt\/lazer-st4-evolution-extraljusramp-8-204-mm\/#primaryimage\"},\"image\":{\"@id\":\"https:\/\/xenonkungen.com\/produkt\/lazer-st4-evolution-extraljusramp-8-204-mm\/#primaryimage\"},\"thumbnailUrl\":\"https:\/\/xenonkungen.com\/wp-content\/uploads\/2025\/04\/189889903-origpic-4bd4ed.jpg\",\"datePublished\":\"2025-04-15T09:44:00+00:00\",\"dateModified\":\"2026-04-24T16:28:33+00:00\",\"breadcrumb\":{\"@id\":\"https:\/\/xenonkungen.com\/produkt\/lazer-st4-evolution-extraljusramp-8-204-mm\/#breadcrumb\"},\"inLanguage\":\"es\",\"potentialAction\":[{\"@type\":\"ReadAction\",\"target\":[\"https:\/\/xenonkungen.com\/produkt\/lazer-st4-evolution-extraljusramp-8-204-mm\/\"]}]},{\"@type\":\"ImageObject\",\"inLanguage\":\"es\",\"@id\":\"https:\/\/xenonkungen.com\/produkt\/lazer-st4-evolution-extraljusramp-8-204-mm\/#primaryimage\",\"url\":\"https:\/\/xenonkungen.com\/wp-content\/uploads\/2025\/04\/189889903-origpic-4bd4ed.jpg\",\"contentUrl\":\"https:\/\/xenonkungen.com\/wp-content\/uploads\/2025\/04\/189889903-origpic-4bd4ed.jpg\",\"width\":1000,\"height\":750},{\"@type\":\"BreadcrumbList\",\"@id\":\"https:\/\/xenonkungen.com\/produkt\/lazer-st4-evolution-extraljusramp-8-204-mm\/#breadcrumb\",\"itemListElement\":[{\"@type\":\"ListItem\",\"position\":1,\"name\":\"Hem\",\"item\":\"https:\/\/xenonkungen.com\/\"},{\"@type\":\"ListItem\",\"position\":2,\"name\":\"Shop\",\"item\":\"https:\/\/xenonkungen.com\/shop\/\"},{\"@type\":\"ListItem\",\"position\":3,\"name\":\"Lazer ST4 Evolution extraljusramp 8&#8243; (204 mm)\"}]},{\"@type\":\"WebSite\",\"@id\":\"https:\/\/xenonkungen.com\/#website\",\"url\":\"https:\/\/xenonkungen.com\/\",\"name\":\"Xenonkungen\",\"description\":\"\",\"potentialAction\":[{\"@type\":\"SearchAction\",\"target\":{\"@type\":\"EntryPoint\",\"urlTemplate\":\"https:\/\/xenonkungen.com\/?s={search_term_string}\"},\"query-input\":{\"@type\":\"PropertyValueSpecification\",\"valueRequired\":true,\"valueName\":\"search_term_string\"}}],\"inLanguage\":\"es\"}]}<\/script>\n<!-- \/ Yoast SEO plugin. -->","yoast_head_json":{"title":"Barra de luz adicional Lazer ST4 Evolution de 8&quot; (204 mm) - El rey del xen\u00f3n","robots":{"index":"index","follow":"follow","max-snippet":"max-snippet:-1","max-image-preview":"max-image-preview:large","max-video-preview":"max-video-preview:-1"},"canonical":"https:\/\/xenonkungen.com\/es\/producto\/rampa-extra-ligera-lazer-st4-evolution-de-8204-mm\/","og_locale":"es_ES","og_type":"article","og_title":"Lazer ST4 Evolution extraljusramp 8\" (204 mm) - Xenonkungen","og_description":"Nu kan du f\u00f6rb\u00e4ttra din s\u00e4kerhet p\u00e5 v\u00e4gen och ljusa upp din v\u00e4g med Lazer ST4 Evolution extraljusramp 8\" (204 mm)! Med sin kraftfulla LED-teknologi ger den enast\u00e5ende synlighet, vilket ger dig b\u00e4ttre m\u00f6jlighet att navigera p\u00e5 m\u00f6rka v\u00e4gar och oj\u00e4mna terr\u00e4nger. Best\u00e4ll nu och f\u00e5 en prisv\u00e4rd och h\u00f6gkvalitativ l\u00f6sning f\u00f6r ditt fordon!","og_url":"https:\/\/xenonkungen.com\/es\/producto\/rampa-extra-ligera-lazer-st4-evolution-de-8204-mm\/","og_site_name":"Xenonkungen","article_modified_time":"2026-04-24T16:28:33+00:00","og_image":[{"width":1000,"height":750,"url":"https:\/\/xenonkungen.com\/wp-content\/uploads\/2025\/04\/189889903-origpic-4bd4ed.jpg","type":"image\/jpeg"}],"twitter_card":"summary_large_image","twitter_misc":{"Tiempo de lectura":"2 minutos"},"schema":{"@context":"https:\/\/schema.org","@graph":[{"@type":"WebPage","@id":"https:\/\/xenonkungen.com\/produkt\/lazer-st4-evolution-extraljusramp-8-204-mm\/","url":"https:\/\/xenonkungen.com\/produkt\/lazer-st4-evolution-extraljusramp-8-204-mm\/","name":"Barra de luz adicional Lazer ST4 Evolution de 8&quot; (204 mm) - El rey del xen\u00f3n","isPartOf":{"@id":"https:\/\/xenonkungen.com\/#website"},"primaryImageOfPage":{"@id":"https:\/\/xenonkungen.com\/produkt\/lazer-st4-evolution-extraljusramp-8-204-mm\/#primaryimage"},"image":{"@id":"https:\/\/xenonkungen.com\/produkt\/lazer-st4-evolution-extraljusramp-8-204-mm\/#primaryimage"},"thumbnailUrl":"https:\/\/xenonkungen.com\/wp-content\/uploads\/2025\/04\/189889903-origpic-4bd4ed.jpg","datePublished":"2025-04-15T09:44:00+00:00","dateModified":"2026-04-24T16:28:33+00:00","breadcrumb":{"@id":"https:\/\/xenonkungen.com\/produkt\/lazer-st4-evolution-extraljusramp-8-204-mm\/#breadcrumb"},"inLanguage":"es","potentialAction":[{"@type":"ReadAction","target":["https:\/\/xenonkungen.com\/produkt\/lazer-st4-evolution-extraljusramp-8-204-mm\/"]}]},{"@type":"ImageObject","inLanguage":"es","@id":"https:\/\/xenonkungen.com\/produkt\/lazer-st4-evolution-extraljusramp-8-204-mm\/#primaryimage","url":"https:\/\/xenonkungen.com\/wp-content\/uploads\/2025\/04\/189889903-origpic-4bd4ed.jpg","contentUrl":"https:\/\/xenonkungen.com\/wp-content\/uploads\/2025\/04\/189889903-origpic-4bd4ed.jpg","width":1000,"height":750},{"@type":"BreadcrumbList","@id":"https:\/\/xenonkungen.com\/produkt\/lazer-st4-evolution-extraljusramp-8-204-mm\/#breadcrumb","itemListElement":[{"@type":"ListItem","position":1,"name":"Hem","item":"https:\/\/xenonkungen.com\/"},{"@type":"ListItem","position":2,"name":"Shop","item":"https:\/\/xenonkungen.com\/shop\/"},{"@type":"ListItem","position":3,"name":"Lazer ST4 Evolution extraljusramp 8&#8243; (204 mm)"}]},{"@type":"WebSite","@id":"https:\/\/xenonkungen.com\/#website","url":"https:\/\/xenonkungen.com\/","name":"Xenonkungen","description":"","potentialAction":[{"@type":"SearchAction","target":{"@type":"EntryPoint","urlTemplate":"https:\/\/xenonkungen.com\/?s={search_term_string}"},"query-input":{"@type":"PropertyValueSpecification","valueRequired":true,"valueName":"search_term_string"}}],"inLanguage":"es"}]}},"taxonomy_info":{"product_brand":[{"value":1124,"label":"Lazer"}],"product_cat":[{"value":2561,"label":"Lazer"},{"value":2966,"label":"Ledramp Rak"},{"value":2539,"label":"LEDRAMPER"},{"value":2168,"label":"LAZER EVOLUTION"}],"product_tag":[{"value":2735,"label":"Lazer"}],"pa_fargtemperatur":[{"value":154,"label":"5000K"}],"pa_fuktskydd-varde-ipxx":[{"value":177,"label":"IP68"}],"pa_godkannande":[{"value":1709,"label":"E-godk\u00e4nd, ECE, R112"}],"pa_lampsockel-kontakt":[{"value":1122,"label":"Superseal"}],"pa_led-chips-effekt-w":[{"value":1730,"label":"47"}],"pa_ljusbild":[{"value":178,"label":"Driving"}],"pa_storlek-mm":[{"value":1729,"label":"204x68x64"}],"pa_stromforbrukning":[{"value":1731,"label":"3,3A@14,4V"}],"pa_volt-v":[{"value":1084,"label":"Multivolt, 10, 12, 16, 18, 24, 28, 30, 32"}]},"featured_image_src_large":["https:\/\/xenonkungen.com\/wp-content\/uploads\/2025\/04\/189889903-origpic-4bd4ed.jpg",1000,750,false],"author_info":[],"comment_info":0,"_links":{"self":[{"href":"https:\/\/xenonkungen.com\/es\/wp-json\/wp\/v2\/product\/6224","targetHints":{"allow":["GET"]}}],"collection":[{"href":"https:\/\/xenonkungen.com\/es\/wp-json\/wp\/v2\/product"}],"about":[{"href":"https:\/\/xenonkungen.com\/es\/wp-json\/wp\/v2\/types\/product"}],"replies":[{"embeddable":true,"href":"https:\/\/xenonkungen.com\/es\/wp-json\/wp\/v2\/comments?post=6224"}],"wp:featuredmedia":[{"embeddable":true,"href":"https:\/\/xenonkungen.com\/es\/wp-json\/wp\/v2\/media\/6225"}],"wp:attachment":[{"href":"https:\/\/xenonkungen.com\/es\/wp-json\/wp\/v2\/media?parent=6224"}],"wp:term":[{"taxonomy":"anvandningsomrade","embeddable":true,"href":"https:\/\/xenonkungen.com\/es\/wp-json\/wp\/v2\/anvandningsomrade?post=6224"},{"taxonomy":"bilmarken","embeddable":true,"href":"https:\/\/xenonkungen.com\/es\/wp-json\/wp\/v2\/bilmarken?post=6224"},{"taxonomy":"product_brand","embeddable":true,"href":"https:\/\/xenonkungen.com\/es\/wp-json\/wp\/v2\/product_brand?post=6224"},{"taxonomy":"product_cat","embeddable":true,"href":"https:\/\/xenonkungen.com\/es\/wp-json\/wp\/v2\/product_cat?post=6224"},{"taxonomy":"product_tag","embeddable":true,"href":"https:\/\/xenonkungen.com\/es\/wp-json\/wp\/v2\/product_tag?post=6224"}],"curies":[{"name":"wp","href":"https:\/\/api.w.org\/{rel}","templated":true}]}}