{"id":6288,"date":"2025-04-15T09:44:53","date_gmt":"2025-04-15T09:44:53","guid":{"rendered":"https:\/\/xenonkungen.com\/product\/lazer-faste-for-mittmontering-linear-rostfritt-stal\/"},"modified":"2026-04-26T13:32:04","modified_gmt":"2026-04-26T12:32:04","slug":"laser-fijo-para-montaje-central-lineal-de-acero-inoxidable","status":"publish","type":"product","link":"https:\/\/xenonkungen.com\/es\/producto\/laser-fijo-para-montaje-central-lineal-de-acero-inoxidable\/","title":{"rendered":"Soporte l\u00e1ser para montaje central Linear (acero inoxidable)"},"content":{"rendered":"<h1 class=\"\"><span>Kit de montaje central para utilizar con todas las luces lineales.<br \/><\/span><\/h1>\n<p>Torniller\u00eda de acero inoxidable A2 incluida<\/p>\n<p>Utiliza material PA66 GF30 (nailon reforzado con fibra de vidrio)<\/p>\n<p>S\u00f3lo apto para l\u00e1mparas lineales<\/p>\n<p>Totalmente ajustable: la direcci\u00f3n de montaje se puede invertir 180 grados<\/p>\n<p>Funci\u00f3n antirrotaci\u00f3n<\/p>\n<h2>Contenido del paquete:<\/h2>\n<ul>\n<li>1x soporte de montaje central<\/li>\n<li>Accesorios<\/li>\n<\/ul>","protected":false},"excerpt":{"rendered":"<p>Kit de montaje central para todas las luminarias lineales. Incluye herrajes de acero inoxidable A2. Fabricado en nailon reforzado con fibra de vidrio PA66 GF30. Apto solo para luminarias lineales. Totalmente ajustable: la direcci\u00f3n de montaje se puede invertir 180 grados. Funci\u00f3n antirrotaci\u00f3n. Contenido del paquete: 1 soporte de montaje central.<\/p>","protected":false},"featured_media":6289,"comment_status":"closed","ping_status":"open","template":"","meta":{"_acf_changed":false,"_smort_price_nok":"256","_smort_price_dkk":"163","_smort_price_eur":"21.82","_smort_sale_price_nok":"","_smort_sale_price_dkk":"","_smort_sale_price_eur":"","smort_restorder":"","shipmondo_restorder":"","_kad_blocks_custom_css":"","_kad_blocks_head_custom_js":"","_kad_blocks_body_custom_js":"","_kad_blocks_footer_custom_js":"","smort_custom_pricelist_1":"153.6","smort_custom_pricelist_2":"153.6","smort_custom_pricelist_3":"153.6","smort_custom_pricelist_4":"192","smort_custom_pricelist_5":"153.6"},"anvandningsomrade":[],"bilmarken":[],"product_brand":[1124],"product_cat":[2971,2828,390],"product_tag":[2735],"class_list":{"0":"post-6288","1":"product","2":"type-product","3":"status-publish","4":"has-post-thumbnail","6":"product_brand-lazer","7":"product_cat-ledramp-fasten","8":"product_cat-installation-led-ramper","9":"product_cat-installation","10":"product_tag-lazer","12":"first","13":"onbackorder","14":"taxable","15":"shipping-taxable","16":"purchasable","17":"product-type-simple"},"bundled_by":["9633","9643"],"bundle_stock_status":"onbackorder","bundle_stock_quantity":0,"bundle_virtual":false,"bundle_layout":"","bundle_add_to_cart_form_location":"","bundle_editable_in_cart":false,"bundle_sold_individually_context":"","bundle_item_grouping":"","bundle_min_size":"","bundle_max_size":"","bundle_price":[],"bundled_items":[],"bundle_sell_ids":[],"acf":[],"yoast_head":"<!-- This site is optimized with the Yoast SEO plugin v27.0 - https:\/\/yoast.com\/product\/yoast-seo-wordpress\/ -->\n<title>Lazer f\u00e4ste f\u00f6r mittmontering Linear (Rostfritt st\u00e5l) - Xenonkungen<\/title>\n<meta name=\"robots\" content=\"index, follow, max-snippet:-1, max-image-preview:large, max-video-preview:-1\" \/>\n<link rel=\"canonical\" href=\"https:\/\/xenonkungen.com\/es\/producto\/laser-fijo-para-montaje-central-lineal-de-acero-inoxidable\/\" \/>\n<meta property=\"og:locale\" content=\"es_ES\" \/>\n<meta property=\"og:type\" content=\"article\" \/>\n<meta property=\"og:title\" content=\"Lazer f\u00e4ste f\u00f6r mittmontering Linear (Rostfritt st\u00e5l) - Xenonkungen\" \/>\n<meta property=\"og:description\" content=\"Centermonteringskit f\u00f6r anv\u00e4ndning med alla Linear-lampor. H\u00e5rdvara i A2-rostfritt st\u00e5l ing\u00e5r Anv\u00e4nder PA66 GF30-material (glasfylld nylon) Endast l\u00e4mplig f\u00f6r Linear-lampor Fullt justerbar \u2013 monteringsriktningen kan v\u00e4ndas i 180 grader Anti-rotationsfunktion Paketinneh\u00e5ll: 1x Centre Mounting Bracket Fixtures\" \/>\n<meta property=\"og:url\" content=\"https:\/\/xenonkungen.com\/es\/producto\/laser-fijo-para-montaje-central-lineal-de-acero-inoxidable\/\" \/>\n<meta property=\"og:site_name\" content=\"Xenonkungen\" \/>\n<meta property=\"article:modified_time\" content=\"2026-04-26T12:32:04+00:00\" \/>\n<meta property=\"og:image\" content=\"https:\/\/xenonkungen.com\/wp-content\/uploads\/2025\/04\/1124k_centre_mount_linear_.jpg\" \/>\n\t<meta property=\"og:image:width\" content=\"1000\" \/>\n\t<meta property=\"og:image:height\" content=\"750\" \/>\n\t<meta property=\"og:image:type\" content=\"image\/jpeg\" \/>\n<meta name=\"twitter:card\" content=\"summary_large_image\" \/>\n<script type=\"application\/ld+json\" class=\"yoast-schema-graph\">{\"@context\":\"https:\/\/schema.org\",\"@graph\":[{\"@type\":\"WebPage\",\"@id\":\"https:\/\/xenonkungen.com\/produkt\/lazer-faste-for-mittmontering-linear-rostfritt-stal\/\",\"url\":\"https:\/\/xenonkungen.com\/produkt\/lazer-faste-for-mittmontering-linear-rostfritt-stal\/\",\"name\":\"Lazer f\u00e4ste f\u00f6r mittmontering Linear (Rostfritt st\u00e5l) - Xenonkungen\",\"isPartOf\":{\"@id\":\"https:\/\/xenonkungen.com\/#website\"},\"primaryImageOfPage\":{\"@id\":\"https:\/\/xenonkungen.com\/produkt\/lazer-faste-for-mittmontering-linear-rostfritt-stal\/#primaryimage\"},\"image\":{\"@id\":\"https:\/\/xenonkungen.com\/produkt\/lazer-faste-for-mittmontering-linear-rostfritt-stal\/#primaryimage\"},\"thumbnailUrl\":\"https:\/\/xenonkungen.com\/wp-content\/uploads\/2025\/04\/1124k_centre_mount_linear_.jpg\",\"datePublished\":\"2025-04-15T09:44:53+00:00\",\"dateModified\":\"2026-04-26T12:32:04+00:00\",\"breadcrumb\":{\"@id\":\"https:\/\/xenonkungen.com\/produkt\/lazer-faste-for-mittmontering-linear-rostfritt-stal\/#breadcrumb\"},\"inLanguage\":\"es\",\"potentialAction\":[{\"@type\":\"ReadAction\",\"target\":[\"https:\/\/xenonkungen.com\/produkt\/lazer-faste-for-mittmontering-linear-rostfritt-stal\/\"]}]},{\"@type\":\"ImageObject\",\"inLanguage\":\"es\",\"@id\":\"https:\/\/xenonkungen.com\/produkt\/lazer-faste-for-mittmontering-linear-rostfritt-stal\/#primaryimage\",\"url\":\"https:\/\/xenonkungen.com\/wp-content\/uploads\/2025\/04\/1124k_centre_mount_linear_.jpg\",\"contentUrl\":\"https:\/\/xenonkungen.com\/wp-content\/uploads\/2025\/04\/1124k_centre_mount_linear_.jpg\",\"width\":1000,\"height\":750},{\"@type\":\"BreadcrumbList\",\"@id\":\"https:\/\/xenonkungen.com\/produkt\/lazer-faste-for-mittmontering-linear-rostfritt-stal\/#breadcrumb\",\"itemListElement\":[{\"@type\":\"ListItem\",\"position\":1,\"name\":\"Hem\",\"item\":\"https:\/\/xenonkungen.com\/\"},{\"@type\":\"ListItem\",\"position\":2,\"name\":\"Shop\",\"item\":\"https:\/\/xenonkungen.com\/shop\/\"},{\"@type\":\"ListItem\",\"position\":3,\"name\":\"Lazer f\u00e4ste f\u00f6r mittmontering Linear (Rostfritt st\u00e5l)\"}]},{\"@type\":\"WebSite\",\"@id\":\"https:\/\/xenonkungen.com\/#website\",\"url\":\"https:\/\/xenonkungen.com\/\",\"name\":\"Xenonkungen\",\"description\":\"\",\"potentialAction\":[{\"@type\":\"SearchAction\",\"target\":{\"@type\":\"EntryPoint\",\"urlTemplate\":\"https:\/\/xenonkungen.com\/?s={search_term_string}\"},\"query-input\":{\"@type\":\"PropertyValueSpecification\",\"valueRequired\":true,\"valueName\":\"search_term_string\"}}],\"inLanguage\":\"es\"}]}<\/script>\n<!-- \/ Yoast SEO plugin. -->","yoast_head_json":{"title":"Soporte l\u00e1ser para montaje central lineal (acero inoxidable) - Xenonkungen","robots":{"index":"index","follow":"follow","max-snippet":"max-snippet:-1","max-image-preview":"max-image-preview:large","max-video-preview":"max-video-preview:-1"},"canonical":"https:\/\/xenonkungen.com\/es\/producto\/laser-fijo-para-montaje-central-lineal-de-acero-inoxidable\/","og_locale":"es_ES","og_type":"article","og_title":"Lazer f\u00e4ste f\u00f6r mittmontering Linear (Rostfritt st\u00e5l) - Xenonkungen","og_description":"Centermonteringskit f\u00f6r anv\u00e4ndning med alla Linear-lampor. H\u00e5rdvara i A2-rostfritt st\u00e5l ing\u00e5r Anv\u00e4nder PA66 GF30-material (glasfylld nylon) Endast l\u00e4mplig f\u00f6r Linear-lampor Fullt justerbar \u2013 monteringsriktningen kan v\u00e4ndas i 180 grader Anti-rotationsfunktion Paketinneh\u00e5ll: 1x Centre Mounting Bracket Fixtures","og_url":"https:\/\/xenonkungen.com\/es\/producto\/laser-fijo-para-montaje-central-lineal-de-acero-inoxidable\/","og_site_name":"Xenonkungen","article_modified_time":"2026-04-26T12:32:04+00:00","og_image":[{"width":1000,"height":750,"url":"https:\/\/xenonkungen.com\/wp-content\/uploads\/2025\/04\/1124k_centre_mount_linear_.jpg","type":"image\/jpeg"}],"twitter_card":"summary_large_image","schema":{"@context":"https:\/\/schema.org","@graph":[{"@type":"WebPage","@id":"https:\/\/xenonkungen.com\/produkt\/lazer-faste-for-mittmontering-linear-rostfritt-stal\/","url":"https:\/\/xenonkungen.com\/produkt\/lazer-faste-for-mittmontering-linear-rostfritt-stal\/","name":"Soporte l\u00e1ser para montaje central lineal (acero inoxidable) - Xenonkungen","isPartOf":{"@id":"https:\/\/xenonkungen.com\/#website"},"primaryImageOfPage":{"@id":"https:\/\/xenonkungen.com\/produkt\/lazer-faste-for-mittmontering-linear-rostfritt-stal\/#primaryimage"},"image":{"@id":"https:\/\/xenonkungen.com\/produkt\/lazer-faste-for-mittmontering-linear-rostfritt-stal\/#primaryimage"},"thumbnailUrl":"https:\/\/xenonkungen.com\/wp-content\/uploads\/2025\/04\/1124k_centre_mount_linear_.jpg","datePublished":"2025-04-15T09:44:53+00:00","dateModified":"2026-04-26T12:32:04+00:00","breadcrumb":{"@id":"https:\/\/xenonkungen.com\/produkt\/lazer-faste-for-mittmontering-linear-rostfritt-stal\/#breadcrumb"},"inLanguage":"es","potentialAction":[{"@type":"ReadAction","target":["https:\/\/xenonkungen.com\/produkt\/lazer-faste-for-mittmontering-linear-rostfritt-stal\/"]}]},{"@type":"ImageObject","inLanguage":"es","@id":"https:\/\/xenonkungen.com\/produkt\/lazer-faste-for-mittmontering-linear-rostfritt-stal\/#primaryimage","url":"https:\/\/xenonkungen.com\/wp-content\/uploads\/2025\/04\/1124k_centre_mount_linear_.jpg","contentUrl":"https:\/\/xenonkungen.com\/wp-content\/uploads\/2025\/04\/1124k_centre_mount_linear_.jpg","width":1000,"height":750},{"@type":"BreadcrumbList","@id":"https:\/\/xenonkungen.com\/produkt\/lazer-faste-for-mittmontering-linear-rostfritt-stal\/#breadcrumb","itemListElement":[{"@type":"ListItem","position":1,"name":"Hem","item":"https:\/\/xenonkungen.com\/"},{"@type":"ListItem","position":2,"name":"Shop","item":"https:\/\/xenonkungen.com\/shop\/"},{"@type":"ListItem","position":3,"name":"Lazer f\u00e4ste f\u00f6r mittmontering Linear (Rostfritt st\u00e5l)"}]},{"@type":"WebSite","@id":"https:\/\/xenonkungen.com\/#website","url":"https:\/\/xenonkungen.com\/","name":"Xenonkungen","description":"","potentialAction":[{"@type":"SearchAction","target":{"@type":"EntryPoint","urlTemplate":"https:\/\/xenonkungen.com\/?s={search_term_string}"},"query-input":{"@type":"PropertyValueSpecification","valueRequired":true,"valueName":"search_term_string"}}],"inLanguage":"es"}]}},"taxonomy_info":{"product_brand":[{"value":1124,"label":"Lazer"}],"product_cat":[{"value":2971,"label":"F\u00e4ste till ledramp"},{"value":2828,"label":"Installation LED-ramper"},{"value":390,"label":"Installation"}],"product_tag":[{"value":2735,"label":"Lazer"}]},"featured_image_src_large":["https:\/\/xenonkungen.com\/wp-content\/uploads\/2025\/04\/1124k_centre_mount_linear_.jpg",1000,750,false],"author_info":[],"comment_info":0,"_links":{"self":[{"href":"https:\/\/xenonkungen.com\/es\/wp-json\/wp\/v2\/product\/6288","targetHints":{"allow":["GET"]}}],"collection":[{"href":"https:\/\/xenonkungen.com\/es\/wp-json\/wp\/v2\/product"}],"about":[{"href":"https:\/\/xenonkungen.com\/es\/wp-json\/wp\/v2\/types\/product"}],"replies":[{"embeddable":true,"href":"https:\/\/xenonkungen.com\/es\/wp-json\/wp\/v2\/comments?post=6288"}],"wp:featuredmedia":[{"embeddable":true,"href":"https:\/\/xenonkungen.com\/es\/wp-json\/wp\/v2\/media\/6289"}],"wp:attachment":[{"href":"https:\/\/xenonkungen.com\/es\/wp-json\/wp\/v2\/media?parent=6288"}],"wp:term":[{"taxonomy":"anvandningsomrade","embeddable":true,"href":"https:\/\/xenonkungen.com\/es\/wp-json\/wp\/v2\/anvandningsomrade?post=6288"},{"taxonomy":"bilmarken","embeddable":true,"href":"https:\/\/xenonkungen.com\/es\/wp-json\/wp\/v2\/bilmarken?post=6288"},{"taxonomy":"product_brand","embeddable":true,"href":"https:\/\/xenonkungen.com\/es\/wp-json\/wp\/v2\/product_brand?post=6288"},{"taxonomy":"product_cat","embeddable":true,"href":"https:\/\/xenonkungen.com\/es\/wp-json\/wp\/v2\/product_cat?post=6288"},{"taxonomy":"product_tag","embeddable":true,"href":"https:\/\/xenonkungen.com\/es\/wp-json\/wp\/v2\/product_tag?post=6288"}],"curies":[{"name":"wp","href":"https:\/\/api.w.org\/{rel}","templated":true}]}}