{"id":6343,"date":"2025-04-15T09:45:37","date_gmt":"2025-04-15T09:45:37","guid":{"rendered":"https:\/\/xenonkungen.com\/product\/lazer-linear-18-elite-led-ramp-532mm\/"},"modified":"2026-04-24T17:29:02","modified_gmt":"2026-04-24T16:29:02","slug":"rampa-led-lazer-linear-18-elite-de-532-mm","status":"publish","type":"product","link":"https:\/\/xenonkungen.com\/es\/producto\/rampa-led-lazer-linear-18-elite-de-532-mm\/","title":{"rendered":"Lazer Linear-18 Elite led rampa | 532mm"},"content":{"rendered":"<h1>Barra de luces auxiliares lineales Lazer: iluminaci\u00f3n de alto rendimiento para todo tipo de carreteras<\/h1>\n<p>Linear es la gama premium de barras de luces auxiliares de Lazer para uso diario, disponible en versiones Est\u00e1ndar y Elite. Combinando el mejor rendimiento lum\u00ednico con un dise\u00f1o delgado y aerodin\u00e1mico, la gama Linear ofrece una soluci\u00f3n de iluminaci\u00f3n \u00f3ptima para cualquier carretera.<\/p>\n<h2>Dise\u00f1o e instalaci\u00f3n<\/h2>\n<p>La rampa Linear Elite est\u00e1 disponible en tres longitudes, de 232 a 532 mm, y mide tan solo 40 mm de alto y 62 mm de profundidad, lo que la hace ideal para su montaje incluso en espacios reducidos. Cada rampa est\u00e1 equipada con dos filas de LED de 3 W de alta calidad, ubicados detr\u00e1s de una lente de policarbonato irrompible. La lente tambi\u00e9n cuenta con un tratamiento superficial que repele eficazmente la nieve y la suciedad, evitando as\u00ed la disminuci\u00f3n de la intensidad lum\u00ednica.<\/p>\n<h2>Rendimiento y flujo luminoso<\/h2>\n<p>La barra de luz lineal est\u00e1 equipada con una serie de l\u00e1mparas LED de 3 W de alta calidad que proporcionan un flujo luminoso de 12\u00a0150 lm, con funci\u00f3n de luz de carretera y una temperatura de color de 5000 K. La barra de luz tiene un rango de voltaje de 10 a 32 V CC y una vida \u00fatil de 50\u00a0000 horas. El consumo de energ\u00eda efectivo es de 126 vatios, con una corriente de 8,8 amperios a 14,4 V.<\/p>\n<p>Con la barra de luces auxiliares Linear de Lazer, obtendr\u00e1 una soluci\u00f3n de iluminaci\u00f3n fiable y duradera para su coche. Gracias a su garant\u00eda de funcionamiento de 5 a\u00f1os, puede estar seguro de que su barra le ofrecer\u00e1 un rendimiento \u00f3ptimo durante mucho tiempo.<\/p>\n<p><em>Nota: El flujo luminoso y el rendimiento pueden variar seg\u00fan las condiciones de uso espec\u00edficas.<\/em><\/p>","protected":false},"excerpt":{"rendered":"<p>Lazer Linear Extraljusramp &#8211; Toppresterande Belysning f\u00f6r Alla V\u00e4gar Linear \u00e4r Lazers premiumserie av extraljusrampar f\u00f6r dagligt bruk, tillg\u00e4ngliga i b\u00e5de Standard- och Elite-versioner. Med en kombination av b\u00e4sta ljusprestanda och en smal, aerodynamisk design, erbjuder Linear-serien en optimal belysningsl\u00f6sning f\u00f6r alla v\u00e4gar. Design och Installation Linear Elite finns i tre l\u00e4ngder mellan 232 och [&hellip;]<\/p>","protected":false},"featured_media":6344,"comment_status":"closed","ping_status":"closed","template":"","meta":{"_acf_changed":false,"_smort_price_nok":"8865","_smort_price_dkk":"5632","_smort_price_eur":"754.51","_smort_sale_price_nok":"","_smort_sale_price_dkk":"","_smort_sale_price_eur":"","smort_restorder":"","shipmondo_restorder":"","_kad_blocks_custom_css":"","_kad_blocks_head_custom_js":"","_kad_blocks_body_custom_js":"","_kad_blocks_footer_custom_js":"","smort_custom_pricelist_1":"5312","smort_custom_pricelist_2":"5312","smort_custom_pricelist_3":"5312","smort_custom_pricelist_4":"6640","smort_custom_pricelist_5":"5312"},"anvandningsomrade":[],"bilmarken":[],"product_brand":[1124],"product_cat":[2561,2966,2539,2166],"product_tag":[2735],"class_list":{"0":"post-6343","1":"product","2":"type-product","3":"status-publish","4":"has-post-thumbnail","6":"product_brand-lazer","7":"product_cat-lazer","8":"product_cat-ledramp-rak","9":"product_cat-ledramper","10":"product_cat-lazer-linear","11":"product_tag-lazer","12":"pa_fargtemperatur-5000k","13":"pa_fuktskydd-varde-ipxx-ip68","14":"pa_godkannande-e-godkand-ece-r112","15":"pa_lampsockel-kontakt-superseal","16":"pa_led-chips-effekt-w-1141","17":"pa_storlek-mm-532x40x62","18":"pa_stromforbrukning-9a144v","19":"pa_volt-v-multivolt-10-12-16-18-24-28-30-32","21":"first","22":"onbackorder","23":"taxable","24":"shipping-taxable","25":"purchasable","26":"product-type-simple"},"bundled_by":[],"bundle_stock_status":"onbackorder","bundle_stock_quantity":0,"bundle_virtual":false,"bundle_layout":"","bundle_add_to_cart_form_location":"","bundle_editable_in_cart":false,"bundle_sold_individually_context":"","bundle_item_grouping":"","bundle_min_size":"","bundle_max_size":"","bundle_price":[],"bundled_items":[],"bundle_sell_ids":[],"acf":[],"yoast_head":"<!-- This site is optimized with the Yoast SEO plugin v27.0 - https:\/\/yoast.com\/product\/yoast-seo-wordpress\/ -->\n<title>Lazer Linear-18 Elite led-ramp | 532mm - Xenonkungen<\/title>\n<meta name=\"robots\" content=\"index, follow, max-snippet:-1, max-image-preview:large, max-video-preview:-1\" \/>\n<link rel=\"canonical\" href=\"https:\/\/xenonkungen.com\/es\/producto\/rampa-led-lazer-linear-18-elite-de-532-mm\/\" \/>\n<meta property=\"og:locale\" content=\"es_ES\" \/>\n<meta property=\"og:type\" content=\"article\" \/>\n<meta property=\"og:title\" content=\"Lazer Linear-18 Elite led-ramp | 532mm - Xenonkungen\" \/>\n<meta property=\"og:description\" content=\"Lazer Linear Extraljusramp &#8211; Toppresterande Belysning f\u00f6r Alla V\u00e4gar Linear \u00e4r Lazers premiumserie av extraljusrampar f\u00f6r dagligt bruk, tillg\u00e4ngliga i b\u00e5de Standard- och Elite-versioner. Med en kombination av b\u00e4sta ljusprestanda och en smal, aerodynamisk design, erbjuder Linear-serien en optimal belysningsl\u00f6sning f\u00f6r alla v\u00e4gar. Design och Installation Linear Elite finns i tre l\u00e4ngder mellan 232 och [&hellip;]\" \/>\n<meta property=\"og:url\" content=\"https:\/\/xenonkungen.com\/es\/producto\/rampa-led-lazer-linear-18-elite-de-532-mm\/\" \/>\n<meta property=\"og:site_name\" content=\"Xenonkungen\" \/>\n<meta property=\"article:modified_time\" content=\"2026-04-24T16:29:02+00:00\" \/>\n<meta property=\"og:image\" content=\"https:\/\/xenonkungen.com\/wp-content\/uploads\/2025\/04\/188148721-origpic-9041e6.jpg\" \/>\n\t<meta property=\"og:image:width\" content=\"1000\" \/>\n\t<meta property=\"og:image:height\" content=\"750\" \/>\n\t<meta property=\"og:image:type\" content=\"image\/jpeg\" \/>\n<meta name=\"twitter:card\" content=\"summary_large_image\" \/>\n<meta name=\"twitter:label1\" content=\"Tiempo de lectura\" \/>\n\t<meta name=\"twitter:data1\" content=\"2 minutos\" \/>\n<script type=\"application\/ld+json\" class=\"yoast-schema-graph\">{\"@context\":\"https:\/\/schema.org\",\"@graph\":[{\"@type\":\"WebPage\",\"@id\":\"https:\/\/xenonkungen.com\/de\/produkt\/lazer-linear-18-elite-led-rampe-532-mm\/\",\"url\":\"https:\/\/xenonkungen.com\/de\/produkt\/lazer-linear-18-elite-led-rampe-532-mm\/\",\"name\":\"Lazer Linear-18 Elite led-ramp | 532mm - Xenonkungen\",\"isPartOf\":{\"@id\":\"https:\/\/xenonkungen.com\/#website\"},\"primaryImageOfPage\":{\"@id\":\"https:\/\/xenonkungen.com\/de\/produkt\/lazer-linear-18-elite-led-rampe-532-mm\/#primaryimage\"},\"image\":{\"@id\":\"https:\/\/xenonkungen.com\/de\/produkt\/lazer-linear-18-elite-led-rampe-532-mm\/#primaryimage\"},\"thumbnailUrl\":\"https:\/\/xenonkungen.com\/wp-content\/uploads\/2025\/04\/188148721-origpic-9041e6.jpg\",\"datePublished\":\"2025-04-15T09:45:37+00:00\",\"dateModified\":\"2026-04-24T16:29:02+00:00\",\"breadcrumb\":{\"@id\":\"https:\/\/xenonkungen.com\/de\/produkt\/lazer-linear-18-elite-led-rampe-532-mm\/#breadcrumb\"},\"inLanguage\":\"es\",\"potentialAction\":[{\"@type\":\"ReadAction\",\"target\":[\"https:\/\/xenonkungen.com\/de\/produkt\/lazer-linear-18-elite-led-rampe-532-mm\/\"]}]},{\"@type\":\"ImageObject\",\"inLanguage\":\"es\",\"@id\":\"https:\/\/xenonkungen.com\/de\/produkt\/lazer-linear-18-elite-led-rampe-532-mm\/#primaryimage\",\"url\":\"https:\/\/xenonkungen.com\/wp-content\/uploads\/2025\/04\/188148721-origpic-9041e6.jpg\",\"contentUrl\":\"https:\/\/xenonkungen.com\/wp-content\/uploads\/2025\/04\/188148721-origpic-9041e6.jpg\",\"width\":1000,\"height\":750},{\"@type\":\"BreadcrumbList\",\"@id\":\"https:\/\/xenonkungen.com\/de\/produkt\/lazer-linear-18-elite-led-rampe-532-mm\/#breadcrumb\",\"itemListElement\":[{\"@type\":\"ListItem\",\"position\":1,\"name\":\"Hem\",\"item\":\"https:\/\/xenonkungen.com\/\"},{\"@type\":\"ListItem\",\"position\":2,\"name\":\"Shop\",\"item\":\"https:\/\/xenonkungen.com\/shop\/\"},{\"@type\":\"ListItem\",\"position\":3,\"name\":\"Lazer Linear-18 Elite led-ramp | 532mm\"}]},{\"@type\":\"WebSite\",\"@id\":\"https:\/\/xenonkungen.com\/#website\",\"url\":\"https:\/\/xenonkungen.com\/\",\"name\":\"Xenonkungen\",\"description\":\"\",\"potentialAction\":[{\"@type\":\"SearchAction\",\"target\":{\"@type\":\"EntryPoint\",\"urlTemplate\":\"https:\/\/xenonkungen.com\/?s={search_term_string}\"},\"query-input\":{\"@type\":\"PropertyValueSpecification\",\"valueRequired\":true,\"valueName\":\"search_term_string\"}}],\"inLanguage\":\"es\"}]}<\/script>\n<!-- \/ Yoast SEO plugin. -->","yoast_head_json":{"title":"Rampa LED Lazer Linear-18 Elite | 532 mm - El rey del xen\u00f3n","robots":{"index":"index","follow":"follow","max-snippet":"max-snippet:-1","max-image-preview":"max-image-preview:large","max-video-preview":"max-video-preview:-1"},"canonical":"https:\/\/xenonkungen.com\/es\/producto\/rampa-led-lazer-linear-18-elite-de-532-mm\/","og_locale":"es_ES","og_type":"article","og_title":"Lazer Linear-18 Elite led-ramp | 532mm - Xenonkungen","og_description":"Lazer Linear Extraljusramp &#8211; Toppresterande Belysning f\u00f6r Alla V\u00e4gar Linear \u00e4r Lazers premiumserie av extraljusrampar f\u00f6r dagligt bruk, tillg\u00e4ngliga i b\u00e5de Standard- och Elite-versioner. Med en kombination av b\u00e4sta ljusprestanda och en smal, aerodynamisk design, erbjuder Linear-serien en optimal belysningsl\u00f6sning f\u00f6r alla v\u00e4gar. Design och Installation Linear Elite finns i tre l\u00e4ngder mellan 232 och [&hellip;]","og_url":"https:\/\/xenonkungen.com\/es\/producto\/rampa-led-lazer-linear-18-elite-de-532-mm\/","og_site_name":"Xenonkungen","article_modified_time":"2026-04-24T16:29:02+00:00","og_image":[{"width":1000,"height":750,"url":"https:\/\/xenonkungen.com\/wp-content\/uploads\/2025\/04\/188148721-origpic-9041e6.jpg","type":"image\/jpeg"}],"twitter_card":"summary_large_image","twitter_misc":{"Tiempo de lectura":"2 minutos"},"schema":{"@context":"https:\/\/schema.org","@graph":[{"@type":"WebPage","@id":"https:\/\/xenonkungen.com\/de\/produkt\/lazer-linear-18-elite-led-rampe-532-mm\/","url":"https:\/\/xenonkungen.com\/de\/produkt\/lazer-linear-18-elite-led-rampe-532-mm\/","name":"Rampa LED Lazer Linear-18 Elite | 532 mm - El rey del xen\u00f3n","isPartOf":{"@id":"https:\/\/xenonkungen.com\/#website"},"primaryImageOfPage":{"@id":"https:\/\/xenonkungen.com\/de\/produkt\/lazer-linear-18-elite-led-rampe-532-mm\/#primaryimage"},"image":{"@id":"https:\/\/xenonkungen.com\/de\/produkt\/lazer-linear-18-elite-led-rampe-532-mm\/#primaryimage"},"thumbnailUrl":"https:\/\/xenonkungen.com\/wp-content\/uploads\/2025\/04\/188148721-origpic-9041e6.jpg","datePublished":"2025-04-15T09:45:37+00:00","dateModified":"2026-04-24T16:29:02+00:00","breadcrumb":{"@id":"https:\/\/xenonkungen.com\/de\/produkt\/lazer-linear-18-elite-led-rampe-532-mm\/#breadcrumb"},"inLanguage":"es","potentialAction":[{"@type":"ReadAction","target":["https:\/\/xenonkungen.com\/de\/produkt\/lazer-linear-18-elite-led-rampe-532-mm\/"]}]},{"@type":"ImageObject","inLanguage":"es","@id":"https:\/\/xenonkungen.com\/de\/produkt\/lazer-linear-18-elite-led-rampe-532-mm\/#primaryimage","url":"https:\/\/xenonkungen.com\/wp-content\/uploads\/2025\/04\/188148721-origpic-9041e6.jpg","contentUrl":"https:\/\/xenonkungen.com\/wp-content\/uploads\/2025\/04\/188148721-origpic-9041e6.jpg","width":1000,"height":750},{"@type":"BreadcrumbList","@id":"https:\/\/xenonkungen.com\/de\/produkt\/lazer-linear-18-elite-led-rampe-532-mm\/#breadcrumb","itemListElement":[{"@type":"ListItem","position":1,"name":"Hem","item":"https:\/\/xenonkungen.com\/"},{"@type":"ListItem","position":2,"name":"Shop","item":"https:\/\/xenonkungen.com\/shop\/"},{"@type":"ListItem","position":3,"name":"Lazer Linear-18 Elite led-ramp | 532mm"}]},{"@type":"WebSite","@id":"https:\/\/xenonkungen.com\/#website","url":"https:\/\/xenonkungen.com\/","name":"Xenonkungen","description":"","potentialAction":[{"@type":"SearchAction","target":{"@type":"EntryPoint","urlTemplate":"https:\/\/xenonkungen.com\/?s={search_term_string}"},"query-input":{"@type":"PropertyValueSpecification","valueRequired":true,"valueName":"search_term_string"}}],"inLanguage":"es"}]}},"taxonomy_info":{"product_brand":[{"value":1124,"label":"Lazer"}],"product_cat":[{"value":2561,"label":"Lazer"},{"value":2966,"label":"Ledramp Rak"},{"value":2539,"label":"LEDRAMPER"},{"value":2166,"label":"LAZER LINEAR"}],"product_tag":[{"value":2735,"label":"Lazer"}],"pa_fargtemperatur":[{"value":154,"label":"5000K"}],"pa_fuktskydd-varde-ipxx":[{"value":177,"label":"IP68"}],"pa_godkannande":[{"value":1709,"label":"E-godk\u00e4nd, ECE, R112"}],"pa_lampsockel-kontakt":[{"value":1122,"label":"Superseal"}],"pa_led-chips-effekt-w":[{"value":1141,"label":"130"}],"pa_storlek-mm":[{"value":1121,"label":"532x40x62"}],"pa_stromforbrukning":[{"value":1619,"label":"9A@14,4V"}],"pa_volt-v":[{"value":1084,"label":"Multivolt, 10, 12, 16, 18, 24, 28, 30, 32"}]},"featured_image_src_large":["https:\/\/xenonkungen.com\/wp-content\/uploads\/2025\/04\/188148721-origpic-9041e6.jpg",1000,750,false],"author_info":[],"comment_info":0,"_links":{"self":[{"href":"https:\/\/xenonkungen.com\/es\/wp-json\/wp\/v2\/product\/6343","targetHints":{"allow":["GET"]}}],"collection":[{"href":"https:\/\/xenonkungen.com\/es\/wp-json\/wp\/v2\/product"}],"about":[{"href":"https:\/\/xenonkungen.com\/es\/wp-json\/wp\/v2\/types\/product"}],"replies":[{"embeddable":true,"href":"https:\/\/xenonkungen.com\/es\/wp-json\/wp\/v2\/comments?post=6343"}],"wp:featuredmedia":[{"embeddable":true,"href":"https:\/\/xenonkungen.com\/es\/wp-json\/wp\/v2\/media\/6344"}],"wp:attachment":[{"href":"https:\/\/xenonkungen.com\/es\/wp-json\/wp\/v2\/media?parent=6343"}],"wp:term":[{"taxonomy":"anvandningsomrade","embeddable":true,"href":"https:\/\/xenonkungen.com\/es\/wp-json\/wp\/v2\/anvandningsomrade?post=6343"},{"taxonomy":"bilmarken","embeddable":true,"href":"https:\/\/xenonkungen.com\/es\/wp-json\/wp\/v2\/bilmarken?post=6343"},{"taxonomy":"product_brand","embeddable":true,"href":"https:\/\/xenonkungen.com\/es\/wp-json\/wp\/v2\/product_brand?post=6343"},{"taxonomy":"product_cat","embeddable":true,"href":"https:\/\/xenonkungen.com\/es\/wp-json\/wp\/v2\/product_cat?post=6343"},{"taxonomy":"product_tag","embeddable":true,"href":"https:\/\/xenonkungen.com\/es\/wp-json\/wp\/v2\/product_tag?post=6343"}],"curies":[{"name":"wp","href":"https:\/\/api.w.org\/{rel}","templated":true}]}}