{"id":6360,"date":"2025-04-15T09:45:37","date_gmt":"2025-04-15T09:45:37","guid":{"rendered":"https:\/\/xenonkungen.com\/product\/lazer-linear-24-flood-arbetsljus-682mm\/"},"modified":"2026-04-24T17:29:05","modified_gmt":"2026-04-24T16:29:05","slug":"luz-de-trabajo-lazer-linear-24-flood-de-682-mm","status":"publish","type":"product","link":"https:\/\/xenonkungen.com\/es\/producto\/luz-de-trabajo-lazer-linear-24-flood-de-682-mm\/","title":{"rendered":"LAZER LINEAR-24 PROYECTOR | 682MM"},"content":{"rendered":"<h2>Linear-24 Flood: m\u00e1ximo rendimiento en entornos dif\u00edciles<\/h2>\n<p><strong>Potente. Dise\u00f1ado para la industria.<\/strong><br \/>La Linear-24 Flood est\u00e1 dise\u00f1ada para proporcionar una iluminaci\u00f3n excepcional en los entornos de trabajo m\u00e1s exigentes, desde la miner\u00eda y la construcci\u00f3n hasta la silvicultura y la agricultura. Con una impresionante luminosidad de <strong>16 200 l\u00famenes brutos<\/strong> esta barra de luces de trabajo ofrece un rendimiento superior cuando m\u00e1s lo necesitas.<\/p>\n<p>Combinando <strong>El dise\u00f1o probado de la serie Linear Elite<\/strong> con <strong>\u00f3ptica ultrarreflectante metalizada al vac\u00edo<\/strong>Adem\u00e1s de una luz potente, est\u00e1 inteligentemente orientada para ofrecer una visibilidad \u00f3ptima dentro y alrededor de la cabina.<\/p>\n<h3>Instalaci\u00f3n r\u00e1pida y sencilla<\/h3>\n<p>Con un consumo de 168 W, la Linear-24 Flood sustituye f\u00e1cilmente a varias l\u00e1mparas m\u00e1s peque\u00f1as, lo que simplifica la instalaci\u00f3n y minimiza el mantenimiento. Una sola rampa: menos complicaciones, menos fuentes de error.<\/p>\n<h3>Iluminaci\u00f3n en la que puede confiar<\/h3>\n<p>El amplio patr\u00f3n de luz proporciona <strong>zona de trabajo segura y uniformemente iluminada<\/strong> tanto hacia delante como hacia los lados, aumentando tanto la eficacia como la seguridad. La temperatura de color de 5000 K mejora el contraste y los detalles del entorno, sin cansar la vista durante un uso prolongado.<\/p>\n<h3>Construido para durar<\/h3>\n<p>La prueba Linear-24 Flood se realiza de acuerdo con <strong>Norma ISO 9227 de niebla salina (250H)<\/strong> - preparados para funcionar en condiciones clim\u00e1ticas adversas y entornos corrosivos.<\/p>\n<p><strong>Linear-24 Flood: la soluci\u00f3n inteligente para la iluminaci\u00f3n de tareas profesionales.<br \/>M\u00e1xima luminosidad, m\u00ednimo esfuerzo.<br \/><\/strong><\/p>","protected":false},"excerpt":{"rendered":"<p>Linear-24 Flood \u2013 Maximal prestanda f\u00f6r tuffa milj\u00f6er Kraftfull. P\u00e5litlig. Designad f\u00f6r industrin.Linear-24 Flood \u00e4r framtagen f\u00f6r att leverera exceptionell belysning i de mest kr\u00e4vande arbetsmilj\u00f6erna \u2013 fr\u00e5n gruvdrift och entreprenad till skogsbruk och jordbruk. Med en imponerande ljusstyrka p\u00e5 16 200 r\u00e5a lumen erbjuder denna arbetsljusramp \u00f6verl\u00e4gsen prestanda n\u00e4r du beh\u00f6ver den som mest. [&hellip;]<\/p>","protected":false},"featured_media":6361,"comment_status":"closed","ping_status":"open","template":"","meta":{"_acf_changed":false,"_smort_price_nok":"10548","_smort_price_dkk":"6701","_smort_price_eur":"897.69","_smort_sale_price_nok":"","_smort_sale_price_dkk":"","_smort_sale_price_eur":"","smort_restorder":"","shipmondo_restorder":"","_kad_blocks_custom_css":"","_kad_blocks_head_custom_js":"","_kad_blocks_body_custom_js":"","_kad_blocks_footer_custom_js":"","smort_custom_pricelist_1":"6320","smort_custom_pricelist_2":"6320","smort_custom_pricelist_3":"6320","smort_custom_pricelist_4":"7900","smort_custom_pricelist_5":"6320"},"anvandningsomrade":[],"bilmarken":[],"product_brand":[1124],"product_cat":[2551,2966,508,2166],"product_tag":[2735],"class_list":{"0":"post-6360","1":"product","2":"type-product","3":"status-publish","4":"has-post-thumbnail","6":"product_brand-lazer","7":"product_cat-arbetsljusramp-arbetsbelysning","8":"product_cat-ledramp-rak","9":"product_cat-arbetsbelysning","10":"product_cat-lazer-linear","11":"product_tag-lazer","12":"pa_fargtemperatur-5000k","13":"pa_fuktskydd-varde-ipxx-ip68-ip69k","14":"pa_godkannande-e-godkand-ece-r10","15":"pa_lampsockel-kontakt-dt","16":"pa_led-chips-effekt-w-1751","17":"pa_ljusbild-flood","18":"pa_storlek-mm-682x62x40","19":"pa_stromforbrukning-117a144v","20":"pa_volt-v-multivolt-10-12-16-18-24-28-30-32","22":"first","23":"onbackorder","24":"taxable","25":"shipping-taxable","26":"purchasable","27":"product-type-simple"},"bundled_by":[],"bundle_stock_status":"onbackorder","bundle_stock_quantity":0,"bundle_virtual":false,"bundle_layout":"","bundle_add_to_cart_form_location":"","bundle_editable_in_cart":false,"bundle_sold_individually_context":"","bundle_item_grouping":"","bundle_min_size":"","bundle_max_size":"","bundle_price":[],"bundled_items":[],"bundle_sell_ids":[],"acf":[],"yoast_head":"<!-- This site is optimized with the Yoast SEO plugin v27.0 - https:\/\/yoast.com\/product\/yoast-seo-wordpress\/ -->\n<title>LAZER LINEAR-24 FLOOD ARBETSLJUS | 682MM - Xenonkungen<\/title>\n<meta name=\"robots\" content=\"index, follow, max-snippet:-1, max-image-preview:large, max-video-preview:-1\" \/>\n<link rel=\"canonical\" href=\"https:\/\/xenonkungen.com\/es\/producto\/luz-de-trabajo-lazer-linear-24-flood-de-682-mm\/\" \/>\n<meta property=\"og:locale\" content=\"es_ES\" \/>\n<meta property=\"og:type\" content=\"article\" \/>\n<meta property=\"og:title\" content=\"LAZER LINEAR-24 FLOOD ARBETSLJUS | 682MM - Xenonkungen\" \/>\n<meta property=\"og:description\" content=\"Linear-24 Flood \u2013 Maximal prestanda f\u00f6r tuffa milj\u00f6er Kraftfull. P\u00e5litlig. Designad f\u00f6r industrin.Linear-24 Flood \u00e4r framtagen f\u00f6r att leverera exceptionell belysning i de mest kr\u00e4vande arbetsmilj\u00f6erna \u2013 fr\u00e5n gruvdrift och entreprenad till skogsbruk och jordbruk. Med en imponerande ljusstyrka p\u00e5 16 200 r\u00e5a lumen erbjuder denna arbetsljusramp \u00f6verl\u00e4gsen prestanda n\u00e4r du beh\u00f6ver den som mest. [&hellip;]\" \/>\n<meta property=\"og:url\" content=\"https:\/\/xenonkungen.com\/es\/producto\/luz-de-trabajo-lazer-linear-24-flood-de-682-mm\/\" \/>\n<meta property=\"og:site_name\" content=\"Xenonkungen\" \/>\n<meta property=\"article:modified_time\" content=\"2026-04-24T16:29:05+00:00\" \/>\n<meta property=\"og:image\" content=\"https:\/\/xenonkungen.com\/wp-content\/uploads\/2025\/04\/188148727-origpic-6507a2.jpg\" \/>\n\t<meta property=\"og:image:width\" content=\"1000\" \/>\n\t<meta property=\"og:image:height\" content=\"750\" \/>\n\t<meta property=\"og:image:type\" content=\"image\/jpeg\" \/>\n<meta name=\"twitter:card\" content=\"summary_large_image\" \/>\n<meta name=\"twitter:label1\" content=\"Tiempo de lectura\" \/>\n\t<meta name=\"twitter:data1\" content=\"1 minuto\" \/>\n<script type=\"application\/ld+json\" class=\"yoast-schema-graph\">{\"@context\":\"https:\/\/schema.org\",\"@graph\":[{\"@type\":\"WebPage\",\"@id\":\"https:\/\/xenonkungen.com\/dk\/vare\/lazer-linear-24-projektorarbejdslampe-682-mm\/\",\"url\":\"https:\/\/xenonkungen.com\/dk\/vare\/lazer-linear-24-projektorarbejdslampe-682-mm\/\",\"name\":\"LAZER LINEAR-24 FLOOD ARBETSLJUS | 682MM - Xenonkungen\",\"isPartOf\":{\"@id\":\"https:\/\/xenonkungen.com\/#website\"},\"primaryImageOfPage\":{\"@id\":\"https:\/\/xenonkungen.com\/dk\/vare\/lazer-linear-24-projektorarbejdslampe-682-mm\/#primaryimage\"},\"image\":{\"@id\":\"https:\/\/xenonkungen.com\/dk\/vare\/lazer-linear-24-projektorarbejdslampe-682-mm\/#primaryimage\"},\"thumbnailUrl\":\"https:\/\/xenonkungen.com\/wp-content\/uploads\/2025\/04\/188148727-origpic-6507a2.jpg\",\"datePublished\":\"2025-04-15T09:45:37+00:00\",\"dateModified\":\"2026-04-24T16:29:05+00:00\",\"breadcrumb\":{\"@id\":\"https:\/\/xenonkungen.com\/dk\/vare\/lazer-linear-24-projektorarbejdslampe-682-mm\/#breadcrumb\"},\"inLanguage\":\"es\",\"potentialAction\":[{\"@type\":\"ReadAction\",\"target\":[\"https:\/\/xenonkungen.com\/dk\/vare\/lazer-linear-24-projektorarbejdslampe-682-mm\/\"]}]},{\"@type\":\"ImageObject\",\"inLanguage\":\"es\",\"@id\":\"https:\/\/xenonkungen.com\/dk\/vare\/lazer-linear-24-projektorarbejdslampe-682-mm\/#primaryimage\",\"url\":\"https:\/\/xenonkungen.com\/wp-content\/uploads\/2025\/04\/188148727-origpic-6507a2.jpg\",\"contentUrl\":\"https:\/\/xenonkungen.com\/wp-content\/uploads\/2025\/04\/188148727-origpic-6507a2.jpg\",\"width\":1000,\"height\":750},{\"@type\":\"BreadcrumbList\",\"@id\":\"https:\/\/xenonkungen.com\/dk\/vare\/lazer-linear-24-projektorarbejdslampe-682-mm\/#breadcrumb\",\"itemListElement\":[{\"@type\":\"ListItem\",\"position\":1,\"name\":\"Hem\",\"item\":\"https:\/\/xenonkungen.com\/\"},{\"@type\":\"ListItem\",\"position\":2,\"name\":\"Shop\",\"item\":\"https:\/\/xenonkungen.com\/shop\/\"},{\"@type\":\"ListItem\",\"position\":3,\"name\":\"LAZER LINEAR-24 FLOOD ARBETSLJUS | 682MM\"}]},{\"@type\":\"WebSite\",\"@id\":\"https:\/\/xenonkungen.com\/#website\",\"url\":\"https:\/\/xenonkungen.com\/\",\"name\":\"Xenonkungen\",\"description\":\"\",\"potentialAction\":[{\"@type\":\"SearchAction\",\"target\":{\"@type\":\"EntryPoint\",\"urlTemplate\":\"https:\/\/xenonkungen.com\/?s={search_term_string}\"},\"query-input\":{\"@type\":\"PropertyValueSpecification\",\"valueRequired\":true,\"valueName\":\"search_term_string\"}}],\"inLanguage\":\"es\"}]}<\/script>\n<!-- \/ Yoast SEO plugin. -->","yoast_head_json":{"title":"Foco de trabajo LAZER LINEAR-24 | 682 mm - Xen\u00f3n","robots":{"index":"index","follow":"follow","max-snippet":"max-snippet:-1","max-image-preview":"max-image-preview:large","max-video-preview":"max-video-preview:-1"},"canonical":"https:\/\/xenonkungen.com\/es\/producto\/luz-de-trabajo-lazer-linear-24-flood-de-682-mm\/","og_locale":"es_ES","og_type":"article","og_title":"LAZER LINEAR-24 FLOOD ARBETSLJUS | 682MM - Xenonkungen","og_description":"Linear-24 Flood \u2013 Maximal prestanda f\u00f6r tuffa milj\u00f6er Kraftfull. P\u00e5litlig. Designad f\u00f6r industrin.Linear-24 Flood \u00e4r framtagen f\u00f6r att leverera exceptionell belysning i de mest kr\u00e4vande arbetsmilj\u00f6erna \u2013 fr\u00e5n gruvdrift och entreprenad till skogsbruk och jordbruk. Med en imponerande ljusstyrka p\u00e5 16 200 r\u00e5a lumen erbjuder denna arbetsljusramp \u00f6verl\u00e4gsen prestanda n\u00e4r du beh\u00f6ver den som mest. [&hellip;]","og_url":"https:\/\/xenonkungen.com\/es\/producto\/luz-de-trabajo-lazer-linear-24-flood-de-682-mm\/","og_site_name":"Xenonkungen","article_modified_time":"2026-04-24T16:29:05+00:00","og_image":[{"width":1000,"height":750,"url":"https:\/\/xenonkungen.com\/wp-content\/uploads\/2025\/04\/188148727-origpic-6507a2.jpg","type":"image\/jpeg"}],"twitter_card":"summary_large_image","twitter_misc":{"Tiempo de lectura":"1 minuto"},"schema":{"@context":"https:\/\/schema.org","@graph":[{"@type":"WebPage","@id":"https:\/\/xenonkungen.com\/dk\/vare\/lazer-linear-24-projektorarbejdslampe-682-mm\/","url":"https:\/\/xenonkungen.com\/dk\/vare\/lazer-linear-24-projektorarbejdslampe-682-mm\/","name":"Foco de trabajo LAZER LINEAR-24 | 682 mm - Xen\u00f3n","isPartOf":{"@id":"https:\/\/xenonkungen.com\/#website"},"primaryImageOfPage":{"@id":"https:\/\/xenonkungen.com\/dk\/vare\/lazer-linear-24-projektorarbejdslampe-682-mm\/#primaryimage"},"image":{"@id":"https:\/\/xenonkungen.com\/dk\/vare\/lazer-linear-24-projektorarbejdslampe-682-mm\/#primaryimage"},"thumbnailUrl":"https:\/\/xenonkungen.com\/wp-content\/uploads\/2025\/04\/188148727-origpic-6507a2.jpg","datePublished":"2025-04-15T09:45:37+00:00","dateModified":"2026-04-24T16:29:05+00:00","breadcrumb":{"@id":"https:\/\/xenonkungen.com\/dk\/vare\/lazer-linear-24-projektorarbejdslampe-682-mm\/#breadcrumb"},"inLanguage":"es","potentialAction":[{"@type":"ReadAction","target":["https:\/\/xenonkungen.com\/dk\/vare\/lazer-linear-24-projektorarbejdslampe-682-mm\/"]}]},{"@type":"ImageObject","inLanguage":"es","@id":"https:\/\/xenonkungen.com\/dk\/vare\/lazer-linear-24-projektorarbejdslampe-682-mm\/#primaryimage","url":"https:\/\/xenonkungen.com\/wp-content\/uploads\/2025\/04\/188148727-origpic-6507a2.jpg","contentUrl":"https:\/\/xenonkungen.com\/wp-content\/uploads\/2025\/04\/188148727-origpic-6507a2.jpg","width":1000,"height":750},{"@type":"BreadcrumbList","@id":"https:\/\/xenonkungen.com\/dk\/vare\/lazer-linear-24-projektorarbejdslampe-682-mm\/#breadcrumb","itemListElement":[{"@type":"ListItem","position":1,"name":"Hem","item":"https:\/\/xenonkungen.com\/"},{"@type":"ListItem","position":2,"name":"Shop","item":"https:\/\/xenonkungen.com\/shop\/"},{"@type":"ListItem","position":3,"name":"LAZER LINEAR-24 FLOOD ARBETSLJUS | 682MM"}]},{"@type":"WebSite","@id":"https:\/\/xenonkungen.com\/#website","url":"https:\/\/xenonkungen.com\/","name":"Xenonkungen","description":"","potentialAction":[{"@type":"SearchAction","target":{"@type":"EntryPoint","urlTemplate":"https:\/\/xenonkungen.com\/?s={search_term_string}"},"query-input":{"@type":"PropertyValueSpecification","valueRequired":true,"valueName":"search_term_string"}}],"inLanguage":"es"}]}},"taxonomy_info":{"product_brand":[{"value":1124,"label":"Lazer"}],"product_cat":[{"value":2551,"label":"Arbetsljusramp"},{"value":2966,"label":"Ledramp Rak"},{"value":508,"label":"Arbetsbelysning"},{"value":2166,"label":"LAZER LINEAR"}],"product_tag":[{"value":2735,"label":"Lazer"}],"pa_fargtemperatur":[{"value":154,"label":"5000K"}],"pa_fuktskydd-varde-ipxx":[{"value":402,"label":"IP68. IP69K"}],"pa_godkannande":[{"value":900,"label":"E-Godk\u00e4nd, ECE, R10"}],"pa_lampsockel-kontakt":[{"value":329,"label":"DT"}],"pa_led-chips-effekt-w":[{"value":1751,"label":"168"}],"pa_ljusbild":[{"value":503,"label":"FLOOD"}],"pa_storlek-mm":[{"value":1750,"label":"682x62x40"}],"pa_stromforbrukning":[{"value":1752,"label":"11,7A@14,4V"}],"pa_volt-v":[{"value":1084,"label":"Multivolt, 10, 12, 16, 18, 24, 28, 30, 32"}]},"featured_image_src_large":["https:\/\/xenonkungen.com\/wp-content\/uploads\/2025\/04\/188148727-origpic-6507a2.jpg",1000,750,false],"author_info":[],"comment_info":0,"_links":{"self":[{"href":"https:\/\/xenonkungen.com\/es\/wp-json\/wp\/v2\/product\/6360","targetHints":{"allow":["GET"]}}],"collection":[{"href":"https:\/\/xenonkungen.com\/es\/wp-json\/wp\/v2\/product"}],"about":[{"href":"https:\/\/xenonkungen.com\/es\/wp-json\/wp\/v2\/types\/product"}],"replies":[{"embeddable":true,"href":"https:\/\/xenonkungen.com\/es\/wp-json\/wp\/v2\/comments?post=6360"}],"wp:featuredmedia":[{"embeddable":true,"href":"https:\/\/xenonkungen.com\/es\/wp-json\/wp\/v2\/media\/6361"}],"wp:attachment":[{"href":"https:\/\/xenonkungen.com\/es\/wp-json\/wp\/v2\/media?parent=6360"}],"wp:term":[{"taxonomy":"anvandningsomrade","embeddable":true,"href":"https:\/\/xenonkungen.com\/es\/wp-json\/wp\/v2\/anvandningsomrade?post=6360"},{"taxonomy":"bilmarken","embeddable":true,"href":"https:\/\/xenonkungen.com\/es\/wp-json\/wp\/v2\/bilmarken?post=6360"},{"taxonomy":"product_brand","embeddable":true,"href":"https:\/\/xenonkungen.com\/es\/wp-json\/wp\/v2\/product_brand?post=6360"},{"taxonomy":"product_cat","embeddable":true,"href":"https:\/\/xenonkungen.com\/es\/wp-json\/wp\/v2\/product_cat?post=6360"},{"taxonomy":"product_tag","embeddable":true,"href":"https:\/\/xenonkungen.com\/es\/wp-json\/wp\/v2\/product_tag?post=6360"}],"curies":[{"name":"wp","href":"https:\/\/api.w.org\/{rel}","templated":true}]}}