{"id":6376,"date":"2025-04-15T09:45:37","date_gmt":"2025-04-15T09:45:37","guid":{"rendered":"https:\/\/xenonkungen.com\/product\/lazer-linear-42-std-led-extraljusramp-45-1132-mm\/"},"modified":"2026-04-24T17:29:08","modified_gmt":"2026-04-24T16:29:08","slug":"rampa-de-luz-extra-led-lazer-lineal-42-std-45-mm-1132-mm","status":"publish","type":"product","link":"https:\/\/xenonkungen.com\/es\/producto\/rampa-de-luz-extra-led-lazer-lineal-42-std-45-mm-1132-mm\/","title":{"rendered":"Lazer Linear 42 Std Led rampa extra ligera 45\u2033 (1132 mm)"},"content":{"rendered":"<h1>Linear \u2013 Barras de luz auxiliares de alta calidad para uso diario.<\/h1>\n<p>Descubre la gama premium de barras de luces auxiliares para uso diario de Lazer, Linear, disponible en versiones Est\u00e1ndar y Elite. La gama Linear ofrece el m\u00e1ximo rendimiento lum\u00ednico combinado con un dise\u00f1o delgado y aerodin\u00e1mico. Las barras se instalan f\u00e1cilmente con los soportes de acero inoxidable incluidos y proporcionan una iluminaci\u00f3n excepcional en la carretera.<\/p>\n<p>El modelo Linear Standard est\u00e1 disponible en seis longitudes diferentes, entre 232 y 1282 mm, y tiene una altura de tan solo 40 mm y una profundidad de 62 mm, lo que lo hace ideal para su instalaci\u00f3n incluso en espacios reducidos.<\/p>\n<p>Cada rampa est\u00e1 equipada con una serie de luces LED de 3 W de alta calidad, protegidas por una lente de policarbonato resistente. La lente cuenta con un tratamiento superficial que repele eficazmente la nieve y la suciedad, evitando as\u00ed que afecten la emisi\u00f3n de luz.<\/p>\n<p>La carcasa de aluminio ligera de las l\u00e1mparas, junto con sus dimensiones compactas, minimiza el peso de las rampas. Su dise\u00f1o aerodin\u00e1mico permite que se integren perfectamente en el veh\u00edculo, tanto si se montan en la parte delantera como en el techo.<\/p>\n<p>\u00a1Linear Standard es una rampa en la que puede confiar durante mucho tiempo!<\/p>\n<p>Con una garant\u00eda funcional de 5 a\u00f1os, puede estar seguro de que la barra de luz auxiliar Lazer Linear Standard es fiable y de alto rendimiento, y le proporcionar\u00e1 una iluminaci\u00f3n excepcional durante mucho tiempo.<\/p>","protected":false},"excerpt":{"rendered":"<p>Linear &#8211; Lazers h\u00f6gklassiga extraljusrampar f\u00f6r vardagsbruk Uppt\u00e4ck Lazers h\u00f6gklassiga serie extraljusrampar f\u00f6r vardagsbruk, Linear, tillg\u00e4ngliga i b\u00e5de Standard- och Elite-versioner. Med Linear-serien f\u00e5r du absolut h\u00f6gsta ljusprestanda kombinerat med en smal och aerodynamisk design. Ramparna \u00e4r enkla att installera med de medf\u00f6ljande rostfria st\u00e5lh\u00e5llarna och levererar enast\u00e5ende belysning p\u00e5 v\u00e4garna. Linear Standard finns i [&hellip;]<\/p>","protected":false},"featured_media":6377,"comment_status":"closed","ping_status":"open","template":"","meta":{"_acf_changed":false,"_smort_price_nok":"12444","_smort_price_dkk":"7905","_smort_price_eur":"1059.04","_smort_sale_price_nok":"","_smort_sale_price_dkk":"","_smort_sale_price_eur":"","smort_restorder":"","shipmondo_restorder":"","_kad_blocks_custom_css":"","_kad_blocks_head_custom_js":"","_kad_blocks_body_custom_js":"","_kad_blocks_footer_custom_js":"","smort_custom_pricelist_1":"7456","smort_custom_pricelist_2":"7456","smort_custom_pricelist_3":"7456","smort_custom_pricelist_4":"9320","smort_custom_pricelist_5":"7456"},"anvandningsomrade":[],"bilmarken":[],"product_brand":[1124],"product_cat":[2561,2966,2539,2166],"product_tag":[2735],"class_list":{"0":"post-6376","1":"product","2":"type-product","3":"status-publish","4":"has-post-thumbnail","6":"product_brand-lazer","7":"product_cat-lazer","8":"product_cat-ledramp-rak","9":"product_cat-ledramper","10":"product_cat-lazer-linear","11":"product_tag-lazer","12":"pa_fargtemperatur-5000k","13":"pa_fuktskydd-varde-ipxx-ip67","14":"pa_godkannande-e-godkand-ece-r112","15":"pa_lampsockel-kontakt-superseal","16":"pa_led-chips-effekt-w-1345","17":"pa_storlek-mm-1132x40x62","18":"pa_stromforbrukning-102a144v","19":"pa_volt-v-multivolt-10-12-16-18-24-28-30-32","21":"first","22":"onbackorder","23":"taxable","24":"shipping-taxable","25":"purchasable","26":"product-type-simple"},"bundled_by":[],"bundle_stock_status":"onbackorder","bundle_stock_quantity":0,"bundle_virtual":false,"bundle_layout":"","bundle_add_to_cart_form_location":"","bundle_editable_in_cart":false,"bundle_sold_individually_context":"","bundle_item_grouping":"","bundle_min_size":"","bundle_max_size":"","bundle_price":[],"bundled_items":[],"bundle_sell_ids":[],"acf":[],"yoast_head":"<!-- This site is optimized with the Yoast SEO plugin v27.0 - https:\/\/yoast.com\/product\/yoast-seo-wordpress\/ -->\n<title>Lazer Linear 42 Std Led extraljusramp 45&quot; (1132 mm) - Xenonkungen<\/title>\n<meta name=\"robots\" content=\"index, follow, max-snippet:-1, max-image-preview:large, max-video-preview:-1\" \/>\n<link rel=\"canonical\" href=\"https:\/\/xenonkungen.com\/es\/producto\/rampa-de-luz-extra-led-lazer-lineal-42-std-45-mm-1132-mm\/\" \/>\n<meta property=\"og:locale\" content=\"es_ES\" \/>\n<meta property=\"og:type\" content=\"article\" \/>\n<meta property=\"og:title\" content=\"Lazer Linear 42 Std Led extraljusramp 45&quot; (1132 mm) - Xenonkungen\" \/>\n<meta property=\"og:description\" content=\"Linear &#8211; Lazers h\u00f6gklassiga extraljusrampar f\u00f6r vardagsbruk Uppt\u00e4ck Lazers h\u00f6gklassiga serie extraljusrampar f\u00f6r vardagsbruk, Linear, tillg\u00e4ngliga i b\u00e5de Standard- och Elite-versioner. Med Linear-serien f\u00e5r du absolut h\u00f6gsta ljusprestanda kombinerat med en smal och aerodynamisk design. Ramparna \u00e4r enkla att installera med de medf\u00f6ljande rostfria st\u00e5lh\u00e5llarna och levererar enast\u00e5ende belysning p\u00e5 v\u00e4garna. Linear Standard finns i [&hellip;]\" \/>\n<meta property=\"og:url\" content=\"https:\/\/xenonkungen.com\/es\/producto\/rampa-de-luz-extra-led-lazer-lineal-42-std-45-mm-1132-mm\/\" \/>\n<meta property=\"og:site_name\" content=\"Xenonkungen\" \/>\n<meta property=\"article:modified_time\" content=\"2026-04-24T16:29:08+00:00\" \/>\n<meta property=\"og:image\" content=\"https:\/\/xenonkungen.com\/wp-content\/uploads\/2025\/04\/188148731-origpic-3d36e4.jpg\" \/>\n\t<meta property=\"og:image:width\" content=\"1000\" \/>\n\t<meta property=\"og:image:height\" content=\"750\" \/>\n\t<meta property=\"og:image:type\" content=\"image\/jpeg\" \/>\n<meta name=\"twitter:card\" content=\"summary_large_image\" \/>\n<meta name=\"twitter:label1\" content=\"Tiempo de lectura\" \/>\n\t<meta name=\"twitter:data1\" content=\"1 minuto\" \/>\n<script type=\"application\/ld+json\" class=\"yoast-schema-graph\">{\"@context\":\"https:\/\/schema.org\",\"@graph\":[{\"@type\":\"WebPage\",\"@id\":\"https:\/\/xenonkungen.com\/en\/product\/lazer-linear-42-std-led-extra-light-ramp-45-1132-mm\/\",\"url\":\"https:\/\/xenonkungen.com\/en\/product\/lazer-linear-42-std-led-extra-light-ramp-45-1132-mm\/\",\"name\":\"Lazer Linear 42 Std Led extraljusramp 45\\\" (1132 mm) - Xenonkungen\",\"isPartOf\":{\"@id\":\"https:\/\/xenonkungen.com\/#website\"},\"primaryImageOfPage\":{\"@id\":\"https:\/\/xenonkungen.com\/en\/product\/lazer-linear-42-std-led-extra-light-ramp-45-1132-mm\/#primaryimage\"},\"image\":{\"@id\":\"https:\/\/xenonkungen.com\/en\/product\/lazer-linear-42-std-led-extra-light-ramp-45-1132-mm\/#primaryimage\"},\"thumbnailUrl\":\"https:\/\/xenonkungen.com\/wp-content\/uploads\/2025\/04\/188148731-origpic-3d36e4.jpg\",\"datePublished\":\"2025-04-15T09:45:37+00:00\",\"dateModified\":\"2026-04-24T16:29:08+00:00\",\"breadcrumb\":{\"@id\":\"https:\/\/xenonkungen.com\/en\/product\/lazer-linear-42-std-led-extra-light-ramp-45-1132-mm\/#breadcrumb\"},\"inLanguage\":\"es\",\"potentialAction\":[{\"@type\":\"ReadAction\",\"target\":[\"https:\/\/xenonkungen.com\/en\/product\/lazer-linear-42-std-led-extra-light-ramp-45-1132-mm\/\"]}]},{\"@type\":\"ImageObject\",\"inLanguage\":\"es\",\"@id\":\"https:\/\/xenonkungen.com\/en\/product\/lazer-linear-42-std-led-extra-light-ramp-45-1132-mm\/#primaryimage\",\"url\":\"https:\/\/xenonkungen.com\/wp-content\/uploads\/2025\/04\/188148731-origpic-3d36e4.jpg\",\"contentUrl\":\"https:\/\/xenonkungen.com\/wp-content\/uploads\/2025\/04\/188148731-origpic-3d36e4.jpg\",\"width\":1000,\"height\":750},{\"@type\":\"BreadcrumbList\",\"@id\":\"https:\/\/xenonkungen.com\/en\/product\/lazer-linear-42-std-led-extra-light-ramp-45-1132-mm\/#breadcrumb\",\"itemListElement\":[{\"@type\":\"ListItem\",\"position\":1,\"name\":\"Hem\",\"item\":\"https:\/\/xenonkungen.com\/\"},{\"@type\":\"ListItem\",\"position\":2,\"name\":\"Shop\",\"item\":\"https:\/\/xenonkungen.com\/shop\/\"},{\"@type\":\"ListItem\",\"position\":3,\"name\":\"Lazer Linear 42 Std Led extraljusramp 45&#8243; (1132 mm)\"}]},{\"@type\":\"WebSite\",\"@id\":\"https:\/\/xenonkungen.com\/#website\",\"url\":\"https:\/\/xenonkungen.com\/\",\"name\":\"Xenonkungen\",\"description\":\"\",\"potentialAction\":[{\"@type\":\"SearchAction\",\"target\":{\"@type\":\"EntryPoint\",\"urlTemplate\":\"https:\/\/xenonkungen.com\/?s={search_term_string}\"},\"query-input\":{\"@type\":\"PropertyValueSpecification\",\"valueRequired\":true,\"valueName\":\"search_term_string\"}}],\"inLanguage\":\"es\"}]}<\/script>\n<!-- \/ Yoast SEO plugin. -->","yoast_head_json":{"title":"Rampa de luz adicional Lazer Linear 42 Std Led de 45&quot; (1132 mm) - El Rey del Xen\u00f3n","robots":{"index":"index","follow":"follow","max-snippet":"max-snippet:-1","max-image-preview":"max-image-preview:large","max-video-preview":"max-video-preview:-1"},"canonical":"https:\/\/xenonkungen.com\/es\/producto\/rampa-de-luz-extra-led-lazer-lineal-42-std-45-mm-1132-mm\/","og_locale":"es_ES","og_type":"article","og_title":"Lazer Linear 42 Std Led extraljusramp 45\" (1132 mm) - Xenonkungen","og_description":"Linear &#8211; Lazers h\u00f6gklassiga extraljusrampar f\u00f6r vardagsbruk Uppt\u00e4ck Lazers h\u00f6gklassiga serie extraljusrampar f\u00f6r vardagsbruk, Linear, tillg\u00e4ngliga i b\u00e5de Standard- och Elite-versioner. Med Linear-serien f\u00e5r du absolut h\u00f6gsta ljusprestanda kombinerat med en smal och aerodynamisk design. Ramparna \u00e4r enkla att installera med de medf\u00f6ljande rostfria st\u00e5lh\u00e5llarna och levererar enast\u00e5ende belysning p\u00e5 v\u00e4garna. Linear Standard finns i [&hellip;]","og_url":"https:\/\/xenonkungen.com\/es\/producto\/rampa-de-luz-extra-led-lazer-lineal-42-std-45-mm-1132-mm\/","og_site_name":"Xenonkungen","article_modified_time":"2026-04-24T16:29:08+00:00","og_image":[{"width":1000,"height":750,"url":"https:\/\/xenonkungen.com\/wp-content\/uploads\/2025\/04\/188148731-origpic-3d36e4.jpg","type":"image\/jpeg"}],"twitter_card":"summary_large_image","twitter_misc":{"Tiempo de lectura":"1 minuto"},"schema":{"@context":"https:\/\/schema.org","@graph":[{"@type":"WebPage","@id":"https:\/\/xenonkungen.com\/en\/product\/lazer-linear-42-std-led-extra-light-ramp-45-1132-mm\/","url":"https:\/\/xenonkungen.com\/en\/product\/lazer-linear-42-std-led-extra-light-ramp-45-1132-mm\/","name":"Rampa de luz adicional Lazer Linear 42 Std Led de 45&quot; (1132 mm) - El Rey del Xen\u00f3n","isPartOf":{"@id":"https:\/\/xenonkungen.com\/#website"},"primaryImageOfPage":{"@id":"https:\/\/xenonkungen.com\/en\/product\/lazer-linear-42-std-led-extra-light-ramp-45-1132-mm\/#primaryimage"},"image":{"@id":"https:\/\/xenonkungen.com\/en\/product\/lazer-linear-42-std-led-extra-light-ramp-45-1132-mm\/#primaryimage"},"thumbnailUrl":"https:\/\/xenonkungen.com\/wp-content\/uploads\/2025\/04\/188148731-origpic-3d36e4.jpg","datePublished":"2025-04-15T09:45:37+00:00","dateModified":"2026-04-24T16:29:08+00:00","breadcrumb":{"@id":"https:\/\/xenonkungen.com\/en\/product\/lazer-linear-42-std-led-extra-light-ramp-45-1132-mm\/#breadcrumb"},"inLanguage":"es","potentialAction":[{"@type":"ReadAction","target":["https:\/\/xenonkungen.com\/en\/product\/lazer-linear-42-std-led-extra-light-ramp-45-1132-mm\/"]}]},{"@type":"ImageObject","inLanguage":"es","@id":"https:\/\/xenonkungen.com\/en\/product\/lazer-linear-42-std-led-extra-light-ramp-45-1132-mm\/#primaryimage","url":"https:\/\/xenonkungen.com\/wp-content\/uploads\/2025\/04\/188148731-origpic-3d36e4.jpg","contentUrl":"https:\/\/xenonkungen.com\/wp-content\/uploads\/2025\/04\/188148731-origpic-3d36e4.jpg","width":1000,"height":750},{"@type":"BreadcrumbList","@id":"https:\/\/xenonkungen.com\/en\/product\/lazer-linear-42-std-led-extra-light-ramp-45-1132-mm\/#breadcrumb","itemListElement":[{"@type":"ListItem","position":1,"name":"Hem","item":"https:\/\/xenonkungen.com\/"},{"@type":"ListItem","position":2,"name":"Shop","item":"https:\/\/xenonkungen.com\/shop\/"},{"@type":"ListItem","position":3,"name":"Lazer Linear 42 Std Led extraljusramp 45&#8243; (1132 mm)"}]},{"@type":"WebSite","@id":"https:\/\/xenonkungen.com\/#website","url":"https:\/\/xenonkungen.com\/","name":"Xenonkungen","description":"","potentialAction":[{"@type":"SearchAction","target":{"@type":"EntryPoint","urlTemplate":"https:\/\/xenonkungen.com\/?s={search_term_string}"},"query-input":{"@type":"PropertyValueSpecification","valueRequired":true,"valueName":"search_term_string"}}],"inLanguage":"es"}]}},"taxonomy_info":{"product_brand":[{"value":1124,"label":"Lazer"}],"product_cat":[{"value":2561,"label":"Lazer"},{"value":2966,"label":"Ledramp Rak"},{"value":2539,"label":"LEDRAMPER"},{"value":2166,"label":"LAZER LINEAR"}],"product_tag":[{"value":2735,"label":"Lazer"}],"pa_fargtemperatur":[{"value":154,"label":"5000K"}],"pa_fuktskydd-varde-ipxx":[{"value":333,"label":"IP67"}],"pa_godkannande":[{"value":1709,"label":"E-godk\u00e4nd, ECE, R112"}],"pa_lampsockel-kontakt":[{"value":1122,"label":"Superseal"}],"pa_led-chips-effekt-w":[{"value":1345,"label":"147"}],"pa_storlek-mm":[{"value":1725,"label":"1132x40x62"}],"pa_stromforbrukning":[{"value":1346,"label":"10,2A@14,4V"}],"pa_volt-v":[{"value":1084,"label":"Multivolt, 10, 12, 16, 18, 24, 28, 30, 32"}]},"featured_image_src_large":["https:\/\/xenonkungen.com\/wp-content\/uploads\/2025\/04\/188148731-origpic-3d36e4.jpg",1000,750,false],"author_info":[],"comment_info":0,"_links":{"self":[{"href":"https:\/\/xenonkungen.com\/es\/wp-json\/wp\/v2\/product\/6376","targetHints":{"allow":["GET"]}}],"collection":[{"href":"https:\/\/xenonkungen.com\/es\/wp-json\/wp\/v2\/product"}],"about":[{"href":"https:\/\/xenonkungen.com\/es\/wp-json\/wp\/v2\/types\/product"}],"replies":[{"embeddable":true,"href":"https:\/\/xenonkungen.com\/es\/wp-json\/wp\/v2\/comments?post=6376"}],"wp:featuredmedia":[{"embeddable":true,"href":"https:\/\/xenonkungen.com\/es\/wp-json\/wp\/v2\/media\/6377"}],"wp:attachment":[{"href":"https:\/\/xenonkungen.com\/es\/wp-json\/wp\/v2\/media?parent=6376"}],"wp:term":[{"taxonomy":"anvandningsomrade","embeddable":true,"href":"https:\/\/xenonkungen.com\/es\/wp-json\/wp\/v2\/anvandningsomrade?post=6376"},{"taxonomy":"bilmarken","embeddable":true,"href":"https:\/\/xenonkungen.com\/es\/wp-json\/wp\/v2\/bilmarken?post=6376"},{"taxonomy":"product_brand","embeddable":true,"href":"https:\/\/xenonkungen.com\/es\/wp-json\/wp\/v2\/product_brand?post=6376"},{"taxonomy":"product_cat","embeddable":true,"href":"https:\/\/xenonkungen.com\/es\/wp-json\/wp\/v2\/product_cat?post=6376"},{"taxonomy":"product_tag","embeddable":true,"href":"https:\/\/xenonkungen.com\/es\/wp-json\/wp\/v2\/product_tag?post=6376"}],"curies":[{"name":"wp","href":"https:\/\/api.w.org\/{rel}","templated":true}]}}