{"id":6394,"date":"2025-04-15T09:46:04","date_gmt":"2025-04-15T09:46:04","guid":{"rendered":"https:\/\/xenonkungen.com\/product\/neoprenskydd-linear-6-232mm\/"},"modified":"2025-12-10T14:47:42","modified_gmt":"2025-12-10T13:47:42","slug":"cubierta-de-neopreno-lineal-6-232mm","status":"publish","type":"product","link":"https:\/\/xenonkungen.com\/es\/producto\/cubierta-de-neopreno-lineal-6-232mm\/","title":{"rendered":"FUNDA DE NEOPRENO LINEAR-6 | 232MM"},"content":{"rendered":"<h1>Protectores Lazer para barras de luces auxiliares - Durabilidad y reducci\u00f3n del ruido<\/h1>\n<p>Las fundas para barras de luces auxiliares de las series Triple-R y Linear de Lazer est\u00e1n fabricadas con material de neopreno de alta tecnolog\u00eda, amortiguador y lavable. Basta con sujetar la cubierta con velcro cuando no est\u00e9 en uso para asegurarse de que se mantiene en perfectas condiciones hasta la pr\u00f3xima vez que necesite utilizarla. Las fundas de dise\u00f1o inteligente tambi\u00e9n tienen la ventaja de reducir cualquier ruido del viento de las rampas montadas en el techo cuando las fundas est\u00e1n instaladas.<\/p>\n<p>Adem\u00e1s de proteger su rampa de ara\u00f1azos y da\u00f1os, el inteligente dise\u00f1o de estas cubiertas tambi\u00e9n ayuda a reducir el ruido del viento. Cuando est\u00e1n instalados, los protectores de rampa crean un perfil aerodin\u00e1mico y aerodin\u00e1mico, minimizando la resistencia y reduciendo cualquier ruido del flujo de aire alrededor de las rampas cuando est\u00e1n montadas en el techo.<\/p>\n<p>Con las protecciones para rampas todoterreno Lazer, podr\u00e1 mantener el rendimiento y la durabilidad de sus rampas mientras disfruta de una experiencia de conducci\u00f3n m\u00e1s silenciosa. Estas cubiertas son una soluci\u00f3n pr\u00e1ctica y eficaz para mantener sus rampas en las mejores condiciones y mejorar su comodidad general de conducci\u00f3n.<\/p>","protected":false},"excerpt":{"rendered":"<p>Lazers skydd f\u00f6r extraljusrampar &#8211; H\u00e5llbarhet och ljudreduktion Lazers skydd f\u00f6r extraljusrampar f\u00f6r Triple-R och Linear serien \u00e4r tillverkade av h\u00f6gteknologiskt, st\u00f6td\u00e4mpande och tv\u00e4ttbart neoprenmaterial. Du f\u00e4ster enkelt skyddet med kardborreband n\u00e4r du inte anv\u00e4nder rampen f\u00f6r att se till att den h\u00e5ller sig i perfekt skick tills du n\u00e4sta g\u00e5ng beh\u00f6ver anv\u00e4nda den. De [&hellip;]<\/p>","protected":false},"featured_media":6395,"comment_status":"closed","ping_status":"open","template":"","meta":{"_acf_changed":false,"_smort_price_nok":"470","_smort_price_dkk":"299","_smort_price_eur":"40","_smort_sale_price_nok":"","_smort_sale_price_dkk":"","_smort_sale_price_eur":"","smort_restorder":"","shipmondo_restorder":"","_kad_blocks_custom_css":"","_kad_blocks_head_custom_js":"","_kad_blocks_body_custom_js":"","_kad_blocks_footer_custom_js":"","smort_custom_pricelist_1":"281.6","smort_custom_pricelist_2":"281.6","smort_custom_pricelist_3":"281.6","smort_custom_pricelist_4":"352","smort_custom_pricelist_5":"281.6"},"anvandningsomrade":[],"bilmarken":[],"product_brand":[2793],"product_cat":[2612,2828,2539,2613],"product_tag":[2735],"class_list":{"0":"post-6394","1":"product","2":"type-product","3":"status-publish","4":"has-post-thumbnail","6":"product_brand-ovrigt","7":"product_cat-tillbehor-installation-ledramper","8":"product_cat-installation-led-ramper","9":"product_cat-ledramper","10":"product_cat-ovriga-tillbehor-tillbehor-installation-ledramper","11":"product_tag-lazer","13":"first","14":"onbackorder","15":"taxable","16":"shipping-taxable","17":"purchasable","18":"product-type-simple"},"bundled_by":[],"bundle_stock_status":"onbackorder","bundle_stock_quantity":0,"bundle_virtual":false,"bundle_layout":"","bundle_add_to_cart_form_location":"","bundle_editable_in_cart":false,"bundle_sold_individually_context":"","bundle_item_grouping":"","bundle_min_size":"","bundle_max_size":"","bundle_price":[],"bundled_items":[],"bundle_sell_ids":[],"acf":[],"yoast_head":"<!-- This site is optimized with the Yoast SEO plugin v27.0 - https:\/\/yoast.com\/product\/yoast-seo-wordpress\/ -->\n<title>NEOPRENSKYDD LINEAR-6 | 232MM - Xenonkungen<\/title>\n<meta name=\"robots\" content=\"index, follow, max-snippet:-1, max-image-preview:large, max-video-preview:-1\" \/>\n<link rel=\"canonical\" href=\"https:\/\/xenonkungen.com\/es\/producto\/cubierta-de-neopreno-lineal-6-232mm\/\" \/>\n<meta property=\"og:locale\" content=\"es_ES\" \/>\n<meta property=\"og:type\" content=\"article\" \/>\n<meta property=\"og:title\" content=\"NEOPRENSKYDD LINEAR-6 | 232MM - Xenonkungen\" \/>\n<meta property=\"og:description\" content=\"Lazers skydd f\u00f6r extraljusrampar &#8211; H\u00e5llbarhet och ljudreduktion Lazers skydd f\u00f6r extraljusrampar f\u00f6r Triple-R och Linear serien \u00e4r tillverkade av h\u00f6gteknologiskt, st\u00f6td\u00e4mpande och tv\u00e4ttbart neoprenmaterial. Du f\u00e4ster enkelt skyddet med kardborreband n\u00e4r du inte anv\u00e4nder rampen f\u00f6r att se till att den h\u00e5ller sig i perfekt skick tills du n\u00e4sta g\u00e5ng beh\u00f6ver anv\u00e4nda den. De [&hellip;]\" \/>\n<meta property=\"og:url\" content=\"https:\/\/xenonkungen.com\/es\/producto\/cubierta-de-neopreno-lineal-6-232mm\/\" \/>\n<meta property=\"og:site_name\" content=\"Xenonkungen\" \/>\n<meta property=\"article:modified_time\" content=\"2025-12-10T13:47:42+00:00\" \/>\n<meta property=\"og:image\" content=\"https:\/\/xenonkungen.com\/wp-content\/uploads\/2025\/04\/Linear_impact_cover.jpg\" \/>\n\t<meta property=\"og:image:width\" content=\"1000\" \/>\n\t<meta property=\"og:image:height\" content=\"750\" \/>\n\t<meta property=\"og:image:type\" content=\"image\/jpeg\" \/>\n<meta name=\"twitter:card\" content=\"summary_large_image\" \/>\n<meta name=\"twitter:label1\" content=\"Tiempo de lectura\" \/>\n\t<meta name=\"twitter:data1\" content=\"1 minuto\" \/>\n<script type=\"application\/ld+json\" class=\"yoast-schema-graph\">{\"@context\":\"https:\/\/schema.org\",\"@graph\":[{\"@type\":\"WebPage\",\"@id\":\"https:\/\/xenonkungen.com\/produkt\/neoprenskydd-linear-6-232mm\/\",\"url\":\"https:\/\/xenonkungen.com\/produkt\/neoprenskydd-linear-6-232mm\/\",\"name\":\"NEOPRENSKYDD LINEAR-6 | 232MM - Xenonkungen\",\"isPartOf\":{\"@id\":\"https:\/\/xenonkungen.com\/#website\"},\"primaryImageOfPage\":{\"@id\":\"https:\/\/xenonkungen.com\/produkt\/neoprenskydd-linear-6-232mm\/#primaryimage\"},\"image\":{\"@id\":\"https:\/\/xenonkungen.com\/produkt\/neoprenskydd-linear-6-232mm\/#primaryimage\"},\"thumbnailUrl\":\"https:\/\/xenonkungen.com\/wp-content\/uploads\/2025\/04\/Linear_impact_cover.jpg\",\"datePublished\":\"2025-04-15T09:46:04+00:00\",\"dateModified\":\"2025-12-10T13:47:42+00:00\",\"breadcrumb\":{\"@id\":\"https:\/\/xenonkungen.com\/produkt\/neoprenskydd-linear-6-232mm\/#breadcrumb\"},\"inLanguage\":\"es\",\"potentialAction\":[{\"@type\":\"ReadAction\",\"target\":[\"https:\/\/xenonkungen.com\/produkt\/neoprenskydd-linear-6-232mm\/\"]}]},{\"@type\":\"ImageObject\",\"inLanguage\":\"es\",\"@id\":\"https:\/\/xenonkungen.com\/produkt\/neoprenskydd-linear-6-232mm\/#primaryimage\",\"url\":\"https:\/\/xenonkungen.com\/wp-content\/uploads\/2025\/04\/Linear_impact_cover.jpg\",\"contentUrl\":\"https:\/\/xenonkungen.com\/wp-content\/uploads\/2025\/04\/Linear_impact_cover.jpg\",\"width\":1000,\"height\":750},{\"@type\":\"BreadcrumbList\",\"@id\":\"https:\/\/xenonkungen.com\/produkt\/neoprenskydd-linear-6-232mm\/#breadcrumb\",\"itemListElement\":[{\"@type\":\"ListItem\",\"position\":1,\"name\":\"Hem\",\"item\":\"https:\/\/xenonkungen.com\/\"},{\"@type\":\"ListItem\",\"position\":2,\"name\":\"Shop\",\"item\":\"https:\/\/xenonkungen.com\/shop\/\"},{\"@type\":\"ListItem\",\"position\":3,\"name\":\"NEOPRENSKYDD LINEAR-6 | 232MM\"}]},{\"@type\":\"WebSite\",\"@id\":\"https:\/\/xenonkungen.com\/#website\",\"url\":\"https:\/\/xenonkungen.com\/\",\"name\":\"Xenonkungen\",\"description\":\"\",\"potentialAction\":[{\"@type\":\"SearchAction\",\"target\":{\"@type\":\"EntryPoint\",\"urlTemplate\":\"https:\/\/xenonkungen.com\/?s={search_term_string}\"},\"query-input\":{\"@type\":\"PropertyValueSpecification\",\"valueRequired\":true,\"valueName\":\"search_term_string\"}}],\"inLanguage\":\"es\"}]}<\/script>\n<!-- \/ Yoast SEO plugin. -->","yoast_head_json":{"title":"PROTECCI\u00d3N DE NEOPRENO LINEAR-6 | 232MM - El Rey del Xen\u00f3n","robots":{"index":"index","follow":"follow","max-snippet":"max-snippet:-1","max-image-preview":"max-image-preview:large","max-video-preview":"max-video-preview:-1"},"canonical":"https:\/\/xenonkungen.com\/es\/producto\/cubierta-de-neopreno-lineal-6-232mm\/","og_locale":"es_ES","og_type":"article","og_title":"NEOPRENSKYDD LINEAR-6 | 232MM - Xenonkungen","og_description":"Lazers skydd f\u00f6r extraljusrampar &#8211; H\u00e5llbarhet och ljudreduktion Lazers skydd f\u00f6r extraljusrampar f\u00f6r Triple-R och Linear serien \u00e4r tillverkade av h\u00f6gteknologiskt, st\u00f6td\u00e4mpande och tv\u00e4ttbart neoprenmaterial. Du f\u00e4ster enkelt skyddet med kardborreband n\u00e4r du inte anv\u00e4nder rampen f\u00f6r att se till att den h\u00e5ller sig i perfekt skick tills du n\u00e4sta g\u00e5ng beh\u00f6ver anv\u00e4nda den. De [&hellip;]","og_url":"https:\/\/xenonkungen.com\/es\/producto\/cubierta-de-neopreno-lineal-6-232mm\/","og_site_name":"Xenonkungen","article_modified_time":"2025-12-10T13:47:42+00:00","og_image":[{"width":1000,"height":750,"url":"https:\/\/xenonkungen.com\/wp-content\/uploads\/2025\/04\/Linear_impact_cover.jpg","type":"image\/jpeg"}],"twitter_card":"summary_large_image","twitter_misc":{"Tiempo de lectura":"1 minuto"},"schema":{"@context":"https:\/\/schema.org","@graph":[{"@type":"WebPage","@id":"https:\/\/xenonkungen.com\/produkt\/neoprenskydd-linear-6-232mm\/","url":"https:\/\/xenonkungen.com\/produkt\/neoprenskydd-linear-6-232mm\/","name":"PROTECCI\u00d3N DE NEOPRENO LINEAR-6 | 232MM - El Rey del Xen\u00f3n","isPartOf":{"@id":"https:\/\/xenonkungen.com\/#website"},"primaryImageOfPage":{"@id":"https:\/\/xenonkungen.com\/produkt\/neoprenskydd-linear-6-232mm\/#primaryimage"},"image":{"@id":"https:\/\/xenonkungen.com\/produkt\/neoprenskydd-linear-6-232mm\/#primaryimage"},"thumbnailUrl":"https:\/\/xenonkungen.com\/wp-content\/uploads\/2025\/04\/Linear_impact_cover.jpg","datePublished":"2025-04-15T09:46:04+00:00","dateModified":"2025-12-10T13:47:42+00:00","breadcrumb":{"@id":"https:\/\/xenonkungen.com\/produkt\/neoprenskydd-linear-6-232mm\/#breadcrumb"},"inLanguage":"es","potentialAction":[{"@type":"ReadAction","target":["https:\/\/xenonkungen.com\/produkt\/neoprenskydd-linear-6-232mm\/"]}]},{"@type":"ImageObject","inLanguage":"es","@id":"https:\/\/xenonkungen.com\/produkt\/neoprenskydd-linear-6-232mm\/#primaryimage","url":"https:\/\/xenonkungen.com\/wp-content\/uploads\/2025\/04\/Linear_impact_cover.jpg","contentUrl":"https:\/\/xenonkungen.com\/wp-content\/uploads\/2025\/04\/Linear_impact_cover.jpg","width":1000,"height":750},{"@type":"BreadcrumbList","@id":"https:\/\/xenonkungen.com\/produkt\/neoprenskydd-linear-6-232mm\/#breadcrumb","itemListElement":[{"@type":"ListItem","position":1,"name":"Hem","item":"https:\/\/xenonkungen.com\/"},{"@type":"ListItem","position":2,"name":"Shop","item":"https:\/\/xenonkungen.com\/shop\/"},{"@type":"ListItem","position":3,"name":"NEOPRENSKYDD LINEAR-6 | 232MM"}]},{"@type":"WebSite","@id":"https:\/\/xenonkungen.com\/#website","url":"https:\/\/xenonkungen.com\/","name":"Xenonkungen","description":"","potentialAction":[{"@type":"SearchAction","target":{"@type":"EntryPoint","urlTemplate":"https:\/\/xenonkungen.com\/?s={search_term_string}"},"query-input":{"@type":"PropertyValueSpecification","valueRequired":true,"valueName":"search_term_string"}}],"inLanguage":"es"}]}},"taxonomy_info":{"product_brand":[{"value":2793,"label":"\u00d6VRIGT"}],"product_cat":[{"value":2612,"label":"INSTALLATION"},{"value":2828,"label":"Installation LED-ramper"},{"value":2539,"label":"LEDRAMPER"},{"value":2613,"label":"\u00d6vriga Tillbeh\u00f6r"}],"product_tag":[{"value":2735,"label":"Lazer"}]},"featured_image_src_large":["https:\/\/xenonkungen.com\/wp-content\/uploads\/2025\/04\/Linear_impact_cover.jpg",1000,750,false],"author_info":[],"comment_info":0,"_links":{"self":[{"href":"https:\/\/xenonkungen.com\/es\/wp-json\/wp\/v2\/product\/6394","targetHints":{"allow":["GET"]}}],"collection":[{"href":"https:\/\/xenonkungen.com\/es\/wp-json\/wp\/v2\/product"}],"about":[{"href":"https:\/\/xenonkungen.com\/es\/wp-json\/wp\/v2\/types\/product"}],"replies":[{"embeddable":true,"href":"https:\/\/xenonkungen.com\/es\/wp-json\/wp\/v2\/comments?post=6394"}],"wp:featuredmedia":[{"embeddable":true,"href":"https:\/\/xenonkungen.com\/es\/wp-json\/wp\/v2\/media\/6395"}],"wp:attachment":[{"href":"https:\/\/xenonkungen.com\/es\/wp-json\/wp\/v2\/media?parent=6394"}],"wp:term":[{"taxonomy":"anvandningsomrade","embeddable":true,"href":"https:\/\/xenonkungen.com\/es\/wp-json\/wp\/v2\/anvandningsomrade?post=6394"},{"taxonomy":"bilmarken","embeddable":true,"href":"https:\/\/xenonkungen.com\/es\/wp-json\/wp\/v2\/bilmarken?post=6394"},{"taxonomy":"product_brand","embeddable":true,"href":"https:\/\/xenonkungen.com\/es\/wp-json\/wp\/v2\/product_brand?post=6394"},{"taxonomy":"product_cat","embeddable":true,"href":"https:\/\/xenonkungen.com\/es\/wp-json\/wp\/v2\/product_cat?post=6394"},{"taxonomy":"product_tag","embeddable":true,"href":"https:\/\/xenonkungen.com\/es\/wp-json\/wp\/v2\/product_tag?post=6394"}],"curies":[{"name":"wp","href":"https:\/\/api.w.org\/{rel}","templated":true}]}}