{"id":6406,"date":"2025-04-15T09:46:18","date_gmt":"2025-04-15T09:46:18","guid":{"rendered":"https:\/\/xenonkungen.com\/product\/neoprenskydd-linear-36-982mm\/"},"modified":"2025-12-10T14:47:43","modified_gmt":"2025-12-10T13:47:43","slug":"cubierta-de-neopreno-lineal-36-982mm","status":"publish","type":"product","link":"https:\/\/xenonkungen.com\/es\/producto\/cubierta-de-neopreno-lineal-36-982mm\/","title":{"rendered":"CUBIERTA DE NEOPRENO LINEAR-36 | 982MM"},"content":{"rendered":"<h1>Protecci\u00f3n de barras de luces Lazer para las series Triple-R y Linear<\/h1>\n<p>Los protectores de barra de luces Lazer est\u00e1n fabricados con neopreno de alta tecnolog\u00eda a prueba de golpes y lavable, lo que proporciona una protecci\u00f3n y durabilidad \u00f3ptimas para su barra de luces.<\/p>\n<p>La sencilla instalaci\u00f3n con velcro facilita la colocaci\u00f3n de la cubierta cuando no se utiliza la rampa, lo que ayuda a mantener la rampa ligera en perfectas condiciones hasta que est\u00e9 listo para volver a utilizarla.<\/p>\n<p>Otra ventaja de estos refugios ingeniosamente dise\u00f1ados es que reducen el ruido del viento que puede producirse cuando hay rampas montadas en el techo. Esto hace que la experiencia de conducci\u00f3n sea m\u00e1s silenciosa y confortable.<\/p>\n<p>Proteja su barra de luces y disfrute de una conducci\u00f3n suave y silenciosa con la protecci\u00f3n de barra de luces Lazer para las series Triple-R y Linear.<\/p>","protected":false},"excerpt":{"rendered":"<p>Lazer ljusrampsbeskydd f\u00f6r Triple-R och Linear-serierna Lazer ljusrampsbeskydd \u00e4r tillverkade av h\u00f6gteknologiskt st\u00f6ts\u00e4kert och tv\u00e4ttbart neopren, vilket ger optimalt skydd och h\u00e5llbarhet f\u00f6r din ljusramp. Enkel installation med kardborreband g\u00f6r det l\u00e4tt att f\u00e4sta skyddet n\u00e4r du inte anv\u00e4nder rampen, vilket hj\u00e4lper till att h\u00e5lla din ljusramp i perfekt skick tills du \u00e4r redo att [&hellip;]<\/p>","protected":false},"featured_media":6407,"comment_status":"closed","ping_status":"open","template":"","meta":{"_acf_changed":false,"_smort_price_nok":"1068","_smort_price_dkk":"679","_smort_price_eur":"90.9","_smort_sale_price_nok":"","_smort_sale_price_dkk":"","_smort_sale_price_eur":"","smort_restorder":"","shipmondo_restorder":"","_kad_blocks_custom_css":"","_kad_blocks_head_custom_js":"","_kad_blocks_body_custom_js":"","_kad_blocks_footer_custom_js":"","smort_custom_pricelist_1":"640","smort_custom_pricelist_2":"640","smort_custom_pricelist_3":"640","smort_custom_pricelist_4":"800","smort_custom_pricelist_5":"640"},"anvandningsomrade":[],"bilmarken":[],"product_brand":[2793],"product_cat":[2612,2828,2539,2613],"product_tag":[2735],"class_list":{"0":"post-6406","1":"product","2":"type-product","3":"status-publish","4":"has-post-thumbnail","6":"product_brand-ovrigt","7":"product_cat-tillbehor-installation-ledramper","8":"product_cat-installation-led-ramper","9":"product_cat-ledramper","10":"product_cat-ovriga-tillbehor-tillbehor-installation-ledramper","11":"product_tag-lazer","13":"first","14":"onbackorder","15":"taxable","16":"shipping-taxable","17":"purchasable","18":"product-type-simple"},"bundled_by":[],"bundle_stock_status":"onbackorder","bundle_stock_quantity":0,"bundle_virtual":false,"bundle_layout":"","bundle_add_to_cart_form_location":"","bundle_editable_in_cart":false,"bundle_sold_individually_context":"","bundle_item_grouping":"","bundle_min_size":"","bundle_max_size":"","bundle_price":[],"bundled_items":[],"bundle_sell_ids":[],"acf":[],"yoast_head":"<!-- This site is optimized with the Yoast SEO plugin v27.0 - https:\/\/yoast.com\/product\/yoast-seo-wordpress\/ -->\n<title>NEOPRENSKYDD LINEAR-36 | 982MM - Xenonkungen<\/title>\n<meta name=\"robots\" content=\"index, follow, max-snippet:-1, max-image-preview:large, max-video-preview:-1\" \/>\n<link rel=\"canonical\" href=\"https:\/\/xenonkungen.com\/es\/producto\/cubierta-de-neopreno-lineal-36-982mm\/\" \/>\n<meta property=\"og:locale\" content=\"es_ES\" \/>\n<meta property=\"og:type\" content=\"article\" \/>\n<meta property=\"og:title\" content=\"NEOPRENSKYDD LINEAR-36 | 982MM - Xenonkungen\" \/>\n<meta property=\"og:description\" content=\"Lazer ljusrampsbeskydd f\u00f6r Triple-R och Linear-serierna Lazer ljusrampsbeskydd \u00e4r tillverkade av h\u00f6gteknologiskt st\u00f6ts\u00e4kert och tv\u00e4ttbart neopren, vilket ger optimalt skydd och h\u00e5llbarhet f\u00f6r din ljusramp. Enkel installation med kardborreband g\u00f6r det l\u00e4tt att f\u00e4sta skyddet n\u00e4r du inte anv\u00e4nder rampen, vilket hj\u00e4lper till att h\u00e5lla din ljusramp i perfekt skick tills du \u00e4r redo att [&hellip;]\" \/>\n<meta property=\"og:url\" content=\"https:\/\/xenonkungen.com\/es\/producto\/cubierta-de-neopreno-lineal-36-982mm\/\" \/>\n<meta property=\"og:site_name\" content=\"Xenonkungen\" \/>\n<meta property=\"article:modified_time\" content=\"2025-12-10T13:47:43+00:00\" \/>\n<meta property=\"og:image\" content=\"https:\/\/xenonkungen.com\/wp-content\/uploads\/2025\/04\/NEOPRENSKYDD.jpg\" \/>\n\t<meta property=\"og:image:width\" content=\"1034\" \/>\n\t<meta property=\"og:image:height\" content=\"773\" \/>\n\t<meta property=\"og:image:type\" content=\"image\/jpeg\" \/>\n<meta name=\"twitter:card\" content=\"summary_large_image\" \/>\n<meta name=\"twitter:label1\" content=\"Tiempo de lectura\" \/>\n\t<meta name=\"twitter:data1\" content=\"1 minuto\" \/>\n<script type=\"application\/ld+json\" class=\"yoast-schema-graph\">{\"@context\":\"https:\/\/schema.org\",\"@graph\":[{\"@type\":\"WebPage\",\"@id\":\"https:\/\/xenonkungen.com\/dk\/vare\/neoprenbetraek-lineaert-36-982-mm\/\",\"url\":\"https:\/\/xenonkungen.com\/dk\/vare\/neoprenbetraek-lineaert-36-982-mm\/\",\"name\":\"NEOPRENSKYDD LINEAR-36 | 982MM - Xenonkungen\",\"isPartOf\":{\"@id\":\"https:\/\/xenonkungen.com\/#website\"},\"primaryImageOfPage\":{\"@id\":\"https:\/\/xenonkungen.com\/dk\/vare\/neoprenbetraek-lineaert-36-982-mm\/#primaryimage\"},\"image\":{\"@id\":\"https:\/\/xenonkungen.com\/dk\/vare\/neoprenbetraek-lineaert-36-982-mm\/#primaryimage\"},\"thumbnailUrl\":\"https:\/\/xenonkungen.com\/wp-content\/uploads\/2025\/04\/NEOPRENSKYDD.jpg\",\"datePublished\":\"2025-04-15T09:46:18+00:00\",\"dateModified\":\"2025-12-10T13:47:43+00:00\",\"breadcrumb\":{\"@id\":\"https:\/\/xenonkungen.com\/dk\/vare\/neoprenbetraek-lineaert-36-982-mm\/#breadcrumb\"},\"inLanguage\":\"es\",\"potentialAction\":[{\"@type\":\"ReadAction\",\"target\":[\"https:\/\/xenonkungen.com\/dk\/vare\/neoprenbetraek-lineaert-36-982-mm\/\"]}]},{\"@type\":\"ImageObject\",\"inLanguage\":\"es\",\"@id\":\"https:\/\/xenonkungen.com\/dk\/vare\/neoprenbetraek-lineaert-36-982-mm\/#primaryimage\",\"url\":\"https:\/\/xenonkungen.com\/wp-content\/uploads\/2025\/04\/NEOPRENSKYDD.jpg\",\"contentUrl\":\"https:\/\/xenonkungen.com\/wp-content\/uploads\/2025\/04\/NEOPRENSKYDD.jpg\",\"width\":1034,\"height\":773},{\"@type\":\"BreadcrumbList\",\"@id\":\"https:\/\/xenonkungen.com\/dk\/vare\/neoprenbetraek-lineaert-36-982-mm\/#breadcrumb\",\"itemListElement\":[{\"@type\":\"ListItem\",\"position\":1,\"name\":\"Hem\",\"item\":\"https:\/\/xenonkungen.com\/\"},{\"@type\":\"ListItem\",\"position\":2,\"name\":\"Shop\",\"item\":\"https:\/\/xenonkungen.com\/shop\/\"},{\"@type\":\"ListItem\",\"position\":3,\"name\":\"NEOPRENSKYDD LINEAR-36 | 982MM\"}]},{\"@type\":\"WebSite\",\"@id\":\"https:\/\/xenonkungen.com\/#website\",\"url\":\"https:\/\/xenonkungen.com\/\",\"name\":\"Xenonkungen\",\"description\":\"\",\"potentialAction\":[{\"@type\":\"SearchAction\",\"target\":{\"@type\":\"EntryPoint\",\"urlTemplate\":\"https:\/\/xenonkungen.com\/?s={search_term_string}\"},\"query-input\":{\"@type\":\"PropertyValueSpecification\",\"valueRequired\":true,\"valueName\":\"search_term_string\"}}],\"inLanguage\":\"es\"}]}<\/script>\n<!-- \/ Yoast SEO plugin. -->","yoast_head_json":{"title":"PROTECCI\u00d3N DE NEOPRENO LINEAR-36 | 982MM - El Rey del Xen\u00f3n","robots":{"index":"index","follow":"follow","max-snippet":"max-snippet:-1","max-image-preview":"max-image-preview:large","max-video-preview":"max-video-preview:-1"},"canonical":"https:\/\/xenonkungen.com\/es\/producto\/cubierta-de-neopreno-lineal-36-982mm\/","og_locale":"es_ES","og_type":"article","og_title":"NEOPRENSKYDD LINEAR-36 | 982MM - Xenonkungen","og_description":"Lazer ljusrampsbeskydd f\u00f6r Triple-R och Linear-serierna Lazer ljusrampsbeskydd \u00e4r tillverkade av h\u00f6gteknologiskt st\u00f6ts\u00e4kert och tv\u00e4ttbart neopren, vilket ger optimalt skydd och h\u00e5llbarhet f\u00f6r din ljusramp. Enkel installation med kardborreband g\u00f6r det l\u00e4tt att f\u00e4sta skyddet n\u00e4r du inte anv\u00e4nder rampen, vilket hj\u00e4lper till att h\u00e5lla din ljusramp i perfekt skick tills du \u00e4r redo att [&hellip;]","og_url":"https:\/\/xenonkungen.com\/es\/producto\/cubierta-de-neopreno-lineal-36-982mm\/","og_site_name":"Xenonkungen","article_modified_time":"2025-12-10T13:47:43+00:00","og_image":[{"width":1034,"height":773,"url":"https:\/\/xenonkungen.com\/wp-content\/uploads\/2025\/04\/NEOPRENSKYDD.jpg","type":"image\/jpeg"}],"twitter_card":"summary_large_image","twitter_misc":{"Tiempo de lectura":"1 minuto"},"schema":{"@context":"https:\/\/schema.org","@graph":[{"@type":"WebPage","@id":"https:\/\/xenonkungen.com\/dk\/vare\/neoprenbetraek-lineaert-36-982-mm\/","url":"https:\/\/xenonkungen.com\/dk\/vare\/neoprenbetraek-lineaert-36-982-mm\/","name":"PROTECCI\u00d3N DE NEOPRENO LINEAR-36 | 982MM - El Rey del Xen\u00f3n","isPartOf":{"@id":"https:\/\/xenonkungen.com\/#website"},"primaryImageOfPage":{"@id":"https:\/\/xenonkungen.com\/dk\/vare\/neoprenbetraek-lineaert-36-982-mm\/#primaryimage"},"image":{"@id":"https:\/\/xenonkungen.com\/dk\/vare\/neoprenbetraek-lineaert-36-982-mm\/#primaryimage"},"thumbnailUrl":"https:\/\/xenonkungen.com\/wp-content\/uploads\/2025\/04\/NEOPRENSKYDD.jpg","datePublished":"2025-04-15T09:46:18+00:00","dateModified":"2025-12-10T13:47:43+00:00","breadcrumb":{"@id":"https:\/\/xenonkungen.com\/dk\/vare\/neoprenbetraek-lineaert-36-982-mm\/#breadcrumb"},"inLanguage":"es","potentialAction":[{"@type":"ReadAction","target":["https:\/\/xenonkungen.com\/dk\/vare\/neoprenbetraek-lineaert-36-982-mm\/"]}]},{"@type":"ImageObject","inLanguage":"es","@id":"https:\/\/xenonkungen.com\/dk\/vare\/neoprenbetraek-lineaert-36-982-mm\/#primaryimage","url":"https:\/\/xenonkungen.com\/wp-content\/uploads\/2025\/04\/NEOPRENSKYDD.jpg","contentUrl":"https:\/\/xenonkungen.com\/wp-content\/uploads\/2025\/04\/NEOPRENSKYDD.jpg","width":1034,"height":773},{"@type":"BreadcrumbList","@id":"https:\/\/xenonkungen.com\/dk\/vare\/neoprenbetraek-lineaert-36-982-mm\/#breadcrumb","itemListElement":[{"@type":"ListItem","position":1,"name":"Hem","item":"https:\/\/xenonkungen.com\/"},{"@type":"ListItem","position":2,"name":"Shop","item":"https:\/\/xenonkungen.com\/shop\/"},{"@type":"ListItem","position":3,"name":"NEOPRENSKYDD LINEAR-36 | 982MM"}]},{"@type":"WebSite","@id":"https:\/\/xenonkungen.com\/#website","url":"https:\/\/xenonkungen.com\/","name":"Xenonkungen","description":"","potentialAction":[{"@type":"SearchAction","target":{"@type":"EntryPoint","urlTemplate":"https:\/\/xenonkungen.com\/?s={search_term_string}"},"query-input":{"@type":"PropertyValueSpecification","valueRequired":true,"valueName":"search_term_string"}}],"inLanguage":"es"}]}},"taxonomy_info":{"product_brand":[{"value":2793,"label":"\u00d6VRIGT"}],"product_cat":[{"value":2612,"label":"INSTALLATION"},{"value":2828,"label":"Installation LED-ramper"},{"value":2539,"label":"LEDRAMPER"},{"value":2613,"label":"\u00d6vriga Tillbeh\u00f6r"}],"product_tag":[{"value":2735,"label":"Lazer"}]},"featured_image_src_large":["https:\/\/xenonkungen.com\/wp-content\/uploads\/2025\/04\/NEOPRENSKYDD-1024x766.jpg",1024,766,true],"author_info":[],"comment_info":0,"_links":{"self":[{"href":"https:\/\/xenonkungen.com\/es\/wp-json\/wp\/v2\/product\/6406","targetHints":{"allow":["GET"]}}],"collection":[{"href":"https:\/\/xenonkungen.com\/es\/wp-json\/wp\/v2\/product"}],"about":[{"href":"https:\/\/xenonkungen.com\/es\/wp-json\/wp\/v2\/types\/product"}],"replies":[{"embeddable":true,"href":"https:\/\/xenonkungen.com\/es\/wp-json\/wp\/v2\/comments?post=6406"}],"wp:featuredmedia":[{"embeddable":true,"href":"https:\/\/xenonkungen.com\/es\/wp-json\/wp\/v2\/media\/6407"}],"wp:attachment":[{"href":"https:\/\/xenonkungen.com\/es\/wp-json\/wp\/v2\/media?parent=6406"}],"wp:term":[{"taxonomy":"anvandningsomrade","embeddable":true,"href":"https:\/\/xenonkungen.com\/es\/wp-json\/wp\/v2\/anvandningsomrade?post=6406"},{"taxonomy":"bilmarken","embeddable":true,"href":"https:\/\/xenonkungen.com\/es\/wp-json\/wp\/v2\/bilmarken?post=6406"},{"taxonomy":"product_brand","embeddable":true,"href":"https:\/\/xenonkungen.com\/es\/wp-json\/wp\/v2\/product_brand?post=6406"},{"taxonomy":"product_cat","embeddable":true,"href":"https:\/\/xenonkungen.com\/es\/wp-json\/wp\/v2\/product_cat?post=6406"},{"taxonomy":"product_tag","embeddable":true,"href":"https:\/\/xenonkungen.com\/es\/wp-json\/wp\/v2\/product_tag?post=6406"}],"curies":[{"name":"wp","href":"https:\/\/api.w.org\/{rel}","templated":true}]}}