{"id":6408,"date":"2025-04-15T09:46:18","date_gmt":"2025-04-15T09:46:18","guid":{"rendered":"https:\/\/xenonkungen.com\/product\/neoprenskydd-linear-42-1132mm\/"},"modified":"2025-12-10T14:47:43","modified_gmt":"2025-12-10T13:47:43","slug":"cubierta-de-neopreno-lineal-42-1132mm","status":"publish","type":"product","link":"https:\/\/xenonkungen.com\/es\/producto\/cubierta-de-neopreno-lineal-42-1132mm\/","title":{"rendered":"FUNDA DE NEOPRENO LINEAR-42 | 1132MM"},"content":{"rendered":"<h1>Protecci\u00f3n de la barra de luces Lazer para las series Triple-R y Linear<\/h1>\n<p>Los protectores de rampa Lazer light para las series Triple-R y Linear est\u00e1n fabricados en neopreno de alta tecnolog\u00eda amortiguador y lavable. Estos protectores est\u00e1n dise\u00f1ados para garantizar que tus rampas se mantengan en perfecto estado y est\u00e9n listas para usar cuando las necesites.<\/p>\n<h2>Sistema de fijaci\u00f3n sencillo para una protecci\u00f3n \u00f3ptima<\/h2>\n<p>La cubierta se fija f\u00e1cilmente con velcro cuando no se utiliza la rampa. Al utilizar la cubierta, puede estar seguro de que su barra de luces permanecer\u00e1 protegida contra el polvo, la suciedad y los golpes. Cuando est\u00e9 listo para volver a utilizar la rampa, puede retirar r\u00e1pidamente la cubierta y disponer de una rampa en perfecto estado de funcionamiento.<\/p>\n<h2>Reducci\u00f3n del ruido del viento para una experiencia de conducci\u00f3n agradable<\/h2>\n<p>Estas cubiertas de dise\u00f1o inteligente tienen una ventaja a\u00f1adida: reducen significativamente el ruido del viento que puede producirse cuando las rampas est\u00e1n montadas en el techo. Utilizando las protecciones para rampas, podr\u00e1 disfrutar de una conducci\u00f3n m\u00e1s silenciosa y agradable sin ruidos molestos.<\/p>\n<h2>Especificaciones del producto:<\/h2>\n<ul>\n<li>Fabricado en neopreno de alta tecnolog\u00eda amortiguador y lavable<\/li>\n<li>F\u00e1cil sistema de cierre con velcro<\/li>\n<li>Reduce el ruido del viento de las rampas montadas en el techo<\/li>\n<\/ul>","protected":false},"excerpt":{"rendered":"<p>Lazer Ljusrampsskydd f\u00f6r Triple-R och Linear-serierna Lazer ljusrampsskydd f\u00f6r Triple-R och Linear-serierna \u00e4r tillverkade av h\u00f6gteknologiskt st\u00f6td\u00e4mpande och tv\u00e4ttbar neopren. Dessa skydd \u00e4r utformade f\u00f6r att s\u00e4kerst\u00e4lla att dina rampar f\u00f6rblir i perfekt skick och \u00e4r redo att anv\u00e4ndas n\u00e4r du beh\u00f6ver dem. Enkelt F\u00e4stningssystem f\u00f6r Optimalt Skydd Skyddet f\u00e4sts enkelt med hj\u00e4lp av kardborreband [&hellip;]<\/p>","protected":false},"featured_media":6409,"comment_status":"closed","ping_status":"open","template":"","meta":{"_acf_changed":false,"_smort_price_nok":"1106","_smort_price_dkk":"702","_smort_price_eur":"94.09","_smort_sale_price_nok":"","_smort_sale_price_dkk":"","_smort_sale_price_eur":"","smort_restorder":"","shipmondo_restorder":"","_kad_blocks_custom_css":"","_kad_blocks_head_custom_js":"","_kad_blocks_body_custom_js":"","_kad_blocks_footer_custom_js":"","smort_custom_pricelist_1":"662.4","smort_custom_pricelist_2":"662.4","smort_custom_pricelist_3":"662.4","smort_custom_pricelist_4":"828","smort_custom_pricelist_5":"662.4"},"anvandningsomrade":[],"bilmarken":[],"product_brand":[2793],"product_cat":[2612,2828,2539,2613],"product_tag":[2735],"class_list":{"0":"post-6408","1":"product","2":"type-product","3":"status-publish","4":"has-post-thumbnail","6":"product_brand-ovrigt","7":"product_cat-tillbehor-installation-ledramper","8":"product_cat-installation-led-ramper","9":"product_cat-ledramper","10":"product_cat-ovriga-tillbehor-tillbehor-installation-ledramper","11":"product_tag-lazer","13":"first","14":"onbackorder","15":"taxable","16":"shipping-taxable","17":"purchasable","18":"product-type-simple"},"bundled_by":[],"bundle_stock_status":"onbackorder","bundle_stock_quantity":0,"bundle_virtual":false,"bundle_layout":"","bundle_add_to_cart_form_location":"","bundle_editable_in_cart":false,"bundle_sold_individually_context":"","bundle_item_grouping":"","bundle_min_size":"","bundle_max_size":"","bundle_price":[],"bundled_items":[],"bundle_sell_ids":[],"acf":[],"yoast_head":"<!-- This site is optimized with the Yoast SEO plugin v27.0 - https:\/\/yoast.com\/product\/yoast-seo-wordpress\/ -->\n<title>NEOPRENSKYDD LINEAR-42 | 1132MM - Xenonkungen<\/title>\n<meta name=\"robots\" content=\"index, follow, max-snippet:-1, max-image-preview:large, max-video-preview:-1\" \/>\n<link rel=\"canonical\" href=\"https:\/\/xenonkungen.com\/es\/producto\/cubierta-de-neopreno-lineal-42-1132mm\/\" \/>\n<meta property=\"og:locale\" content=\"es_ES\" \/>\n<meta property=\"og:type\" content=\"article\" \/>\n<meta property=\"og:title\" content=\"NEOPRENSKYDD LINEAR-42 | 1132MM - Xenonkungen\" \/>\n<meta property=\"og:description\" content=\"Lazer Ljusrampsskydd f\u00f6r Triple-R och Linear-serierna Lazer ljusrampsskydd f\u00f6r Triple-R och Linear-serierna \u00e4r tillverkade av h\u00f6gteknologiskt st\u00f6td\u00e4mpande och tv\u00e4ttbar neopren. Dessa skydd \u00e4r utformade f\u00f6r att s\u00e4kerst\u00e4lla att dina rampar f\u00f6rblir i perfekt skick och \u00e4r redo att anv\u00e4ndas n\u00e4r du beh\u00f6ver dem. Enkelt F\u00e4stningssystem f\u00f6r Optimalt Skydd Skyddet f\u00e4sts enkelt med hj\u00e4lp av kardborreband [&hellip;]\" \/>\n<meta property=\"og:url\" content=\"https:\/\/xenonkungen.com\/es\/producto\/cubierta-de-neopreno-lineal-42-1132mm\/\" \/>\n<meta property=\"og:site_name\" content=\"Xenonkungen\" \/>\n<meta property=\"article:modified_time\" content=\"2025-12-10T13:47:43+00:00\" \/>\n<meta property=\"og:image\" content=\"https:\/\/xenonkungen.com\/wp-content\/uploads\/2025\/04\/Linear_impact_cover-4.jpg\" \/>\n\t<meta property=\"og:image:width\" content=\"1000\" \/>\n\t<meta property=\"og:image:height\" content=\"750\" \/>\n\t<meta property=\"og:image:type\" content=\"image\/jpeg\" \/>\n<meta name=\"twitter:card\" content=\"summary_large_image\" \/>\n<meta name=\"twitter:label1\" content=\"Tiempo de lectura\" \/>\n\t<meta name=\"twitter:data1\" content=\"1 minuto\" \/>\n<script type=\"application\/ld+json\" class=\"yoast-schema-graph\">{\"@context\":\"https:\/\/schema.org\",\"@graph\":[{\"@type\":\"WebPage\",\"@id\":\"https:\/\/xenonkungen.com\/en\/product\/neoprene-cover-linear-42-1132mm\/\",\"url\":\"https:\/\/xenonkungen.com\/en\/product\/neoprene-cover-linear-42-1132mm\/\",\"name\":\"NEOPRENSKYDD LINEAR-42 | 1132MM - Xenonkungen\",\"isPartOf\":{\"@id\":\"https:\/\/xenonkungen.com\/#website\"},\"primaryImageOfPage\":{\"@id\":\"https:\/\/xenonkungen.com\/en\/product\/neoprene-cover-linear-42-1132mm\/#primaryimage\"},\"image\":{\"@id\":\"https:\/\/xenonkungen.com\/en\/product\/neoprene-cover-linear-42-1132mm\/#primaryimage\"},\"thumbnailUrl\":\"https:\/\/xenonkungen.com\/wp-content\/uploads\/2025\/04\/Linear_impact_cover-4.jpg\",\"datePublished\":\"2025-04-15T09:46:18+00:00\",\"dateModified\":\"2025-12-10T13:47:43+00:00\",\"breadcrumb\":{\"@id\":\"https:\/\/xenonkungen.com\/en\/product\/neoprene-cover-linear-42-1132mm\/#breadcrumb\"},\"inLanguage\":\"es\",\"potentialAction\":[{\"@type\":\"ReadAction\",\"target\":[\"https:\/\/xenonkungen.com\/en\/product\/neoprene-cover-linear-42-1132mm\/\"]}]},{\"@type\":\"ImageObject\",\"inLanguage\":\"es\",\"@id\":\"https:\/\/xenonkungen.com\/en\/product\/neoprene-cover-linear-42-1132mm\/#primaryimage\",\"url\":\"https:\/\/xenonkungen.com\/wp-content\/uploads\/2025\/04\/Linear_impact_cover-4.jpg\",\"contentUrl\":\"https:\/\/xenonkungen.com\/wp-content\/uploads\/2025\/04\/Linear_impact_cover-4.jpg\",\"width\":1000,\"height\":750},{\"@type\":\"BreadcrumbList\",\"@id\":\"https:\/\/xenonkungen.com\/en\/product\/neoprene-cover-linear-42-1132mm\/#breadcrumb\",\"itemListElement\":[{\"@type\":\"ListItem\",\"position\":1,\"name\":\"Hem\",\"item\":\"https:\/\/xenonkungen.com\/\"},{\"@type\":\"ListItem\",\"position\":2,\"name\":\"Shop\",\"item\":\"https:\/\/xenonkungen.com\/shop\/\"},{\"@type\":\"ListItem\",\"position\":3,\"name\":\"NEOPRENSKYDD LINEAR-42 | 1132MM\"}]},{\"@type\":\"WebSite\",\"@id\":\"https:\/\/xenonkungen.com\/#website\",\"url\":\"https:\/\/xenonkungen.com\/\",\"name\":\"Xenonkungen\",\"description\":\"\",\"potentialAction\":[{\"@type\":\"SearchAction\",\"target\":{\"@type\":\"EntryPoint\",\"urlTemplate\":\"https:\/\/xenonkungen.com\/?s={search_term_string}\"},\"query-input\":{\"@type\":\"PropertyValueSpecification\",\"valueRequired\":true,\"valueName\":\"search_term_string\"}}],\"inLanguage\":\"es\"}]}<\/script>\n<!-- \/ Yoast SEO plugin. -->","yoast_head_json":{"title":"PROTECCI\u00d3N DE NEOPRENO LINEAL-42 | 1132MM - El Rey del Xen\u00f3n","robots":{"index":"index","follow":"follow","max-snippet":"max-snippet:-1","max-image-preview":"max-image-preview:large","max-video-preview":"max-video-preview:-1"},"canonical":"https:\/\/xenonkungen.com\/es\/producto\/cubierta-de-neopreno-lineal-42-1132mm\/","og_locale":"es_ES","og_type":"article","og_title":"NEOPRENSKYDD LINEAR-42 | 1132MM - Xenonkungen","og_description":"Lazer Ljusrampsskydd f\u00f6r Triple-R och Linear-serierna Lazer ljusrampsskydd f\u00f6r Triple-R och Linear-serierna \u00e4r tillverkade av h\u00f6gteknologiskt st\u00f6td\u00e4mpande och tv\u00e4ttbar neopren. Dessa skydd \u00e4r utformade f\u00f6r att s\u00e4kerst\u00e4lla att dina rampar f\u00f6rblir i perfekt skick och \u00e4r redo att anv\u00e4ndas n\u00e4r du beh\u00f6ver dem. Enkelt F\u00e4stningssystem f\u00f6r Optimalt Skydd Skyddet f\u00e4sts enkelt med hj\u00e4lp av kardborreband [&hellip;]","og_url":"https:\/\/xenonkungen.com\/es\/producto\/cubierta-de-neopreno-lineal-42-1132mm\/","og_site_name":"Xenonkungen","article_modified_time":"2025-12-10T13:47:43+00:00","og_image":[{"width":1000,"height":750,"url":"https:\/\/xenonkungen.com\/wp-content\/uploads\/2025\/04\/Linear_impact_cover-4.jpg","type":"image\/jpeg"}],"twitter_card":"summary_large_image","twitter_misc":{"Tiempo de lectura":"1 minuto"},"schema":{"@context":"https:\/\/schema.org","@graph":[{"@type":"WebPage","@id":"https:\/\/xenonkungen.com\/en\/product\/neoprene-cover-linear-42-1132mm\/","url":"https:\/\/xenonkungen.com\/en\/product\/neoprene-cover-linear-42-1132mm\/","name":"PROTECCI\u00d3N DE NEOPRENO LINEAL-42 | 1132MM - El Rey del Xen\u00f3n","isPartOf":{"@id":"https:\/\/xenonkungen.com\/#website"},"primaryImageOfPage":{"@id":"https:\/\/xenonkungen.com\/en\/product\/neoprene-cover-linear-42-1132mm\/#primaryimage"},"image":{"@id":"https:\/\/xenonkungen.com\/en\/product\/neoprene-cover-linear-42-1132mm\/#primaryimage"},"thumbnailUrl":"https:\/\/xenonkungen.com\/wp-content\/uploads\/2025\/04\/Linear_impact_cover-4.jpg","datePublished":"2025-04-15T09:46:18+00:00","dateModified":"2025-12-10T13:47:43+00:00","breadcrumb":{"@id":"https:\/\/xenonkungen.com\/en\/product\/neoprene-cover-linear-42-1132mm\/#breadcrumb"},"inLanguage":"es","potentialAction":[{"@type":"ReadAction","target":["https:\/\/xenonkungen.com\/en\/product\/neoprene-cover-linear-42-1132mm\/"]}]},{"@type":"ImageObject","inLanguage":"es","@id":"https:\/\/xenonkungen.com\/en\/product\/neoprene-cover-linear-42-1132mm\/#primaryimage","url":"https:\/\/xenonkungen.com\/wp-content\/uploads\/2025\/04\/Linear_impact_cover-4.jpg","contentUrl":"https:\/\/xenonkungen.com\/wp-content\/uploads\/2025\/04\/Linear_impact_cover-4.jpg","width":1000,"height":750},{"@type":"BreadcrumbList","@id":"https:\/\/xenonkungen.com\/en\/product\/neoprene-cover-linear-42-1132mm\/#breadcrumb","itemListElement":[{"@type":"ListItem","position":1,"name":"Hem","item":"https:\/\/xenonkungen.com\/"},{"@type":"ListItem","position":2,"name":"Shop","item":"https:\/\/xenonkungen.com\/shop\/"},{"@type":"ListItem","position":3,"name":"NEOPRENSKYDD LINEAR-42 | 1132MM"}]},{"@type":"WebSite","@id":"https:\/\/xenonkungen.com\/#website","url":"https:\/\/xenonkungen.com\/","name":"Xenonkungen","description":"","potentialAction":[{"@type":"SearchAction","target":{"@type":"EntryPoint","urlTemplate":"https:\/\/xenonkungen.com\/?s={search_term_string}"},"query-input":{"@type":"PropertyValueSpecification","valueRequired":true,"valueName":"search_term_string"}}],"inLanguage":"es"}]}},"taxonomy_info":{"product_brand":[{"value":2793,"label":"\u00d6VRIGT"}],"product_cat":[{"value":2612,"label":"INSTALLATION"},{"value":2828,"label":"Installation LED-ramper"},{"value":2539,"label":"LEDRAMPER"},{"value":2613,"label":"\u00d6vriga Tillbeh\u00f6r"}],"product_tag":[{"value":2735,"label":"Lazer"}]},"featured_image_src_large":["https:\/\/xenonkungen.com\/wp-content\/uploads\/2025\/04\/Linear_impact_cover-4.jpg",1000,750,false],"author_info":[],"comment_info":0,"_links":{"self":[{"href":"https:\/\/xenonkungen.com\/es\/wp-json\/wp\/v2\/product\/6408","targetHints":{"allow":["GET"]}}],"collection":[{"href":"https:\/\/xenonkungen.com\/es\/wp-json\/wp\/v2\/product"}],"about":[{"href":"https:\/\/xenonkungen.com\/es\/wp-json\/wp\/v2\/types\/product"}],"replies":[{"embeddable":true,"href":"https:\/\/xenonkungen.com\/es\/wp-json\/wp\/v2\/comments?post=6408"}],"wp:featuredmedia":[{"embeddable":true,"href":"https:\/\/xenonkungen.com\/es\/wp-json\/wp\/v2\/media\/6409"}],"wp:attachment":[{"href":"https:\/\/xenonkungen.com\/es\/wp-json\/wp\/v2\/media?parent=6408"}],"wp:term":[{"taxonomy":"anvandningsomrade","embeddable":true,"href":"https:\/\/xenonkungen.com\/es\/wp-json\/wp\/v2\/anvandningsomrade?post=6408"},{"taxonomy":"bilmarken","embeddable":true,"href":"https:\/\/xenonkungen.com\/es\/wp-json\/wp\/v2\/bilmarken?post=6408"},{"taxonomy":"product_brand","embeddable":true,"href":"https:\/\/xenonkungen.com\/es\/wp-json\/wp\/v2\/product_brand?post=6408"},{"taxonomy":"product_cat","embeddable":true,"href":"https:\/\/xenonkungen.com\/es\/wp-json\/wp\/v2\/product_cat?post=6408"},{"taxonomy":"product_tag","embeddable":true,"href":"https:\/\/xenonkungen.com\/es\/wp-json\/wp\/v2\/product_tag?post=6408"}],"curies":[{"name":"wp","href":"https:\/\/api.w.org\/{rel}","templated":true}]}}