{"id":6447,"date":"2025-04-15T09:46:38","date_gmt":"2025-04-15T09:46:38","guid":{"rendered":"https:\/\/xenonkungen.com\/product\/lazer-triple-r-1000-elite-extraljusramp-16-410-mm\/"},"modified":"2026-04-24T17:29:32","modified_gmt":"2026-04-24T16:29:32","slug":"rampa-extra-ligera-lazer-triple-r-1000-elite-de-16-410-mm","status":"publish","type":"product","link":"https:\/\/xenonkungen.com\/es\/producto\/rampa-extra-ligera-lazer-triple-r-1000-elite-de-16-410-mm\/","title":{"rendered":"Rampa extra ligera Lazer Triple-R 1000 Elite 16\u2033 (410 mm)"},"content":{"rendered":"<h2>Lazer Triple-R Elite: Cuando solo lo mejor es suficiente<\/h2>\n<p><strong>Desarrollado originalmente para el exigente mundo del rally profesional y el automovilismo.<\/strong>, tiene <strong>Serie Lazer Triple-R<\/strong> Se ha convertido r\u00e1pidamente en un favorito entre los conductores de turismos, camionetas y veh\u00edculos pesados, tanto en carretera como fuera de ella. Combina un rendimiento extremo, un dise\u00f1o robusto y fiabilidad en un paquete que no sacrifica nada.<\/p>\n<h3>Elite: m\u00e1ximo rendimiento, autonom\u00eda inigualable<\/h3>\n<p><strong>Triple-R \u00c9lite<\/strong> Lleva el rendimiento de la iluminaci\u00f3n al siguiente nivel con un brillo a\u00fan mayor y un alcance m\u00e1s amplio que la serie Standard. Con tecnolog\u00eda LED de vanguardia y \u00f3pticas reflectoras avanzadas, obtienes... <strong>Imagen de luz potente con un alcance impresionante y una amplia dispersi\u00f3n<\/strong> \u2013 Perfecto para iluminar todo el camino que tienes delante, incluso en noches muy oscuras.<\/p>\n<h3>Ideal para montaje en tejado<\/h3>\n<p>En <strong>baja propagaci\u00f3n vertical de la luz<\/strong> Hace que la Triple-R sea ideal para montaje en el techo, sin causar reflejos cegadores en el cap\u00f3. Obtendr\u00e1s la m\u00e1xima potencia luminosa sin deslumbramientos molestos: solo una visibilidad frontal despejada.<\/p>\n<h3>Elige tu longitud: desde compacta hasta ancha<\/h3>\n<p>Triple-R Elite con <strong>Impulso el\u00e9ctrico<\/strong> Disponible en seis longitudes desde <strong>230 a 1305 mm<\/strong>Con un perfil delgado de tan solo 73 mm de alto y 105 mm de profundidad, encontrar\u00e1 el modelo perfecto para cualquier veh\u00edculo o superficie de montaje.<\/p>\n<h3>E-Boost \u2013 Iluminaci\u00f3n instant\u00e1nea<\/h3>\n<p>Los modelos <strong>750, 850 y 1000<\/strong> est\u00e1n equipados con <strong>Funci\u00f3n E-boost<\/strong> que proporciona una luz intensa al activarse, perfecta para conducir de noche por caminos de grava, en el bosque o en rallies. Al conducir por v\u00edas p\u00fablicas, puedes cambiar f\u00e1cilmente a... <strong>Ubicaci\u00f3n homologada para circular por carretera y con homologaci\u00f3n electr\u00f3nica<\/strong> \u2013 todav\u00eda con un brillo impresionante.<\/p>\n<h3>Construido para durar: seguridad en cada kil\u00f3metro<\/h3>\n<p>Todos los modelos de la serie Triple-R vienen con <strong>5 a\u00f1os de garant\u00eda de funcionamiento<\/strong>No es solo una inversi\u00f3n en mejores perspectivas, es una inversi\u00f3n en <strong>seguridad, calidad y rendimiento<\/strong> que dura a\u00f1o tras a\u00f1o.<\/p>\n<p><strong>Lazer Triple-R Elite: para aquellos que exigen un rendimiento inigualable, independientemente de la carretera, el clima o el desaf\u00edo.<\/strong><\/p>","protected":false},"excerpt":{"rendered":"<p>Lazer Triple-R Elite \u2013 N\u00e4r bara det b\u00e4sta \u00e4r gott nog Ursprungligen utvecklad f\u00f6r den kompromissl\u00f6sa v\u00e4rlden inom professionell rally- och motorsport, har Lazer Triple-R-serien snabbt blivit en favorit \u00e4ven bland f\u00f6rare av personbilar, pickups och tunga fordon \u2013 b\u00e5de p\u00e5 v\u00e4g och i terr\u00e4ng. H\u00e4r m\u00f6ts extrem prestanda, robust design och p\u00e5litlighet i ett [&hellip;]<\/p>","protected":false},"featured_media":6448,"comment_status":"closed","ping_status":"open","template":"","meta":{"_acf_changed":false,"_smort_price_nok":"8278","_smort_price_dkk":"5259","_smort_price_eur":"704.51","_smort_sale_price_nok":"","_smort_sale_price_dkk":"","_smort_sale_price_eur":"","smort_restorder":"","shipmondo_restorder":"","_kad_blocks_custom_css":"","_kad_blocks_head_custom_js":"","_kad_blocks_body_custom_js":"","_kad_blocks_footer_custom_js":"","smort_custom_pricelist_1":"4960","smort_custom_pricelist_2":"4960","smort_custom_pricelist_3":"4960","smort_custom_pricelist_4":"6200","smort_custom_pricelist_5":"4960"},"anvandningsomrade":[],"bilmarken":[],"product_brand":[1124],"product_cat":[2561,2966,2539],"product_tag":[2735],"class_list":{"0":"post-6447","1":"product","2":"type-product","3":"status-publish","4":"has-post-thumbnail","6":"product_brand-lazer","7":"product_cat-lazer","8":"product_cat-ledramp-rak","9":"product_cat-ledramper","10":"product_tag-lazer","11":"pa_fargtemperatur-5000k","12":"pa_fuktskydd-varde-ipxx-ip67","13":"pa_godkannande-e-godkand-ece-r112","14":"pa_lampsockel-kontakt-superseal","15":"pa_led-chips-effekt-w-681","16":"pa_storlek-mm-410x73x105","17":"pa_stromforbrukning-72a144v","18":"pa_volt-v-multivolt-10-12-16-18-24-28-30-32","20":"first","21":"onbackorder","22":"taxable","23":"shipping-taxable","24":"purchasable","25":"product-type-simple"},"bundled_by":[],"bundle_stock_status":"onbackorder","bundle_stock_quantity":0,"bundle_virtual":false,"bundle_layout":"","bundle_add_to_cart_form_location":"","bundle_editable_in_cart":false,"bundle_sold_individually_context":"","bundle_item_grouping":"","bundle_min_size":"","bundle_max_size":"","bundle_price":[],"bundled_items":[],"bundle_sell_ids":[],"acf":[],"yoast_head":"<!-- This site is optimized with the Yoast SEO plugin v27.0 - https:\/\/yoast.com\/product\/yoast-seo-wordpress\/ -->\n<title>Lazer Triple-R 1000 Elite extraljusramp 16&quot; (410 mm) - Xenonkungen<\/title>\n<meta name=\"robots\" content=\"index, follow, max-snippet:-1, max-image-preview:large, max-video-preview:-1\" \/>\n<link rel=\"canonical\" href=\"https:\/\/xenonkungen.com\/es\/producto\/rampa-extra-ligera-lazer-triple-r-1000-elite-de-16-410-mm\/\" \/>\n<meta property=\"og:locale\" content=\"es_ES\" \/>\n<meta property=\"og:type\" content=\"article\" \/>\n<meta property=\"og:title\" content=\"Lazer Triple-R 1000 Elite extraljusramp 16&quot; (410 mm) - Xenonkungen\" \/>\n<meta property=\"og:description\" content=\"Lazer Triple-R Elite \u2013 N\u00e4r bara det b\u00e4sta \u00e4r gott nog Ursprungligen utvecklad f\u00f6r den kompromissl\u00f6sa v\u00e4rlden inom professionell rally- och motorsport, har Lazer Triple-R-serien snabbt blivit en favorit \u00e4ven bland f\u00f6rare av personbilar, pickups och tunga fordon \u2013 b\u00e5de p\u00e5 v\u00e4g och i terr\u00e4ng. H\u00e4r m\u00f6ts extrem prestanda, robust design och p\u00e5litlighet i ett [&hellip;]\" \/>\n<meta property=\"og:url\" content=\"https:\/\/xenonkungen.com\/es\/producto\/rampa-extra-ligera-lazer-triple-r-1000-elite-de-16-410-mm\/\" \/>\n<meta property=\"og:site_name\" content=\"Xenonkungen\" \/>\n<meta property=\"article:modified_time\" content=\"2026-04-24T16:29:32+00:00\" \/>\n<meta property=\"og:image\" content=\"https:\/\/xenonkungen.com\/wp-content\/uploads\/2025\/04\/triple-r_1000_elite_gen2_-_angled_-_web.jpg\" \/>\n\t<meta property=\"og:image:width\" content=\"1000\" \/>\n\t<meta property=\"og:image:height\" content=\"750\" \/>\n\t<meta property=\"og:image:type\" content=\"image\/jpeg\" \/>\n<meta name=\"twitter:card\" content=\"summary_large_image\" \/>\n<meta name=\"twitter:label1\" content=\"Tiempo de lectura\" \/>\n\t<meta name=\"twitter:data1\" content=\"2 minutos\" \/>\n<script type=\"application\/ld+json\" class=\"yoast-schema-graph\">{\"@context\":\"https:\/\/schema.org\",\"@graph\":[{\"@type\":\"WebPage\",\"@id\":\"https:\/\/xenonkungen.com\/es\/producto\/rampa-extra-ligera-lazer-triple-r-1000-elite-de-16-410-mm\/\",\"url\":\"https:\/\/xenonkungen.com\/es\/producto\/rampa-extra-ligera-lazer-triple-r-1000-elite-de-16-410-mm\/\",\"name\":\"Lazer Triple-R 1000 Elite extraljusramp 16\\\" (410 mm) - Xenonkungen\",\"isPartOf\":{\"@id\":\"https:\/\/xenonkungen.com\/#website\"},\"primaryImageOfPage\":{\"@id\":\"https:\/\/xenonkungen.com\/es\/producto\/rampa-extra-ligera-lazer-triple-r-1000-elite-de-16-410-mm\/#primaryimage\"},\"image\":{\"@id\":\"https:\/\/xenonkungen.com\/es\/producto\/rampa-extra-ligera-lazer-triple-r-1000-elite-de-16-410-mm\/#primaryimage\"},\"thumbnailUrl\":\"https:\/\/xenonkungen.com\/wp-content\/uploads\/2025\/04\/triple-r_1000_elite_gen2_-_angled_-_web.jpg\",\"datePublished\":\"2025-04-15T09:46:38+00:00\",\"dateModified\":\"2026-04-24T16:29:32+00:00\",\"breadcrumb\":{\"@id\":\"https:\/\/xenonkungen.com\/es\/producto\/rampa-extra-ligera-lazer-triple-r-1000-elite-de-16-410-mm\/#breadcrumb\"},\"inLanguage\":\"es\",\"potentialAction\":[{\"@type\":\"ReadAction\",\"target\":[\"https:\/\/xenonkungen.com\/es\/producto\/rampa-extra-ligera-lazer-triple-r-1000-elite-de-16-410-mm\/\"]}]},{\"@type\":\"ImageObject\",\"inLanguage\":\"es\",\"@id\":\"https:\/\/xenonkungen.com\/es\/producto\/rampa-extra-ligera-lazer-triple-r-1000-elite-de-16-410-mm\/#primaryimage\",\"url\":\"https:\/\/xenonkungen.com\/wp-content\/uploads\/2025\/04\/triple-r_1000_elite_gen2_-_angled_-_web.jpg\",\"contentUrl\":\"https:\/\/xenonkungen.com\/wp-content\/uploads\/2025\/04\/triple-r_1000_elite_gen2_-_angled_-_web.jpg\",\"width\":1000,\"height\":750},{\"@type\":\"BreadcrumbList\",\"@id\":\"https:\/\/xenonkungen.com\/es\/producto\/rampa-extra-ligera-lazer-triple-r-1000-elite-de-16-410-mm\/#breadcrumb\",\"itemListElement\":[{\"@type\":\"ListItem\",\"position\":1,\"name\":\"Hem\",\"item\":\"https:\/\/xenonkungen.com\/\"},{\"@type\":\"ListItem\",\"position\":2,\"name\":\"Shop\",\"item\":\"https:\/\/xenonkungen.com\/shop\/\"},{\"@type\":\"ListItem\",\"position\":3,\"name\":\"Lazer Triple-R 1000 Elite extraljusramp 16&#8243; (410 mm)\"}]},{\"@type\":\"WebSite\",\"@id\":\"https:\/\/xenonkungen.com\/#website\",\"url\":\"https:\/\/xenonkungen.com\/\",\"name\":\"Xenonkungen\",\"description\":\"\",\"potentialAction\":[{\"@type\":\"SearchAction\",\"target\":{\"@type\":\"EntryPoint\",\"urlTemplate\":\"https:\/\/xenonkungen.com\/?s={search_term_string}\"},\"query-input\":{\"@type\":\"PropertyValueSpecification\",\"valueRequired\":true,\"valueName\":\"search_term_string\"}}],\"inLanguage\":\"es\"}]}<\/script>\n<!-- \/ Yoast SEO plugin. -->","yoast_head_json":{"title":"Barra de luz adicional Lazer Triple-R 1000 Elite de 410 mm (16&quot;) - El rey del xen\u00f3n","robots":{"index":"index","follow":"follow","max-snippet":"max-snippet:-1","max-image-preview":"max-image-preview:large","max-video-preview":"max-video-preview:-1"},"canonical":"https:\/\/xenonkungen.com\/es\/producto\/rampa-extra-ligera-lazer-triple-r-1000-elite-de-16-410-mm\/","og_locale":"es_ES","og_type":"article","og_title":"Lazer Triple-R 1000 Elite extraljusramp 16\" (410 mm) - Xenonkungen","og_description":"Lazer Triple-R Elite \u2013 N\u00e4r bara det b\u00e4sta \u00e4r gott nog Ursprungligen utvecklad f\u00f6r den kompromissl\u00f6sa v\u00e4rlden inom professionell rally- och motorsport, har Lazer Triple-R-serien snabbt blivit en favorit \u00e4ven bland f\u00f6rare av personbilar, pickups och tunga fordon \u2013 b\u00e5de p\u00e5 v\u00e4g och i terr\u00e4ng. H\u00e4r m\u00f6ts extrem prestanda, robust design och p\u00e5litlighet i ett [&hellip;]","og_url":"https:\/\/xenonkungen.com\/es\/producto\/rampa-extra-ligera-lazer-triple-r-1000-elite-de-16-410-mm\/","og_site_name":"Xenonkungen","article_modified_time":"2026-04-24T16:29:32+00:00","og_image":[{"width":1000,"height":750,"url":"https:\/\/xenonkungen.com\/wp-content\/uploads\/2025\/04\/triple-r_1000_elite_gen2_-_angled_-_web.jpg","type":"image\/jpeg"}],"twitter_card":"summary_large_image","twitter_misc":{"Tiempo de lectura":"2 minutos"},"schema":{"@context":"https:\/\/schema.org","@graph":[{"@type":"WebPage","@id":"https:\/\/xenonkungen.com\/es\/producto\/rampa-extra-ligera-lazer-triple-r-1000-elite-de-16-410-mm\/","url":"https:\/\/xenonkungen.com\/es\/producto\/rampa-extra-ligera-lazer-triple-r-1000-elite-de-16-410-mm\/","name":"Barra de luz adicional Lazer Triple-R 1000 Elite de 410 mm (16&quot;) - El rey del xen\u00f3n","isPartOf":{"@id":"https:\/\/xenonkungen.com\/#website"},"primaryImageOfPage":{"@id":"https:\/\/xenonkungen.com\/es\/producto\/rampa-extra-ligera-lazer-triple-r-1000-elite-de-16-410-mm\/#primaryimage"},"image":{"@id":"https:\/\/xenonkungen.com\/es\/producto\/rampa-extra-ligera-lazer-triple-r-1000-elite-de-16-410-mm\/#primaryimage"},"thumbnailUrl":"https:\/\/xenonkungen.com\/wp-content\/uploads\/2025\/04\/triple-r_1000_elite_gen2_-_angled_-_web.jpg","datePublished":"2025-04-15T09:46:38+00:00","dateModified":"2026-04-24T16:29:32+00:00","breadcrumb":{"@id":"https:\/\/xenonkungen.com\/es\/producto\/rampa-extra-ligera-lazer-triple-r-1000-elite-de-16-410-mm\/#breadcrumb"},"inLanguage":"es","potentialAction":[{"@type":"ReadAction","target":["https:\/\/xenonkungen.com\/es\/producto\/rampa-extra-ligera-lazer-triple-r-1000-elite-de-16-410-mm\/"]}]},{"@type":"ImageObject","inLanguage":"es","@id":"https:\/\/xenonkungen.com\/es\/producto\/rampa-extra-ligera-lazer-triple-r-1000-elite-de-16-410-mm\/#primaryimage","url":"https:\/\/xenonkungen.com\/wp-content\/uploads\/2025\/04\/triple-r_1000_elite_gen2_-_angled_-_web.jpg","contentUrl":"https:\/\/xenonkungen.com\/wp-content\/uploads\/2025\/04\/triple-r_1000_elite_gen2_-_angled_-_web.jpg","width":1000,"height":750},{"@type":"BreadcrumbList","@id":"https:\/\/xenonkungen.com\/es\/producto\/rampa-extra-ligera-lazer-triple-r-1000-elite-de-16-410-mm\/#breadcrumb","itemListElement":[{"@type":"ListItem","position":1,"name":"Hem","item":"https:\/\/xenonkungen.com\/"},{"@type":"ListItem","position":2,"name":"Shop","item":"https:\/\/xenonkungen.com\/shop\/"},{"@type":"ListItem","position":3,"name":"Lazer Triple-R 1000 Elite extraljusramp 16&#8243; (410 mm)"}]},{"@type":"WebSite","@id":"https:\/\/xenonkungen.com\/#website","url":"https:\/\/xenonkungen.com\/","name":"Xenonkungen","description":"","potentialAction":[{"@type":"SearchAction","target":{"@type":"EntryPoint","urlTemplate":"https:\/\/xenonkungen.com\/?s={search_term_string}"},"query-input":{"@type":"PropertyValueSpecification","valueRequired":true,"valueName":"search_term_string"}}],"inLanguage":"es"}]}},"taxonomy_info":{"product_brand":[{"value":1124,"label":"Lazer"}],"product_cat":[{"value":2561,"label":"Lazer"},{"value":2966,"label":"Ledramp Rak"},{"value":2539,"label":"LEDRAMPER"}],"product_tag":[{"value":2735,"label":"Lazer"}],"pa_fargtemperatur":[{"value":154,"label":"5000K"}],"pa_fuktskydd-varde-ipxx":[{"value":333,"label":"IP67"}],"pa_godkannande":[{"value":1709,"label":"E-godk\u00e4nd, ECE, R112"}],"pa_lampsockel-kontakt":[{"value":1122,"label":"Superseal"}],"pa_led-chips-effekt-w":[{"value":681,"label":"90"}],"pa_storlek-mm":[{"value":1348,"label":"410x73x105"}],"pa_stromforbrukning":[{"value":1617,"label":"7,2A@14,4V"}],"pa_volt-v":[{"value":1084,"label":"Multivolt, 10, 12, 16, 18, 24, 28, 30, 32"}]},"featured_image_src_large":["https:\/\/xenonkungen.com\/wp-content\/uploads\/2025\/04\/triple-r_1000_elite_gen2_-_angled_-_web.jpg",1000,750,false],"author_info":[],"comment_info":0,"_links":{"self":[{"href":"https:\/\/xenonkungen.com\/es\/wp-json\/wp\/v2\/product\/6447","targetHints":{"allow":["GET"]}}],"collection":[{"href":"https:\/\/xenonkungen.com\/es\/wp-json\/wp\/v2\/product"}],"about":[{"href":"https:\/\/xenonkungen.com\/es\/wp-json\/wp\/v2\/types\/product"}],"replies":[{"embeddable":true,"href":"https:\/\/xenonkungen.com\/es\/wp-json\/wp\/v2\/comments?post=6447"}],"wp:featuredmedia":[{"embeddable":true,"href":"https:\/\/xenonkungen.com\/es\/wp-json\/wp\/v2\/media\/6448"}],"wp:attachment":[{"href":"https:\/\/xenonkungen.com\/es\/wp-json\/wp\/v2\/media?parent=6447"}],"wp:term":[{"taxonomy":"anvandningsomrade","embeddable":true,"href":"https:\/\/xenonkungen.com\/es\/wp-json\/wp\/v2\/anvandningsomrade?post=6447"},{"taxonomy":"bilmarken","embeddable":true,"href":"https:\/\/xenonkungen.com\/es\/wp-json\/wp\/v2\/bilmarken?post=6447"},{"taxonomy":"product_brand","embeddable":true,"href":"https:\/\/xenonkungen.com\/es\/wp-json\/wp\/v2\/product_brand?post=6447"},{"taxonomy":"product_cat","embeddable":true,"href":"https:\/\/xenonkungen.com\/es\/wp-json\/wp\/v2\/product_cat?post=6447"},{"taxonomy":"product_tag","embeddable":true,"href":"https:\/\/xenonkungen.com\/es\/wp-json\/wp\/v2\/product_tag?post=6447"}],"curies":[{"name":"wp","href":"https:\/\/api.w.org\/{rel}","templated":true}]}}