{"id":6472,"date":"2025-04-15T09:46:38","date_gmt":"2025-04-15T09:46:38","guid":{"rendered":"https:\/\/xenonkungen.com\/product\/lazer-triple-r-16-elite-extraljusramp-30-765-mm\/"},"modified":"2026-04-24T17:29:37","modified_gmt":"2026-04-24T16:29:37","slug":"rampa-extra-ligera-lazer-triple-r-16-elite-de-30-765-mm","status":"publish","type":"product","link":"https:\/\/xenonkungen.com\/es\/producto\/rampa-extra-ligera-lazer-triple-r-16-elite-de-30-765-mm\/","title":{"rendered":"Rampa extra ligera Lazer Triple-R 16 Elite 30\u2033 (765 mm)"},"content":{"rendered":"<h1>Serie Lazer Triple-R - Para una iluminaci\u00f3n superior<\/h1>\n<p>Creada originalmente para las exigentes necesidades de los rallyes y los deportes de motor, la serie Triple-R de Lazer ha evolucionado hasta convertirse en una de las favoritas del mercado, tanto para turismos como para camiones pesados, dentro y fuera de la carretera. La serie Triple-R Elite ofrece una luminosidad a\u00fan mayor y un mayor alcance que la serie est\u00e1ndar.<\/p>\n<p>Con la \u00faltima tecnolog\u00eda LED y una \u00f3ptica optimizada, la serie Triple-R ofrece una iluminaci\u00f3n impresionante a largas distancias, y la serie Elite cuenta con una distribuci\u00f3n eficaz de la luz, incluso a lo ancho, para iluminar todo hacia delante. Las luces son adecuadas para el montaje en el techo gracias a su dispersi\u00f3n luminosa relativamente baja hacia arriba y hacia abajo, al tiempo que evitan el deslumbramiento del cap\u00f3 del veh\u00edculo.<\/p>\n<p>La Triple-R Elite con E-boost est\u00e1 disponible en seis longitudes diferentes entre 230 y 1305 mm, con una altura de 73 mm y una profundidad de 105 mm. Las rampas m\u00e1s cortas -Triple-R Elite 750, 850 y 1000- est\u00e1n equipadas con E-boost, lo que le proporciona una verdadera funci\u00f3n de luz de carretera cuando est\u00e1 activada. Cuando circule por v\u00edas p\u00fablicas, podr\u00e1 cambiar f\u00e1cilmente a un modo autorizado y legal sin dejar de obtener una luminosidad impresionante.<\/p>\n<p>Con una garant\u00eda de rendimiento de 5 a\u00f1os, puede confiar en que la serie Lazer Triple-R le proporcionar\u00e1 una iluminaci\u00f3n fiable y superior para sus necesidades. \u00a1Actualice su iluminaci\u00f3n con Lazer hoy mismo!<\/p>","protected":false},"excerpt":{"rendered":"<p>Lazer Triple-R-serien &#8211; F\u00f6r \u00f6verl\u00e4gsen belysning Ursprungligen skapad f\u00f6r kr\u00e4vande rally- och motorsportbehov, har Lazer&#8217;s Triple-R-serie utvecklats till en favorit p\u00e5 marknaden f\u00f6r b\u00e5de personbilar och tunga lastbilar, b\u00e5de p\u00e5 och utanf\u00f6r v\u00e4gen. Triple-R Elite-serien erbjuder \u00e4nnu h\u00f6gre ljusstyrka och l\u00e4ngre r\u00e4ckvidd \u00e4n standardserien. Med den senaste LED-tekniken och optimerad optik levererar Triple-R-serien imponerande belysning [&hellip;]<\/p>","protected":false},"featured_media":6473,"comment_status":"closed","ping_status":"open","template":"","meta":{"_acf_changed":false,"_smort_price_nok":"13298","_smort_price_dkk":"8448","_smort_price_eur":"1131.77","_smort_sale_price_nok":"","_smort_sale_price_dkk":"","_smort_sale_price_eur":"","smort_restorder":"","shipmondo_restorder":"","_kad_blocks_custom_css":"","_kad_blocks_head_custom_js":"","_kad_blocks_body_custom_js":"","_kad_blocks_footer_custom_js":"","smort_custom_pricelist_1":"7968","smort_custom_pricelist_2":"7968","smort_custom_pricelist_3":"7968","smort_custom_pricelist_4":"9960","smort_custom_pricelist_5":"7968"},"anvandningsomrade":[],"bilmarken":[],"product_brand":[1124],"product_cat":[2561,2966,2539],"product_tag":[2735],"class_list":{"0":"post-6472","1":"product","2":"type-product","3":"status-publish","4":"has-post-thumbnail","6":"product_brand-lazer","7":"product_cat-lazer","8":"product_cat-ledramp-rak","9":"product_cat-ledramper","10":"product_tag-lazer","11":"pa_fargtemperatur-5000k","12":"pa_fuktskydd-varde-ipxx-ip67","13":"pa_lampsockel-kontakt-superseal","14":"pa_led-chips-effekt-w-1760","15":"pa_storlek-mm-765x73x105","16":"pa_stromforbrukning-144a144v","17":"pa_volt-v-multivolt-10-12-16-18-24-28-30-32","19":"first","20":"onbackorder","21":"taxable","22":"shipping-taxable","23":"purchasable","24":"product-type-simple"},"bundled_by":[],"bundle_stock_status":"onbackorder","bundle_stock_quantity":0,"bundle_virtual":false,"bundle_layout":"","bundle_add_to_cart_form_location":"","bundle_editable_in_cart":false,"bundle_sold_individually_context":"","bundle_item_grouping":"","bundle_min_size":"","bundle_max_size":"","bundle_price":[],"bundled_items":[],"bundle_sell_ids":[],"acf":[],"yoast_head":"<!-- This site is optimized with the Yoast SEO plugin v27.0 - https:\/\/yoast.com\/product\/yoast-seo-wordpress\/ -->\n<title>Lazer Triple-R 16 Elite extraljusramp 30&quot; (765 mm) - Xenonkungen<\/title>\n<meta name=\"robots\" content=\"index, follow, max-snippet:-1, max-image-preview:large, max-video-preview:-1\" \/>\n<link rel=\"canonical\" href=\"https:\/\/xenonkungen.com\/es\/producto\/rampa-extra-ligera-lazer-triple-r-16-elite-de-30-765-mm\/\" \/>\n<meta property=\"og:locale\" content=\"es_ES\" \/>\n<meta property=\"og:type\" content=\"article\" \/>\n<meta property=\"og:title\" content=\"Lazer Triple-R 16 Elite extraljusramp 30&quot; (765 mm) - Xenonkungen\" \/>\n<meta property=\"og:description\" content=\"Lazer Triple-R-serien &#8211; F\u00f6r \u00f6verl\u00e4gsen belysning Ursprungligen skapad f\u00f6r kr\u00e4vande rally- och motorsportbehov, har Lazer&#8217;s Triple-R-serie utvecklats till en favorit p\u00e5 marknaden f\u00f6r b\u00e5de personbilar och tunga lastbilar, b\u00e5de p\u00e5 och utanf\u00f6r v\u00e4gen. Triple-R Elite-serien erbjuder \u00e4nnu h\u00f6gre ljusstyrka och l\u00e4ngre r\u00e4ckvidd \u00e4n standardserien. Med den senaste LED-tekniken och optimerad optik levererar Triple-R-serien imponerande belysning [&hellip;]\" \/>\n<meta property=\"og:url\" content=\"https:\/\/xenonkungen.com\/es\/producto\/rampa-extra-ligera-lazer-triple-r-16-elite-de-30-765-mm\/\" \/>\n<meta property=\"og:site_name\" content=\"Xenonkungen\" \/>\n<meta property=\"article:modified_time\" content=\"2026-04-24T16:29:37+00:00\" \/>\n<meta property=\"og:image\" content=\"https:\/\/xenonkungen.com\/wp-content\/uploads\/2025\/04\/189055199-origpic-2efd4a.jpg\" \/>\n\t<meta property=\"og:image:width\" content=\"1000\" \/>\n\t<meta property=\"og:image:height\" content=\"750\" \/>\n\t<meta property=\"og:image:type\" content=\"image\/jpeg\" \/>\n<meta name=\"twitter:card\" content=\"summary_large_image\" \/>\n<meta name=\"twitter:label1\" content=\"Tiempo de lectura\" \/>\n\t<meta name=\"twitter:data1\" content=\"1 minuto\" \/>\n<script type=\"application\/ld+json\" class=\"yoast-schema-graph\">{\"@context\":\"https:\/\/schema.org\",\"@graph\":[{\"@type\":\"WebPage\",\"@id\":\"https:\/\/xenonkungen.com\/produkt\/lazer-triple-r-16-elite-extraljusramp-30-765-mm\/\",\"url\":\"https:\/\/xenonkungen.com\/produkt\/lazer-triple-r-16-elite-extraljusramp-30-765-mm\/\",\"name\":\"Lazer Triple-R 16 Elite extraljusramp 30\\\" (765 mm) - Xenonkungen\",\"isPartOf\":{\"@id\":\"https:\/\/xenonkungen.com\/#website\"},\"primaryImageOfPage\":{\"@id\":\"https:\/\/xenonkungen.com\/produkt\/lazer-triple-r-16-elite-extraljusramp-30-765-mm\/#primaryimage\"},\"image\":{\"@id\":\"https:\/\/xenonkungen.com\/produkt\/lazer-triple-r-16-elite-extraljusramp-30-765-mm\/#primaryimage\"},\"thumbnailUrl\":\"https:\/\/xenonkungen.com\/wp-content\/uploads\/2025\/04\/189055199-origpic-2efd4a.jpg\",\"datePublished\":\"2025-04-15T09:46:38+00:00\",\"dateModified\":\"2026-04-24T16:29:37+00:00\",\"breadcrumb\":{\"@id\":\"https:\/\/xenonkungen.com\/produkt\/lazer-triple-r-16-elite-extraljusramp-30-765-mm\/#breadcrumb\"},\"inLanguage\":\"es\",\"potentialAction\":[{\"@type\":\"ReadAction\",\"target\":[\"https:\/\/xenonkungen.com\/produkt\/lazer-triple-r-16-elite-extraljusramp-30-765-mm\/\"]}]},{\"@type\":\"ImageObject\",\"inLanguage\":\"es\",\"@id\":\"https:\/\/xenonkungen.com\/produkt\/lazer-triple-r-16-elite-extraljusramp-30-765-mm\/#primaryimage\",\"url\":\"https:\/\/xenonkungen.com\/wp-content\/uploads\/2025\/04\/189055199-origpic-2efd4a.jpg\",\"contentUrl\":\"https:\/\/xenonkungen.com\/wp-content\/uploads\/2025\/04\/189055199-origpic-2efd4a.jpg\",\"width\":1000,\"height\":750},{\"@type\":\"BreadcrumbList\",\"@id\":\"https:\/\/xenonkungen.com\/produkt\/lazer-triple-r-16-elite-extraljusramp-30-765-mm\/#breadcrumb\",\"itemListElement\":[{\"@type\":\"ListItem\",\"position\":1,\"name\":\"Hem\",\"item\":\"https:\/\/xenonkungen.com\/\"},{\"@type\":\"ListItem\",\"position\":2,\"name\":\"Shop\",\"item\":\"https:\/\/xenonkungen.com\/shop\/\"},{\"@type\":\"ListItem\",\"position\":3,\"name\":\"Lazer Triple-R 16 Elite extraljusramp 30&#8243; (765 mm)\"}]},{\"@type\":\"WebSite\",\"@id\":\"https:\/\/xenonkungen.com\/#website\",\"url\":\"https:\/\/xenonkungen.com\/\",\"name\":\"Xenonkungen\",\"description\":\"\",\"potentialAction\":[{\"@type\":\"SearchAction\",\"target\":{\"@type\":\"EntryPoint\",\"urlTemplate\":\"https:\/\/xenonkungen.com\/?s={search_term_string}\"},\"query-input\":{\"@type\":\"PropertyValueSpecification\",\"valueRequired\":true,\"valueName\":\"search_term_string\"}}],\"inLanguage\":\"es\"}]}<\/script>\n<!-- \/ Yoast SEO plugin. -->","yoast_head_json":{"title":"Barra de luz adicional Lazer Triple-R 16 Elite de 30&quot; (765 mm): el rey del xen\u00f3n","robots":{"index":"index","follow":"follow","max-snippet":"max-snippet:-1","max-image-preview":"max-image-preview:large","max-video-preview":"max-video-preview:-1"},"canonical":"https:\/\/xenonkungen.com\/es\/producto\/rampa-extra-ligera-lazer-triple-r-16-elite-de-30-765-mm\/","og_locale":"es_ES","og_type":"article","og_title":"Lazer Triple-R 16 Elite extraljusramp 30\" (765 mm) - Xenonkungen","og_description":"Lazer Triple-R-serien &#8211; F\u00f6r \u00f6verl\u00e4gsen belysning Ursprungligen skapad f\u00f6r kr\u00e4vande rally- och motorsportbehov, har Lazer&#8217;s Triple-R-serie utvecklats till en favorit p\u00e5 marknaden f\u00f6r b\u00e5de personbilar och tunga lastbilar, b\u00e5de p\u00e5 och utanf\u00f6r v\u00e4gen. Triple-R Elite-serien erbjuder \u00e4nnu h\u00f6gre ljusstyrka och l\u00e4ngre r\u00e4ckvidd \u00e4n standardserien. Med den senaste LED-tekniken och optimerad optik levererar Triple-R-serien imponerande belysning [&hellip;]","og_url":"https:\/\/xenonkungen.com\/es\/producto\/rampa-extra-ligera-lazer-triple-r-16-elite-de-30-765-mm\/","og_site_name":"Xenonkungen","article_modified_time":"2026-04-24T16:29:37+00:00","og_image":[{"width":1000,"height":750,"url":"https:\/\/xenonkungen.com\/wp-content\/uploads\/2025\/04\/189055199-origpic-2efd4a.jpg","type":"image\/jpeg"}],"twitter_card":"summary_large_image","twitter_misc":{"Tiempo de lectura":"1 minuto"},"schema":{"@context":"https:\/\/schema.org","@graph":[{"@type":"WebPage","@id":"https:\/\/xenonkungen.com\/produkt\/lazer-triple-r-16-elite-extraljusramp-30-765-mm\/","url":"https:\/\/xenonkungen.com\/produkt\/lazer-triple-r-16-elite-extraljusramp-30-765-mm\/","name":"Barra de luz adicional Lazer Triple-R 16 Elite de 30&quot; (765 mm): el rey del xen\u00f3n","isPartOf":{"@id":"https:\/\/xenonkungen.com\/#website"},"primaryImageOfPage":{"@id":"https:\/\/xenonkungen.com\/produkt\/lazer-triple-r-16-elite-extraljusramp-30-765-mm\/#primaryimage"},"image":{"@id":"https:\/\/xenonkungen.com\/produkt\/lazer-triple-r-16-elite-extraljusramp-30-765-mm\/#primaryimage"},"thumbnailUrl":"https:\/\/xenonkungen.com\/wp-content\/uploads\/2025\/04\/189055199-origpic-2efd4a.jpg","datePublished":"2025-04-15T09:46:38+00:00","dateModified":"2026-04-24T16:29:37+00:00","breadcrumb":{"@id":"https:\/\/xenonkungen.com\/produkt\/lazer-triple-r-16-elite-extraljusramp-30-765-mm\/#breadcrumb"},"inLanguage":"es","potentialAction":[{"@type":"ReadAction","target":["https:\/\/xenonkungen.com\/produkt\/lazer-triple-r-16-elite-extraljusramp-30-765-mm\/"]}]},{"@type":"ImageObject","inLanguage":"es","@id":"https:\/\/xenonkungen.com\/produkt\/lazer-triple-r-16-elite-extraljusramp-30-765-mm\/#primaryimage","url":"https:\/\/xenonkungen.com\/wp-content\/uploads\/2025\/04\/189055199-origpic-2efd4a.jpg","contentUrl":"https:\/\/xenonkungen.com\/wp-content\/uploads\/2025\/04\/189055199-origpic-2efd4a.jpg","width":1000,"height":750},{"@type":"BreadcrumbList","@id":"https:\/\/xenonkungen.com\/produkt\/lazer-triple-r-16-elite-extraljusramp-30-765-mm\/#breadcrumb","itemListElement":[{"@type":"ListItem","position":1,"name":"Hem","item":"https:\/\/xenonkungen.com\/"},{"@type":"ListItem","position":2,"name":"Shop","item":"https:\/\/xenonkungen.com\/shop\/"},{"@type":"ListItem","position":3,"name":"Lazer Triple-R 16 Elite extraljusramp 30&#8243; (765 mm)"}]},{"@type":"WebSite","@id":"https:\/\/xenonkungen.com\/#website","url":"https:\/\/xenonkungen.com\/","name":"Xenonkungen","description":"","potentialAction":[{"@type":"SearchAction","target":{"@type":"EntryPoint","urlTemplate":"https:\/\/xenonkungen.com\/?s={search_term_string}"},"query-input":{"@type":"PropertyValueSpecification","valueRequired":true,"valueName":"search_term_string"}}],"inLanguage":"es"}]}},"taxonomy_info":{"product_brand":[{"value":1124,"label":"Lazer"}],"product_cat":[{"value":2561,"label":"Lazer"},{"value":2966,"label":"Ledramp Rak"},{"value":2539,"label":"LEDRAMPER"}],"product_tag":[{"value":2735,"label":"Lazer"}],"pa_fargtemperatur":[{"value":154,"label":"5000K"}],"pa_fuktskydd-varde-ipxx":[{"value":333,"label":"IP67"}],"pa_lampsockel-kontakt":[{"value":1122,"label":"Superseal"}],"pa_led-chips-effekt-w":[{"value":1760,"label":"208"}],"pa_storlek-mm":[{"value":1759,"label":"765x73x105"}],"pa_stromforbrukning":[{"value":1761,"label":"14,4A@14,4V"}],"pa_volt-v":[{"value":1084,"label":"Multivolt, 10, 12, 16, 18, 24, 28, 30, 32"}]},"featured_image_src_large":["https:\/\/xenonkungen.com\/wp-content\/uploads\/2025\/04\/189055199-origpic-2efd4a.jpg",1000,750,false],"author_info":[],"comment_info":0,"_links":{"self":[{"href":"https:\/\/xenonkungen.com\/es\/wp-json\/wp\/v2\/product\/6472","targetHints":{"allow":["GET"]}}],"collection":[{"href":"https:\/\/xenonkungen.com\/es\/wp-json\/wp\/v2\/product"}],"about":[{"href":"https:\/\/xenonkungen.com\/es\/wp-json\/wp\/v2\/types\/product"}],"replies":[{"embeddable":true,"href":"https:\/\/xenonkungen.com\/es\/wp-json\/wp\/v2\/comments?post=6472"}],"wp:featuredmedia":[{"embeddable":true,"href":"https:\/\/xenonkungen.com\/es\/wp-json\/wp\/v2\/media\/6473"}],"wp:attachment":[{"href":"https:\/\/xenonkungen.com\/es\/wp-json\/wp\/v2\/media?parent=6472"}],"wp:term":[{"taxonomy":"anvandningsomrade","embeddable":true,"href":"https:\/\/xenonkungen.com\/es\/wp-json\/wp\/v2\/anvandningsomrade?post=6472"},{"taxonomy":"bilmarken","embeddable":true,"href":"https:\/\/xenonkungen.com\/es\/wp-json\/wp\/v2\/bilmarken?post=6472"},{"taxonomy":"product_brand","embeddable":true,"href":"https:\/\/xenonkungen.com\/es\/wp-json\/wp\/v2\/product_brand?post=6472"},{"taxonomy":"product_cat","embeddable":true,"href":"https:\/\/xenonkungen.com\/es\/wp-json\/wp\/v2\/product_cat?post=6472"},{"taxonomy":"product_tag","embeddable":true,"href":"https:\/\/xenonkungen.com\/es\/wp-json\/wp\/v2\/product_tag?post=6472"}],"curies":[{"name":"wp","href":"https:\/\/api.w.org\/{rel}","templated":true}]}}